{"id":73297,"date":"2019-09-02T10:13:17","date_gmt":"2019-09-02T08:13:17","guid":{"rendered":"https:\/\/medtest.stagingservers.net\/product\/test-watrobowy\/"},"modified":"2019-12-20T12:39:37","modified_gmt":"2019-12-20T10:39:37","slug":"test-watrobowy","status":"publish","type":"product","link":"https:\/\/medtest.stagingservers.net\/pl\/produkt\/test-watrobowy\/","title":{"rendered":"Test w\u0105trobowy"},"content":{"rendered":"<h2>Test w\u0105trobowy<\/h2>\n<p>Test s\u0142u\u017cy do kontroli st\u0119\u017cenia bilirubiny i urobilinogenu w pr\u00f3bkach moczu jako pomoc w diagnozowaniu problem\u00f3w z w\u0105trob\u0105 i p\u0119cherzykiem \u017c\u00f3\u0142ciowym. Test daje wyniki poprzez wizualne por\u00f3wnanie ze schematem kolor\u00f3w wydrukowanym na opakowaniu.<\/p>\n<h4>Dlaczego nale\u017cy analizowa\u0107 poziom bilirubiny?<\/h4>\n<p>W przypadku podejrzenia choroby w\u0105troby nale\u017cy przeanalizowa\u0107 st\u0119\u017cenie bilirubiny we krwi, podobnie w przypadku podejrzenia choroby dr\u00f3g \u017c\u00f3\u0142ciowych. Poziom bilirubiny jest r\u00f3wnie\u017c sprawdzany pod k\u0105tem podejrzenia zwi\u0119kszonej degradacji krwinek czerwonych we krwi. Klinicznym objawem podwy\u017cszonego poziomu bilirubiny w ciele jest pojawienie si\u0119 \u017c\u00f3\u0142taczki, objawiaj\u0105cej si\u0119 \u017c\u00f3\u0142tawym odcieniem sk\u00f3ry cia\u0142a i bia\u0142ek oczu.<\/p>\n<h4>Zwi\u0119kszona warto\u015b\u0107 bilirubiny \u2014 co to znaczy?<\/h4>\n<p>Zwi\u0119kszona warto\u015b\u0107 mo\u017ce mie\u0107 wiele przyczyn. Cz\u0119sto obserwuje si\u0119 to w zwi\u0105zku z chorobami w\u0105troby, np. z powodu d\u0142ugotrwa\u0142ego spo\u017cywania alkoholu lub infekcji tkanki w\u0105troby (cz\u0119sto <a href=\"https:\/\/medtest.stagingservers.net\/?attachment_id=56002\">wirusowego zapalenia w\u0105troby typu B<\/a> i <a href=\"https:\/\/medtest.stagingservers.net\/product\/hepatit-c\/\">\u015bwinki<\/a>). Bilirubina mo\u017ce r\u00f3wnie\u017c wzrasta\u0107 w przypadku chor\u00f3b, kt\u00f3re powoduj\u0105 niedro\u017cno\u015b\u0107 dr\u00f3g \u017c\u00f3\u0142ciowych, cz\u0119sto powodowan\u0105 przez kamienie \u017c\u00f3\u0142ciowe lub guzy. Niekt\u00f3re rodzaje dziedzicznego niedoboru enzym\u00f3w mog\u0105 r\u00f3wnie\u017c powodowa\u0107 wzrost st\u0119\u017cenia bilirubiny. Podobnie podwy\u017cszone poziomy bilirubiny s\u0105 cz\u0119sto obserwowane u os\u00f3b powa\u017cnie chorych z r\u00f3\u017cnych przyczyn, kt\u00f3re nie musz\u0105 bezpo\u015brednio dotyczy\u0107 w\u0105troby, na przyk\u0142ad w chorobach nowotworowych, ci\u0119\u017ckich infekcjach i ci\u0119\u017ckiej niewydolno\u015bci serca.<\/p>\n<p>Podwy\u017cszona warto\u015b\u0107 bilirubiny mo\u017ce r\u00f3wnie\u017c wyst\u0105pi\u0107 podczas hemolizy. Oznacza to, \u017ce czerwone krwinki rozpadaj\u0105 si\u0119 szybciej ni\u017c zwykle. Wiele r\u00f3\u017cnych lek\u00f3w, np. estrogeny, androgenne sterydy anaboliczne, niekt\u00f3re leki przeciwnadci\u015bnieniowe i antybiotyki, leki przeciwpadaczkowe, przeciwdepresyjne i przeciwb\u00f3lowe, mog\u0105 czasami wp\u0142ywa\u0107 na w\u0105trob\u0119 i powodowa\u0107 wzrost poziomu bilirubiny we krwi.<\/p>\n<h4>Oto jak dzia\u0142a auto-test<\/h4>\n<ol>\n<li>Otw\u00f3rz opakowanie foliowe i wyjmij pasek testowy.<\/li>\n<li>Oddaj mocz do kubka\/zlewki i zanurz pasek testowy.<\/li>\n<li>Odczyt mo\u017cna wykona\u0107 po oko\u0142o 1 minucie. Odczyt wynik\u00f3w polega na por\u00f3wnaniu kolor\u00f3w reakcji na pasku z kolorami na schemacie. Podczas por\u00f3wnania, utrzymuj pasek w pozycji poziomej, aby unikn\u0105\u0107 mo\u017cliwego mieszania kolor\u00f3w mi\u0119dzy dwoma obszarami reakcji na pasku<\/li>\n<\/ol>\n<p><img loading=\"lazy\" decoding=\"async\" class=\"alignnone wp-image-54850\" src=\"https:\/\/medtest.stagingservers.net\/wp-content\/uploads\/2019\/03\/Lever-resultat.png\" alt=\"\" width=\"825\" height=\"172\" srcset=\"https:\/\/medtest.stagingservers.net\/wp-content\/uploads\/2019\/03\/Lever-resultat.png 1086w, https:\/\/medtest.stagingservers.net\/wp-content\/uploads\/2019\/03\/Lever-resultat-600x125.png 600w, https:\/\/medtest.stagingservers.net\/wp-content\/uploads\/2019\/03\/Lever-resultat-200x42.png 200w, https:\/\/medtest.stagingservers.net\/wp-content\/uploads\/2019\/03\/Lever-resultat-720x150.png 720w, https:\/\/medtest.stagingservers.net\/wp-content\/uploads\/2019\/03\/Lever-resultat-768x160.png 768w, https:\/\/medtest.stagingservers.net\/wp-content\/uploads\/2019\/03\/Lever-resultat-1024x213.png 1024w, https:\/\/medtest.stagingservers.net\/wp-content\/uploads\/2019\/03\/Lever-resultat-416x87.png 416w, https:\/\/medtest.stagingservers.net\/wp-content\/uploads\/2019\/03\/Lever-resultat-300x62.png 300w\" sizes=\"auto, (max-width: 825px) 100vw, 825px\" \/><\/p>\n","protected":false},"excerpt":{"rendered":"<p>Sprawd\u017a czynno\u015b\u0107 Twojej w\u0105troby (2 paski testowe). Test mierzy st\u0119\u017cenie bilirubiny i urobilinogenu w pr\u00f3bkach moczu jako pomoc w diagnozowaniu problem\u00f3w z w\u0105trob\u0105 i p\u0119cherzykiem \u017c\u00f3\u0142ciowym<\/p>\n","protected":false},"featured_media":73864,"comment_status":"closed","ping_status":"closed","template":"","meta":{"_acf_changed":false,"footnotes":""},"product_brand":[],"product_cat":[985],"product_tag":[],"class_list":{"0":"post-73297","1":"product","2":"type-product","3":"status-publish","4":"has-post-thumbnail","6":"product_cat-funkcjonowanie-watroby","8":"first","9":"instock","10":"taxable","11":"shipping-taxable","12":"purchasable","13":"product-type-simple"},"acf":[],"yoast_head":"<title>Test w\u0105trobowy - Medtest.shop<\/title>\n<meta name=\"description\" content=\"Test w\u0105trobowy - Medtest.shop\" \/>\n<meta name=\"robots\" content=\"noindex, follow, max-snippet:-1, max-image-preview:large, max-video-preview:-1\" \/>\n<meta property=\"og:locale\" content=\"pl_PL\" \/>\n<meta property=\"og:type\" content=\"article\" \/>\n<meta property=\"og:title\" content=\"Test w\u0105trobowy - Medtest.shop\" \/>\n<meta property=\"og:description\" content=\"Test w\u0105trobowy - Medtest.shop\" \/>\n<meta property=\"og:url\" content=\"https:\/\/medtest.stagingservers.net\/pl\/produkt\/test-watrobowy\/\" \/>\n<meta property=\"og:site_name\" content=\"Medtest.shop\" \/>\n<meta property=\"article:publisher\" content=\"https:\/\/www.facebook.com\/Medtest-1440779469392476\/\" \/>\n<meta property=\"article:modified_time\" content=\"2019-12-20T10:39:37+00:00\" \/>\n<meta property=\"og:image\" content=\"https:\/\/medtest.stagingservers.net\/wp-content\/uploads\/2019\/09\/Liver.jpg\" \/>\n\t<meta property=\"og:image:width\" content=\"2362\" \/>\n\t<meta property=\"og:image:height\" content=\"2362\" \/>\n\t<meta property=\"og:image:type\" content=\"image\/jpeg\" \/>\n<meta name=\"twitter:card\" content=\"summary_large_image\" \/>\n<script type=\"application\/ld+json\" class=\"yoast-schema-graph\">{\"@context\":\"https:\\\/\\\/schema.org\",\"@graph\":[{\"@type\":\"WebPage\",\"@id\":\"https:\\\/\\\/medtest.stagingservers.net\\\/pl\\\/produkt\\\/test-watrobowy\\\/\",\"url\":\"https:\\\/\\\/medtest.stagingservers.net\\\/pl\\\/produkt\\\/test-watrobowy\\\/\",\"name\":\"Test w\u0105trobowy - Medtest.shop\",\"isPartOf\":{\"@id\":\"https:\\\/\\\/medtest.stagingservers.net\\\/pl\\\/#website\"},\"primaryImageOfPage\":{\"@id\":\"https:\\\/\\\/medtest.stagingservers.net\\\/pl\\\/produkt\\\/test-watrobowy\\\/#primaryimage\"},\"image\":{\"@id\":\"https:\\\/\\\/medtest.stagingservers.net\\\/pl\\\/produkt\\\/test-watrobowy\\\/#primaryimage\"},\"thumbnailUrl\":\"https:\\\/\\\/medtest.stagingservers.net\\\/wp-content\\\/uploads\\\/2019\\\/09\\\/Liver.jpg\",\"datePublished\":\"2019-09-02T08:13:17+00:00\",\"dateModified\":\"2019-12-20T10:39:37+00:00\",\"description\":\"Test w\u0105trobowy - Medtest.shop\",\"breadcrumb\":{\"@id\":\"https:\\\/\\\/medtest.stagingservers.net\\\/pl\\\/produkt\\\/test-watrobowy\\\/#breadcrumb\"},\"inLanguage\":\"pl-PL\",\"potentialAction\":[{\"@type\":\"ReadAction\",\"target\":[\"https:\\\/\\\/medtest.stagingservers.net\\\/pl\\\/produkt\\\/test-watrobowy\\\/\"]}]},{\"@type\":\"ImageObject\",\"inLanguage\":\"pl-PL\",\"@id\":\"https:\\\/\\\/medtest.stagingservers.net\\\/pl\\\/produkt\\\/test-watrobowy\\\/#primaryimage\",\"url\":\"https:\\\/\\\/medtest.stagingservers.net\\\/wp-content\\\/uploads\\\/2019\\\/09\\\/Liver.jpg\",\"contentUrl\":\"https:\\\/\\\/medtest.stagingservers.net\\\/wp-content\\\/uploads\\\/2019\\\/09\\\/Liver.jpg\",\"width\":2362,\"height\":2362},{\"@type\":\"BreadcrumbList\",\"@id\":\"https:\\\/\\\/medtest.stagingservers.net\\\/pl\\\/produkt\\\/test-watrobowy\\\/#breadcrumb\",\"itemListElement\":[{\"@type\":\"ListItem\",\"position\":1,\"name\":\"Home\",\"item\":\"https:\\\/\\\/medtest.stagingservers.net\\\/pl\\\/\"},{\"@type\":\"ListItem\",\"position\":2,\"name\":\"Sklep\",\"item\":\"https:\\\/\\\/medtest.stagingservers.net\\\/pl\\\/sklep\\\/\"},{\"@type\":\"ListItem\",\"position\":3,\"name\":\"Test w\u0105trobowy\"}]},{\"@type\":\"WebSite\",\"@id\":\"https:\\\/\\\/medtest.stagingservers.net\\\/pl\\\/#website\",\"url\":\"https:\\\/\\\/medtest.stagingservers.net\\\/pl\\\/\",\"name\":\"Medtest.shop\",\"description\":\"\",\"publisher\":{\"@id\":\"https:\\\/\\\/medtest.stagingservers.net\\\/pl\\\/#organization\"},\"potentialAction\":[{\"@type\":\"SearchAction\",\"target\":{\"@type\":\"EntryPoint\",\"urlTemplate\":\"https:\\\/\\\/medtest.stagingservers.net\\\/pl\\\/?s={search_term_string}\"},\"query-input\":{\"@type\":\"PropertyValueSpecification\",\"valueRequired\":true,\"valueName\":\"search_term_string\"}}],\"inLanguage\":\"pl-PL\"},{\"@type\":\"Organization\",\"@id\":\"https:\\\/\\\/medtest.stagingservers.net\\\/pl\\\/#organization\",\"name\":\"Medtest\",\"url\":\"https:\\\/\\\/medtest.stagingservers.net\\\/pl\\\/\",\"logo\":{\"@type\":\"ImageObject\",\"inLanguage\":\"pl-PL\",\"@id\":\"https:\\\/\\\/medtest.stagingservers.net\\\/pl\\\/#\\\/schema\\\/logo\\\/image\\\/\",\"url\":\"https:\\\/\\\/medtest.stagingservers.net\\\/wp-content\\\/uploads\\\/2018\\\/11\\\/Original.png\",\"contentUrl\":\"https:\\\/\\\/medtest.stagingservers.net\\\/wp-content\\\/uploads\\\/2018\\\/11\\\/Original.png\",\"width\":1024,\"height\":1024,\"caption\":\"Medtest\"},\"image\":{\"@id\":\"https:\\\/\\\/medtest.stagingservers.net\\\/pl\\\/#\\\/schema\\\/logo\\\/image\\\/\"},\"sameAs\":[\"https:\\\/\\\/www.facebook.com\\\/Medtest-1440779469392476\\\/\"]}]}<\/script>","yoast_head_json":{"title":"Test w\u0105trobowy - Medtest.shop","description":"Test w\u0105trobowy - Medtest.shop","robots":{"index":"noindex","follow":"follow","max-snippet":"max-snippet:-1","max-image-preview":"max-image-preview:large","max-video-preview":"max-video-preview:-1"},"og_locale":"pl_PL","og_type":"article","og_title":"Test w\u0105trobowy - Medtest.shop","og_description":"Test w\u0105trobowy - Medtest.shop","og_url":"https:\/\/medtest.stagingservers.net\/pl\/produkt\/test-watrobowy\/","og_site_name":"Medtest.shop","article_publisher":"https:\/\/www.facebook.com\/Medtest-1440779469392476\/","article_modified_time":"2019-12-20T10:39:37+00:00","og_image":[{"width":2362,"height":2362,"url":"https:\/\/medtest.stagingservers.net\/wp-content\/uploads\/2019\/09\/Liver.jpg","type":"image\/jpeg"}],"twitter_card":"summary_large_image","schema":{"@context":"https:\/\/schema.org","@graph":[{"@type":"WebPage","@id":"https:\/\/medtest.stagingservers.net\/pl\/produkt\/test-watrobowy\/","url":"https:\/\/medtest.stagingservers.net\/pl\/produkt\/test-watrobowy\/","name":"Test w\u0105trobowy - Medtest.shop","isPartOf":{"@id":"https:\/\/medtest.stagingservers.net\/pl\/#website"},"primaryImageOfPage":{"@id":"https:\/\/medtest.stagingservers.net\/pl\/produkt\/test-watrobowy\/#primaryimage"},"image":{"@id":"https:\/\/medtest.stagingservers.net\/pl\/produkt\/test-watrobowy\/#primaryimage"},"thumbnailUrl":"https:\/\/medtest.stagingservers.net\/wp-content\/uploads\/2019\/09\/Liver.jpg","datePublished":"2019-09-02T08:13:17+00:00","dateModified":"2019-12-20T10:39:37+00:00","description":"Test w\u0105trobowy - Medtest.shop","breadcrumb":{"@id":"https:\/\/medtest.stagingservers.net\/pl\/produkt\/test-watrobowy\/#breadcrumb"},"inLanguage":"pl-PL","potentialAction":[{"@type":"ReadAction","target":["https:\/\/medtest.stagingservers.net\/pl\/produkt\/test-watrobowy\/"]}]},{"@type":"ImageObject","inLanguage":"pl-PL","@id":"https:\/\/medtest.stagingservers.net\/pl\/produkt\/test-watrobowy\/#primaryimage","url":"https:\/\/medtest.stagingservers.net\/wp-content\/uploads\/2019\/09\/Liver.jpg","contentUrl":"https:\/\/medtest.stagingservers.net\/wp-content\/uploads\/2019\/09\/Liver.jpg","width":2362,"height":2362},{"@type":"BreadcrumbList","@id":"https:\/\/medtest.stagingservers.net\/pl\/produkt\/test-watrobowy\/#breadcrumb","itemListElement":[{"@type":"ListItem","position":1,"name":"Home","item":"https:\/\/medtest.stagingservers.net\/pl\/"},{"@type":"ListItem","position":2,"name":"Sklep","item":"https:\/\/medtest.stagingservers.net\/pl\/sklep\/"},{"@type":"ListItem","position":3,"name":"Test w\u0105trobowy"}]},{"@type":"WebSite","@id":"https:\/\/medtest.stagingservers.net\/pl\/#website","url":"https:\/\/medtest.stagingservers.net\/pl\/","name":"Medtest.shop","description":"","publisher":{"@id":"https:\/\/medtest.stagingservers.net\/pl\/#organization"},"potentialAction":[{"@type":"SearchAction","target":{"@type":"EntryPoint","urlTemplate":"https:\/\/medtest.stagingservers.net\/pl\/?s={search_term_string}"},"query-input":{"@type":"PropertyValueSpecification","valueRequired":true,"valueName":"search_term_string"}}],"inLanguage":"pl-PL"},{"@type":"Organization","@id":"https:\/\/medtest.stagingservers.net\/pl\/#organization","name":"Medtest","url":"https:\/\/medtest.stagingservers.net\/pl\/","logo":{"@type":"ImageObject","inLanguage":"pl-PL","@id":"https:\/\/medtest.stagingservers.net\/pl\/#\/schema\/logo\/image\/","url":"https:\/\/medtest.stagingservers.net\/wp-content\/uploads\/2018\/11\/Original.png","contentUrl":"https:\/\/medtest.stagingservers.net\/wp-content\/uploads\/2018\/11\/Original.png","width":1024,"height":1024,"caption":"Medtest"},"image":{"@id":"https:\/\/medtest.stagingservers.net\/pl\/#\/schema\/logo\/image\/"},"sameAs":["https:\/\/www.facebook.com\/Medtest-1440779469392476\/"]}]}},"_links":{"self":[{"href":"https:\/\/medtest.stagingservers.net\/pl\/wp-json\/wp\/v2\/product\/73297","targetHints":{"allow":["GET"]}}],"collection":[{"href":"https:\/\/medtest.stagingservers.net\/pl\/wp-json\/wp\/v2\/product"}],"about":[{"href":"https:\/\/medtest.stagingservers.net\/pl\/wp-json\/wp\/v2\/types\/product"}],"replies":[{"embeddable":true,"href":"https:\/\/medtest.stagingservers.net\/pl\/wp-json\/wp\/v2\/comments?post=73297"}],"version-history":[{"count":0,"href":"https:\/\/medtest.stagingservers.net\/pl\/wp-json\/wp\/v2\/product\/73297\/revisions"}],"wp:featuredmedia":[{"embeddable":true,"href":"https:\/\/medtest.stagingservers.net\/pl\/wp-json\/wp\/v2\/media\/73864"}],"wp:attachment":[{"href":"https:\/\/medtest.stagingservers.net\/pl\/wp-json\/wp\/v2\/media?parent=73297"}],"wp:term":[{"taxonomy":"product_brand","embeddable":true,"href":"https:\/\/medtest.stagingservers.net\/pl\/wp-json\/wp\/v2\/product_brand?post=73297"},{"taxonomy":"product_cat","embeddable":true,"href":"https:\/\/medtest.stagingservers.net\/pl\/wp-json\/wp\/v2\/product_cat?post=73297"},{"taxonomy":"product_tag","embeddable":true,"href":"https:\/\/medtest.stagingservers.net\/pl\/wp-json\/wp\/v2\/product_tag?post=73297"}],"curies":[{"name":"wp","href":"https:\/\/api.w.org\/{rel}","templated":true}]}}