{"id":73299,"date":"2019-09-02T10:13:40","date_gmt":"2019-09-02T08:13:40","guid":{"rendered":"https:\/\/medtest.stagingservers.net\/product\/badanie-nerek\/"},"modified":"2019-09-23T15:33:31","modified_gmt":"2019-09-23T13:33:31","slug":"badanie-nerek","status":"publish","type":"product","link":"https:\/\/medtest.stagingservers.net\/pl\/produkt\/badanie-nerek\/","title":{"rendered":"Badanie nerek"},"content":{"rendered":"<h2>Badanie nerek<\/h2>\n<p>Test s\u0142u\u017cy do sprawdzenia <strong>kreatyniny, bia\u0142ka i ci\u0119\u017caru w\u0142a\u015bciwego<\/strong> w pr\u00f3bkach moczu jako pomoc w diagnozie choroby nerek. Test daje wyniki poprzez wizualne por\u00f3wnanie ze schematem kolor\u00f3w wydrukowanym na opakowaniu (patrz poni\u017cej).<\/p>\n<h4>Kreatynina<\/h4>\n<p>Kreatynina jest chemicznym produktem odpadowym we krwi, kt\u00f3ry przechodzi przez nerki, jest filtrowany i wydalany z moczem. Te odpady chemiczne s\u0105 produktem ubocznym normalnej funkcji mi\u0119\u015bni. Im wi\u0119cej mi\u0119\u015bni ma osoba, tym wi\u0119cej kreatyniny produkuje. Poziom kreatyniny we krwi odzwierciedla zar\u00f3wno ilo\u015b\u0107 mi\u0119\u015bni, jak i czynno\u015bci nerek. Wi\u0119kszo\u015b\u0107 m\u0119\u017cczyzn z prawid\u0142ow\u0105 czynno\u015bci\u0105 nerek ma oko\u0142o 0,6 do 1,2 miligrama \/ decylitra (mg \/ dl) kreatyniny.\u00a0Wi\u0119kszo\u015b\u0107 kobiet z prawid\u0142ow\u0105 czynno\u015bci\u0105 nerek ma od 0,5 do 1,1 mg \/ dl kreatyniny.\u00a0Kobiety maj\u0105 zwykle ni\u017cszy poziom kreatyniny ni\u017c m\u0119\u017cczy\u017ani, poniewa\u017c kobiety maj\u0105 \u015brednio mniej mi\u0119\u015bni ni\u017c m\u0119\u017cczy\u017ani.<\/p>\n<h4>Bia\u0142ko<\/h4>\n<p>Zwykle mocz nie powinien zasadniczo zawiera\u0107 \u017cadnego bia\u0142ka. Pojawienie si\u0119 bia\u0142ka w moczu wskazuje, \u017ce mo\u017ce wyst\u0119powa\u0107 problem ze zdolno\u015bci\u0105 filtracyjn\u0105 nerek.<\/p>\n<h4>Ci\u0119\u017car w\u0142a\u015bciwy<\/h4>\n<p>Nerki usuwaj\u0105 z organizmu niepo\u017c\u0105dane substancje, takie jak toksyny i produkty przemiany materii. Rol\u0105 nerek jest usuwanie tych substancji z moczem bez utraty zbyt du\u017cej ilo\u015bci p\u0142ynu. St\u0119\u017cenie wydzielanych cz\u0105steczek determinuje ci\u0119\u017car w\u0142a\u015bciwy moczu. Doro\u015bli maj\u0105 na og\u00f3\u0142 ci\u0119\u017car w\u0142a\u015bciwy oko\u0142o 1000 do 1030.\u00a0Zwi\u0119kszenie ci\u0119\u017caru w\u0142a\u015bciwego, tj. zwi\u0119kszone st\u0119\u017cenie substancji rozpuszczonych w moczu, mo\u017ce by\u0107 zwi\u0105zane z niewydolno\u015bci\u0105 nerek lub zmniejszonym przep\u0142ywem krwi do nerek.<\/p>\n<h4>Oto jak dzia\u0142a auto-test<\/h4>\n<ol>\n<li>Otw\u00f3rz opakowanie foliowe i wyjmij pasek testowy.<\/li>\n<li>Oddaj mocz do kubka\/zlewki i zanurz pasek testowy.<\/li>\n<li>Odczyt mo\u017cna wykona\u0107 po oko\u0142o 1 minucie.<\/li>\n<\/ol>\n<p><img loading=\"lazy\" decoding=\"async\" class=\"alignnone size-full wp-image-54846\" src=\"https:\/\/medtest.stagingservers.net\/wp-content\/uploads\/2019\/03\/Njur-resultat.png\" alt=\"\" width=\"1098\" height=\"306\" srcset=\"https:\/\/medtest.stagingservers.net\/wp-content\/uploads\/2019\/03\/Njur-resultat.png 1098w, https:\/\/medtest.stagingservers.net\/wp-content\/uploads\/2019\/03\/Njur-resultat-600x167.png 600w, https:\/\/medtest.stagingservers.net\/wp-content\/uploads\/2019\/03\/Njur-resultat-200x56.png 200w, https:\/\/medtest.stagingservers.net\/wp-content\/uploads\/2019\/03\/Njur-resultat-720x201.png 720w, https:\/\/medtest.stagingservers.net\/wp-content\/uploads\/2019\/03\/Njur-resultat-768x214.png 768w, https:\/\/medtest.stagingservers.net\/wp-content\/uploads\/2019\/03\/Njur-resultat-1024x285.png 1024w, https:\/\/medtest.stagingservers.net\/wp-content\/uploads\/2019\/03\/Njur-resultat-416x116.png 416w, https:\/\/medtest.stagingservers.net\/wp-content\/uploads\/2019\/03\/Njur-resultat-300x84.png 300w\" sizes=\"auto, (max-width: 1098px) 100vw, 1098px\" \/><\/p>\n<p>Instrukcja jest do\u0142\u0105czona do produktu.<\/p>\n","protected":false},"excerpt":{"rendered":"<p>Przetestuj czynno\u015b\u0107 nerek w domu (2 paski testowe). Wynik w ci\u0105gu 5 min. Test sprawdza kreatynin\u0119, bia\u0142ko i ci\u0119\u017car w\u0142a\u015bciwy  w pr\u00f3bkach moczu i stanowi pomoc w diagnozie choroby nerek.<\/p>\n","protected":false},"featured_media":73862,"comment_status":"closed","ping_status":"closed","template":"","meta":{"_acf_changed":false,"footnotes":""},"product_brand":[],"product_cat":[987],"product_tag":[],"class_list":{"0":"post-73299","1":"product","2":"type-product","3":"status-publish","4":"has-post-thumbnail","6":"product_cat-funkcjonowanie-nerek","8":"first","9":"instock","10":"taxable","11":"shipping-taxable","12":"purchasable","13":"product-type-simple"},"acf":[],"yoast_head":"<title>Badanie nerek - Medtest.shop<\/title>\n<meta name=\"description\" content=\"Badanie nerek - Medtest.shop\" \/>\n<meta name=\"robots\" content=\"noindex, follow, max-snippet:-1, max-image-preview:large, max-video-preview:-1\" \/>\n<meta property=\"og:locale\" content=\"pl_PL\" \/>\n<meta property=\"og:type\" content=\"article\" \/>\n<meta property=\"og:title\" content=\"Badanie nerek - Medtest.shop\" \/>\n<meta property=\"og:description\" content=\"Badanie nerek - Medtest.shop\" \/>\n<meta property=\"og:url\" content=\"https:\/\/medtest.stagingservers.net\/pl\/produkt\/badanie-nerek\/\" \/>\n<meta property=\"og:site_name\" content=\"Medtest.shop\" \/>\n<meta property=\"article:publisher\" content=\"https:\/\/www.facebook.com\/Medtest-1440779469392476\/\" \/>\n<meta property=\"article:modified_time\" content=\"2019-09-23T13:33:31+00:00\" \/>\n<meta property=\"og:image\" content=\"https:\/\/medtest.stagingservers.net\/wp-content\/uploads\/2019\/09\/Kidney.jpg\" \/>\n\t<meta property=\"og:image:width\" content=\"2362\" \/>\n\t<meta property=\"og:image:height\" content=\"2362\" \/>\n\t<meta property=\"og:image:type\" content=\"image\/jpeg\" \/>\n<meta name=\"twitter:card\" content=\"summary_large_image\" \/>\n<script type=\"application\/ld+json\" class=\"yoast-schema-graph\">{\"@context\":\"https:\\\/\\\/schema.org\",\"@graph\":[{\"@type\":\"WebPage\",\"@id\":\"https:\\\/\\\/medtest.stagingservers.net\\\/pl\\\/produkt\\\/badanie-nerek\\\/\",\"url\":\"https:\\\/\\\/medtest.stagingservers.net\\\/pl\\\/produkt\\\/badanie-nerek\\\/\",\"name\":\"Badanie nerek - Medtest.shop\",\"isPartOf\":{\"@id\":\"https:\\\/\\\/medtest.stagingservers.net\\\/pl\\\/#website\"},\"primaryImageOfPage\":{\"@id\":\"https:\\\/\\\/medtest.stagingservers.net\\\/pl\\\/produkt\\\/badanie-nerek\\\/#primaryimage\"},\"image\":{\"@id\":\"https:\\\/\\\/medtest.stagingservers.net\\\/pl\\\/produkt\\\/badanie-nerek\\\/#primaryimage\"},\"thumbnailUrl\":\"https:\\\/\\\/medtest.stagingservers.net\\\/wp-content\\\/uploads\\\/2019\\\/09\\\/Kidney.jpg\",\"datePublished\":\"2019-09-02T08:13:40+00:00\",\"dateModified\":\"2019-09-23T13:33:31+00:00\",\"description\":\"Badanie nerek - Medtest.shop\",\"breadcrumb\":{\"@id\":\"https:\\\/\\\/medtest.stagingservers.net\\\/pl\\\/produkt\\\/badanie-nerek\\\/#breadcrumb\"},\"inLanguage\":\"pl-PL\",\"potentialAction\":[{\"@type\":\"ReadAction\",\"target\":[\"https:\\\/\\\/medtest.stagingservers.net\\\/pl\\\/produkt\\\/badanie-nerek\\\/\"]}]},{\"@type\":\"ImageObject\",\"inLanguage\":\"pl-PL\",\"@id\":\"https:\\\/\\\/medtest.stagingservers.net\\\/pl\\\/produkt\\\/badanie-nerek\\\/#primaryimage\",\"url\":\"https:\\\/\\\/medtest.stagingservers.net\\\/wp-content\\\/uploads\\\/2019\\\/09\\\/Kidney.jpg\",\"contentUrl\":\"https:\\\/\\\/medtest.stagingservers.net\\\/wp-content\\\/uploads\\\/2019\\\/09\\\/Kidney.jpg\",\"width\":2362,\"height\":2362},{\"@type\":\"BreadcrumbList\",\"@id\":\"https:\\\/\\\/medtest.stagingservers.net\\\/pl\\\/produkt\\\/badanie-nerek\\\/#breadcrumb\",\"itemListElement\":[{\"@type\":\"ListItem\",\"position\":1,\"name\":\"Home\",\"item\":\"https:\\\/\\\/medtest.stagingservers.net\\\/pl\\\/\"},{\"@type\":\"ListItem\",\"position\":2,\"name\":\"Sklep\",\"item\":\"https:\\\/\\\/medtest.stagingservers.net\\\/pl\\\/sklep\\\/\"},{\"@type\":\"ListItem\",\"position\":3,\"name\":\"Badanie nerek\"}]},{\"@type\":\"WebSite\",\"@id\":\"https:\\\/\\\/medtest.stagingservers.net\\\/pl\\\/#website\",\"url\":\"https:\\\/\\\/medtest.stagingservers.net\\\/pl\\\/\",\"name\":\"Medtest.shop\",\"description\":\"\",\"publisher\":{\"@id\":\"https:\\\/\\\/medtest.stagingservers.net\\\/pl\\\/#organization\"},\"potentialAction\":[{\"@type\":\"SearchAction\",\"target\":{\"@type\":\"EntryPoint\",\"urlTemplate\":\"https:\\\/\\\/medtest.stagingservers.net\\\/pl\\\/?s={search_term_string}\"},\"query-input\":{\"@type\":\"PropertyValueSpecification\",\"valueRequired\":true,\"valueName\":\"search_term_string\"}}],\"inLanguage\":\"pl-PL\"},{\"@type\":\"Organization\",\"@id\":\"https:\\\/\\\/medtest.stagingservers.net\\\/pl\\\/#organization\",\"name\":\"Medtest\",\"url\":\"https:\\\/\\\/medtest.stagingservers.net\\\/pl\\\/\",\"logo\":{\"@type\":\"ImageObject\",\"inLanguage\":\"pl-PL\",\"@id\":\"https:\\\/\\\/medtest.stagingservers.net\\\/pl\\\/#\\\/schema\\\/logo\\\/image\\\/\",\"url\":\"https:\\\/\\\/medtest.stagingservers.net\\\/wp-content\\\/uploads\\\/2018\\\/11\\\/Original.png\",\"contentUrl\":\"https:\\\/\\\/medtest.stagingservers.net\\\/wp-content\\\/uploads\\\/2018\\\/11\\\/Original.png\",\"width\":1024,\"height\":1024,\"caption\":\"Medtest\"},\"image\":{\"@id\":\"https:\\\/\\\/medtest.stagingservers.net\\\/pl\\\/#\\\/schema\\\/logo\\\/image\\\/\"},\"sameAs\":[\"https:\\\/\\\/www.facebook.com\\\/Medtest-1440779469392476\\\/\"]}]}<\/script>","yoast_head_json":{"title":"Badanie nerek - Medtest.shop","description":"Badanie nerek - Medtest.shop","robots":{"index":"noindex","follow":"follow","max-snippet":"max-snippet:-1","max-image-preview":"max-image-preview:large","max-video-preview":"max-video-preview:-1"},"og_locale":"pl_PL","og_type":"article","og_title":"Badanie nerek - Medtest.shop","og_description":"Badanie nerek - Medtest.shop","og_url":"https:\/\/medtest.stagingservers.net\/pl\/produkt\/badanie-nerek\/","og_site_name":"Medtest.shop","article_publisher":"https:\/\/www.facebook.com\/Medtest-1440779469392476\/","article_modified_time":"2019-09-23T13:33:31+00:00","og_image":[{"width":2362,"height":2362,"url":"https:\/\/medtest.stagingservers.net\/wp-content\/uploads\/2019\/09\/Kidney.jpg","type":"image\/jpeg"}],"twitter_card":"summary_large_image","schema":{"@context":"https:\/\/schema.org","@graph":[{"@type":"WebPage","@id":"https:\/\/medtest.stagingservers.net\/pl\/produkt\/badanie-nerek\/","url":"https:\/\/medtest.stagingservers.net\/pl\/produkt\/badanie-nerek\/","name":"Badanie nerek - Medtest.shop","isPartOf":{"@id":"https:\/\/medtest.stagingservers.net\/pl\/#website"},"primaryImageOfPage":{"@id":"https:\/\/medtest.stagingservers.net\/pl\/produkt\/badanie-nerek\/#primaryimage"},"image":{"@id":"https:\/\/medtest.stagingservers.net\/pl\/produkt\/badanie-nerek\/#primaryimage"},"thumbnailUrl":"https:\/\/medtest.stagingservers.net\/wp-content\/uploads\/2019\/09\/Kidney.jpg","datePublished":"2019-09-02T08:13:40+00:00","dateModified":"2019-09-23T13:33:31+00:00","description":"Badanie nerek - Medtest.shop","breadcrumb":{"@id":"https:\/\/medtest.stagingservers.net\/pl\/produkt\/badanie-nerek\/#breadcrumb"},"inLanguage":"pl-PL","potentialAction":[{"@type":"ReadAction","target":["https:\/\/medtest.stagingservers.net\/pl\/produkt\/badanie-nerek\/"]}]},{"@type":"ImageObject","inLanguage":"pl-PL","@id":"https:\/\/medtest.stagingservers.net\/pl\/produkt\/badanie-nerek\/#primaryimage","url":"https:\/\/medtest.stagingservers.net\/wp-content\/uploads\/2019\/09\/Kidney.jpg","contentUrl":"https:\/\/medtest.stagingservers.net\/wp-content\/uploads\/2019\/09\/Kidney.jpg","width":2362,"height":2362},{"@type":"BreadcrumbList","@id":"https:\/\/medtest.stagingservers.net\/pl\/produkt\/badanie-nerek\/#breadcrumb","itemListElement":[{"@type":"ListItem","position":1,"name":"Home","item":"https:\/\/medtest.stagingservers.net\/pl\/"},{"@type":"ListItem","position":2,"name":"Sklep","item":"https:\/\/medtest.stagingservers.net\/pl\/sklep\/"},{"@type":"ListItem","position":3,"name":"Badanie nerek"}]},{"@type":"WebSite","@id":"https:\/\/medtest.stagingservers.net\/pl\/#website","url":"https:\/\/medtest.stagingservers.net\/pl\/","name":"Medtest.shop","description":"","publisher":{"@id":"https:\/\/medtest.stagingservers.net\/pl\/#organization"},"potentialAction":[{"@type":"SearchAction","target":{"@type":"EntryPoint","urlTemplate":"https:\/\/medtest.stagingservers.net\/pl\/?s={search_term_string}"},"query-input":{"@type":"PropertyValueSpecification","valueRequired":true,"valueName":"search_term_string"}}],"inLanguage":"pl-PL"},{"@type":"Organization","@id":"https:\/\/medtest.stagingservers.net\/pl\/#organization","name":"Medtest","url":"https:\/\/medtest.stagingservers.net\/pl\/","logo":{"@type":"ImageObject","inLanguage":"pl-PL","@id":"https:\/\/medtest.stagingservers.net\/pl\/#\/schema\/logo\/image\/","url":"https:\/\/medtest.stagingservers.net\/wp-content\/uploads\/2018\/11\/Original.png","contentUrl":"https:\/\/medtest.stagingservers.net\/wp-content\/uploads\/2018\/11\/Original.png","width":1024,"height":1024,"caption":"Medtest"},"image":{"@id":"https:\/\/medtest.stagingservers.net\/pl\/#\/schema\/logo\/image\/"},"sameAs":["https:\/\/www.facebook.com\/Medtest-1440779469392476\/"]}]}},"_links":{"self":[{"href":"https:\/\/medtest.stagingservers.net\/pl\/wp-json\/wp\/v2\/product\/73299","targetHints":{"allow":["GET"]}}],"collection":[{"href":"https:\/\/medtest.stagingservers.net\/pl\/wp-json\/wp\/v2\/product"}],"about":[{"href":"https:\/\/medtest.stagingservers.net\/pl\/wp-json\/wp\/v2\/types\/product"}],"replies":[{"embeddable":true,"href":"https:\/\/medtest.stagingservers.net\/pl\/wp-json\/wp\/v2\/comments?post=73299"}],"version-history":[{"count":0,"href":"https:\/\/medtest.stagingservers.net\/pl\/wp-json\/wp\/v2\/product\/73299\/revisions"}],"wp:featuredmedia":[{"embeddable":true,"href":"https:\/\/medtest.stagingservers.net\/pl\/wp-json\/wp\/v2\/media\/73862"}],"wp:attachment":[{"href":"https:\/\/medtest.stagingservers.net\/pl\/wp-json\/wp\/v2\/media?parent=73299"}],"wp:term":[{"taxonomy":"product_brand","embeddable":true,"href":"https:\/\/medtest.stagingservers.net\/pl\/wp-json\/wp\/v2\/product_brand?post=73299"},{"taxonomy":"product_cat","embeddable":true,"href":"https:\/\/medtest.stagingservers.net\/pl\/wp-json\/wp\/v2\/product_cat?post=73299"},{"taxonomy":"product_tag","embeddable":true,"href":"https:\/\/medtest.stagingservers.net\/pl\/wp-json\/wp\/v2\/product_tag?post=73299"}],"curies":[{"name":"wp","href":"https:\/\/api.w.org\/{rel}","templated":true}]}}