{"id":73301,"date":"2019-09-02T10:16:49","date_gmt":"2019-09-02T08:16:49","guid":{"rendered":"https:\/\/medtest.stagingservers.net\/product\/test-na-cukrzyce\/"},"modified":"2019-09-23T15:27:32","modified_gmt":"2019-09-23T13:27:32","slug":"test-na-cukrzyce","status":"publish","type":"product","link":"https:\/\/medtest.stagingservers.net\/pl\/produkt\/test-na-cukrzyce\/","title":{"rendered":"Test na cukrzyc\u0119"},"content":{"rendered":"<h2>Test na cukrzyc\u0119<\/h2>\n<p>Test jest przeznaczony do kontroli poziomu glukozy i keton\u00f3w w pr\u00f3bkach moczu, jako pomoc przy diagnozie cukrzycy. Test daje wyniki poprzez wizualne por\u00f3wnanie ze schematem kolor\u00f3w wydrukowanym na produkcie. Ka\u017cdy kolor oznacza liczb\u0119 st\u0119\u017ce\u0144 glukozy i keton\u00f3w (patrz poni\u017cej).<\/p>\n<p>Oddajesz mocz cz\u0119\u015bciej ni\u017c zwykle? A mo\u017ce odczuwasz pragnienie, kt\u00f3re nie mija pomimo picia? Objawy s\u0105 liczne i cz\u0119sto ca\u0142kiem rozproszone, a jednocze\u015bnie cukrzyca jest jedn\u0105 z najcz\u0119stszych zaburze\u0144 zdrowia spo\u0142ecze\u0144stwa.<\/p>\n<h4>Co to jest cukrzyca?<\/h4>\n<p>Cukrzyca powoduje wysoki poziom glukozy (cukru) we krwi, kt\u00f3ry nazywa si\u0119 hiperglikemi\u0105 (wysoki poziom glukozy we krwi). Kiedy ta r\u00f3wnowaga jest zaburzona, cz\u0119sto pojawiaj\u0105 si\u0119 objawy. Nasz test na cukrzyc\u0119 mo\u017ce \u0142atwo i szybko wykry\u0107 te nier\u00f3wnowagi.<\/p>\n<p>Wykrywanie tej choroby wy\u0142\u0105cznie na podstawie jej objaw\u00f3w mo\u017ce by\u0107 trudne, poniewa\u017c najcz\u0119stsze objawy wyst\u0119puj\u0105 powszechnie. Prosty test mo\u017ce pom\u00f3c z\u0142agodzi\u0107 l\u0119ki lub da\u0107 pow\u00f3d do zwr\u00f3cenia si\u0119 o pomoc do lekarza. Pozytywny wynik testu (prawdopodobnie masz cukrzyc\u0119) oznacza, \u017ce powiniene\u015b zwr\u00f3ci\u0107 si\u0119 do lekarza i uzyska\u0107 odpowiednie leczenie, co jest wa\u017cne, poniewa\u017c cukrzyca mo\u017ce by\u0107 przyczyn\u0105 powa\u017cnych komplikacji.<\/p>\n<p>Test na cukrzyc\u0119 zawiera: 2 zapiecz\u0119towane torebki aluminiowe zawieraj\u0105ce po 1 pr\u00f3bnik testowy i instrukcj\u0119 u\u017cycia ka\u017cda.<\/p>\n<p>Test na cukrzyc\u0119 jest wykonywany w Europie i jest bardzo bezpieczny. Ponadto produkt posiada znak CE.<\/p>\n<div>\n<h4>Oto jak dzia\u0142a auto-test<\/h4>\n<ol>\n<li>Otw\u00f3rz opakowanie foliowe i wyjmij pasek testowy.<\/li>\n<li>Oddaj mocz do pojemnika\/zlewki i zanurz pasek testowy.<\/li>\n<li>Odczytaj wynik po oko\u0142o 1 minucie.<\/li>\n<\/ol>\n<\/div>\n<p><img loading=\"lazy\" decoding=\"async\" class=\"alignnone wp-image-74173 size-medium\" src=\"https:\/\/medtest.stagingservers.net\/wp-content\/uploads\/2019\/09\/Diabetes-Resultat_A-720x292.jpg\" alt=\"\" width=\"720\" height=\"292\" srcset=\"https:\/\/medtest.stagingservers.net\/wp-content\/uploads\/2019\/09\/Diabetes-Resultat_A-720x292.jpg 720w, https:\/\/medtest.stagingservers.net\/wp-content\/uploads\/2019\/09\/Diabetes-Resultat_A-768x311.jpg 768w, https:\/\/medtest.stagingservers.net\/wp-content\/uploads\/2019\/09\/Diabetes-Resultat_A-416x169.jpg 416w, https:\/\/medtest.stagingservers.net\/wp-content\/uploads\/2019\/09\/Diabetes-Resultat_A.jpg 859w\" sizes=\"auto, (max-width: 720px) 100vw, 720px\" \/><\/p>\n<p>Instrukcja jest do\u0142\u0105czona do produktu.<\/p>\n<p><a href=\"https:\/\/medtest.stagingservers.net\/kontakta-oss\/\">Skontaktuj si\u0119 z nami,<\/a> je\u015bli masz jakie\u015b pytania. Odpowiemy w ci\u0105gu 24 godzin.<\/p>\n","protected":false},"excerpt":{"rendered":"<p>Zatwierdzony przez CE test cukrzycowy do sprawdzania poziomu glukozy i keton\u00f3w w pr\u00f3bkach moczu w celu zdiagnozowania cukrzycy. Zawiera 2 patyczki testowe. Test daje wyniki poprzez wizualne por\u00f3wnanie ze schematem kolor\u00f3w wydrukowanym na opakowaniu.<\/p>\n","protected":false},"featured_media":73860,"comment_status":"closed","ping_status":"closed","template":"","meta":{"_acf_changed":false,"footnotes":""},"product_brand":[],"product_cat":[982,975,979],"product_tag":[],"class_list":{"0":"post-73301","1":"product","2":"type-product","3":"status-publish","4":"has-post-thumbnail","6":"product_cat-cukrzyca","7":"product_cat-oferta-pakietow","8":"product_cat-testy-stanu-zdrowia","10":"first","11":"instock","12":"taxable","13":"shipping-taxable","14":"purchasable","15":"product-type-simple"},"acf":[],"yoast_head":"<title>Test na cukrzyc\u0119 - Medtest.shop<\/title>\n<meta name=\"description\" content=\"Test na cukrzyc\u0119 - Medtest.shop\" \/>\n<meta name=\"robots\" content=\"noindex, follow, max-snippet:-1, max-image-preview:large, max-video-preview:-1\" \/>\n<meta property=\"og:locale\" content=\"pl_PL\" \/>\n<meta property=\"og:type\" content=\"article\" \/>\n<meta property=\"og:title\" content=\"Test na cukrzyc\u0119 - Medtest.shop\" \/>\n<meta property=\"og:description\" content=\"Test na cukrzyc\u0119 - Medtest.shop\" \/>\n<meta property=\"og:url\" content=\"https:\/\/medtest.stagingservers.net\/pl\/produkt\/test-na-cukrzyce\/\" \/>\n<meta property=\"og:site_name\" content=\"Medtest.shop\" \/>\n<meta property=\"article:publisher\" content=\"https:\/\/www.facebook.com\/Medtest-1440779469392476\/\" \/>\n<meta property=\"article:modified_time\" content=\"2019-09-23T13:27:32+00:00\" \/>\n<meta property=\"og:image\" content=\"https:\/\/medtest.stagingservers.net\/wp-content\/uploads\/2019\/09\/Diabetes.jpg\" \/>\n\t<meta property=\"og:image:width\" content=\"2362\" \/>\n\t<meta property=\"og:image:height\" content=\"2362\" \/>\n\t<meta property=\"og:image:type\" content=\"image\/jpeg\" \/>\n<meta name=\"twitter:card\" content=\"summary_large_image\" \/>\n<script type=\"application\/ld+json\" class=\"yoast-schema-graph\">{\"@context\":\"https:\\\/\\\/schema.org\",\"@graph\":[{\"@type\":\"WebPage\",\"@id\":\"https:\\\/\\\/medtest.stagingservers.net\\\/pl\\\/produkt\\\/test-na-cukrzyce\\\/\",\"url\":\"https:\\\/\\\/medtest.stagingservers.net\\\/pl\\\/produkt\\\/test-na-cukrzyce\\\/\",\"name\":\"Test na cukrzyc\u0119 - Medtest.shop\",\"isPartOf\":{\"@id\":\"https:\\\/\\\/medtest.stagingservers.net\\\/pl\\\/#website\"},\"primaryImageOfPage\":{\"@id\":\"https:\\\/\\\/medtest.stagingservers.net\\\/pl\\\/produkt\\\/test-na-cukrzyce\\\/#primaryimage\"},\"image\":{\"@id\":\"https:\\\/\\\/medtest.stagingservers.net\\\/pl\\\/produkt\\\/test-na-cukrzyce\\\/#primaryimage\"},\"thumbnailUrl\":\"https:\\\/\\\/medtest.stagingservers.net\\\/wp-content\\\/uploads\\\/2019\\\/09\\\/Diabetes.jpg\",\"datePublished\":\"2019-09-02T08:16:49+00:00\",\"dateModified\":\"2019-09-23T13:27:32+00:00\",\"description\":\"Test na cukrzyc\u0119 - Medtest.shop\",\"breadcrumb\":{\"@id\":\"https:\\\/\\\/medtest.stagingservers.net\\\/pl\\\/produkt\\\/test-na-cukrzyce\\\/#breadcrumb\"},\"inLanguage\":\"pl-PL\",\"potentialAction\":[{\"@type\":\"ReadAction\",\"target\":[\"https:\\\/\\\/medtest.stagingservers.net\\\/pl\\\/produkt\\\/test-na-cukrzyce\\\/\"]}]},{\"@type\":\"ImageObject\",\"inLanguage\":\"pl-PL\",\"@id\":\"https:\\\/\\\/medtest.stagingservers.net\\\/pl\\\/produkt\\\/test-na-cukrzyce\\\/#primaryimage\",\"url\":\"https:\\\/\\\/medtest.stagingservers.net\\\/wp-content\\\/uploads\\\/2019\\\/09\\\/Diabetes.jpg\",\"contentUrl\":\"https:\\\/\\\/medtest.stagingservers.net\\\/wp-content\\\/uploads\\\/2019\\\/09\\\/Diabetes.jpg\",\"width\":2362,\"height\":2362},{\"@type\":\"BreadcrumbList\",\"@id\":\"https:\\\/\\\/medtest.stagingservers.net\\\/pl\\\/produkt\\\/test-na-cukrzyce\\\/#breadcrumb\",\"itemListElement\":[{\"@type\":\"ListItem\",\"position\":1,\"name\":\"Home\",\"item\":\"https:\\\/\\\/medtest.stagingservers.net\\\/pl\\\/\"},{\"@type\":\"ListItem\",\"position\":2,\"name\":\"Sklep\",\"item\":\"https:\\\/\\\/medtest.stagingservers.net\\\/pl\\\/sklep\\\/\"},{\"@type\":\"ListItem\",\"position\":3,\"name\":\"Test na cukrzyc\u0119\"}]},{\"@type\":\"WebSite\",\"@id\":\"https:\\\/\\\/medtest.stagingservers.net\\\/pl\\\/#website\",\"url\":\"https:\\\/\\\/medtest.stagingservers.net\\\/pl\\\/\",\"name\":\"Medtest.shop\",\"description\":\"\",\"publisher\":{\"@id\":\"https:\\\/\\\/medtest.stagingservers.net\\\/pl\\\/#organization\"},\"potentialAction\":[{\"@type\":\"SearchAction\",\"target\":{\"@type\":\"EntryPoint\",\"urlTemplate\":\"https:\\\/\\\/medtest.stagingservers.net\\\/pl\\\/?s={search_term_string}\"},\"query-input\":{\"@type\":\"PropertyValueSpecification\",\"valueRequired\":true,\"valueName\":\"search_term_string\"}}],\"inLanguage\":\"pl-PL\"},{\"@type\":\"Organization\",\"@id\":\"https:\\\/\\\/medtest.stagingservers.net\\\/pl\\\/#organization\",\"name\":\"Medtest\",\"url\":\"https:\\\/\\\/medtest.stagingservers.net\\\/pl\\\/\",\"logo\":{\"@type\":\"ImageObject\",\"inLanguage\":\"pl-PL\",\"@id\":\"https:\\\/\\\/medtest.stagingservers.net\\\/pl\\\/#\\\/schema\\\/logo\\\/image\\\/\",\"url\":\"https:\\\/\\\/medtest.stagingservers.net\\\/wp-content\\\/uploads\\\/2018\\\/11\\\/Original.png\",\"contentUrl\":\"https:\\\/\\\/medtest.stagingservers.net\\\/wp-content\\\/uploads\\\/2018\\\/11\\\/Original.png\",\"width\":1024,\"height\":1024,\"caption\":\"Medtest\"},\"image\":{\"@id\":\"https:\\\/\\\/medtest.stagingservers.net\\\/pl\\\/#\\\/schema\\\/logo\\\/image\\\/\"},\"sameAs\":[\"https:\\\/\\\/www.facebook.com\\\/Medtest-1440779469392476\\\/\"]}]}<\/script>","yoast_head_json":{"title":"Test na cukrzyc\u0119 - Medtest.shop","description":"Test na cukrzyc\u0119 - Medtest.shop","robots":{"index":"noindex","follow":"follow","max-snippet":"max-snippet:-1","max-image-preview":"max-image-preview:large","max-video-preview":"max-video-preview:-1"},"og_locale":"pl_PL","og_type":"article","og_title":"Test na cukrzyc\u0119 - Medtest.shop","og_description":"Test na cukrzyc\u0119 - Medtest.shop","og_url":"https:\/\/medtest.stagingservers.net\/pl\/produkt\/test-na-cukrzyce\/","og_site_name":"Medtest.shop","article_publisher":"https:\/\/www.facebook.com\/Medtest-1440779469392476\/","article_modified_time":"2019-09-23T13:27:32+00:00","og_image":[{"width":2362,"height":2362,"url":"https:\/\/medtest.stagingservers.net\/wp-content\/uploads\/2019\/09\/Diabetes.jpg","type":"image\/jpeg"}],"twitter_card":"summary_large_image","schema":{"@context":"https:\/\/schema.org","@graph":[{"@type":"WebPage","@id":"https:\/\/medtest.stagingservers.net\/pl\/produkt\/test-na-cukrzyce\/","url":"https:\/\/medtest.stagingservers.net\/pl\/produkt\/test-na-cukrzyce\/","name":"Test na cukrzyc\u0119 - Medtest.shop","isPartOf":{"@id":"https:\/\/medtest.stagingservers.net\/pl\/#website"},"primaryImageOfPage":{"@id":"https:\/\/medtest.stagingservers.net\/pl\/produkt\/test-na-cukrzyce\/#primaryimage"},"image":{"@id":"https:\/\/medtest.stagingservers.net\/pl\/produkt\/test-na-cukrzyce\/#primaryimage"},"thumbnailUrl":"https:\/\/medtest.stagingservers.net\/wp-content\/uploads\/2019\/09\/Diabetes.jpg","datePublished":"2019-09-02T08:16:49+00:00","dateModified":"2019-09-23T13:27:32+00:00","description":"Test na cukrzyc\u0119 - Medtest.shop","breadcrumb":{"@id":"https:\/\/medtest.stagingservers.net\/pl\/produkt\/test-na-cukrzyce\/#breadcrumb"},"inLanguage":"pl-PL","potentialAction":[{"@type":"ReadAction","target":["https:\/\/medtest.stagingservers.net\/pl\/produkt\/test-na-cukrzyce\/"]}]},{"@type":"ImageObject","inLanguage":"pl-PL","@id":"https:\/\/medtest.stagingservers.net\/pl\/produkt\/test-na-cukrzyce\/#primaryimage","url":"https:\/\/medtest.stagingservers.net\/wp-content\/uploads\/2019\/09\/Diabetes.jpg","contentUrl":"https:\/\/medtest.stagingservers.net\/wp-content\/uploads\/2019\/09\/Diabetes.jpg","width":2362,"height":2362},{"@type":"BreadcrumbList","@id":"https:\/\/medtest.stagingservers.net\/pl\/produkt\/test-na-cukrzyce\/#breadcrumb","itemListElement":[{"@type":"ListItem","position":1,"name":"Home","item":"https:\/\/medtest.stagingservers.net\/pl\/"},{"@type":"ListItem","position":2,"name":"Sklep","item":"https:\/\/medtest.stagingservers.net\/pl\/sklep\/"},{"@type":"ListItem","position":3,"name":"Test na cukrzyc\u0119"}]},{"@type":"WebSite","@id":"https:\/\/medtest.stagingservers.net\/pl\/#website","url":"https:\/\/medtest.stagingservers.net\/pl\/","name":"Medtest.shop","description":"","publisher":{"@id":"https:\/\/medtest.stagingservers.net\/pl\/#organization"},"potentialAction":[{"@type":"SearchAction","target":{"@type":"EntryPoint","urlTemplate":"https:\/\/medtest.stagingservers.net\/pl\/?s={search_term_string}"},"query-input":{"@type":"PropertyValueSpecification","valueRequired":true,"valueName":"search_term_string"}}],"inLanguage":"pl-PL"},{"@type":"Organization","@id":"https:\/\/medtest.stagingservers.net\/pl\/#organization","name":"Medtest","url":"https:\/\/medtest.stagingservers.net\/pl\/","logo":{"@type":"ImageObject","inLanguage":"pl-PL","@id":"https:\/\/medtest.stagingservers.net\/pl\/#\/schema\/logo\/image\/","url":"https:\/\/medtest.stagingservers.net\/wp-content\/uploads\/2018\/11\/Original.png","contentUrl":"https:\/\/medtest.stagingservers.net\/wp-content\/uploads\/2018\/11\/Original.png","width":1024,"height":1024,"caption":"Medtest"},"image":{"@id":"https:\/\/medtest.stagingservers.net\/pl\/#\/schema\/logo\/image\/"},"sameAs":["https:\/\/www.facebook.com\/Medtest-1440779469392476\/"]}]}},"_links":{"self":[{"href":"https:\/\/medtest.stagingservers.net\/pl\/wp-json\/wp\/v2\/product\/73301","targetHints":{"allow":["GET"]}}],"collection":[{"href":"https:\/\/medtest.stagingservers.net\/pl\/wp-json\/wp\/v2\/product"}],"about":[{"href":"https:\/\/medtest.stagingservers.net\/pl\/wp-json\/wp\/v2\/types\/product"}],"replies":[{"embeddable":true,"href":"https:\/\/medtest.stagingservers.net\/pl\/wp-json\/wp\/v2\/comments?post=73301"}],"version-history":[{"count":0,"href":"https:\/\/medtest.stagingservers.net\/pl\/wp-json\/wp\/v2\/product\/73301\/revisions"}],"wp:featuredmedia":[{"embeddable":true,"href":"https:\/\/medtest.stagingservers.net\/pl\/wp-json\/wp\/v2\/media\/73860"}],"wp:attachment":[{"href":"https:\/\/medtest.stagingservers.net\/pl\/wp-json\/wp\/v2\/media?parent=73301"}],"wp:term":[{"taxonomy":"product_brand","embeddable":true,"href":"https:\/\/medtest.stagingservers.net\/pl\/wp-json\/wp\/v2\/product_brand?post=73301"},{"taxonomy":"product_cat","embeddable":true,"href":"https:\/\/medtest.stagingservers.net\/pl\/wp-json\/wp\/v2\/product_cat?post=73301"},{"taxonomy":"product_tag","embeddable":true,"href":"https:\/\/medtest.stagingservers.net\/pl\/wp-json\/wp\/v2\/product_tag?post=73301"}],"curies":[{"name":"wp","href":"https:\/\/api.w.org\/{rel}","templated":true}]}}