{"id":73303,"date":"2019-09-02T10:17:26","date_gmt":"2019-09-02T08:17:26","guid":{"rendered":"https:\/\/medtest.stagingservers.net\/product\/test-na-wrzody-zoladka\/"},"modified":"2019-09-23T15:15:09","modified_gmt":"2019-09-23T13:15:09","slug":"test-na-wrzody-zoladka","status":"publish","type":"product","link":"https:\/\/medtest.stagingservers.net\/pl\/produkt\/test-na-wrzody-zoladka\/","title":{"rendered":"Test na wrzody \u017co\u0142\u0105dka"},"content":{"rendered":"<h2>Test na wrzody \u017co\u0142\u0105dka<\/h2>\n<p>Nasz test na wrzody \u017co\u0142\u0105dka jest szybkim badaniem oznaczonym znakiem CE do wykrywania obecno\u015bci H.Pylori w kale.<\/p>\n<p>B\u00f3l i dyskomfort w g\u00f3rnej cz\u0119\u015bci brzucha s\u0105 stosunkowo cz\u0119stym problemem. Co czwarta osoba mo\u017ce by\u0107 dotkni\u0119ta takimi dolegliwo\u015bciami w pewnym momencie swojego \u017cycia. Cz\u0119stym wyja\u015bnieniem tych dolegliwo\u015bci jest wrz\u00f3d \u017co\u0142\u0105dka. Ponadto stwierdzono, \u017ce najcz\u0119stsz\u0105 przyczyn\u0105 wrzod\u00f3w trawiennych jest obecno\u015b\u0107 bakterii Helicobacter pylori. Wykryj bakterie H. Pylori szybko i \u0142atwo. W 90% przypadk\u00f3w bakteria ta powoduje zaburzenia \u017co\u0142\u0105dka.<\/p>\n<p>Prosty test mo\u017ce pom\u00f3c z\u0142agodzi\u0107 l\u0119ki lub da\u0107 pow\u00f3d do zwr\u00f3cenia si\u0119 o pomoc do lekarza. Pozytywny test (nosisz H. pylori) oznacza, \u017ce powiniene\u015b zwr\u00f3ci\u0107 si\u0119 do lekarza i uzyska\u0107 odpowiednie leczenie, co jest wa\u017cne, poniewa\u017c ten rodzaj wrzod\u00f3w \u017co\u0142\u0105dka mo\u017ce prowadzi\u0107 do powa\u017cnych chor\u00f3b, takich jak rak.<\/p>\n<p>Test wykrywa specyficzne antygeny w kale, co pozwala na ustalenie obecno\u015bci bakterii.<\/p>\n<p><strong>Oto jak post\u0119powa\u0107:<\/strong><\/p>\n<ol>\n<li>U\u017cyj pr\u00f3bnika do pobierania pr\u00f3bek ka\u0142u we wszystkich rodzajach toalet, aby unikn\u0105\u0107 zanieczyszczenia pr\u00f3bki. Nast\u0119pnie zbierz pr\u00f3bki ka\u0142u w pojemniku na ka\u0142.<\/li>\n<li>Odkr\u0119\u0107 zakr\u0119tk\u0119 prob\u00f3wki do pobierania pr\u00f3bek i losowo wetknij aplikator do pr\u00f3bki ka\u0142u w co najmniej 3 r\u00f3\u017cnych miejscach. Pami\u0119taj, aby nie czerpa\u0107 pr\u00f3bki ka\u0142u. Nast\u0119pnie zamknij i zakr\u0119\u0107 korek na prob\u00f3wce do pobierania pr\u00f3bek. Nast\u0119pnie energicznie wstrz\u0105\u015bnij prob\u00f3wk\u0105 do pobierania pr\u00f3bek, aby wymiesza\u0107 pr\u00f3bk\u0119 z buforem do ekstrakcji.<\/li>\n<li>Wyjmij test kasetowy z torebki foliowej i u\u017cyj go w mo\u017cliwie najkr\u00f3tszym terminie. Nale\u017cy u\u017cy\u0107 testu kasetowego natychmiast po otwarciu torebki foliowej, aby uzyska\u0107 najlepsze wyniki.<\/li>\n<li>Przytrzymaj prob\u00f3wk\u0119 do pobierania pr\u00f3bek pionowo i otw\u00f3rz korek. Odwr\u00f3\u0107 prob\u00f3wk\u0119 do g\u00f3ry nogami i przenie\u015b 2 ca\u0142e krople preparatu do testu kasetowego (S), a nast\u0119pnie uruchom stoper. Zobacz ilustracj\u0119 poni\u017cej.<\/li>\n<li>Odczytaj wyniki po 5 minutach. Nie czytaj wynik\u00f3w po 10 minutach.<\/li>\n<\/ol>\n<p><img loading=\"lazy\" decoding=\"async\" class=\"alignnone wp-image-74168 size-medium\" src=\"https:\/\/medtest.stagingservers.net\/wp-content\/uploads\/2019\/09\/Locket-720x219.jpg\" alt=\"\" width=\"720\" height=\"219\" srcset=\"https:\/\/medtest.stagingservers.net\/wp-content\/uploads\/2019\/09\/Locket-720x219.jpg 720w, https:\/\/medtest.stagingservers.net\/wp-content\/uploads\/2019\/09\/Locket-768x234.jpg 768w, https:\/\/medtest.stagingservers.net\/wp-content\/uploads\/2019\/09\/Locket-416x127.jpg 416w, https:\/\/medtest.stagingservers.net\/wp-content\/uploads\/2019\/09\/Locket.jpg 979w\" sizes=\"auto, (max-width: 720px) 100vw, 720px\" \/><\/p>\n<h4>Wyniki<\/h4>\n<p><img loading=\"lazy\" decoding=\"async\" class=\"alignnone wp-image-74032 \" src=\"https:\/\/medtest.stagingservers.net\/wp-content\/uploads\/2019\/09\/Dok3_OO_trzyczwarte.jpg\" alt=\"\" width=\"268\" height=\"197\" \/><\/p>\n<p>Wynik jest pozytywny, gdy pojawi\u0105 si\u0119 kreski przy C i T. Wynik jest ujemny, gdy nie pojawi si\u0119 kreska przy oznaczeniu T. Powodem istnienia kreski kontrolnej (C) jest to, \u017ce dzia\u0142a ona jako kontrola jako\u015bci, kt\u00f3ra zapewnia, \u017ce kaseta dzia\u0142a prawid\u0142owo i \u017ce membrana zosta\u0142a zwil\u017cona.<\/p>\n<p>C = Control (Kontrola)<br \/>\nT = Test<br \/>\nS = Sample (Pr\u00f3bka)<\/p>\n<p>Instrukcja jest do\u0142\u0105czona do produktu.<\/p>\n<p>Je\u015bli masz pytania dotycz\u0105ce testu na wrzody \u017co\u0142\u0105dka, mo\u017cesz<a href=\"https:\/\/medtest.stagingservers.net\/kontakta-oss\/\"> skontaktowa\u0107 si\u0119 z nami tutaj<\/a>. Poniewa\u017c chcemy utrzyma\u0107 wysoki poziom zadowolenia klient\u00f3w, odpowiadamy na wszelkie pytania w ci\u0105gu 24 godzin.<\/p>\n","protected":false},"excerpt":{"rendered":"<p>Domowy test na wrz\u00f3d \u017co\u0142\u0105dka daj\u0105cy wynik w ci\u0105gu 10 minut. Jest oznaczony znakiem CE. Mierzy bakteri\u0119 H.Pylori w kale.<\/p>\n","protected":false},"featured_media":73858,"comment_status":"closed","ping_status":"closed","template":"","meta":{"_acf_changed":false,"footnotes":""},"product_brand":[],"product_cat":[986],"product_tag":[],"class_list":{"0":"post-73303","1":"product","2":"type-product","3":"status-publish","4":"has-post-thumbnail","6":"product_cat-wrzody-zoladka","8":"first","9":"instock","10":"taxable","11":"shipping-taxable","12":"purchasable","13":"product-type-simple"},"acf":[],"yoast_head":"<title>Test na wrzody \u017co\u0142\u0105dka - Medtest.shop<\/title>\n<meta name=\"description\" content=\"Test na wrzody \u017co\u0142\u0105dka - Medtest.shop\" \/>\n<meta name=\"robots\" content=\"noindex, follow, max-snippet:-1, max-image-preview:large, max-video-preview:-1\" \/>\n<meta property=\"og:locale\" content=\"pl_PL\" \/>\n<meta property=\"og:type\" content=\"article\" \/>\n<meta property=\"og:title\" content=\"Test na wrzody \u017co\u0142\u0105dka - Medtest.shop\" \/>\n<meta property=\"og:description\" content=\"Test na wrzody \u017co\u0142\u0105dka - Medtest.shop\" \/>\n<meta property=\"og:url\" content=\"https:\/\/medtest.stagingservers.net\/pl\/produkt\/test-na-wrzody-zoladka\/\" \/>\n<meta property=\"og:site_name\" content=\"Medtest.shop\" \/>\n<meta property=\"article:publisher\" content=\"https:\/\/www.facebook.com\/Medtest-1440779469392476\/\" \/>\n<meta property=\"article:modified_time\" content=\"2019-09-23T13:15:09+00:00\" \/>\n<meta property=\"og:image\" content=\"https:\/\/medtest.stagingservers.net\/wp-content\/uploads\/2019\/09\/H.pylori.png\" \/>\n\t<meta property=\"og:image:width\" content=\"2100\" \/>\n\t<meta property=\"og:image:height\" content=\"1400\" \/>\n\t<meta property=\"og:image:type\" content=\"image\/png\" \/>\n<meta name=\"twitter:card\" content=\"summary_large_image\" \/>\n<script type=\"application\/ld+json\" class=\"yoast-schema-graph\">{\"@context\":\"https:\\\/\\\/schema.org\",\"@graph\":[{\"@type\":\"WebPage\",\"@id\":\"https:\\\/\\\/medtest.stagingservers.net\\\/pl\\\/produkt\\\/test-na-wrzody-zoladka\\\/\",\"url\":\"https:\\\/\\\/medtest.stagingservers.net\\\/pl\\\/produkt\\\/test-na-wrzody-zoladka\\\/\",\"name\":\"Test na wrzody \u017co\u0142\u0105dka - Medtest.shop\",\"isPartOf\":{\"@id\":\"https:\\\/\\\/medtest.stagingservers.net\\\/pl\\\/#website\"},\"primaryImageOfPage\":{\"@id\":\"https:\\\/\\\/medtest.stagingservers.net\\\/pl\\\/produkt\\\/test-na-wrzody-zoladka\\\/#primaryimage\"},\"image\":{\"@id\":\"https:\\\/\\\/medtest.stagingservers.net\\\/pl\\\/produkt\\\/test-na-wrzody-zoladka\\\/#primaryimage\"},\"thumbnailUrl\":\"https:\\\/\\\/medtest.stagingservers.net\\\/wp-content\\\/uploads\\\/2019\\\/09\\\/H.pylori.png\",\"datePublished\":\"2019-09-02T08:17:26+00:00\",\"dateModified\":\"2019-09-23T13:15:09+00:00\",\"description\":\"Test na wrzody \u017co\u0142\u0105dka - Medtest.shop\",\"breadcrumb\":{\"@id\":\"https:\\\/\\\/medtest.stagingservers.net\\\/pl\\\/produkt\\\/test-na-wrzody-zoladka\\\/#breadcrumb\"},\"inLanguage\":\"pl-PL\",\"potentialAction\":[{\"@type\":\"ReadAction\",\"target\":[\"https:\\\/\\\/medtest.stagingservers.net\\\/pl\\\/produkt\\\/test-na-wrzody-zoladka\\\/\"]}]},{\"@type\":\"ImageObject\",\"inLanguage\":\"pl-PL\",\"@id\":\"https:\\\/\\\/medtest.stagingservers.net\\\/pl\\\/produkt\\\/test-na-wrzody-zoladka\\\/#primaryimage\",\"url\":\"https:\\\/\\\/medtest.stagingservers.net\\\/wp-content\\\/uploads\\\/2019\\\/09\\\/H.pylori.png\",\"contentUrl\":\"https:\\\/\\\/medtest.stagingservers.net\\\/wp-content\\\/uploads\\\/2019\\\/09\\\/H.pylori.png\",\"width\":2100,\"height\":1400},{\"@type\":\"BreadcrumbList\",\"@id\":\"https:\\\/\\\/medtest.stagingservers.net\\\/pl\\\/produkt\\\/test-na-wrzody-zoladka\\\/#breadcrumb\",\"itemListElement\":[{\"@type\":\"ListItem\",\"position\":1,\"name\":\"Home\",\"item\":\"https:\\\/\\\/medtest.stagingservers.net\\\/pl\\\/\"},{\"@type\":\"ListItem\",\"position\":2,\"name\":\"Sklep\",\"item\":\"https:\\\/\\\/medtest.stagingservers.net\\\/pl\\\/sklep\\\/\"},{\"@type\":\"ListItem\",\"position\":3,\"name\":\"Test na wrzody \u017co\u0142\u0105dka\"}]},{\"@type\":\"WebSite\",\"@id\":\"https:\\\/\\\/medtest.stagingservers.net\\\/pl\\\/#website\",\"url\":\"https:\\\/\\\/medtest.stagingservers.net\\\/pl\\\/\",\"name\":\"Medtest.shop\",\"description\":\"\",\"publisher\":{\"@id\":\"https:\\\/\\\/medtest.stagingservers.net\\\/pl\\\/#organization\"},\"potentialAction\":[{\"@type\":\"SearchAction\",\"target\":{\"@type\":\"EntryPoint\",\"urlTemplate\":\"https:\\\/\\\/medtest.stagingservers.net\\\/pl\\\/?s={search_term_string}\"},\"query-input\":{\"@type\":\"PropertyValueSpecification\",\"valueRequired\":true,\"valueName\":\"search_term_string\"}}],\"inLanguage\":\"pl-PL\"},{\"@type\":\"Organization\",\"@id\":\"https:\\\/\\\/medtest.stagingservers.net\\\/pl\\\/#organization\",\"name\":\"Medtest\",\"url\":\"https:\\\/\\\/medtest.stagingservers.net\\\/pl\\\/\",\"logo\":{\"@type\":\"ImageObject\",\"inLanguage\":\"pl-PL\",\"@id\":\"https:\\\/\\\/medtest.stagingservers.net\\\/pl\\\/#\\\/schema\\\/logo\\\/image\\\/\",\"url\":\"https:\\\/\\\/medtest.stagingservers.net\\\/wp-content\\\/uploads\\\/2018\\\/11\\\/Original.png\",\"contentUrl\":\"https:\\\/\\\/medtest.stagingservers.net\\\/wp-content\\\/uploads\\\/2018\\\/11\\\/Original.png\",\"width\":1024,\"height\":1024,\"caption\":\"Medtest\"},\"image\":{\"@id\":\"https:\\\/\\\/medtest.stagingservers.net\\\/pl\\\/#\\\/schema\\\/logo\\\/image\\\/\"},\"sameAs\":[\"https:\\\/\\\/www.facebook.com\\\/Medtest-1440779469392476\\\/\"]}]}<\/script>","yoast_head_json":{"title":"Test na wrzody \u017co\u0142\u0105dka - Medtest.shop","description":"Test na wrzody \u017co\u0142\u0105dka - Medtest.shop","robots":{"index":"noindex","follow":"follow","max-snippet":"max-snippet:-1","max-image-preview":"max-image-preview:large","max-video-preview":"max-video-preview:-1"},"og_locale":"pl_PL","og_type":"article","og_title":"Test na wrzody \u017co\u0142\u0105dka - Medtest.shop","og_description":"Test na wrzody \u017co\u0142\u0105dka - Medtest.shop","og_url":"https:\/\/medtest.stagingservers.net\/pl\/produkt\/test-na-wrzody-zoladka\/","og_site_name":"Medtest.shop","article_publisher":"https:\/\/www.facebook.com\/Medtest-1440779469392476\/","article_modified_time":"2019-09-23T13:15:09+00:00","og_image":[{"width":2100,"height":1400,"url":"https:\/\/medtest.stagingservers.net\/wp-content\/uploads\/2019\/09\/H.pylori.png","type":"image\/png"}],"twitter_card":"summary_large_image","schema":{"@context":"https:\/\/schema.org","@graph":[{"@type":"WebPage","@id":"https:\/\/medtest.stagingservers.net\/pl\/produkt\/test-na-wrzody-zoladka\/","url":"https:\/\/medtest.stagingservers.net\/pl\/produkt\/test-na-wrzody-zoladka\/","name":"Test na wrzody \u017co\u0142\u0105dka - Medtest.shop","isPartOf":{"@id":"https:\/\/medtest.stagingservers.net\/pl\/#website"},"primaryImageOfPage":{"@id":"https:\/\/medtest.stagingservers.net\/pl\/produkt\/test-na-wrzody-zoladka\/#primaryimage"},"image":{"@id":"https:\/\/medtest.stagingservers.net\/pl\/produkt\/test-na-wrzody-zoladka\/#primaryimage"},"thumbnailUrl":"https:\/\/medtest.stagingservers.net\/wp-content\/uploads\/2019\/09\/H.pylori.png","datePublished":"2019-09-02T08:17:26+00:00","dateModified":"2019-09-23T13:15:09+00:00","description":"Test na wrzody \u017co\u0142\u0105dka - Medtest.shop","breadcrumb":{"@id":"https:\/\/medtest.stagingservers.net\/pl\/produkt\/test-na-wrzody-zoladka\/#breadcrumb"},"inLanguage":"pl-PL","potentialAction":[{"@type":"ReadAction","target":["https:\/\/medtest.stagingservers.net\/pl\/produkt\/test-na-wrzody-zoladka\/"]}]},{"@type":"ImageObject","inLanguage":"pl-PL","@id":"https:\/\/medtest.stagingservers.net\/pl\/produkt\/test-na-wrzody-zoladka\/#primaryimage","url":"https:\/\/medtest.stagingservers.net\/wp-content\/uploads\/2019\/09\/H.pylori.png","contentUrl":"https:\/\/medtest.stagingservers.net\/wp-content\/uploads\/2019\/09\/H.pylori.png","width":2100,"height":1400},{"@type":"BreadcrumbList","@id":"https:\/\/medtest.stagingservers.net\/pl\/produkt\/test-na-wrzody-zoladka\/#breadcrumb","itemListElement":[{"@type":"ListItem","position":1,"name":"Home","item":"https:\/\/medtest.stagingservers.net\/pl\/"},{"@type":"ListItem","position":2,"name":"Sklep","item":"https:\/\/medtest.stagingservers.net\/pl\/sklep\/"},{"@type":"ListItem","position":3,"name":"Test na wrzody \u017co\u0142\u0105dka"}]},{"@type":"WebSite","@id":"https:\/\/medtest.stagingservers.net\/pl\/#website","url":"https:\/\/medtest.stagingservers.net\/pl\/","name":"Medtest.shop","description":"","publisher":{"@id":"https:\/\/medtest.stagingservers.net\/pl\/#organization"},"potentialAction":[{"@type":"SearchAction","target":{"@type":"EntryPoint","urlTemplate":"https:\/\/medtest.stagingservers.net\/pl\/?s={search_term_string}"},"query-input":{"@type":"PropertyValueSpecification","valueRequired":true,"valueName":"search_term_string"}}],"inLanguage":"pl-PL"},{"@type":"Organization","@id":"https:\/\/medtest.stagingservers.net\/pl\/#organization","name":"Medtest","url":"https:\/\/medtest.stagingservers.net\/pl\/","logo":{"@type":"ImageObject","inLanguage":"pl-PL","@id":"https:\/\/medtest.stagingservers.net\/pl\/#\/schema\/logo\/image\/","url":"https:\/\/medtest.stagingservers.net\/wp-content\/uploads\/2018\/11\/Original.png","contentUrl":"https:\/\/medtest.stagingservers.net\/wp-content\/uploads\/2018\/11\/Original.png","width":1024,"height":1024,"caption":"Medtest"},"image":{"@id":"https:\/\/medtest.stagingservers.net\/pl\/#\/schema\/logo\/image\/"},"sameAs":["https:\/\/www.facebook.com\/Medtest-1440779469392476\/"]}]}},"_links":{"self":[{"href":"https:\/\/medtest.stagingservers.net\/pl\/wp-json\/wp\/v2\/product\/73303","targetHints":{"allow":["GET"]}}],"collection":[{"href":"https:\/\/medtest.stagingservers.net\/pl\/wp-json\/wp\/v2\/product"}],"about":[{"href":"https:\/\/medtest.stagingservers.net\/pl\/wp-json\/wp\/v2\/types\/product"}],"replies":[{"embeddable":true,"href":"https:\/\/medtest.stagingservers.net\/pl\/wp-json\/wp\/v2\/comments?post=73303"}],"version-history":[{"count":0,"href":"https:\/\/medtest.stagingservers.net\/pl\/wp-json\/wp\/v2\/product\/73303\/revisions"}],"wp:featuredmedia":[{"embeddable":true,"href":"https:\/\/medtest.stagingservers.net\/pl\/wp-json\/wp\/v2\/media\/73858"}],"wp:attachment":[{"href":"https:\/\/medtest.stagingservers.net\/pl\/wp-json\/wp\/v2\/media?parent=73303"}],"wp:term":[{"taxonomy":"product_brand","embeddable":true,"href":"https:\/\/medtest.stagingservers.net\/pl\/wp-json\/wp\/v2\/product_brand?post=73303"},{"taxonomy":"product_cat","embeddable":true,"href":"https:\/\/medtest.stagingservers.net\/pl\/wp-json\/wp\/v2\/product_cat?post=73303"},{"taxonomy":"product_tag","embeddable":true,"href":"https:\/\/medtest.stagingservers.net\/pl\/wp-json\/wp\/v2\/product_tag?post=73303"}],"curies":[{"name":"wp","href":"https:\/\/api.w.org\/{rel}","templated":true}]}}