{"id":73305,"date":"2019-09-02T10:17:54","date_gmt":"2019-09-02T08:17:54","guid":{"rendered":"https:\/\/medtest.stagingservers.net\/product\/krew-w-stolcu\/"},"modified":"2019-09-23T14:54:30","modified_gmt":"2019-09-23T12:54:30","slug":"krew-w-stolcu","status":"publish","type":"product","link":"https:\/\/medtest.stagingservers.net\/pl\/produkt\/krew-w-stolcu\/","title":{"rendered":"Krew w stolcu"},"content":{"rendered":"<h2>Krew w stolcu<\/h2>\n<p>Nasz test jelit FOB to szybki test z oznaczeniem CE do wykrywania ukrytej krwi w kale, kt\u00f3ry zapewnia wczesne ostrze\u017cenie.<\/p>\n<p>Wiele chor\u00f3b mo\u017ce by\u0107 przyczyn\u0105 ukrytej krwi w kale, znan\u0105 jako ka\u0142owa krew utajona (FOB \u2014 Fecal Occult Blood). We wczesnych stadiach problemy \u017co\u0142\u0105dkowo-jelitowe, takie jak rak jelit, wrzody, polipy, zapalenie jelita grubego, zapalenie uchy\u0142k\u00f3w i p\u0119kni\u0119cia nie daj\u0105 \u017cadnych widocznych objaw\u00f3w, poza krwawieniem. Nasz test jest szybkim testem jako\u015bciowo wykrywaj\u0105cym nawet niskie poziomy krwi w kale. W te\u015bcie wykorzystano test podw\u00f3jnego przeciwcia\u0142a do selektywnego wykrywania krwi przy 50 ng\/ml lub wy\u017cszej, lub 6 \u00b5g\/g ka\u0142u. Ponadto, w przeciwie\u0144stwie do innych analiz, dieta, kt\u00f3r\u0105 stosujesz, nie wp\u0142ywa na dok\u0142adno\u015b\u0107 testu.<\/p>\n<p><strong>Oto jak post\u0119powa\u0107:<\/strong><\/p>\n<ol>\n<li>Zbierz pr\u00f3bki ka\u0142u w kolektorze ka\u0142u. U\u017cyj kolektora na ka\u0142 we wszystkich rodzajach toalet, aby unikn\u0105\u0107 zanieczyszczenia pr\u00f3bki.<\/li>\n<li>Odkr\u0119\u0107 zakr\u0119tk\u0119 prob\u00f3wki do pobierania pr\u00f3bek i losowo wetknij aplikator do pr\u00f3bki ka\u0142u w co najmniej 3 r\u00f3\u017cnych miejscach. Nie nale\u017cy pobiera\u0107 pr\u00f3bki ka\u0142u. Dokr\u0119\u0107 i zabezpiecz nasadk\u0119 prob\u00f3wki do pobierania pr\u00f3bek i energicznie wstrz\u0105\u015bnij prob\u00f3wk\u0105 do pobierania pr\u00f3bek, aby wymiesza\u0107 pr\u00f3bk\u0119 z buforem do ekstrakcji.<\/li>\n<li>Wyjmij wk\u0142ad testowy z torebki foliowej i u\u017cyj go jak najszybciej. Najlepsze wyniki uzyskasz, wykonuj\u0105c test natychmiast po otwarciu torebki foliowej.<\/li>\n<li>Przytrzymaj prob\u00f3wk\u0119 do pobierania pr\u00f3bek pionowo i otw\u00f3rz korek. Odwr\u00f3\u0107 prob\u00f3wk\u0119 do g\u00f3ry nogami i przenie\u015b 2 ca\u0142e krople do wk\u0142adu testowego (S), a nast\u0119pnie uruchom stoper. Zobacz ilustracj\u0119 poni\u017cej.<\/li>\n<li>Odczytaj wyniki po 5 minutach. Nie czytaj wynik\u00f3w po 10 minutach.<\/li>\n<\/ol>\n<p><img loading=\"lazy\" decoding=\"async\" class=\"alignnone wp-image-74168 \" src=\"https:\/\/medtest.stagingservers.net\/wp-content\/uploads\/2019\/09\/Locket-720x219.jpg\" alt=\"\" width=\"934\" height=\"284\" srcset=\"https:\/\/medtest.stagingservers.net\/wp-content\/uploads\/2019\/09\/Locket-720x219.jpg 720w, https:\/\/medtest.stagingservers.net\/wp-content\/uploads\/2019\/09\/Locket-768x234.jpg 768w, https:\/\/medtest.stagingservers.net\/wp-content\/uploads\/2019\/09\/Locket-416x127.jpg 416w, https:\/\/medtest.stagingservers.net\/wp-content\/uploads\/2019\/09\/Locket.jpg 979w\" sizes=\"auto, (max-width: 934px) 100vw, 934px\" \/><\/p>\n<h4>Wynik<\/h4>\n<p><img loading=\"lazy\" decoding=\"async\" class=\"alignnone wp-image-74032 \" src=\"https:\/\/medtest.stagingservers.net\/wp-content\/uploads\/2019\/09\/Dok3_OO_trzyczwarte.jpg\" alt=\"\" width=\"318\" height=\"234\" \/><\/p>\n<div class=\"row\">\n<div class=\"extra\">\n<div class=\"component\">\n<div class=\"self mobile-leaf text textnormal mobile-undersized-upper\">\n<p>Kiedy zobaczysz kreski przy C i T, jest to wynik pozytywny. Je\u015bli widzisz kresk\u0119 tylko przy C wyniki s\u0105 ujemne. Linia kontrolna (C) dzia\u0142a jak kontrola jako\u015bci, kt\u00f3ra zapewnia, \u017ce kaseta dzia\u0142a poprawnie.<\/p>\n<p>C = Control (Kontrola)<\/p>\n<p>T = Test<\/p>\n<p>S = Sample (Pr\u00f3bka)<\/p>\n<p>Instrukcja jest do\u0142\u0105czona do produktu.<\/p>\n<\/div>\n<\/div>\n<\/div>\n<\/div>\n","protected":false},"excerpt":{"rendered":"<p>Test mierzy niskie poziomy krwi w kale. Sprawd\u017a ewentualne choroby jelit. Uzyskaj wynik w 10 minut. Wiele chor\u00f3b mo\u017ce powodowa\u0107 ukryt\u0105 krew w kale, znan\u0105 jako Fecal Occult Blood (FOB).<\/p>\n","protected":false},"featured_media":73856,"comment_status":"closed","ping_status":"closed","template":"","meta":{"_acf_changed":false,"footnotes":""},"product_brand":[],"product_cat":[981],"product_tag":[],"class_list":{"0":"post-73305","1":"product","2":"type-product","3":"status-publish","4":"has-post-thumbnail","6":"product_cat-krew-w-stolcu","8":"first","9":"instock","10":"taxable","11":"shipping-taxable","12":"purchasable","13":"product-type-simple"},"acf":[],"yoast_head":"<title>Krew w stolcu - Medtest.shop<\/title>\n<meta name=\"description\" content=\"Krew w stolcu - Medtest.shop\" \/>\n<meta name=\"robots\" content=\"noindex, follow, max-snippet:-1, max-image-preview:large, max-video-preview:-1\" \/>\n<meta property=\"og:locale\" content=\"pl_PL\" \/>\n<meta property=\"og:type\" content=\"article\" \/>\n<meta property=\"og:title\" content=\"Krew w stolcu - Medtest.shop\" \/>\n<meta property=\"og:description\" content=\"Krew w stolcu - Medtest.shop\" \/>\n<meta property=\"og:url\" content=\"https:\/\/medtest.stagingservers.net\/pl\/produkt\/krew-w-stolcu\/\" \/>\n<meta property=\"og:site_name\" content=\"Medtest.shop\" \/>\n<meta property=\"article:publisher\" content=\"https:\/\/www.facebook.com\/Medtest-1440779469392476\/\" \/>\n<meta property=\"article:modified_time\" content=\"2019-09-23T12:54:30+00:00\" \/>\n<meta property=\"og:image\" content=\"https:\/\/medtest.stagingservers.net\/wp-content\/uploads\/2019\/09\/FOB.png\" \/>\n\t<meta property=\"og:image:width\" content=\"2100\" \/>\n\t<meta property=\"og:image:height\" content=\"1400\" \/>\n\t<meta property=\"og:image:type\" content=\"image\/png\" \/>\n<meta name=\"twitter:card\" content=\"summary_large_image\" \/>\n<script type=\"application\/ld+json\" class=\"yoast-schema-graph\">{\"@context\":\"https:\\\/\\\/schema.org\",\"@graph\":[{\"@type\":\"WebPage\",\"@id\":\"https:\\\/\\\/medtest.stagingservers.net\\\/pl\\\/produkt\\\/krew-w-stolcu\\\/\",\"url\":\"https:\\\/\\\/medtest.stagingservers.net\\\/pl\\\/produkt\\\/krew-w-stolcu\\\/\",\"name\":\"Krew w stolcu - Medtest.shop\",\"isPartOf\":{\"@id\":\"https:\\\/\\\/medtest.stagingservers.net\\\/pl\\\/#website\"},\"primaryImageOfPage\":{\"@id\":\"https:\\\/\\\/medtest.stagingservers.net\\\/pl\\\/produkt\\\/krew-w-stolcu\\\/#primaryimage\"},\"image\":{\"@id\":\"https:\\\/\\\/medtest.stagingservers.net\\\/pl\\\/produkt\\\/krew-w-stolcu\\\/#primaryimage\"},\"thumbnailUrl\":\"https:\\\/\\\/medtest.stagingservers.net\\\/wp-content\\\/uploads\\\/2019\\\/09\\\/FOB.png\",\"datePublished\":\"2019-09-02T08:17:54+00:00\",\"dateModified\":\"2019-09-23T12:54:30+00:00\",\"description\":\"Krew w stolcu - Medtest.shop\",\"breadcrumb\":{\"@id\":\"https:\\\/\\\/medtest.stagingservers.net\\\/pl\\\/produkt\\\/krew-w-stolcu\\\/#breadcrumb\"},\"inLanguage\":\"pl-PL\",\"potentialAction\":[{\"@type\":\"ReadAction\",\"target\":[\"https:\\\/\\\/medtest.stagingservers.net\\\/pl\\\/produkt\\\/krew-w-stolcu\\\/\"]}]},{\"@type\":\"ImageObject\",\"inLanguage\":\"pl-PL\",\"@id\":\"https:\\\/\\\/medtest.stagingservers.net\\\/pl\\\/produkt\\\/krew-w-stolcu\\\/#primaryimage\",\"url\":\"https:\\\/\\\/medtest.stagingservers.net\\\/wp-content\\\/uploads\\\/2019\\\/09\\\/FOB.png\",\"contentUrl\":\"https:\\\/\\\/medtest.stagingservers.net\\\/wp-content\\\/uploads\\\/2019\\\/09\\\/FOB.png\",\"width\":2100,\"height\":1400},{\"@type\":\"BreadcrumbList\",\"@id\":\"https:\\\/\\\/medtest.stagingservers.net\\\/pl\\\/produkt\\\/krew-w-stolcu\\\/#breadcrumb\",\"itemListElement\":[{\"@type\":\"ListItem\",\"position\":1,\"name\":\"Home\",\"item\":\"https:\\\/\\\/medtest.stagingservers.net\\\/pl\\\/\"},{\"@type\":\"ListItem\",\"position\":2,\"name\":\"Sklep\",\"item\":\"https:\\\/\\\/medtest.stagingservers.net\\\/pl\\\/sklep\\\/\"},{\"@type\":\"ListItem\",\"position\":3,\"name\":\"Krew w stolcu\"}]},{\"@type\":\"WebSite\",\"@id\":\"https:\\\/\\\/medtest.stagingservers.net\\\/pl\\\/#website\",\"url\":\"https:\\\/\\\/medtest.stagingservers.net\\\/pl\\\/\",\"name\":\"Medtest.shop\",\"description\":\"\",\"publisher\":{\"@id\":\"https:\\\/\\\/medtest.stagingservers.net\\\/pl\\\/#organization\"},\"potentialAction\":[{\"@type\":\"SearchAction\",\"target\":{\"@type\":\"EntryPoint\",\"urlTemplate\":\"https:\\\/\\\/medtest.stagingservers.net\\\/pl\\\/?s={search_term_string}\"},\"query-input\":{\"@type\":\"PropertyValueSpecification\",\"valueRequired\":true,\"valueName\":\"search_term_string\"}}],\"inLanguage\":\"pl-PL\"},{\"@type\":\"Organization\",\"@id\":\"https:\\\/\\\/medtest.stagingservers.net\\\/pl\\\/#organization\",\"name\":\"Medtest\",\"url\":\"https:\\\/\\\/medtest.stagingservers.net\\\/pl\\\/\",\"logo\":{\"@type\":\"ImageObject\",\"inLanguage\":\"pl-PL\",\"@id\":\"https:\\\/\\\/medtest.stagingservers.net\\\/pl\\\/#\\\/schema\\\/logo\\\/image\\\/\",\"url\":\"https:\\\/\\\/medtest.stagingservers.net\\\/wp-content\\\/uploads\\\/2018\\\/11\\\/Original.png\",\"contentUrl\":\"https:\\\/\\\/medtest.stagingservers.net\\\/wp-content\\\/uploads\\\/2018\\\/11\\\/Original.png\",\"width\":1024,\"height\":1024,\"caption\":\"Medtest\"},\"image\":{\"@id\":\"https:\\\/\\\/medtest.stagingservers.net\\\/pl\\\/#\\\/schema\\\/logo\\\/image\\\/\"},\"sameAs\":[\"https:\\\/\\\/www.facebook.com\\\/Medtest-1440779469392476\\\/\"]}]}<\/script>","yoast_head_json":{"title":"Krew w stolcu - Medtest.shop","description":"Krew w stolcu - Medtest.shop","robots":{"index":"noindex","follow":"follow","max-snippet":"max-snippet:-1","max-image-preview":"max-image-preview:large","max-video-preview":"max-video-preview:-1"},"og_locale":"pl_PL","og_type":"article","og_title":"Krew w stolcu - Medtest.shop","og_description":"Krew w stolcu - Medtest.shop","og_url":"https:\/\/medtest.stagingservers.net\/pl\/produkt\/krew-w-stolcu\/","og_site_name":"Medtest.shop","article_publisher":"https:\/\/www.facebook.com\/Medtest-1440779469392476\/","article_modified_time":"2019-09-23T12:54:30+00:00","og_image":[{"width":2100,"height":1400,"url":"https:\/\/medtest.stagingservers.net\/wp-content\/uploads\/2019\/09\/FOB.png","type":"image\/png"}],"twitter_card":"summary_large_image","schema":{"@context":"https:\/\/schema.org","@graph":[{"@type":"WebPage","@id":"https:\/\/medtest.stagingservers.net\/pl\/produkt\/krew-w-stolcu\/","url":"https:\/\/medtest.stagingservers.net\/pl\/produkt\/krew-w-stolcu\/","name":"Krew w stolcu - Medtest.shop","isPartOf":{"@id":"https:\/\/medtest.stagingservers.net\/pl\/#website"},"primaryImageOfPage":{"@id":"https:\/\/medtest.stagingservers.net\/pl\/produkt\/krew-w-stolcu\/#primaryimage"},"image":{"@id":"https:\/\/medtest.stagingservers.net\/pl\/produkt\/krew-w-stolcu\/#primaryimage"},"thumbnailUrl":"https:\/\/medtest.stagingservers.net\/wp-content\/uploads\/2019\/09\/FOB.png","datePublished":"2019-09-02T08:17:54+00:00","dateModified":"2019-09-23T12:54:30+00:00","description":"Krew w stolcu - Medtest.shop","breadcrumb":{"@id":"https:\/\/medtest.stagingservers.net\/pl\/produkt\/krew-w-stolcu\/#breadcrumb"},"inLanguage":"pl-PL","potentialAction":[{"@type":"ReadAction","target":["https:\/\/medtest.stagingservers.net\/pl\/produkt\/krew-w-stolcu\/"]}]},{"@type":"ImageObject","inLanguage":"pl-PL","@id":"https:\/\/medtest.stagingservers.net\/pl\/produkt\/krew-w-stolcu\/#primaryimage","url":"https:\/\/medtest.stagingservers.net\/wp-content\/uploads\/2019\/09\/FOB.png","contentUrl":"https:\/\/medtest.stagingservers.net\/wp-content\/uploads\/2019\/09\/FOB.png","width":2100,"height":1400},{"@type":"BreadcrumbList","@id":"https:\/\/medtest.stagingservers.net\/pl\/produkt\/krew-w-stolcu\/#breadcrumb","itemListElement":[{"@type":"ListItem","position":1,"name":"Home","item":"https:\/\/medtest.stagingservers.net\/pl\/"},{"@type":"ListItem","position":2,"name":"Sklep","item":"https:\/\/medtest.stagingservers.net\/pl\/sklep\/"},{"@type":"ListItem","position":3,"name":"Krew w stolcu"}]},{"@type":"WebSite","@id":"https:\/\/medtest.stagingservers.net\/pl\/#website","url":"https:\/\/medtest.stagingservers.net\/pl\/","name":"Medtest.shop","description":"","publisher":{"@id":"https:\/\/medtest.stagingservers.net\/pl\/#organization"},"potentialAction":[{"@type":"SearchAction","target":{"@type":"EntryPoint","urlTemplate":"https:\/\/medtest.stagingservers.net\/pl\/?s={search_term_string}"},"query-input":{"@type":"PropertyValueSpecification","valueRequired":true,"valueName":"search_term_string"}}],"inLanguage":"pl-PL"},{"@type":"Organization","@id":"https:\/\/medtest.stagingservers.net\/pl\/#organization","name":"Medtest","url":"https:\/\/medtest.stagingservers.net\/pl\/","logo":{"@type":"ImageObject","inLanguage":"pl-PL","@id":"https:\/\/medtest.stagingservers.net\/pl\/#\/schema\/logo\/image\/","url":"https:\/\/medtest.stagingservers.net\/wp-content\/uploads\/2018\/11\/Original.png","contentUrl":"https:\/\/medtest.stagingservers.net\/wp-content\/uploads\/2018\/11\/Original.png","width":1024,"height":1024,"caption":"Medtest"},"image":{"@id":"https:\/\/medtest.stagingservers.net\/pl\/#\/schema\/logo\/image\/"},"sameAs":["https:\/\/www.facebook.com\/Medtest-1440779469392476\/"]}]}},"_links":{"self":[{"href":"https:\/\/medtest.stagingservers.net\/pl\/wp-json\/wp\/v2\/product\/73305","targetHints":{"allow":["GET"]}}],"collection":[{"href":"https:\/\/medtest.stagingservers.net\/pl\/wp-json\/wp\/v2\/product"}],"about":[{"href":"https:\/\/medtest.stagingservers.net\/pl\/wp-json\/wp\/v2\/types\/product"}],"replies":[{"embeddable":true,"href":"https:\/\/medtest.stagingservers.net\/pl\/wp-json\/wp\/v2\/comments?post=73305"}],"version-history":[{"count":0,"href":"https:\/\/medtest.stagingservers.net\/pl\/wp-json\/wp\/v2\/product\/73305\/revisions"}],"wp:featuredmedia":[{"embeddable":true,"href":"https:\/\/medtest.stagingservers.net\/pl\/wp-json\/wp\/v2\/media\/73856"}],"wp:attachment":[{"href":"https:\/\/medtest.stagingservers.net\/pl\/wp-json\/wp\/v2\/media?parent=73305"}],"wp:term":[{"taxonomy":"product_brand","embeddable":true,"href":"https:\/\/medtest.stagingservers.net\/pl\/wp-json\/wp\/v2\/product_brand?post=73305"},{"taxonomy":"product_cat","embeddable":true,"href":"https:\/\/medtest.stagingservers.net\/pl\/wp-json\/wp\/v2\/product_cat?post=73305"},{"taxonomy":"product_tag","embeddable":true,"href":"https:\/\/medtest.stagingservers.net\/pl\/wp-json\/wp\/v2\/product_tag?post=73305"}],"curies":[{"name":"wp","href":"https:\/\/api.w.org\/{rel}","templated":true}]}}