{"id":73307,"date":"2019-09-02T10:18:49","date_gmt":"2019-09-02T08:18:49","guid":{"rendered":"https:\/\/medtest.stagingservers.net\/product\/test-na-menopauze\/"},"modified":"2019-11-12T14:42:05","modified_gmt":"2019-11-12T12:42:05","slug":"test-na-menopauze","status":"publish","type":"product","link":"https:\/\/medtest.stagingservers.net\/pl\/produkt\/test-na-menopauze\/","title":{"rendered":"Test na Menopauz\u0119"},"content":{"rendered":"<h2>Test na menopauz\u0119<\/h2>\n<p><strong>Test domowy z wynikiem w ci\u0105gu 5 minut<\/strong><\/p>\n<p>Wykonanie testu na menopauz\u0119 firmy Medtest polega na pobraniu pr\u00f3bki moczu (nasikaniu na sztyft), kt\u00f3ry szybko i bezpiecznie poka\u017ce, czy osi\u0105gn\u0119\u0142a\u015b ostatni etap klimakterium, postmenopauz\u0119, czy te\u017c nie. W wieku oko\u0142o 45 lat wi\u0119kszo\u015b\u0107 kobiet zbli\u017ca si\u0119 do fazy \u017cycia zwanej klimakterium lub menopauz\u0105. Typowymi objawami s\u0105 wahania nastroju, uderzenia gor\u0105ca, pocenie si\u0119, bezsenno\u015b\u0107, krucho\u015b\u0107 b\u0142on \u015bluzowych i nietrzymanie moczu. Wynika to z faktu, \u017ce poziom hormonu p\u0142ciowego estrogenu w organizmie stopniowo maleje. Nasze testy menopauzy s\u0105 bardzo bezpieczne i posiadaj\u0105 r\u00f3wnie\u017c znak CE. Test mierzy hormon folikulotropowy (FSH) w moczu w st\u0119\u017ceniu 25 mIU\/ml lub wy\u017cszym. Ponadto test ma 92,8% niezawodno\u015b\u0107. Ulotka w j\u0119zyku polskim jest do\u0142\u0105czona do opakowania.<\/p>\n<p><strong>Po co przeprowadza\u0107 testy?<\/strong><\/p>\n<p>Nieregularna miesi\u0105czka jest powszechna podczas zbli\u017cania si\u0119 do menopauzy i mo\u017ce by\u0107 trudno ustali\u0107, czy osi\u0105gn\u0119\u0142a\u015b menopauz\u0119 lub, czy nadal jeste\u015b p\u0142odna. Test weryfikuje podwy\u017cszony poziom hormonu FSH, kt\u00f3ry wzrasta w organizmie z menopauz\u0105, a nast\u0119pnie utrzymuje podwy\u017cszony poziom przez trzy do pi\u0119ciu lat. Testuj\u0105c otrzymujesz odpowied\u017a na pytanie, czy jeste\u015b w okresie postmenopauzalnym. Test jest zatem skierowany r\u00f3wnie\u017c do tych kobiet, kt\u00f3re chc\u0105 wiedzie\u0107, czy przesz\u0142a\u015b menopauz\u0119, a tym samym unikn\u0105\u0107 przyjmowania niepotrzebnych lek\u00f3w (nale\u017cy to zrobi\u0107 po konsultacji z lekarzem).<\/p>\n<p><strong>Oto jak post\u0119powa\u0107<\/strong><\/p>\n<ol>\n<li>\u00a0Zanurz pasek testowy w pojemniku z moczem na 10-15 sekund.<\/li>\n<li>Nast\u0119pnie umie\u015b\u0107 pasek testowy na niech\u0142onnej p\u0142askiej powierzchni. Wynik mo\u017cesz odczyta\u0107 po 3 minutach. Nie interpretuj wyniku po 10 minutach.<\/li>\n<\/ol>\n<p>Instrukcje w j\u0119zyku polskim s\u0105 do\u0142\u0105czone do <a href=\"https:\/\/medtest.stagingservers.net\/alla-produkter\/\">wszystkich naszych produkt\u00f3w<\/a>.<\/p>\n<h4>Najcz\u0119\u015bciej zadawane pytania<\/h4>\n<p><strong>Dlaczego warto korzysta\u0107 z auto-testu? <\/strong>Istnieje wiele odpowiedzi na to pytanie. Wi\u0119kszo\u015b\u0107 naszych klientek uwa\u017ca, \u017ce dzi\u0119ki naszym testom zwr\u00f3ci\u0142y si\u0119 o pomoc do podstawowej opieki zdrowotnej, gdy test wskaza\u0142 na nieprawid\u0142owo\u015bci, wi\u0119c wiele os\u00f3b uwa\u017ca, \u017ce \u0142atwiej otrzymuje pomoc, do kt\u00f3rej jest uprawniona. Dlatego zawsze zr\u00f3b zdj\u0119cie testu, je\u015bli jest pozytywny i zabierz je do lekarza. <strong>Jak gwarantowane jest bezpiecze\u0144stwo\/niezawodno\u015b\u0107? <\/strong>Post\u0119pujemy zgodnie z dyrektywami dotycz\u0105cymi oznakowania CE. Oznacza to, mi\u0119dzy innymi, \u017ce zadbali\u015bmy o to, aby instrukcje itp. by\u0142y \u0142atwe do zrozumienia \u2014 nawet dla tych, kt\u00f3rzy nie maj\u0105 wykszta\u0142cenia medycznego.<\/p>\n","protected":false},"excerpt":{"rendered":"<p>Test menopauzy (zatwierdzony przez CE) daj\u0105cy wynik w ci\u0105gu 10 minut. Mierzy hormon FSH. Wykonanie testu polegaj\u0105cego na pobraniu pr\u00f3bki moczu (nasikaniu na sztyft) szybko i bezpiecznie poka\u017ce, czy osi\u0105gn\u0119\u0142a\u015b ostatni etap klimakterium, postmenopauz\u0119, czy te\u017c nie.<\/p>\n","protected":false},"featured_media":73827,"comment_status":"closed","ping_status":"closed","template":"","meta":{"_acf_changed":false,"footnotes":""},"product_brand":[],"product_cat":[984],"product_tag":[],"class_list":{"0":"post-73307","1":"product","2":"type-product","3":"status-publish","4":"has-post-thumbnail","6":"product_cat-test-na-menopauze","8":"first","9":"instock","10":"taxable","11":"shipping-taxable","12":"purchasable","13":"product-type-simple"},"acf":[],"yoast_head":"<title>Test na Menopauz\u0119 - Medtest.shop<\/title>\n<meta name=\"description\" content=\"Test na Menopauz\u0119 - Medtest.shop\" \/>\n<meta name=\"robots\" content=\"noindex, follow, max-snippet:-1, max-image-preview:large, max-video-preview:-1\" \/>\n<meta property=\"og:locale\" content=\"pl_PL\" \/>\n<meta property=\"og:type\" content=\"article\" \/>\n<meta property=\"og:title\" content=\"Test na Menopauz\u0119 - Medtest.shop\" \/>\n<meta property=\"og:description\" content=\"Test na Menopauz\u0119 - Medtest.shop\" \/>\n<meta property=\"og:url\" content=\"https:\/\/medtest.stagingservers.net\/pl\/produkt\/test-na-menopauze\/\" \/>\n<meta property=\"og:site_name\" content=\"Medtest.shop\" \/>\n<meta property=\"article:publisher\" content=\"https:\/\/www.facebook.com\/Medtest-1440779469392476\/\" \/>\n<meta property=\"article:modified_time\" content=\"2019-11-12T12:42:05+00:00\" \/>\n<meta property=\"og:image\" content=\"https:\/\/medtest.stagingservers.net\/wp-content\/uploads\/2019\/09\/FSH.png\" \/>\n\t<meta property=\"og:image:width\" content=\"2100\" \/>\n\t<meta property=\"og:image:height\" content=\"1400\" \/>\n\t<meta property=\"og:image:type\" content=\"image\/png\" \/>\n<meta name=\"twitter:card\" content=\"summary_large_image\" \/>\n<script type=\"application\/ld+json\" class=\"yoast-schema-graph\">{\"@context\":\"https:\\\/\\\/schema.org\",\"@graph\":[{\"@type\":\"WebPage\",\"@id\":\"https:\\\/\\\/medtest.stagingservers.net\\\/pl\\\/produkt\\\/test-na-menopauze\\\/\",\"url\":\"https:\\\/\\\/medtest.stagingservers.net\\\/pl\\\/produkt\\\/test-na-menopauze\\\/\",\"name\":\"Test na Menopauz\u0119 - Medtest.shop\",\"isPartOf\":{\"@id\":\"https:\\\/\\\/medtest.stagingservers.net\\\/pl\\\/#website\"},\"primaryImageOfPage\":{\"@id\":\"https:\\\/\\\/medtest.stagingservers.net\\\/pl\\\/produkt\\\/test-na-menopauze\\\/#primaryimage\"},\"image\":{\"@id\":\"https:\\\/\\\/medtest.stagingservers.net\\\/pl\\\/produkt\\\/test-na-menopauze\\\/#primaryimage\"},\"thumbnailUrl\":\"https:\\\/\\\/medtest.stagingservers.net\\\/wp-content\\\/uploads\\\/2019\\\/09\\\/FSH.png\",\"datePublished\":\"2019-09-02T08:18:49+00:00\",\"dateModified\":\"2019-11-12T12:42:05+00:00\",\"description\":\"Test na Menopauz\u0119 - Medtest.shop\",\"breadcrumb\":{\"@id\":\"https:\\\/\\\/medtest.stagingservers.net\\\/pl\\\/produkt\\\/test-na-menopauze\\\/#breadcrumb\"},\"inLanguage\":\"pl-PL\",\"potentialAction\":[{\"@type\":\"ReadAction\",\"target\":[\"https:\\\/\\\/medtest.stagingservers.net\\\/pl\\\/produkt\\\/test-na-menopauze\\\/\"]}]},{\"@type\":\"ImageObject\",\"inLanguage\":\"pl-PL\",\"@id\":\"https:\\\/\\\/medtest.stagingservers.net\\\/pl\\\/produkt\\\/test-na-menopauze\\\/#primaryimage\",\"url\":\"https:\\\/\\\/medtest.stagingservers.net\\\/wp-content\\\/uploads\\\/2019\\\/09\\\/FSH.png\",\"contentUrl\":\"https:\\\/\\\/medtest.stagingservers.net\\\/wp-content\\\/uploads\\\/2019\\\/09\\\/FSH.png\",\"width\":2100,\"height\":1400},{\"@type\":\"BreadcrumbList\",\"@id\":\"https:\\\/\\\/medtest.stagingservers.net\\\/pl\\\/produkt\\\/test-na-menopauze\\\/#breadcrumb\",\"itemListElement\":[{\"@type\":\"ListItem\",\"position\":1,\"name\":\"Home\",\"item\":\"https:\\\/\\\/medtest.stagingservers.net\\\/pl\\\/\"},{\"@type\":\"ListItem\",\"position\":2,\"name\":\"Sklep\",\"item\":\"https:\\\/\\\/medtest.stagingservers.net\\\/pl\\\/sklep\\\/\"},{\"@type\":\"ListItem\",\"position\":3,\"name\":\"Test na Menopauz\u0119\"}]},{\"@type\":\"WebSite\",\"@id\":\"https:\\\/\\\/medtest.stagingservers.net\\\/pl\\\/#website\",\"url\":\"https:\\\/\\\/medtest.stagingservers.net\\\/pl\\\/\",\"name\":\"Medtest.shop\",\"description\":\"\",\"publisher\":{\"@id\":\"https:\\\/\\\/medtest.stagingservers.net\\\/pl\\\/#organization\"},\"potentialAction\":[{\"@type\":\"SearchAction\",\"target\":{\"@type\":\"EntryPoint\",\"urlTemplate\":\"https:\\\/\\\/medtest.stagingservers.net\\\/pl\\\/?s={search_term_string}\"},\"query-input\":{\"@type\":\"PropertyValueSpecification\",\"valueRequired\":true,\"valueName\":\"search_term_string\"}}],\"inLanguage\":\"pl-PL\"},{\"@type\":\"Organization\",\"@id\":\"https:\\\/\\\/medtest.stagingservers.net\\\/pl\\\/#organization\",\"name\":\"Medtest\",\"url\":\"https:\\\/\\\/medtest.stagingservers.net\\\/pl\\\/\",\"logo\":{\"@type\":\"ImageObject\",\"inLanguage\":\"pl-PL\",\"@id\":\"https:\\\/\\\/medtest.stagingservers.net\\\/pl\\\/#\\\/schema\\\/logo\\\/image\\\/\",\"url\":\"https:\\\/\\\/medtest.stagingservers.net\\\/wp-content\\\/uploads\\\/2018\\\/11\\\/Original.png\",\"contentUrl\":\"https:\\\/\\\/medtest.stagingservers.net\\\/wp-content\\\/uploads\\\/2018\\\/11\\\/Original.png\",\"width\":1024,\"height\":1024,\"caption\":\"Medtest\"},\"image\":{\"@id\":\"https:\\\/\\\/medtest.stagingservers.net\\\/pl\\\/#\\\/schema\\\/logo\\\/image\\\/\"},\"sameAs\":[\"https:\\\/\\\/www.facebook.com\\\/Medtest-1440779469392476\\\/\"]}]}<\/script>","yoast_head_json":{"title":"Test na Menopauz\u0119 - Medtest.shop","description":"Test na Menopauz\u0119 - Medtest.shop","robots":{"index":"noindex","follow":"follow","max-snippet":"max-snippet:-1","max-image-preview":"max-image-preview:large","max-video-preview":"max-video-preview:-1"},"og_locale":"pl_PL","og_type":"article","og_title":"Test na Menopauz\u0119 - Medtest.shop","og_description":"Test na Menopauz\u0119 - Medtest.shop","og_url":"https:\/\/medtest.stagingservers.net\/pl\/produkt\/test-na-menopauze\/","og_site_name":"Medtest.shop","article_publisher":"https:\/\/www.facebook.com\/Medtest-1440779469392476\/","article_modified_time":"2019-11-12T12:42:05+00:00","og_image":[{"width":2100,"height":1400,"url":"https:\/\/medtest.stagingservers.net\/wp-content\/uploads\/2019\/09\/FSH.png","type":"image\/png"}],"twitter_card":"summary_large_image","schema":{"@context":"https:\/\/schema.org","@graph":[{"@type":"WebPage","@id":"https:\/\/medtest.stagingservers.net\/pl\/produkt\/test-na-menopauze\/","url":"https:\/\/medtest.stagingservers.net\/pl\/produkt\/test-na-menopauze\/","name":"Test na Menopauz\u0119 - Medtest.shop","isPartOf":{"@id":"https:\/\/medtest.stagingservers.net\/pl\/#website"},"primaryImageOfPage":{"@id":"https:\/\/medtest.stagingservers.net\/pl\/produkt\/test-na-menopauze\/#primaryimage"},"image":{"@id":"https:\/\/medtest.stagingservers.net\/pl\/produkt\/test-na-menopauze\/#primaryimage"},"thumbnailUrl":"https:\/\/medtest.stagingservers.net\/wp-content\/uploads\/2019\/09\/FSH.png","datePublished":"2019-09-02T08:18:49+00:00","dateModified":"2019-11-12T12:42:05+00:00","description":"Test na Menopauz\u0119 - Medtest.shop","breadcrumb":{"@id":"https:\/\/medtest.stagingservers.net\/pl\/produkt\/test-na-menopauze\/#breadcrumb"},"inLanguage":"pl-PL","potentialAction":[{"@type":"ReadAction","target":["https:\/\/medtest.stagingservers.net\/pl\/produkt\/test-na-menopauze\/"]}]},{"@type":"ImageObject","inLanguage":"pl-PL","@id":"https:\/\/medtest.stagingservers.net\/pl\/produkt\/test-na-menopauze\/#primaryimage","url":"https:\/\/medtest.stagingservers.net\/wp-content\/uploads\/2019\/09\/FSH.png","contentUrl":"https:\/\/medtest.stagingservers.net\/wp-content\/uploads\/2019\/09\/FSH.png","width":2100,"height":1400},{"@type":"BreadcrumbList","@id":"https:\/\/medtest.stagingservers.net\/pl\/produkt\/test-na-menopauze\/#breadcrumb","itemListElement":[{"@type":"ListItem","position":1,"name":"Home","item":"https:\/\/medtest.stagingservers.net\/pl\/"},{"@type":"ListItem","position":2,"name":"Sklep","item":"https:\/\/medtest.stagingservers.net\/pl\/sklep\/"},{"@type":"ListItem","position":3,"name":"Test na Menopauz\u0119"}]},{"@type":"WebSite","@id":"https:\/\/medtest.stagingservers.net\/pl\/#website","url":"https:\/\/medtest.stagingservers.net\/pl\/","name":"Medtest.shop","description":"","publisher":{"@id":"https:\/\/medtest.stagingservers.net\/pl\/#organization"},"potentialAction":[{"@type":"SearchAction","target":{"@type":"EntryPoint","urlTemplate":"https:\/\/medtest.stagingservers.net\/pl\/?s={search_term_string}"},"query-input":{"@type":"PropertyValueSpecification","valueRequired":true,"valueName":"search_term_string"}}],"inLanguage":"pl-PL"},{"@type":"Organization","@id":"https:\/\/medtest.stagingservers.net\/pl\/#organization","name":"Medtest","url":"https:\/\/medtest.stagingservers.net\/pl\/","logo":{"@type":"ImageObject","inLanguage":"pl-PL","@id":"https:\/\/medtest.stagingservers.net\/pl\/#\/schema\/logo\/image\/","url":"https:\/\/medtest.stagingservers.net\/wp-content\/uploads\/2018\/11\/Original.png","contentUrl":"https:\/\/medtest.stagingservers.net\/wp-content\/uploads\/2018\/11\/Original.png","width":1024,"height":1024,"caption":"Medtest"},"image":{"@id":"https:\/\/medtest.stagingservers.net\/pl\/#\/schema\/logo\/image\/"},"sameAs":["https:\/\/www.facebook.com\/Medtest-1440779469392476\/"]}]}},"_links":{"self":[{"href":"https:\/\/medtest.stagingservers.net\/pl\/wp-json\/wp\/v2\/product\/73307","targetHints":{"allow":["GET"]}}],"collection":[{"href":"https:\/\/medtest.stagingservers.net\/pl\/wp-json\/wp\/v2\/product"}],"about":[{"href":"https:\/\/medtest.stagingservers.net\/pl\/wp-json\/wp\/v2\/types\/product"}],"replies":[{"embeddable":true,"href":"https:\/\/medtest.stagingservers.net\/pl\/wp-json\/wp\/v2\/comments?post=73307"}],"version-history":[{"count":0,"href":"https:\/\/medtest.stagingservers.net\/pl\/wp-json\/wp\/v2\/product\/73307\/revisions"}],"wp:featuredmedia":[{"embeddable":true,"href":"https:\/\/medtest.stagingservers.net\/pl\/wp-json\/wp\/v2\/media\/73827"}],"wp:attachment":[{"href":"https:\/\/medtest.stagingservers.net\/pl\/wp-json\/wp\/v2\/media?parent=73307"}],"wp:term":[{"taxonomy":"product_brand","embeddable":true,"href":"https:\/\/medtest.stagingservers.net\/pl\/wp-json\/wp\/v2\/product_brand?post=73307"},{"taxonomy":"product_cat","embeddable":true,"href":"https:\/\/medtest.stagingservers.net\/pl\/wp-json\/wp\/v2\/product_cat?post=73307"},{"taxonomy":"product_tag","embeddable":true,"href":"https:\/\/medtest.stagingservers.net\/pl\/wp-json\/wp\/v2\/product_tag?post=73307"}],"curies":[{"name":"wp","href":"https:\/\/api.w.org\/{rel}","templated":true}]}}