{"id":73309,"date":"2019-09-02T10:20:03","date_gmt":"2019-09-02T08:20:03","guid":{"rendered":"https:\/\/medtest.stagingservers.net\/product\/badanie-tarczycy\/"},"modified":"2019-11-09T13:21:52","modified_gmt":"2019-11-09T11:21:52","slug":"badanie-tarczycy","status":"publish","type":"product","link":"https:\/\/medtest.stagingservers.net\/pl\/produkt\/badanie-tarczycy\/","title":{"rendered":"Badanie Tarczycy"},"content":{"rendered":"<h2>Badanie tarczycy<\/h2>\n<p><strong>Uzyskaj wynik w 15 minut<\/strong><\/p>\n<p>Czy odczuwasz takie objawy, jak zm\u0119czenie, depresja i utrata energii, l\u0119k, stres wewn\u0119trzny i og\u00f3lne poczucie choroby? Mo\u017ce to by\u0107 spowodowane tarczyc\u0105. Dzi\u0119ki naszemu testowi tarczycy mo\u017cesz sprawdzi\u0107 stan swojego samopoczucia. Tarczyca znajduje si\u0119 pod krtani\u0105 z przodu szyi i ma du\u017cy wp\u0142yw na nasze samopoczucie i zdolno\u015bci fizyczne, poniewa\u017c tarczyca kontroluje metabolizm organizmu. Dlatego odgrywa wa\u017cn\u0105 rol\u0119 w poprawie samopoczucia. Nasz test mo\u017ce da\u0107 odpowied\u017a, dlaczego si\u0119 czujesz, tak jak si\u0119 czujesz. Je\u015bli zachodzi niedoczynno\u015b\u0107 tarczycy, to ma to wp\u0142yw na poziom hormonu stymuluj\u0105cego tarczyc\u0119 (TSH) we krwi. Mo\u017cesz samodzielnie zmierzy\u0107 poziom tego hormonu za pomoc\u0105 naszego testu tarczycy wykonanego poprzez proste i bezbolesne nak\u0142ucie opuszka palca. Test zajmuje tylko 10-15 minut i daje szybki i prosty wynik dotycz\u0105cy stanu tarczycy. Nasz test tarczycy daje wynik pozytywny, gdy poziom TSH jest wy\u017cszy ni\u017c 5 \u03bcIU\/ml. Nasz test tarczycy jest bardzo bezpieczny i ma znak CE. Ponadto wiarygodno\u015b\u0107 testu wynosi 95,5%.<\/p>\n<p><strong>Po co przeprowadza\u0107 testy?<\/strong><\/p>\n<p>Wykrywanie choroby tarczycy wy\u0142\u0105cznie na podstawie jej objaw\u00f3w mo\u017ce by\u0107 trudne, poniewa\u017c najcz\u0119stsze objawy wyst\u0119puj\u0105 powszechnie. Ale dzi\u0119ki badaniu tarczycy otrzymujesz wyra\u017an\u0105 informacj\u0119, czy spadek wagi\/zm\u0119czenie\/apatia\/zawroty g\u0142owy s\u0105 spowodowane zaburzeniami czynno\u015bci tarczycy. W rezultacie oznacza to, \u017ce mo\u017cesz szybciej poszuka\u0107 porady lekarskiej i uzyska\u0107 odpowiednie leczenie, innymi s\u0142owy jest to wa\u017cne, poniewa\u017c niekt\u00f3re choroby tarczycy mog\u0105 powodowa\u0107 powa\u017cne komplikacje.<\/p>\n<p><strong>Oto jak post\u0119powa\u0107<\/strong><\/p>\n<p><img loading=\"lazy\" decoding=\"async\" class=\"alignnone size-full wp-image-73277\" src=\"\/wp-content\/uploads\/2019\/03\/PSA-procedur.png\" alt=\"PSA procedur\" width=\"1455\" height=\"467\" srcset=\"https:\/\/medtest.stagingservers.net\/wp-content\/uploads\/2019\/03\/PSA-procedur.png 1455w, https:\/\/medtest.stagingservers.net\/wp-content\/uploads\/2019\/03\/PSA-procedur-720x231.png 720w, https:\/\/medtest.stagingservers.net\/wp-content\/uploads\/2019\/03\/PSA-procedur-1200x385.png 1200w, https:\/\/medtest.stagingservers.net\/wp-content\/uploads\/2019\/03\/PSA-procedur-768x246.png 768w, https:\/\/medtest.stagingservers.net\/wp-content\/uploads\/2019\/03\/PSA-procedur-416x134.png 416w, https:\/\/medtest.stagingservers.net\/wp-content\/uploads\/2019\/03\/PSA-procedur-300x96.png 300w, https:\/\/medtest.stagingservers.net\/wp-content\/uploads\/2019\/03\/PSA-procedur-1024x329.png 1024w\" sizes=\"auto, (max-width: 1455px) 100vw, 1455px\" \/><\/p>\n<ol>\n<li>Oczy\u015b\u0107 palec za pomoc\u0105 serwetki do czyszczenia z alkoholem.<\/li>\n<li>Nast\u0119pnie nak\u0142uj opuszek palca lancetem<\/li>\n<li>Pipet\u0105 zassij 2-3 krople krwi.<\/li>\n<li>Upu\u015b\u0107 1-2 krople krwi do otworu w kasecie testowej (S).<\/li>\n<li>Nast\u0119pnie upu\u015b\u0107 1 kropl\u0119 do buforu PSA.<\/li>\n<li>Poczekaj 5 minut, aby odczyta\u0107 wynik.<\/li>\n<\/ol>\n<h4>Wyniki<\/h4>\n<p><img loading=\"lazy\" decoding=\"async\" class=\"alignnone wp-image-74032 \" src=\"https:\/\/medtest.stagingservers.net\/wp-content\/uploads\/2019\/09\/Dok3_OO_trzyczwarte.jpg\" alt=\"\" width=\"264\" height=\"194\" \/><\/p>\n<p>Je\u015bli kreski pojawiaj\u0105 si\u0119 przy C i T, wynik jest dodatni. Je\u015bli kreska jest wy\u015bwietlana tylko przy C, wynik jest ujemny. Kreska kontrolna (C) dzia\u0142a jak kontrola jako\u015bci, kt\u00f3ra zapewnia, \u017ce kaseta testowa dzia\u0142a poprawnie.<\/p>\n<p>C = Control (Kontrola),\u00a0 T = Test,\u00a0 S = Sample (pr\u00f3bka)<br \/>\nInstrukcja obs\u0142ugi jest do\u0142\u0105czona do produktu. <a href=\"https:\/\/medtest.stagingservers.net\/kontakta-oss\/\">Skontaktuj si\u0119 z nami<\/a> je\u015bli masz jakie\u015b pytania.<\/p>\n","protected":false},"excerpt":{"rendered":"<p>Test domowy na tarczyc\u0119 (TSH) daj\u0105cy wynik w ci\u0105gu 10 minut. Proste nak\u0142ucie palca daje odpowied\u017a, dlaczego czujesz si\u0119 tak, a nie inaczej. Je\u015bli zachodzi niedoczynno\u015b\u0107 tarczycy, to ma to wp\u0142yw na poziom hormonu stymuluj\u0105cego tarczyc\u0119 (TSH) we krwi<\/p>\n","protected":false},"featured_media":73854,"comment_status":"closed","ping_status":"closed","template":"","meta":{"_acf_changed":false,"footnotes":""},"product_brand":[],"product_cat":[989,975,979],"product_tag":[],"class_list":{"0":"post-73309","1":"product","2":"type-product","3":"status-publish","4":"has-post-thumbnail","6":"product_cat-badanie-tarczycy","7":"product_cat-oferta-pakietow","8":"product_cat-testy-stanu-zdrowia","10":"first","11":"instock","12":"taxable","13":"shipping-taxable","14":"purchasable","15":"product-type-simple"},"acf":[],"yoast_head":"<title>Badanie Tarczycy - Medtest.shop<\/title>\n<meta name=\"description\" content=\"Badanie Tarczycy - Medtest.shop\" \/>\n<meta name=\"robots\" content=\"noindex, follow, max-snippet:-1, max-image-preview:large, max-video-preview:-1\" \/>\n<meta property=\"og:locale\" content=\"pl_PL\" \/>\n<meta property=\"og:type\" content=\"article\" \/>\n<meta property=\"og:title\" content=\"Badanie Tarczycy - Medtest.shop\" \/>\n<meta property=\"og:description\" content=\"Badanie Tarczycy - Medtest.shop\" \/>\n<meta property=\"og:url\" content=\"https:\/\/medtest.stagingservers.net\/pl\/produkt\/badanie-tarczycy\/\" \/>\n<meta property=\"og:site_name\" content=\"Medtest.shop\" \/>\n<meta property=\"article:publisher\" content=\"https:\/\/www.facebook.com\/Medtest-1440779469392476\/\" \/>\n<meta property=\"article:modified_time\" content=\"2019-11-09T11:21:52+00:00\" \/>\n<meta property=\"og:image\" content=\"https:\/\/medtest.stagingservers.net\/wp-content\/uploads\/2019\/09\/TSH-Thyroid-stimulationg.png\" \/>\n\t<meta property=\"og:image:width\" content=\"2100\" \/>\n\t<meta property=\"og:image:height\" content=\"1400\" \/>\n\t<meta property=\"og:image:type\" content=\"image\/png\" \/>\n<meta name=\"twitter:card\" content=\"summary_large_image\" \/>\n<script type=\"application\/ld+json\" class=\"yoast-schema-graph\">{\"@context\":\"https:\\\/\\\/schema.org\",\"@graph\":[{\"@type\":\"WebPage\",\"@id\":\"https:\\\/\\\/medtest.stagingservers.net\\\/pl\\\/produkt\\\/badanie-tarczycy\\\/\",\"url\":\"https:\\\/\\\/medtest.stagingservers.net\\\/pl\\\/produkt\\\/badanie-tarczycy\\\/\",\"name\":\"Badanie Tarczycy - Medtest.shop\",\"isPartOf\":{\"@id\":\"https:\\\/\\\/medtest.stagingservers.net\\\/pl\\\/#website\"},\"primaryImageOfPage\":{\"@id\":\"https:\\\/\\\/medtest.stagingservers.net\\\/pl\\\/produkt\\\/badanie-tarczycy\\\/#primaryimage\"},\"image\":{\"@id\":\"https:\\\/\\\/medtest.stagingservers.net\\\/pl\\\/produkt\\\/badanie-tarczycy\\\/#primaryimage\"},\"thumbnailUrl\":\"https:\\\/\\\/medtest.stagingservers.net\\\/wp-content\\\/uploads\\\/2019\\\/09\\\/TSH-Thyroid-stimulationg.png\",\"datePublished\":\"2019-09-02T08:20:03+00:00\",\"dateModified\":\"2019-11-09T11:21:52+00:00\",\"description\":\"Badanie Tarczycy - Medtest.shop\",\"breadcrumb\":{\"@id\":\"https:\\\/\\\/medtest.stagingservers.net\\\/pl\\\/produkt\\\/badanie-tarczycy\\\/#breadcrumb\"},\"inLanguage\":\"pl-PL\",\"potentialAction\":[{\"@type\":\"ReadAction\",\"target\":[\"https:\\\/\\\/medtest.stagingservers.net\\\/pl\\\/produkt\\\/badanie-tarczycy\\\/\"]}]},{\"@type\":\"ImageObject\",\"inLanguage\":\"pl-PL\",\"@id\":\"https:\\\/\\\/medtest.stagingservers.net\\\/pl\\\/produkt\\\/badanie-tarczycy\\\/#primaryimage\",\"url\":\"https:\\\/\\\/medtest.stagingservers.net\\\/wp-content\\\/uploads\\\/2019\\\/09\\\/TSH-Thyroid-stimulationg.png\",\"contentUrl\":\"https:\\\/\\\/medtest.stagingservers.net\\\/wp-content\\\/uploads\\\/2019\\\/09\\\/TSH-Thyroid-stimulationg.png\",\"width\":2100,\"height\":1400},{\"@type\":\"BreadcrumbList\",\"@id\":\"https:\\\/\\\/medtest.stagingservers.net\\\/pl\\\/produkt\\\/badanie-tarczycy\\\/#breadcrumb\",\"itemListElement\":[{\"@type\":\"ListItem\",\"position\":1,\"name\":\"Home\",\"item\":\"https:\\\/\\\/medtest.stagingservers.net\\\/pl\\\/\"},{\"@type\":\"ListItem\",\"position\":2,\"name\":\"Sklep\",\"item\":\"https:\\\/\\\/medtest.stagingservers.net\\\/pl\\\/sklep\\\/\"},{\"@type\":\"ListItem\",\"position\":3,\"name\":\"Badanie Tarczycy\"}]},{\"@type\":\"WebSite\",\"@id\":\"https:\\\/\\\/medtest.stagingservers.net\\\/pl\\\/#website\",\"url\":\"https:\\\/\\\/medtest.stagingservers.net\\\/pl\\\/\",\"name\":\"Medtest.shop\",\"description\":\"\",\"publisher\":{\"@id\":\"https:\\\/\\\/medtest.stagingservers.net\\\/pl\\\/#organization\"},\"potentialAction\":[{\"@type\":\"SearchAction\",\"target\":{\"@type\":\"EntryPoint\",\"urlTemplate\":\"https:\\\/\\\/medtest.stagingservers.net\\\/pl\\\/?s={search_term_string}\"},\"query-input\":{\"@type\":\"PropertyValueSpecification\",\"valueRequired\":true,\"valueName\":\"search_term_string\"}}],\"inLanguage\":\"pl-PL\"},{\"@type\":\"Organization\",\"@id\":\"https:\\\/\\\/medtest.stagingservers.net\\\/pl\\\/#organization\",\"name\":\"Medtest\",\"url\":\"https:\\\/\\\/medtest.stagingservers.net\\\/pl\\\/\",\"logo\":{\"@type\":\"ImageObject\",\"inLanguage\":\"pl-PL\",\"@id\":\"https:\\\/\\\/medtest.stagingservers.net\\\/pl\\\/#\\\/schema\\\/logo\\\/image\\\/\",\"url\":\"https:\\\/\\\/medtest.stagingservers.net\\\/wp-content\\\/uploads\\\/2018\\\/11\\\/Original.png\",\"contentUrl\":\"https:\\\/\\\/medtest.stagingservers.net\\\/wp-content\\\/uploads\\\/2018\\\/11\\\/Original.png\",\"width\":1024,\"height\":1024,\"caption\":\"Medtest\"},\"image\":{\"@id\":\"https:\\\/\\\/medtest.stagingservers.net\\\/pl\\\/#\\\/schema\\\/logo\\\/image\\\/\"},\"sameAs\":[\"https:\\\/\\\/www.facebook.com\\\/Medtest-1440779469392476\\\/\"]}]}<\/script>","yoast_head_json":{"title":"Badanie Tarczycy - Medtest.shop","description":"Badanie Tarczycy - Medtest.shop","robots":{"index":"noindex","follow":"follow","max-snippet":"max-snippet:-1","max-image-preview":"max-image-preview:large","max-video-preview":"max-video-preview:-1"},"og_locale":"pl_PL","og_type":"article","og_title":"Badanie Tarczycy - Medtest.shop","og_description":"Badanie Tarczycy - Medtest.shop","og_url":"https:\/\/medtest.stagingservers.net\/pl\/produkt\/badanie-tarczycy\/","og_site_name":"Medtest.shop","article_publisher":"https:\/\/www.facebook.com\/Medtest-1440779469392476\/","article_modified_time":"2019-11-09T11:21:52+00:00","og_image":[{"width":2100,"height":1400,"url":"https:\/\/medtest.stagingservers.net\/wp-content\/uploads\/2019\/09\/TSH-Thyroid-stimulationg.png","type":"image\/png"}],"twitter_card":"summary_large_image","schema":{"@context":"https:\/\/schema.org","@graph":[{"@type":"WebPage","@id":"https:\/\/medtest.stagingservers.net\/pl\/produkt\/badanie-tarczycy\/","url":"https:\/\/medtest.stagingservers.net\/pl\/produkt\/badanie-tarczycy\/","name":"Badanie Tarczycy - Medtest.shop","isPartOf":{"@id":"https:\/\/medtest.stagingservers.net\/pl\/#website"},"primaryImageOfPage":{"@id":"https:\/\/medtest.stagingservers.net\/pl\/produkt\/badanie-tarczycy\/#primaryimage"},"image":{"@id":"https:\/\/medtest.stagingservers.net\/pl\/produkt\/badanie-tarczycy\/#primaryimage"},"thumbnailUrl":"https:\/\/medtest.stagingservers.net\/wp-content\/uploads\/2019\/09\/TSH-Thyroid-stimulationg.png","datePublished":"2019-09-02T08:20:03+00:00","dateModified":"2019-11-09T11:21:52+00:00","description":"Badanie Tarczycy - Medtest.shop","breadcrumb":{"@id":"https:\/\/medtest.stagingservers.net\/pl\/produkt\/badanie-tarczycy\/#breadcrumb"},"inLanguage":"pl-PL","potentialAction":[{"@type":"ReadAction","target":["https:\/\/medtest.stagingservers.net\/pl\/produkt\/badanie-tarczycy\/"]}]},{"@type":"ImageObject","inLanguage":"pl-PL","@id":"https:\/\/medtest.stagingservers.net\/pl\/produkt\/badanie-tarczycy\/#primaryimage","url":"https:\/\/medtest.stagingservers.net\/wp-content\/uploads\/2019\/09\/TSH-Thyroid-stimulationg.png","contentUrl":"https:\/\/medtest.stagingservers.net\/wp-content\/uploads\/2019\/09\/TSH-Thyroid-stimulationg.png","width":2100,"height":1400},{"@type":"BreadcrumbList","@id":"https:\/\/medtest.stagingservers.net\/pl\/produkt\/badanie-tarczycy\/#breadcrumb","itemListElement":[{"@type":"ListItem","position":1,"name":"Home","item":"https:\/\/medtest.stagingservers.net\/pl\/"},{"@type":"ListItem","position":2,"name":"Sklep","item":"https:\/\/medtest.stagingservers.net\/pl\/sklep\/"},{"@type":"ListItem","position":3,"name":"Badanie Tarczycy"}]},{"@type":"WebSite","@id":"https:\/\/medtest.stagingservers.net\/pl\/#website","url":"https:\/\/medtest.stagingservers.net\/pl\/","name":"Medtest.shop","description":"","publisher":{"@id":"https:\/\/medtest.stagingservers.net\/pl\/#organization"},"potentialAction":[{"@type":"SearchAction","target":{"@type":"EntryPoint","urlTemplate":"https:\/\/medtest.stagingservers.net\/pl\/?s={search_term_string}"},"query-input":{"@type":"PropertyValueSpecification","valueRequired":true,"valueName":"search_term_string"}}],"inLanguage":"pl-PL"},{"@type":"Organization","@id":"https:\/\/medtest.stagingservers.net\/pl\/#organization","name":"Medtest","url":"https:\/\/medtest.stagingservers.net\/pl\/","logo":{"@type":"ImageObject","inLanguage":"pl-PL","@id":"https:\/\/medtest.stagingservers.net\/pl\/#\/schema\/logo\/image\/","url":"https:\/\/medtest.stagingservers.net\/wp-content\/uploads\/2018\/11\/Original.png","contentUrl":"https:\/\/medtest.stagingservers.net\/wp-content\/uploads\/2018\/11\/Original.png","width":1024,"height":1024,"caption":"Medtest"},"image":{"@id":"https:\/\/medtest.stagingservers.net\/pl\/#\/schema\/logo\/image\/"},"sameAs":["https:\/\/www.facebook.com\/Medtest-1440779469392476\/"]}]}},"_links":{"self":[{"href":"https:\/\/medtest.stagingservers.net\/pl\/wp-json\/wp\/v2\/product\/73309","targetHints":{"allow":["GET"]}}],"collection":[{"href":"https:\/\/medtest.stagingservers.net\/pl\/wp-json\/wp\/v2\/product"}],"about":[{"href":"https:\/\/medtest.stagingservers.net\/pl\/wp-json\/wp\/v2\/types\/product"}],"replies":[{"embeddable":true,"href":"https:\/\/medtest.stagingservers.net\/pl\/wp-json\/wp\/v2\/comments?post=73309"}],"version-history":[{"count":0,"href":"https:\/\/medtest.stagingservers.net\/pl\/wp-json\/wp\/v2\/product\/73309\/revisions"}],"wp:featuredmedia":[{"embeddable":true,"href":"https:\/\/medtest.stagingservers.net\/pl\/wp-json\/wp\/v2\/media\/73854"}],"wp:attachment":[{"href":"https:\/\/medtest.stagingservers.net\/pl\/wp-json\/wp\/v2\/media?parent=73309"}],"wp:term":[{"taxonomy":"product_brand","embeddable":true,"href":"https:\/\/medtest.stagingservers.net\/pl\/wp-json\/wp\/v2\/product_brand?post=73309"},{"taxonomy":"product_cat","embeddable":true,"href":"https:\/\/medtest.stagingservers.net\/pl\/wp-json\/wp\/v2\/product_cat?post=73309"},{"taxonomy":"product_tag","embeddable":true,"href":"https:\/\/medtest.stagingservers.net\/pl\/wp-json\/wp\/v2\/product_tag?post=73309"}],"curies":[{"name":"wp","href":"https:\/\/api.w.org\/{rel}","templated":true}]}}