{"id":73311,"date":"2019-09-02T10:20:32","date_gmt":"2019-09-02T08:20:32","guid":{"rendered":"https:\/\/medtest.stagingservers.net\/product\/test-na-niedobor-zelaza\/"},"modified":"2019-09-23T11:22:31","modified_gmt":"2019-09-23T09:22:31","slug":"test-na-niedobor-zelaza","status":"publish","type":"product","link":"https:\/\/medtest.stagingservers.net\/pl\/produkt\/test-na-niedobor-zelaza\/","title":{"rendered":"Test na niedob\u00f3r \u017celaza"},"content":{"rendered":"<h2>Test na niedob\u00f3r \u017celaza<\/h2>\n<p><strong>Uzyskaj wynik w 5 minuty<\/strong><\/p>\n<p>Nasz test niedoboru \u017celaza jest testem zatwierdzonym przez CE, kt\u00f3ry mierzy poziom bia\u0142ka <em>ferrytyny<\/em>\u00a0 we krwi, kt\u00f3ry jest wprost proporcjonalny do poziomu \u017celaza, i jest bardzo bezpieczny. To przez to bia\u0142ko cia\u0142o mo\u017ce magazynowa\u0107 \u017celazo, gdy\u017c ferrytyna wi\u0105\u017ce si\u0119 z \u017celazem. Badaj\u0105c warto\u015b\u0107 ferrytyny we krwi, mo\u017cna dowiedzie\u0107 si\u0119, jak wygl\u0105daj\u0105 zapasy \u017celaza w organizmie. Test polega na nak\u0142uciu opuszka palca i zajmuje tylko kilka minut. Otrzymasz b\u0142yskawiczna odpowied\u017a, czy poziom \u017celaza jest w normie, czy jest zbyt niski. Sam wykonasz test niedoboru \u017celaza, a wynik widzisz natychmiast.<\/p>\n<p><strong>Co jest przyczyn\u0105 niedoboru \u017celaza?<\/strong><\/p>\n<p>Niedob\u00f3r \u017celaza mo\u017ce by\u0107 spowodowany wieloma czynnikami, takimi jak ci\u0119\u017cka miesi\u0105czka, wrz\u00f3d trawienny, choroba jelit lub inne stany, takie jak dojrzewanie i ci\u0105\u017ca. Ponadto, je\u015bli straci\u0142e\u015b(-a\u015b) du\u017co krwi w wyniku wypadku, mo\u017ce to r\u00f3wnie\u017c by\u0107 przyczyn\u0105 niedoboru \u017celaza. Z regu\u0142y niedob\u00f3r \u017celaza nie zagra\u017ca \u017cyciu, ale pogarsza jego jako\u015b\u0107. W okresie dojrzewania wyst\u0119puje szybsze tempo wzrostu, podczas gdy dieta mo\u017ce by\u0107 czasami jednostronna i s\u0142abo od\u017cywcza. Dla m\u0142odych kobiet miesi\u0105czka stanowi r\u00f3wnie\u017c dodatkowy czynnik ryzyka. Istniej\u0105 dowody na to, \u017ce dzieci w wieku szkolnym z niedoborem \u017celaza mog\u0105 osi\u0105gn\u0105\u0107 lepsz\u0105 zdolno\u015b\u0107 poznawcz\u0105, je\u015bli ich dieta jest uzupe\u0142niana suplementami \u017celaza. Urz\u0105d ds. \u017bywno\u015bci i Lek\u00f3w (FDA) zaleca 9 mg\/dzie\u0144 dla m\u0119\u017cczyzn i 15 mg\/dzie\u0144 dla kobiet miesi\u0105czkuj\u0105cych, co odpowiada oko\u0142o 0,1-0,3 mg\/kg. Niedob\u00f3r \u017celaza mo\u017cna \u0142atwo uzupe\u0142ni\u0107 po jego zdiagnozowaniu. W wielu przypadkach dodatkowe uzupe\u0142nienie \u017celaza wystarcza na kr\u00f3tszy lub d\u0142u\u017cszy okres. Jednak po pozytywnym wyniku testu zalecamy skonsultowanie z lekarzem lub z po\u0142o\u017cn\u0105 ewentualnej suplementacji \u017celaza. Ale je\u015bli powodem niedoboru jest choroba, wymagane jest podj\u0119cie innego leczenia. Nasz test niedoboru \u017celaza daje wynik dodatni, gdy poziom \u017celaza jest poni\u017cej 30 ng\/ml.<\/p>\n<p><strong>Oto jak post\u0119powa\u0107<\/strong><\/p>\n<p><img loading=\"lazy\" decoding=\"async\" class=\"alignnone size-full wp-image-55553\" src=\"\/wp-content\/uploads\/2019\/03\/PSA-procedur.png\" alt=\"PSA procedur\" width=\"1455\" height=\"467\" srcset=\"https:\/\/medtest.stagingservers.net\/wp-content\/uploads\/2019\/03\/PSA-procedur.png 1455w, https:\/\/medtest.stagingservers.net\/wp-content\/uploads\/2019\/03\/PSA-procedur-720x231.png 720w, https:\/\/medtest.stagingservers.net\/wp-content\/uploads\/2019\/03\/PSA-procedur-1200x385.png 1200w, https:\/\/medtest.stagingservers.net\/wp-content\/uploads\/2019\/03\/PSA-procedur-768x246.png 768w, https:\/\/medtest.stagingservers.net\/wp-content\/uploads\/2019\/03\/PSA-procedur-416x134.png 416w, https:\/\/medtest.stagingservers.net\/wp-content\/uploads\/2019\/03\/PSA-procedur-300x96.png 300w, https:\/\/medtest.stagingservers.net\/wp-content\/uploads\/2019\/03\/PSA-procedur-1024x329.png 1024w\" sizes=\"auto, (max-width: 1455px) 100vw, 1455px\" \/><\/p>\n<ol>\n<li>Oczy\u015b\u0107 palec za pomoc\u0105 serwetki do czyszczenia z alkoholem.<\/li>\n<li>Nast\u0119pnie nak\u0142u\u0107 opuszek palca lancetem<\/li>\n<li>Pipet\u0105 zassij 2-3 krople krwi.<\/li>\n<li>Upu\u015b\u0107 1-2 krople krwi do otworu w kasecie testowej (S).<\/li>\n<li>Nast\u0119pnie upu\u015b\u0107 1 kropl\u0119 do buforu PSA.<\/li>\n<li>Poczekaj 5 minut, aby odczyta\u0107 wynik.<\/li>\n<\/ol>\n<p><a href=\"https:\/\/medtest.stagingservers.net\/kontakta-oss\/\">Skontaktuj si\u0119 z nami<\/a> je\u015bli masz jakie\u015b pytania.<\/p>\n","protected":false},"excerpt":{"rendered":"<p>Test niedoboru \u017celaza (zatwierdzony przez CE) daj\u0105cy wynik w ci\u0105gu 10 minut. Mierzy ferrytyn\u0119 bia\u0142kow\u0105 we krwi, kt\u00f3ra jest wprost proporcjonalna do poziomu \u017celaza. To korzystaj\u0105c z tego bia\u0142ka cia\u0142o mo\u017ce magazynowa\u0107 \u017celazo, gdy\u017c ferrytyna wi\u0105\u017ce si\u0119 z \u017celazem.<\/p>\n","protected":false},"featured_media":73852,"comment_status":"closed","ping_status":"closed","template":"","meta":{"_acf_changed":false,"footnotes":""},"product_brand":[],"product_cat":[983,975],"product_tag":[],"class_list":{"0":"post-73311","1":"product","2":"type-product","3":"status-publish","4":"has-post-thumbnail","6":"product_cat-niedobor-zelaza-ferrytyny","7":"product_cat-oferta-pakietow","9":"first","10":"instock","11":"taxable","12":"shipping-taxable","13":"purchasable","14":"product-type-simple"},"acf":[],"yoast_head":"<title>Test na niedob\u00f3r \u017celaza - Medtest.shop<\/title>\n<meta name=\"description\" content=\"Test na niedob\u00f3r \u017celaza - Medtest.shop\" \/>\n<meta name=\"robots\" content=\"noindex, follow, max-snippet:-1, max-image-preview:large, max-video-preview:-1\" \/>\n<meta property=\"og:locale\" content=\"pl_PL\" \/>\n<meta property=\"og:type\" content=\"article\" \/>\n<meta property=\"og:title\" content=\"Test na niedob\u00f3r \u017celaza - Medtest.shop\" \/>\n<meta property=\"og:description\" content=\"Test na niedob\u00f3r \u017celaza - Medtest.shop\" \/>\n<meta property=\"og:url\" content=\"https:\/\/medtest.stagingservers.net\/pl\/produkt\/test-na-niedobor-zelaza\/\" \/>\n<meta property=\"og:site_name\" content=\"Medtest.shop\" \/>\n<meta property=\"article:publisher\" content=\"https:\/\/www.facebook.com\/Medtest-1440779469392476\/\" \/>\n<meta property=\"article:modified_time\" content=\"2019-09-23T09:22:31+00:00\" \/>\n<meta property=\"og:image\" content=\"https:\/\/medtest.stagingservers.net\/wp-content\/uploads\/2019\/09\/Ferritin-HS.png\" \/>\n\t<meta property=\"og:image:width\" content=\"2100\" \/>\n\t<meta property=\"og:image:height\" content=\"1400\" \/>\n\t<meta property=\"og:image:type\" content=\"image\/png\" \/>\n<meta name=\"twitter:card\" content=\"summary_large_image\" \/>\n<script type=\"application\/ld+json\" class=\"yoast-schema-graph\">{\"@context\":\"https:\\\/\\\/schema.org\",\"@graph\":[{\"@type\":\"WebPage\",\"@id\":\"https:\\\/\\\/medtest.stagingservers.net\\\/pl\\\/produkt\\\/test-na-niedobor-zelaza\\\/\",\"url\":\"https:\\\/\\\/medtest.stagingservers.net\\\/pl\\\/produkt\\\/test-na-niedobor-zelaza\\\/\",\"name\":\"Test na niedob\u00f3r \u017celaza - Medtest.shop\",\"isPartOf\":{\"@id\":\"https:\\\/\\\/medtest.stagingservers.net\\\/pl\\\/#website\"},\"primaryImageOfPage\":{\"@id\":\"https:\\\/\\\/medtest.stagingservers.net\\\/pl\\\/produkt\\\/test-na-niedobor-zelaza\\\/#primaryimage\"},\"image\":{\"@id\":\"https:\\\/\\\/medtest.stagingservers.net\\\/pl\\\/produkt\\\/test-na-niedobor-zelaza\\\/#primaryimage\"},\"thumbnailUrl\":\"https:\\\/\\\/medtest.stagingservers.net\\\/wp-content\\\/uploads\\\/2019\\\/09\\\/Ferritin-HS.png\",\"datePublished\":\"2019-09-02T08:20:32+00:00\",\"dateModified\":\"2019-09-23T09:22:31+00:00\",\"description\":\"Test na niedob\u00f3r \u017celaza - Medtest.shop\",\"breadcrumb\":{\"@id\":\"https:\\\/\\\/medtest.stagingservers.net\\\/pl\\\/produkt\\\/test-na-niedobor-zelaza\\\/#breadcrumb\"},\"inLanguage\":\"pl-PL\",\"potentialAction\":[{\"@type\":\"ReadAction\",\"target\":[\"https:\\\/\\\/medtest.stagingservers.net\\\/pl\\\/produkt\\\/test-na-niedobor-zelaza\\\/\"]}]},{\"@type\":\"ImageObject\",\"inLanguage\":\"pl-PL\",\"@id\":\"https:\\\/\\\/medtest.stagingservers.net\\\/pl\\\/produkt\\\/test-na-niedobor-zelaza\\\/#primaryimage\",\"url\":\"https:\\\/\\\/medtest.stagingservers.net\\\/wp-content\\\/uploads\\\/2019\\\/09\\\/Ferritin-HS.png\",\"contentUrl\":\"https:\\\/\\\/medtest.stagingservers.net\\\/wp-content\\\/uploads\\\/2019\\\/09\\\/Ferritin-HS.png\",\"width\":2100,\"height\":1400},{\"@type\":\"BreadcrumbList\",\"@id\":\"https:\\\/\\\/medtest.stagingservers.net\\\/pl\\\/produkt\\\/test-na-niedobor-zelaza\\\/#breadcrumb\",\"itemListElement\":[{\"@type\":\"ListItem\",\"position\":1,\"name\":\"Home\",\"item\":\"https:\\\/\\\/medtest.stagingservers.net\\\/pl\\\/\"},{\"@type\":\"ListItem\",\"position\":2,\"name\":\"Sklep\",\"item\":\"https:\\\/\\\/medtest.stagingservers.net\\\/pl\\\/sklep\\\/\"},{\"@type\":\"ListItem\",\"position\":3,\"name\":\"Test na niedob\u00f3r \u017celaza\"}]},{\"@type\":\"WebSite\",\"@id\":\"https:\\\/\\\/medtest.stagingservers.net\\\/pl\\\/#website\",\"url\":\"https:\\\/\\\/medtest.stagingservers.net\\\/pl\\\/\",\"name\":\"Medtest.shop\",\"description\":\"\",\"publisher\":{\"@id\":\"https:\\\/\\\/medtest.stagingservers.net\\\/pl\\\/#organization\"},\"potentialAction\":[{\"@type\":\"SearchAction\",\"target\":{\"@type\":\"EntryPoint\",\"urlTemplate\":\"https:\\\/\\\/medtest.stagingservers.net\\\/pl\\\/?s={search_term_string}\"},\"query-input\":{\"@type\":\"PropertyValueSpecification\",\"valueRequired\":true,\"valueName\":\"search_term_string\"}}],\"inLanguage\":\"pl-PL\"},{\"@type\":\"Organization\",\"@id\":\"https:\\\/\\\/medtest.stagingservers.net\\\/pl\\\/#organization\",\"name\":\"Medtest\",\"url\":\"https:\\\/\\\/medtest.stagingservers.net\\\/pl\\\/\",\"logo\":{\"@type\":\"ImageObject\",\"inLanguage\":\"pl-PL\",\"@id\":\"https:\\\/\\\/medtest.stagingservers.net\\\/pl\\\/#\\\/schema\\\/logo\\\/image\\\/\",\"url\":\"https:\\\/\\\/medtest.stagingservers.net\\\/wp-content\\\/uploads\\\/2018\\\/11\\\/Original.png\",\"contentUrl\":\"https:\\\/\\\/medtest.stagingservers.net\\\/wp-content\\\/uploads\\\/2018\\\/11\\\/Original.png\",\"width\":1024,\"height\":1024,\"caption\":\"Medtest\"},\"image\":{\"@id\":\"https:\\\/\\\/medtest.stagingservers.net\\\/pl\\\/#\\\/schema\\\/logo\\\/image\\\/\"},\"sameAs\":[\"https:\\\/\\\/www.facebook.com\\\/Medtest-1440779469392476\\\/\"]}]}<\/script>","yoast_head_json":{"title":"Test na niedob\u00f3r \u017celaza - Medtest.shop","description":"Test na niedob\u00f3r \u017celaza - Medtest.shop","robots":{"index":"noindex","follow":"follow","max-snippet":"max-snippet:-1","max-image-preview":"max-image-preview:large","max-video-preview":"max-video-preview:-1"},"og_locale":"pl_PL","og_type":"article","og_title":"Test na niedob\u00f3r \u017celaza - Medtest.shop","og_description":"Test na niedob\u00f3r \u017celaza - Medtest.shop","og_url":"https:\/\/medtest.stagingservers.net\/pl\/produkt\/test-na-niedobor-zelaza\/","og_site_name":"Medtest.shop","article_publisher":"https:\/\/www.facebook.com\/Medtest-1440779469392476\/","article_modified_time":"2019-09-23T09:22:31+00:00","og_image":[{"width":2100,"height":1400,"url":"https:\/\/medtest.stagingservers.net\/wp-content\/uploads\/2019\/09\/Ferritin-HS.png","type":"image\/png"}],"twitter_card":"summary_large_image","schema":{"@context":"https:\/\/schema.org","@graph":[{"@type":"WebPage","@id":"https:\/\/medtest.stagingservers.net\/pl\/produkt\/test-na-niedobor-zelaza\/","url":"https:\/\/medtest.stagingservers.net\/pl\/produkt\/test-na-niedobor-zelaza\/","name":"Test na niedob\u00f3r \u017celaza - Medtest.shop","isPartOf":{"@id":"https:\/\/medtest.stagingservers.net\/pl\/#website"},"primaryImageOfPage":{"@id":"https:\/\/medtest.stagingservers.net\/pl\/produkt\/test-na-niedobor-zelaza\/#primaryimage"},"image":{"@id":"https:\/\/medtest.stagingservers.net\/pl\/produkt\/test-na-niedobor-zelaza\/#primaryimage"},"thumbnailUrl":"https:\/\/medtest.stagingservers.net\/wp-content\/uploads\/2019\/09\/Ferritin-HS.png","datePublished":"2019-09-02T08:20:32+00:00","dateModified":"2019-09-23T09:22:31+00:00","description":"Test na niedob\u00f3r \u017celaza - Medtest.shop","breadcrumb":{"@id":"https:\/\/medtest.stagingservers.net\/pl\/produkt\/test-na-niedobor-zelaza\/#breadcrumb"},"inLanguage":"pl-PL","potentialAction":[{"@type":"ReadAction","target":["https:\/\/medtest.stagingservers.net\/pl\/produkt\/test-na-niedobor-zelaza\/"]}]},{"@type":"ImageObject","inLanguage":"pl-PL","@id":"https:\/\/medtest.stagingservers.net\/pl\/produkt\/test-na-niedobor-zelaza\/#primaryimage","url":"https:\/\/medtest.stagingservers.net\/wp-content\/uploads\/2019\/09\/Ferritin-HS.png","contentUrl":"https:\/\/medtest.stagingservers.net\/wp-content\/uploads\/2019\/09\/Ferritin-HS.png","width":2100,"height":1400},{"@type":"BreadcrumbList","@id":"https:\/\/medtest.stagingservers.net\/pl\/produkt\/test-na-niedobor-zelaza\/#breadcrumb","itemListElement":[{"@type":"ListItem","position":1,"name":"Home","item":"https:\/\/medtest.stagingservers.net\/pl\/"},{"@type":"ListItem","position":2,"name":"Sklep","item":"https:\/\/medtest.stagingservers.net\/pl\/sklep\/"},{"@type":"ListItem","position":3,"name":"Test na niedob\u00f3r \u017celaza"}]},{"@type":"WebSite","@id":"https:\/\/medtest.stagingservers.net\/pl\/#website","url":"https:\/\/medtest.stagingservers.net\/pl\/","name":"Medtest.shop","description":"","publisher":{"@id":"https:\/\/medtest.stagingservers.net\/pl\/#organization"},"potentialAction":[{"@type":"SearchAction","target":{"@type":"EntryPoint","urlTemplate":"https:\/\/medtest.stagingservers.net\/pl\/?s={search_term_string}"},"query-input":{"@type":"PropertyValueSpecification","valueRequired":true,"valueName":"search_term_string"}}],"inLanguage":"pl-PL"},{"@type":"Organization","@id":"https:\/\/medtest.stagingservers.net\/pl\/#organization","name":"Medtest","url":"https:\/\/medtest.stagingservers.net\/pl\/","logo":{"@type":"ImageObject","inLanguage":"pl-PL","@id":"https:\/\/medtest.stagingservers.net\/pl\/#\/schema\/logo\/image\/","url":"https:\/\/medtest.stagingservers.net\/wp-content\/uploads\/2018\/11\/Original.png","contentUrl":"https:\/\/medtest.stagingservers.net\/wp-content\/uploads\/2018\/11\/Original.png","width":1024,"height":1024,"caption":"Medtest"},"image":{"@id":"https:\/\/medtest.stagingservers.net\/pl\/#\/schema\/logo\/image\/"},"sameAs":["https:\/\/www.facebook.com\/Medtest-1440779469392476\/"]}]}},"_links":{"self":[{"href":"https:\/\/medtest.stagingservers.net\/pl\/wp-json\/wp\/v2\/product\/73311","targetHints":{"allow":["GET"]}}],"collection":[{"href":"https:\/\/medtest.stagingservers.net\/pl\/wp-json\/wp\/v2\/product"}],"about":[{"href":"https:\/\/medtest.stagingservers.net\/pl\/wp-json\/wp\/v2\/types\/product"}],"replies":[{"embeddable":true,"href":"https:\/\/medtest.stagingservers.net\/pl\/wp-json\/wp\/v2\/comments?post=73311"}],"version-history":[{"count":0,"href":"https:\/\/medtest.stagingservers.net\/pl\/wp-json\/wp\/v2\/product\/73311\/revisions"}],"wp:featuredmedia":[{"embeddable":true,"href":"https:\/\/medtest.stagingservers.net\/pl\/wp-json\/wp\/v2\/media\/73852"}],"wp:attachment":[{"href":"https:\/\/medtest.stagingservers.net\/pl\/wp-json\/wp\/v2\/media?parent=73311"}],"wp:term":[{"taxonomy":"product_brand","embeddable":true,"href":"https:\/\/medtest.stagingservers.net\/pl\/wp-json\/wp\/v2\/product_brand?post=73311"},{"taxonomy":"product_cat","embeddable":true,"href":"https:\/\/medtest.stagingservers.net\/pl\/wp-json\/wp\/v2\/product_cat?post=73311"},{"taxonomy":"product_tag","embeddable":true,"href":"https:\/\/medtest.stagingservers.net\/pl\/wp-json\/wp\/v2\/product_tag?post=73311"}],"curies":[{"name":"wp","href":"https:\/\/api.w.org\/{rel}","templated":true}]}}