{"id":73317,"date":"2019-09-02T10:24:19","date_gmt":"2019-09-02T08:24:19","guid":{"rendered":"https:\/\/medtest.stagingservers.net\/product\/pakiet-laczony\/"},"modified":"2019-12-04T14:13:54","modified_gmt":"2019-12-04T12:13:54","slug":"pakiet-laczony","status":"publish","type":"product","link":"https:\/\/medtest.stagingservers.net\/pl\/produkt\/pakiet-laczony\/","title":{"rendered":"Pakiet \u0142\u0105czony (3 szt) Test na Chlamydi\u0119, Rze\u017c\u0105czk\u0119 i Ki\u0142\u0119"},"content":{"rendered":"<h2>Pakiet kombi: Test na Chlamydi\u0119, Rze\u017c\u0105czk\u0119, Ki\u0142\u0119<\/h2>\n<p>Szybki test na obecno\u015b\u0107 chlamydii w celu jako\u015bciowego wykrycia antygenu chlamydii znajduj\u0105cego si\u0119 na szyjce macicy (kobieta) lub cewce moczowej (m\u0119\u017cczyzna), daje wyniki po 5- 10 minutach. Test wykorzystuje przeciwcia\u0142o specyficzne dla Chlamydii (chlamydia trachomatis). Swoisto\u015b\u0107: 97,17%,. Czu\u0142o\u015b\u0107: 2 \u00d7 1000 IFU\/ml<\/p>\n<p>Szybki test na obecno\u015b\u0107 rze\u017c\u0105czki w celu jako\u015bciowego wykrycia antygenu rze\u017c\u0105czki znajduj\u0105cego si\u0119 na szyjce macicy (kobieta) lub cewce moczowej (m\u0119\u017cczyzna), daje wyniki po 5- 10 minutach. Test wykorzystuje przeciwcia\u0142o specyficzne dla rze\u017c\u0105czki (neisseria gonorrhoeae). Swoisto\u015b\u0107: 99,10%. Czu\u0142o\u015b\u0107: 5 \u00d7 10000 IFU\/ml<\/p>\n<p>Szybki test ki\u0142y w celu jako\u015bciowego wykrycia antygenu ki\u0142y we krwi, kt\u00f3ry daje wynik po 10 minutach. Test wykorzystuje przeciwcia\u0142o specyficzne dla ki\u0142y (treponema pallidum). Swoisto\u015b\u0107: 98,5%. Czu\u0142o\u015b\u0107: 98,6%.<\/p>\n<p>Instrukcja jest do\u0142\u0105czona do produktu.<\/p>\n<p><strong>NA STANIE 1-2 DNI.<\/strong><\/p>\n","protected":false},"excerpt":{"rendered":"<p>Test na chlamydi\u0119, test na rze\u017c\u0105czk\u0119 i test na ki\u0142\u0119. Uzyskaj wynik w 10 minut. Dla kobiet i m\u0119\u017cczyzn. Wykrywa antygen na szyjce macicy (kobieta) lub w cewce moczowej (m\u0119\u017cczyzna). Dyskretna dostawa.<\/p>\n","protected":false},"featured_media":77777,"comment_status":"closed","ping_status":"closed","template":"","meta":{"_acf_changed":false,"footnotes":""},"product_brand":[],"product_cat":[998,999,975,993],"product_tag":[],"class_list":{"0":"post-73317","1":"product","2":"type-product","3":"status-publish","4":"has-post-thumbnail","6":"product_cat-chlamydia","7":"product_cat-kila","8":"product_cat-oferta-pakietow","9":"product_cat-rzezaczka","11":"first","12":"instock","13":"taxable","14":"shipping-taxable","15":"purchasable","16":"product-type-simple"},"acf":[],"yoast_head":"<title>Pakiet \u0142\u0105czony (3 szt) Test na Chlamydi\u0119, Rze\u017c\u0105czk\u0119 i Ki\u0142\u0119 - Medtest.shop<\/title>\n<meta name=\"description\" content=\"Pakiet \u0142\u0105czony (3 szt) Test na Chlamydi\u0119, Rze\u017c\u0105czk\u0119 i Ki\u0142\u0119 - Medtest.shop\" \/>\n<meta name=\"robots\" content=\"noindex, follow, max-snippet:-1, max-image-preview:large, max-video-preview:-1\" \/>\n<meta property=\"og:locale\" content=\"pl_PL\" \/>\n<meta property=\"og:type\" content=\"article\" \/>\n<meta property=\"og:title\" content=\"Pakiet \u0142\u0105czony (3 szt) Test na Chlamydi\u0119, Rze\u017c\u0105czk\u0119 i Ki\u0142\u0119 - Medtest.shop\" \/>\n<meta property=\"og:description\" content=\"Pakiet \u0142\u0105czony (3 szt) Test na Chlamydi\u0119, Rze\u017c\u0105czk\u0119 i Ki\u0142\u0119 - Medtest.shop\" \/>\n<meta property=\"og:url\" content=\"https:\/\/medtest.stagingservers.net\/pl\/produkt\/pakiet-laczony\/\" \/>\n<meta property=\"og:site_name\" content=\"Medtest.shop\" \/>\n<meta property=\"article:publisher\" content=\"https:\/\/www.facebook.com\/Medtest-1440779469392476\/\" \/>\n<meta property=\"article:modified_time\" content=\"2019-12-04T12:13:54+00:00\" \/>\n<meta property=\"og:image\" content=\"https:\/\/medtest.stagingservers.net\/wp-content\/uploads\/2019\/09\/Kombopaket.png\" \/>\n\t<meta property=\"og:image:width\" content=\"1200\" \/>\n\t<meta property=\"og:image:height\" content=\"910\" \/>\n\t<meta property=\"og:image:type\" content=\"image\/png\" \/>\n<meta name=\"twitter:card\" content=\"summary_large_image\" \/>\n<script type=\"application\/ld+json\" class=\"yoast-schema-graph\">{\"@context\":\"https:\\\/\\\/schema.org\",\"@graph\":[{\"@type\":\"WebPage\",\"@id\":\"https:\\\/\\\/medtest.stagingservers.net\\\/pl\\\/produkt\\\/pakiet-laczony\\\/\",\"url\":\"https:\\\/\\\/medtest.stagingservers.net\\\/pl\\\/produkt\\\/pakiet-laczony\\\/\",\"name\":\"Pakiet \u0142\u0105czony (3 szt) Test na Chlamydi\u0119, Rze\u017c\u0105czk\u0119 i Ki\u0142\u0119 - Medtest.shop\",\"isPartOf\":{\"@id\":\"https:\\\/\\\/medtest.stagingservers.net\\\/pl\\\/#website\"},\"primaryImageOfPage\":{\"@id\":\"https:\\\/\\\/medtest.stagingservers.net\\\/pl\\\/produkt\\\/pakiet-laczony\\\/#primaryimage\"},\"image\":{\"@id\":\"https:\\\/\\\/medtest.stagingservers.net\\\/pl\\\/produkt\\\/pakiet-laczony\\\/#primaryimage\"},\"thumbnailUrl\":\"https:\\\/\\\/medtest.stagingservers.net\\\/wp-content\\\/uploads\\\/2019\\\/09\\\/Kombopaket.png\",\"datePublished\":\"2019-09-02T08:24:19+00:00\",\"dateModified\":\"2019-12-04T12:13:54+00:00\",\"description\":\"Pakiet \u0142\u0105czony (3 szt) Test na Chlamydi\u0119, Rze\u017c\u0105czk\u0119 i Ki\u0142\u0119 - Medtest.shop\",\"breadcrumb\":{\"@id\":\"https:\\\/\\\/medtest.stagingservers.net\\\/pl\\\/produkt\\\/pakiet-laczony\\\/#breadcrumb\"},\"inLanguage\":\"pl-PL\",\"potentialAction\":[{\"@type\":\"ReadAction\",\"target\":[\"https:\\\/\\\/medtest.stagingservers.net\\\/pl\\\/produkt\\\/pakiet-laczony\\\/\"]}]},{\"@type\":\"ImageObject\",\"inLanguage\":\"pl-PL\",\"@id\":\"https:\\\/\\\/medtest.stagingservers.net\\\/pl\\\/produkt\\\/pakiet-laczony\\\/#primaryimage\",\"url\":\"https:\\\/\\\/medtest.stagingservers.net\\\/wp-content\\\/uploads\\\/2019\\\/09\\\/Kombopaket.png\",\"contentUrl\":\"https:\\\/\\\/medtest.stagingservers.net\\\/wp-content\\\/uploads\\\/2019\\\/09\\\/Kombopaket.png\",\"width\":1200,\"height\":910},{\"@type\":\"BreadcrumbList\",\"@id\":\"https:\\\/\\\/medtest.stagingservers.net\\\/pl\\\/produkt\\\/pakiet-laczony\\\/#breadcrumb\",\"itemListElement\":[{\"@type\":\"ListItem\",\"position\":1,\"name\":\"Home\",\"item\":\"https:\\\/\\\/medtest.stagingservers.net\\\/pl\\\/\"},{\"@type\":\"ListItem\",\"position\":2,\"name\":\"Sklep\",\"item\":\"https:\\\/\\\/medtest.stagingservers.net\\\/pl\\\/sklep\\\/\"},{\"@type\":\"ListItem\",\"position\":3,\"name\":\"Pakiet \u0142\u0105czony (3 szt) Test na Chlamydi\u0119, Rze\u017c\u0105czk\u0119 i Ki\u0142\u0119\"}]},{\"@type\":\"WebSite\",\"@id\":\"https:\\\/\\\/medtest.stagingservers.net\\\/pl\\\/#website\",\"url\":\"https:\\\/\\\/medtest.stagingservers.net\\\/pl\\\/\",\"name\":\"Medtest.shop\",\"description\":\"\",\"publisher\":{\"@id\":\"https:\\\/\\\/medtest.stagingservers.net\\\/pl\\\/#organization\"},\"potentialAction\":[{\"@type\":\"SearchAction\",\"target\":{\"@type\":\"EntryPoint\",\"urlTemplate\":\"https:\\\/\\\/medtest.stagingservers.net\\\/pl\\\/?s={search_term_string}\"},\"query-input\":{\"@type\":\"PropertyValueSpecification\",\"valueRequired\":true,\"valueName\":\"search_term_string\"}}],\"inLanguage\":\"pl-PL\"},{\"@type\":\"Organization\",\"@id\":\"https:\\\/\\\/medtest.stagingservers.net\\\/pl\\\/#organization\",\"name\":\"Medtest\",\"url\":\"https:\\\/\\\/medtest.stagingservers.net\\\/pl\\\/\",\"logo\":{\"@type\":\"ImageObject\",\"inLanguage\":\"pl-PL\",\"@id\":\"https:\\\/\\\/medtest.stagingservers.net\\\/pl\\\/#\\\/schema\\\/logo\\\/image\\\/\",\"url\":\"https:\\\/\\\/medtest.stagingservers.net\\\/wp-content\\\/uploads\\\/2018\\\/11\\\/Original.png\",\"contentUrl\":\"https:\\\/\\\/medtest.stagingservers.net\\\/wp-content\\\/uploads\\\/2018\\\/11\\\/Original.png\",\"width\":1024,\"height\":1024,\"caption\":\"Medtest\"},\"image\":{\"@id\":\"https:\\\/\\\/medtest.stagingservers.net\\\/pl\\\/#\\\/schema\\\/logo\\\/image\\\/\"},\"sameAs\":[\"https:\\\/\\\/www.facebook.com\\\/Medtest-1440779469392476\\\/\"]}]}<\/script>","yoast_head_json":{"title":"Pakiet \u0142\u0105czony (3 szt) Test na Chlamydi\u0119, Rze\u017c\u0105czk\u0119 i Ki\u0142\u0119 - Medtest.shop","description":"Pakiet \u0142\u0105czony (3 szt) Test na Chlamydi\u0119, Rze\u017c\u0105czk\u0119 i Ki\u0142\u0119 - Medtest.shop","robots":{"index":"noindex","follow":"follow","max-snippet":"max-snippet:-1","max-image-preview":"max-image-preview:large","max-video-preview":"max-video-preview:-1"},"og_locale":"pl_PL","og_type":"article","og_title":"Pakiet \u0142\u0105czony (3 szt) Test na Chlamydi\u0119, Rze\u017c\u0105czk\u0119 i Ki\u0142\u0119 - Medtest.shop","og_description":"Pakiet \u0142\u0105czony (3 szt) Test na Chlamydi\u0119, Rze\u017c\u0105czk\u0119 i Ki\u0142\u0119 - Medtest.shop","og_url":"https:\/\/medtest.stagingservers.net\/pl\/produkt\/pakiet-laczony\/","og_site_name":"Medtest.shop","article_publisher":"https:\/\/www.facebook.com\/Medtest-1440779469392476\/","article_modified_time":"2019-12-04T12:13:54+00:00","og_image":[{"width":1200,"height":910,"url":"https:\/\/medtest.stagingservers.net\/wp-content\/uploads\/2019\/09\/Kombopaket.png","type":"image\/png"}],"twitter_card":"summary_large_image","schema":{"@context":"https:\/\/schema.org","@graph":[{"@type":"WebPage","@id":"https:\/\/medtest.stagingservers.net\/pl\/produkt\/pakiet-laczony\/","url":"https:\/\/medtest.stagingservers.net\/pl\/produkt\/pakiet-laczony\/","name":"Pakiet \u0142\u0105czony (3 szt) Test na Chlamydi\u0119, Rze\u017c\u0105czk\u0119 i Ki\u0142\u0119 - Medtest.shop","isPartOf":{"@id":"https:\/\/medtest.stagingservers.net\/pl\/#website"},"primaryImageOfPage":{"@id":"https:\/\/medtest.stagingservers.net\/pl\/produkt\/pakiet-laczony\/#primaryimage"},"image":{"@id":"https:\/\/medtest.stagingservers.net\/pl\/produkt\/pakiet-laczony\/#primaryimage"},"thumbnailUrl":"https:\/\/medtest.stagingservers.net\/wp-content\/uploads\/2019\/09\/Kombopaket.png","datePublished":"2019-09-02T08:24:19+00:00","dateModified":"2019-12-04T12:13:54+00:00","description":"Pakiet \u0142\u0105czony (3 szt) Test na Chlamydi\u0119, Rze\u017c\u0105czk\u0119 i Ki\u0142\u0119 - Medtest.shop","breadcrumb":{"@id":"https:\/\/medtest.stagingservers.net\/pl\/produkt\/pakiet-laczony\/#breadcrumb"},"inLanguage":"pl-PL","potentialAction":[{"@type":"ReadAction","target":["https:\/\/medtest.stagingservers.net\/pl\/produkt\/pakiet-laczony\/"]}]},{"@type":"ImageObject","inLanguage":"pl-PL","@id":"https:\/\/medtest.stagingservers.net\/pl\/produkt\/pakiet-laczony\/#primaryimage","url":"https:\/\/medtest.stagingservers.net\/wp-content\/uploads\/2019\/09\/Kombopaket.png","contentUrl":"https:\/\/medtest.stagingservers.net\/wp-content\/uploads\/2019\/09\/Kombopaket.png","width":1200,"height":910},{"@type":"BreadcrumbList","@id":"https:\/\/medtest.stagingservers.net\/pl\/produkt\/pakiet-laczony\/#breadcrumb","itemListElement":[{"@type":"ListItem","position":1,"name":"Home","item":"https:\/\/medtest.stagingservers.net\/pl\/"},{"@type":"ListItem","position":2,"name":"Sklep","item":"https:\/\/medtest.stagingservers.net\/pl\/sklep\/"},{"@type":"ListItem","position":3,"name":"Pakiet \u0142\u0105czony (3 szt) Test na Chlamydi\u0119, Rze\u017c\u0105czk\u0119 i Ki\u0142\u0119"}]},{"@type":"WebSite","@id":"https:\/\/medtest.stagingservers.net\/pl\/#website","url":"https:\/\/medtest.stagingservers.net\/pl\/","name":"Medtest.shop","description":"","publisher":{"@id":"https:\/\/medtest.stagingservers.net\/pl\/#organization"},"potentialAction":[{"@type":"SearchAction","target":{"@type":"EntryPoint","urlTemplate":"https:\/\/medtest.stagingservers.net\/pl\/?s={search_term_string}"},"query-input":{"@type":"PropertyValueSpecification","valueRequired":true,"valueName":"search_term_string"}}],"inLanguage":"pl-PL"},{"@type":"Organization","@id":"https:\/\/medtest.stagingservers.net\/pl\/#organization","name":"Medtest","url":"https:\/\/medtest.stagingservers.net\/pl\/","logo":{"@type":"ImageObject","inLanguage":"pl-PL","@id":"https:\/\/medtest.stagingservers.net\/pl\/#\/schema\/logo\/image\/","url":"https:\/\/medtest.stagingservers.net\/wp-content\/uploads\/2018\/11\/Original.png","contentUrl":"https:\/\/medtest.stagingservers.net\/wp-content\/uploads\/2018\/11\/Original.png","width":1024,"height":1024,"caption":"Medtest"},"image":{"@id":"https:\/\/medtest.stagingservers.net\/pl\/#\/schema\/logo\/image\/"},"sameAs":["https:\/\/www.facebook.com\/Medtest-1440779469392476\/"]}]}},"_links":{"self":[{"href":"https:\/\/medtest.stagingservers.net\/pl\/wp-json\/wp\/v2\/product\/73317","targetHints":{"allow":["GET"]}}],"collection":[{"href":"https:\/\/medtest.stagingservers.net\/pl\/wp-json\/wp\/v2\/product"}],"about":[{"href":"https:\/\/medtest.stagingservers.net\/pl\/wp-json\/wp\/v2\/types\/product"}],"replies":[{"embeddable":true,"href":"https:\/\/medtest.stagingservers.net\/pl\/wp-json\/wp\/v2\/comments?post=73317"}],"version-history":[{"count":0,"href":"https:\/\/medtest.stagingservers.net\/pl\/wp-json\/wp\/v2\/product\/73317\/revisions"}],"wp:featuredmedia":[{"embeddable":true,"href":"https:\/\/medtest.stagingservers.net\/pl\/wp-json\/wp\/v2\/media\/77777"}],"wp:attachment":[{"href":"https:\/\/medtest.stagingservers.net\/pl\/wp-json\/wp\/v2\/media?parent=73317"}],"wp:term":[{"taxonomy":"product_brand","embeddable":true,"href":"https:\/\/medtest.stagingservers.net\/pl\/wp-json\/wp\/v2\/product_brand?post=73317"},{"taxonomy":"product_cat","embeddable":true,"href":"https:\/\/medtest.stagingservers.net\/pl\/wp-json\/wp\/v2\/product_cat?post=73317"},{"taxonomy":"product_tag","embeddable":true,"href":"https:\/\/medtest.stagingservers.net\/pl\/wp-json\/wp\/v2\/product_tag?post=73317"}],"curies":[{"name":"wp","href":"https:\/\/api.w.org\/{rel}","templated":true}]}}