{"id":73320,"date":"2019-09-02T10:25:16","date_gmt":"2019-09-02T08:25:16","guid":{"rendered":"https:\/\/medtest.stagingservers.net\/product\/test-ciazowy-paskowy\/"},"modified":"2019-09-28T13:32:16","modified_gmt":"2019-09-28T11:32:16","slug":"test-ciazowy-paskowy","status":"publish","type":"product","link":"https:\/\/medtest.stagingservers.net\/pl\/produkt\/test-ciazowy-paskowy\/","title":{"rendered":"Test ci\u0105\u017cowy PASKOWY"},"content":{"rendered":"<h2>Test ci\u0105\u017cowy \u2014 sztyft<\/h2>\n<p>Szybki test przeznaczony do wczesnego diagnozowania ci\u0105\u017cy, nie wymaga specjalnego szkolenia. Test jest wiarygodny do 99,5% i zajmuje mniej ni\u017c 5 minut.<\/p>\n<p>Kr\u00f3tko po zap\u0142odnieniu rozpoczyna si\u0119 produkcja hormonu ci\u0105\u017cowego hCG (gonadotropina kosm\u00f3wkowa ludzka). Przeciwcia\u0142a hCG znajduj\u0105ce si\u0119 na sztyfcie wi\u0105\u017c\u0105 si\u0119 z hormonem hCG (kt\u00f3ry jest bia\u0142kiem), je\u015bli jest dost\u0119pny w moczu. W ten spos\u00f3b uzyskuje si\u0119 wskazanie ci\u0105\u017cy.<\/p>\n<p>Ka\u017cde opakowanie zawiera pr\u00f3bnik, kt\u00f3ry jest zapakowany w poch\u0142aniaj\u0105c\u0105 wilgo\u0107 foli\u0119 i posiada oznakowanie CE zgodnie z dyrektyw\u0105 IVD. Sztyft do testu ci\u0105\u017cowego przeznaczony jest wy\u0142\u0105cznie do jednokrotnego u\u017cytku.<\/p>\n<p>Materia\u0142: karton Rozmiar: ok. 10 x 0,5 cm<\/p>\n<h4>Instrukcje dotycz\u0105ce stosowania<\/h4>\n<p>Test ci\u0105\u017cowy s\u0142u\u017cy do wykonania badania na \u015bwie\u017cej pr\u00f3bce moczu<\/p>\n<p>Zr\u00f3b tak: <img loading=\"lazy\" decoding=\"async\" class=\"size-full wp-image-54543 alignleft\" src=\"https:\/\/medtest.stagingservers.net\/wp-content\/uploads\/2018\/11\/Pregnancy-test-strip-product-multiple.jpg\" alt=\"\" width=\"261\" height=\"261\" srcset=\"https:\/\/medtest.stagingservers.net\/wp-content\/uploads\/2018\/11\/Pregnancy-test-strip-product-multiple.jpg 261w, https:\/\/medtest.stagingservers.net\/wp-content\/uploads\/2018\/11\/Pregnancy-test-strip-product-multiple-200x200.jpg 200w, https:\/\/medtest.stagingservers.net\/wp-content\/uploads\/2018\/11\/Pregnancy-test-strip-product-multiple-150x150.jpg 150w, https:\/\/medtest.stagingservers.net\/wp-content\/uploads\/2018\/11\/Pregnancy-test-strip-product-multiple-100x100.jpg 100w\" sizes=\"auto, (max-width: 261px) 100vw, 261px\" \/><\/p>\n<ol>\n<li>Otw\u00f3rz torebk\u0119 foliow\u0105 i wyjmij produkt.<\/li>\n<li>Zanurz ko\u0144c\u00f3wk\u0119 sztyftu w pojemniku z moczem na 3 sekundy.<\/li>\n<li>Nie zanurzaj sztyftu poza lini\u0119 znakowania (MAX).<\/li>\n<li>Wynik testu otrzymasz w ci\u0105gu 30 sekund.<\/li>\n<li>Po u\u017cyciu wyrzu\u0107 sztyft do \u015bmietnika.<\/li>\n<\/ol>\n<h4>Interpretacja wyniku<\/h4>\n<p><strong><img loading=\"lazy\" decoding=\"async\" class=\"wp-image-74105 size-full alignleft\" src=\"https:\/\/medtest.stagingservers.net\/wp-content\/uploads\/2019\/09\/Max.jpg\" alt=\"\" width=\"432\" height=\"286\" srcset=\"https:\/\/medtest.stagingservers.net\/wp-content\/uploads\/2019\/09\/Max.jpg 432w, https:\/\/medtest.stagingservers.net\/wp-content\/uploads\/2019\/09\/Max-416x275.jpg 416w\" sizes=\"auto, (max-width: 432px) 100vw, 432px\" \/><\/strong><\/p>\n<p><strong>Ujemny<\/strong>: Je\u015bli w obszarze kontrolnym pojawi si\u0119 tylko jedna kreska, mo\u017cesz za\u0142o\u017cy\u0107, \u017ce nie jeste\u015b w ci\u0105\u017cy.<\/p>\n<p><strong>Pozytywny<\/strong>: Je\u015bli w obszarze kontrolnym i testowym pojawi\u0105 si\u0119 dwie kreski, mo\u017cesz za\u0142o\u017cy\u0107, \u017ce jeste\u015b w ci\u0105\u017cy.<\/p>\n<p><strong>Niewa\u017cny<\/strong>: Je\u015bli nie ma wyra\u017anej r\u00f3\u017cowo-fioletowej kreski ani w obszarze TEST, ani KONTROLA, test jest niewa\u017cny. W takim przypadku zaleca si\u0119 powt\u00f3rzenie testu.<\/p>\n<p><strong>Przechowywanie<\/strong> Przechowuj test w szczelnie zamkni\u0119tym opakowaniu w temperaturze pokojowej albo w lod\u00f3wce (2-30 \u00b0 C). Produkt jest wa\u017cny do ko\u0144ca daty wa\u017cno\u015bci podanej na opakowaniu i powinien pozosta\u0107 w szczelnie zamkni\u0119tym opakowaniu do momentu u\u017cycia. Nie zamra\u017ca\u0107.<\/p>\n<p><strong>\u00a0<\/strong><\/p>\n","protected":false},"excerpt":{"rendered":"<p>Tani i bezpieczny test ci\u0105\u017cowy oznaczony znakiem CE, daj\u0105cy szybk\u0105 odpowied\u017a, czy jeste\u015b w ci\u0105\u017cy. Pobierz pr\u00f3bk\u0119 moczu do pojemnika. Nast\u0119pnie zanurz sztyft i odczytaj wynik po 30 sekundach.<\/p>\n","protected":false},"featured_media":73326,"comment_status":"closed","ping_status":"closed","template":"","meta":{"_acf_changed":false,"footnotes":""},"product_brand":[],"product_cat":[978],"product_tag":[],"class_list":{"0":"post-73320","1":"product","2":"type-product","3":"status-publish","4":"has-post-thumbnail","6":"product_cat-test-ciazowy","8":"first","9":"outofstock","10":"taxable","11":"shipping-taxable","12":"product-type-variable"},"acf":[],"yoast_head":"<title>Test ci\u0105\u017cowy PASKOWY - Medtest.shop<\/title>\n<meta name=\"description\" content=\"Test ci\u0105\u017cowy PASKOWY - Medtest.shop\" \/>\n<meta name=\"robots\" content=\"noindex, follow, max-snippet:-1, max-image-preview:large, max-video-preview:-1\" \/>\n<meta property=\"og:locale\" content=\"pl_PL\" \/>\n<meta property=\"og:type\" content=\"article\" \/>\n<meta property=\"og:title\" content=\"Test ci\u0105\u017cowy PASKOWY - Medtest.shop\" \/>\n<meta property=\"og:description\" content=\"Test ci\u0105\u017cowy PASKOWY - Medtest.shop\" \/>\n<meta property=\"og:url\" content=\"https:\/\/medtest.stagingservers.net\/pl\/produkt\/test-ciazowy-paskowy\/\" \/>\n<meta property=\"og:site_name\" content=\"Medtest.shop\" \/>\n<meta property=\"article:publisher\" content=\"https:\/\/www.facebook.com\/Medtest-1440779469392476\/\" \/>\n<meta property=\"article:modified_time\" content=\"2019-09-28T11:32:16+00:00\" \/>\n<meta property=\"og:image\" content=\"https:\/\/medtest.stagingservers.net\/wp-content\/uploads\/2018\/12\/Gravtest-sticka-B.png\" \/>\n\t<meta property=\"og:image:width\" content=\"596\" \/>\n\t<meta property=\"og:image:height\" content=\"460\" \/>\n\t<meta property=\"og:image:type\" content=\"image\/png\" \/>\n<meta name=\"twitter:card\" content=\"summary_large_image\" \/>\n<script type=\"application\/ld+json\" class=\"yoast-schema-graph\">{\"@context\":\"https:\\\/\\\/schema.org\",\"@graph\":[{\"@type\":\"WebPage\",\"@id\":\"https:\\\/\\\/medtest.stagingservers.net\\\/pl\\\/produkt\\\/test-ciazowy-paskowy\\\/\",\"url\":\"https:\\\/\\\/medtest.stagingservers.net\\\/pl\\\/produkt\\\/test-ciazowy-paskowy\\\/\",\"name\":\"Test ci\u0105\u017cowy PASKOWY - Medtest.shop\",\"isPartOf\":{\"@id\":\"https:\\\/\\\/medtest.stagingservers.net\\\/pl\\\/#website\"},\"primaryImageOfPage\":{\"@id\":\"https:\\\/\\\/medtest.stagingservers.net\\\/pl\\\/produkt\\\/test-ciazowy-paskowy\\\/#primaryimage\"},\"image\":{\"@id\":\"https:\\\/\\\/medtest.stagingservers.net\\\/pl\\\/produkt\\\/test-ciazowy-paskowy\\\/#primaryimage\"},\"thumbnailUrl\":\"https:\\\/\\\/medtest.stagingservers.net\\\/wp-content\\\/uploads\\\/2018\\\/12\\\/Gravtest-sticka-B.png\",\"datePublished\":\"2019-09-02T08:25:16+00:00\",\"dateModified\":\"2019-09-28T11:32:16+00:00\",\"description\":\"Test ci\u0105\u017cowy PASKOWY - Medtest.shop\",\"breadcrumb\":{\"@id\":\"https:\\\/\\\/medtest.stagingservers.net\\\/pl\\\/produkt\\\/test-ciazowy-paskowy\\\/#breadcrumb\"},\"inLanguage\":\"pl-PL\",\"potentialAction\":[{\"@type\":\"ReadAction\",\"target\":[\"https:\\\/\\\/medtest.stagingservers.net\\\/pl\\\/produkt\\\/test-ciazowy-paskowy\\\/\"]}]},{\"@type\":\"ImageObject\",\"inLanguage\":\"pl-PL\",\"@id\":\"https:\\\/\\\/medtest.stagingservers.net\\\/pl\\\/produkt\\\/test-ciazowy-paskowy\\\/#primaryimage\",\"url\":\"https:\\\/\\\/medtest.stagingservers.net\\\/wp-content\\\/uploads\\\/2018\\\/12\\\/Gravtest-sticka-B.png\",\"contentUrl\":\"https:\\\/\\\/medtest.stagingservers.net\\\/wp-content\\\/uploads\\\/2018\\\/12\\\/Gravtest-sticka-B.png\",\"width\":596,\"height\":460},{\"@type\":\"BreadcrumbList\",\"@id\":\"https:\\\/\\\/medtest.stagingservers.net\\\/pl\\\/produkt\\\/test-ciazowy-paskowy\\\/#breadcrumb\",\"itemListElement\":[{\"@type\":\"ListItem\",\"position\":1,\"name\":\"Home\",\"item\":\"https:\\\/\\\/medtest.stagingservers.net\\\/pl\\\/\"},{\"@type\":\"ListItem\",\"position\":2,\"name\":\"Sklep\",\"item\":\"https:\\\/\\\/medtest.stagingservers.net\\\/pl\\\/sklep\\\/\"},{\"@type\":\"ListItem\",\"position\":3,\"name\":\"Test ci\u0105\u017cowy PASKOWY\"}]},{\"@type\":\"WebSite\",\"@id\":\"https:\\\/\\\/medtest.stagingservers.net\\\/pl\\\/#website\",\"url\":\"https:\\\/\\\/medtest.stagingservers.net\\\/pl\\\/\",\"name\":\"Medtest.shop\",\"description\":\"\",\"publisher\":{\"@id\":\"https:\\\/\\\/medtest.stagingservers.net\\\/pl\\\/#organization\"},\"potentialAction\":[{\"@type\":\"SearchAction\",\"target\":{\"@type\":\"EntryPoint\",\"urlTemplate\":\"https:\\\/\\\/medtest.stagingservers.net\\\/pl\\\/?s={search_term_string}\"},\"query-input\":{\"@type\":\"PropertyValueSpecification\",\"valueRequired\":true,\"valueName\":\"search_term_string\"}}],\"inLanguage\":\"pl-PL\"},{\"@type\":\"Organization\",\"@id\":\"https:\\\/\\\/medtest.stagingservers.net\\\/pl\\\/#organization\",\"name\":\"Medtest\",\"url\":\"https:\\\/\\\/medtest.stagingservers.net\\\/pl\\\/\",\"logo\":{\"@type\":\"ImageObject\",\"inLanguage\":\"pl-PL\",\"@id\":\"https:\\\/\\\/medtest.stagingservers.net\\\/pl\\\/#\\\/schema\\\/logo\\\/image\\\/\",\"url\":\"https:\\\/\\\/medtest.stagingservers.net\\\/wp-content\\\/uploads\\\/2018\\\/11\\\/Original.png\",\"contentUrl\":\"https:\\\/\\\/medtest.stagingservers.net\\\/wp-content\\\/uploads\\\/2018\\\/11\\\/Original.png\",\"width\":1024,\"height\":1024,\"caption\":\"Medtest\"},\"image\":{\"@id\":\"https:\\\/\\\/medtest.stagingservers.net\\\/pl\\\/#\\\/schema\\\/logo\\\/image\\\/\"},\"sameAs\":[\"https:\\\/\\\/www.facebook.com\\\/Medtest-1440779469392476\\\/\"]}]}<\/script>","yoast_head_json":{"title":"Test ci\u0105\u017cowy PASKOWY - Medtest.shop","description":"Test ci\u0105\u017cowy PASKOWY - Medtest.shop","robots":{"index":"noindex","follow":"follow","max-snippet":"max-snippet:-1","max-image-preview":"max-image-preview:large","max-video-preview":"max-video-preview:-1"},"og_locale":"pl_PL","og_type":"article","og_title":"Test ci\u0105\u017cowy PASKOWY - Medtest.shop","og_description":"Test ci\u0105\u017cowy PASKOWY - Medtest.shop","og_url":"https:\/\/medtest.stagingservers.net\/pl\/produkt\/test-ciazowy-paskowy\/","og_site_name":"Medtest.shop","article_publisher":"https:\/\/www.facebook.com\/Medtest-1440779469392476\/","article_modified_time":"2019-09-28T11:32:16+00:00","og_image":[{"width":596,"height":460,"url":"https:\/\/medtest.stagingservers.net\/wp-content\/uploads\/2018\/12\/Gravtest-sticka-B.png","type":"image\/png"}],"twitter_card":"summary_large_image","schema":{"@context":"https:\/\/schema.org","@graph":[{"@type":"WebPage","@id":"https:\/\/medtest.stagingservers.net\/pl\/produkt\/test-ciazowy-paskowy\/","url":"https:\/\/medtest.stagingservers.net\/pl\/produkt\/test-ciazowy-paskowy\/","name":"Test ci\u0105\u017cowy PASKOWY - Medtest.shop","isPartOf":{"@id":"https:\/\/medtest.stagingservers.net\/pl\/#website"},"primaryImageOfPage":{"@id":"https:\/\/medtest.stagingservers.net\/pl\/produkt\/test-ciazowy-paskowy\/#primaryimage"},"image":{"@id":"https:\/\/medtest.stagingservers.net\/pl\/produkt\/test-ciazowy-paskowy\/#primaryimage"},"thumbnailUrl":"https:\/\/medtest.stagingservers.net\/wp-content\/uploads\/2018\/12\/Gravtest-sticka-B.png","datePublished":"2019-09-02T08:25:16+00:00","dateModified":"2019-09-28T11:32:16+00:00","description":"Test ci\u0105\u017cowy PASKOWY - Medtest.shop","breadcrumb":{"@id":"https:\/\/medtest.stagingservers.net\/pl\/produkt\/test-ciazowy-paskowy\/#breadcrumb"},"inLanguage":"pl-PL","potentialAction":[{"@type":"ReadAction","target":["https:\/\/medtest.stagingservers.net\/pl\/produkt\/test-ciazowy-paskowy\/"]}]},{"@type":"ImageObject","inLanguage":"pl-PL","@id":"https:\/\/medtest.stagingservers.net\/pl\/produkt\/test-ciazowy-paskowy\/#primaryimage","url":"https:\/\/medtest.stagingservers.net\/wp-content\/uploads\/2018\/12\/Gravtest-sticka-B.png","contentUrl":"https:\/\/medtest.stagingservers.net\/wp-content\/uploads\/2018\/12\/Gravtest-sticka-B.png","width":596,"height":460},{"@type":"BreadcrumbList","@id":"https:\/\/medtest.stagingservers.net\/pl\/produkt\/test-ciazowy-paskowy\/#breadcrumb","itemListElement":[{"@type":"ListItem","position":1,"name":"Home","item":"https:\/\/medtest.stagingservers.net\/pl\/"},{"@type":"ListItem","position":2,"name":"Sklep","item":"https:\/\/medtest.stagingservers.net\/pl\/sklep\/"},{"@type":"ListItem","position":3,"name":"Test ci\u0105\u017cowy PASKOWY"}]},{"@type":"WebSite","@id":"https:\/\/medtest.stagingservers.net\/pl\/#website","url":"https:\/\/medtest.stagingservers.net\/pl\/","name":"Medtest.shop","description":"","publisher":{"@id":"https:\/\/medtest.stagingservers.net\/pl\/#organization"},"potentialAction":[{"@type":"SearchAction","target":{"@type":"EntryPoint","urlTemplate":"https:\/\/medtest.stagingservers.net\/pl\/?s={search_term_string}"},"query-input":{"@type":"PropertyValueSpecification","valueRequired":true,"valueName":"search_term_string"}}],"inLanguage":"pl-PL"},{"@type":"Organization","@id":"https:\/\/medtest.stagingservers.net\/pl\/#organization","name":"Medtest","url":"https:\/\/medtest.stagingservers.net\/pl\/","logo":{"@type":"ImageObject","inLanguage":"pl-PL","@id":"https:\/\/medtest.stagingservers.net\/pl\/#\/schema\/logo\/image\/","url":"https:\/\/medtest.stagingservers.net\/wp-content\/uploads\/2018\/11\/Original.png","contentUrl":"https:\/\/medtest.stagingservers.net\/wp-content\/uploads\/2018\/11\/Original.png","width":1024,"height":1024,"caption":"Medtest"},"image":{"@id":"https:\/\/medtest.stagingservers.net\/pl\/#\/schema\/logo\/image\/"},"sameAs":["https:\/\/www.facebook.com\/Medtest-1440779469392476\/"]}]}},"_links":{"self":[{"href":"https:\/\/medtest.stagingservers.net\/pl\/wp-json\/wp\/v2\/product\/73320","targetHints":{"allow":["GET"]}}],"collection":[{"href":"https:\/\/medtest.stagingservers.net\/pl\/wp-json\/wp\/v2\/product"}],"about":[{"href":"https:\/\/medtest.stagingservers.net\/pl\/wp-json\/wp\/v2\/types\/product"}],"replies":[{"embeddable":true,"href":"https:\/\/medtest.stagingservers.net\/pl\/wp-json\/wp\/v2\/comments?post=73320"}],"version-history":[{"count":0,"href":"https:\/\/medtest.stagingservers.net\/pl\/wp-json\/wp\/v2\/product\/73320\/revisions"}],"wp:featuredmedia":[{"embeddable":true,"href":"https:\/\/medtest.stagingservers.net\/pl\/wp-json\/wp\/v2\/media\/73326"}],"wp:attachment":[{"href":"https:\/\/medtest.stagingservers.net\/pl\/wp-json\/wp\/v2\/media?parent=73320"}],"wp:term":[{"taxonomy":"product_brand","embeddable":true,"href":"https:\/\/medtest.stagingservers.net\/pl\/wp-json\/wp\/v2\/product_brand?post=73320"},{"taxonomy":"product_cat","embeddable":true,"href":"https:\/\/medtest.stagingservers.net\/pl\/wp-json\/wp\/v2\/product_cat?post=73320"},{"taxonomy":"product_tag","embeddable":true,"href":"https:\/\/medtest.stagingservers.net\/pl\/wp-json\/wp\/v2\/product_tag?post=73320"}],"curies":[{"name":"wp","href":"https:\/\/api.w.org\/{rel}","templated":true}]}}