{"id":73336,"date":"2019-09-02T10:38:52","date_gmt":"2019-09-02T08:38:52","guid":{"rendered":"https:\/\/medtest.stagingservers.net\/product\/test-owulacyjny-strumieniowy\/"},"modified":"2019-09-28T13:25:34","modified_gmt":"2019-09-28T11:25:34","slug":"test-owulacyjny-strumieniowy","status":"publish","type":"product","link":"https:\/\/medtest.stagingservers.net\/pl\/produkt\/test-owulacyjny-strumieniowy\/","title":{"rendered":"Test Owulacyjny STRUMIENIOWY"},"content":{"rendered":"<h2>Test owulacyjny \u2014 Strumieniowy<\/h2>\n<p>Owulacja to proces prowadz\u0105cy do uwolnienia jednego lub wi\u0119cej jajeczek z jajnika. Ka\u017cdego miesi\u0105ca od trzech do 30 jajeczek dojrzewa w jednym z jajnik\u00f3w. Najwi\u0119kszy jest wyciskany do jamy miednicy i wprowadzany do jajowodu. Twoje jajeczko przetrwa tylko od 12 godzin do 24 godzin, je\u015bli nie zostanie zap\u0142odnione. Dlatego co miesi\u0105c jest tylko jedno ma\u0142e okno, w kt\u00f3rym mo\u017cesz zaj\u015b\u0107 w ci\u0105\u017c\u0119, zwykle nie d\u0142u\u017cej ni\u017c oko\u0142o sze\u015bciu dni.<\/p>\n<p>Ten szybki test ma na celu okre\u015blenie dni p\u0142odnych, aby\u015b mog\u0142a zmaksymalizowa\u0107 wysi\u0142ki podczas pr\u00f3by zaj\u015bcia w ci\u0105\u017c\u0119. Test owulacji wykrywa wzrost hormonu luteinizuj\u0105cego (LH), kt\u00f3ry wyst\u0119puje na dzie\u0144 lub dwa przed owulacj\u0105. Jest to pomocne przy podejmowaniu decyzji o najlepszym czasie na stosunek p\u0142ciowy.<\/p>\n<p>Ka\u017cde opakowanie zawiera pr\u00f3bnik, kt\u00f3ry jest zapakowany w poch\u0142aniaj\u0105c\u0105 wilgo\u0107 foli\u0119 i posiada oznakowanie CE zgodnie z dyrektyw\u0105 IVD. Sztyft do test\u00f3w ci\u0105\u017cowych przeznaczony jest wy\u0142\u0105cznie do jednokrotnego u\u017cytku.<\/p>\n<p>Materia\u0142: tworzywo sztuczne Rozmiar: ok. 14,5 x 1 cm<\/p>\n<h4>Instrukcje dotycz\u0105ce stosowania<\/h4>\n<p>Test ci\u0105\u017cowy s\u0142u\u017cy do wykonania badania na \u015bwie\u017cej pr\u00f3bce moczu<\/p>\n<p>Oto jak post\u0119powa\u0107:<\/p>\n<ol>\n<li>Otw\u00f3rz torebk\u0119 foliow\u0105 i wyjmij produkt.<\/li>\n<li>Nasikaj na ko\u0144c\u00f3wk\u0119 sztyftu (wystarcz\u0105 2 krople, oko\u0142o 100 ul) lub zanurz sztyft w pojemniku z moczem. Nie przepe\u0142niaj wk\u0142adki ch\u0142onnej. W<\/li>\n<li>ci\u0105gu 30 sekund otrzymasz wynik testu.<\/li>\n<li>Po u\u017cyciu wyrzu\u0107 sztyft do \u015bmietnika.<\/li>\n<\/ol>\n<p>&nbsp;<\/p>\n<h4><strong>Interpretacja wyniku<\/strong><\/h4>\n<p><img loading=\"lazy\" decoding=\"async\" class=\"size-full wp-image-74123 alignleft\" src=\"https:\/\/medtest.stagingservers.net\/wp-content\/uploads\/2019\/09\/Nega.jpg\" alt=\"\" width=\"459\" height=\"154\" srcset=\"https:\/\/medtest.stagingservers.net\/wp-content\/uploads\/2019\/09\/Nega.jpg 459w, https:\/\/medtest.stagingservers.net\/wp-content\/uploads\/2019\/09\/Nega-416x140.jpg 416w\" sizes=\"auto, (max-width: 459px) 100vw, 459px\" \/><\/p>\n<p>C = Control (Kontrola)\u00a0 \u00a0 T = Test<\/p>\n<p><strong>Negatywny<\/strong>:\u00a0 Je\u015bli w obszarze kontrolnym pojawi si\u0119 tylko jedna r\u00f3\u017cowa kreska, mo\u017cesz za\u0142o\u017cy\u0107, \u017ce nie masz owulacji.<\/p>\n<p><strong>Pozytywny<\/strong>:\u00a0 Je\u015bli w obszarze kontrolnym i testowym pojawi\u0105 si\u0119 dwie kreski, mo\u017cesz za\u0142o\u017cy\u0107, \u017ce jeste\u015b w ci\u0105\u017cy.<\/p>\n<p><strong>Niewa\u017cny<\/strong>: Je\u015bli nie ma wyra\u017anej r\u00f3\u017cowo-fioletowej kreski ani w obszarze TEST, ani KONTROLA, test jest niewa\u017cny. W takim przypadku zaleca si\u0119 powt\u00f3rzenie testu.<\/p>\n<h4>Przechowywanie<\/h4>\n<p>Przechowuj test w szczelnie zamkni\u0119tym opakowaniu w temperaturze pokojowej albo w lod\u00f3wce (2-30 \u00b0 C). Produkt jest wa\u017cny do ko\u0144ca daty wa\u017cno\u015bci podanej na opakowaniu i powinien pozosta\u0107 w szczelnie zamkni\u0119tym opakowaniu do momentu u\u017cycia. Nie zamra\u017ca\u0107.<\/p>\n","protected":false},"excerpt":{"rendered":"<p>Tani i bezpieczny test owulacyjny oznaczony znakiem CE z szybkim wynikiem. Nasikaj na sztyft i odczytaj wynik. Po 30 sekundach uzyskuje si\u0119 wynik testu.<\/p>\n","protected":false},"featured_media":73340,"comment_status":"closed","ping_status":"closed","template":"","meta":{"_acf_changed":false,"footnotes":""},"product_brand":[],"product_cat":[977],"product_tag":[],"class_list":{"0":"post-73336","1":"product","2":"type-product","3":"status-publish","4":"has-post-thumbnail","6":"product_cat-test-owulacyjny","8":"first","9":"instock","10":"taxable","11":"shipping-taxable","12":"purchasable","13":"product-type-variable","14":"has-default-attributes"},"acf":[],"yoast_head":"<title>Test Owulacyjny STRUMIENIOWY - Medtest.shop<\/title>\n<meta name=\"description\" content=\"Test Owulacyjny STRUMIENIOWY - Medtest.shop\" \/>\n<meta name=\"robots\" content=\"noindex, follow, max-snippet:-1, max-image-preview:large, max-video-preview:-1\" \/>\n<meta property=\"og:locale\" content=\"pl_PL\" \/>\n<meta property=\"og:type\" content=\"article\" \/>\n<meta property=\"og:title\" content=\"Test Owulacyjny STRUMIENIOWY - Medtest.shop\" \/>\n<meta property=\"og:description\" content=\"Test Owulacyjny STRUMIENIOWY - Medtest.shop\" \/>\n<meta property=\"og:url\" content=\"https:\/\/medtest.stagingservers.net\/pl\/produkt\/test-owulacyjny-strumieniowy\/\" \/>\n<meta property=\"og:site_name\" content=\"Medtest.shop\" \/>\n<meta property=\"article:publisher\" content=\"https:\/\/www.facebook.com\/Medtest-1440779469392476\/\" \/>\n<meta property=\"article:modified_time\" content=\"2019-09-28T11:25:34+00:00\" \/>\n<meta property=\"og:image\" content=\"https:\/\/medtest.stagingservers.net\/wp-content\/uploads\/2018\/11\/A\u0308gglossningstest-STAV-33-1523918753627.png\" \/>\n\t<meta property=\"og:image:width\" content=\"480\" \/>\n\t<meta property=\"og:image:height\" content=\"480\" \/>\n\t<meta property=\"og:image:type\" content=\"image\/png\" \/>\n<meta name=\"twitter:card\" content=\"summary_large_image\" \/>\n<script type=\"application\/ld+json\" class=\"yoast-schema-graph\">{\"@context\":\"https:\\\/\\\/schema.org\",\"@graph\":[{\"@type\":\"WebPage\",\"@id\":\"https:\\\/\\\/medtest.stagingservers.net\\\/pl\\\/produkt\\\/test-owulacyjny-strumieniowy\\\/\",\"url\":\"https:\\\/\\\/medtest.stagingservers.net\\\/pl\\\/produkt\\\/test-owulacyjny-strumieniowy\\\/\",\"name\":\"Test Owulacyjny STRUMIENIOWY - Medtest.shop\",\"isPartOf\":{\"@id\":\"https:\\\/\\\/medtest.stagingservers.net\\\/pl\\\/#website\"},\"primaryImageOfPage\":{\"@id\":\"https:\\\/\\\/medtest.stagingservers.net\\\/pl\\\/produkt\\\/test-owulacyjny-strumieniowy\\\/#primaryimage\"},\"image\":{\"@id\":\"https:\\\/\\\/medtest.stagingservers.net\\\/pl\\\/produkt\\\/test-owulacyjny-strumieniowy\\\/#primaryimage\"},\"thumbnailUrl\":\"https:\\\/\\\/medtest.stagingservers.net\\\/wp-content\\\/uploads\\\/2018\\\/11\\\/A\u0308gglossningstest-STAV-33-1523918753627.png\",\"datePublished\":\"2019-09-02T08:38:52+00:00\",\"dateModified\":\"2019-09-28T11:25:34+00:00\",\"description\":\"Test Owulacyjny STRUMIENIOWY - Medtest.shop\",\"breadcrumb\":{\"@id\":\"https:\\\/\\\/medtest.stagingservers.net\\\/pl\\\/produkt\\\/test-owulacyjny-strumieniowy\\\/#breadcrumb\"},\"inLanguage\":\"pl-PL\",\"potentialAction\":[{\"@type\":\"ReadAction\",\"target\":[\"https:\\\/\\\/medtest.stagingservers.net\\\/pl\\\/produkt\\\/test-owulacyjny-strumieniowy\\\/\"]}]},{\"@type\":\"ImageObject\",\"inLanguage\":\"pl-PL\",\"@id\":\"https:\\\/\\\/medtest.stagingservers.net\\\/pl\\\/produkt\\\/test-owulacyjny-strumieniowy\\\/#primaryimage\",\"url\":\"https:\\\/\\\/medtest.stagingservers.net\\\/wp-content\\\/uploads\\\/2018\\\/11\\\/A\u0308gglossningstest-STAV-33-1523918753627.png\",\"contentUrl\":\"https:\\\/\\\/medtest.stagingservers.net\\\/wp-content\\\/uploads\\\/2018\\\/11\\\/A\u0308gglossningstest-STAV-33-1523918753627.png\",\"width\":480,\"height\":480},{\"@type\":\"BreadcrumbList\",\"@id\":\"https:\\\/\\\/medtest.stagingservers.net\\\/pl\\\/produkt\\\/test-owulacyjny-strumieniowy\\\/#breadcrumb\",\"itemListElement\":[{\"@type\":\"ListItem\",\"position\":1,\"name\":\"Home\",\"item\":\"https:\\\/\\\/medtest.stagingservers.net\\\/pl\\\/\"},{\"@type\":\"ListItem\",\"position\":2,\"name\":\"Sklep\",\"item\":\"https:\\\/\\\/medtest.stagingservers.net\\\/pl\\\/sklep\\\/\"},{\"@type\":\"ListItem\",\"position\":3,\"name\":\"Test Owulacyjny STRUMIENIOWY\"}]},{\"@type\":\"WebSite\",\"@id\":\"https:\\\/\\\/medtest.stagingservers.net\\\/pl\\\/#website\",\"url\":\"https:\\\/\\\/medtest.stagingservers.net\\\/pl\\\/\",\"name\":\"Medtest.shop\",\"description\":\"\",\"publisher\":{\"@id\":\"https:\\\/\\\/medtest.stagingservers.net\\\/pl\\\/#organization\"},\"potentialAction\":[{\"@type\":\"SearchAction\",\"target\":{\"@type\":\"EntryPoint\",\"urlTemplate\":\"https:\\\/\\\/medtest.stagingservers.net\\\/pl\\\/?s={search_term_string}\"},\"query-input\":{\"@type\":\"PropertyValueSpecification\",\"valueRequired\":true,\"valueName\":\"search_term_string\"}}],\"inLanguage\":\"pl-PL\"},{\"@type\":\"Organization\",\"@id\":\"https:\\\/\\\/medtest.stagingservers.net\\\/pl\\\/#organization\",\"name\":\"Medtest\",\"url\":\"https:\\\/\\\/medtest.stagingservers.net\\\/pl\\\/\",\"logo\":{\"@type\":\"ImageObject\",\"inLanguage\":\"pl-PL\",\"@id\":\"https:\\\/\\\/medtest.stagingservers.net\\\/pl\\\/#\\\/schema\\\/logo\\\/image\\\/\",\"url\":\"https:\\\/\\\/medtest.stagingservers.net\\\/wp-content\\\/uploads\\\/2018\\\/11\\\/Original.png\",\"contentUrl\":\"https:\\\/\\\/medtest.stagingservers.net\\\/wp-content\\\/uploads\\\/2018\\\/11\\\/Original.png\",\"width\":1024,\"height\":1024,\"caption\":\"Medtest\"},\"image\":{\"@id\":\"https:\\\/\\\/medtest.stagingservers.net\\\/pl\\\/#\\\/schema\\\/logo\\\/image\\\/\"},\"sameAs\":[\"https:\\\/\\\/www.facebook.com\\\/Medtest-1440779469392476\\\/\"]}]}<\/script>","yoast_head_json":{"title":"Test Owulacyjny STRUMIENIOWY - Medtest.shop","description":"Test Owulacyjny STRUMIENIOWY - Medtest.shop","robots":{"index":"noindex","follow":"follow","max-snippet":"max-snippet:-1","max-image-preview":"max-image-preview:large","max-video-preview":"max-video-preview:-1"},"og_locale":"pl_PL","og_type":"article","og_title":"Test Owulacyjny STRUMIENIOWY - Medtest.shop","og_description":"Test Owulacyjny STRUMIENIOWY - Medtest.shop","og_url":"https:\/\/medtest.stagingservers.net\/pl\/produkt\/test-owulacyjny-strumieniowy\/","og_site_name":"Medtest.shop","article_publisher":"https:\/\/www.facebook.com\/Medtest-1440779469392476\/","article_modified_time":"2019-09-28T11:25:34+00:00","og_image":[{"width":480,"height":480,"url":"https:\/\/medtest.stagingservers.net\/wp-content\/uploads\/2018\/11\/A\u0308gglossningstest-STAV-33-1523918753627.png","type":"image\/png"}],"twitter_card":"summary_large_image","schema":{"@context":"https:\/\/schema.org","@graph":[{"@type":"WebPage","@id":"https:\/\/medtest.stagingservers.net\/pl\/produkt\/test-owulacyjny-strumieniowy\/","url":"https:\/\/medtest.stagingservers.net\/pl\/produkt\/test-owulacyjny-strumieniowy\/","name":"Test Owulacyjny STRUMIENIOWY - Medtest.shop","isPartOf":{"@id":"https:\/\/medtest.stagingservers.net\/pl\/#website"},"primaryImageOfPage":{"@id":"https:\/\/medtest.stagingservers.net\/pl\/produkt\/test-owulacyjny-strumieniowy\/#primaryimage"},"image":{"@id":"https:\/\/medtest.stagingservers.net\/pl\/produkt\/test-owulacyjny-strumieniowy\/#primaryimage"},"thumbnailUrl":"https:\/\/medtest.stagingservers.net\/wp-content\/uploads\/2018\/11\/A\u0308gglossningstest-STAV-33-1523918753627.png","datePublished":"2019-09-02T08:38:52+00:00","dateModified":"2019-09-28T11:25:34+00:00","description":"Test Owulacyjny STRUMIENIOWY - Medtest.shop","breadcrumb":{"@id":"https:\/\/medtest.stagingservers.net\/pl\/produkt\/test-owulacyjny-strumieniowy\/#breadcrumb"},"inLanguage":"pl-PL","potentialAction":[{"@type":"ReadAction","target":["https:\/\/medtest.stagingservers.net\/pl\/produkt\/test-owulacyjny-strumieniowy\/"]}]},{"@type":"ImageObject","inLanguage":"pl-PL","@id":"https:\/\/medtest.stagingservers.net\/pl\/produkt\/test-owulacyjny-strumieniowy\/#primaryimage","url":"https:\/\/medtest.stagingservers.net\/wp-content\/uploads\/2018\/11\/A\u0308gglossningstest-STAV-33-1523918753627.png","contentUrl":"https:\/\/medtest.stagingservers.net\/wp-content\/uploads\/2018\/11\/A\u0308gglossningstest-STAV-33-1523918753627.png","width":480,"height":480},{"@type":"BreadcrumbList","@id":"https:\/\/medtest.stagingservers.net\/pl\/produkt\/test-owulacyjny-strumieniowy\/#breadcrumb","itemListElement":[{"@type":"ListItem","position":1,"name":"Home","item":"https:\/\/medtest.stagingservers.net\/pl\/"},{"@type":"ListItem","position":2,"name":"Sklep","item":"https:\/\/medtest.stagingservers.net\/pl\/sklep\/"},{"@type":"ListItem","position":3,"name":"Test Owulacyjny STRUMIENIOWY"}]},{"@type":"WebSite","@id":"https:\/\/medtest.stagingservers.net\/pl\/#website","url":"https:\/\/medtest.stagingservers.net\/pl\/","name":"Medtest.shop","description":"","publisher":{"@id":"https:\/\/medtest.stagingservers.net\/pl\/#organization"},"potentialAction":[{"@type":"SearchAction","target":{"@type":"EntryPoint","urlTemplate":"https:\/\/medtest.stagingservers.net\/pl\/?s={search_term_string}"},"query-input":{"@type":"PropertyValueSpecification","valueRequired":true,"valueName":"search_term_string"}}],"inLanguage":"pl-PL"},{"@type":"Organization","@id":"https:\/\/medtest.stagingservers.net\/pl\/#organization","name":"Medtest","url":"https:\/\/medtest.stagingservers.net\/pl\/","logo":{"@type":"ImageObject","inLanguage":"pl-PL","@id":"https:\/\/medtest.stagingservers.net\/pl\/#\/schema\/logo\/image\/","url":"https:\/\/medtest.stagingservers.net\/wp-content\/uploads\/2018\/11\/Original.png","contentUrl":"https:\/\/medtest.stagingservers.net\/wp-content\/uploads\/2018\/11\/Original.png","width":1024,"height":1024,"caption":"Medtest"},"image":{"@id":"https:\/\/medtest.stagingservers.net\/pl\/#\/schema\/logo\/image\/"},"sameAs":["https:\/\/www.facebook.com\/Medtest-1440779469392476\/"]}]}},"_links":{"self":[{"href":"https:\/\/medtest.stagingservers.net\/pl\/wp-json\/wp\/v2\/product\/73336","targetHints":{"allow":["GET"]}}],"collection":[{"href":"https:\/\/medtest.stagingservers.net\/pl\/wp-json\/wp\/v2\/product"}],"about":[{"href":"https:\/\/medtest.stagingservers.net\/pl\/wp-json\/wp\/v2\/types\/product"}],"replies":[{"embeddable":true,"href":"https:\/\/medtest.stagingservers.net\/pl\/wp-json\/wp\/v2\/comments?post=73336"}],"version-history":[{"count":0,"href":"https:\/\/medtest.stagingservers.net\/pl\/wp-json\/wp\/v2\/product\/73336\/revisions"}],"wp:featuredmedia":[{"embeddable":true,"href":"https:\/\/medtest.stagingservers.net\/pl\/wp-json\/wp\/v2\/media\/73340"}],"wp:attachment":[{"href":"https:\/\/medtest.stagingservers.net\/pl\/wp-json\/wp\/v2\/media?parent=73336"}],"wp:term":[{"taxonomy":"product_brand","embeddable":true,"href":"https:\/\/medtest.stagingservers.net\/pl\/wp-json\/wp\/v2\/product_brand?post=73336"},{"taxonomy":"product_cat","embeddable":true,"href":"https:\/\/medtest.stagingservers.net\/pl\/wp-json\/wp\/v2\/product_cat?post=73336"},{"taxonomy":"product_tag","embeddable":true,"href":"https:\/\/medtest.stagingservers.net\/pl\/wp-json\/wp\/v2\/product_tag?post=73336"}],"curies":[{"name":"wp","href":"https:\/\/api.w.org\/{rel}","templated":true}]}}