{"id":73350,"date":"2019-09-02T10:41:06","date_gmt":"2019-09-02T08:41:06","guid":{"rendered":"https:\/\/medtest.stagingservers.net\/product\/strep-a-test-angina\/"},"modified":"2019-11-13T20:39:28","modified_gmt":"2019-11-13T18:39:28","slug":"strep-a-test-angina","status":"publish","type":"product","link":"https:\/\/medtest.stagingservers.net\/pl\/produkt\/strep-a-test-angina\/","title":{"rendered":"Strep A test (Angina)"},"content":{"rendered":"<h2>Test na angin\u0119<\/h2>\n<p>Szybki test Strep A wykrywa Streptococcus A na podstawie wymazu z gard\u0142a, co u\u0142atwia diagnoz\u0119 zaka\u017cenia paciorkowcami grupy A (angin\u0105). Je\u015bli Twoje migda\u0142ki s\u0105 spuchni\u0119te i masz gor\u0105czk\u0119, dowiedz si\u0119, czy obrz\u0119k jest spowodowany przez bakterie. Je\u015bli wynik testu b\u0119dzie ujemny, antybiotyki nie pomog\u0105, a obrz\u0119k jest prawdopodobnie spowodowany przez wirusy, a Tw\u00f3j organizm wyleczy si\u0119 sam po pewnym czasie. Swoisto\u015b\u0107: 97%. Czu\u0142o\u015b\u0107: 94%.<\/p>\n<p><strong>Instrukcje dotycz\u0105ce stosowania<\/strong><\/p>\n<p>Przed wykonaniem badania pozw\u00f3l aby zestaw do test\u00f3w, odczynnik i pr\u00f3bka wymazu osi\u0105gn\u0119\u0142y temperatur\u0119 pokojow\u0105 (15-30 \u00b0 C).<\/p>\n<p><strong>Oto jak post\u0119powa\u0107:<\/strong><\/p>\n<ol>\n<li>Otw\u00f3rz torebk\u0119 foliow\u0105 z testem kasetowym (najlepsze wyniki uzyskuje si\u0119, je\u015bli badanie zostanie przeprowadzone natychmiast po otwarciu torebki foliowej) i wyjmij pipet\u0119 z prob\u00f3wki.<\/li>\n<li>Dodaj 4 pe\u0142ne krople odczynnika A do prob\u00f3wki.<\/li>\n<li>Dodaj 4 pe\u0142ne krople odczynnika B do prob\u00f3wki.<\/li>\n<li>Wymieszaj roztw\u00f3r odczynnika A i B, delikatnie wstrz\u0105saj\u0105c prob\u00f3wk\u0105.<\/li>\n<li>Wyjmij patyczek do wymazu z opakowania i potrzyj bawe\u0142nianym wacikiem spuchni\u0119te migda\u0142ki (migda\u0142ki szyjne) w spos\u00f3b pokazany na 8a. Upewnij si\u0119, \u017ce wymaz zosta\u0142 pobrany z obu migda\u0142k\u00f3w. Natychmiast zanurz patyczek do wymazu do prob\u00f3wki z odczynnikami A i B.<\/li>\n<li>Obracaj patyczkiem do wymaz\u00f3w wykonuj\u0105c nim w prob\u00f3wce 10 obrot\u00f3w. Pozostaw wymaz\u00f3wk\u0119 w prob\u00f3wce na 1 minut\u0119.<\/li>\n<li>Nast\u0119pnie przyci\u015bnij palcami bawe\u0142nian\u0105 ko\u0144c\u00f3wk\u0119 do \u015bcianek prob\u00f3wki, po czym naci\u015bnij doln\u0105 cz\u0119\u015b\u0107 prob\u00f3wki, aby patyczek zosta\u0142 cofni\u0119ty. Wyrzu\u0107 patyczek do wymaz\u00f3w.<\/li>\n<li>Umie\u015b\u0107 pipet\u0119 z powrotem w prob\u00f3wce i upu\u015b\u0107 pobrany roztw\u00f3r na kasecie testowej, a nast\u0119pnie rozpocznij odmierzanie czasu.<\/li>\n<li>Poczekaj, a\u017c pojawi si\u0119 kolorowa kreska. Odczytaj wynik po oko\u0142o 5 minutach.<\/li>\n<\/ol>\n<p><img loading=\"lazy\" decoding=\"async\" class=\"alignnone size-medium wp-image-74100\" src=\"https:\/\/medtest.stagingservers.net\/wp-content\/uploads\/2019\/09\/Strep-A-720x338.jpg\" alt=\"\" width=\"720\" height=\"338\" srcset=\"https:\/\/medtest.stagingservers.net\/wp-content\/uploads\/2019\/09\/Strep-A-720x338.jpg 720w, https:\/\/medtest.stagingservers.net\/wp-content\/uploads\/2019\/09\/Strep-A-768x360.jpg 768w, https:\/\/medtest.stagingservers.net\/wp-content\/uploads\/2019\/09\/Strep-A-416x195.jpg 416w, https:\/\/medtest.stagingservers.net\/wp-content\/uploads\/2019\/09\/Strep-A.jpg 874w\" sizes=\"auto, (max-width: 720px) 100vw, 720px\" \/><\/p>\n<div class=\"row\">\n<div class=\"extra\">\n<div class=\"component\">\n<div class=\"self mobile-leaf text textnormal mobile-undersized-upper\">\n<p><strong>Interpretacja wyniku<\/strong><\/p>\n<\/div>\n<\/div>\n<\/div>\n<\/div>\n<div class=\"row\">\n<div class=\"col\">\n<div class=\"chrome-border-fix image component block idCAF7F30CDF364866A77CCE862453D59A\">\n<p><img loading=\"lazy\" decoding=\"async\" class=\"alignnone size-full wp-image-74032\" src=\"https:\/\/medtest.stagingservers.net\/wp-content\/uploads\/2019\/09\/Dok3_OO_trzyczwarte.jpg\" alt=\"\" width=\"246\" height=\"181\" \/><\/p>\n<p>Je\u015bli kreski pojawiaj\u0105 si\u0119 przy C i T, wynik jest dodatni. Je\u015bli kreska jest wy\u015bwietlana tylko przy C, wynik jest ujemny. Linia kontrolna (C) znajduje si\u0119 na wszystkich testach kasetowych i dzia\u0142a jako kontrola jako\u015bci, kt\u00f3ra zapewnia, \u017ce kaseta testowa dzia\u0142a prawid\u0142owo.<\/p>\n<p>C = Control (Kontrola)\u00a0 \u00a0T = Test\u00a0 \u00a0S = Sample (Pr\u00f3bka)<\/p>\n<div class=\"row\">\n<div class=\"extra\">\n<div class=\"component\">\n<div class=\"self mobile-leaf text textnormal mobile-undersized-upper\">\n<p><strong>Wynik pozytywny<\/strong><\/p>\n<p>Je\u015bli wynik testu jest dodatni wskazuj\u0105cy na angin\u0119, mo\u017cesz na przyk\u0142ad skontaktowa\u0107 si\u0119 z lekarzem dost\u0119pnym w sieci (lekarzem domowym). Zalet\u0105 wykonania szybkiego testu Strep A w domu jest to, \u017ce lekarz mo\u017ce postawi\u0107 w\u0142a\u015bciw\u0105 diagnoz\u0119, a antybiotyki nie s\u0105 niepotrzebnie przepisywane. Nie musisz i\u015b\u0107 do przychodni lekarskiej i traci\u0107 niepotrzebnie czas na oczekiwanie, co jest oczywi\u015bcie inn\u0105 mo\u017cliwo\u015bci\u0105, je\u015bli nie chcesz kontaktowa\u0107 si\u0119 z lekarzem przez Internet.<\/p>\n<p><strong>\u00a0<\/strong><\/p>\n<p><strong>Wynik negatywny<\/strong><\/p>\n<p>Z drugiej strony, je\u015bli wynik testu b\u0119dzie negatywny, antybiotyki nie pomog\u0105, a obrz\u0119k jest prawdopodobnie spowodowany wirusem, z kt\u00f3rym organizm sam sobie poradzi w ci\u0105gu kilku dni. W takim przypadku Ty lub Twoje dziecko mo\u017cecie unikn\u0105\u0107 kontaktu z lekarzem i niepotrzebnej straty czasu oczekuj\u0105c na wizyt\u0119 w o\u015brodku zdrowia. Je\u015bli stan Tw\u00f3j lub Twojego dziecka nie poprawi si\u0119 po 5 dniach choroby, zalecamy, aby uda\u0107 si\u0119 do lekarza.<\/p>\n<p><strong>Przechowywanie<\/strong><\/p>\n<p>Przechowuj kaset\u0119 testow\u0105 w szczelnie zamkni\u0119tym opakowaniu w temperaturze pokojowej albo w lod\u00f3wce (2-30 \u00b0 C). Test kasetowy jest wa\u017cny do ko\u0144ca daty wa\u017cno\u015bci podanej na opakowaniu. Zestaw testowe powinien pozosta\u0107 w szczelnie zamkni\u0119tym opakowaniu do momentu u\u017cycia. Nie zamra\u017ca\u0107.<\/p>\n<\/div>\n<\/div>\n<\/div>\n<\/div>\n<\/div>\n<\/div>\n<\/div>\n","protected":false},"excerpt":{"rendered":"<p>Sprawd\u017a, czy masz angin\u0119. Test wykrywa paciorkowce A w wymazach z gard\u0142a, aby u\u0142atwi\u0107 diagnoz\u0119 zaka\u017cenia paciorkowcami grupy A. Je\u015bli Twoje migda\u0142ki s\u0105 spuchni\u0119te i masz gor\u0105czk\u0119, dowiedz si\u0119, czy obrz\u0119k jest spowodowany przez bakterie. <\/p>\n","protected":false},"featured_media":73919,"comment_status":"closed","ping_status":"closed","template":"","meta":{"_acf_changed":false,"footnotes":""},"product_brand":[],"product_cat":[990],"product_tag":[],"class_list":{"0":"post-73350","1":"product","2":"type-product","3":"status-publish","4":"has-post-thumbnail","6":"product_cat-strep-a-angina","8":"first","9":"instock","10":"taxable","11":"shipping-taxable","12":"purchasable","13":"product-type-variable"},"acf":[],"yoast_head":"<title>Strep A test (Angina) - Medtest.shop<\/title>\n<meta name=\"description\" content=\"Strep A test (Angina) - Medtest.shop\" \/>\n<meta name=\"robots\" content=\"noindex, follow, max-snippet:-1, max-image-preview:large, max-video-preview:-1\" \/>\n<meta property=\"og:locale\" content=\"pl_PL\" \/>\n<meta property=\"og:type\" content=\"article\" \/>\n<meta property=\"og:title\" content=\"Strep A test (Angina) - Medtest.shop\" \/>\n<meta property=\"og:description\" content=\"Strep A test (Angina) - Medtest.shop\" \/>\n<meta property=\"og:url\" content=\"https:\/\/medtest.stagingservers.net\/pl\/produkt\/strep-a-test-angina\/\" \/>\n<meta property=\"og:site_name\" content=\"Medtest.shop\" \/>\n<meta property=\"article:publisher\" content=\"https:\/\/www.facebook.com\/Medtest-1440779469392476\/\" \/>\n<meta property=\"article:modified_time\" content=\"2019-11-13T18:39:28+00:00\" \/>\n<meta property=\"og:image\" content=\"https:\/\/medtest.stagingservers.net\/wp-content\/uploads\/2019\/09\/Strep-A-3.png\" \/>\n\t<meta property=\"og:image:width\" content=\"2100\" \/>\n\t<meta property=\"og:image:height\" content=\"1400\" \/>\n\t<meta property=\"og:image:type\" content=\"image\/png\" \/>\n<meta name=\"twitter:card\" content=\"summary_large_image\" \/>\n<script type=\"application\/ld+json\" class=\"yoast-schema-graph\">{\"@context\":\"https:\\\/\\\/schema.org\",\"@graph\":[{\"@type\":\"WebPage\",\"@id\":\"https:\\\/\\\/medtest.stagingservers.net\\\/pl\\\/produkt\\\/strep-a-test-angina\\\/\",\"url\":\"https:\\\/\\\/medtest.stagingservers.net\\\/pl\\\/produkt\\\/strep-a-test-angina\\\/\",\"name\":\"Strep A test (Angina) - Medtest.shop\",\"isPartOf\":{\"@id\":\"https:\\\/\\\/medtest.stagingservers.net\\\/pl\\\/#website\"},\"primaryImageOfPage\":{\"@id\":\"https:\\\/\\\/medtest.stagingservers.net\\\/pl\\\/produkt\\\/strep-a-test-angina\\\/#primaryimage\"},\"image\":{\"@id\":\"https:\\\/\\\/medtest.stagingservers.net\\\/pl\\\/produkt\\\/strep-a-test-angina\\\/#primaryimage\"},\"thumbnailUrl\":\"https:\\\/\\\/medtest.stagingservers.net\\\/wp-content\\\/uploads\\\/2019\\\/09\\\/Strep-A-3.png\",\"datePublished\":\"2019-09-02T08:41:06+00:00\",\"dateModified\":\"2019-11-13T18:39:28+00:00\",\"description\":\"Strep A test (Angina) - Medtest.shop\",\"breadcrumb\":{\"@id\":\"https:\\\/\\\/medtest.stagingservers.net\\\/pl\\\/produkt\\\/strep-a-test-angina\\\/#breadcrumb\"},\"inLanguage\":\"pl-PL\",\"potentialAction\":[{\"@type\":\"ReadAction\",\"target\":[\"https:\\\/\\\/medtest.stagingservers.net\\\/pl\\\/produkt\\\/strep-a-test-angina\\\/\"]}]},{\"@type\":\"ImageObject\",\"inLanguage\":\"pl-PL\",\"@id\":\"https:\\\/\\\/medtest.stagingservers.net\\\/pl\\\/produkt\\\/strep-a-test-angina\\\/#primaryimage\",\"url\":\"https:\\\/\\\/medtest.stagingservers.net\\\/wp-content\\\/uploads\\\/2019\\\/09\\\/Strep-A-3.png\",\"contentUrl\":\"https:\\\/\\\/medtest.stagingservers.net\\\/wp-content\\\/uploads\\\/2019\\\/09\\\/Strep-A-3.png\",\"width\":2100,\"height\":1400},{\"@type\":\"BreadcrumbList\",\"@id\":\"https:\\\/\\\/medtest.stagingservers.net\\\/pl\\\/produkt\\\/strep-a-test-angina\\\/#breadcrumb\",\"itemListElement\":[{\"@type\":\"ListItem\",\"position\":1,\"name\":\"Home\",\"item\":\"https:\\\/\\\/medtest.stagingservers.net\\\/pl\\\/\"},{\"@type\":\"ListItem\",\"position\":2,\"name\":\"Sklep\",\"item\":\"https:\\\/\\\/medtest.stagingservers.net\\\/pl\\\/sklep\\\/\"},{\"@type\":\"ListItem\",\"position\":3,\"name\":\"Strep A test (Angina)\"}]},{\"@type\":\"WebSite\",\"@id\":\"https:\\\/\\\/medtest.stagingservers.net\\\/pl\\\/#website\",\"url\":\"https:\\\/\\\/medtest.stagingservers.net\\\/pl\\\/\",\"name\":\"Medtest.shop\",\"description\":\"\",\"publisher\":{\"@id\":\"https:\\\/\\\/medtest.stagingservers.net\\\/pl\\\/#organization\"},\"potentialAction\":[{\"@type\":\"SearchAction\",\"target\":{\"@type\":\"EntryPoint\",\"urlTemplate\":\"https:\\\/\\\/medtest.stagingservers.net\\\/pl\\\/?s={search_term_string}\"},\"query-input\":{\"@type\":\"PropertyValueSpecification\",\"valueRequired\":true,\"valueName\":\"search_term_string\"}}],\"inLanguage\":\"pl-PL\"},{\"@type\":\"Organization\",\"@id\":\"https:\\\/\\\/medtest.stagingservers.net\\\/pl\\\/#organization\",\"name\":\"Medtest\",\"url\":\"https:\\\/\\\/medtest.stagingservers.net\\\/pl\\\/\",\"logo\":{\"@type\":\"ImageObject\",\"inLanguage\":\"pl-PL\",\"@id\":\"https:\\\/\\\/medtest.stagingservers.net\\\/pl\\\/#\\\/schema\\\/logo\\\/image\\\/\",\"url\":\"https:\\\/\\\/medtest.stagingservers.net\\\/wp-content\\\/uploads\\\/2018\\\/11\\\/Original.png\",\"contentUrl\":\"https:\\\/\\\/medtest.stagingservers.net\\\/wp-content\\\/uploads\\\/2018\\\/11\\\/Original.png\",\"width\":1024,\"height\":1024,\"caption\":\"Medtest\"},\"image\":{\"@id\":\"https:\\\/\\\/medtest.stagingservers.net\\\/pl\\\/#\\\/schema\\\/logo\\\/image\\\/\"},\"sameAs\":[\"https:\\\/\\\/www.facebook.com\\\/Medtest-1440779469392476\\\/\"]}]}<\/script>","yoast_head_json":{"title":"Strep A test (Angina) - Medtest.shop","description":"Strep A test (Angina) - Medtest.shop","robots":{"index":"noindex","follow":"follow","max-snippet":"max-snippet:-1","max-image-preview":"max-image-preview:large","max-video-preview":"max-video-preview:-1"},"og_locale":"pl_PL","og_type":"article","og_title":"Strep A test (Angina) - Medtest.shop","og_description":"Strep A test (Angina) - Medtest.shop","og_url":"https:\/\/medtest.stagingservers.net\/pl\/produkt\/strep-a-test-angina\/","og_site_name":"Medtest.shop","article_publisher":"https:\/\/www.facebook.com\/Medtest-1440779469392476\/","article_modified_time":"2019-11-13T18:39:28+00:00","og_image":[{"width":2100,"height":1400,"url":"https:\/\/medtest.stagingservers.net\/wp-content\/uploads\/2019\/09\/Strep-A-3.png","type":"image\/png"}],"twitter_card":"summary_large_image","schema":{"@context":"https:\/\/schema.org","@graph":[{"@type":"WebPage","@id":"https:\/\/medtest.stagingservers.net\/pl\/produkt\/strep-a-test-angina\/","url":"https:\/\/medtest.stagingservers.net\/pl\/produkt\/strep-a-test-angina\/","name":"Strep A test (Angina) - Medtest.shop","isPartOf":{"@id":"https:\/\/medtest.stagingservers.net\/pl\/#website"},"primaryImageOfPage":{"@id":"https:\/\/medtest.stagingservers.net\/pl\/produkt\/strep-a-test-angina\/#primaryimage"},"image":{"@id":"https:\/\/medtest.stagingservers.net\/pl\/produkt\/strep-a-test-angina\/#primaryimage"},"thumbnailUrl":"https:\/\/medtest.stagingservers.net\/wp-content\/uploads\/2019\/09\/Strep-A-3.png","datePublished":"2019-09-02T08:41:06+00:00","dateModified":"2019-11-13T18:39:28+00:00","description":"Strep A test (Angina) - Medtest.shop","breadcrumb":{"@id":"https:\/\/medtest.stagingservers.net\/pl\/produkt\/strep-a-test-angina\/#breadcrumb"},"inLanguage":"pl-PL","potentialAction":[{"@type":"ReadAction","target":["https:\/\/medtest.stagingservers.net\/pl\/produkt\/strep-a-test-angina\/"]}]},{"@type":"ImageObject","inLanguage":"pl-PL","@id":"https:\/\/medtest.stagingservers.net\/pl\/produkt\/strep-a-test-angina\/#primaryimage","url":"https:\/\/medtest.stagingservers.net\/wp-content\/uploads\/2019\/09\/Strep-A-3.png","contentUrl":"https:\/\/medtest.stagingservers.net\/wp-content\/uploads\/2019\/09\/Strep-A-3.png","width":2100,"height":1400},{"@type":"BreadcrumbList","@id":"https:\/\/medtest.stagingservers.net\/pl\/produkt\/strep-a-test-angina\/#breadcrumb","itemListElement":[{"@type":"ListItem","position":1,"name":"Home","item":"https:\/\/medtest.stagingservers.net\/pl\/"},{"@type":"ListItem","position":2,"name":"Sklep","item":"https:\/\/medtest.stagingservers.net\/pl\/sklep\/"},{"@type":"ListItem","position":3,"name":"Strep A test (Angina)"}]},{"@type":"WebSite","@id":"https:\/\/medtest.stagingservers.net\/pl\/#website","url":"https:\/\/medtest.stagingservers.net\/pl\/","name":"Medtest.shop","description":"","publisher":{"@id":"https:\/\/medtest.stagingservers.net\/pl\/#organization"},"potentialAction":[{"@type":"SearchAction","target":{"@type":"EntryPoint","urlTemplate":"https:\/\/medtest.stagingservers.net\/pl\/?s={search_term_string}"},"query-input":{"@type":"PropertyValueSpecification","valueRequired":true,"valueName":"search_term_string"}}],"inLanguage":"pl-PL"},{"@type":"Organization","@id":"https:\/\/medtest.stagingservers.net\/pl\/#organization","name":"Medtest","url":"https:\/\/medtest.stagingservers.net\/pl\/","logo":{"@type":"ImageObject","inLanguage":"pl-PL","@id":"https:\/\/medtest.stagingservers.net\/pl\/#\/schema\/logo\/image\/","url":"https:\/\/medtest.stagingservers.net\/wp-content\/uploads\/2018\/11\/Original.png","contentUrl":"https:\/\/medtest.stagingservers.net\/wp-content\/uploads\/2018\/11\/Original.png","width":1024,"height":1024,"caption":"Medtest"},"image":{"@id":"https:\/\/medtest.stagingservers.net\/pl\/#\/schema\/logo\/image\/"},"sameAs":["https:\/\/www.facebook.com\/Medtest-1440779469392476\/"]}]}},"_links":{"self":[{"href":"https:\/\/medtest.stagingservers.net\/pl\/wp-json\/wp\/v2\/product\/73350","targetHints":{"allow":["GET"]}}],"collection":[{"href":"https:\/\/medtest.stagingservers.net\/pl\/wp-json\/wp\/v2\/product"}],"about":[{"href":"https:\/\/medtest.stagingservers.net\/pl\/wp-json\/wp\/v2\/types\/product"}],"replies":[{"embeddable":true,"href":"https:\/\/medtest.stagingservers.net\/pl\/wp-json\/wp\/v2\/comments?post=73350"}],"version-history":[{"count":0,"href":"https:\/\/medtest.stagingservers.net\/pl\/wp-json\/wp\/v2\/product\/73350\/revisions"}],"wp:featuredmedia":[{"embeddable":true,"href":"https:\/\/medtest.stagingservers.net\/pl\/wp-json\/wp\/v2\/media\/73919"}],"wp:attachment":[{"href":"https:\/\/medtest.stagingservers.net\/pl\/wp-json\/wp\/v2\/media?parent=73350"}],"wp:term":[{"taxonomy":"product_brand","embeddable":true,"href":"https:\/\/medtest.stagingservers.net\/pl\/wp-json\/wp\/v2\/product_brand?post=73350"},{"taxonomy":"product_cat","embeddable":true,"href":"https:\/\/medtest.stagingservers.net\/pl\/wp-json\/wp\/v2\/product_cat?post=73350"},{"taxonomy":"product_tag","embeddable":true,"href":"https:\/\/medtest.stagingservers.net\/pl\/wp-json\/wp\/v2\/product_tag?post=73350"}],"curies":[{"name":"wp","href":"https:\/\/api.w.org\/{rel}","templated":true}]}}