{"id":73356,"date":"2019-09-02T10:42:12","date_gmt":"2019-09-02T08:42:12","guid":{"rendered":"https:\/\/medtest.stagingservers.net\/product\/pakiet-na-zapalenie-pochwy\/"},"modified":"2019-10-10T00:04:39","modified_gmt":"2019-10-09T22:04:39","slug":"pakiet-na-zapalenie-pochwy","status":"publish","type":"product","link":"https:\/\/medtest.stagingservers.net\/pl\/produkt\/pakiet-na-zapalenie-pochwy\/","title":{"rendered":"Pakiet na zapalenie pochwy"},"content":{"rendered":"<h2>Pakiet na zapalenie pochwy<\/h2>\n<h4>1. Lactobacillus (H2O2)<\/h4>\n<p>U zdrowych kobiet w wieku rozrodczym pa\u0142eczki kwasu mlekowego tworz\u0105 w pochwie prawie ci\u0105g\u0142y \u201ebiofilm\u201d. Odgrywaj\u0105 kluczow\u0105 rol\u0119 w obronie przed innymi bakteriami, kt\u00f3re mog\u0105 powodowa\u0107 r\u00f3\u017cne choroby. Lactobacillus wytwarzaj\u0105 nadtlenek wodoru, H2O2, kt\u00f3ry jest truj\u0105cy (toksyczny) dla r\u00f3\u017cnych bakterii, a zatem dzia\u0142a obronnie.<\/p>\n<p>Nasz test podaje status H2O2.<\/p>\n<h4>2. Bakteryjne zapalenie pochwy (SA)<\/h4>\n<p>Bakteryjne zapalenie pochwy jest zaburzeniem r\u00f3wnowagi flory bakteryjnej w pochwie.<\/p>\n<p>Objawami bakteryjnego zapalenia pochwy s\u0105 szaro-\u017c\u00f3\u0142te, cienko p\u0142yn\u0105ce, a czasem pieniste p\u0142yny o nieprzyjemnym zapachu, cz\u0119sto silniejszym podczas menstruacji. Ale w niekt\u00f3rych przypadkach bakteryjne zapalenie pochwy w og\u00f3le nie wywo\u0142uje \u017cadnych objaw\u00f3w.<\/p>\n<p>Test mierzy aktywno\u015b\u0107 neuraminidazy (SA), enzymu wydzielanego przez bakterie, kt\u00f3ry poprawia zdolno\u015b\u0107 bakterii do inwazji i niszczenia tkanek.<\/p>\n<p>Bakteryjne zapalenie pochwy nale\u017cy leczy\u0107 antybiotykami.<\/p>\n<h4>3. Stan zapalny pochwy (LE)<\/h4>\n<p>Zaka\u017cenie dr\u00f3g rodnych bakteriami lub grzybami mo\u017ce powodowa\u0107 zapalenie pochwy.<\/p>\n<p>Objawami mog\u0105 by\u0107 up\u0142awy, sw\u0119dzenie i b\u00f3l.<\/p>\n<p>Nasz test mierzy obecno\u015b\u0107 bia\u0142ych krwinek, esterazy leukocyt\u00f3w (LE), kt\u00f3re s\u0105 zwi\u0105zane z infekcj\u0105.<\/p>\n<p>W przypadku zapalenia pochwy skonsultuj si\u0119 z lekarzem lub po\u0142o\u017cn\u0105.<\/p>\n<h4>4. Zaka\u017cenie grzybicze\/Candida (CV)<\/h4>\n<p>Infekcja grzybicza pochwy, znana r\u00f3wnie\u017c jako grzybicze zapalenie pochwy (CV), to nadmierny wzrost grzyba w pochwie, kt\u00f3ry powoduje podra\u017cnienia.<\/p>\n<p>Objawami bakteryjnego zapalenia pochwy s\u0105 szaro-\u017c\u00f3\u0142te, cienko p\u0142yn\u0105ce, a czasem pieniste up\u0142awy o nieprzyjemnym zapachu, cz\u0119sto silniejszym podczas menstruacji.<\/p>\n<p>Grzyb\/Candida jest leczony kremem na recept\u0119, dost\u0119pnym w aptekach.<\/p>\n<h4>5. Zaka\u017cenie rz\u0119sistkowic\u0105 (TV)<\/h4>\n<p>Rz\u0119sistkowe zapalenie pochwy (TV) jest wywo\u0142ywane przez paso\u017cyta, kt\u00f3ry mo\u017ce powodowa\u0107 infekcje przenoszone drog\u0105 p\u0142ciow\u0105. Paso\u017cyt umiejscawia si\u0119 u zara\u017conych kobiet w pochwie i przenosi si\u0119 podczas stosunk\u00f3w seksualnych oraz innych niechronionych kontakt\u00f3w seksualnych. Oko\u0142o po\u0142owa kobiet zara\u017conych ma objawy.<\/p>\n<p>Objawami infekcji s\u0105 pieczenie\/sw\u0119dzenie w drogach rodnych, a tak\u017ce up\u0142awy, kt\u00f3re mog\u0105 by\u0107 \u017c\u00f3\u0142to-zielone, a czasem cuchn\u0105.<\/p>\n<p>Okres inkubacji mo\u017ce wynosi\u0107 od kilku dni do kilku tygodni. Rz\u0119sistkowica mo\u017ce by\u0107 przenoszona z kobiety w ci\u0105\u017cy na dziecko podczas rodzenia.<\/p>\n<p>Zaka\u017cenie rz\u0119sistkami nale\u017cy leczy\u0107 antybiotykami<\/p>\n<h4>6. pH<\/h4>\n<p>Pa\u0142eczki Lactobacillus w pochwie pomagaj\u0105 ustali\u0107 i utrzyma\u0107 warto\u015b\u0107 pH, kt\u00f3ra w wi\u0119kszo\u015bci przypadk\u00f3w wynosi mi\u0119dzy 3,8-4,0. Normalne pH narz\u0105d\u00f3w p\u0142ciowych zapobiega namna\u017caniu si\u0119 bakterii, co z kolei zmniejsza ryzyko infekcji.<\/p>\n<p>W przypadku nieprawid\u0142owych wynik\u00f3w skonsultuj si\u0119 z lekarzem lub po\u0142o\u017cn\u0105.<\/p>\n<p>Opakowanie zawiera zestawy do pobierania pr\u00f3bek i instrukcje. Przeprowadzenie testu nie jest bolesne.\u200b<\/p>\n<h4>Instrukcje dla u\u017cytkownika<\/h4>\n<p><strong>Wykonaj nast\u0119puj\u0105ce kroki:<\/strong><\/p>\n<ol>\n<li>Wykonaj test pochwy, obracaj\u0105c lekko patyczkiem na \u015bciance pochwy nieco w g\u0142\u0105b.<\/li>\n<li>Ko\u0144c\u00f3wk\u0105 patyczka potrzyj 2-3 razy wg\u0142\u0119bienie do badania pH. Odczytaj wynik.<\/li>\n<li>Umie\u015b\u0107 ko\u0144c\u00f3wk\u0119 patyczka w prob\u00f3wce i dodaj 12-14 kropli \u201eroztworu do ekstrakcji BV\u201d. Wymieszaj i wyci\u015bnij wacik przez zewn\u0119trzn\u0105 cz\u0119\u015b\u0107 prob\u00f3wki, aby wydzieliny na g\u00f3rze zmiesza\u0142y si\u0119 i znalaz\u0142y si\u0119 w roztworze pr\u00f3bki.<\/li>\n<li>Odmierzy\u0107 pipet\u0105 2 krople do ka\u017cdego wg\u0142\u0119bienia (nie pH).<\/li>\n<li>Dodaj kropl\u0119 \u201eOdczynnika chromogennego\u201d do wg\u0142\u0119bienia H2O2.<\/li>\n<li>Pozostaw do reakcji w piekarniku w 42-45 \u00b0 C przez 5 minut. Odczytaj wynik w ci\u0105gu 15 minut.<\/li>\n<\/ol>\n<p><img loading=\"lazy\" decoding=\"async\" class=\"size-full wp-image-54498 aligncenter\" src=\"https:\/\/medtest.stagingservers.net\/wp-content\/uploads\/2018\/11\/Ska\u0308rmavbild-2018-05-01-kl.-20.16.24.png\" alt=\"\" width=\"996\" height=\"264\" srcset=\"https:\/\/medtest.stagingservers.net\/wp-content\/uploads\/2018\/11\/Ska\u0308rmavbild-2018-05-01-kl.-20.16.24.png 996w, https:\/\/medtest.stagingservers.net\/wp-content\/uploads\/2018\/11\/Ska\u0308rmavbild-2018-05-01-kl.-20.16.24-600x159.png 600w, https:\/\/medtest.stagingservers.net\/wp-content\/uploads\/2018\/11\/Ska\u0308rmavbild-2018-05-01-kl.-20.16.24-200x53.png 200w, https:\/\/medtest.stagingservers.net\/wp-content\/uploads\/2018\/11\/Ska\u0308rmavbild-2018-05-01-kl.-20.16.24-720x191.png 720w, https:\/\/medtest.stagingservers.net\/wp-content\/uploads\/2018\/11\/Ska\u0308rmavbild-2018-05-01-kl.-20.16.24-768x204.png 768w, https:\/\/medtest.stagingservers.net\/wp-content\/uploads\/2018\/11\/Ska\u0308rmavbild-2018-05-01-kl.-20.16.24-416x110.png 416w, https:\/\/medtest.stagingservers.net\/wp-content\/uploads\/2018\/11\/Ska\u0308rmavbild-2018-05-01-kl.-20.16.24-300x80.png 300w\" sizes=\"auto, (max-width: 996px) 100vw, 996px\" \/><\/p>\n<h4>Rezultat<\/h4>\n<p><img loading=\"lazy\" decoding=\"async\" class=\"alignnone wp-image-74092\" src=\"https:\/\/medtest.stagingservers.net\/wp-content\/uploads\/2019\/09\/pH.jpg\" alt=\"\" width=\"951\" height=\"316\" srcset=\"https:\/\/medtest.stagingservers.net\/wp-content\/uploads\/2019\/09\/pH.jpg 635w, https:\/\/medtest.stagingservers.net\/wp-content\/uploads\/2019\/09\/pH-416x138.jpg 416w\" sizes=\"auto, (max-width: 951px) 100vw, 951px\" \/><\/p>\n<p>pH \u2014 Nieprawid\u0142owa warto\u015b\u0107 wskazuje na infekcj\u0119 pewnego rodzaju H2O2 &#8211; Nieprawid\u0142owy wynik wskazuje na infekcj\u0119. SA \u2014 Wynik pozytywny wskazuje na bakteryjne zapalenie pochwy. LE \u2014 Wynik pozytywny wskazuje na stan zapalny pochwy. CV \u2014 Wynik pozytywny wskazuje na zaka\u017cenie grzybicze. TV \u2014 Wynik pozytywny wskazuje na zaka\u017cenie rz\u0119sistkami.<\/p>\n<p>Czu\u0142o\u015b\u0107 analityczna<br \/>\nH2O2: \u22652\u03bcmol\/L<br \/>\nSA:\u00a0 \u00a0 \u00a0 \u00a0\u22657 jednostek\/ml<br \/>\nLE:\u00a0 \u00a0 \u00a0 \u00a0\u22659 jednostek\/ml<br \/>\nCV:\u00a0 \u00a0 \u00a0 \u2265 1&#215;103 cfu\/ml<br \/>\nTV:\u00a0 \u00a0 \u00a0 \u22651&#215;103 cfu\/ml<\/p>\n","protected":false},"excerpt":{"rendered":"<p>Test bakteryjnego zapalenia pochwy &#8211; 6 parametr\u00f3w. Mierzy: bakterie kwasu mlekowego (H2O2), bakteryjne zapalenie pochwy, zapalenie pochwy, zaka\u017cenie grzybicze, rz\u0119sistkowic\u0119, pH.<\/p>\n","protected":false},"featured_media":73839,"comment_status":"closed","ping_status":"closed","template":"","meta":{"_acf_changed":false,"footnotes":""},"product_brand":[],"product_cat":[980,979],"product_tag":[],"class_list":{"0":"post-73356","1":"product","2":"type-product","3":"status-publish","4":"has-post-thumbnail","6":"product_cat-bakteryjne-zapalenie-pochwy","7":"product_cat-testy-stanu-zdrowia","9":"first","10":"instock","11":"taxable","12":"shipping-taxable","13":"purchasable","14":"product-type-simple"},"acf":[],"yoast_head":"<title>Pakiet na zapalenie pochwy - Medtest.shop<\/title>\n<meta name=\"description\" content=\"Pakiet na zapalenie pochwy - Medtest.shop\" \/>\n<meta name=\"robots\" content=\"noindex, follow, max-snippet:-1, max-image-preview:large, max-video-preview:-1\" \/>\n<meta property=\"og:locale\" content=\"pl_PL\" \/>\n<meta property=\"og:type\" content=\"article\" \/>\n<meta property=\"og:title\" content=\"Pakiet na zapalenie pochwy - Medtest.shop\" \/>\n<meta property=\"og:description\" content=\"Pakiet na zapalenie pochwy - Medtest.shop\" \/>\n<meta property=\"og:url\" content=\"https:\/\/medtest.stagingservers.net\/pl\/produkt\/pakiet-na-zapalenie-pochwy\/\" \/>\n<meta property=\"og:site_name\" content=\"Medtest.shop\" \/>\n<meta property=\"article:publisher\" content=\"https:\/\/www.facebook.com\/Medtest-1440779469392476\/\" \/>\n<meta property=\"article:modified_time\" content=\"2019-10-09T22:04:39+00:00\" \/>\n<meta property=\"og:image\" content=\"https:\/\/medtest.stagingservers.net\/wp-content\/uploads\/2019\/09\/Bacterial-vaginosis.png\" \/>\n\t<meta property=\"og:image:width\" content=\"2100\" \/>\n\t<meta property=\"og:image:height\" content=\"1400\" \/>\n\t<meta property=\"og:image:type\" content=\"image\/png\" \/>\n<meta name=\"twitter:card\" content=\"summary_large_image\" \/>\n<script type=\"application\/ld+json\" class=\"yoast-schema-graph\">{\"@context\":\"https:\\\/\\\/schema.org\",\"@graph\":[{\"@type\":\"WebPage\",\"@id\":\"https:\\\/\\\/medtest.stagingservers.net\\\/pl\\\/produkt\\\/pakiet-na-zapalenie-pochwy\\\/\",\"url\":\"https:\\\/\\\/medtest.stagingservers.net\\\/pl\\\/produkt\\\/pakiet-na-zapalenie-pochwy\\\/\",\"name\":\"Pakiet na zapalenie pochwy - Medtest.shop\",\"isPartOf\":{\"@id\":\"https:\\\/\\\/medtest.stagingservers.net\\\/pl\\\/#website\"},\"primaryImageOfPage\":{\"@id\":\"https:\\\/\\\/medtest.stagingservers.net\\\/pl\\\/produkt\\\/pakiet-na-zapalenie-pochwy\\\/#primaryimage\"},\"image\":{\"@id\":\"https:\\\/\\\/medtest.stagingservers.net\\\/pl\\\/produkt\\\/pakiet-na-zapalenie-pochwy\\\/#primaryimage\"},\"thumbnailUrl\":\"https:\\\/\\\/medtest.stagingservers.net\\\/wp-content\\\/uploads\\\/2019\\\/09\\\/Bacterial-vaginosis.png\",\"datePublished\":\"2019-09-02T08:42:12+00:00\",\"dateModified\":\"2019-10-09T22:04:39+00:00\",\"description\":\"Pakiet na zapalenie pochwy - Medtest.shop\",\"breadcrumb\":{\"@id\":\"https:\\\/\\\/medtest.stagingservers.net\\\/pl\\\/produkt\\\/pakiet-na-zapalenie-pochwy\\\/#breadcrumb\"},\"inLanguage\":\"pl-PL\",\"potentialAction\":[{\"@type\":\"ReadAction\",\"target\":[\"https:\\\/\\\/medtest.stagingservers.net\\\/pl\\\/produkt\\\/pakiet-na-zapalenie-pochwy\\\/\"]}]},{\"@type\":\"ImageObject\",\"inLanguage\":\"pl-PL\",\"@id\":\"https:\\\/\\\/medtest.stagingservers.net\\\/pl\\\/produkt\\\/pakiet-na-zapalenie-pochwy\\\/#primaryimage\",\"url\":\"https:\\\/\\\/medtest.stagingservers.net\\\/wp-content\\\/uploads\\\/2019\\\/09\\\/Bacterial-vaginosis.png\",\"contentUrl\":\"https:\\\/\\\/medtest.stagingservers.net\\\/wp-content\\\/uploads\\\/2019\\\/09\\\/Bacterial-vaginosis.png\",\"width\":2100,\"height\":1400},{\"@type\":\"BreadcrumbList\",\"@id\":\"https:\\\/\\\/medtest.stagingservers.net\\\/pl\\\/produkt\\\/pakiet-na-zapalenie-pochwy\\\/#breadcrumb\",\"itemListElement\":[{\"@type\":\"ListItem\",\"position\":1,\"name\":\"Home\",\"item\":\"https:\\\/\\\/medtest.stagingservers.net\\\/pl\\\/\"},{\"@type\":\"ListItem\",\"position\":2,\"name\":\"Sklep\",\"item\":\"https:\\\/\\\/medtest.stagingservers.net\\\/pl\\\/sklep\\\/\"},{\"@type\":\"ListItem\",\"position\":3,\"name\":\"Pakiet na zapalenie pochwy\"}]},{\"@type\":\"WebSite\",\"@id\":\"https:\\\/\\\/medtest.stagingservers.net\\\/pl\\\/#website\",\"url\":\"https:\\\/\\\/medtest.stagingservers.net\\\/pl\\\/\",\"name\":\"Medtest.shop\",\"description\":\"\",\"publisher\":{\"@id\":\"https:\\\/\\\/medtest.stagingservers.net\\\/pl\\\/#organization\"},\"potentialAction\":[{\"@type\":\"SearchAction\",\"target\":{\"@type\":\"EntryPoint\",\"urlTemplate\":\"https:\\\/\\\/medtest.stagingservers.net\\\/pl\\\/?s={search_term_string}\"},\"query-input\":{\"@type\":\"PropertyValueSpecification\",\"valueRequired\":true,\"valueName\":\"search_term_string\"}}],\"inLanguage\":\"pl-PL\"},{\"@type\":\"Organization\",\"@id\":\"https:\\\/\\\/medtest.stagingservers.net\\\/pl\\\/#organization\",\"name\":\"Medtest\",\"url\":\"https:\\\/\\\/medtest.stagingservers.net\\\/pl\\\/\",\"logo\":{\"@type\":\"ImageObject\",\"inLanguage\":\"pl-PL\",\"@id\":\"https:\\\/\\\/medtest.stagingservers.net\\\/pl\\\/#\\\/schema\\\/logo\\\/image\\\/\",\"url\":\"https:\\\/\\\/medtest.stagingservers.net\\\/wp-content\\\/uploads\\\/2018\\\/11\\\/Original.png\",\"contentUrl\":\"https:\\\/\\\/medtest.stagingservers.net\\\/wp-content\\\/uploads\\\/2018\\\/11\\\/Original.png\",\"width\":1024,\"height\":1024,\"caption\":\"Medtest\"},\"image\":{\"@id\":\"https:\\\/\\\/medtest.stagingservers.net\\\/pl\\\/#\\\/schema\\\/logo\\\/image\\\/\"},\"sameAs\":[\"https:\\\/\\\/www.facebook.com\\\/Medtest-1440779469392476\\\/\"]}]}<\/script>","yoast_head_json":{"title":"Pakiet na zapalenie pochwy - Medtest.shop","description":"Pakiet na zapalenie pochwy - Medtest.shop","robots":{"index":"noindex","follow":"follow","max-snippet":"max-snippet:-1","max-image-preview":"max-image-preview:large","max-video-preview":"max-video-preview:-1"},"og_locale":"pl_PL","og_type":"article","og_title":"Pakiet na zapalenie pochwy - Medtest.shop","og_description":"Pakiet na zapalenie pochwy - Medtest.shop","og_url":"https:\/\/medtest.stagingservers.net\/pl\/produkt\/pakiet-na-zapalenie-pochwy\/","og_site_name":"Medtest.shop","article_publisher":"https:\/\/www.facebook.com\/Medtest-1440779469392476\/","article_modified_time":"2019-10-09T22:04:39+00:00","og_image":[{"width":2100,"height":1400,"url":"https:\/\/medtest.stagingservers.net\/wp-content\/uploads\/2019\/09\/Bacterial-vaginosis.png","type":"image\/png"}],"twitter_card":"summary_large_image","schema":{"@context":"https:\/\/schema.org","@graph":[{"@type":"WebPage","@id":"https:\/\/medtest.stagingservers.net\/pl\/produkt\/pakiet-na-zapalenie-pochwy\/","url":"https:\/\/medtest.stagingservers.net\/pl\/produkt\/pakiet-na-zapalenie-pochwy\/","name":"Pakiet na zapalenie pochwy - Medtest.shop","isPartOf":{"@id":"https:\/\/medtest.stagingservers.net\/pl\/#website"},"primaryImageOfPage":{"@id":"https:\/\/medtest.stagingservers.net\/pl\/produkt\/pakiet-na-zapalenie-pochwy\/#primaryimage"},"image":{"@id":"https:\/\/medtest.stagingservers.net\/pl\/produkt\/pakiet-na-zapalenie-pochwy\/#primaryimage"},"thumbnailUrl":"https:\/\/medtest.stagingservers.net\/wp-content\/uploads\/2019\/09\/Bacterial-vaginosis.png","datePublished":"2019-09-02T08:42:12+00:00","dateModified":"2019-10-09T22:04:39+00:00","description":"Pakiet na zapalenie pochwy - Medtest.shop","breadcrumb":{"@id":"https:\/\/medtest.stagingservers.net\/pl\/produkt\/pakiet-na-zapalenie-pochwy\/#breadcrumb"},"inLanguage":"pl-PL","potentialAction":[{"@type":"ReadAction","target":["https:\/\/medtest.stagingservers.net\/pl\/produkt\/pakiet-na-zapalenie-pochwy\/"]}]},{"@type":"ImageObject","inLanguage":"pl-PL","@id":"https:\/\/medtest.stagingservers.net\/pl\/produkt\/pakiet-na-zapalenie-pochwy\/#primaryimage","url":"https:\/\/medtest.stagingservers.net\/wp-content\/uploads\/2019\/09\/Bacterial-vaginosis.png","contentUrl":"https:\/\/medtest.stagingservers.net\/wp-content\/uploads\/2019\/09\/Bacterial-vaginosis.png","width":2100,"height":1400},{"@type":"BreadcrumbList","@id":"https:\/\/medtest.stagingservers.net\/pl\/produkt\/pakiet-na-zapalenie-pochwy\/#breadcrumb","itemListElement":[{"@type":"ListItem","position":1,"name":"Home","item":"https:\/\/medtest.stagingservers.net\/pl\/"},{"@type":"ListItem","position":2,"name":"Sklep","item":"https:\/\/medtest.stagingservers.net\/pl\/sklep\/"},{"@type":"ListItem","position":3,"name":"Pakiet na zapalenie pochwy"}]},{"@type":"WebSite","@id":"https:\/\/medtest.stagingservers.net\/pl\/#website","url":"https:\/\/medtest.stagingservers.net\/pl\/","name":"Medtest.shop","description":"","publisher":{"@id":"https:\/\/medtest.stagingservers.net\/pl\/#organization"},"potentialAction":[{"@type":"SearchAction","target":{"@type":"EntryPoint","urlTemplate":"https:\/\/medtest.stagingservers.net\/pl\/?s={search_term_string}"},"query-input":{"@type":"PropertyValueSpecification","valueRequired":true,"valueName":"search_term_string"}}],"inLanguage":"pl-PL"},{"@type":"Organization","@id":"https:\/\/medtest.stagingservers.net\/pl\/#organization","name":"Medtest","url":"https:\/\/medtest.stagingservers.net\/pl\/","logo":{"@type":"ImageObject","inLanguage":"pl-PL","@id":"https:\/\/medtest.stagingservers.net\/pl\/#\/schema\/logo\/image\/","url":"https:\/\/medtest.stagingservers.net\/wp-content\/uploads\/2018\/11\/Original.png","contentUrl":"https:\/\/medtest.stagingservers.net\/wp-content\/uploads\/2018\/11\/Original.png","width":1024,"height":1024,"caption":"Medtest"},"image":{"@id":"https:\/\/medtest.stagingservers.net\/pl\/#\/schema\/logo\/image\/"},"sameAs":["https:\/\/www.facebook.com\/Medtest-1440779469392476\/"]}]}},"_links":{"self":[{"href":"https:\/\/medtest.stagingservers.net\/pl\/wp-json\/wp\/v2\/product\/73356","targetHints":{"allow":["GET"]}}],"collection":[{"href":"https:\/\/medtest.stagingservers.net\/pl\/wp-json\/wp\/v2\/product"}],"about":[{"href":"https:\/\/medtest.stagingservers.net\/pl\/wp-json\/wp\/v2\/types\/product"}],"replies":[{"embeddable":true,"href":"https:\/\/medtest.stagingservers.net\/pl\/wp-json\/wp\/v2\/comments?post=73356"}],"version-history":[{"count":0,"href":"https:\/\/medtest.stagingservers.net\/pl\/wp-json\/wp\/v2\/product\/73356\/revisions"}],"wp:featuredmedia":[{"embeddable":true,"href":"https:\/\/medtest.stagingservers.net\/pl\/wp-json\/wp\/v2\/media\/73839"}],"wp:attachment":[{"href":"https:\/\/medtest.stagingservers.net\/pl\/wp-json\/wp\/v2\/media?parent=73356"}],"wp:term":[{"taxonomy":"product_brand","embeddable":true,"href":"https:\/\/medtest.stagingservers.net\/pl\/wp-json\/wp\/v2\/product_brand?post=73356"},{"taxonomy":"product_cat","embeddable":true,"href":"https:\/\/medtest.stagingservers.net\/pl\/wp-json\/wp\/v2\/product_cat?post=73356"},{"taxonomy":"product_tag","embeddable":true,"href":"https:\/\/medtest.stagingservers.net\/pl\/wp-json\/wp\/v2\/product_tag?post=73356"}],"curies":[{"name":"wp","href":"https:\/\/api.w.org\/{rel}","templated":true}]}}