{"id":73360,"date":"2019-09-02T10:43:34","date_gmt":"2019-09-02T08:43:34","guid":{"rendered":"https:\/\/medtest.stagingservers.net\/product\/badanie-prostaty-psa\/"},"modified":"2021-02-28T14:24:41","modified_gmt":"2021-02-28T12:24:41","slug":"badanie-prostaty-psa","status":"publish","type":"product","link":"https:\/\/medtest.stagingservers.net\/pl\/produkt\/badanie-prostaty-psa\/","title":{"rendered":"Badanie prostaty (PSA)"},"content":{"rendered":"<h2>Badanie prostaty<\/h2>\n<p><strong>Zacznij od szybkiego testu \u2014 Prosty i tani z dok\u0142adno\u015bci\u0105 ponad 99%. Ten produkt posiada oznaczenie CE do u\u017cytku profesjonalnego przez pracownik\u00f3w s\u0142u\u017cby zdrowia.<\/strong><\/p>\n<h4>Informacje o auto-te\u015bcie PSA<\/h4>\n<p>PSA jest skr\u00f3tem okre\u015blenia specyficzny dla prostaty antygen i jest najcz\u0119stsz\u0105 postaci\u0105 raka u szwedzkich m\u0119\u017cczyzn. Rak prostaty powoduje wzrost warto\u015bci PSA we krwi. Nie jest to jednak \u201esubstancja rakowa\u201d pochodz\u0105ca z guza, ale bia\u0142ko (enzym), kt\u00f3re naturalnie wyst\u0119puje w organizmie nawet u zdrowych m\u0119\u017cczyzn. Ponadto m\u0119\u017cczy\u017ani poni\u017cej 50 roku \u017cycia nie powinni mie\u0107 warto\u015bci powy\u017cej 3,0 \u00b5g\/l. PSA jest wytwarzany w tak zwanych kom\u00f3rkach gruczo\u0142u prostaty i wyst\u0119puje w wysokim st\u0119\u017ceniu w p\u0142ynie nasiennym. Cz\u0119\u015b\u0107 wyprodukowanego PSA dostaje si\u0119 do krwiobiegu. Wi\u0119c nawet zdrowy cz\u0142owiek ma niewielkie ilo\u015bci PSA we krwi. Dok\u0142adno\u015b\u0107: 98,6%. Czu\u0142o\u015b\u0107: 98,7%. Ten produkt posiada oznaczenie CE do u\u017cytku profesjonalnego przez pracownik\u00f3w s\u0142u\u017cby zdrowia.<\/p>\n<h4>Oto jak dzia\u0142a auto-test<\/h4>\n<p>Poziomy PSA we krwi s\u0105 mierzone poprzez analiz\u0119 krwi. Nasz test prostaty mierzy poziomy PSA bezpo\u015brednio we krwi, pobieraj\u0105c jej niewielk\u0105 ilo\u015b\u0107 z ma\u0142ego nak\u0142ucia palca. Nast\u0119pnie krew nak\u0142ada si\u0119 na umieszczon\u0105 w kasecie testowej membran\u0119 zawieraj\u0105c\u0105 przeciwcia\u0142o, kt\u00f3re specyficznie wi\u0105\u017ce si\u0119 z cz\u0105steczkami PSA we krwi. Pozytywny wynik testu oznacza, \u017ce PSA wynosi powy\u017cej 4,0 \u00b5g\/l. W przypadku oznak podwy\u017cszonego PSA nale\u017cy zawsze podj\u0105\u0107 dalsze badania. Podwy\u017cszona warto\u015b\u0107 PSA nie musi by\u0107 zwi\u0105zana z niebezpieczn\u0105 diagnoz\u0105. Regularne testowanie poziomu PSA jest sposobem na wczesne wykrycie zmian.<\/p>\n<p>UWAGA: Poziom PSA mo\u017ce wzrosn\u0105\u0107 bez wzgl\u0119du na rodzaj choroby gruczo\u0142u krokowego. Wi\u0119c je\u015bli otrzymasz pozytywny wynik testu PSA, nie musi to oznacza\u0107, \u017ce masz raka.<\/p>\n<h4>Gruczo\u0142 prostaty<\/h4>\n<p>Gruczo\u0142 krokowy (szyjka p\u0119cherza) to gruczo\u0142 wielko\u015bci orzecha w\u0142oskiego, kt\u00f3ry otacza g\u00f3rn\u0105 cz\u0119\u015b\u0107 cewki moczowej. W gruczole krokowym powstaje rzadki p\u0142yn, kt\u00f3ry po wytrysku miesza si\u0119 z nasieniem. Wzrost i funkcja prostaty jest kontrolowana przez m\u0119ski hormon p\u0142ciowy testosteron.<\/p>\n<h4>Objawy<\/h4>\n<p>Na pocz\u0105tku nie pojawiaj\u0105 si\u0119 \u017cadne objawy. Rak prostaty jest zdradziecki, poniewa\u017c we wczesnych stadiach w og\u00f3le nie daje \u017cadnych objaw\u00f3w, ale ujawnia si\u0119 dopiero po rozprzestrzenieniu w ciele. Nast\u0119pnie objawy zwykle obejmuj\u0105 na przyk\u0142ad b\u00f3l plec\u00f3w, problemy z oddawaniem moczu lub krew w moczu. Podobnie jak w przypadku wszystkich nowotwor\u00f3w, wa\u017cne jest, aby choroba zosta\u0142a wykryta na czas, aby zosta\u0107 wyleczonym lub utrzymywanym pod kontrol\u0105. Przyczyny raka prostaty nie s\u0105 jasne, ale oko\u0142o 10 procent przypadk\u00f3w raka prostaty uwa\u017ca si\u0119 za dziedziczne.<\/p>\n<h4>Kto powinien przeprowadza\u0107 testy?<\/h4>\n<p>Wszyscy m\u0119\u017cczy\u017ani w wieku powy\u017cej 45 lat powinni sprawdzi\u0107 PSA, aby dowiedzie\u0107 si\u0119, jaki jest stan prostaty.<\/p>\n<p>Powiniene\u015b skonsultowa\u0107 si\u0119 z lekarzem, je\u015bli masz mniej ni\u017c 50 lat, a PSA jest wy\u017cszy ni\u017c 3,0 \u00b5g\/l, tj. je\u015bli nasz test wykazuje wynik dodatni. M\u0119\u017cczy\u017ani powy\u017cej 70 lat z \u0142agodnym rozrostem mog\u0105 mie\u0107 warto\u015bci do 6,5 \u00b5g\/l. To przy wzro\u015bcie warto\u015bci w \u201eobszarze granicznym\u201d 4\u201310 \u00b5g\/l ryzyko nowotwor\u00f3w jest zwi\u0119kszone.<\/p>\n<h4><strong>Instrukcje dotycz\u0105ce stosowania<\/strong><\/h4>\n<p>Oto jak post\u0119powa\u0107:<\/p>\n<ol>\n<li>Oczy\u015b\u0107 palec za pomoc\u0105 serwetki do czyszczenia nas\u0105czonej alkoholem.<\/li>\n<li>Zdejmij okr\u0105g\u0142\u0105 os\u0142onk\u0119 ochronn\u0105 z ig\u0142y i uk\u0142uj opuszek palca.<\/li>\n<li>Pipet\u0105 zassij 2-3 krople krwi.<\/li>\n<li>Upu\u015b\u0107 2 krople krwi do otworu w kasecie testowej (S).<\/li>\n<li>Nast\u0119pnie upu\u015b\u0107 1 kropl\u0119 do buforu PSA.<\/li>\n<li>Poczekaj 5 minut, aby odczyta\u0107 wynik.<\/li>\n<\/ol>\n<p><img loading=\"lazy\" decoding=\"async\" class=\"alignnone size-full wp-image-73277\" src=\"\/wp-content\/uploads\/2019\/03\/PSA-procedur.png\" alt=\"PSA procedur\" width=\"1455\" height=\"467\" srcset=\"https:\/\/medtest.stagingservers.net\/wp-content\/uploads\/2019\/03\/PSA-procedur.png 1455w, https:\/\/medtest.stagingservers.net\/wp-content\/uploads\/2019\/03\/PSA-procedur-720x231.png 720w, https:\/\/medtest.stagingservers.net\/wp-content\/uploads\/2019\/03\/PSA-procedur-1200x385.png 1200w, https:\/\/medtest.stagingservers.net\/wp-content\/uploads\/2019\/03\/PSA-procedur-768x246.png 768w, https:\/\/medtest.stagingservers.net\/wp-content\/uploads\/2019\/03\/PSA-procedur-416x134.png 416w, https:\/\/medtest.stagingservers.net\/wp-content\/uploads\/2019\/03\/PSA-procedur-300x96.png 300w, https:\/\/medtest.stagingservers.net\/wp-content\/uploads\/2019\/03\/PSA-procedur-1024x329.png 1024w\" sizes=\"auto, (max-width: 1455px) 100vw, 1455px\" \/><\/p>\n<p><strong>Rezultat<\/strong><\/p>\n<p><img loading=\"lazy\" decoding=\"async\" class=\"wp-image-74032 alignleft\" src=\"https:\/\/medtest.stagingservers.net\/wp-content\/uploads\/2019\/09\/Dok3_OO_trzyczwarte.jpg\" alt=\"\" width=\"332\" height=\"244\" \/>Je\u015bli wynik testu prostaty jest pozytywny, zalecamy skonsultowanie si\u0119 z lekarzem w celu dalszych bada\u0144. Punkt krytyczny dla testu wynosi 4 \u00b5g\/l. Wynik dodatni oznacza, \u017ce masz poziomy PSA wi\u0119ksze ni\u017c 4 \u00b5g\/l.<\/p>\n<p>UWAGA: Wynik pozytywny nie musi by\u0107 zwi\u0105zany z diagnoz\u0105 niebezpiecznego schorzenia.<\/p>\n<p>&nbsp;<\/p>\n<p>&nbsp;<\/p>\n<p>&nbsp;<\/p>\n<p>&nbsp;<\/p>\n<p>&nbsp;<\/p>\n","protected":false},"excerpt":{"rendered":"<p>Test domowy PSA z wynikiem w ci\u0105gu 10 minut. Proste nak\u0142ucie palca wykonane w domu daje wynik od razu. Dodatni wynik oznacza, \u017ce masz poziomy PSA powy\u017cej 4ng\/ml. Swoisto\u015b\u0107: 98,6%. Czu\u0142o\u015b\u0107: 98,7%.<\/p>\n","protected":false},"featured_media":90992,"comment_status":"closed","ping_status":"closed","template":"","meta":{"_acf_changed":false,"footnotes":""},"product_brand":[],"product_cat":[988,979],"product_tag":[],"class_list":{"0":"post-73360","1":"product","2":"type-product","3":"status-publish","4":"has-post-thumbnail","6":"product_cat-prostata-psa-pl","7":"product_cat-testy-stanu-zdrowia","9":"first","10":"instock","11":"taxable","12":"shipping-taxable","13":"purchasable","14":"product-type-variable"},"acf":[],"yoast_head":"<title>Badanie prostaty (PSA) - Medtest.shop<\/title>\n<meta name=\"description\" content=\"Badanie prostaty (PSA) - Medtest.shop\" \/>\n<meta name=\"robots\" content=\"noindex, follow, max-snippet:-1, max-image-preview:large, max-video-preview:-1\" \/>\n<meta property=\"og:locale\" content=\"pl_PL\" \/>\n<meta property=\"og:type\" content=\"article\" \/>\n<meta property=\"og:title\" content=\"Badanie prostaty (PSA) - Medtest.shop\" \/>\n<meta property=\"og:description\" content=\"Badanie prostaty (PSA) - Medtest.shop\" \/>\n<meta property=\"og:url\" content=\"https:\/\/medtest.stagingservers.net\/pl\/produkt\/badanie-prostaty-psa\/\" \/>\n<meta property=\"og:site_name\" content=\"Medtest.shop\" \/>\n<meta property=\"article:publisher\" content=\"https:\/\/www.facebook.com\/Medtest-1440779469392476\/\" \/>\n<meta property=\"article:modified_time\" content=\"2021-02-28T12:24:41+00:00\" \/>\n<meta property=\"og:image\" content=\"https:\/\/medtest.stagingservers.net\/wp-content\/uploads\/2019\/09\/PSA-pol-3.jpg\" \/>\n\t<meta property=\"og:image:width\" content=\"764\" \/>\n\t<meta property=\"og:image:height\" content=\"538\" \/>\n\t<meta property=\"og:image:type\" content=\"image\/jpeg\" \/>\n<meta name=\"twitter:card\" content=\"summary_large_image\" \/>\n<script type=\"application\/ld+json\" class=\"yoast-schema-graph\">{\"@context\":\"https:\\\/\\\/schema.org\",\"@graph\":[{\"@type\":\"WebPage\",\"@id\":\"https:\\\/\\\/medtest.stagingservers.net\\\/pl\\\/produkt\\\/badanie-prostaty-psa\\\/\",\"url\":\"https:\\\/\\\/medtest.stagingservers.net\\\/pl\\\/produkt\\\/badanie-prostaty-psa\\\/\",\"name\":\"Badanie prostaty (PSA) - Medtest.shop\",\"isPartOf\":{\"@id\":\"https:\\\/\\\/medtest.stagingservers.net\\\/pl\\\/#website\"},\"primaryImageOfPage\":{\"@id\":\"https:\\\/\\\/medtest.stagingservers.net\\\/pl\\\/produkt\\\/badanie-prostaty-psa\\\/#primaryimage\"},\"image\":{\"@id\":\"https:\\\/\\\/medtest.stagingservers.net\\\/pl\\\/produkt\\\/badanie-prostaty-psa\\\/#primaryimage\"},\"thumbnailUrl\":\"https:\\\/\\\/medtest.stagingservers.net\\\/wp-content\\\/uploads\\\/2019\\\/09\\\/PSA-pol-3.jpg\",\"datePublished\":\"2019-09-02T08:43:34+00:00\",\"dateModified\":\"2021-02-28T12:24:41+00:00\",\"description\":\"Badanie prostaty (PSA) - Medtest.shop\",\"breadcrumb\":{\"@id\":\"https:\\\/\\\/medtest.stagingservers.net\\\/pl\\\/produkt\\\/badanie-prostaty-psa\\\/#breadcrumb\"},\"inLanguage\":\"pl-PL\",\"potentialAction\":[{\"@type\":\"ReadAction\",\"target\":[\"https:\\\/\\\/medtest.stagingservers.net\\\/pl\\\/produkt\\\/badanie-prostaty-psa\\\/\"]}]},{\"@type\":\"ImageObject\",\"inLanguage\":\"pl-PL\",\"@id\":\"https:\\\/\\\/medtest.stagingservers.net\\\/pl\\\/produkt\\\/badanie-prostaty-psa\\\/#primaryimage\",\"url\":\"https:\\\/\\\/medtest.stagingservers.net\\\/wp-content\\\/uploads\\\/2019\\\/09\\\/PSA-pol-3.jpg\",\"contentUrl\":\"https:\\\/\\\/medtest.stagingservers.net\\\/wp-content\\\/uploads\\\/2019\\\/09\\\/PSA-pol-3.jpg\",\"width\":764,\"height\":538},{\"@type\":\"BreadcrumbList\",\"@id\":\"https:\\\/\\\/medtest.stagingservers.net\\\/pl\\\/produkt\\\/badanie-prostaty-psa\\\/#breadcrumb\",\"itemListElement\":[{\"@type\":\"ListItem\",\"position\":1,\"name\":\"Home\",\"item\":\"https:\\\/\\\/medtest.stagingservers.net\\\/pl\\\/\"},{\"@type\":\"ListItem\",\"position\":2,\"name\":\"Sklep\",\"item\":\"https:\\\/\\\/medtest.stagingservers.net\\\/pl\\\/sklep\\\/\"},{\"@type\":\"ListItem\",\"position\":3,\"name\":\"Badanie prostaty (PSA)\"}]},{\"@type\":\"WebSite\",\"@id\":\"https:\\\/\\\/medtest.stagingservers.net\\\/pl\\\/#website\",\"url\":\"https:\\\/\\\/medtest.stagingservers.net\\\/pl\\\/\",\"name\":\"Medtest.shop\",\"description\":\"\",\"publisher\":{\"@id\":\"https:\\\/\\\/medtest.stagingservers.net\\\/pl\\\/#organization\"},\"potentialAction\":[{\"@type\":\"SearchAction\",\"target\":{\"@type\":\"EntryPoint\",\"urlTemplate\":\"https:\\\/\\\/medtest.stagingservers.net\\\/pl\\\/?s={search_term_string}\"},\"query-input\":{\"@type\":\"PropertyValueSpecification\",\"valueRequired\":true,\"valueName\":\"search_term_string\"}}],\"inLanguage\":\"pl-PL\"},{\"@type\":\"Organization\",\"@id\":\"https:\\\/\\\/medtest.stagingservers.net\\\/pl\\\/#organization\",\"name\":\"Medtest\",\"url\":\"https:\\\/\\\/medtest.stagingservers.net\\\/pl\\\/\",\"logo\":{\"@type\":\"ImageObject\",\"inLanguage\":\"pl-PL\",\"@id\":\"https:\\\/\\\/medtest.stagingservers.net\\\/pl\\\/#\\\/schema\\\/logo\\\/image\\\/\",\"url\":\"https:\\\/\\\/medtest.stagingservers.net\\\/wp-content\\\/uploads\\\/2018\\\/11\\\/Original.png\",\"contentUrl\":\"https:\\\/\\\/medtest.stagingservers.net\\\/wp-content\\\/uploads\\\/2018\\\/11\\\/Original.png\",\"width\":1024,\"height\":1024,\"caption\":\"Medtest\"},\"image\":{\"@id\":\"https:\\\/\\\/medtest.stagingservers.net\\\/pl\\\/#\\\/schema\\\/logo\\\/image\\\/\"},\"sameAs\":[\"https:\\\/\\\/www.facebook.com\\\/Medtest-1440779469392476\\\/\"]}]}<\/script>","yoast_head_json":{"title":"Badanie prostaty (PSA) - Medtest.shop","description":"Badanie prostaty (PSA) - Medtest.shop","robots":{"index":"noindex","follow":"follow","max-snippet":"max-snippet:-1","max-image-preview":"max-image-preview:large","max-video-preview":"max-video-preview:-1"},"og_locale":"pl_PL","og_type":"article","og_title":"Badanie prostaty (PSA) - Medtest.shop","og_description":"Badanie prostaty (PSA) - Medtest.shop","og_url":"https:\/\/medtest.stagingservers.net\/pl\/produkt\/badanie-prostaty-psa\/","og_site_name":"Medtest.shop","article_publisher":"https:\/\/www.facebook.com\/Medtest-1440779469392476\/","article_modified_time":"2021-02-28T12:24:41+00:00","og_image":[{"width":764,"height":538,"url":"https:\/\/medtest.stagingservers.net\/wp-content\/uploads\/2019\/09\/PSA-pol-3.jpg","type":"image\/jpeg"}],"twitter_card":"summary_large_image","schema":{"@context":"https:\/\/schema.org","@graph":[{"@type":"WebPage","@id":"https:\/\/medtest.stagingservers.net\/pl\/produkt\/badanie-prostaty-psa\/","url":"https:\/\/medtest.stagingservers.net\/pl\/produkt\/badanie-prostaty-psa\/","name":"Badanie prostaty (PSA) - Medtest.shop","isPartOf":{"@id":"https:\/\/medtest.stagingservers.net\/pl\/#website"},"primaryImageOfPage":{"@id":"https:\/\/medtest.stagingservers.net\/pl\/produkt\/badanie-prostaty-psa\/#primaryimage"},"image":{"@id":"https:\/\/medtest.stagingservers.net\/pl\/produkt\/badanie-prostaty-psa\/#primaryimage"},"thumbnailUrl":"https:\/\/medtest.stagingservers.net\/wp-content\/uploads\/2019\/09\/PSA-pol-3.jpg","datePublished":"2019-09-02T08:43:34+00:00","dateModified":"2021-02-28T12:24:41+00:00","description":"Badanie prostaty (PSA) - Medtest.shop","breadcrumb":{"@id":"https:\/\/medtest.stagingservers.net\/pl\/produkt\/badanie-prostaty-psa\/#breadcrumb"},"inLanguage":"pl-PL","potentialAction":[{"@type":"ReadAction","target":["https:\/\/medtest.stagingservers.net\/pl\/produkt\/badanie-prostaty-psa\/"]}]},{"@type":"ImageObject","inLanguage":"pl-PL","@id":"https:\/\/medtest.stagingservers.net\/pl\/produkt\/badanie-prostaty-psa\/#primaryimage","url":"https:\/\/medtest.stagingservers.net\/wp-content\/uploads\/2019\/09\/PSA-pol-3.jpg","contentUrl":"https:\/\/medtest.stagingservers.net\/wp-content\/uploads\/2019\/09\/PSA-pol-3.jpg","width":764,"height":538},{"@type":"BreadcrumbList","@id":"https:\/\/medtest.stagingservers.net\/pl\/produkt\/badanie-prostaty-psa\/#breadcrumb","itemListElement":[{"@type":"ListItem","position":1,"name":"Home","item":"https:\/\/medtest.stagingservers.net\/pl\/"},{"@type":"ListItem","position":2,"name":"Sklep","item":"https:\/\/medtest.stagingservers.net\/pl\/sklep\/"},{"@type":"ListItem","position":3,"name":"Badanie prostaty (PSA)"}]},{"@type":"WebSite","@id":"https:\/\/medtest.stagingservers.net\/pl\/#website","url":"https:\/\/medtest.stagingservers.net\/pl\/","name":"Medtest.shop","description":"","publisher":{"@id":"https:\/\/medtest.stagingservers.net\/pl\/#organization"},"potentialAction":[{"@type":"SearchAction","target":{"@type":"EntryPoint","urlTemplate":"https:\/\/medtest.stagingservers.net\/pl\/?s={search_term_string}"},"query-input":{"@type":"PropertyValueSpecification","valueRequired":true,"valueName":"search_term_string"}}],"inLanguage":"pl-PL"},{"@type":"Organization","@id":"https:\/\/medtest.stagingservers.net\/pl\/#organization","name":"Medtest","url":"https:\/\/medtest.stagingservers.net\/pl\/","logo":{"@type":"ImageObject","inLanguage":"pl-PL","@id":"https:\/\/medtest.stagingservers.net\/pl\/#\/schema\/logo\/image\/","url":"https:\/\/medtest.stagingservers.net\/wp-content\/uploads\/2018\/11\/Original.png","contentUrl":"https:\/\/medtest.stagingservers.net\/wp-content\/uploads\/2018\/11\/Original.png","width":1024,"height":1024,"caption":"Medtest"},"image":{"@id":"https:\/\/medtest.stagingservers.net\/pl\/#\/schema\/logo\/image\/"},"sameAs":["https:\/\/www.facebook.com\/Medtest-1440779469392476\/"]}]}},"_links":{"self":[{"href":"https:\/\/medtest.stagingservers.net\/pl\/wp-json\/wp\/v2\/product\/73360","targetHints":{"allow":["GET"]}}],"collection":[{"href":"https:\/\/medtest.stagingservers.net\/pl\/wp-json\/wp\/v2\/product"}],"about":[{"href":"https:\/\/medtest.stagingservers.net\/pl\/wp-json\/wp\/v2\/types\/product"}],"replies":[{"embeddable":true,"href":"https:\/\/medtest.stagingservers.net\/pl\/wp-json\/wp\/v2\/comments?post=73360"}],"version-history":[{"count":6,"href":"https:\/\/medtest.stagingservers.net\/pl\/wp-json\/wp\/v2\/product\/73360\/revisions"}],"predecessor-version":[{"id":91005,"href":"https:\/\/medtest.stagingservers.net\/pl\/wp-json\/wp\/v2\/product\/73360\/revisions\/91005"}],"wp:featuredmedia":[{"embeddable":true,"href":"https:\/\/medtest.stagingservers.net\/pl\/wp-json\/wp\/v2\/media\/90992"}],"wp:attachment":[{"href":"https:\/\/medtest.stagingservers.net\/pl\/wp-json\/wp\/v2\/media?parent=73360"}],"wp:term":[{"taxonomy":"product_brand","embeddable":true,"href":"https:\/\/medtest.stagingservers.net\/pl\/wp-json\/wp\/v2\/product_brand?post=73360"},{"taxonomy":"product_cat","embeddable":true,"href":"https:\/\/medtest.stagingservers.net\/pl\/wp-json\/wp\/v2\/product_cat?post=73360"},{"taxonomy":"product_tag","embeddable":true,"href":"https:\/\/medtest.stagingservers.net\/pl\/wp-json\/wp\/v2\/product_tag?post=73360"}],"curies":[{"name":"wp","href":"https:\/\/api.w.org\/{rel}","templated":true}]}}