{"id":85398,"date":"2020-09-08T11:08:32","date_gmt":"2020-09-08T09:08:32","guid":{"rendered":"https:\/\/medtest.stagingservers.net\/product\/test-nasienia\/"},"modified":"2020-09-09T10:13:44","modified_gmt":"2020-09-09T08:13:44","slug":"test-nasienia","status":"publish","type":"product","link":"https:\/\/medtest.stagingservers.net\/pl\/produkt\/test-nasienia\/","title":{"rendered":"Test nasienia"},"content":{"rendered":"<h1>Test nasienia<\/h1>\n<p>Ten test nasienia (2szt) jest prostym testem przesiewowym, kt\u00f3ry mo\u017cna \u0142atwo wykona\u0107 w domu. W zestawie szczeg\u00f3\u0142owa instrukcja u\u017cytkowania w j\u0119zyku szwedzkim.<\/p>\n<p>Szacuje si\u0119, \u017ce oko\u0142o 20% wszystkich m\u0119\u017cczyzn ma nasienie niskiej jako\u015bci. Dowiedz si\u0119, czy niska koncentracja plemnik\u00f3w jest powodem, dla kt\u00f3rego nie b\u0119dzie dla Ciebie ci\u0105\u017cy. Sprawd\u017a si\u0119 za pomoc\u0105 naszego profesjonalnego testu nasienia.<\/p>\n<p>Zamiast umawia\u0107 si\u0119 na wizyt\u0119 w klinice leczenia niep\u0142odno\u015bci z d\u0142ugim czasem oczekiwania, wypr\u00f3buj j\u0105 sam w domu. Dowiesz si\u0119 wtedy, czy ziarno zachowuje jako\u015b\u0107 wymagan\u0105 do posiadania dzieci. Test jest \u0142atwy do wykonania i zajmuje oko\u0142o 15 minut. Dostarcza odpowiedzi na pytanie, czy st\u0119\u017cenie m\u0119skich plemnik\u00f3w jest poni\u017cej, czy powy\u017cej limitu WHO wynosz\u0105cego 15 milion\u00f3w kom\u00f3rek na mililitr. Test ma dok\u0142adno\u015b\u0107 99,1%<\/p>\n<p>St\u0119\u017cenie plemnik\u00f3w mo\u017ce si\u0119 r\u00f3\u017cni\u0107 w zale\u017cno\u015bci od okazji testu. Dlatego test zawiera DWA KOMPLETNE TESTY DOMOWE w celu uzyskania jak najwy\u017cszych wiarygodnych wynik\u00f3w test\u00f3w.<\/p>\n<h2>Tre\u015b\u0107 testu<\/h2>\n<ul>\n<li>Kubki kolekcjonerskie<\/li>\n<li>Kasety p\u0142odno\u015bci<\/li>\n<li>Ciecz A i B<\/li>\n<li>Pipety<\/li>\n<li>Instrukcja u\u017cycia<\/li>\n<\/ul>\n","protected":false},"excerpt":{"rendered":"<ul>\n<li>Sprawd\u017a si\u0119 w domu ca\u0142kowicie anonimowo<\/li>\n<li>Mierzy st\u0119\u017cenie plemnik\u00f3w<\/li>\n<li>Pokazuje, czy st\u0119\u017cenie jest poni\u017cej 5 milion\u00f3w lub poni\u017cej \/ powy\u017cej 15 milion\u00f3w \/ ml<\/li>\n<li>Odpowiedz w ci\u0105gu 15 minut<\/li>\n<li>Test ma dok\u0142adno\u015b\u0107 99,1%<\/li>\n<li>Proste instrukcje w j\u0119zyku szwedzkim i angielskim<\/li>\n<li>Dyskretna dostawa<\/li>\n<li>Produkt z oznaczeniem CE do u\u017cytku domowego<\/li>\n<\/ul>\n","protected":false},"featured_media":85400,"comment_status":"closed","ping_status":"closed","template":"","meta":{"_acf_changed":false,"footnotes":""},"product_brand":[],"product_cat":[1026],"product_tag":[],"class_list":{"0":"post-85398","1":"product","2":"type-product","3":"status-publish","4":"has-post-thumbnail","6":"product_cat-test-nasienia","8":"first","9":"instock","10":"taxable","11":"shipping-taxable","12":"purchasable","13":"product-type-simple"},"acf":[],"yoast_head":"<title>Test nasienia - Dowiedz si\u0119, jaka jeste\u015b p\u0142odna - Zmierz liczb\u0119 plemnik\u00f3w - Medtest.shop<\/title>\n<meta name=\"description\" content=\"Test nasienia - 50% wszystkich problem\u00f3w z p\u0142odno\u015bci\u0105 jest spowodowanych m\u0119\u017cczyzn\u0105. Dzi\u0119ki naszemu testowi nasienia mo\u017cesz w ciszy i spokoju zmierzy\u0107 st\u0119\u017cenie plemnik\u00f3w w domu. 100% anonimowo\u015bci\" \/>\n<meta name=\"robots\" content=\"noindex, follow, max-snippet:-1, max-image-preview:large, max-video-preview:-1\" \/>\n<meta property=\"og:locale\" content=\"pl_PL\" \/>\n<meta property=\"og:type\" content=\"article\" \/>\n<meta property=\"og:title\" content=\"Test nasienia - Dowiedz si\u0119, jaka jeste\u015b p\u0142odna - Zmierz liczb\u0119 plemnik\u00f3w - Medtest.shop\" \/>\n<meta property=\"og:description\" content=\"Test nasienia - 50% wszystkich problem\u00f3w z p\u0142odno\u015bci\u0105 jest spowodowanych m\u0119\u017cczyzn\u0105. Dzi\u0119ki naszemu testowi nasienia mo\u017cesz w ciszy i spokoju zmierzy\u0107 st\u0119\u017cenie plemnik\u00f3w w domu. 100% anonimowo\u015bci\" \/>\n<meta property=\"og:url\" content=\"https:\/\/medtest.stagingservers.net\/pl\/produkt\/test-nasienia\/\" \/>\n<meta property=\"og:site_name\" content=\"Medtest.shop\" \/>\n<meta property=\"article:publisher\" content=\"https:\/\/www.facebook.com\/Medtest-1440779469392476\/\" \/>\n<meta property=\"article:modified_time\" content=\"2020-09-09T08:13:44+00:00\" \/>\n<meta property=\"og:image\" content=\"https:\/\/medtest.stagingservers.net\/wp-content\/uploads\/2020\/09\/Sperm-Bild.png\" \/>\n\t<meta property=\"og:image:width\" content=\"1006\" \/>\n\t<meta property=\"og:image:height\" content=\"1000\" \/>\n\t<meta property=\"og:image:type\" content=\"image\/png\" \/>\n<meta name=\"twitter:card\" content=\"summary_large_image\" \/>\n<script type=\"application\/ld+json\" class=\"yoast-schema-graph\">{\"@context\":\"https:\\\/\\\/schema.org\",\"@graph\":[{\"@type\":\"WebPage\",\"@id\":\"https:\\\/\\\/medtest.stagingservers.net\\\/pl\\\/produkt\\\/test-nasienia\\\/\",\"url\":\"https:\\\/\\\/medtest.stagingservers.net\\\/pl\\\/produkt\\\/test-nasienia\\\/\",\"name\":\"Test nasienia - Dowiedz si\u0119, jaka jeste\u015b p\u0142odna - Zmierz liczb\u0119 plemnik\u00f3w - Medtest.shop\",\"isPartOf\":{\"@id\":\"https:\\\/\\\/medtest.stagingservers.net\\\/pl\\\/#website\"},\"primaryImageOfPage\":{\"@id\":\"https:\\\/\\\/medtest.stagingservers.net\\\/pl\\\/produkt\\\/test-nasienia\\\/#primaryimage\"},\"image\":{\"@id\":\"https:\\\/\\\/medtest.stagingservers.net\\\/pl\\\/produkt\\\/test-nasienia\\\/#primaryimage\"},\"thumbnailUrl\":\"https:\\\/\\\/medtest.stagingservers.net\\\/wp-content\\\/uploads\\\/2020\\\/09\\\/Sperm-Bild.png\",\"datePublished\":\"2020-09-08T09:08:32+00:00\",\"dateModified\":\"2020-09-09T08:13:44+00:00\",\"description\":\"Test nasienia - 50% wszystkich problem\u00f3w z p\u0142odno\u015bci\u0105 jest spowodowanych m\u0119\u017cczyzn\u0105. Dzi\u0119ki naszemu testowi nasienia mo\u017cesz w ciszy i spokoju zmierzy\u0107 st\u0119\u017cenie plemnik\u00f3w w domu. 100% anonimowo\u015bci\",\"breadcrumb\":{\"@id\":\"https:\\\/\\\/medtest.stagingservers.net\\\/pl\\\/produkt\\\/test-nasienia\\\/#breadcrumb\"},\"inLanguage\":\"pl-PL\",\"potentialAction\":[{\"@type\":\"ReadAction\",\"target\":[\"https:\\\/\\\/medtest.stagingservers.net\\\/pl\\\/produkt\\\/test-nasienia\\\/\"]}]},{\"@type\":\"ImageObject\",\"inLanguage\":\"pl-PL\",\"@id\":\"https:\\\/\\\/medtest.stagingservers.net\\\/pl\\\/produkt\\\/test-nasienia\\\/#primaryimage\",\"url\":\"https:\\\/\\\/medtest.stagingservers.net\\\/wp-content\\\/uploads\\\/2020\\\/09\\\/Sperm-Bild.png\",\"contentUrl\":\"https:\\\/\\\/medtest.stagingservers.net\\\/wp-content\\\/uploads\\\/2020\\\/09\\\/Sperm-Bild.png\",\"width\":1006,\"height\":1000,\"caption\":\"Test nasienia\"},{\"@type\":\"BreadcrumbList\",\"@id\":\"https:\\\/\\\/medtest.stagingservers.net\\\/pl\\\/produkt\\\/test-nasienia\\\/#breadcrumb\",\"itemListElement\":[{\"@type\":\"ListItem\",\"position\":1,\"name\":\"Home\",\"item\":\"https:\\\/\\\/medtest.stagingservers.net\\\/pl\\\/\"},{\"@type\":\"ListItem\",\"position\":2,\"name\":\"Sklep\",\"item\":\"https:\\\/\\\/medtest.stagingservers.net\\\/pl\\\/sklep\\\/\"},{\"@type\":\"ListItem\",\"position\":3,\"name\":\"Test nasienia\"}]},{\"@type\":\"WebSite\",\"@id\":\"https:\\\/\\\/medtest.stagingservers.net\\\/pl\\\/#website\",\"url\":\"https:\\\/\\\/medtest.stagingservers.net\\\/pl\\\/\",\"name\":\"Medtest.shop\",\"description\":\"\",\"publisher\":{\"@id\":\"https:\\\/\\\/medtest.stagingservers.net\\\/pl\\\/#organization\"},\"potentialAction\":[{\"@type\":\"SearchAction\",\"target\":{\"@type\":\"EntryPoint\",\"urlTemplate\":\"https:\\\/\\\/medtest.stagingservers.net\\\/pl\\\/?s={search_term_string}\"},\"query-input\":{\"@type\":\"PropertyValueSpecification\",\"valueRequired\":true,\"valueName\":\"search_term_string\"}}],\"inLanguage\":\"pl-PL\"},{\"@type\":\"Organization\",\"@id\":\"https:\\\/\\\/medtest.stagingservers.net\\\/pl\\\/#organization\",\"name\":\"Medtest\",\"url\":\"https:\\\/\\\/medtest.stagingservers.net\\\/pl\\\/\",\"logo\":{\"@type\":\"ImageObject\",\"inLanguage\":\"pl-PL\",\"@id\":\"https:\\\/\\\/medtest.stagingservers.net\\\/pl\\\/#\\\/schema\\\/logo\\\/image\\\/\",\"url\":\"https:\\\/\\\/medtest.stagingservers.net\\\/wp-content\\\/uploads\\\/2018\\\/11\\\/Original.png\",\"contentUrl\":\"https:\\\/\\\/medtest.stagingservers.net\\\/wp-content\\\/uploads\\\/2018\\\/11\\\/Original.png\",\"width\":1024,\"height\":1024,\"caption\":\"Medtest\"},\"image\":{\"@id\":\"https:\\\/\\\/medtest.stagingservers.net\\\/pl\\\/#\\\/schema\\\/logo\\\/image\\\/\"},\"sameAs\":[\"https:\\\/\\\/www.facebook.com\\\/Medtest-1440779469392476\\\/\"]}]}<\/script>","yoast_head_json":{"title":"Test nasienia - Dowiedz si\u0119, jaka jeste\u015b p\u0142odna - Zmierz liczb\u0119 plemnik\u00f3w - Medtest.shop","description":"Test nasienia - 50% wszystkich problem\u00f3w z p\u0142odno\u015bci\u0105 jest spowodowanych m\u0119\u017cczyzn\u0105. Dzi\u0119ki naszemu testowi nasienia mo\u017cesz w ciszy i spokoju zmierzy\u0107 st\u0119\u017cenie plemnik\u00f3w w domu. 100% anonimowo\u015bci","robots":{"index":"noindex","follow":"follow","max-snippet":"max-snippet:-1","max-image-preview":"max-image-preview:large","max-video-preview":"max-video-preview:-1"},"og_locale":"pl_PL","og_type":"article","og_title":"Test nasienia - Dowiedz si\u0119, jaka jeste\u015b p\u0142odna - Zmierz liczb\u0119 plemnik\u00f3w - Medtest.shop","og_description":"Test nasienia - 50% wszystkich problem\u00f3w z p\u0142odno\u015bci\u0105 jest spowodowanych m\u0119\u017cczyzn\u0105. Dzi\u0119ki naszemu testowi nasienia mo\u017cesz w ciszy i spokoju zmierzy\u0107 st\u0119\u017cenie plemnik\u00f3w w domu. 100% anonimowo\u015bci","og_url":"https:\/\/medtest.stagingservers.net\/pl\/produkt\/test-nasienia\/","og_site_name":"Medtest.shop","article_publisher":"https:\/\/www.facebook.com\/Medtest-1440779469392476\/","article_modified_time":"2020-09-09T08:13:44+00:00","og_image":[{"width":1006,"height":1000,"url":"https:\/\/medtest.stagingservers.net\/wp-content\/uploads\/2020\/09\/Sperm-Bild.png","type":"image\/png"}],"twitter_card":"summary_large_image","schema":{"@context":"https:\/\/schema.org","@graph":[{"@type":"WebPage","@id":"https:\/\/medtest.stagingservers.net\/pl\/produkt\/test-nasienia\/","url":"https:\/\/medtest.stagingservers.net\/pl\/produkt\/test-nasienia\/","name":"Test nasienia - Dowiedz si\u0119, jaka jeste\u015b p\u0142odna - Zmierz liczb\u0119 plemnik\u00f3w - Medtest.shop","isPartOf":{"@id":"https:\/\/medtest.stagingservers.net\/pl\/#website"},"primaryImageOfPage":{"@id":"https:\/\/medtest.stagingservers.net\/pl\/produkt\/test-nasienia\/#primaryimage"},"image":{"@id":"https:\/\/medtest.stagingservers.net\/pl\/produkt\/test-nasienia\/#primaryimage"},"thumbnailUrl":"https:\/\/medtest.stagingservers.net\/wp-content\/uploads\/2020\/09\/Sperm-Bild.png","datePublished":"2020-09-08T09:08:32+00:00","dateModified":"2020-09-09T08:13:44+00:00","description":"Test nasienia - 50% wszystkich problem\u00f3w z p\u0142odno\u015bci\u0105 jest spowodowanych m\u0119\u017cczyzn\u0105. Dzi\u0119ki naszemu testowi nasienia mo\u017cesz w ciszy i spokoju zmierzy\u0107 st\u0119\u017cenie plemnik\u00f3w w domu. 100% anonimowo\u015bci","breadcrumb":{"@id":"https:\/\/medtest.stagingservers.net\/pl\/produkt\/test-nasienia\/#breadcrumb"},"inLanguage":"pl-PL","potentialAction":[{"@type":"ReadAction","target":["https:\/\/medtest.stagingservers.net\/pl\/produkt\/test-nasienia\/"]}]},{"@type":"ImageObject","inLanguage":"pl-PL","@id":"https:\/\/medtest.stagingservers.net\/pl\/produkt\/test-nasienia\/#primaryimage","url":"https:\/\/medtest.stagingservers.net\/wp-content\/uploads\/2020\/09\/Sperm-Bild.png","contentUrl":"https:\/\/medtest.stagingservers.net\/wp-content\/uploads\/2020\/09\/Sperm-Bild.png","width":1006,"height":1000,"caption":"Test nasienia"},{"@type":"BreadcrumbList","@id":"https:\/\/medtest.stagingservers.net\/pl\/produkt\/test-nasienia\/#breadcrumb","itemListElement":[{"@type":"ListItem","position":1,"name":"Home","item":"https:\/\/medtest.stagingservers.net\/pl\/"},{"@type":"ListItem","position":2,"name":"Sklep","item":"https:\/\/medtest.stagingservers.net\/pl\/sklep\/"},{"@type":"ListItem","position":3,"name":"Test nasienia"}]},{"@type":"WebSite","@id":"https:\/\/medtest.stagingservers.net\/pl\/#website","url":"https:\/\/medtest.stagingservers.net\/pl\/","name":"Medtest.shop","description":"","publisher":{"@id":"https:\/\/medtest.stagingservers.net\/pl\/#organization"},"potentialAction":[{"@type":"SearchAction","target":{"@type":"EntryPoint","urlTemplate":"https:\/\/medtest.stagingservers.net\/pl\/?s={search_term_string}"},"query-input":{"@type":"PropertyValueSpecification","valueRequired":true,"valueName":"search_term_string"}}],"inLanguage":"pl-PL"},{"@type":"Organization","@id":"https:\/\/medtest.stagingservers.net\/pl\/#organization","name":"Medtest","url":"https:\/\/medtest.stagingservers.net\/pl\/","logo":{"@type":"ImageObject","inLanguage":"pl-PL","@id":"https:\/\/medtest.stagingservers.net\/pl\/#\/schema\/logo\/image\/","url":"https:\/\/medtest.stagingservers.net\/wp-content\/uploads\/2018\/11\/Original.png","contentUrl":"https:\/\/medtest.stagingservers.net\/wp-content\/uploads\/2018\/11\/Original.png","width":1024,"height":1024,"caption":"Medtest"},"image":{"@id":"https:\/\/medtest.stagingservers.net\/pl\/#\/schema\/logo\/image\/"},"sameAs":["https:\/\/www.facebook.com\/Medtest-1440779469392476\/"]}]}},"_links":{"self":[{"href":"https:\/\/medtest.stagingservers.net\/pl\/wp-json\/wp\/v2\/product\/85398","targetHints":{"allow":["GET"]}}],"collection":[{"href":"https:\/\/medtest.stagingservers.net\/pl\/wp-json\/wp\/v2\/product"}],"about":[{"href":"https:\/\/medtest.stagingservers.net\/pl\/wp-json\/wp\/v2\/types\/product"}],"replies":[{"embeddable":true,"href":"https:\/\/medtest.stagingservers.net\/pl\/wp-json\/wp\/v2\/comments?post=85398"}],"version-history":[{"count":0,"href":"https:\/\/medtest.stagingservers.net\/pl\/wp-json\/wp\/v2\/product\/85398\/revisions"}],"wp:featuredmedia":[{"embeddable":true,"href":"https:\/\/medtest.stagingservers.net\/pl\/wp-json\/wp\/v2\/media\/85400"}],"wp:attachment":[{"href":"https:\/\/medtest.stagingservers.net\/pl\/wp-json\/wp\/v2\/media?parent=85398"}],"wp:term":[{"taxonomy":"product_brand","embeddable":true,"href":"https:\/\/medtest.stagingservers.net\/pl\/wp-json\/wp\/v2\/product_brand?post=85398"},{"taxonomy":"product_cat","embeddable":true,"href":"https:\/\/medtest.stagingservers.net\/pl\/wp-json\/wp\/v2\/product_cat?post=85398"},{"taxonomy":"product_tag","embeddable":true,"href":"https:\/\/medtest.stagingservers.net\/pl\/wp-json\/wp\/v2\/product_tag?post=85398"}],"curies":[{"name":"wp","href":"https:\/\/api.w.org\/{rel}","templated":true}]}}