{"id":26095,"date":"2014-08-29T17:00:39","date_gmt":"2014-08-29T17:00:39","guid":{"rendered":"https:\/\/the7.io\/main\/?page_id=26095"},"modified":"2021-03-09T14:57:37","modified_gmt":"2021-03-09T12:57:37","slug":"vanliga-fragor","status":"publish","type":"page","link":"https:\/\/medtest.stagingservers.net\/sv\/vanliga-fragor\/","title":{"rendered":"Vanliga fr\u00e5gor"},"content":{"rendered":" \n\n\n\n\n<section class=\"medtest-faq \">\n  \n\n          \n         <div class=\"medtest-faq-item\">\n         <div class=\"medtest-faq-question\"><h4>SKICKAR NI INTERNATIONELLT?<\/h4> <svg viewBox=\"0 0 20 20\" xmlns=\"http:\/\/www.w3.org\/2000\/svg\" width=\"20\" height=\"20\" fill=\"#1a5f93\"><path d=\"M16.7 3.3L10 10 3.3 3.4 0 6.7l10 10v-.1l10-9.9z\"><\/path><\/svg><\/div>\n         <div class=\"medtest-faq-answer\"> Ja, inom norden (Sverige, Norge, Danmark och Finland).<\/div>         \n         <\/div>\n           \n           \n         <div class=\"medtest-faq-item\">\n         <div class=\"medtest-faq-question\"><h4>VEM KONTAKTAR JAG OM JAG HAR FR\u00c5GOR?<\/h4> <svg viewBox=\"0 0 20 20\" xmlns=\"http:\/\/www.w3.org\/2000\/svg\" width=\"20\" height=\"20\" fill=\"#1a5f93\"><path d=\"M16.7 3.3L10 10 3.3 3.4 0 6.7l10 10v-.1l10-9.9z\"><\/path><\/svg><\/div>\n         <div class=\"medtest-faq-answer\"> Har du fr\u00e5gor kontaktar du v\u00e5r support p\u00e5 order@medtest.shop<\/div>         \n         <\/div>\n           \n           \n         <div class=\"medtest-faq-item\">\n         <div class=\"medtest-faq-question\"><h4>HUR \u00c5NGRAR JAG EN ORDER?<\/h4> <svg viewBox=\"0 0 20 20\" xmlns=\"http:\/\/www.w3.org\/2000\/svg\" width=\"20\" height=\"20\" fill=\"#1a5f93\"><path d=\"M16.7 3.3L10 10 3.3 3.4 0 6.7l10 10v-.1l10-9.9z\"><\/path><\/svg><\/div>\n         <div class=\"medtest-faq-answer\"> \u00c5ngrar du dig efter att du lagt en order s\u00e5 emaila oss om detta snarast. Har vi inte hunnit skicka varan s\u00e5 tar vi bort ordern s\u00e5 fort vi f\u00e5r ditt meddelande. Har vi skickat iv\u00e4g varan s\u00e5 g\u00e5r det inte att kancellera ordern och kunden f\u00e5r fullf\u00f6lja k\u00f6pet.<\/div>         \n         <\/div>\n           \n           \n         <div class=\"medtest-faq-item\">\n         <div class=\"medtest-faq-question\"><h4>KAN JAG RETURNERA EN VARA?<\/h4> <svg viewBox=\"0 0 20 20\" xmlns=\"http:\/\/www.w3.org\/2000\/svg\" width=\"20\" height=\"20\" fill=\"#1a5f93\"><path d=\"M16.7 3.3L10 10 3.3 3.4 0 6.7l10 10v-.1l10-9.9z\"><\/path><\/svg><\/div>\n         <div class=\"medtest-faq-answer\"> Du har \u00f6ppet k\u00f6p i 14 dagar . Kontakta order@medtest.shop om du vill returnera en vara.<\/div>         \n         <\/div>\n           \n           \n         <div class=\"medtest-faq-item\">\n         <div class=\"medtest-faq-question\"><h4>HUR L\u00c5NG \u00c4R LEVERANSTIDEN?<\/h4> <svg viewBox=\"0 0 20 20\" xmlns=\"http:\/\/www.w3.org\/2000\/svg\" width=\"20\" height=\"20\" fill=\"#1a5f93\"><path d=\"M16.7 3.3L10 10 3.3 3.4 0 6.7l10 10v-.1l10-9.9z\"><\/path><\/svg><\/div>\n         <div class=\"medtest-faq-answer\"> Leveranstiden \u00e4r 1-2 arbetsdagar. Ordrar som registreras innan kl 15:00 skickas samma dag, vilket inneb\u00e4r att du f\u00e5r varan dagen efter best\u00e4llningen.<\/div>         \n         <\/div>\n           \n           \n         <div class=\"medtest-faq-item\">\n         <div class=\"medtest-faq-question\"><h4>VILKA BETALNINGSMETODER ACCEPTERAR NI?<\/h4> <svg viewBox=\"0 0 20 20\" xmlns=\"http:\/\/www.w3.org\/2000\/svg\" width=\"20\" height=\"20\" fill=\"#1a5f93\"><path d=\"M16.7 3.3L10 10 3.3 3.4 0 6.7l10 10v-.1l10-9.9z\"><\/path><\/svg><\/div>\n         <div class=\"medtest-faq-answer\"> Vi tar emot VISA, Mastercard, Vipps, Mobilepay, swish och Paypal.<\/div>         \n         <\/div>\n           \n           \n         <div class=\"medtest-faq-item\">\n         <div class=\"medtest-faq-question\"><h4>HUR L\u00c5NG H\u00c5LLBARHET HAR PRODUKTERNA?<\/h4> <svg viewBox=\"0 0 20 20\" xmlns=\"http:\/\/www.w3.org\/2000\/svg\" width=\"20\" height=\"20\" fill=\"#1a5f93\"><path d=\"M16.7 3.3L10 10 3.3 3.4 0 6.7l10 10v-.1l10-9.9z\"><\/path><\/svg><\/div>\n         <div class=\"medtest-faq-answer\"> Alla v\u00e5ra tester har 2 \u00e5rs h\u00e5llbarhet vid f\u00f6rvaring mellan 2-30\u00b0C. Vid f\u00f6rvaring i kyl h\u00e5ller produkten ytterligare ett \u00e5r.<\/div>         \n         <\/div>\n           \n           \n         <div class=\"medtest-faq-item\">\n         <div class=\"medtest-faq-question\"><h4>HUR SKICKAS PRODUKTEN?<\/h4> <svg viewBox=\"0 0 20 20\" xmlns=\"http:\/\/www.w3.org\/2000\/svg\" width=\"20\" height=\"20\" fill=\"#1a5f93\"><path d=\"M16.7 3.3L10 10 3.3 3.4 0 6.7l10 10v-.1l10-9.9z\"><\/path><\/svg><\/div>\n         <div class=\"medtest-faq-answer\"> Produkten skickas direkt hem i brevl\u00e5dan i ett vitt kuvert med bubbelplast inv\u00e4ndigt f\u00f6r att skydda inneh\u00e5llet. Paketet \u00e4r diskret, inga loggor eller avs\u00e4ndarinformation finns angivet.<\/div>         \n         <\/div>\n           \n           \n         <div class=\"medtest-faq-item\">\n         <div class=\"medtest-faq-question\"><h4>HUR L\u00c4NGE SKA JAG V\u00c4NTA INNAN JAG TESTAR MIG?<\/h4> <svg viewBox=\"0 0 20 20\" xmlns=\"http:\/\/www.w3.org\/2000\/svg\" width=\"20\" height=\"20\" fill=\"#1a5f93\"><path d=\"M16.7 3.3L10 10 3.3 3.4 0 6.7l10 10v-.1l10-9.9z\"><\/path><\/svg><\/div>\n         <div class=\"medtest-faq-answer\"> F\u00f6r de flesta av v\u00e5ra tester kan du utf\u00f6ra testet direkt.<\/div>         \n         <\/div>\n           \n           \n         <div class=\"medtest-faq-item\">\n         <div class=\"medtest-faq-question\"><h4>VARF\u00d6R F\u00c5R JAG INTE MIN BEST\u00c4LLNING?<\/h4> <svg viewBox=\"0 0 20 20\" xmlns=\"http:\/\/www.w3.org\/2000\/svg\" width=\"20\" height=\"20\" fill=\"#1a5f93\"><path d=\"M16.7 3.3L10 10 3.3 3.4 0 6.7l10 10v-.1l10-9.9z\"><\/path><\/svg><\/div>\n         <div class=\"medtest-faq-answer\"> Den vanligaste orsaken till utebliven leverans \u00e4r att namnet inte \u00e4r registrerat p\u00e5 adressen som man har angivit. Man M\u00c5STE ange ett namn p\u00e5 en person som \u00e4r folkbokf\u00f6rd p\u00e5 adressen. Vid leverans till ej folkbokf\u00f6rd adress M\u00c5STE personen som ska ha best\u00e4llningen st\u00e5 som C\/O p\u00e5 raden under den folkbokf\u00f6rda personen.<br \/>\r\nExempel: Kalle Svensson best\u00e4ller n\u00e5gra tester men \u00e4r ej folkbokf\u00f6rd p\u00e5 adressen. D\u00e5 m\u00e5ste den folkbokf\u00f6rde (i exemplet nedan Nils) st\u00e5 som huvudmottagare och kalle som ska ha testet som C\/O.<br \/>\r\nExempel<br \/>\r\nNils Andersson (Folkbokf\u00f6rd p\u00e5 adressen)<br \/>\r\nc\/o Kalle Svensson (Den som best\u00e4llt testet)<br \/>\r\nSparvgatan 3<br \/>\r\n123 45 Hav\u00e4ng<\/div>         \n         <\/div>\n           \n           \n         <div class=\"medtest-faq-item\">\n         <div class=\"medtest-faq-question\"><h4>SKA ERA SJ\u00c4LVTESTER ANV\u00c4NDAS F\u00d6R ATT ST\u00c4LLA DIAGNOS?<\/h4> <svg viewBox=\"0 0 20 20\" xmlns=\"http:\/\/www.w3.org\/2000\/svg\" width=\"20\" height=\"20\" fill=\"#1a5f93\"><path d=\"M16.7 3.3L10 10 3.3 3.4 0 6.7l10 10v-.1l10-9.9z\"><\/path><\/svg><\/div>\n         <div class=\"medtest-faq-answer\"> Nej. V\u00e5ra tester anv\u00e4nds inte f\u00f6r att st\u00e4lla diagnos, de anv\u00e4nds f\u00f6r att ge en indikation. Det \u00e4r alltid l\u00e4kare som st\u00e4ller diagnos, detta g\u00f6rs ofta efter diverse prover samt kliniska unders\u00f6kningar.<\/div>         \n         <\/div>\n           \n                 \n<\/section>\n\n<script>\n(function($) {\n        \n    \/\/var allPanels = $('.medtest-faq-answer');\n    $('.medtest-faq-answer').hide();\n      \n    $('.medtest-faq-question').click(function() {\n\n        if($(this).parent().hasClass('openfaq')){\n            $(this).parent().removeClass('openfaq'); \n            $(this).next().slideUp();\n            return false; \n        }\n\n    \/\/   $(\".medtest-faq-item\").removeClass('openfaq');  \n    \/\/   allPanels.slideUp();     \n      $(this).next().slideDown();\n      $(this).parent().addClass('openfaq');\n      return false;\n\n    });\n  \n  })(jQuery);\n<\/script>\n\n\n<div style=\"height:100px\" aria-hidden=\"true\" class=\"wp-block-spacer\"><\/div>\n\n\n\n<h3 class=\"has-text-align-center wp-block-heading\">Hittade inte svaret?<\/h3>\n\n\n\n<p class=\"has-text-align-center\">Skriv ett meddelande till oss om du inte f\u00e5tt svar p\u00e5 din fr\u00e5ga bland alternativen ovan.<\/p>\n\n\n\n<div class=\"wpcf7 no-js\" id=\"wpcf7-f69954-o1\" lang=\"sv-SE\" dir=\"ltr\" data-wpcf7-id=\"69954\">\n<div class=\"screen-reader-response\"><p role=\"status\" aria-live=\"polite\" aria-atomic=\"true\"><\/p> <ul><\/ul><\/div>\n<form action=\"\/sv\/wp-json\/wp\/v2\/pages\/26095#wpcf7-f69954-o1\" method=\"post\" class=\"wpcf7-form init\" aria-label=\"Kontaktformul\u00e4r\" novalidate=\"novalidate\" data-status=\"init\">\n<fieldset class=\"hidden-fields-container\"><input type=\"hidden\" name=\"_wpcf7\" value=\"69954\" \/><input type=\"hidden\" name=\"_wpcf7_version\" value=\"6.1.5\" \/><input type=\"hidden\" name=\"_wpcf7_locale\" value=\"sv_SE\" \/><input type=\"hidden\" name=\"_wpcf7_unit_tag\" value=\"wpcf7-f69954-o1\" \/><input type=\"hidden\" name=\"_wpcf7_container_post\" value=\"0\" \/><input type=\"hidden\" name=\"_wpcf7_posted_data_hash\" value=\"\" \/>\n<\/fieldset>\n<p><label> Ditt namn (obligatoriskt)<br \/>\n<span class=\"wpcf7-form-control-wrap\" data-name=\"your-name\"><input size=\"40\" maxlength=\"400\" class=\"wpcf7-form-control wpcf7-text wpcf7-validates-as-required\" aria-required=\"true\" aria-invalid=\"false\" value=\"\" type=\"text\" name=\"your-name\" \/><\/span> <\/label>\n<\/p>\n<p><label> Din e-postadress (kr\u00e4vs)<br \/>\n<span class=\"wpcf7-form-control-wrap\" data-name=\"your-email\"><input size=\"40\" maxlength=\"400\" class=\"wpcf7-form-control wpcf7-email wpcf7-validates-as-required wpcf7-text wpcf7-validates-as-email\" aria-required=\"true\" aria-invalid=\"false\" value=\"\" type=\"email\" name=\"your-email\" \/><\/span> <\/label>\n<\/p>\n<p><label> Ditt meddelande<br \/>\n<span class=\"wpcf7-form-control-wrap\" data-name=\"your-message\"><textarea cols=\"40\" rows=\"10\" maxlength=\"2000\" class=\"wpcf7-form-control wpcf7-textarea\" aria-invalid=\"false\" name=\"your-message\"><\/textarea><\/span> <\/label>\n<\/p>\n<p><span class=\"wpcf7-form-control-wrap\" data-name=\"acceptance-527\"><span class=\"wpcf7-form-control wpcf7-acceptance\"><span class=\"wpcf7-list-item\"><label><input type=\"checkbox\" name=\"acceptance-527\" value=\"1\" aria-invalid=\"false\" \/><span class=\"wpcf7-list-item-label\">Jag godk\u00e4nner behandlingen av mina personuppgifter. Dina uppgifter kommer inte att vidarebefordras till tredje part.<\/span><\/label><\/span><\/span><\/span>\n<\/p>\n<p><input class=\"wpcf7-form-control wpcf7-submit has-spinner\" type=\"submit\" value=\"Skicka\" \/>\n<\/p><div class=\"wpcf7-response-output\" aria-hidden=\"true\"><\/div>\n<\/form>\n<\/div>\n\n","protected":false},"excerpt":{"rendered":"<p>Hittade inte svaret? Skriv ett meddelande till oss om du inte f\u00e5tt svar p\u00e5 din fr\u00e5ga bland alternativen ovan.<\/p>\n","protected":false},"author":1,"featured_media":0,"parent":0,"menu_order":10,"comment_status":"closed","ping_status":"closed","template":"","meta":{"_acf_changed":false,"footnotes":""},"class_list":["post-26095","page","type-page","status-publish","hentry"],"acf":[],"yoast_head":"<title>Vanliga fr\u00e5gor - Medtest<\/title>\n<meta name=\"description\" content=\"Vanliga fr\u00e5gor - Medtest\" \/>\n<meta name=\"robots\" content=\"noindex, follow, max-snippet:-1, max-image-preview:large, max-video-preview:-1\" \/>\n<meta property=\"og:locale\" content=\"sv_SE\" \/>\n<meta property=\"og:type\" content=\"article\" \/>\n<meta property=\"og:title\" content=\"Vanliga fr\u00e5gor - Medtest\" \/>\n<meta property=\"og:description\" content=\"Vanliga fr\u00e5gor - Medtest\" \/>\n<meta property=\"og:url\" content=\"https:\/\/medtest.stagingservers.net\/sv\/vanliga-fragor\/\" \/>\n<meta property=\"og:site_name\" content=\"Medtest\" \/>\n<meta property=\"article:publisher\" content=\"https:\/\/www.facebook.com\/Medtest-1440779469392476\/\" \/>\n<meta property=\"article:modified_time\" content=\"2021-03-09T12:57:37+00:00\" \/>\n<meta name=\"twitter:card\" content=\"summary_large_image\" \/>\n<script type=\"application\/ld+json\" class=\"yoast-schema-graph\">{\"@context\":\"https:\\\/\\\/schema.org\",\"@graph\":[{\"@type\":\"WebPage\",\"@id\":\"https:\\\/\\\/medtest.stagingservers.net\\\/sv\\\/vanliga-fragor\\\/\",\"url\":\"https:\\\/\\\/medtest.stagingservers.net\\\/sv\\\/vanliga-fragor\\\/\",\"name\":\"Vanliga fr\u00e5gor - Medtest\",\"isPartOf\":{\"@id\":\"https:\\\/\\\/medtest.stagingservers.net\\\/sv\\\/#website\"},\"datePublished\":\"2014-08-29T17:00:39+00:00\",\"dateModified\":\"2021-03-09T12:57:37+00:00\",\"description\":\"Vanliga fr\u00e5gor - Medtest\",\"breadcrumb\":{\"@id\":\"https:\\\/\\\/medtest.stagingservers.net\\\/sv\\\/vanliga-fragor\\\/#breadcrumb\"},\"inLanguage\":\"sv-SE\",\"potentialAction\":[{\"@type\":\"ReadAction\",\"target\":[\"https:\\\/\\\/medtest.stagingservers.net\\\/sv\\\/vanliga-fragor\\\/\"]}]},{\"@type\":\"BreadcrumbList\",\"@id\":\"https:\\\/\\\/medtest.stagingservers.net\\\/sv\\\/vanliga-fragor\\\/#breadcrumb\",\"itemListElement\":[{\"@type\":\"ListItem\",\"position\":1,\"name\":\"Home\",\"item\":\"https:\\\/\\\/medtest.stagingservers.net\\\/sv\\\/\"},{\"@type\":\"ListItem\",\"position\":2,\"name\":\"Vanliga fr\u00e5gor\"}]},{\"@type\":\"WebSite\",\"@id\":\"https:\\\/\\\/medtest.stagingservers.net\\\/sv\\\/#website\",\"url\":\"https:\\\/\\\/medtest.stagingservers.net\\\/sv\\\/\",\"name\":\"Medtest\",\"description\":\"\",\"publisher\":{\"@id\":\"https:\\\/\\\/medtest.stagingservers.net\\\/sv\\\/#organization\"},\"potentialAction\":[{\"@type\":\"SearchAction\",\"target\":{\"@type\":\"EntryPoint\",\"urlTemplate\":\"https:\\\/\\\/medtest.stagingservers.net\\\/sv\\\/?s={search_term_string}\"},\"query-input\":{\"@type\":\"PropertyValueSpecification\",\"valueRequired\":true,\"valueName\":\"search_term_string\"}}],\"inLanguage\":\"sv-SE\"},{\"@type\":\"Organization\",\"@id\":\"https:\\\/\\\/medtest.stagingservers.net\\\/sv\\\/#organization\",\"name\":\"Medtest\",\"url\":\"https:\\\/\\\/medtest.stagingservers.net\\\/sv\\\/\",\"logo\":{\"@type\":\"ImageObject\",\"inLanguage\":\"sv-SE\",\"@id\":\"https:\\\/\\\/medtest.stagingservers.net\\\/sv\\\/#\\\/schema\\\/logo\\\/image\\\/\",\"url\":\"https:\\\/\\\/medtest.stagingservers.net\\\/wp-content\\\/uploads\\\/2018\\\/11\\\/Original.png\",\"contentUrl\":\"https:\\\/\\\/medtest.stagingservers.net\\\/wp-content\\\/uploads\\\/2018\\\/11\\\/Original.png\",\"width\":1024,\"height\":1024,\"caption\":\"Medtest\"},\"image\":{\"@id\":\"https:\\\/\\\/medtest.stagingservers.net\\\/sv\\\/#\\\/schema\\\/logo\\\/image\\\/\"},\"sameAs\":[\"https:\\\/\\\/www.facebook.com\\\/Medtest-1440779469392476\\\/\"]}]}<\/script>","yoast_head_json":{"title":"Vanliga fr\u00e5gor - Medtest","description":"Vanliga fr\u00e5gor - Medtest","robots":{"index":"noindex","follow":"follow","max-snippet":"max-snippet:-1","max-image-preview":"max-image-preview:large","max-video-preview":"max-video-preview:-1"},"og_locale":"sv_SE","og_type":"article","og_title":"Vanliga fr\u00e5gor - Medtest","og_description":"Vanliga fr\u00e5gor - Medtest","og_url":"https:\/\/medtest.stagingservers.net\/sv\/vanliga-fragor\/","og_site_name":"Medtest","article_publisher":"https:\/\/www.facebook.com\/Medtest-1440779469392476\/","article_modified_time":"2021-03-09T12:57:37+00:00","twitter_card":"summary_large_image","schema":{"@context":"https:\/\/schema.org","@graph":[{"@type":"WebPage","@id":"https:\/\/medtest.stagingservers.net\/sv\/vanliga-fragor\/","url":"https:\/\/medtest.stagingservers.net\/sv\/vanliga-fragor\/","name":"Vanliga fr\u00e5gor - Medtest","isPartOf":{"@id":"https:\/\/medtest.stagingservers.net\/sv\/#website"},"datePublished":"2014-08-29T17:00:39+00:00","dateModified":"2021-03-09T12:57:37+00:00","description":"Vanliga fr\u00e5gor - Medtest","breadcrumb":{"@id":"https:\/\/medtest.stagingservers.net\/sv\/vanliga-fragor\/#breadcrumb"},"inLanguage":"sv-SE","potentialAction":[{"@type":"ReadAction","target":["https:\/\/medtest.stagingservers.net\/sv\/vanliga-fragor\/"]}]},{"@type":"BreadcrumbList","@id":"https:\/\/medtest.stagingservers.net\/sv\/vanliga-fragor\/#breadcrumb","itemListElement":[{"@type":"ListItem","position":1,"name":"Home","item":"https:\/\/medtest.stagingservers.net\/sv\/"},{"@type":"ListItem","position":2,"name":"Vanliga fr\u00e5gor"}]},{"@type":"WebSite","@id":"https:\/\/medtest.stagingservers.net\/sv\/#website","url":"https:\/\/medtest.stagingservers.net\/sv\/","name":"Medtest","description":"","publisher":{"@id":"https:\/\/medtest.stagingservers.net\/sv\/#organization"},"potentialAction":[{"@type":"SearchAction","target":{"@type":"EntryPoint","urlTemplate":"https:\/\/medtest.stagingservers.net\/sv\/?s={search_term_string}"},"query-input":{"@type":"PropertyValueSpecification","valueRequired":true,"valueName":"search_term_string"}}],"inLanguage":"sv-SE"},{"@type":"Organization","@id":"https:\/\/medtest.stagingservers.net\/sv\/#organization","name":"Medtest","url":"https:\/\/medtest.stagingservers.net\/sv\/","logo":{"@type":"ImageObject","inLanguage":"sv-SE","@id":"https:\/\/medtest.stagingservers.net\/sv\/#\/schema\/logo\/image\/","url":"https:\/\/medtest.stagingservers.net\/wp-content\/uploads\/2018\/11\/Original.png","contentUrl":"https:\/\/medtest.stagingservers.net\/wp-content\/uploads\/2018\/11\/Original.png","width":1024,"height":1024,"caption":"Medtest"},"image":{"@id":"https:\/\/medtest.stagingservers.net\/sv\/#\/schema\/logo\/image\/"},"sameAs":["https:\/\/www.facebook.com\/Medtest-1440779469392476\/"]}]}},"_links":{"self":[{"href":"https:\/\/medtest.stagingservers.net\/sv\/wp-json\/wp\/v2\/pages\/26095","targetHints":{"allow":["GET"]}}],"collection":[{"href":"https:\/\/medtest.stagingservers.net\/sv\/wp-json\/wp\/v2\/pages"}],"about":[{"href":"https:\/\/medtest.stagingservers.net\/sv\/wp-json\/wp\/v2\/types\/page"}],"author":[{"embeddable":true,"href":"https:\/\/medtest.stagingservers.net\/sv\/wp-json\/wp\/v2\/users\/1"}],"replies":[{"embeddable":true,"href":"https:\/\/medtest.stagingservers.net\/sv\/wp-json\/wp\/v2\/comments?post=26095"}],"version-history":[{"count":6,"href":"https:\/\/medtest.stagingservers.net\/sv\/wp-json\/wp\/v2\/pages\/26095\/revisions"}],"predecessor-version":[{"id":91357,"href":"https:\/\/medtest.stagingservers.net\/sv\/wp-json\/wp\/v2\/pages\/26095\/revisions\/91357"}],"wp:attachment":[{"href":"https:\/\/medtest.stagingservers.net\/sv\/wp-json\/wp\/v2\/media?parent=26095"}],"curies":[{"name":"wp","href":"https:\/\/api.w.org\/{rel}","templated":true}]}}