{"id":54755,"date":"2019-01-29T10:49:30","date_gmt":"2019-01-29T10:49:30","guid":{"rendered":"http:\/\/104.248.87.71\/?page_id=54755"},"modified":"2021-03-09T15:05:04","modified_gmt":"2021-03-09T13:05:04","slug":"kopvillkor","status":"publish","type":"page","link":"https:\/\/medtest.stagingservers.net\/sv\/kopvillkor\/","title":{"rendered":"K\u00f6pvillkor"},"content":{"rendered":"\n<p><strong>Priser och betalning<\/strong><br>Varje vara anges med pris inklusive moms. I kundvagnen kan man se det totala priset inklusive alla avgifter.<br>Betalningsvillkor finns angiven i kundvagnen beroende av valt betalningss\u00e4tt.<br>Inga fraktavgifter till\u00e4mpas om orderv\u00e4rdet \u00f6verstiger 399kr<\/p>\n\n\n\n<p><strong>\u00c5ngerr\u00e4tt<\/strong><br>Din \u00e5ngerr\u00e4tt (\u00e5ngerfristen) g\u00e4ller under 14 dagar. I ditt meddelande till oss m\u00e5ste det klart framg\u00e5 att du \u00e5ngrar dig. \u00c5ngerfristen b\u00f6rjar l\u00f6pa den dag du tog emot varan.<br>Du har inte \u00e5ngerr\u00e4tt om:<br>Du har anv\u00e4nt produkten. Om produkten \u00e4r defekt har du givetvis r\u00e4tt att \u00e5ngra dig.<br>N\u00e4r du utnyttjat din \u00e5ngerr\u00e4tt:<br>Du \u00e4r skyldig att h\u00e5lla varan i lika gott skick som n\u00e4r du fick den. Du f\u00e5r inte anv\u00e4nda den, men naturligtvis f\u00f6rsiktigt unders\u00f6ka den. Om varan skadas eller kommer bort p\u00e5 grund av att du \u00e4r v\u00e5rdsl\u00f6s f\u00f6rlorar du \u00e5ngerr\u00e4tten.<\/p>\n\n\n\n<p><strong>Privat Policy<\/strong><br>N\u00e4r du l\u00e4gger din best\u00e4llning hos oss uppger du dina personuppgifter. I samband med din registrering och best\u00e4llning godk\u00e4nner du att vi lagrar och anv\u00e4nder dina uppgifter i v\u00e5r verksamhet f\u00f6r att fullf\u00f6lja avtalet gentemot dig. Du har enligt Personuppgiftslagen r\u00e4tt att f\u00e5 den information som vi har registrerat om dig. Om den \u00e4r felaktig, ofullst\u00e4ndig eller irrelevant kan du beg\u00e4ra att informationen ska r\u00e4ttas eller tas bort. Kontakta oss i s\u00e5 fall via e-post.<\/p>\n\n\n\n<p><strong>Cookies<\/strong><br>Denna webbutik anv\u00e4nder sig av cookies enligt Electronic Communications Act, 25 juli 2003. En cookie \u00e4r en liten textfil som lagras p\u00e5 din dator och som inneh\u00e5ller information f\u00f6r att hj\u00e4lpa webbutiken att identifiera och f\u00f6lja anv\u00e4ndare. Cookies finns som sessionscookies och som cookies som lagras permanent p\u00e5 din dator. Under tiden f\u00f6r ditt f\u00f6rsta bes\u00f6k i webbutiken blir din webbl\u00e4sare tilldelad en sessionscookie som \u00e4r unik och som anv\u00e4nds f\u00f6r att inte blanda ihop dig som anv\u00e4ndare med andra anv\u00e4ndare. F\u00f6r att kunna anv\u00e4nda webbutiken b\u00f6r du till\u00e5ta cookies i din webbl\u00e4sare. Denna typ av cookie anv\u00e4nds enbart f\u00f6r att ge dig som bes\u00f6kare en b\u00e4ttre upplevelse och support och lagrar inga personlig uppgifter om dig. Cookies kan raderas. I denna webbutik anv\u00e4nds cookies exempelvis f\u00f6r att h\u00e5lla koll p\u00e5 din kundvagn, dina inst\u00e4llningar och vilka sidor du bes\u00f6kt f\u00f6r att kunna ge dig en b\u00e4ttre kundupplevelse och support.<\/p>\n\n\n\n<p><strong>Returer<\/strong><br>Returer sker p\u00e5 din egen bekostnad utom om varan \u00e4r defekt eller om vi har packat fel \u2013 d\u00e5 st\u00e5r vi f\u00f6r kostnaden. \u00d6vriga returer ska skickas som rekommenderat brev, du ska kunna uppvisa kvitto med sp\u00e5rningsnummer.<br>\u00c5terbetalningsskyldighet:<br>Vi ska, om du utnyttjat din \u00e5ngerr\u00e4tt, betala tillbaka vad du har betalat f\u00f6r varan snarast eller senast inom 30 dagar fr\u00e5n den dag d\u00e5 vi tog emot varan. Du f\u00e5r sj\u00e4lv betala returkostnaderna n\u00e4r du s\u00e4nder tillbaka varan.  Din \u00e5ngerr\u00e4tt (\u00e5ngerfristen) g\u00e4ller under 14 dagar. I ditt meddelande till oss m\u00e5ste det klart framg\u00e5 att du \u00e5ngrar dig.  \u00c5ngerfristen b\u00f6rjar l\u00f6pa den dag du tog emot varan. <\/p>\n\n\n\n<p class=\"p1\"><strong>Leveranser<\/strong><br>Leveranstiden \u00e4r dagen efter p\u00e5 vardagar om best\u00e4llning inkommit f\u00f6re 15.00.  Varorna levereras av Postnord (direkt hem i brevl\u00e5dan) eller DB Schenker (till ombud). Du v\u00e4ljer sj\u00e4lv transportalternativ vid utcheckningen.<\/p>\n\n\n\n<p><strong>Betalningsmetoder<\/strong>   <br><em>Kreditkort\/Betalkort <\/em>  <\/p>\n\n\n\n<p>V\u00e4lj det kreditkort\/betalkort som du vill betala med i kassan och fyll i den obligatoriska informationen. Inga extra kostnader f\u00f6rutom ev. frakt tillkommer. <\/p>\n\n\n\n<p>N\u00e4r dras beloppet fr\u00e5n mitt kort?<br>N\u00e4r du g\u00f6r din best\u00e4llning godk\u00e4nns ditt kort och du f\u00e5r ett mejl som bekr\u00e4ftar att best\u00e4llningen \u00e4r mottagen. Beloppet dras dock f\u00f6rst n\u00e4r varorna l\u00e4mnar v\u00e5rt lager. Om ditt kort inte godk\u00e4nns och inget belopp kan dras, visas ett meddelande p\u00e5 sk\u00e4rmen om att betalningen misslyckades.&nbsp;<\/p>\n\n\n\n<p>T\u00e4nk p\u00e5 att \u00e4ven om betalningen inte blev godk\u00e4nd, reserverar vissa kortutgivare beloppet. Detta kan inneb\u00e4ra att du inte kan anv\u00e4nda det reserverade beloppet p\u00e5 ett tag.&nbsp;<\/p>\n\n\n\n<p>Hur s\u00e4kert \u00e4r det att handla med kort online?<br>Alla kortinnehavare m\u00e5ste godk\u00e4nnas av b\u00e5de kortutgivaren och oss, f\u00f6r st\u00f6rsta m\u00f6jliga s\u00e4kerhet och f\u00f6r att f\u00f6rhindra brott. Vi tar s\u00e4kerheten p\u00e5 stort allvar, s\u00e5 vi l\u00e4mnar inte ut n\u00e5gon information om dig till andra.<\/p>\n\n\n\n<p><em>Swish<\/em><br>Swish&nbsp;\u00e4r en mobil betaltj\u00e4nst d\u00e4r du enkelt, snabbt och s\u00e4kert kan \u00f6verf\u00f6ra pengar.  Betala ditt k\u00f6p med Swish genom att logga in p\u00e5 din Swish-app och uppge betalningsuppgifterna. Kontrollera att de \u00e4r korrekta. K\u00f6pet godk\u00e4nner du med Mobilt BankID och du f\u00e5r omedelbart en betalningsbekr\u00e4ftelse. Pengarna dras fr\u00e5n ditt anslutna konto. <\/p>\n\n\n\n<p><strong>F\u00f6retagsuppgifter<\/strong> <br>Camerix AB, Vikingagatan 23, 21618 Limhamn<\/p>\n\n\n\n<p><strong>Kontakt<\/strong><br>Order@medtest.shop<\/p>\n","protected":false},"excerpt":{"rendered":"<p>Priser och betalningVarje vara anges med pris inklusive moms. I kundvagnen kan man se det totala priset inklusive alla avgifter.Betalningsvillkor finns angiven i kundvagnen beroende av valt betalningss\u00e4tt.Inga fraktavgifter till\u00e4mpas om orderv\u00e4rdet \u00f6verstiger 399kr \u00c5ngerr\u00e4ttDin \u00e5ngerr\u00e4tt (\u00e5ngerfristen) g\u00e4ller under 14 dagar. I ditt meddelande till oss m\u00e5ste det klart framg\u00e5 att du \u00e5ngrar dig. \u00c5ngerfristen [&hellip;]<\/p>\n","protected":false},"author":1,"featured_media":0,"parent":0,"menu_order":0,"comment_status":"closed","ping_status":"closed","template":"","meta":{"_acf_changed":false,"footnotes":""},"class_list":["post-54755","page","type-page","status-publish","hentry"],"acf":[],"yoast_head":"<title>K\u00f6pvillkor - Medtest<\/title>\n<meta name=\"description\" content=\"K\u00f6pvillkor - Medtest\" \/>\n<meta name=\"robots\" content=\"noindex, follow, max-snippet:-1, max-image-preview:large, max-video-preview:-1\" \/>\n<meta property=\"og:locale\" content=\"sv_SE\" \/>\n<meta property=\"og:type\" content=\"article\" \/>\n<meta property=\"og:title\" content=\"K\u00f6pvillkor - Medtest\" \/>\n<meta property=\"og:description\" content=\"K\u00f6pvillkor - Medtest\" \/>\n<meta property=\"og:url\" content=\"https:\/\/medtest.stagingservers.net\/sv\/kopvillkor\/\" \/>\n<meta property=\"og:site_name\" content=\"Medtest\" \/>\n<meta property=\"article:publisher\" content=\"https:\/\/www.facebook.com\/Medtest-1440779469392476\/\" \/>\n<meta property=\"article:modified_time\" content=\"2021-03-09T13:05:04+00:00\" \/>\n<meta name=\"twitter:card\" content=\"summary_large_image\" \/>\n<script type=\"application\/ld+json\" class=\"yoast-schema-graph\">{\"@context\":\"https:\\\/\\\/schema.org\",\"@graph\":[{\"@type\":\"WebPage\",\"@id\":\"https:\\\/\\\/medtest.stagingservers.net\\\/sv\\\/kopvillkor\\\/\",\"url\":\"https:\\\/\\\/medtest.stagingservers.net\\\/sv\\\/kopvillkor\\\/\",\"name\":\"K\u00f6pvillkor - Medtest\",\"isPartOf\":{\"@id\":\"https:\\\/\\\/medtest.stagingservers.net\\\/sv\\\/#website\"},\"datePublished\":\"2019-01-29T10:49:30+00:00\",\"dateModified\":\"2021-03-09T13:05:04+00:00\",\"description\":\"K\u00f6pvillkor - Medtest\",\"breadcrumb\":{\"@id\":\"https:\\\/\\\/medtest.stagingservers.net\\\/sv\\\/kopvillkor\\\/#breadcrumb\"},\"inLanguage\":\"sv-SE\",\"potentialAction\":[{\"@type\":\"ReadAction\",\"target\":[\"https:\\\/\\\/medtest.stagingservers.net\\\/sv\\\/kopvillkor\\\/\"]}]},{\"@type\":\"BreadcrumbList\",\"@id\":\"https:\\\/\\\/medtest.stagingservers.net\\\/sv\\\/kopvillkor\\\/#breadcrumb\",\"itemListElement\":[{\"@type\":\"ListItem\",\"position\":1,\"name\":\"Home\",\"item\":\"https:\\\/\\\/medtest.stagingservers.net\\\/sv\\\/\"},{\"@type\":\"ListItem\",\"position\":2,\"name\":\"K\u00f6pvillkor\"}]},{\"@type\":\"WebSite\",\"@id\":\"https:\\\/\\\/medtest.stagingservers.net\\\/sv\\\/#website\",\"url\":\"https:\\\/\\\/medtest.stagingservers.net\\\/sv\\\/\",\"name\":\"Medtest\",\"description\":\"\",\"publisher\":{\"@id\":\"https:\\\/\\\/medtest.stagingservers.net\\\/sv\\\/#organization\"},\"potentialAction\":[{\"@type\":\"SearchAction\",\"target\":{\"@type\":\"EntryPoint\",\"urlTemplate\":\"https:\\\/\\\/medtest.stagingservers.net\\\/sv\\\/?s={search_term_string}\"},\"query-input\":{\"@type\":\"PropertyValueSpecification\",\"valueRequired\":true,\"valueName\":\"search_term_string\"}}],\"inLanguage\":\"sv-SE\"},{\"@type\":\"Organization\",\"@id\":\"https:\\\/\\\/medtest.stagingservers.net\\\/sv\\\/#organization\",\"name\":\"Medtest\",\"url\":\"https:\\\/\\\/medtest.stagingservers.net\\\/sv\\\/\",\"logo\":{\"@type\":\"ImageObject\",\"inLanguage\":\"sv-SE\",\"@id\":\"https:\\\/\\\/medtest.stagingservers.net\\\/sv\\\/#\\\/schema\\\/logo\\\/image\\\/\",\"url\":\"https:\\\/\\\/medtest.stagingservers.net\\\/wp-content\\\/uploads\\\/2018\\\/11\\\/Original.png\",\"contentUrl\":\"https:\\\/\\\/medtest.stagingservers.net\\\/wp-content\\\/uploads\\\/2018\\\/11\\\/Original.png\",\"width\":1024,\"height\":1024,\"caption\":\"Medtest\"},\"image\":{\"@id\":\"https:\\\/\\\/medtest.stagingservers.net\\\/sv\\\/#\\\/schema\\\/logo\\\/image\\\/\"},\"sameAs\":[\"https:\\\/\\\/www.facebook.com\\\/Medtest-1440779469392476\\\/\"]}]}<\/script>","yoast_head_json":{"title":"K\u00f6pvillkor - Medtest","description":"K\u00f6pvillkor - Medtest","robots":{"index":"noindex","follow":"follow","max-snippet":"max-snippet:-1","max-image-preview":"max-image-preview:large","max-video-preview":"max-video-preview:-1"},"og_locale":"sv_SE","og_type":"article","og_title":"K\u00f6pvillkor - Medtest","og_description":"K\u00f6pvillkor - Medtest","og_url":"https:\/\/medtest.stagingservers.net\/sv\/kopvillkor\/","og_site_name":"Medtest","article_publisher":"https:\/\/www.facebook.com\/Medtest-1440779469392476\/","article_modified_time":"2021-03-09T13:05:04+00:00","twitter_card":"summary_large_image","schema":{"@context":"https:\/\/schema.org","@graph":[{"@type":"WebPage","@id":"https:\/\/medtest.stagingservers.net\/sv\/kopvillkor\/","url":"https:\/\/medtest.stagingservers.net\/sv\/kopvillkor\/","name":"K\u00f6pvillkor - Medtest","isPartOf":{"@id":"https:\/\/medtest.stagingservers.net\/sv\/#website"},"datePublished":"2019-01-29T10:49:30+00:00","dateModified":"2021-03-09T13:05:04+00:00","description":"K\u00f6pvillkor - Medtest","breadcrumb":{"@id":"https:\/\/medtest.stagingservers.net\/sv\/kopvillkor\/#breadcrumb"},"inLanguage":"sv-SE","potentialAction":[{"@type":"ReadAction","target":["https:\/\/medtest.stagingservers.net\/sv\/kopvillkor\/"]}]},{"@type":"BreadcrumbList","@id":"https:\/\/medtest.stagingservers.net\/sv\/kopvillkor\/#breadcrumb","itemListElement":[{"@type":"ListItem","position":1,"name":"Home","item":"https:\/\/medtest.stagingservers.net\/sv\/"},{"@type":"ListItem","position":2,"name":"K\u00f6pvillkor"}]},{"@type":"WebSite","@id":"https:\/\/medtest.stagingservers.net\/sv\/#website","url":"https:\/\/medtest.stagingservers.net\/sv\/","name":"Medtest","description":"","publisher":{"@id":"https:\/\/medtest.stagingservers.net\/sv\/#organization"},"potentialAction":[{"@type":"SearchAction","target":{"@type":"EntryPoint","urlTemplate":"https:\/\/medtest.stagingservers.net\/sv\/?s={search_term_string}"},"query-input":{"@type":"PropertyValueSpecification","valueRequired":true,"valueName":"search_term_string"}}],"inLanguage":"sv-SE"},{"@type":"Organization","@id":"https:\/\/medtest.stagingservers.net\/sv\/#organization","name":"Medtest","url":"https:\/\/medtest.stagingservers.net\/sv\/","logo":{"@type":"ImageObject","inLanguage":"sv-SE","@id":"https:\/\/medtest.stagingservers.net\/sv\/#\/schema\/logo\/image\/","url":"https:\/\/medtest.stagingservers.net\/wp-content\/uploads\/2018\/11\/Original.png","contentUrl":"https:\/\/medtest.stagingservers.net\/wp-content\/uploads\/2018\/11\/Original.png","width":1024,"height":1024,"caption":"Medtest"},"image":{"@id":"https:\/\/medtest.stagingservers.net\/sv\/#\/schema\/logo\/image\/"},"sameAs":["https:\/\/www.facebook.com\/Medtest-1440779469392476\/"]}]}},"_links":{"self":[{"href":"https:\/\/medtest.stagingservers.net\/sv\/wp-json\/wp\/v2\/pages\/54755","targetHints":{"allow":["GET"]}}],"collection":[{"href":"https:\/\/medtest.stagingservers.net\/sv\/wp-json\/wp\/v2\/pages"}],"about":[{"href":"https:\/\/medtest.stagingservers.net\/sv\/wp-json\/wp\/v2\/types\/page"}],"author":[{"embeddable":true,"href":"https:\/\/medtest.stagingservers.net\/sv\/wp-json\/wp\/v2\/users\/1"}],"replies":[{"embeddable":true,"href":"https:\/\/medtest.stagingservers.net\/sv\/wp-json\/wp\/v2\/comments?post=54755"}],"version-history":[{"count":1,"href":"https:\/\/medtest.stagingservers.net\/sv\/wp-json\/wp\/v2\/pages\/54755\/revisions"}],"predecessor-version":[{"id":91368,"href":"https:\/\/medtest.stagingservers.net\/sv\/wp-json\/wp\/v2\/pages\/54755\/revisions\/91368"}],"wp:attachment":[{"href":"https:\/\/medtest.stagingservers.net\/sv\/wp-json\/wp\/v2\/media?parent=54755"}],"curies":[{"name":"wp","href":"https:\/\/api.w.org\/{rel}","templated":true}]}}