{"id":55104,"date":"2013-10-30T09:23:07","date_gmt":"2013-10-30T09:23:07","guid":{"rendered":"https:\/\/the7.io\/main\/dummy\/?page_id=12771"},"modified":"2021-03-09T15:02:02","modified_gmt":"2021-03-09T13:02:02","slug":"om-oss-2","status":"publish","type":"page","link":"https:\/\/medtest.stagingservers.net\/sv\/om-oss-2\/","title":{"rendered":"Om oss"},"content":{"rendered":"\n<h2 class=\"wp-block-heading\">Sedan 2016 har vi levererat billiga tester till v\u00e5ra kunder.<\/h2>\n\n\n\n<p>Upplever du symtom som tr\u00f6tthet, nedst\u00e4mdhet och energil\u00f6shet, oro, inre stress och allm\u00e4n sjukdomsk\u00e4nsla? D\u00e5 kan detta bero p\u00e5 sk\u00f6ldk\u00f6rteln. Med v\u00e5rt sk\u00f6ldk\u00f6rtelest f\u00e5r du svar direkt. <\/p>\n\n\n\n<p>Har du ont n\u00e4r du kissar erbjuder vi teststickor f\u00f6r urinv\u00e4gsinfektion.<\/p>\n\n\n\n<p>Testa din lever- eller njurfunktion. Vill du veta din glukos eller keton status tillhandah\u00e5ller vi diabetes test. Du kissar p\u00e5 en sticka och l\u00e4ser av svaret. Snabbt och enkelt.<\/p>\n\n\n\n<p>\u00c4r du kvinna och upplever problem i underlivet s\u00e5som flytningar kan \ndu best\u00e4lla ett hemtest f\u00f6r bakteriell vaginos d\u00e4r ett flertal mark\u00f6rer \ndetekteras som hj\u00e4lper dig ta reda p\u00e5 vad du har r\u00e5kat ut f\u00f6r.<\/p>\n\n\n\n<p>Planerar du att bli gravid eller vill ta reda p\u00e5 om du \u00e4r gravid erbjuder vi allt inom \u00e4gglossningstest och graviditetstest.<\/p>\n\n\n\n<p>Detta \u00e4r endast ett urval av v\u00e5ra tester som vi tillhandah\u00e5ller. <\/p>\n\n\n\n<p>Vi har levererat till \u00f6ver 10 000 n\u00f6jda kunder i norden sedan v\u00e5r start.<\/p>\n\n\n\n<p><strong>Bolagets historia<\/strong><\/p>\n\n\n\n<p>Medtest grundades 2015.<\/p>\n\n\n\n<p><strong>Specialistkompetens<\/strong><\/p>\n\n\n\n<p>Grundaren till Medtest \u00e4r utbildad doktor i analytisk kemi i Sverige  och har forskat inom medicinsk teknologi i 11 \u00e5r. In vitro assays och  krommatografiska analyser \u00e4r n\u00e5got vi har v\u00e4ldigt h\u00f6g kompetens inom.  Har du n\u00e5gra fr\u00e5gor om v\u00e5ra tester s\u00e5 v\u00e4nligen skicka en fr\u00e5ga till  order@medtest.shop (m\u00e4rk fr\u00e5gan med \u201dspecialist\u201d i titeln).<\/p>\n\n\n\n<p><strong>V\u00e5r Vision<\/strong><\/p>\n\n\n\n<p>V\u00e5r vision \u00e4r att tillhandah\u00e5lla tester som p\u00e5 olika s\u00e4tt  underl\u00e4ttar din vardag och som kan ge dig svar snabbt. Vi handlar direkt fr\u00e5n grossist och kan p\u00e5 s\u00e5  vis h\u00e5lla l\u00e5ga priser p\u00e5 v\u00e5ra tester.<\/p>\n\n\n\n<p><strong>Kort leveranstid<\/strong><\/p>\n\n\n\n<p>Vi str\u00e4var efter att ha kortast m\u00f6jliga leveranstid. Best\u00e4llningar  som l\u00e4ggs f\u00f6re 15:00 levereras hem till brevl\u00e5dan efterf\u00f6ljande dag.  Detta \u00e4r A och O f\u00f6r v\u00e5r verksamhet. Leveranserna transporteras med  PostNord (direkt till brevl\u00e5dan) eller DB Schenker (h\u00e4mtas hos n\u00e4rmsta ombud)<\/p>\n\n\n\n<p><strong>V\u00e5ra produkter<\/strong><\/p>\n\n\n\n<p>V\u00e5ra produkter h\u00e5ller h\u00f6gsta kvalitet enligt g\u00e4llande regulatoriska  krav. Alla produkter \u00e4r CE godk\u00e4nda antingen som hemtest eller f\u00f6r proffessionell anv\u00e4ndning.  Den sistn\u00e4mnda \u00e4r utformat f\u00f6r anv\u00e4ndning av medicinskt yrkesverksamma med tydliga och enkla instruktioner.\u202f\u202fTesten ger enkla positiva eller negativa resultat och \u00e4r CE-godk\u00e4nda f\u00f6r professionellt bruk, i enlighet med de v\u00e4sentliga kraven i det relevanta EG-direktivet 98\/79 \/ EG om in vitro-diagnostisk medicinsk utrustning.&nbsp; <\/p>\n","protected":false},"excerpt":{"rendered":"<p>Sedan 2016 har vi levererat billiga tester till v\u00e5ra kunder. Upplever du symtom som tr\u00f6tthet, nedst\u00e4mdhet och energil\u00f6shet, oro, inre stress och allm\u00e4n sjukdomsk\u00e4nsla? D\u00e5 kan detta bero p\u00e5 sk\u00f6ldk\u00f6rteln. Med v\u00e5rt sk\u00f6ldk\u00f6rtelest f\u00e5r du svar direkt. Har du ont n\u00e4r du kissar erbjuder vi teststickor f\u00f6r urinv\u00e4gsinfektion. Testa din lever- eller njurfunktion. Vill du [&hellip;]<\/p>\n","protected":false},"author":1,"featured_media":0,"parent":0,"menu_order":10,"comment_status":"closed","ping_status":"closed","template":"","meta":{"_acf_changed":false,"footnotes":""},"class_list":["post-55104","page","type-page","status-publish","hentry"],"acf":[],"yoast_head":"<title>Om oss - V\u00e5rt sortiment dekker de fleste av disse sykdommene - Medtest<\/title>\n<meta name=\"description\" content=\"Om oss - V\u00e5rt sortiment dekker de fleste av disse sykdommene, som overf\u00f8res i seksuell aktivitet som: Chlamydia-, Gonor\u00e9-, Syfilis-, Herpes- og HIV-testing.\" \/>\n<meta name=\"robots\" content=\"noindex, follow, max-snippet:-1, max-image-preview:large, max-video-preview:-1\" \/>\n<meta property=\"og:locale\" content=\"sv_SE\" \/>\n<meta property=\"og:type\" content=\"article\" \/>\n<meta property=\"og:title\" content=\"Om oss - V\u00e5rt sortiment dekker de fleste av disse sykdommene - Medtest\" \/>\n<meta property=\"og:description\" content=\"Om oss - V\u00e5rt sortiment dekker de fleste av disse sykdommene, som overf\u00f8res i seksuell aktivitet som: Chlamydia-, Gonor\u00e9-, Syfilis-, Herpes- og HIV-testing.\" \/>\n<meta property=\"og:url\" content=\"https:\/\/medtest.stagingservers.net\/sv\/om-oss-2\/\" \/>\n<meta property=\"og:site_name\" content=\"Medtest\" \/>\n<meta property=\"article:publisher\" content=\"https:\/\/www.facebook.com\/Medtest-1440779469392476\/\" \/>\n<meta property=\"article:modified_time\" content=\"2021-03-09T13:02:02+00:00\" \/>\n<meta name=\"twitter:card\" content=\"summary_large_image\" \/>\n<script type=\"application\/ld+json\" class=\"yoast-schema-graph\">{\"@context\":\"https:\\\/\\\/schema.org\",\"@graph\":[{\"@type\":\"WebPage\",\"@id\":\"https:\\\/\\\/medtest.stagingservers.net\\\/sv\\\/om-oss-2\\\/\",\"url\":\"https:\\\/\\\/medtest.stagingservers.net\\\/sv\\\/om-oss-2\\\/\",\"name\":\"Om oss - V\u00e5rt sortiment dekker de fleste av disse sykdommene - Medtest\",\"isPartOf\":{\"@id\":\"https:\\\/\\\/medtest.stagingservers.net\\\/sv\\\/#website\"},\"datePublished\":\"2013-10-30T09:23:07+00:00\",\"dateModified\":\"2021-03-09T13:02:02+00:00\",\"description\":\"Om oss - V\u00e5rt sortiment dekker de fleste av disse sykdommene, som overf\u00f8res i seksuell aktivitet som: Chlamydia-, Gonor\u00e9-, Syfilis-, Herpes- og HIV-testing.\",\"breadcrumb\":{\"@id\":\"https:\\\/\\\/medtest.stagingservers.net\\\/sv\\\/om-oss-2\\\/#breadcrumb\"},\"inLanguage\":\"sv-SE\",\"potentialAction\":[{\"@type\":\"ReadAction\",\"target\":[\"https:\\\/\\\/medtest.stagingservers.net\\\/sv\\\/om-oss-2\\\/\"]}]},{\"@type\":\"BreadcrumbList\",\"@id\":\"https:\\\/\\\/medtest.stagingservers.net\\\/sv\\\/om-oss-2\\\/#breadcrumb\",\"itemListElement\":[{\"@type\":\"ListItem\",\"position\":1,\"name\":\"Home\",\"item\":\"https:\\\/\\\/medtest.stagingservers.net\\\/sv\\\/\"},{\"@type\":\"ListItem\",\"position\":2,\"name\":\"Om oss\"}]},{\"@type\":\"WebSite\",\"@id\":\"https:\\\/\\\/medtest.stagingservers.net\\\/sv\\\/#website\",\"url\":\"https:\\\/\\\/medtest.stagingservers.net\\\/sv\\\/\",\"name\":\"Medtest\",\"description\":\"\",\"publisher\":{\"@id\":\"https:\\\/\\\/medtest.stagingservers.net\\\/sv\\\/#organization\"},\"potentialAction\":[{\"@type\":\"SearchAction\",\"target\":{\"@type\":\"EntryPoint\",\"urlTemplate\":\"https:\\\/\\\/medtest.stagingservers.net\\\/sv\\\/?s={search_term_string}\"},\"query-input\":{\"@type\":\"PropertyValueSpecification\",\"valueRequired\":true,\"valueName\":\"search_term_string\"}}],\"inLanguage\":\"sv-SE\"},{\"@type\":\"Organization\",\"@id\":\"https:\\\/\\\/medtest.stagingservers.net\\\/sv\\\/#organization\",\"name\":\"Medtest\",\"url\":\"https:\\\/\\\/medtest.stagingservers.net\\\/sv\\\/\",\"logo\":{\"@type\":\"ImageObject\",\"inLanguage\":\"sv-SE\",\"@id\":\"https:\\\/\\\/medtest.stagingservers.net\\\/sv\\\/#\\\/schema\\\/logo\\\/image\\\/\",\"url\":\"https:\\\/\\\/medtest.stagingservers.net\\\/wp-content\\\/uploads\\\/2018\\\/11\\\/Original.png\",\"contentUrl\":\"https:\\\/\\\/medtest.stagingservers.net\\\/wp-content\\\/uploads\\\/2018\\\/11\\\/Original.png\",\"width\":1024,\"height\":1024,\"caption\":\"Medtest\"},\"image\":{\"@id\":\"https:\\\/\\\/medtest.stagingservers.net\\\/sv\\\/#\\\/schema\\\/logo\\\/image\\\/\"},\"sameAs\":[\"https:\\\/\\\/www.facebook.com\\\/Medtest-1440779469392476\\\/\"]}]}<\/script>","yoast_head_json":{"title":"Om oss - V\u00e5rt sortiment dekker de fleste av disse sykdommene - Medtest","description":"Om oss - V\u00e5rt sortiment dekker de fleste av disse sykdommene, som overf\u00f8res i seksuell aktivitet som: Chlamydia-, Gonor\u00e9-, Syfilis-, Herpes- og HIV-testing.","robots":{"index":"noindex","follow":"follow","max-snippet":"max-snippet:-1","max-image-preview":"max-image-preview:large","max-video-preview":"max-video-preview:-1"},"og_locale":"sv_SE","og_type":"article","og_title":"Om oss - V\u00e5rt sortiment dekker de fleste av disse sykdommene - Medtest","og_description":"Om oss - V\u00e5rt sortiment dekker de fleste av disse sykdommene, som overf\u00f8res i seksuell aktivitet som: Chlamydia-, Gonor\u00e9-, Syfilis-, Herpes- og HIV-testing.","og_url":"https:\/\/medtest.stagingservers.net\/sv\/om-oss-2\/","og_site_name":"Medtest","article_publisher":"https:\/\/www.facebook.com\/Medtest-1440779469392476\/","article_modified_time":"2021-03-09T13:02:02+00:00","twitter_card":"summary_large_image","schema":{"@context":"https:\/\/schema.org","@graph":[{"@type":"WebPage","@id":"https:\/\/medtest.stagingservers.net\/sv\/om-oss-2\/","url":"https:\/\/medtest.stagingservers.net\/sv\/om-oss-2\/","name":"Om oss - V\u00e5rt sortiment dekker de fleste av disse sykdommene - Medtest","isPartOf":{"@id":"https:\/\/medtest.stagingservers.net\/sv\/#website"},"datePublished":"2013-10-30T09:23:07+00:00","dateModified":"2021-03-09T13:02:02+00:00","description":"Om oss - V\u00e5rt sortiment dekker de fleste av disse sykdommene, som overf\u00f8res i seksuell aktivitet som: Chlamydia-, Gonor\u00e9-, Syfilis-, Herpes- og HIV-testing.","breadcrumb":{"@id":"https:\/\/medtest.stagingservers.net\/sv\/om-oss-2\/#breadcrumb"},"inLanguage":"sv-SE","potentialAction":[{"@type":"ReadAction","target":["https:\/\/medtest.stagingservers.net\/sv\/om-oss-2\/"]}]},{"@type":"BreadcrumbList","@id":"https:\/\/medtest.stagingservers.net\/sv\/om-oss-2\/#breadcrumb","itemListElement":[{"@type":"ListItem","position":1,"name":"Home","item":"https:\/\/medtest.stagingservers.net\/sv\/"},{"@type":"ListItem","position":2,"name":"Om oss"}]},{"@type":"WebSite","@id":"https:\/\/medtest.stagingservers.net\/sv\/#website","url":"https:\/\/medtest.stagingservers.net\/sv\/","name":"Medtest","description":"","publisher":{"@id":"https:\/\/medtest.stagingservers.net\/sv\/#organization"},"potentialAction":[{"@type":"SearchAction","target":{"@type":"EntryPoint","urlTemplate":"https:\/\/medtest.stagingservers.net\/sv\/?s={search_term_string}"},"query-input":{"@type":"PropertyValueSpecification","valueRequired":true,"valueName":"search_term_string"}}],"inLanguage":"sv-SE"},{"@type":"Organization","@id":"https:\/\/medtest.stagingservers.net\/sv\/#organization","name":"Medtest","url":"https:\/\/medtest.stagingservers.net\/sv\/","logo":{"@type":"ImageObject","inLanguage":"sv-SE","@id":"https:\/\/medtest.stagingservers.net\/sv\/#\/schema\/logo\/image\/","url":"https:\/\/medtest.stagingservers.net\/wp-content\/uploads\/2018\/11\/Original.png","contentUrl":"https:\/\/medtest.stagingservers.net\/wp-content\/uploads\/2018\/11\/Original.png","width":1024,"height":1024,"caption":"Medtest"},"image":{"@id":"https:\/\/medtest.stagingservers.net\/sv\/#\/schema\/logo\/image\/"},"sameAs":["https:\/\/www.facebook.com\/Medtest-1440779469392476\/"]}]}},"_links":{"self":[{"href":"https:\/\/medtest.stagingservers.net\/sv\/wp-json\/wp\/v2\/pages\/55104","targetHints":{"allow":["GET"]}}],"collection":[{"href":"https:\/\/medtest.stagingservers.net\/sv\/wp-json\/wp\/v2\/pages"}],"about":[{"href":"https:\/\/medtest.stagingservers.net\/sv\/wp-json\/wp\/v2\/types\/page"}],"author":[{"embeddable":true,"href":"https:\/\/medtest.stagingservers.net\/sv\/wp-json\/wp\/v2\/users\/1"}],"replies":[{"embeddable":true,"href":"https:\/\/medtest.stagingservers.net\/sv\/wp-json\/wp\/v2\/comments?post=55104"}],"version-history":[{"count":1,"href":"https:\/\/medtest.stagingservers.net\/sv\/wp-json\/wp\/v2\/pages\/55104\/revisions"}],"predecessor-version":[{"id":91364,"href":"https:\/\/medtest.stagingservers.net\/sv\/wp-json\/wp\/v2\/pages\/55104\/revisions\/91364"}],"wp:attachment":[{"href":"https:\/\/medtest.stagingservers.net\/sv\/wp-json\/wp\/v2\/media?parent=55104"}],"curies":[{"name":"wp","href":"https:\/\/api.w.org\/{rel}","templated":true}]}}