{"id":67029,"date":"2019-06-21T13:52:44","date_gmt":"2019-06-21T13:52:44","guid":{"rendered":"https:\/\/medtest.stagingservers.net\/?page_id=67029"},"modified":"2019-10-22T13:54:37","modified_gmt":"2019-10-22T11:54:37","slug":"main","status":"publish","type":"page","link":"https:\/\/medtest.stagingservers.net\/sv\/","title":{"rendered":"Main"},"content":{"rendered":" \n\n\n\n\n<style>\n        .medtest-info.lazyload {\n            background-image: url('https:\/\/medtest.stagingservers.net\/wp-content\/uploads\/2019\/09\/post_nord-compressor.jpg');\n        }\n\n       #editor .medtest-info.lazyload {\n            background-image: url('https:\/\/medtest.stagingservers.net\/wp-content\/uploads\/2019\/09\/post_nord-compressor.jpg');\n        }\n\n<\/style>\n\n<section class=\"medtest-info lazyload \">\n        \n<div class=\"medtest-info-wrap\">\n<div class=\"medtest-info-title\">Frakt fr\u00e5n 29kr<\/div> \n<div class=\"medtest-info-list\"><ul>\n<li>1-2 dagar leveranstid inom Sverige<\/li>\n<li>Order registrad innam 15:00 skickas samma idag<\/li>\n<li>Levereras direkt i brevl\u00e5dan<\/li>\n<\/ul>\n<\/div>         \n<\/div>     \n       \n<\/section>\n\n","protected":false},"excerpt":{"rendered":"","protected":false},"author":1,"featured_media":0,"parent":0,"menu_order":0,"comment_status":"closed","ping_status":"closed","template":"","meta":{"_acf_changed":false,"footnotes":""},"class_list":["post-67029","page","type-page","status-publish","hentry"],"acf":[],"yoast_head":"<title>Shop - Medtest<\/title>\n<meta name=\"description\" content=\"K\u00f6p ett hemtest och testa dig hemma f\u00f6r k\u00f6nssjukdomar och h\u00e4lsotester. Diabetes, Klamydia, herpes, HIV, Gonorr\u00e9, J\u00e4rnbrist, Klimiakterie, sk\u00f6ldk\u00f6rtel\" \/>\n<meta name=\"robots\" content=\"noindex, follow, max-snippet:-1, max-image-preview:large, max-video-preview:-1\" \/>\n<meta property=\"og:locale\" content=\"sv_SE\" \/>\n<meta property=\"og:type\" content=\"article\" \/>\n<meta property=\"og:title\" content=\"Shop - Medtest\" \/>\n<meta property=\"og:description\" content=\"K\u00f6p ett hemtest och testa dig hemma f\u00f6r k\u00f6nssjukdomar och h\u00e4lsotester. Diabetes, Klamydia, herpes, HIV, Gonorr\u00e9, J\u00e4rnbrist, Klimiakterie, sk\u00f6ldk\u00f6rtel\" \/>\n<meta property=\"og:url\" content=\"https:\/\/medtest.stagingservers.net\/sv\/\" \/>\n<meta property=\"og:site_name\" content=\"Medtest\" \/>\n<meta property=\"article:publisher\" content=\"https:\/\/www.facebook.com\/Medtest-1440779469392476\/\" \/>\n<meta property=\"article:modified_time\" content=\"2019-10-22T11:54:37+00:00\" \/>\n<meta name=\"twitter:card\" content=\"summary_large_image\" \/>\n<script type=\"application\/ld+json\" class=\"yoast-schema-graph\">{\"@context\":\"https:\\\/\\\/schema.org\",\"@graph\":[{\"@type\":\"WebPage\",\"@id\":\"https:\\\/\\\/medtest.stagingservers.net\\\/sv\\\/\",\"url\":\"https:\\\/\\\/medtest.stagingservers.net\\\/sv\\\/\",\"name\":\"Shop - Medtest\",\"isPartOf\":{\"@id\":\"https:\\\/\\\/medtest.stagingservers.net\\\/sv\\\/#website\"},\"datePublished\":\"2019-06-21T13:52:44+00:00\",\"dateModified\":\"2019-10-22T11:54:37+00:00\",\"description\":\"K\u00f6p ett hemtest och testa dig hemma f\u00f6r k\u00f6nssjukdomar och h\u00e4lsotester. Diabetes, Klamydia, herpes, HIV, Gonorr\u00e9, J\u00e4rnbrist, Klimiakterie, sk\u00f6ldk\u00f6rtel\",\"breadcrumb\":{\"@id\":\"https:\\\/\\\/medtest.stagingservers.net\\\/sv\\\/#breadcrumb\"},\"inLanguage\":\"sv-SE\",\"potentialAction\":[{\"@type\":\"ReadAction\",\"target\":[\"https:\\\/\\\/medtest.stagingservers.net\\\/sv\\\/\"]}]},{\"@type\":\"BreadcrumbList\",\"@id\":\"https:\\\/\\\/medtest.stagingservers.net\\\/sv\\\/#breadcrumb\",\"itemListElement\":[{\"@type\":\"ListItem\",\"position\":1,\"name\":\"Home\",\"item\":\"https:\\\/\\\/medtest.stagingservers.net\\\/sv\\\/\"},{\"@type\":\"ListItem\",\"position\":2,\"name\":\"Main\"}]},{\"@type\":\"WebSite\",\"@id\":\"https:\\\/\\\/medtest.stagingservers.net\\\/sv\\\/#website\",\"url\":\"https:\\\/\\\/medtest.stagingservers.net\\\/sv\\\/\",\"name\":\"Medtest\",\"description\":\"\",\"publisher\":{\"@id\":\"https:\\\/\\\/medtest.stagingservers.net\\\/sv\\\/#organization\"},\"potentialAction\":[{\"@type\":\"SearchAction\",\"target\":{\"@type\":\"EntryPoint\",\"urlTemplate\":\"https:\\\/\\\/medtest.stagingservers.net\\\/sv\\\/?s={search_term_string}\"},\"query-input\":{\"@type\":\"PropertyValueSpecification\",\"valueRequired\":true,\"valueName\":\"search_term_string\"}}],\"inLanguage\":\"sv-SE\"},{\"@type\":\"Organization\",\"@id\":\"https:\\\/\\\/medtest.stagingservers.net\\\/sv\\\/#organization\",\"name\":\"Medtest\",\"url\":\"https:\\\/\\\/medtest.stagingservers.net\\\/sv\\\/\",\"logo\":{\"@type\":\"ImageObject\",\"inLanguage\":\"sv-SE\",\"@id\":\"https:\\\/\\\/medtest.stagingservers.net\\\/sv\\\/#\\\/schema\\\/logo\\\/image\\\/\",\"url\":\"https:\\\/\\\/medtest.stagingservers.net\\\/wp-content\\\/uploads\\\/2018\\\/11\\\/Original.png\",\"contentUrl\":\"https:\\\/\\\/medtest.stagingservers.net\\\/wp-content\\\/uploads\\\/2018\\\/11\\\/Original.png\",\"width\":1024,\"height\":1024,\"caption\":\"Medtest\"},\"image\":{\"@id\":\"https:\\\/\\\/medtest.stagingservers.net\\\/sv\\\/#\\\/schema\\\/logo\\\/image\\\/\"},\"sameAs\":[\"https:\\\/\\\/www.facebook.com\\\/Medtest-1440779469392476\\\/\"]}]}<\/script>","yoast_head_json":{"title":"Shop - Medtest","description":"K\u00f6p ett hemtest och testa dig hemma f\u00f6r k\u00f6nssjukdomar och h\u00e4lsotester. Diabetes, Klamydia, herpes, HIV, Gonorr\u00e9, J\u00e4rnbrist, Klimiakterie, sk\u00f6ldk\u00f6rtel","robots":{"index":"noindex","follow":"follow","max-snippet":"max-snippet:-1","max-image-preview":"max-image-preview:large","max-video-preview":"max-video-preview:-1"},"og_locale":"sv_SE","og_type":"article","og_title":"Shop - Medtest","og_description":"K\u00f6p ett hemtest och testa dig hemma f\u00f6r k\u00f6nssjukdomar och h\u00e4lsotester. Diabetes, Klamydia, herpes, HIV, Gonorr\u00e9, J\u00e4rnbrist, Klimiakterie, sk\u00f6ldk\u00f6rtel","og_url":"https:\/\/medtest.stagingservers.net\/sv\/","og_site_name":"Medtest","article_publisher":"https:\/\/www.facebook.com\/Medtest-1440779469392476\/","article_modified_time":"2019-10-22T11:54:37+00:00","twitter_card":"summary_large_image","schema":{"@context":"https:\/\/schema.org","@graph":[{"@type":"WebPage","@id":"https:\/\/medtest.stagingservers.net\/sv\/","url":"https:\/\/medtest.stagingservers.net\/sv\/","name":"Shop - Medtest","isPartOf":{"@id":"https:\/\/medtest.stagingservers.net\/sv\/#website"},"datePublished":"2019-06-21T13:52:44+00:00","dateModified":"2019-10-22T11:54:37+00:00","description":"K\u00f6p ett hemtest och testa dig hemma f\u00f6r k\u00f6nssjukdomar och h\u00e4lsotester. Diabetes, Klamydia, herpes, HIV, Gonorr\u00e9, J\u00e4rnbrist, Klimiakterie, sk\u00f6ldk\u00f6rtel","breadcrumb":{"@id":"https:\/\/medtest.stagingservers.net\/sv\/#breadcrumb"},"inLanguage":"sv-SE","potentialAction":[{"@type":"ReadAction","target":["https:\/\/medtest.stagingservers.net\/sv\/"]}]},{"@type":"BreadcrumbList","@id":"https:\/\/medtest.stagingservers.net\/sv\/#breadcrumb","itemListElement":[{"@type":"ListItem","position":1,"name":"Home","item":"https:\/\/medtest.stagingservers.net\/sv\/"},{"@type":"ListItem","position":2,"name":"Main"}]},{"@type":"WebSite","@id":"https:\/\/medtest.stagingservers.net\/sv\/#website","url":"https:\/\/medtest.stagingservers.net\/sv\/","name":"Medtest","description":"","publisher":{"@id":"https:\/\/medtest.stagingservers.net\/sv\/#organization"},"potentialAction":[{"@type":"SearchAction","target":{"@type":"EntryPoint","urlTemplate":"https:\/\/medtest.stagingservers.net\/sv\/?s={search_term_string}"},"query-input":{"@type":"PropertyValueSpecification","valueRequired":true,"valueName":"search_term_string"}}],"inLanguage":"sv-SE"},{"@type":"Organization","@id":"https:\/\/medtest.stagingservers.net\/sv\/#organization","name":"Medtest","url":"https:\/\/medtest.stagingservers.net\/sv\/","logo":{"@type":"ImageObject","inLanguage":"sv-SE","@id":"https:\/\/medtest.stagingservers.net\/sv\/#\/schema\/logo\/image\/","url":"https:\/\/medtest.stagingservers.net\/wp-content\/uploads\/2018\/11\/Original.png","contentUrl":"https:\/\/medtest.stagingservers.net\/wp-content\/uploads\/2018\/11\/Original.png","width":1024,"height":1024,"caption":"Medtest"},"image":{"@id":"https:\/\/medtest.stagingservers.net\/sv\/#\/schema\/logo\/image\/"},"sameAs":["https:\/\/www.facebook.com\/Medtest-1440779469392476\/"]}]}},"_links":{"self":[{"href":"https:\/\/medtest.stagingservers.net\/sv\/wp-json\/wp\/v2\/pages\/67029","targetHints":{"allow":["GET"]}}],"collection":[{"href":"https:\/\/medtest.stagingservers.net\/sv\/wp-json\/wp\/v2\/pages"}],"about":[{"href":"https:\/\/medtest.stagingservers.net\/sv\/wp-json\/wp\/v2\/types\/page"}],"author":[{"embeddable":true,"href":"https:\/\/medtest.stagingservers.net\/sv\/wp-json\/wp\/v2\/users\/1"}],"replies":[{"embeddable":true,"href":"https:\/\/medtest.stagingservers.net\/sv\/wp-json\/wp\/v2\/comments?post=67029"}],"version-history":[{"count":0,"href":"https:\/\/medtest.stagingservers.net\/sv\/wp-json\/wp\/v2\/pages\/67029\/revisions"}],"wp:attachment":[{"href":"https:\/\/medtest.stagingservers.net\/sv\/wp-json\/wp\/v2\/media?parent=67029"}],"curies":[{"name":"wp","href":"https:\/\/api.w.org\/{rel}","templated":true}]}}