{"id":54491,"date":"2018-11-28T13:53:00","date_gmt":"2018-11-28T13:53:00","guid":{"rendered":"http:\/\/104.248.87.71\/?post_type=product&#038;p=54491"},"modified":"2021-03-23T13:45:05","modified_gmt":"2021-03-23T11:45:05","slug":"prostatatest-psa","status":"publish","type":"product","link":"https:\/\/medtest.stagingservers.net\/sv\/produkt\/prostatatest-psa\/","title":{"rendered":"Prostatatest (PSA)"},"content":{"rendered":"<h2>Prostatatest<\/h2>\n<p>In vitro diagnostiskt snabbtest f\u00f6r professionellt bruk.<\/p>\n<h4><strong>Om testet<\/strong><\/h4>\n<p>PSA \u00e4r en f\u00f6rkortning p\u00e5 prostataspecifikt antigen och \u00e4r den vanligaste cancerformen hos svenska m\u00e4n. Vid cancer i prostatan \u00f6kar PSA-v\u00e4rdet i blodet. Det \u00e4r s\u00e5ledes inte n\u00e5got \u201dcancer\u00e4mne\u201d som kommer fr\u00e5n en tum\u00f6r, utan ett protein (enzym) som finns naturligt i kroppen \u00e4ven hos friska m\u00e4n. Vidare, m\u00e4n under 50 \u00e5r b\u00f6r inte ha ett v\u00e4rde \u00f6ver 3.0 \u00b5g\/L. PSA produceras i s\u00e5 kallade k\u00f6rtelceller i prostatan och finns i h\u00f6g koncentration i s\u00e4desv\u00e4tska. En del av det PSA som tillverkas kommer ut i blodet. \u00c4ven en frisk man har allts\u00e5 sm\u00e5 m\u00e4ngder PSA i blodet. Noggrannhet: 99,1%. Sensitivitet: 99,2%.\u00a0 Denna produkt \u00e4r CE m\u00e4rkt f\u00f6r anv\u00e4ndning professionellt av v\u00e5rdpersonal. Den \u00e4r inte avsedd eller testad f\u00f6r hemmabruk.<\/p>\n<h4><strong>S\u00e5 h\u00e4r fungerar testet<\/strong><\/h4>\n<p>PSA-halten i blodet m\u00e4ts genom att analysera blodet. V\u00e5rat prostatatest m\u00e4ter PSA halten i blodet direkt genom att man sticker ett litet h\u00e5l i fingret d\u00e4r en liten m\u00e4ngd blod f\u00e5ngas upp. Blodet appliceras d\u00e4refter p\u00e5 en testkassett med ett membran inneh\u00e5llande en antikropp som specifikt binder till PSA molekylerna i blodet. <strong>Om testet visar positivt inneb\u00e4r det att PSA \u00e4r \u00f6ver 4.0 \u00b5g\/L.<\/strong> Vid tecken p\u00e5 f\u00f6rh\u00f6jt PSA ska alltid en utredning p\u00e5b\u00f6rjas. F\u00f6rh\u00f6jt PSA-v\u00e4rde beh\u00f6ver inte vara f\u00f6rknippat med en farlig diagnos. Att testa sin PSA-niv\u00e5 regelbundet \u00e4r ett s\u00e4tt att tidigt f\u00e5 en indikation p\u00e5 att n\u00e5got \u00e4r fel.<\/p>\n<p>OBS: Oavsett vilken sjukdom man har i prostatak\u00f6rteln s\u00e5 kan halten av PSA \u00f6ka. S\u00e5 f\u00e5r man ett positivt svar p\u00e5 ett PSA-test s\u00e5 beh\u00f6ver det inte inneb\u00e4ra att man har cancer.<\/p>\n<h4><strong>Prostatak\u00f6rteln<\/strong><\/h4>\n<p>Prostatak\u00f6rteln (bl\u00e5shalsk\u00f6rteln) \u00e4r en valn\u00f6tsstor k\u00f6rtel som omsluter urinr\u00f6rets \u00f6vre del. I prostatak\u00f6rteln bildas en tunnflytande v\u00e4tska som blandas med spermierna vid utl\u00f6sning.<\/p>\n<h4><strong>Symptom<\/strong><\/h4>\n<p>Till en b\u00f6rjan visas inga symtom. Prostatacancer \u00e4r f\u00f6rr\u00e4disk p\u00e5 s\u00e5 vis att den i tidigt skede inte ger n\u00e5gra symtom alls utan g\u00f6r sig till k\u00e4nna f\u00f6rst d\u00e5 den har spridit sig i kroppen. D\u00e5 \u00e4r symtomen oftast till exempel ryggont, problem med vattenkastning eller blod i urinen. Som med all cancer \u00e4r det viktigt att sjukdomen uppt\u00e4cks i tid f\u00f6r att kunna botas eller h\u00e5llas i schack. Orsakerna till prostatacancer \u00e4r inte klarlagda men cirka 10 procent av prostatacancerfallen anses vara \u00e4rftliga.<\/p>\n<h4><strong>Vem ska testa sig?<\/strong><\/h4>\n<p>Alla m\u00e4n \u00f6ver 45 \u00e5r b\u00f6r kolla sitt PSA f\u00f6r att ta reda p\u00e5 hur det st\u00e5r till med prostatan.<\/p>\n<p>M\u00e4n \u00f6ver 70 \u00e5r med benign hyperplasi kan mycket v\u00e4l ha v\u00e4rden upp till 6,5 \u00b5g\/L. Det \u00e4r i \u201dgr\u00e4nsomr\u00e5det\u201d fr\u00e5n 4 \u2013 10 \u00b5g\/L som risken f\u00f6r malignitet ses vid \u00f6kade v\u00e4rden.<\/p>\n<h4><strong>Anv\u00e4ndarinstruktioner<\/strong><\/h4>\n<ol start=\"1\">\n<li>Reng\u00f6r fingret.<\/li>\n<li>Punktera fingret med lansett.<\/li>\n<li>Sug upp 2-3 droppar blod med pipetten.<\/li>\n<li>Droppa 2 droppar blod i testkassettens brunn (S).<\/li>\n<li>Droppa d\u00e4refter 1 droppe PSA buffert.<\/li>\n<li>V\u00e4nta 5 minuter f\u00f6r att avl\u00e4sa resultatet.<\/li>\n<\/ol>\n<p><img loading=\"lazy\" decoding=\"async\" class=\"alignnone size-full wp-image-55553\" src=\"\/wp-content\/uploads\/2019\/03\/PSA-procedur.png\" alt=\"PSA procedur\" width=\"1455\" height=\"467\" srcset=\"https:\/\/medtest.stagingservers.net\/wp-content\/uploads\/2019\/03\/PSA-procedur.png 1455w, https:\/\/medtest.stagingservers.net\/wp-content\/uploads\/2019\/03\/PSA-procedur-720x231.png 720w, https:\/\/medtest.stagingservers.net\/wp-content\/uploads\/2019\/03\/PSA-procedur-1200x385.png 1200w, https:\/\/medtest.stagingservers.net\/wp-content\/uploads\/2019\/03\/PSA-procedur-768x246.png 768w, https:\/\/medtest.stagingservers.net\/wp-content\/uploads\/2019\/03\/PSA-procedur-416x134.png 416w, https:\/\/medtest.stagingservers.net\/wp-content\/uploads\/2019\/03\/PSA-procedur-300x96.png 300w, https:\/\/medtest.stagingservers.net\/wp-content\/uploads\/2019\/03\/PSA-procedur-1024x329.png 1024w\" sizes=\"auto, (max-width: 1455px) 100vw, 1455px\" \/><\/p>\n<p><strong>Resultat<\/strong><\/p>\n<p><img loading=\"lazy\" decoding=\"async\" class=\"size-full wp-image-55245 alignleft\" src=\"\/wp-content\/uploads\/2018\/11\/Test-resultat.png\" alt=\"\" width=\"351\" height=\"246\" srcset=\"https:\/\/medtest.stagingservers.net\/wp-content\/uploads\/2018\/11\/Test-resultat.png 351w, https:\/\/medtest.stagingservers.net\/wp-content\/uploads\/2018\/11\/Test-resultat-300x210.png 300w\" sizes=\"auto, (max-width: 351px) 100vw, 351px\" \/><\/p>\n<p>Visar testet positivt utslag b\u00f6r en utredning p\u00e5b\u00f6rjas. Brytpunkten f\u00f6r testet \u00e4r 4 \u00b5g\/L. Vid positivt utslag inneb\u00e4r det att du har PSA halter som \u00e4r st\u00f6rre \u00e4n 4 \u00b5g\/L.<\/p>\n<p>OBS: Ett positivt resultat beh\u00f6ver inte vara f\u00f6rknippat med en farlig diagnos.<\/p>\n<p>&nbsp;<\/p>\n<p>&nbsp;<\/p>\n<p>&nbsp;<\/p>\n<p>&nbsp;<\/p>\n<p><strong>Kittet inneh\u00e5ller:<\/strong><\/p>\n<ul>\n<li>Lansett<\/li>\n<li>Testkassett<\/li>\n<li>Pipett<\/li>\n<li>Buffertl\u00f6sning<\/li>\n<li>Bruksanvisning p\u00e5 svenska<\/li>\n<\/ul>\n<p><strong>Vid st\u00f6rre best\u00e4llningar<\/strong><\/p>\n<p>\u00d6nskas fakturering till er organisation eller f\u00f6retag s\u00e5 skicka ett meddelande till oss p\u00e5 <span style=\"font-weight: bold;\">order@medtest.shop<\/span> s\u00e5 skickar vi offert. V\u00e4nligen ange adress, organisationsnummer samt kontaktperson. Vid st\u00f6rre best\u00e4llningar kan vi erbjuda rabatterade priser.<\/p>\n","protected":false},"excerpt":{"rendered":"<p>Uppt\u00e4ck risken f\u00f6r Cancer med ett snabbtest. Ett enkelt stick i fingret och du f\u00e5r svar direkt.<br \/>\nDen vanligaste cancerformen hos svenska m\u00e4n \u00e4r prostatacancer. Vid cancer i prostatan \u00f6kar PSA-v\u00e4rdet i blodet. Vid positivt utslag inneb\u00e4r det att du har PSA halt \u00f6ver 4ng\/ml.<\/p>\n<p>Prostatatestet inneh\u00e5ller f\u00f6ljande:<br \/>\n1 st. Testkassett med pipett att suga upp bloddroppe<br \/>\n1 st. H\u00e5ltagare med n\u00e5l<br \/>\n1 st. Testl\u00f6sning( buffer )<br \/>\n1 st. Alkohol Reng\u00f6ringservett<br \/>\n1 st. Bruksanvisning p\u00e5 Svenska<\/p>\n","protected":false},"featured_media":90940,"comment_status":"closed","ping_status":"closed","template":"","meta":{"_acf_changed":false,"footnotes":""},"product_brand":[],"product_cat":[744,782],"product_tag":[],"class_list":{"0":"post-54491","1":"product","2":"type-product","3":"status-publish","4":"has-post-thumbnail","6":"product_cat-halsotester","7":"product_cat-prostata-psa","9":"first","10":"instock","11":"taxable","12":"shipping-taxable","13":"purchasable","14":"product-type-variable"},"acf":[],"yoast_head":"<title>Prostatatest (PSA) - Medtest<\/title>\n<meta name=\"description\" content=\"Prostatatest (PSA) - Medtest\" \/>\n<meta name=\"robots\" content=\"noindex, follow, max-snippet:-1, max-image-preview:large, max-video-preview:-1\" \/>\n<meta property=\"og:locale\" content=\"sv_SE\" \/>\n<meta property=\"og:type\" content=\"article\" \/>\n<meta property=\"og:title\" content=\"Prostatatest (PSA) - Medtest\" \/>\n<meta property=\"og:description\" content=\"Prostatatest (PSA) - Medtest\" \/>\n<meta property=\"og:url\" content=\"https:\/\/medtest.stagingservers.net\/sv\/produkt\/prostatatest-psa\/\" \/>\n<meta property=\"og:site_name\" content=\"Medtest\" \/>\n<meta property=\"article:publisher\" content=\"https:\/\/www.facebook.com\/Medtest-1440779469392476\/\" \/>\n<meta property=\"article:modified_time\" content=\"2021-03-23T11:45:05+00:00\" \/>\n<meta property=\"og:image\" content=\"https:\/\/medtest.stagingservers.net\/wp-content\/uploads\/2018\/11\/PSA-snabbtest-hs.jpg\" \/>\n\t<meta property=\"og:image:width\" content=\"765\" \/>\n\t<meta property=\"og:image:height\" content=\"542\" \/>\n\t<meta property=\"og:image:type\" content=\"image\/jpeg\" \/>\n<meta name=\"twitter:card\" content=\"summary_large_image\" \/>\n<script type=\"application\/ld+json\" class=\"yoast-schema-graph\">{\"@context\":\"https:\\\/\\\/schema.org\",\"@graph\":[{\"@type\":\"WebPage\",\"@id\":\"https:\\\/\\\/medtest.stagingservers.net\\\/sv\\\/produkt\\\/prostatatest-psa\\\/\",\"url\":\"https:\\\/\\\/medtest.stagingservers.net\\\/sv\\\/produkt\\\/prostatatest-psa\\\/\",\"name\":\"Prostatatest (PSA) - Medtest\",\"isPartOf\":{\"@id\":\"https:\\\/\\\/medtest.stagingservers.net\\\/sv\\\/#website\"},\"primaryImageOfPage\":{\"@id\":\"https:\\\/\\\/medtest.stagingservers.net\\\/sv\\\/produkt\\\/prostatatest-psa\\\/#primaryimage\"},\"image\":{\"@id\":\"https:\\\/\\\/medtest.stagingservers.net\\\/sv\\\/produkt\\\/prostatatest-psa\\\/#primaryimage\"},\"thumbnailUrl\":\"https:\\\/\\\/medtest.stagingservers.net\\\/wp-content\\\/uploads\\\/2018\\\/11\\\/PSA-snabbtest-hs.jpg\",\"datePublished\":\"2018-11-28T13:53:00+00:00\",\"dateModified\":\"2021-03-23T11:45:05+00:00\",\"description\":\"Prostatatest (PSA) - Medtest\",\"breadcrumb\":{\"@id\":\"https:\\\/\\\/medtest.stagingservers.net\\\/sv\\\/produkt\\\/prostatatest-psa\\\/#breadcrumb\"},\"inLanguage\":\"sv-SE\",\"potentialAction\":[{\"@type\":\"ReadAction\",\"target\":[\"https:\\\/\\\/medtest.stagingservers.net\\\/sv\\\/produkt\\\/prostatatest-psa\\\/\"]}]},{\"@type\":\"ImageObject\",\"inLanguage\":\"sv-SE\",\"@id\":\"https:\\\/\\\/medtest.stagingservers.net\\\/sv\\\/produkt\\\/prostatatest-psa\\\/#primaryimage\",\"url\":\"https:\\\/\\\/medtest.stagingservers.net\\\/wp-content\\\/uploads\\\/2018\\\/11\\\/PSA-snabbtest-hs.jpg\",\"contentUrl\":\"https:\\\/\\\/medtest.stagingservers.net\\\/wp-content\\\/uploads\\\/2018\\\/11\\\/PSA-snabbtest-hs.jpg\",\"width\":765,\"height\":542,\"caption\":\"PSA\"},{\"@type\":\"BreadcrumbList\",\"@id\":\"https:\\\/\\\/medtest.stagingservers.net\\\/sv\\\/produkt\\\/prostatatest-psa\\\/#breadcrumb\",\"itemListElement\":[{\"@type\":\"ListItem\",\"position\":1,\"name\":\"Home\",\"item\":\"https:\\\/\\\/medtest.stagingservers.net\\\/sv\\\/\"},{\"@type\":\"ListItem\",\"position\":2,\"name\":\"Shop\",\"item\":\"https:\\\/\\\/medtest.stagingservers.net\\\/home-shop\\\/\"},{\"@type\":\"ListItem\",\"position\":3,\"name\":\"Prostatatest (PSA)\"}]},{\"@type\":\"WebSite\",\"@id\":\"https:\\\/\\\/medtest.stagingservers.net\\\/sv\\\/#website\",\"url\":\"https:\\\/\\\/medtest.stagingservers.net\\\/sv\\\/\",\"name\":\"Medtest\",\"description\":\"\",\"publisher\":{\"@id\":\"https:\\\/\\\/medtest.stagingservers.net\\\/sv\\\/#organization\"},\"potentialAction\":[{\"@type\":\"SearchAction\",\"target\":{\"@type\":\"EntryPoint\",\"urlTemplate\":\"https:\\\/\\\/medtest.stagingservers.net\\\/sv\\\/?s={search_term_string}\"},\"query-input\":{\"@type\":\"PropertyValueSpecification\",\"valueRequired\":true,\"valueName\":\"search_term_string\"}}],\"inLanguage\":\"sv-SE\"},{\"@type\":\"Organization\",\"@id\":\"https:\\\/\\\/medtest.stagingservers.net\\\/sv\\\/#organization\",\"name\":\"Medtest\",\"url\":\"https:\\\/\\\/medtest.stagingservers.net\\\/sv\\\/\",\"logo\":{\"@type\":\"ImageObject\",\"inLanguage\":\"sv-SE\",\"@id\":\"https:\\\/\\\/medtest.stagingservers.net\\\/sv\\\/#\\\/schema\\\/logo\\\/image\\\/\",\"url\":\"https:\\\/\\\/medtest.stagingservers.net\\\/wp-content\\\/uploads\\\/2018\\\/11\\\/Original.png\",\"contentUrl\":\"https:\\\/\\\/medtest.stagingservers.net\\\/wp-content\\\/uploads\\\/2018\\\/11\\\/Original.png\",\"width\":1024,\"height\":1024,\"caption\":\"Medtest\"},\"image\":{\"@id\":\"https:\\\/\\\/medtest.stagingservers.net\\\/sv\\\/#\\\/schema\\\/logo\\\/image\\\/\"},\"sameAs\":[\"https:\\\/\\\/www.facebook.com\\\/Medtest-1440779469392476\\\/\"]}]}<\/script>","yoast_head_json":{"title":"Prostatatest (PSA) - Medtest","description":"Prostatatest (PSA) - Medtest","robots":{"index":"noindex","follow":"follow","max-snippet":"max-snippet:-1","max-image-preview":"max-image-preview:large","max-video-preview":"max-video-preview:-1"},"og_locale":"sv_SE","og_type":"article","og_title":"Prostatatest (PSA) - Medtest","og_description":"Prostatatest (PSA) - Medtest","og_url":"https:\/\/medtest.stagingservers.net\/sv\/produkt\/prostatatest-psa\/","og_site_name":"Medtest","article_publisher":"https:\/\/www.facebook.com\/Medtest-1440779469392476\/","article_modified_time":"2021-03-23T11:45:05+00:00","og_image":[{"width":765,"height":542,"url":"https:\/\/medtest.stagingservers.net\/wp-content\/uploads\/2018\/11\/PSA-snabbtest-hs.jpg","type":"image\/jpeg"}],"twitter_card":"summary_large_image","schema":{"@context":"https:\/\/schema.org","@graph":[{"@type":"WebPage","@id":"https:\/\/medtest.stagingservers.net\/sv\/produkt\/prostatatest-psa\/","url":"https:\/\/medtest.stagingservers.net\/sv\/produkt\/prostatatest-psa\/","name":"Prostatatest (PSA) - Medtest","isPartOf":{"@id":"https:\/\/medtest.stagingservers.net\/sv\/#website"},"primaryImageOfPage":{"@id":"https:\/\/medtest.stagingservers.net\/sv\/produkt\/prostatatest-psa\/#primaryimage"},"image":{"@id":"https:\/\/medtest.stagingservers.net\/sv\/produkt\/prostatatest-psa\/#primaryimage"},"thumbnailUrl":"https:\/\/medtest.stagingservers.net\/wp-content\/uploads\/2018\/11\/PSA-snabbtest-hs.jpg","datePublished":"2018-11-28T13:53:00+00:00","dateModified":"2021-03-23T11:45:05+00:00","description":"Prostatatest (PSA) - Medtest","breadcrumb":{"@id":"https:\/\/medtest.stagingservers.net\/sv\/produkt\/prostatatest-psa\/#breadcrumb"},"inLanguage":"sv-SE","potentialAction":[{"@type":"ReadAction","target":["https:\/\/medtest.stagingservers.net\/sv\/produkt\/prostatatest-psa\/"]}]},{"@type":"ImageObject","inLanguage":"sv-SE","@id":"https:\/\/medtest.stagingservers.net\/sv\/produkt\/prostatatest-psa\/#primaryimage","url":"https:\/\/medtest.stagingservers.net\/wp-content\/uploads\/2018\/11\/PSA-snabbtest-hs.jpg","contentUrl":"https:\/\/medtest.stagingservers.net\/wp-content\/uploads\/2018\/11\/PSA-snabbtest-hs.jpg","width":765,"height":542,"caption":"PSA"},{"@type":"BreadcrumbList","@id":"https:\/\/medtest.stagingservers.net\/sv\/produkt\/prostatatest-psa\/#breadcrumb","itemListElement":[{"@type":"ListItem","position":1,"name":"Home","item":"https:\/\/medtest.stagingservers.net\/sv\/"},{"@type":"ListItem","position":2,"name":"Shop","item":"https:\/\/medtest.stagingservers.net\/home-shop\/"},{"@type":"ListItem","position":3,"name":"Prostatatest (PSA)"}]},{"@type":"WebSite","@id":"https:\/\/medtest.stagingservers.net\/sv\/#website","url":"https:\/\/medtest.stagingservers.net\/sv\/","name":"Medtest","description":"","publisher":{"@id":"https:\/\/medtest.stagingservers.net\/sv\/#organization"},"potentialAction":[{"@type":"SearchAction","target":{"@type":"EntryPoint","urlTemplate":"https:\/\/medtest.stagingservers.net\/sv\/?s={search_term_string}"},"query-input":{"@type":"PropertyValueSpecification","valueRequired":true,"valueName":"search_term_string"}}],"inLanguage":"sv-SE"},{"@type":"Organization","@id":"https:\/\/medtest.stagingservers.net\/sv\/#organization","name":"Medtest","url":"https:\/\/medtest.stagingservers.net\/sv\/","logo":{"@type":"ImageObject","inLanguage":"sv-SE","@id":"https:\/\/medtest.stagingservers.net\/sv\/#\/schema\/logo\/image\/","url":"https:\/\/medtest.stagingservers.net\/wp-content\/uploads\/2018\/11\/Original.png","contentUrl":"https:\/\/medtest.stagingservers.net\/wp-content\/uploads\/2018\/11\/Original.png","width":1024,"height":1024,"caption":"Medtest"},"image":{"@id":"https:\/\/medtest.stagingservers.net\/sv\/#\/schema\/logo\/image\/"},"sameAs":["https:\/\/www.facebook.com\/Medtest-1440779469392476\/"]}]}},"_links":{"self":[{"href":"https:\/\/medtest.stagingservers.net\/sv\/wp-json\/wp\/v2\/product\/54491","targetHints":{"allow":["GET"]}}],"collection":[{"href":"https:\/\/medtest.stagingservers.net\/sv\/wp-json\/wp\/v2\/product"}],"about":[{"href":"https:\/\/medtest.stagingservers.net\/sv\/wp-json\/wp\/v2\/types\/product"}],"replies":[{"embeddable":true,"href":"https:\/\/medtest.stagingservers.net\/sv\/wp-json\/wp\/v2\/comments?post=54491"}],"version-history":[{"count":11,"href":"https:\/\/medtest.stagingservers.net\/sv\/wp-json\/wp\/v2\/product\/54491\/revisions"}],"predecessor-version":[{"id":91815,"href":"https:\/\/medtest.stagingservers.net\/sv\/wp-json\/wp\/v2\/product\/54491\/revisions\/91815"}],"wp:featuredmedia":[{"embeddable":true,"href":"https:\/\/medtest.stagingservers.net\/sv\/wp-json\/wp\/v2\/media\/90940"}],"wp:attachment":[{"href":"https:\/\/medtest.stagingservers.net\/sv\/wp-json\/wp\/v2\/media?parent=54491"}],"wp:term":[{"taxonomy":"product_brand","embeddable":true,"href":"https:\/\/medtest.stagingservers.net\/sv\/wp-json\/wp\/v2\/product_brand?post=54491"},{"taxonomy":"product_cat","embeddable":true,"href":"https:\/\/medtest.stagingservers.net\/sv\/wp-json\/wp\/v2\/product_cat?post=54491"},{"taxonomy":"product_tag","embeddable":true,"href":"https:\/\/medtest.stagingservers.net\/sv\/wp-json\/wp\/v2\/product_tag?post=54491"}],"curies":[{"name":"wp","href":"https:\/\/api.w.org\/{rel}","templated":true}]}}