{"id":54496,"date":"2018-11-28T14:22:04","date_gmt":"2018-11-28T14:22:04","guid":{"rendered":"http:\/\/104.248.87.71\/?post_type=product&#038;p=54496"},"modified":"2020-11-17T14:15:40","modified_gmt":"2020-11-17T12:15:40","slug":"bakteriell-vaginos-slidkatarr-test-for-kvinnor-6-kombo-kit","status":"publish","type":"product","link":"https:\/\/medtest.stagingservers.net\/sv\/produkt\/bakteriell-vaginos-slidkatarr-test-for-kvinnor-6-kombo-kit\/","title":{"rendered":"Slidkatarr paket"},"content":{"rendered":"<h2>Slidkatarr paket<\/h2>\n<h4>1. Laktobaciller (H2O2 )<\/h4>\n<p>Hos friska kvinnor i fertil \u00e5lder bildar laktobaciller en n\u00e4stan kontinuerlig \u201dbiofilm\u201d i vagina. Dessa spelar en avg\u00f6rande roll i f\u00f6rsvaret mot andra bakterier som kan resultera i olika sjukdomar. Laktobaciller producerar v\u00e4teperoxid, H2O2 , som \u00e4r giftigt (toxiskt) f\u00f6r olika bakterier och fungerar p\u00e5 s\u00e5 vis som ett f\u00f6rsvar.<\/p>\n<p>Testet ger dig status p\u00e5 H2O2 .<\/p>\n<h4>2. Bakteriell vaginos (SA)<\/h4>\n<p>Bakteriell vaginos \u00e4r en obalans i bakteriefloran i slidan.<\/p>\n<p>Symptomen f\u00f6r bakteriell vaginos \u00e4r gr\u00e5gulaktiga, tunnflytande och ibland skummande flytningar med obehaglig lukt som ofta \u00e4r starkare vid mens. Men i vissa fall ger bakteriell vaginos inga symptom alls.<\/p>\n<p>Testet m\u00e4ter sialidase activity (SA), ett enzym, som uts\u00f6ndras fr\u00e5n bakterier som f\u00f6rb\u00e4ttrar bakteriernas f\u00f6rm\u00e5ga att invadera och f\u00f6rst\u00f6ra v\u00e4vnad.<\/p>\n<p>Bakteriell vaginos m\u00e5ste du behandla med antibiotika.<\/p>\n<h4>3. Vaginal inflammation (LE)<\/h4>\n<p>Infektion av bakterier eller svamp i underlivet kan ge vaginal inflammation.<\/p>\n<p>Symptomen kan vara flytningar, kl\u00e5da och sm\u00e4rta.<\/p>\n<p>V\u00e5rat test m\u00e4ter n\u00e4rvaron av vita blodkroppar, leukocytesteras (LE), som \u00e4r f\u00f6rknippat med infektion.<\/p>\n<p>Vid vaginal inflammation r\u00e5dg\u00f6r med l\u00e4kare eller barnmorska.<\/p>\n<h4>4. Svampinfektion\/Candida (CV)<\/h4>\n<p>Vaginal svampinfektion, \u00e4ven k\u00e4nd som candida vaginitis (CV), \u00e4r \u00f6verdriven tillv\u00e4xt av svamp i slidan som resulterar i irritation.<\/p>\n<p>Symptomen \u00e4r gr\u00e5gulaktiga, tunnflytande och ibland skummande flytningar med obehaglig lukt som ofta \u00e4r starkare vid mens.<\/p>\n<p>Svamp\/candida behandlas med en receptfri kr\u00e4m som finns p\u00e5 apotek.<\/p>\n<h4>5. Trikomonasinfektion (TV)<\/h4>\n<p>Trichomonas vaginalis (TV) \u00e4r en parasit som kan orsaka en sexuellt \u00f6verf\u00f6rbar infektion. Parasiten finns hos infekterade kvinnor i slidan och smittar vid samlag och andra oskyddade sexuella kontakter. Cirka h\u00e4lften av kvinnor som smittas f\u00e5r symptom.<\/p>\n<p>Symptomen p\u00e5 infektion \u00e4r sveda\/kl\u00e5da i underlivet samt flytningar som kan vara gul-gr\u00f6na och ibland illaluktande.<\/p>\n<p>Inkubationstiden kan vara fr\u00e5n n\u00e5gra dygn upp till n\u00e5gra veckor. Trichomonas kan \u00f6verf\u00f6ras fr\u00e5n den gravida kvinnan till barnet vid f\u00f6rlossningen.<\/p>\n<p>Trikomonasinfektion m\u00e5ste du behandla med antibiotika<\/p>\n<h4>6. pH<\/h4>\n<p>Vaginala laktobaciller bidrar till att etablera och bibeh\u00e5lla ett pH-v\u00e4rde som i flesta fall ligger mellan 3,8-4,0. Ett normalt pH-v\u00e4rde i underlivet motverkar att bakterier kan f\u00f6r\u00f6ka sig, vilket i sin tur minskar risken f\u00f6r infektioner.<\/p>\n<p>Vid onormalt resultat r\u00e5dg\u00f6r med l\u00e4kare eller barnmorska.<\/p>\n<p>Provtagningskit och instruktioner finns i paketet. Det g\u00f6r inte ont att ta provet.\u200b<\/p>\n<h4>Anv\u00e4ndarinstruktioner<\/h4>\n<h4>G\u00f6r s\u00e5 h\u00e4r:<\/h4>\n<ol start=\"1\">\n<li>Ta ett vaginalprov genom att snurra l\u00e4tt med pinnen mot slidv\u00e4ggen en bit in i slidan.<\/li>\n<li>Vidr\u00f6r pH brunnen med topsen 2-3 g\u00e5nger. L\u00e4s av resultatet.<\/li>\n<li>S\u00e4tt topsen i provr\u00f6ret och tills\u00e4tt 12-14 droppar av \u201dBV Extraction solution\u201d. R\u00f6r runt och kl\u00e4m p\u00e5 topsen via utsidan av provr\u00f6ret s\u00e5 att sekret p\u00e5 topsen blandas runt och hamnar i provl\u00f6sningen.<\/li>\n<li>Pippetera 2 droppar till varje brunn (ej pH).<\/li>\n<li>Tills\u00e4tt en droppe \u201dChromogenic reagent\u201d till H2O2 brunnen.<\/li>\n<li>L\u00e5t reagera i ugn 42-45\u00b0C i 5 minuter. L\u00e4s av resultatet inom 15 minuter.<\/li>\n<\/ol>\n<p><img loading=\"lazy\" decoding=\"async\" class=\"size-full wp-image-54498 aligncenter\" src=\"https:\/\/medtest.stagingservers.net\/wp-content\/uploads\/2018\/11\/Ska\u0308rmavbild-2018-05-01-kl.-20.16.24.png\" alt=\"\" width=\"996\" height=\"264\" srcset=\"https:\/\/medtest.stagingservers.net\/wp-content\/uploads\/2018\/11\/Ska\u0308rmavbild-2018-05-01-kl.-20.16.24.png 996w, https:\/\/medtest.stagingservers.net\/wp-content\/uploads\/2018\/11\/Ska\u0308rmavbild-2018-05-01-kl.-20.16.24-600x159.png 600w, https:\/\/medtest.stagingservers.net\/wp-content\/uploads\/2018\/11\/Ska\u0308rmavbild-2018-05-01-kl.-20.16.24-200x53.png 200w, https:\/\/medtest.stagingservers.net\/wp-content\/uploads\/2018\/11\/Ska\u0308rmavbild-2018-05-01-kl.-20.16.24-720x191.png 720w, https:\/\/medtest.stagingservers.net\/wp-content\/uploads\/2018\/11\/Ska\u0308rmavbild-2018-05-01-kl.-20.16.24-768x204.png 768w, https:\/\/medtest.stagingservers.net\/wp-content\/uploads\/2018\/11\/Ska\u0308rmavbild-2018-05-01-kl.-20.16.24-416x110.png 416w, https:\/\/medtest.stagingservers.net\/wp-content\/uploads\/2018\/11\/Ska\u0308rmavbild-2018-05-01-kl.-20.16.24-300x80.png 300w\" sizes=\"auto, (max-width: 996px) 100vw, 996px\" \/><\/p>\n<h4>Resultat<\/h4>\n<p><img loading=\"lazy\" decoding=\"async\" class=\"alignnone size-full wp-image-54499\" src=\"https:\/\/medtest.stagingservers.net\/wp-content\/uploads\/2018\/11\/BV-Resultat.png\" alt=\"\" width=\"857\" height=\"264\" srcset=\"https:\/\/medtest.stagingservers.net\/wp-content\/uploads\/2018\/11\/BV-Resultat.png 857w, https:\/\/medtest.stagingservers.net\/wp-content\/uploads\/2018\/11\/BV-Resultat-600x185.png 600w, https:\/\/medtest.stagingservers.net\/wp-content\/uploads\/2018\/11\/BV-Resultat-200x62.png 200w, https:\/\/medtest.stagingservers.net\/wp-content\/uploads\/2018\/11\/BV-Resultat-720x222.png 720w, https:\/\/medtest.stagingservers.net\/wp-content\/uploads\/2018\/11\/BV-Resultat-768x237.png 768w, https:\/\/medtest.stagingservers.net\/wp-content\/uploads\/2018\/11\/BV-Resultat-416x128.png 416w, https:\/\/medtest.stagingservers.net\/wp-content\/uploads\/2018\/11\/BV-Resultat-300x92.png 300w\" sizes=\"auto, (max-width: 857px) 100vw, 857px\" \/><\/p>\n<p>pH &#8211; Ett onormalt v\u00e4rde indikerar infektion av n\u00e5got slag H2O2 &#8211; Ett onormalt resultat indikerar p\u00e5 infektion. SA &#8211; Ett positivt resultat indikerar bakteriell vaginos. LE &#8211; Ett positivt resultat indikerar vaginal inflammation. CV &#8211; Ett positivt resultat indikerar p\u00e5 svampinfektion. TV- Ett positivt resultat indikerar p\u00e5 trichomonasinfektion.<\/p>\n<p>Analytisk k\u00e4nslighet<\/p>\n<p>H2O2: \u22652\u03bcmol\/L<br \/>\nSA: \u22657 units\/ml<br \/>\nLE: \u22659 units\/ml<br \/>\nCV: \u2265 1&#215;103 cfu\/ml<br \/>\nTV: \u22651&#215;103 cfu\/ml<\/p>\n<p>Testet \u00e4r CE godk\u00e4nt f\u00f6r proffessionellt bruk.<\/p>\n","protected":false},"excerpt":{"rendered":"<p>Bakteriell vaginos (Slidkatarr) test f\u00f6r kvinnor &#8211; 6 kombo kit.<br \/>\nTestet m\u00e4ter 6 parametrar:<br \/>\nLaktobaciller (H2O2)<br \/>\nBakteriell vaginos<br \/>\nVaginal inflammation<br \/>\nSvampinfektion (candida)<br \/>\nTrikomonasinfektion<br \/>\npH.<br \/>\n1. Laktobaciller (H2O2 )<br \/>\nHos friska kvinnor i fertil \u00e5lder bildar laktobaciller en n\u00e4stan kontinuerlig \u201dbiofilm\u201d i vagina. Laktobaciller producerar v\u00e4teperoxid, H2O2 , som \u00e4r giftigt (toxiskt) f\u00f6r olika bakterier och fungerar p\u00e5 s\u00e5 vis som ett f\u00f6rsvar.<br \/>\n2. Bakteriell vaginos (SA)<br \/>\nBakteriell vaginos \u00e4r en obalans i bakteriefloran i slidan.<br \/>\nSymtomen f\u00f6r bakteriell vaginos \u00e4r gr\u00e5gulaktiga, tunnflytande och ibland skummande flytningar med obehaglig lukt som ofta \u00e4r starkare vid mens. Men i vissa fall ger bakteriell vaginos inga symptom alls.<br \/>\n3. Vaginal inflammation (LE)<br \/>\nInfektion av bakterier eller svamp i underlivet kan ge vaginal inflammation. Symptomen kan vara flytningar, kl\u00e5da och sm\u00e4rta.<br \/>\nV\u00e5rat test m\u00e4ter n\u00e4rvaron av vita blodkroppar, leukocytesteras (LE), som \u00e4r f\u00f6rknippat med infektion.<br \/>\n4. Svampinfektion\/Candida (CV)<br \/>\nVaginal svampinfektion, \u00e4ven k\u00e4nd som candida vaginitis (CV), \u00e4r \u00f6verdriven tillv\u00e4xt av svamp i slidan som resulterar i irritation. Symtomen \u00e4r gr\u00e5gulaktiga, tunnflytande och ibland skummande flytningar med obehaglig lukt som ofta \u00e4r starkare vid mens.<br \/>\nSvamp\/candida behandlas med en receptfri kr\u00e4m som finns p\u00e5 apotek.<br \/>\n5. Trikomonasinfektion (TV)<br \/>\nTrichomonas vaginalis (TV) \u00e4r en parasit som kan orsaka en sexuellt \u00f6verf\u00f6rbar infektion. Parasiten finns hos infekterade kvinnor i slidan och smittar vid samlag och andra oskyddade sexuella kontakter. Cirka h\u00e4lften av kvinnor som smittas f\u00e5r symptom. Symptomen p\u00e5 infektion \u00e4r sveda\/kl\u00e5da i underlivet samt flytningar som kan vara gul-gr\u00f6na och ibland illaluktande.<br \/>\nTrikomonasinfektion m\u00e5ste du behandla med antibiotika<br \/>\n6. pH<br \/>\nVaginala laktobaciller bidrar till att etablera och bibeh\u00e5lla ett pH-v\u00e4rde som i flesta fall ligger mellan 3,8-4,0. Ett normalt pH-v\u00e4rde i underlivet motverkar att bakterier kan f\u00f6r\u00f6ka sig, vilket i sin tur minskar risken f\u00f6r infektioner.<br \/>\nInneh\u00e5ll<br \/>\nProvr\u00f6r<br \/>\nTestkasett<br \/>\nBomullstops<br \/>\nPipett<br \/>\nExtraktionsl\u00f6sning<br \/>\nReagensl\u00f6sning<br \/>\nInstruktion p\u00e5 svenska<br \/>\nAnalytisk k\u00e4nslighet<br \/>\nH2O2: \u22652\u03bcmol\/L<br \/>\nSA: \u22657 units\/ml<br \/>\nLE: \u22659 units\/ml<br \/>\nCV: \u2265 1&#215;103 cfu\/ml<br \/>\nTV: \u22651&#215;103 cfu\/ml<br \/>\nI lager 1-2 dagar<\/p>\n","protected":false},"featured_media":54863,"comment_status":"closed","ping_status":"closed","template":"","meta":{"_acf_changed":false,"footnotes":""},"product_brand":[],"product_cat":[753,744],"product_tag":[],"class_list":{"0":"post-54496","1":"product","2":"type-product","3":"status-publish","4":"has-post-thumbnail","6":"product_cat-bakteriell-vaginos","7":"product_cat-halsotester","9":"first","10":"instock","11":"taxable","12":"shipping-taxable","13":"purchasable","14":"product-type-simple"},"acf":[],"yoast_head":"<title>Slidkatarr paket - Medtest<\/title>\n<meta name=\"description\" content=\"Slidkatarr paket - Medtest\" \/>\n<meta name=\"robots\" content=\"noindex, follow, max-snippet:-1, max-image-preview:large, max-video-preview:-1\" \/>\n<meta property=\"og:locale\" content=\"sv_SE\" \/>\n<meta property=\"og:type\" content=\"article\" \/>\n<meta property=\"og:title\" content=\"Slidkatarr paket - Medtest\" \/>\n<meta property=\"og:description\" content=\"Slidkatarr paket - Medtest\" \/>\n<meta property=\"og:url\" content=\"https:\/\/medtest.stagingservers.net\/sv\/produkt\/bakteriell-vaginos-slidkatarr-test-for-kvinnor-6-kombo-kit\/\" \/>\n<meta property=\"og:site_name\" content=\"Medtest\" \/>\n<meta property=\"article:publisher\" content=\"https:\/\/www.facebook.com\/Medtest-1440779469392476\/\" \/>\n<meta property=\"article:modified_time\" content=\"2020-11-17T12:15:40+00:00\" \/>\n<meta property=\"og:image\" content=\"https:\/\/medtest.stagingservers.net\/wp-content\/uploads\/2018\/11\/BV-SE.jpg\" \/>\n\t<meta property=\"og:image:width\" content=\"2100\" \/>\n\t<meta property=\"og:image:height\" content=\"1400\" \/>\n\t<meta property=\"og:image:type\" content=\"image\/jpeg\" \/>\n<meta name=\"twitter:card\" content=\"summary_large_image\" \/>\n<script type=\"application\/ld+json\" class=\"yoast-schema-graph\">{\"@context\":\"https:\\\/\\\/schema.org\",\"@graph\":[{\"@type\":\"WebPage\",\"@id\":\"https:\\\/\\\/medtest.stagingservers.net\\\/sv\\\/produkt\\\/bakteriell-vaginos-slidkatarr-test-for-kvinnor-6-kombo-kit\\\/\",\"url\":\"https:\\\/\\\/medtest.stagingservers.net\\\/sv\\\/produkt\\\/bakteriell-vaginos-slidkatarr-test-for-kvinnor-6-kombo-kit\\\/\",\"name\":\"Slidkatarr paket - Medtest\",\"isPartOf\":{\"@id\":\"https:\\\/\\\/medtest.stagingservers.net\\\/sv\\\/#website\"},\"primaryImageOfPage\":{\"@id\":\"https:\\\/\\\/medtest.stagingservers.net\\\/sv\\\/produkt\\\/bakteriell-vaginos-slidkatarr-test-for-kvinnor-6-kombo-kit\\\/#primaryimage\"},\"image\":{\"@id\":\"https:\\\/\\\/medtest.stagingservers.net\\\/sv\\\/produkt\\\/bakteriell-vaginos-slidkatarr-test-for-kvinnor-6-kombo-kit\\\/#primaryimage\"},\"thumbnailUrl\":\"https:\\\/\\\/medtest.stagingservers.net\\\/wp-content\\\/uploads\\\/2018\\\/11\\\/BV-SE.jpg\",\"datePublished\":\"2018-11-28T14:22:04+00:00\",\"dateModified\":\"2020-11-17T12:15:40+00:00\",\"description\":\"Slidkatarr paket - Medtest\",\"breadcrumb\":{\"@id\":\"https:\\\/\\\/medtest.stagingservers.net\\\/sv\\\/produkt\\\/bakteriell-vaginos-slidkatarr-test-for-kvinnor-6-kombo-kit\\\/#breadcrumb\"},\"inLanguage\":\"sv-SE\",\"potentialAction\":[{\"@type\":\"ReadAction\",\"target\":[\"https:\\\/\\\/medtest.stagingservers.net\\\/sv\\\/produkt\\\/bakteriell-vaginos-slidkatarr-test-for-kvinnor-6-kombo-kit\\\/\"]}]},{\"@type\":\"ImageObject\",\"inLanguage\":\"sv-SE\",\"@id\":\"https:\\\/\\\/medtest.stagingservers.net\\\/sv\\\/produkt\\\/bakteriell-vaginos-slidkatarr-test-for-kvinnor-6-kombo-kit\\\/#primaryimage\",\"url\":\"https:\\\/\\\/medtest.stagingservers.net\\\/wp-content\\\/uploads\\\/2018\\\/11\\\/BV-SE.jpg\",\"contentUrl\":\"https:\\\/\\\/medtest.stagingservers.net\\\/wp-content\\\/uploads\\\/2018\\\/11\\\/BV-SE.jpg\",\"width\":2100,\"height\":1400,\"caption\":\"Bakteriell vaginos\"},{\"@type\":\"BreadcrumbList\",\"@id\":\"https:\\\/\\\/medtest.stagingservers.net\\\/sv\\\/produkt\\\/bakteriell-vaginos-slidkatarr-test-for-kvinnor-6-kombo-kit\\\/#breadcrumb\",\"itemListElement\":[{\"@type\":\"ListItem\",\"position\":1,\"name\":\"Home\",\"item\":\"https:\\\/\\\/medtest.stagingservers.net\\\/sv\\\/\"},{\"@type\":\"ListItem\",\"position\":2,\"name\":\"Shop\",\"item\":\"https:\\\/\\\/medtest.stagingservers.net\\\/home-shop\\\/\"},{\"@type\":\"ListItem\",\"position\":3,\"name\":\"Slidkatarr paket\"}]},{\"@type\":\"WebSite\",\"@id\":\"https:\\\/\\\/medtest.stagingservers.net\\\/sv\\\/#website\",\"url\":\"https:\\\/\\\/medtest.stagingservers.net\\\/sv\\\/\",\"name\":\"Medtest\",\"description\":\"\",\"publisher\":{\"@id\":\"https:\\\/\\\/medtest.stagingservers.net\\\/sv\\\/#organization\"},\"potentialAction\":[{\"@type\":\"SearchAction\",\"target\":{\"@type\":\"EntryPoint\",\"urlTemplate\":\"https:\\\/\\\/medtest.stagingservers.net\\\/sv\\\/?s={search_term_string}\"},\"query-input\":{\"@type\":\"PropertyValueSpecification\",\"valueRequired\":true,\"valueName\":\"search_term_string\"}}],\"inLanguage\":\"sv-SE\"},{\"@type\":\"Organization\",\"@id\":\"https:\\\/\\\/medtest.stagingservers.net\\\/sv\\\/#organization\",\"name\":\"Medtest\",\"url\":\"https:\\\/\\\/medtest.stagingservers.net\\\/sv\\\/\",\"logo\":{\"@type\":\"ImageObject\",\"inLanguage\":\"sv-SE\",\"@id\":\"https:\\\/\\\/medtest.stagingservers.net\\\/sv\\\/#\\\/schema\\\/logo\\\/image\\\/\",\"url\":\"https:\\\/\\\/medtest.stagingservers.net\\\/wp-content\\\/uploads\\\/2018\\\/11\\\/Original.png\",\"contentUrl\":\"https:\\\/\\\/medtest.stagingservers.net\\\/wp-content\\\/uploads\\\/2018\\\/11\\\/Original.png\",\"width\":1024,\"height\":1024,\"caption\":\"Medtest\"},\"image\":{\"@id\":\"https:\\\/\\\/medtest.stagingservers.net\\\/sv\\\/#\\\/schema\\\/logo\\\/image\\\/\"},\"sameAs\":[\"https:\\\/\\\/www.facebook.com\\\/Medtest-1440779469392476\\\/\"]}]}<\/script>","yoast_head_json":{"title":"Slidkatarr paket - Medtest","description":"Slidkatarr paket - Medtest","robots":{"index":"noindex","follow":"follow","max-snippet":"max-snippet:-1","max-image-preview":"max-image-preview:large","max-video-preview":"max-video-preview:-1"},"og_locale":"sv_SE","og_type":"article","og_title":"Slidkatarr paket - Medtest","og_description":"Slidkatarr paket - Medtest","og_url":"https:\/\/medtest.stagingservers.net\/sv\/produkt\/bakteriell-vaginos-slidkatarr-test-for-kvinnor-6-kombo-kit\/","og_site_name":"Medtest","article_publisher":"https:\/\/www.facebook.com\/Medtest-1440779469392476\/","article_modified_time":"2020-11-17T12:15:40+00:00","og_image":[{"width":2100,"height":1400,"url":"https:\/\/medtest.stagingservers.net\/wp-content\/uploads\/2018\/11\/BV-SE.jpg","type":"image\/jpeg"}],"twitter_card":"summary_large_image","schema":{"@context":"https:\/\/schema.org","@graph":[{"@type":"WebPage","@id":"https:\/\/medtest.stagingservers.net\/sv\/produkt\/bakteriell-vaginos-slidkatarr-test-for-kvinnor-6-kombo-kit\/","url":"https:\/\/medtest.stagingservers.net\/sv\/produkt\/bakteriell-vaginos-slidkatarr-test-for-kvinnor-6-kombo-kit\/","name":"Slidkatarr paket - Medtest","isPartOf":{"@id":"https:\/\/medtest.stagingservers.net\/sv\/#website"},"primaryImageOfPage":{"@id":"https:\/\/medtest.stagingservers.net\/sv\/produkt\/bakteriell-vaginos-slidkatarr-test-for-kvinnor-6-kombo-kit\/#primaryimage"},"image":{"@id":"https:\/\/medtest.stagingservers.net\/sv\/produkt\/bakteriell-vaginos-slidkatarr-test-for-kvinnor-6-kombo-kit\/#primaryimage"},"thumbnailUrl":"https:\/\/medtest.stagingservers.net\/wp-content\/uploads\/2018\/11\/BV-SE.jpg","datePublished":"2018-11-28T14:22:04+00:00","dateModified":"2020-11-17T12:15:40+00:00","description":"Slidkatarr paket - Medtest","breadcrumb":{"@id":"https:\/\/medtest.stagingservers.net\/sv\/produkt\/bakteriell-vaginos-slidkatarr-test-for-kvinnor-6-kombo-kit\/#breadcrumb"},"inLanguage":"sv-SE","potentialAction":[{"@type":"ReadAction","target":["https:\/\/medtest.stagingservers.net\/sv\/produkt\/bakteriell-vaginos-slidkatarr-test-for-kvinnor-6-kombo-kit\/"]}]},{"@type":"ImageObject","inLanguage":"sv-SE","@id":"https:\/\/medtest.stagingservers.net\/sv\/produkt\/bakteriell-vaginos-slidkatarr-test-for-kvinnor-6-kombo-kit\/#primaryimage","url":"https:\/\/medtest.stagingservers.net\/wp-content\/uploads\/2018\/11\/BV-SE.jpg","contentUrl":"https:\/\/medtest.stagingservers.net\/wp-content\/uploads\/2018\/11\/BV-SE.jpg","width":2100,"height":1400,"caption":"Bakteriell vaginos"},{"@type":"BreadcrumbList","@id":"https:\/\/medtest.stagingservers.net\/sv\/produkt\/bakteriell-vaginos-slidkatarr-test-for-kvinnor-6-kombo-kit\/#breadcrumb","itemListElement":[{"@type":"ListItem","position":1,"name":"Home","item":"https:\/\/medtest.stagingservers.net\/sv\/"},{"@type":"ListItem","position":2,"name":"Shop","item":"https:\/\/medtest.stagingservers.net\/home-shop\/"},{"@type":"ListItem","position":3,"name":"Slidkatarr paket"}]},{"@type":"WebSite","@id":"https:\/\/medtest.stagingservers.net\/sv\/#website","url":"https:\/\/medtest.stagingservers.net\/sv\/","name":"Medtest","description":"","publisher":{"@id":"https:\/\/medtest.stagingservers.net\/sv\/#organization"},"potentialAction":[{"@type":"SearchAction","target":{"@type":"EntryPoint","urlTemplate":"https:\/\/medtest.stagingservers.net\/sv\/?s={search_term_string}"},"query-input":{"@type":"PropertyValueSpecification","valueRequired":true,"valueName":"search_term_string"}}],"inLanguage":"sv-SE"},{"@type":"Organization","@id":"https:\/\/medtest.stagingservers.net\/sv\/#organization","name":"Medtest","url":"https:\/\/medtest.stagingservers.net\/sv\/","logo":{"@type":"ImageObject","inLanguage":"sv-SE","@id":"https:\/\/medtest.stagingservers.net\/sv\/#\/schema\/logo\/image\/","url":"https:\/\/medtest.stagingservers.net\/wp-content\/uploads\/2018\/11\/Original.png","contentUrl":"https:\/\/medtest.stagingservers.net\/wp-content\/uploads\/2018\/11\/Original.png","width":1024,"height":1024,"caption":"Medtest"},"image":{"@id":"https:\/\/medtest.stagingservers.net\/sv\/#\/schema\/logo\/image\/"},"sameAs":["https:\/\/www.facebook.com\/Medtest-1440779469392476\/"]}]}},"_links":{"self":[{"href":"https:\/\/medtest.stagingservers.net\/sv\/wp-json\/wp\/v2\/product\/54496","targetHints":{"allow":["GET"]}}],"collection":[{"href":"https:\/\/medtest.stagingservers.net\/sv\/wp-json\/wp\/v2\/product"}],"about":[{"href":"https:\/\/medtest.stagingservers.net\/sv\/wp-json\/wp\/v2\/types\/product"}],"replies":[{"embeddable":true,"href":"https:\/\/medtest.stagingservers.net\/sv\/wp-json\/wp\/v2\/comments?post=54496"}],"version-history":[{"count":1,"href":"https:\/\/medtest.stagingservers.net\/sv\/wp-json\/wp\/v2\/product\/54496\/revisions"}],"predecessor-version":[{"id":86916,"href":"https:\/\/medtest.stagingservers.net\/sv\/wp-json\/wp\/v2\/product\/54496\/revisions\/86916"}],"wp:featuredmedia":[{"embeddable":true,"href":"https:\/\/medtest.stagingservers.net\/sv\/wp-json\/wp\/v2\/media\/54863"}],"wp:attachment":[{"href":"https:\/\/medtest.stagingservers.net\/sv\/wp-json\/wp\/v2\/media?parent=54496"}],"wp:term":[{"taxonomy":"product_brand","embeddable":true,"href":"https:\/\/medtest.stagingservers.net\/sv\/wp-json\/wp\/v2\/product_brand?post=54496"},{"taxonomy":"product_cat","embeddable":true,"href":"https:\/\/medtest.stagingservers.net\/sv\/wp-json\/wp\/v2\/product_cat?post=54496"},{"taxonomy":"product_tag","embeddable":true,"href":"https:\/\/medtest.stagingservers.net\/sv\/wp-json\/wp\/v2\/product_tag?post=54496"}],"curies":[{"name":"wp","href":"https:\/\/api.w.org\/{rel}","templated":true}]}}