{"id":54500,"date":"2018-11-28T14:33:34","date_gmt":"2018-11-28T12:33:34","guid":{"rendered":"http:\/\/104.248.87.71\/?post_type=product&#038;p=54500"},"modified":"2020-10-08T15:59:34","modified_gmt":"2020-10-08T13:59:34","slug":"ph-kontroll-5-st","status":"publish","type":"product","link":"https:\/\/medtest.stagingservers.net\/sv\/produkt\/ph-kontroll-5-st\/","title":{"rendered":"pH kontroll 5 st"},"content":{"rendered":"<h2>pH kontroll 5 st<\/h2>\n<p>Vaginala laktobaciller bidrar till att etablera och bibeh\u00e5lla ett pH-v\u00e4rde som i flesta fall ligger mellan 3,8-4,0. Ett normalt pH-v\u00e4rde i underlivet motverkar att bakterier kan f\u00f6r\u00f6ka sig, vilket i sin tur minskar risken f\u00f6r infektioner. Om du misst\u00e4nker bakteriall vaginos eller upplever irritation i underlivet b\u00f6r du m\u00e4ta ditt pH v\u00e4rde. Testet g\u00f6rs snabbt och enkelt hemma. Resultatet avl\u00e4ses efter ca 2 minuter.<\/p>\n<p>Paketet inneh\u00e5ller en bipacksedel med bruksanvisning och f\u00e4rgkarta f\u00f6r utv\u00e4rdering av testresultatet, 5 st folief\u00f6rpackningar med vardera en teststicka och avfuktningsp\u00e5se. Testet \u00e4r precis detsamma som m\u00e5nga v\u00e5rdcentraler anv\u00e4nder. S\u00e5 h\u00e4r fungerar sj\u00e4lvtestet<\/p>\n<ol start=\"1\">\n<li class=\"mobile-undersized-upper\" data-index=\"681\" data-length=\"49\"><span class=\"mobile-undersized-upper\">\u00d6ppna folief\u00f6rpackningen och ta ut teststickan. <\/span><\/li>\n<li class=\"mobile-undersized-upper\" data-index=\"730\" data-length=\"48\"><span class=\"mobile-undersized-upper\">F\u00f6r in remsan i underlivet under tio sekunder. <\/span><\/li>\n<li class=\"mobile-undersized-upper\" data-index=\"778\" data-length=\"95\"><span class=\"mobile-undersized-upper\">L\u00e4s av resultatet efter cirka 2 minuter genom att j\u00e4mf\u00f6ra stickan p\u00e5 en medf\u00f6ljande f\u00e4rgskala.<\/span><\/li>\n<\/ol>\n","protected":false},"excerpt":{"rendered":"<p>5 st pH stickor<br \/>\nVaginala laktobaciller bidrar till att etablera och bibeh\u00e5lla ett pH-v\u00e4rde som i flesta fall ligger mellan 3,8-4,0. Ett normalt pH-v\u00e4rde i underlivet motverkar att bakterier kan f\u00f6r\u00f6ka sig, vilket i sin tur minskar risken f\u00f6r infektioner. Om du misst\u00e4nker bakteriall vaginos eller upplever irritation i underlivet b\u00f6r du m\u00e4ta ditt pH v\u00e4rde. Testet g\u00f6rs snabbt och enkelt hemma. Resultatet avl\u00e4ses efter ca 2 minuter.<br \/>\nPaketet inneh\u00e5ller en bipacksedel med bruksanvisning och f\u00e4rgkarta f\u00f6r utv\u00e4rdering av testresultatet, 5 st folief\u00f6rpackningar med vardera en teststicka och avfuktningsp\u00e5se.<br \/>\nS\u00e5 h\u00e4r fungerar sj\u00e4lvtestet<br \/>\n\u00d6ppna folief\u00f6rpackningen och ta ut teststickan.<br \/>\nF\u00f6r in remsan i underlivet under tio sekunder.<br \/>\nL\u00e4s av resultatet efter cirka 2 minuter genom att j\u00e4mf\u00f6ra stickan p\u00e5 en medf\u00f6ljande f\u00e4rgskala.<br \/>\nI LAGER 1-2 DAGAR<\/p>\n","protected":false},"featured_media":55303,"comment_status":"closed","ping_status":"closed","template":"","meta":{"_acf_changed":false,"footnotes":""},"product_brand":[],"product_cat":[744,1027],"product_tag":[],"class_list":{"0":"post-54500","1":"product","2":"type-product","3":"status-publish","4":"has-post-thumbnail","6":"product_cat-halsotester","7":"product_cat-ph-test","9":"first","10":"instock","11":"taxable","12":"shipping-taxable","13":"purchasable","14":"product-type-simple"},"acf":[],"yoast_head":"<title>pH kontroll 5 st - Medtest<\/title>\n<meta name=\"description\" content=\"Testa ditt pH-v\u00e4rde i underlivet. Ett normalt pH v\u00e4rde motverkar att bakterier kan f\u00f6r\u00f6ka sig, vilket i sin tur minskar risken f\u00f6r infektioner.\" \/>\n<meta name=\"robots\" content=\"noindex, follow, max-snippet:-1, max-image-preview:large, max-video-preview:-1\" \/>\n<meta property=\"og:locale\" content=\"sv_SE\" \/>\n<meta property=\"og:type\" content=\"article\" \/>\n<meta property=\"og:title\" content=\"pH kontroll 5 st - Medtest\" \/>\n<meta property=\"og:description\" content=\"Testa ditt pH-v\u00e4rde i underlivet. Ett normalt pH v\u00e4rde motverkar att bakterier kan f\u00f6r\u00f6ka sig, vilket i sin tur minskar risken f\u00f6r infektioner.\" \/>\n<meta property=\"og:url\" content=\"https:\/\/medtest.stagingservers.net\/sv\/produkt\/ph-kontroll-5-st\/\" \/>\n<meta property=\"og:site_name\" content=\"Medtest\" \/>\n<meta property=\"article:publisher\" content=\"https:\/\/www.facebook.com\/Medtest-1440779469392476\/\" \/>\n<meta property=\"article:modified_time\" content=\"2020-10-08T13:59:34+00:00\" \/>\n<meta property=\"og:image\" content=\"https:\/\/medtest.stagingservers.net\/wp-content\/uploads\/2018\/11\/PH-kontroll-SE.jpg\" \/>\n\t<meta property=\"og:image:width\" content=\"2100\" \/>\n\t<meta property=\"og:image:height\" content=\"1400\" \/>\n\t<meta property=\"og:image:type\" content=\"image\/jpeg\" \/>\n<meta name=\"twitter:card\" content=\"summary_large_image\" \/>\n<script type=\"application\/ld+json\" class=\"yoast-schema-graph\">{\"@context\":\"https:\\\/\\\/schema.org\",\"@graph\":[{\"@type\":\"WebPage\",\"@id\":\"https:\\\/\\\/medtest.stagingservers.net\\\/sv\\\/produkt\\\/ph-kontroll-5-st\\\/\",\"url\":\"https:\\\/\\\/medtest.stagingservers.net\\\/sv\\\/produkt\\\/ph-kontroll-5-st\\\/\",\"name\":\"pH kontroll 5 st - Medtest\",\"isPartOf\":{\"@id\":\"https:\\\/\\\/medtest.stagingservers.net\\\/sv\\\/#website\"},\"primaryImageOfPage\":{\"@id\":\"https:\\\/\\\/medtest.stagingservers.net\\\/sv\\\/produkt\\\/ph-kontroll-5-st\\\/#primaryimage\"},\"image\":{\"@id\":\"https:\\\/\\\/medtest.stagingservers.net\\\/sv\\\/produkt\\\/ph-kontroll-5-st\\\/#primaryimage\"},\"thumbnailUrl\":\"https:\\\/\\\/medtest.stagingservers.net\\\/wp-content\\\/uploads\\\/2018\\\/11\\\/PH-kontroll-SE.jpg\",\"datePublished\":\"2018-11-28T12:33:34+00:00\",\"dateModified\":\"2020-10-08T13:59:34+00:00\",\"description\":\"Testa ditt pH-v\u00e4rde i underlivet. Ett normalt pH v\u00e4rde motverkar att bakterier kan f\u00f6r\u00f6ka sig, vilket i sin tur minskar risken f\u00f6r infektioner.\",\"breadcrumb\":{\"@id\":\"https:\\\/\\\/medtest.stagingservers.net\\\/sv\\\/produkt\\\/ph-kontroll-5-st\\\/#breadcrumb\"},\"inLanguage\":\"sv-SE\",\"potentialAction\":[{\"@type\":\"ReadAction\",\"target\":[\"https:\\\/\\\/medtest.stagingservers.net\\\/sv\\\/produkt\\\/ph-kontroll-5-st\\\/\"]}]},{\"@type\":\"ImageObject\",\"inLanguage\":\"sv-SE\",\"@id\":\"https:\\\/\\\/medtest.stagingservers.net\\\/sv\\\/produkt\\\/ph-kontroll-5-st\\\/#primaryimage\",\"url\":\"https:\\\/\\\/medtest.stagingservers.net\\\/wp-content\\\/uploads\\\/2018\\\/11\\\/PH-kontroll-SE.jpg\",\"contentUrl\":\"https:\\\/\\\/medtest.stagingservers.net\\\/wp-content\\\/uploads\\\/2018\\\/11\\\/PH-kontroll-SE.jpg\",\"width\":2100,\"height\":1400},{\"@type\":\"BreadcrumbList\",\"@id\":\"https:\\\/\\\/medtest.stagingservers.net\\\/sv\\\/produkt\\\/ph-kontroll-5-st\\\/#breadcrumb\",\"itemListElement\":[{\"@type\":\"ListItem\",\"position\":1,\"name\":\"Home\",\"item\":\"https:\\\/\\\/medtest.stagingservers.net\\\/sv\\\/\"},{\"@type\":\"ListItem\",\"position\":2,\"name\":\"Shop\",\"item\":\"https:\\\/\\\/medtest.stagingservers.net\\\/home-shop\\\/\"},{\"@type\":\"ListItem\",\"position\":3,\"name\":\"pH kontroll 5 st\"}]},{\"@type\":\"WebSite\",\"@id\":\"https:\\\/\\\/medtest.stagingservers.net\\\/sv\\\/#website\",\"url\":\"https:\\\/\\\/medtest.stagingservers.net\\\/sv\\\/\",\"name\":\"Medtest\",\"description\":\"\",\"publisher\":{\"@id\":\"https:\\\/\\\/medtest.stagingservers.net\\\/sv\\\/#organization\"},\"potentialAction\":[{\"@type\":\"SearchAction\",\"target\":{\"@type\":\"EntryPoint\",\"urlTemplate\":\"https:\\\/\\\/medtest.stagingservers.net\\\/sv\\\/?s={search_term_string}\"},\"query-input\":{\"@type\":\"PropertyValueSpecification\",\"valueRequired\":true,\"valueName\":\"search_term_string\"}}],\"inLanguage\":\"sv-SE\"},{\"@type\":\"Organization\",\"@id\":\"https:\\\/\\\/medtest.stagingservers.net\\\/sv\\\/#organization\",\"name\":\"Medtest\",\"url\":\"https:\\\/\\\/medtest.stagingservers.net\\\/sv\\\/\",\"logo\":{\"@type\":\"ImageObject\",\"inLanguage\":\"sv-SE\",\"@id\":\"https:\\\/\\\/medtest.stagingservers.net\\\/sv\\\/#\\\/schema\\\/logo\\\/image\\\/\",\"url\":\"https:\\\/\\\/medtest.stagingservers.net\\\/wp-content\\\/uploads\\\/2018\\\/11\\\/Original.png\",\"contentUrl\":\"https:\\\/\\\/medtest.stagingservers.net\\\/wp-content\\\/uploads\\\/2018\\\/11\\\/Original.png\",\"width\":1024,\"height\":1024,\"caption\":\"Medtest\"},\"image\":{\"@id\":\"https:\\\/\\\/medtest.stagingservers.net\\\/sv\\\/#\\\/schema\\\/logo\\\/image\\\/\"},\"sameAs\":[\"https:\\\/\\\/www.facebook.com\\\/Medtest-1440779469392476\\\/\"]}]}<\/script>","yoast_head_json":{"title":"pH kontroll 5 st - Medtest","description":"Testa ditt pH-v\u00e4rde i underlivet. Ett normalt pH v\u00e4rde motverkar att bakterier kan f\u00f6r\u00f6ka sig, vilket i sin tur minskar risken f\u00f6r infektioner.","robots":{"index":"noindex","follow":"follow","max-snippet":"max-snippet:-1","max-image-preview":"max-image-preview:large","max-video-preview":"max-video-preview:-1"},"og_locale":"sv_SE","og_type":"article","og_title":"pH kontroll 5 st - Medtest","og_description":"Testa ditt pH-v\u00e4rde i underlivet. Ett normalt pH v\u00e4rde motverkar att bakterier kan f\u00f6r\u00f6ka sig, vilket i sin tur minskar risken f\u00f6r infektioner.","og_url":"https:\/\/medtest.stagingservers.net\/sv\/produkt\/ph-kontroll-5-st\/","og_site_name":"Medtest","article_publisher":"https:\/\/www.facebook.com\/Medtest-1440779469392476\/","article_modified_time":"2020-10-08T13:59:34+00:00","og_image":[{"width":2100,"height":1400,"url":"https:\/\/medtest.stagingservers.net\/wp-content\/uploads\/2018\/11\/PH-kontroll-SE.jpg","type":"image\/jpeg"}],"twitter_card":"summary_large_image","schema":{"@context":"https:\/\/schema.org","@graph":[{"@type":"WebPage","@id":"https:\/\/medtest.stagingservers.net\/sv\/produkt\/ph-kontroll-5-st\/","url":"https:\/\/medtest.stagingservers.net\/sv\/produkt\/ph-kontroll-5-st\/","name":"pH kontroll 5 st - Medtest","isPartOf":{"@id":"https:\/\/medtest.stagingservers.net\/sv\/#website"},"primaryImageOfPage":{"@id":"https:\/\/medtest.stagingservers.net\/sv\/produkt\/ph-kontroll-5-st\/#primaryimage"},"image":{"@id":"https:\/\/medtest.stagingservers.net\/sv\/produkt\/ph-kontroll-5-st\/#primaryimage"},"thumbnailUrl":"https:\/\/medtest.stagingservers.net\/wp-content\/uploads\/2018\/11\/PH-kontroll-SE.jpg","datePublished":"2018-11-28T12:33:34+00:00","dateModified":"2020-10-08T13:59:34+00:00","description":"Testa ditt pH-v\u00e4rde i underlivet. Ett normalt pH v\u00e4rde motverkar att bakterier kan f\u00f6r\u00f6ka sig, vilket i sin tur minskar risken f\u00f6r infektioner.","breadcrumb":{"@id":"https:\/\/medtest.stagingservers.net\/sv\/produkt\/ph-kontroll-5-st\/#breadcrumb"},"inLanguage":"sv-SE","potentialAction":[{"@type":"ReadAction","target":["https:\/\/medtest.stagingservers.net\/sv\/produkt\/ph-kontroll-5-st\/"]}]},{"@type":"ImageObject","inLanguage":"sv-SE","@id":"https:\/\/medtest.stagingservers.net\/sv\/produkt\/ph-kontroll-5-st\/#primaryimage","url":"https:\/\/medtest.stagingservers.net\/wp-content\/uploads\/2018\/11\/PH-kontroll-SE.jpg","contentUrl":"https:\/\/medtest.stagingservers.net\/wp-content\/uploads\/2018\/11\/PH-kontroll-SE.jpg","width":2100,"height":1400},{"@type":"BreadcrumbList","@id":"https:\/\/medtest.stagingservers.net\/sv\/produkt\/ph-kontroll-5-st\/#breadcrumb","itemListElement":[{"@type":"ListItem","position":1,"name":"Home","item":"https:\/\/medtest.stagingservers.net\/sv\/"},{"@type":"ListItem","position":2,"name":"Shop","item":"https:\/\/medtest.stagingservers.net\/home-shop\/"},{"@type":"ListItem","position":3,"name":"pH kontroll 5 st"}]},{"@type":"WebSite","@id":"https:\/\/medtest.stagingservers.net\/sv\/#website","url":"https:\/\/medtest.stagingservers.net\/sv\/","name":"Medtest","description":"","publisher":{"@id":"https:\/\/medtest.stagingservers.net\/sv\/#organization"},"potentialAction":[{"@type":"SearchAction","target":{"@type":"EntryPoint","urlTemplate":"https:\/\/medtest.stagingservers.net\/sv\/?s={search_term_string}"},"query-input":{"@type":"PropertyValueSpecification","valueRequired":true,"valueName":"search_term_string"}}],"inLanguage":"sv-SE"},{"@type":"Organization","@id":"https:\/\/medtest.stagingservers.net\/sv\/#organization","name":"Medtest","url":"https:\/\/medtest.stagingservers.net\/sv\/","logo":{"@type":"ImageObject","inLanguage":"sv-SE","@id":"https:\/\/medtest.stagingservers.net\/sv\/#\/schema\/logo\/image\/","url":"https:\/\/medtest.stagingservers.net\/wp-content\/uploads\/2018\/11\/Original.png","contentUrl":"https:\/\/medtest.stagingservers.net\/wp-content\/uploads\/2018\/11\/Original.png","width":1024,"height":1024,"caption":"Medtest"},"image":{"@id":"https:\/\/medtest.stagingservers.net\/sv\/#\/schema\/logo\/image\/"},"sameAs":["https:\/\/www.facebook.com\/Medtest-1440779469392476\/"]}]}},"_links":{"self":[{"href":"https:\/\/medtest.stagingservers.net\/sv\/wp-json\/wp\/v2\/product\/54500","targetHints":{"allow":["GET"]}}],"collection":[{"href":"https:\/\/medtest.stagingservers.net\/sv\/wp-json\/wp\/v2\/product"}],"about":[{"href":"https:\/\/medtest.stagingservers.net\/sv\/wp-json\/wp\/v2\/types\/product"}],"replies":[{"embeddable":true,"href":"https:\/\/medtest.stagingservers.net\/sv\/wp-json\/wp\/v2\/comments?post=54500"}],"version-history":[{"count":1,"href":"https:\/\/medtest.stagingservers.net\/sv\/wp-json\/wp\/v2\/product\/54500\/revisions"}],"predecessor-version":[{"id":86313,"href":"https:\/\/medtest.stagingservers.net\/sv\/wp-json\/wp\/v2\/product\/54500\/revisions\/86313"}],"wp:featuredmedia":[{"embeddable":true,"href":"https:\/\/medtest.stagingservers.net\/sv\/wp-json\/wp\/v2\/media\/55303"}],"wp:attachment":[{"href":"https:\/\/medtest.stagingservers.net\/sv\/wp-json\/wp\/v2\/media?parent=54500"}],"wp:term":[{"taxonomy":"product_brand","embeddable":true,"href":"https:\/\/medtest.stagingservers.net\/sv\/wp-json\/wp\/v2\/product_brand?post=54500"},{"taxonomy":"product_cat","embeddable":true,"href":"https:\/\/medtest.stagingservers.net\/sv\/wp-json\/wp\/v2\/product_cat?post=54500"},{"taxonomy":"product_tag","embeddable":true,"href":"https:\/\/medtest.stagingservers.net\/sv\/wp-json\/wp\/v2\/product_tag?post=54500"}],"curies":[{"name":"wp","href":"https:\/\/api.w.org\/{rel}","templated":true}]}}