{"id":54530,"date":"2018-11-30T14:00:45","date_gmt":"2018-11-30T14:00:45","guid":{"rendered":"http:\/\/104.248.87.71\/?post_type=product&#038;p=54530"},"modified":"2019-11-13T20:39:26","modified_gmt":"2019-11-13T18:39:26","slug":"halsfluss-test","status":"publish","type":"product","link":"https:\/\/medtest.stagingservers.net\/sv\/produkt\/halsfluss-test\/","title":{"rendered":"Halsfluss test"},"content":{"rendered":"<h2>Halsfluss test<\/h2>\n<p>Strep A snabbtest detekterar Streptokock A fr\u00e5n svalgprover f\u00f6r att underl\u00e4tta diagnos av grupp A streptokockinfektion (halsfluss). \u00c4r dina halsmandlar svullna och du har feber s\u00e5 ta reda p\u00e5 om svullnaden \u00e4r orsakad av bakterier. Skulle testet vara negativt s\u00e5 hj\u00e4lper inte antibiotika utan svullnaden \u00e4r d\u00e5 sannolikt orsakad av virus och din kropp kommer s\u00e5ledes sj\u00e4lvl\u00e4ka efter ett tag. Specificitet: 97%. Sensitivitet: 94%.<\/p>\n<div>\n<h5>Anv\u00e4ndarinstruktioner<\/h5>\n<p>L\u00e5t testenheten, reagens och svalgprovet n\u00e5 rumstemperatur (15-30 \u00b0C) f\u00f6re testning.<\/p>\n<h5><strong>G\u00f6r s\u00e5 h\u00e4r:<\/strong><\/h5>\n<\/div>\n<ol start=\"1\">\n<li data-index=\"119\" data-length=\"162\">\u00d6ppna foliep\u00e5sen med testkasetten (b\u00e4st resultat uppn\u00e5s om testet genomf\u00f6rs omedelbart efter \u00f6ppnandet av foliep\u00e5sen) och lyft av droppmunstycket fr\u00e5n provr\u00f6ret.<\/li>\n<li data-index=\"281\" data-length=\"55\">Tills\u00e4tt 4 fulla droppar av reagens A till provr\u00f6ret.<\/li>\n<li data-index=\"336\" data-length=\"55\">Tills\u00e4tt 4 fulla droppar av reagens B till provr\u00f6ret.<\/li>\n<li data-index=\"391\" data-length=\"74\">Blanda l\u00f6sningen av reagens A och B genom att f\u00f6rsiktigt skaka provr\u00f6ret.<\/li>\n<li data-index=\"465\" data-length=\"245\">Ta halspinnen ut f\u00f6rpackningen och r\u00f6r runt med bomullstoppen p\u00e5 de svullna toncillerna (halsmandlarna) i ett m\u00f6ster liknande en 8a. Se till att b\u00e5da toncillerna vidr\u00f6rs. Doppa d\u00e4refter omedelbart halspinnen till provr\u00f6ret med reagens A och B.<\/li>\n<li data-index=\"710\" data-length=\"65\">R\u00f6r runt pinnen 10 varv i r\u00f6ret. L\u00e4mna pinnen i r\u00f6ret i 1 minut.<\/li>\n<li data-index=\"775\" data-length=\"130\">Tryck sedan med fingrarna p\u00e5 bomullstoppen mot utsidan av r\u00f6ret och pressa botten av r\u00f6ret s\u00e5 pinnen dras tillbaka. Kasta pinnen.<\/li>\n<li data-index=\"905\" data-length=\"105\">S\u00e4tt tillbaka droppmunstycket p\u00e5 provr\u00f6ret och droppa l\u00f6sningen p\u00e5 testkasetten och starta tidtagningen.<\/li>\n<li data-index=\"1010\" data-length=\"69\">V\u00e4nta tills f\u00e4rgad linje visas och l\u00e4s av resultatet efter ca 5 min.<\/li>\n<\/ol>\n<p><img loading=\"lazy\" decoding=\"async\" class=\"size-full wp-image-54532 aligncenter\" src=\"https:\/\/medtest.stagingservers.net\/wp-content\/uploads\/2018\/11\/Procedure.png\" alt=\"\" width=\"874\" height=\"410\" srcset=\"https:\/\/medtest.stagingservers.net\/wp-content\/uploads\/2018\/11\/Procedure.png 874w, https:\/\/medtest.stagingservers.net\/wp-content\/uploads\/2018\/11\/Procedure-600x281.png 600w, https:\/\/medtest.stagingservers.net\/wp-content\/uploads\/2018\/11\/Procedure-200x94.png 200w, https:\/\/medtest.stagingservers.net\/wp-content\/uploads\/2018\/11\/Procedure-720x338.png 720w, https:\/\/medtest.stagingservers.net\/wp-content\/uploads\/2018\/11\/Procedure-768x360.png 768w, https:\/\/medtest.stagingservers.net\/wp-content\/uploads\/2018\/11\/Procedure-416x195.png 416w, https:\/\/medtest.stagingservers.net\/wp-content\/uploads\/2018\/11\/Procedure-300x141.png 300w\" sizes=\"auto, (max-width: 874px) 100vw, 874px\" \/><\/p>\n<div class=\"row\">\n<div class=\"extra\">\n<div class=\"component\">\n<div class=\"self mobile-leaf text textnormal mobile-undersized-upper\">\n<div>\n<h5><strong>Tolkning av resultat<\/strong><\/h5>\n<\/div>\n<\/div>\n<\/div>\n<\/div>\n<\/div>\n<div class=\"row\">\n<div class=\"col\">\n<div class=\"chrome-border-fix image component block idCAF7F30CDF364866A77CCE862453D59A\">\n<p><img loading=\"lazy\" decoding=\"async\" class=\"size-full wp-image-54477 alignleft\" src=\"https:\/\/medtest.stagingservers.net\/wp-content\/uploads\/2018\/11\/Test-resultat.png\" alt=\"\" width=\"351\" height=\"246\" srcset=\"https:\/\/medtest.stagingservers.net\/wp-content\/uploads\/2018\/11\/Test-resultat.png 351w, https:\/\/medtest.stagingservers.net\/wp-content\/uploads\/2018\/11\/Test-resultat-200x140.png 200w, https:\/\/medtest.stagingservers.net\/wp-content\/uploads\/2018\/11\/Test-resultat-300x210.png 300w\" sizes=\"auto, (max-width: 351px) 100vw, 351px\" \/><\/p>\n<div class=\"row\">\n<div class=\"extra\">\n<div class=\"component\">\n<div class=\"self mobile-leaf text textnormal mobile-undersized-upper\">Visas linjer vid C och T \u00e4r resultatet positivt f\u00f6r halsfluss. Visas linje vid endast C \u00e4r resultat negativt. Kontrollinjen (C) finns med p\u00e5 alla testkasetter och fungerar som en kvalitetskontroll som s\u00e4kerst\u00e4ller att testkasetten \u00e4r OK.<\/div>\n<\/div>\n<\/div>\n<\/div>\n<div class=\"row\">\n<div class=\"extra\">\n<div class=\"component\">\n<div class=\"self mobile-leaf text textnormal mobile-undersized-upper\">C = Control (Kontroll) T = Test S = Sample (Prov)<\/div>\n<\/div>\n<\/div>\n<\/div>\n<\/div>\n<\/div>\n<\/div>\n<h5><strong>Positivt utslag<\/strong><\/h5>\n<p><span class=\"mobile-undersized-upper\">Skulle testet vara positivt f\u00f6r halsfluss kan du exempelvis ta kontakt med en n\u00e4tdoktor. F\u00f6rdelen med att ha gjort ett strep A snabbtest hemma \u00e4r att doktorn kan st\u00e4lla r\u00e4tt diagnos och antibiotika skrivs inte ut i on\u00f6dan. Du slipper ta dig till en v\u00e5rdcentral och spendera on\u00f6dig v\u00e4ntetid, vilket ju s\u00e5 klart \u00e4r ett annat alternativ om du inte vill kontakta en doktor via n\u00e4tet.<\/span><\/p>\n<h5><\/h5>\n<h5><strong>Negativt utslag<\/strong><\/h5>\n<p><span class=\"mobile-undersized-upper\">Skulle testet d\u00e4remot vara negativt hj\u00e4lper inte antibiotikum, utan svullnaden \u00e4r d\u00e5 sannolikt orsakad av virus som kroppen sj\u00e4lv l\u00e4ker efter n\u00e5gra dagar. I detta fall kan du och\/eller ditt barn undvika att kontakta doktorn och undvika spendera on\u00f6dig tid p\u00e5 att ta er till en v\u00e5rdcentral med l\u00e5nga v\u00e4ntetider.<\/span> <span class=\"mobile-undersized-upper\">Har du eller ditt barns tillst\u00e5nd inte f\u00f6rb\u00e4ttrats efter 5 dagars sjukdom rekommenderar vi att man upps\u00f6ker v\u00e5rd oavsett.<\/span><\/p>\n<h5><strong>F\u00f6rvaring<\/strong><\/h5>\n<p>F\u00f6rvara testkasetten i den slutna f\u00f6rpackningen antingen vid rumstemperatur eller kyld (2-30 \u00b0 C). Testkassetten \u00e4r stabil t.o.m. utg\u00e5ngsdatum som anges p\u00e5 f\u00f6rpackningen. Provanordningen skall f\u00f6rbli i den f\u00f6rseglade p\u00e5sen fram till anv\u00e4ndning. F\u00e5r ej frysas.<\/p>\n","protected":false},"excerpt":{"rendered":"<p>Strep A snabbtest detekterar Streptokock A fr\u00e5n svalgprover f\u00f6r att underl\u00e4tta diagnos av grupp A streptokockinfektion (halsfluss). \u00c4r dina halsmandlar svullna och du har feber s\u00e5 ta reda p\u00e5 om svullnaden \u00e4r orsakad av bakterier. Skulle testet vara negativt s\u00e5 hj\u00e4lper inte antibiotika utan svullnaden \u00e4r d\u00e5 sannolikt orsakad av virus och din kropp kommer s\u00e5ledes sj\u00e4lvl\u00e4ka efter ett tag. Specificitet: 97%. Sensitivitet: 94%.<\/p>\n","protected":false},"featured_media":55297,"comment_status":"closed","ping_status":"closed","template":"","meta":{"_acf_changed":false,"footnotes":""},"product_brand":[],"product_cat":[754],"product_tag":[],"class_list":{"0":"post-54530","1":"product","2":"type-product","3":"status-publish","4":"has-post-thumbnail","6":"product_cat-halsfluss","8":"first","9":"instock","10":"taxable","11":"shipping-taxable","12":"purchasable","13":"product-type-variable"},"acf":[],"yoast_head":"<title>Halsfluss test - Medtest - Testa dig hemma i lugn och ro f\u00f6r halsfluss<\/title>\n<meta name=\"description\" content=\"Halsfluss test - Medtest G\u00f6r ett Halsfluss test genom att ta ett enkelt halsprov d\u00e4r hemma i lugn och ro. F\u00e5 svar direkt om du har streptokock A infektion\" \/>\n<meta name=\"robots\" content=\"noindex, follow, max-snippet:-1, max-image-preview:large, max-video-preview:-1\" \/>\n<meta property=\"og:locale\" content=\"sv_SE\" \/>\n<meta property=\"og:type\" content=\"article\" \/>\n<meta property=\"og:title\" content=\"Halsfluss test - Medtest - Testa dig hemma i lugn och ro f\u00f6r halsfluss\" \/>\n<meta property=\"og:description\" content=\"Halsfluss test - Medtest G\u00f6r ett Halsfluss test genom att ta ett enkelt halsprov d\u00e4r hemma i lugn och ro. F\u00e5 svar direkt om du har streptokock A infektion\" \/>\n<meta property=\"og:url\" content=\"https:\/\/medtest.stagingservers.net\/sv\/produkt\/halsfluss-test\/\" \/>\n<meta property=\"og:site_name\" content=\"Medtest\" \/>\n<meta property=\"article:publisher\" content=\"https:\/\/www.facebook.com\/Medtest-1440779469392476\/\" \/>\n<meta property=\"article:modified_time\" content=\"2019-11-13T18:39:26+00:00\" \/>\n<meta property=\"og:image\" content=\"https:\/\/medtest.stagingservers.net\/wp-content\/uploads\/2018\/11\/Halsfluss-Se.jpg\" \/>\n\t<meta property=\"og:image:width\" content=\"2100\" \/>\n\t<meta property=\"og:image:height\" content=\"1400\" \/>\n\t<meta property=\"og:image:type\" content=\"image\/jpeg\" \/>\n<meta name=\"twitter:card\" content=\"summary_large_image\" \/>\n<script type=\"application\/ld+json\" class=\"yoast-schema-graph\">{\"@context\":\"https:\\\/\\\/schema.org\",\"@graph\":[{\"@type\":\"WebPage\",\"@id\":\"https:\\\/\\\/medtest.stagingservers.net\\\/sv\\\/produkt\\\/halsfluss-test\\\/\",\"url\":\"https:\\\/\\\/medtest.stagingservers.net\\\/sv\\\/produkt\\\/halsfluss-test\\\/\",\"name\":\"Halsfluss test - Medtest - Testa dig hemma i lugn och ro f\u00f6r halsfluss\",\"isPartOf\":{\"@id\":\"https:\\\/\\\/medtest.stagingservers.net\\\/sv\\\/#website\"},\"primaryImageOfPage\":{\"@id\":\"https:\\\/\\\/medtest.stagingservers.net\\\/sv\\\/produkt\\\/halsfluss-test\\\/#primaryimage\"},\"image\":{\"@id\":\"https:\\\/\\\/medtest.stagingservers.net\\\/sv\\\/produkt\\\/halsfluss-test\\\/#primaryimage\"},\"thumbnailUrl\":\"https:\\\/\\\/medtest.stagingservers.net\\\/wp-content\\\/uploads\\\/2018\\\/11\\\/Halsfluss-Se.jpg\",\"datePublished\":\"2018-11-30T14:00:45+00:00\",\"dateModified\":\"2019-11-13T18:39:26+00:00\",\"description\":\"Halsfluss test - Medtest G\u00f6r ett Halsfluss test genom att ta ett enkelt halsprov d\u00e4r hemma i lugn och ro. F\u00e5 svar direkt om du har streptokock A infektion\",\"breadcrumb\":{\"@id\":\"https:\\\/\\\/medtest.stagingservers.net\\\/sv\\\/produkt\\\/halsfluss-test\\\/#breadcrumb\"},\"inLanguage\":\"sv-SE\",\"potentialAction\":[{\"@type\":\"ReadAction\",\"target\":[\"https:\\\/\\\/medtest.stagingservers.net\\\/sv\\\/produkt\\\/halsfluss-test\\\/\"]}]},{\"@type\":\"ImageObject\",\"inLanguage\":\"sv-SE\",\"@id\":\"https:\\\/\\\/medtest.stagingservers.net\\\/sv\\\/produkt\\\/halsfluss-test\\\/#primaryimage\",\"url\":\"https:\\\/\\\/medtest.stagingservers.net\\\/wp-content\\\/uploads\\\/2018\\\/11\\\/Halsfluss-Se.jpg\",\"contentUrl\":\"https:\\\/\\\/medtest.stagingservers.net\\\/wp-content\\\/uploads\\\/2018\\\/11\\\/Halsfluss-Se.jpg\",\"width\":2100,\"height\":1400,\"caption\":\"Test f\u00f6r halsfluss\"},{\"@type\":\"BreadcrumbList\",\"@id\":\"https:\\\/\\\/medtest.stagingservers.net\\\/sv\\\/produkt\\\/halsfluss-test\\\/#breadcrumb\",\"itemListElement\":[{\"@type\":\"ListItem\",\"position\":1,\"name\":\"Home\",\"item\":\"https:\\\/\\\/medtest.stagingservers.net\\\/sv\\\/\"},{\"@type\":\"ListItem\",\"position\":2,\"name\":\"Shop\",\"item\":\"https:\\\/\\\/medtest.stagingservers.net\\\/home-shop\\\/\"},{\"@type\":\"ListItem\",\"position\":3,\"name\":\"Halsfluss test\"}]},{\"@type\":\"WebSite\",\"@id\":\"https:\\\/\\\/medtest.stagingservers.net\\\/sv\\\/#website\",\"url\":\"https:\\\/\\\/medtest.stagingservers.net\\\/sv\\\/\",\"name\":\"Medtest\",\"description\":\"\",\"publisher\":{\"@id\":\"https:\\\/\\\/medtest.stagingservers.net\\\/sv\\\/#organization\"},\"potentialAction\":[{\"@type\":\"SearchAction\",\"target\":{\"@type\":\"EntryPoint\",\"urlTemplate\":\"https:\\\/\\\/medtest.stagingservers.net\\\/sv\\\/?s={search_term_string}\"},\"query-input\":{\"@type\":\"PropertyValueSpecification\",\"valueRequired\":true,\"valueName\":\"search_term_string\"}}],\"inLanguage\":\"sv-SE\"},{\"@type\":\"Organization\",\"@id\":\"https:\\\/\\\/medtest.stagingservers.net\\\/sv\\\/#organization\",\"name\":\"Medtest\",\"url\":\"https:\\\/\\\/medtest.stagingservers.net\\\/sv\\\/\",\"logo\":{\"@type\":\"ImageObject\",\"inLanguage\":\"sv-SE\",\"@id\":\"https:\\\/\\\/medtest.stagingservers.net\\\/sv\\\/#\\\/schema\\\/logo\\\/image\\\/\",\"url\":\"https:\\\/\\\/medtest.stagingservers.net\\\/wp-content\\\/uploads\\\/2018\\\/11\\\/Original.png\",\"contentUrl\":\"https:\\\/\\\/medtest.stagingservers.net\\\/wp-content\\\/uploads\\\/2018\\\/11\\\/Original.png\",\"width\":1024,\"height\":1024,\"caption\":\"Medtest\"},\"image\":{\"@id\":\"https:\\\/\\\/medtest.stagingservers.net\\\/sv\\\/#\\\/schema\\\/logo\\\/image\\\/\"},\"sameAs\":[\"https:\\\/\\\/www.facebook.com\\\/Medtest-1440779469392476\\\/\"]}]}<\/script>","yoast_head_json":{"title":"Halsfluss test - Medtest - Testa dig hemma i lugn och ro f\u00f6r halsfluss","description":"Halsfluss test - Medtest G\u00f6r ett Halsfluss test genom att ta ett enkelt halsprov d\u00e4r hemma i lugn och ro. F\u00e5 svar direkt om du har streptokock A infektion","robots":{"index":"noindex","follow":"follow","max-snippet":"max-snippet:-1","max-image-preview":"max-image-preview:large","max-video-preview":"max-video-preview:-1"},"og_locale":"sv_SE","og_type":"article","og_title":"Halsfluss test - Medtest - Testa dig hemma i lugn och ro f\u00f6r halsfluss","og_description":"Halsfluss test - Medtest G\u00f6r ett Halsfluss test genom att ta ett enkelt halsprov d\u00e4r hemma i lugn och ro. F\u00e5 svar direkt om du har streptokock A infektion","og_url":"https:\/\/medtest.stagingservers.net\/sv\/produkt\/halsfluss-test\/","og_site_name":"Medtest","article_publisher":"https:\/\/www.facebook.com\/Medtest-1440779469392476\/","article_modified_time":"2019-11-13T18:39:26+00:00","og_image":[{"width":2100,"height":1400,"url":"https:\/\/medtest.stagingservers.net\/wp-content\/uploads\/2018\/11\/Halsfluss-Se.jpg","type":"image\/jpeg"}],"twitter_card":"summary_large_image","schema":{"@context":"https:\/\/schema.org","@graph":[{"@type":"WebPage","@id":"https:\/\/medtest.stagingservers.net\/sv\/produkt\/halsfluss-test\/","url":"https:\/\/medtest.stagingservers.net\/sv\/produkt\/halsfluss-test\/","name":"Halsfluss test - Medtest - Testa dig hemma i lugn och ro f\u00f6r halsfluss","isPartOf":{"@id":"https:\/\/medtest.stagingservers.net\/sv\/#website"},"primaryImageOfPage":{"@id":"https:\/\/medtest.stagingservers.net\/sv\/produkt\/halsfluss-test\/#primaryimage"},"image":{"@id":"https:\/\/medtest.stagingservers.net\/sv\/produkt\/halsfluss-test\/#primaryimage"},"thumbnailUrl":"https:\/\/medtest.stagingservers.net\/wp-content\/uploads\/2018\/11\/Halsfluss-Se.jpg","datePublished":"2018-11-30T14:00:45+00:00","dateModified":"2019-11-13T18:39:26+00:00","description":"Halsfluss test - Medtest G\u00f6r ett Halsfluss test genom att ta ett enkelt halsprov d\u00e4r hemma i lugn och ro. F\u00e5 svar direkt om du har streptokock A infektion","breadcrumb":{"@id":"https:\/\/medtest.stagingservers.net\/sv\/produkt\/halsfluss-test\/#breadcrumb"},"inLanguage":"sv-SE","potentialAction":[{"@type":"ReadAction","target":["https:\/\/medtest.stagingservers.net\/sv\/produkt\/halsfluss-test\/"]}]},{"@type":"ImageObject","inLanguage":"sv-SE","@id":"https:\/\/medtest.stagingservers.net\/sv\/produkt\/halsfluss-test\/#primaryimage","url":"https:\/\/medtest.stagingservers.net\/wp-content\/uploads\/2018\/11\/Halsfluss-Se.jpg","contentUrl":"https:\/\/medtest.stagingservers.net\/wp-content\/uploads\/2018\/11\/Halsfluss-Se.jpg","width":2100,"height":1400,"caption":"Test f\u00f6r halsfluss"},{"@type":"BreadcrumbList","@id":"https:\/\/medtest.stagingservers.net\/sv\/produkt\/halsfluss-test\/#breadcrumb","itemListElement":[{"@type":"ListItem","position":1,"name":"Home","item":"https:\/\/medtest.stagingservers.net\/sv\/"},{"@type":"ListItem","position":2,"name":"Shop","item":"https:\/\/medtest.stagingservers.net\/home-shop\/"},{"@type":"ListItem","position":3,"name":"Halsfluss test"}]},{"@type":"WebSite","@id":"https:\/\/medtest.stagingservers.net\/sv\/#website","url":"https:\/\/medtest.stagingservers.net\/sv\/","name":"Medtest","description":"","publisher":{"@id":"https:\/\/medtest.stagingservers.net\/sv\/#organization"},"potentialAction":[{"@type":"SearchAction","target":{"@type":"EntryPoint","urlTemplate":"https:\/\/medtest.stagingservers.net\/sv\/?s={search_term_string}"},"query-input":{"@type":"PropertyValueSpecification","valueRequired":true,"valueName":"search_term_string"}}],"inLanguage":"sv-SE"},{"@type":"Organization","@id":"https:\/\/medtest.stagingservers.net\/sv\/#organization","name":"Medtest","url":"https:\/\/medtest.stagingservers.net\/sv\/","logo":{"@type":"ImageObject","inLanguage":"sv-SE","@id":"https:\/\/medtest.stagingservers.net\/sv\/#\/schema\/logo\/image\/","url":"https:\/\/medtest.stagingservers.net\/wp-content\/uploads\/2018\/11\/Original.png","contentUrl":"https:\/\/medtest.stagingservers.net\/wp-content\/uploads\/2018\/11\/Original.png","width":1024,"height":1024,"caption":"Medtest"},"image":{"@id":"https:\/\/medtest.stagingservers.net\/sv\/#\/schema\/logo\/image\/"},"sameAs":["https:\/\/www.facebook.com\/Medtest-1440779469392476\/"]}]}},"_links":{"self":[{"href":"https:\/\/medtest.stagingservers.net\/sv\/wp-json\/wp\/v2\/product\/54530","targetHints":{"allow":["GET"]}}],"collection":[{"href":"https:\/\/medtest.stagingservers.net\/sv\/wp-json\/wp\/v2\/product"}],"about":[{"href":"https:\/\/medtest.stagingservers.net\/sv\/wp-json\/wp\/v2\/types\/product"}],"replies":[{"embeddable":true,"href":"https:\/\/medtest.stagingservers.net\/sv\/wp-json\/wp\/v2\/comments?post=54530"}],"version-history":[{"count":0,"href":"https:\/\/medtest.stagingservers.net\/sv\/wp-json\/wp\/v2\/product\/54530\/revisions"}],"wp:featuredmedia":[{"embeddable":true,"href":"https:\/\/medtest.stagingservers.net\/sv\/wp-json\/wp\/v2\/media\/55297"}],"wp:attachment":[{"href":"https:\/\/medtest.stagingservers.net\/sv\/wp-json\/wp\/v2\/media?parent=54530"}],"wp:term":[{"taxonomy":"product_brand","embeddable":true,"href":"https:\/\/medtest.stagingservers.net\/sv\/wp-json\/wp\/v2\/product_brand?post=54530"},{"taxonomy":"product_cat","embeddable":true,"href":"https:\/\/medtest.stagingservers.net\/sv\/wp-json\/wp\/v2\/product_cat?post=54530"},{"taxonomy":"product_tag","embeddable":true,"href":"https:\/\/medtest.stagingservers.net\/sv\/wp-json\/wp\/v2\/product_tag?post=54530"}],"curies":[{"name":"wp","href":"https:\/\/api.w.org\/{rel}","templated":true}]}}