{"id":54533,"date":"2018-11-30T14:21:27","date_gmt":"2018-11-30T12:21:27","guid":{"rendered":"http:\/\/104.248.87.71\/?post_type=product&#038;p=54533"},"modified":"2020-11-24T12:36:09","modified_gmt":"2020-11-24T10:36:09","slug":"agglossningstest-sticka-2","status":"publish","type":"product","link":"https:\/\/medtest.stagingservers.net\/sv\/produkt\/agglossningstest-sticka-2\/","title":{"rendered":"\u00c4gglossningstest STICKA"},"content":{"rendered":"<h2>\u00c4gglossningstest &#8211; Sticka<\/h2>\n<p>\u00c4gglossning \u00e4r den process som leder till fris\u00e4ttning av ett eller flera \u00e4gg fr\u00e5n din \u00e4ggstock. Varje m\u00e5nad mognar mellan tre och 30 \u00e4gg inom en av dina \u00e4ggstockar. Den st\u00f6rsta pressas ut i b\u00e4ckenh\u00e5lan och sveps in i \u00e4ggledaren. Ditt \u00e4gg \u00f6verlever bara mellan 12 timmar och 24 timmar om det inte \u00e4r befruktat. Det finns allts\u00e5 bara ett litet f\u00f6nster varje m\u00e5nad under vilken du kan bli gravid, normalt inte l\u00e4ngre \u00e4n ungef\u00e4r sex dagar.<\/p>\n<p>Detta snabbtest \u00e4r avsett f\u00f6r att best\u00e4mma dina fertila dagar s\u00e5 att du kan maximera dina insatser n\u00e4r du f\u00f6rs\u00f6ker bli gravid. \u00c4gglossningstestet uppt\u00e4cker en \u00f6kning i luteiniserande hormonet (LH), vilket intr\u00e4ffar en dag eller tv\u00e5 f\u00f6re \u00e4gglossningen. Detta \u00e4r till hj\u00e4lp n\u00e4r du best\u00e4mmer den b\u00e4sta tiden att ha samlag.<\/p>\n<p>Varje f\u00f6rpackning inneh\u00e5ller en styck teststicka som \u00e4r f\u00f6rpackad i en fuktabsorberande folief\u00f6rpackning och innehar CE-m\u00e4rkning enligt IVD-direktivet. Graviditetsstickan \u00e4r enbart f\u00f6r eng\u00e5ngsbruk.<\/p>\n<h4>Material:<\/h4>\n<p>Papp<\/p>\n<p>Storlek: ca. 10 x 0,5 cm<\/p>\n<h4>Anv\u00e4ndarinstruktioner \u00c4gglossningstestet \u00e4r till f\u00f6r anv\u00e4ndning av f\u00e4rska urinprover<\/h4>\n<ul>\n<li>\u00d6ppna foliep\u00e5sen och ta ut produkten.<\/li>\n<li>Doppa stickans \u00e4nde i en beh\u00e5llare med urin i 3 sekunder. Doppa inte stickan f\u00f6rbi markeringslinjen (MAX).<\/li>\n<li>I nom 30 sekunder f\u00e5r du ett provsvar.<\/li>\n<li>Kasta stickan i soptunnan efter anv\u00e4ndning.<\/li>\n<\/ul>\n<div class=\"extra float\">\n<div class=\"component\">\n<div class=\"self mobile-leaf text textnormal mobile-undersized-upper\">\n<div><\/div>\n<h4>Tolkning av resultat<\/h4>\n<\/div>\n<\/div>\n<\/div>\n<div class=\"extra\">\n<div><\/div>\n<\/div>\n<p><strong><img loading=\"lazy\" decoding=\"async\" class=\"size-full wp-image-71830 alignleft\" src=\"https:\/\/medtest.stagingservers.net\/wp-content\/uploads\/2019\/08\/Ska-rmavbild-2018-03-13-kl.-23.39.28.png\" alt=\"\" width=\"400\" height=\"232\" \/>Negativ<\/strong>: Om endast en rosa linje visas i kontrollomr\u00e5det kan du anta att du inte har \u00e4gglossning.<\/p>\n<p><strong>Positiv<\/strong>: Om tv\u00e5 rosa linjer visas b\u00e5de i kontrollomr\u00e5det och testomr\u00e5det, kan du anta att du har \u00e4gglossning.<\/p>\n<p><strong>Ogiltigt<\/strong>: Om det inte finns n\u00e5got tydligt rosa-lila f\u00e4rgband synligt b\u00e5de i omr\u00e5det TEST och CONTROL \u00e4r testet ogiltigt. Det rekommenderas att testet i detta fall upprepas.<\/p>\n<div class=\"row\">\n<div class=\"extra\">\n<div class=\"component\">\n<div class=\"self mobile-leaf text textnormal mobile-undersized-upper\">\n<div><strong>F\u00f6rvaring<\/strong> F\u00f6rvara testet i den slutna f\u00f6rpackningen antingen vid rumstemperatur eller kyld (2-30 \u00b0 C). Produkten \u00e4r stabil t.o.m. utg\u00e5ngsdatum som anges p\u00e5 f\u00f6rpackningen och skall f\u00f6rbli i den f\u00f6rseglade p\u00e5sen fram till anv\u00e4ndning. F\u00e5r ej frysas.<\/div>\n<\/div>\n<\/div>\n<\/div>\n<\/div>\n","protected":false},"excerpt":{"rendered":"<p>Ett billigt och s\u00e4kert CE m\u00e4rkt \u00e4gglossningstest med snabbt svar. Samla upp urin i en beh\u00e5llare. Doppa d\u00e4refter stickan och l\u00e4s av svaret. Efter 30 sekunder f\u00e5s testresultatet.<\/p>\n","protected":false},"featured_media":54534,"comment_status":"closed","ping_status":"closed","template":"","meta":{"_acf_changed":false,"footnotes":""},"product_brand":[],"product_cat":[742],"product_tag":[],"class_list":{"0":"post-54533","1":"product","2":"type-product","3":"status-publish","4":"has-post-thumbnail","6":"product_cat-agglossningstest","8":"first","9":"instock","10":"taxable","11":"shipping-taxable","12":"purchasable","13":"product-type-variable","14":"has-default-attributes"},"acf":[],"yoast_head":"<title>\u00c4gglossningstest STICKA - Testa dig snabbt hemma - \u00e4gglossningstest<\/title>\n<meta name=\"description\" content=\"\u00c4gglossningstest STICKA - Medtest Doppa stickan i urin och l\u00e4s av svaret efter 30 sek. Snabbt och enkelt hemtest. CE m\u00e4rkt.\" \/>\n<meta name=\"robots\" content=\"noindex, follow, max-snippet:-1, max-image-preview:large, max-video-preview:-1\" \/>\n<meta property=\"og:locale\" content=\"sv_SE\" \/>\n<meta property=\"og:type\" content=\"article\" \/>\n<meta property=\"og:title\" content=\"\u00c4gglossningstest STICKA - Testa dig snabbt hemma - \u00e4gglossningstest\" \/>\n<meta property=\"og:description\" content=\"\u00c4gglossningstest STICKA - Medtest Doppa stickan i urin och l\u00e4s av svaret efter 30 sek. Snabbt och enkelt hemtest. CE m\u00e4rkt.\" \/>\n<meta property=\"og:url\" content=\"https:\/\/medtest.stagingservers.net\/sv\/produkt\/agglossningstest-sticka-2\/\" \/>\n<meta property=\"og:site_name\" content=\"Medtest\" \/>\n<meta property=\"article:publisher\" content=\"https:\/\/www.facebook.com\/Medtest-1440779469392476\/\" \/>\n<meta property=\"article:modified_time\" content=\"2020-11-24T10:36:09+00:00\" \/>\n<meta property=\"og:image\" content=\"https:\/\/medtest.stagingservers.net\/wp-content\/uploads\/2018\/11\/A\u0308gg-444-1524388875980.png\" \/>\n\t<meta property=\"og:image:width\" content=\"800\" \/>\n\t<meta property=\"og:image:height\" content=\"800\" \/>\n\t<meta property=\"og:image:type\" content=\"image\/png\" \/>\n<meta name=\"twitter:card\" content=\"summary_large_image\" \/>\n<script type=\"application\/ld+json\" class=\"yoast-schema-graph\">{\"@context\":\"https:\\\/\\\/schema.org\",\"@graph\":[{\"@type\":\"WebPage\",\"@id\":\"https:\\\/\\\/medtest.stagingservers.net\\\/sv\\\/produkt\\\/agglossningstest-sticka-2\\\/\",\"url\":\"https:\\\/\\\/medtest.stagingservers.net\\\/sv\\\/produkt\\\/agglossningstest-sticka-2\\\/\",\"name\":\"\u00c4gglossningstest STICKA - Testa dig snabbt hemma - \u00e4gglossningstest\",\"isPartOf\":{\"@id\":\"https:\\\/\\\/medtest.stagingservers.net\\\/sv\\\/#website\"},\"primaryImageOfPage\":{\"@id\":\"https:\\\/\\\/medtest.stagingservers.net\\\/sv\\\/produkt\\\/agglossningstest-sticka-2\\\/#primaryimage\"},\"image\":{\"@id\":\"https:\\\/\\\/medtest.stagingservers.net\\\/sv\\\/produkt\\\/agglossningstest-sticka-2\\\/#primaryimage\"},\"thumbnailUrl\":\"https:\\\/\\\/medtest.stagingservers.net\\\/wp-content\\\/uploads\\\/2018\\\/11\\\/A\u0308gg-444-1524388875980.png\",\"datePublished\":\"2018-11-30T12:21:27+00:00\",\"dateModified\":\"2020-11-24T10:36:09+00:00\",\"description\":\"\u00c4gglossningstest STICKA - Medtest Doppa stickan i urin och l\u00e4s av svaret efter 30 sek. Snabbt och enkelt hemtest. CE m\u00e4rkt.\",\"breadcrumb\":{\"@id\":\"https:\\\/\\\/medtest.stagingservers.net\\\/sv\\\/produkt\\\/agglossningstest-sticka-2\\\/#breadcrumb\"},\"inLanguage\":\"sv-SE\",\"potentialAction\":[{\"@type\":\"ReadAction\",\"target\":[\"https:\\\/\\\/medtest.stagingservers.net\\\/sv\\\/produkt\\\/agglossningstest-sticka-2\\\/\"]}]},{\"@type\":\"ImageObject\",\"inLanguage\":\"sv-SE\",\"@id\":\"https:\\\/\\\/medtest.stagingservers.net\\\/sv\\\/produkt\\\/agglossningstest-sticka-2\\\/#primaryimage\",\"url\":\"https:\\\/\\\/medtest.stagingservers.net\\\/wp-content\\\/uploads\\\/2018\\\/11\\\/A\u0308gg-444-1524388875980.png\",\"contentUrl\":\"https:\\\/\\\/medtest.stagingservers.net\\\/wp-content\\\/uploads\\\/2018\\\/11\\\/A\u0308gg-444-1524388875980.png\",\"width\":800,\"height\":800},{\"@type\":\"BreadcrumbList\",\"@id\":\"https:\\\/\\\/medtest.stagingservers.net\\\/sv\\\/produkt\\\/agglossningstest-sticka-2\\\/#breadcrumb\",\"itemListElement\":[{\"@type\":\"ListItem\",\"position\":1,\"name\":\"Home\",\"item\":\"https:\\\/\\\/medtest.stagingservers.net\\\/sv\\\/\"},{\"@type\":\"ListItem\",\"position\":2,\"name\":\"Shop\",\"item\":\"https:\\\/\\\/medtest.stagingservers.net\\\/home-shop\\\/\"},{\"@type\":\"ListItem\",\"position\":3,\"name\":\"\u00c4gglossningstest STICKA\"}]},{\"@type\":\"WebSite\",\"@id\":\"https:\\\/\\\/medtest.stagingservers.net\\\/sv\\\/#website\",\"url\":\"https:\\\/\\\/medtest.stagingservers.net\\\/sv\\\/\",\"name\":\"Medtest\",\"description\":\"\",\"publisher\":{\"@id\":\"https:\\\/\\\/medtest.stagingservers.net\\\/sv\\\/#organization\"},\"potentialAction\":[{\"@type\":\"SearchAction\",\"target\":{\"@type\":\"EntryPoint\",\"urlTemplate\":\"https:\\\/\\\/medtest.stagingservers.net\\\/sv\\\/?s={search_term_string}\"},\"query-input\":{\"@type\":\"PropertyValueSpecification\",\"valueRequired\":true,\"valueName\":\"search_term_string\"}}],\"inLanguage\":\"sv-SE\"},{\"@type\":\"Organization\",\"@id\":\"https:\\\/\\\/medtest.stagingservers.net\\\/sv\\\/#organization\",\"name\":\"Medtest\",\"url\":\"https:\\\/\\\/medtest.stagingservers.net\\\/sv\\\/\",\"logo\":{\"@type\":\"ImageObject\",\"inLanguage\":\"sv-SE\",\"@id\":\"https:\\\/\\\/medtest.stagingservers.net\\\/sv\\\/#\\\/schema\\\/logo\\\/image\\\/\",\"url\":\"https:\\\/\\\/medtest.stagingservers.net\\\/wp-content\\\/uploads\\\/2018\\\/11\\\/Original.png\",\"contentUrl\":\"https:\\\/\\\/medtest.stagingservers.net\\\/wp-content\\\/uploads\\\/2018\\\/11\\\/Original.png\",\"width\":1024,\"height\":1024,\"caption\":\"Medtest\"},\"image\":{\"@id\":\"https:\\\/\\\/medtest.stagingservers.net\\\/sv\\\/#\\\/schema\\\/logo\\\/image\\\/\"},\"sameAs\":[\"https:\\\/\\\/www.facebook.com\\\/Medtest-1440779469392476\\\/\"]}]}<\/script>","yoast_head_json":{"title":"\u00c4gglossningstest STICKA - Testa dig snabbt hemma - \u00e4gglossningstest","description":"\u00c4gglossningstest STICKA - Medtest Doppa stickan i urin och l\u00e4s av svaret efter 30 sek. Snabbt och enkelt hemtest. CE m\u00e4rkt.","robots":{"index":"noindex","follow":"follow","max-snippet":"max-snippet:-1","max-image-preview":"max-image-preview:large","max-video-preview":"max-video-preview:-1"},"og_locale":"sv_SE","og_type":"article","og_title":"\u00c4gglossningstest STICKA - Testa dig snabbt hemma - \u00e4gglossningstest","og_description":"\u00c4gglossningstest STICKA - Medtest Doppa stickan i urin och l\u00e4s av svaret efter 30 sek. Snabbt och enkelt hemtest. CE m\u00e4rkt.","og_url":"https:\/\/medtest.stagingservers.net\/sv\/produkt\/agglossningstest-sticka-2\/","og_site_name":"Medtest","article_publisher":"https:\/\/www.facebook.com\/Medtest-1440779469392476\/","article_modified_time":"2020-11-24T10:36:09+00:00","og_image":[{"width":800,"height":800,"url":"https:\/\/medtest.stagingservers.net\/wp-content\/uploads\/2018\/11\/A\u0308gg-444-1524388875980.png","type":"image\/png"}],"twitter_card":"summary_large_image","schema":{"@context":"https:\/\/schema.org","@graph":[{"@type":"WebPage","@id":"https:\/\/medtest.stagingservers.net\/sv\/produkt\/agglossningstest-sticka-2\/","url":"https:\/\/medtest.stagingservers.net\/sv\/produkt\/agglossningstest-sticka-2\/","name":"\u00c4gglossningstest STICKA - Testa dig snabbt hemma - \u00e4gglossningstest","isPartOf":{"@id":"https:\/\/medtest.stagingservers.net\/sv\/#website"},"primaryImageOfPage":{"@id":"https:\/\/medtest.stagingservers.net\/sv\/produkt\/agglossningstest-sticka-2\/#primaryimage"},"image":{"@id":"https:\/\/medtest.stagingservers.net\/sv\/produkt\/agglossningstest-sticka-2\/#primaryimage"},"thumbnailUrl":"https:\/\/medtest.stagingservers.net\/wp-content\/uploads\/2018\/11\/A\u0308gg-444-1524388875980.png","datePublished":"2018-11-30T12:21:27+00:00","dateModified":"2020-11-24T10:36:09+00:00","description":"\u00c4gglossningstest STICKA - Medtest Doppa stickan i urin och l\u00e4s av svaret efter 30 sek. Snabbt och enkelt hemtest. CE m\u00e4rkt.","breadcrumb":{"@id":"https:\/\/medtest.stagingservers.net\/sv\/produkt\/agglossningstest-sticka-2\/#breadcrumb"},"inLanguage":"sv-SE","potentialAction":[{"@type":"ReadAction","target":["https:\/\/medtest.stagingservers.net\/sv\/produkt\/agglossningstest-sticka-2\/"]}]},{"@type":"ImageObject","inLanguage":"sv-SE","@id":"https:\/\/medtest.stagingservers.net\/sv\/produkt\/agglossningstest-sticka-2\/#primaryimage","url":"https:\/\/medtest.stagingservers.net\/wp-content\/uploads\/2018\/11\/A\u0308gg-444-1524388875980.png","contentUrl":"https:\/\/medtest.stagingservers.net\/wp-content\/uploads\/2018\/11\/A\u0308gg-444-1524388875980.png","width":800,"height":800},{"@type":"BreadcrumbList","@id":"https:\/\/medtest.stagingservers.net\/sv\/produkt\/agglossningstest-sticka-2\/#breadcrumb","itemListElement":[{"@type":"ListItem","position":1,"name":"Home","item":"https:\/\/medtest.stagingservers.net\/sv\/"},{"@type":"ListItem","position":2,"name":"Shop","item":"https:\/\/medtest.stagingservers.net\/home-shop\/"},{"@type":"ListItem","position":3,"name":"\u00c4gglossningstest STICKA"}]},{"@type":"WebSite","@id":"https:\/\/medtest.stagingservers.net\/sv\/#website","url":"https:\/\/medtest.stagingservers.net\/sv\/","name":"Medtest","description":"","publisher":{"@id":"https:\/\/medtest.stagingservers.net\/sv\/#organization"},"potentialAction":[{"@type":"SearchAction","target":{"@type":"EntryPoint","urlTemplate":"https:\/\/medtest.stagingservers.net\/sv\/?s={search_term_string}"},"query-input":{"@type":"PropertyValueSpecification","valueRequired":true,"valueName":"search_term_string"}}],"inLanguage":"sv-SE"},{"@type":"Organization","@id":"https:\/\/medtest.stagingservers.net\/sv\/#organization","name":"Medtest","url":"https:\/\/medtest.stagingservers.net\/sv\/","logo":{"@type":"ImageObject","inLanguage":"sv-SE","@id":"https:\/\/medtest.stagingservers.net\/sv\/#\/schema\/logo\/image\/","url":"https:\/\/medtest.stagingservers.net\/wp-content\/uploads\/2018\/11\/Original.png","contentUrl":"https:\/\/medtest.stagingservers.net\/wp-content\/uploads\/2018\/11\/Original.png","width":1024,"height":1024,"caption":"Medtest"},"image":{"@id":"https:\/\/medtest.stagingservers.net\/sv\/#\/schema\/logo\/image\/"},"sameAs":["https:\/\/www.facebook.com\/Medtest-1440779469392476\/"]}]}},"_links":{"self":[{"href":"https:\/\/medtest.stagingservers.net\/sv\/wp-json\/wp\/v2\/product\/54533","targetHints":{"allow":["GET"]}}],"collection":[{"href":"https:\/\/medtest.stagingservers.net\/sv\/wp-json\/wp\/v2\/product"}],"about":[{"href":"https:\/\/medtest.stagingservers.net\/sv\/wp-json\/wp\/v2\/types\/product"}],"replies":[{"embeddable":true,"href":"https:\/\/medtest.stagingservers.net\/sv\/wp-json\/wp\/v2\/comments?post=54533"}],"version-history":[{"count":2,"href":"https:\/\/medtest.stagingservers.net\/sv\/wp-json\/wp\/v2\/product\/54533\/revisions"}],"predecessor-version":[{"id":87752,"href":"https:\/\/medtest.stagingservers.net\/sv\/wp-json\/wp\/v2\/product\/54533\/revisions\/87752"}],"wp:featuredmedia":[{"embeddable":true,"href":"https:\/\/medtest.stagingservers.net\/sv\/wp-json\/wp\/v2\/media\/54534"}],"wp:attachment":[{"href":"https:\/\/medtest.stagingservers.net\/sv\/wp-json\/wp\/v2\/media?parent=54533"}],"wp:term":[{"taxonomy":"product_brand","embeddable":true,"href":"https:\/\/medtest.stagingservers.net\/sv\/wp-json\/wp\/v2\/product_brand?post=54533"},{"taxonomy":"product_cat","embeddable":true,"href":"https:\/\/medtest.stagingservers.net\/sv\/wp-json\/wp\/v2\/product_cat?post=54533"},{"taxonomy":"product_tag","embeddable":true,"href":"https:\/\/medtest.stagingservers.net\/sv\/wp-json\/wp\/v2\/product_tag?post=54533"}],"curies":[{"name":"wp","href":"https:\/\/api.w.org\/{rel}","templated":true}]}}