{"id":54545,"date":"2018-11-30T14:51:06","date_gmt":"2018-11-30T12:51:06","guid":{"rendered":"http:\/\/104.248.87.71\/?post_type=product&#038;p=54545"},"modified":"2021-04-16T09:35:49","modified_gmt":"2021-04-16T07:35:49","slug":"graviditetstest-stav","status":"publish","type":"product","link":"https:\/\/medtest.stagingservers.net\/sv\/produkt\/graviditetstest-stav\/","title":{"rendered":"Graviditetstest STAV"},"content":{"rendered":"<h2>Graviditetstest &#8211; Stav<\/h2>\n<p>Ett snabbt test avsett f\u00f6r att tidigt st\u00e4lla diagnos av graviditet, ingen s\u00e4rskild tr\u00e4ning kr\u00e4vs. Testet \u00e4r p\u00e5litligt till 99,5% och tar mindre \u00e4n 5 minuter att genomf\u00f6ra.<\/p>\n<p>Kort efter att befruktningen har \u00e4gt rum b\u00f6rjar produktionen av graviditetshormonet hCG (som \u00e4r en f\u00f6rkortning av Humant Choriogonadotropin). hCG-Antikroppar lokaliserade i den absorberande dynan binder till hCG- hormonet (som \u00e4r ett protein) om detta finns tillg\u00e4ngligt i urinen. P\u00e5 detta s\u00e4tt f\u00e5s en indikation p\u00e5 graviditet.<\/p>\n<p>Varje f\u00f6rpackning inneh\u00e5ller en styck teststav som \u00e4r f\u00f6rpackad i en fuktabsorberande folief\u00f6rpackning och innehar CE-m\u00e4rkning enligt IVD-direktivet.<\/p>\n<p>Graviditetsstaven \u00e4r enbart f\u00f6r eng\u00e5ngsbruk.<\/p>\n<p>Material: Plast Storlek: ca. 14,5 x 1 cm<\/p>\n<h4>Anv\u00e4ndarinstruktioner Graviditetstestet \u00e4r till f\u00f6r anv\u00e4ndning av f\u00e4rska urinprover<\/h4>\n<p><strong>G\u00f6r s\u00e5 h\u00e4r:<\/strong><img loading=\"lazy\" decoding=\"async\" class=\"size-full wp-image-54547 alignleft\" src=\"https:\/\/medtest.stagingservers.net\/wp-content\/uploads\/2018\/11\/Pregnancy-test-Midstream-product-1pack-cap.jpg\" alt=\"\" width=\"261\" height=\"261\" srcset=\"https:\/\/medtest.stagingservers.net\/wp-content\/uploads\/2018\/11\/Pregnancy-test-Midstream-product-1pack-cap.jpg 261w, https:\/\/medtest.stagingservers.net\/wp-content\/uploads\/2018\/11\/Pregnancy-test-Midstream-product-1pack-cap-200x200.jpg 200w, https:\/\/medtest.stagingservers.net\/wp-content\/uploads\/2018\/11\/Pregnancy-test-Midstream-product-1pack-cap-150x150.jpg 150w, https:\/\/medtest.stagingservers.net\/wp-content\/uploads\/2018\/11\/Pregnancy-test-Midstream-product-1pack-cap-100x100.jpg 100w\" sizes=\"auto, (max-width: 261px) 100vw, 261px\" \/><\/p>\n<ol>\n<li>\u00d6ppna foliep\u00e5sen och ta ut produkten.<\/li>\n<li>Kissa p\u00e5 stavens \u00e4nde (2 droppar r\u00e4cker, ungef\u00e4r 100uL) eller doppa den i en beh\u00e5llare med urin.<\/li>\n<li>\u00d6verfyll inte den absorberande dynan.<\/li>\n<li>Inom 30 sekunder f\u00e5r du ett provsvar.<\/li>\n<li>Kasta staven i soptunnan efter anv\u00e4ndning.<\/li>\n<\/ol>\n<h4>Tolkning av resultat<\/h4>\n<h4><img loading=\"lazy\" decoding=\"async\" class=\"size-full wp-image-70603 alignleft\" src=\"https:\/\/medtest.stagingservers.net\/wp-content\/uploads\/2019\/07\/A-gglossningstest-Stav-Tolka.png\" alt=\"\" width=\"460\" height=\"151\" srcset=\"https:\/\/medtest.stagingservers.net\/wp-content\/uploads\/2019\/07\/A-gglossningstest-Stav-Tolka.png 460w, https:\/\/medtest.stagingservers.net\/wp-content\/uploads\/2019\/07\/A-gglossningstest-Stav-Tolka-416x137.png 416w\" sizes=\"auto, (max-width: 460px) 100vw, 460px\" \/><\/h4>\n<p>C = Control (Kontroll) T = Test<\/p>\n<ul>\n<li><strong>Negativt<\/strong>: Om testet visar endast en rosa linje kontrollomr\u00e5det kan du anta att du inte \u00e4r gravid.<\/li>\n<li><strong>Positivt<\/strong>: Om testet visar tv\u00e5 rosa linjer b\u00e5de i kontrollomr\u00e5det och testomr\u00e5det, kan du anta att du \u00e4r gravid.<\/li>\n<li><strong>Ogiltigt<\/strong>: Om det inte finns n\u00e5got tydligt rosa-lila f\u00e4rgband synligt b\u00e5de i omr\u00e5det TEST och CONTROL \u00e4r testet ogiltigt. Upprepa d\u00e5 testet i detta fall.<\/li>\n<\/ul>\n<h4>F\u00f6rvaring<\/h4>\n<p>F\u00f6rvara testet i den slutna f\u00f6rpackningen antingen vid rumstemperatur eller kyld (2-30 \u00b0 C).<\/p>\n<p>Produkten \u00e4r stabil t.o.m. utg\u00e5ngsdatum som f\u00f6rpackningen anger och skall f\u00f6rbli i den f\u00f6rseglade p\u00e5sen fram till anv\u00e4ndning. F\u00e5r ej frysas.<\/p>\n","protected":false},"excerpt":{"rendered":"<p>Ett billigt och s\u00e4kert CE m\u00e4rkt graviditetstest med snabbt svar om du \u00e4r gravid. Samla upp urin i en beh\u00e5llare. Doppa d\u00e4refter stickan och l\u00e4s av svaret efter 30 sekunder<\/p>\n","protected":false},"featured_media":54546,"comment_status":"closed","ping_status":"closed","template":"","meta":{"_acf_changed":false,"footnotes":""},"product_brand":[],"product_cat":[743],"product_tag":[],"class_list":{"0":"post-54545","1":"product","2":"type-product","3":"status-publish","4":"has-post-thumbnail","6":"product_cat-graviditetstest","8":"first","9":"outofstock","10":"taxable","11":"shipping-taxable","12":"purchasable","13":"product-type-variable"},"acf":[],"yoast_head":"<title>Graviditetstest STAV - Medtest<\/title>\n<meta name=\"description\" content=\"Graviditetstest STAV - Medtest\" \/>\n<meta name=\"robots\" content=\"noindex, follow, max-snippet:-1, max-image-preview:large, max-video-preview:-1\" \/>\n<meta property=\"og:locale\" content=\"sv_SE\" \/>\n<meta property=\"og:type\" content=\"article\" \/>\n<meta property=\"og:title\" content=\"Graviditetstest STAV - Medtest\" \/>\n<meta property=\"og:description\" content=\"Graviditetstest STAV - Medtest\" \/>\n<meta property=\"og:url\" content=\"https:\/\/medtest.stagingservers.net\/sv\/produkt\/graviditetstest-stav\/\" \/>\n<meta property=\"og:site_name\" content=\"Medtest\" \/>\n<meta property=\"article:publisher\" content=\"https:\/\/www.facebook.com\/Medtest-1440779469392476\/\" \/>\n<meta property=\"article:modified_time\" content=\"2021-04-16T07:35:49+00:00\" \/>\n<meta property=\"og:image\" content=\"https:\/\/medtest.stagingservers.net\/wp-content\/uploads\/2018\/11\/Graviditetstest-stav-33-1523918302432.png\" \/>\n\t<meta property=\"og:image:width\" content=\"480\" \/>\n\t<meta property=\"og:image:height\" content=\"480\" \/>\n\t<meta property=\"og:image:type\" content=\"image\/png\" \/>\n<meta name=\"twitter:card\" content=\"summary_large_image\" \/>\n<script type=\"application\/ld+json\" class=\"yoast-schema-graph\">{\"@context\":\"https:\\\/\\\/schema.org\",\"@graph\":[{\"@type\":\"WebPage\",\"@id\":\"https:\\\/\\\/medtest.stagingservers.net\\\/sv\\\/produkt\\\/graviditetstest-stav\\\/\",\"url\":\"https:\\\/\\\/medtest.stagingservers.net\\\/sv\\\/produkt\\\/graviditetstest-stav\\\/\",\"name\":\"Graviditetstest STAV - Medtest\",\"isPartOf\":{\"@id\":\"https:\\\/\\\/medtest.stagingservers.net\\\/sv\\\/#website\"},\"primaryImageOfPage\":{\"@id\":\"https:\\\/\\\/medtest.stagingservers.net\\\/sv\\\/produkt\\\/graviditetstest-stav\\\/#primaryimage\"},\"image\":{\"@id\":\"https:\\\/\\\/medtest.stagingservers.net\\\/sv\\\/produkt\\\/graviditetstest-stav\\\/#primaryimage\"},\"thumbnailUrl\":\"https:\\\/\\\/medtest.stagingservers.net\\\/wp-content\\\/uploads\\\/2018\\\/11\\\/Graviditetstest-stav-33-1523918302432.png\",\"datePublished\":\"2018-11-30T12:51:06+00:00\",\"dateModified\":\"2021-04-16T07:35:49+00:00\",\"description\":\"Graviditetstest STAV - Medtest\",\"breadcrumb\":{\"@id\":\"https:\\\/\\\/medtest.stagingservers.net\\\/sv\\\/produkt\\\/graviditetstest-stav\\\/#breadcrumb\"},\"inLanguage\":\"sv-SE\",\"potentialAction\":[{\"@type\":\"ReadAction\",\"target\":[\"https:\\\/\\\/medtest.stagingservers.net\\\/sv\\\/produkt\\\/graviditetstest-stav\\\/\"]}]},{\"@type\":\"ImageObject\",\"inLanguage\":\"sv-SE\",\"@id\":\"https:\\\/\\\/medtest.stagingservers.net\\\/sv\\\/produkt\\\/graviditetstest-stav\\\/#primaryimage\",\"url\":\"https:\\\/\\\/medtest.stagingservers.net\\\/wp-content\\\/uploads\\\/2018\\\/11\\\/Graviditetstest-stav-33-1523918302432.png\",\"contentUrl\":\"https:\\\/\\\/medtest.stagingservers.net\\\/wp-content\\\/uploads\\\/2018\\\/11\\\/Graviditetstest-stav-33-1523918302432.png\",\"width\":480,\"height\":480},{\"@type\":\"BreadcrumbList\",\"@id\":\"https:\\\/\\\/medtest.stagingservers.net\\\/sv\\\/produkt\\\/graviditetstest-stav\\\/#breadcrumb\",\"itemListElement\":[{\"@type\":\"ListItem\",\"position\":1,\"name\":\"Home\",\"item\":\"https:\\\/\\\/medtest.stagingservers.net\\\/sv\\\/\"},{\"@type\":\"ListItem\",\"position\":2,\"name\":\"Shop\",\"item\":\"https:\\\/\\\/medtest.stagingservers.net\\\/home-shop\\\/\"},{\"@type\":\"ListItem\",\"position\":3,\"name\":\"Graviditetstest STAV\"}]},{\"@type\":\"WebSite\",\"@id\":\"https:\\\/\\\/medtest.stagingservers.net\\\/sv\\\/#website\",\"url\":\"https:\\\/\\\/medtest.stagingservers.net\\\/sv\\\/\",\"name\":\"Medtest\",\"description\":\"\",\"publisher\":{\"@id\":\"https:\\\/\\\/medtest.stagingservers.net\\\/sv\\\/#organization\"},\"potentialAction\":[{\"@type\":\"SearchAction\",\"target\":{\"@type\":\"EntryPoint\",\"urlTemplate\":\"https:\\\/\\\/medtest.stagingservers.net\\\/sv\\\/?s={search_term_string}\"},\"query-input\":{\"@type\":\"PropertyValueSpecification\",\"valueRequired\":true,\"valueName\":\"search_term_string\"}}],\"inLanguage\":\"sv-SE\"},{\"@type\":\"Organization\",\"@id\":\"https:\\\/\\\/medtest.stagingservers.net\\\/sv\\\/#organization\",\"name\":\"Medtest\",\"url\":\"https:\\\/\\\/medtest.stagingservers.net\\\/sv\\\/\",\"logo\":{\"@type\":\"ImageObject\",\"inLanguage\":\"sv-SE\",\"@id\":\"https:\\\/\\\/medtest.stagingservers.net\\\/sv\\\/#\\\/schema\\\/logo\\\/image\\\/\",\"url\":\"https:\\\/\\\/medtest.stagingservers.net\\\/wp-content\\\/uploads\\\/2018\\\/11\\\/Original.png\",\"contentUrl\":\"https:\\\/\\\/medtest.stagingservers.net\\\/wp-content\\\/uploads\\\/2018\\\/11\\\/Original.png\",\"width\":1024,\"height\":1024,\"caption\":\"Medtest\"},\"image\":{\"@id\":\"https:\\\/\\\/medtest.stagingservers.net\\\/sv\\\/#\\\/schema\\\/logo\\\/image\\\/\"},\"sameAs\":[\"https:\\\/\\\/www.facebook.com\\\/Medtest-1440779469392476\\\/\"]}]}<\/script>","yoast_head_json":{"title":"Graviditetstest STAV - Medtest","description":"Graviditetstest STAV - Medtest","robots":{"index":"noindex","follow":"follow","max-snippet":"max-snippet:-1","max-image-preview":"max-image-preview:large","max-video-preview":"max-video-preview:-1"},"og_locale":"sv_SE","og_type":"article","og_title":"Graviditetstest STAV - Medtest","og_description":"Graviditetstest STAV - Medtest","og_url":"https:\/\/medtest.stagingservers.net\/sv\/produkt\/graviditetstest-stav\/","og_site_name":"Medtest","article_publisher":"https:\/\/www.facebook.com\/Medtest-1440779469392476\/","article_modified_time":"2021-04-16T07:35:49+00:00","og_image":[{"width":480,"height":480,"url":"https:\/\/medtest.stagingservers.net\/wp-content\/uploads\/2018\/11\/Graviditetstest-stav-33-1523918302432.png","type":"image\/png"}],"twitter_card":"summary_large_image","schema":{"@context":"https:\/\/schema.org","@graph":[{"@type":"WebPage","@id":"https:\/\/medtest.stagingservers.net\/sv\/produkt\/graviditetstest-stav\/","url":"https:\/\/medtest.stagingservers.net\/sv\/produkt\/graviditetstest-stav\/","name":"Graviditetstest STAV - Medtest","isPartOf":{"@id":"https:\/\/medtest.stagingservers.net\/sv\/#website"},"primaryImageOfPage":{"@id":"https:\/\/medtest.stagingservers.net\/sv\/produkt\/graviditetstest-stav\/#primaryimage"},"image":{"@id":"https:\/\/medtest.stagingservers.net\/sv\/produkt\/graviditetstest-stav\/#primaryimage"},"thumbnailUrl":"https:\/\/medtest.stagingservers.net\/wp-content\/uploads\/2018\/11\/Graviditetstest-stav-33-1523918302432.png","datePublished":"2018-11-30T12:51:06+00:00","dateModified":"2021-04-16T07:35:49+00:00","description":"Graviditetstest STAV - Medtest","breadcrumb":{"@id":"https:\/\/medtest.stagingservers.net\/sv\/produkt\/graviditetstest-stav\/#breadcrumb"},"inLanguage":"sv-SE","potentialAction":[{"@type":"ReadAction","target":["https:\/\/medtest.stagingservers.net\/sv\/produkt\/graviditetstest-stav\/"]}]},{"@type":"ImageObject","inLanguage":"sv-SE","@id":"https:\/\/medtest.stagingservers.net\/sv\/produkt\/graviditetstest-stav\/#primaryimage","url":"https:\/\/medtest.stagingservers.net\/wp-content\/uploads\/2018\/11\/Graviditetstest-stav-33-1523918302432.png","contentUrl":"https:\/\/medtest.stagingservers.net\/wp-content\/uploads\/2018\/11\/Graviditetstest-stav-33-1523918302432.png","width":480,"height":480},{"@type":"BreadcrumbList","@id":"https:\/\/medtest.stagingservers.net\/sv\/produkt\/graviditetstest-stav\/#breadcrumb","itemListElement":[{"@type":"ListItem","position":1,"name":"Home","item":"https:\/\/medtest.stagingservers.net\/sv\/"},{"@type":"ListItem","position":2,"name":"Shop","item":"https:\/\/medtest.stagingservers.net\/home-shop\/"},{"@type":"ListItem","position":3,"name":"Graviditetstest STAV"}]},{"@type":"WebSite","@id":"https:\/\/medtest.stagingservers.net\/sv\/#website","url":"https:\/\/medtest.stagingservers.net\/sv\/","name":"Medtest","description":"","publisher":{"@id":"https:\/\/medtest.stagingservers.net\/sv\/#organization"},"potentialAction":[{"@type":"SearchAction","target":{"@type":"EntryPoint","urlTemplate":"https:\/\/medtest.stagingservers.net\/sv\/?s={search_term_string}"},"query-input":{"@type":"PropertyValueSpecification","valueRequired":true,"valueName":"search_term_string"}}],"inLanguage":"sv-SE"},{"@type":"Organization","@id":"https:\/\/medtest.stagingservers.net\/sv\/#organization","name":"Medtest","url":"https:\/\/medtest.stagingservers.net\/sv\/","logo":{"@type":"ImageObject","inLanguage":"sv-SE","@id":"https:\/\/medtest.stagingservers.net\/sv\/#\/schema\/logo\/image\/","url":"https:\/\/medtest.stagingservers.net\/wp-content\/uploads\/2018\/11\/Original.png","contentUrl":"https:\/\/medtest.stagingservers.net\/wp-content\/uploads\/2018\/11\/Original.png","width":1024,"height":1024,"caption":"Medtest"},"image":{"@id":"https:\/\/medtest.stagingservers.net\/sv\/#\/schema\/logo\/image\/"},"sameAs":["https:\/\/www.facebook.com\/Medtest-1440779469392476\/"]}]}},"_links":{"self":[{"href":"https:\/\/medtest.stagingservers.net\/sv\/wp-json\/wp\/v2\/product\/54545","targetHints":{"allow":["GET"]}}],"collection":[{"href":"https:\/\/medtest.stagingservers.net\/sv\/wp-json\/wp\/v2\/product"}],"about":[{"href":"https:\/\/medtest.stagingservers.net\/sv\/wp-json\/wp\/v2\/types\/product"}],"replies":[{"embeddable":true,"href":"https:\/\/medtest.stagingservers.net\/sv\/wp-json\/wp\/v2\/comments?post=54545"}],"version-history":[{"count":1,"href":"https:\/\/medtest.stagingservers.net\/sv\/wp-json\/wp\/v2\/product\/54545\/revisions"}],"predecessor-version":[{"id":92680,"href":"https:\/\/medtest.stagingservers.net\/sv\/wp-json\/wp\/v2\/product\/54545\/revisions\/92680"}],"wp:featuredmedia":[{"embeddable":true,"href":"https:\/\/medtest.stagingservers.net\/sv\/wp-json\/wp\/v2\/media\/54546"}],"wp:attachment":[{"href":"https:\/\/medtest.stagingservers.net\/sv\/wp-json\/wp\/v2\/media?parent=54545"}],"wp:term":[{"taxonomy":"product_brand","embeddable":true,"href":"https:\/\/medtest.stagingservers.net\/sv\/wp-json\/wp\/v2\/product_brand?post=54545"},{"taxonomy":"product_cat","embeddable":true,"href":"https:\/\/medtest.stagingservers.net\/sv\/wp-json\/wp\/v2\/product_cat?post=54545"},{"taxonomy":"product_tag","embeddable":true,"href":"https:\/\/medtest.stagingservers.net\/sv\/wp-json\/wp\/v2\/product_tag?post=54545"}],"curies":[{"name":"wp","href":"https:\/\/api.w.org\/{rel}","templated":true}]}}