{"id":54611,"date":"2018-12-03T14:59:33","date_gmt":"2018-12-03T12:59:33","guid":{"rendered":"http:\/\/104.248.87.71\/?post_type=product&#038;p=54611"},"modified":"2021-04-14T09:31:58","modified_gmt":"2021-04-14T07:31:58","slug":"graviditetstest-sticka-5-pack","status":"publish","type":"product","link":"https:\/\/medtest.stagingservers.net\/sv\/produkt\/graviditetstest-sticka-5-pack\/","title":{"rendered":"Graviditetstest STICKA"},"content":{"rendered":"<h2>Graviditetstest &#8211; Sticka<\/h2>\n<p>Ett snabbt test avsett f\u00f6r att tidigt st\u00e4lla diagnos av graviditet, ingen s\u00e4rskild tr\u00e4ning kr\u00e4vs. Graviditetstest sticka \u00e4r p\u00e5litligt till 99,5% och tar mindre \u00e4n 5 minuter att genomf\u00f6ra.<\/p>\n<p>Kort efter att befruktningen har \u00e4gt rum b\u00f6rjar produktionen av graviditetshormonet hCG (som \u00e4r en f\u00f6rkortning av Humant Choriogonadotropin). hCG-Antikroppar applicerade p\u00e5 stickan binder till hCG- hormonet (som \u00e4r ett protein) om detta finns tillg\u00e4ngligt i urinen. P\u00e5 detta s\u00e4tt f\u00e5s en indikation p\u00e5 graviditet.<\/p>\n<p>Varje f\u00f6rpackning inneh\u00e5ller en styck teststicka som \u00e4r f\u00f6rpackad i en fuktabsorberande folief\u00f6rpackning och innehar CE-m\u00e4rkning enligt IVD-direktivet. Graviditetsstickan \u00e4r enbart f\u00f6r eng\u00e5ngsbruk.<\/p>\n<p>Material: Papp Storlek: ca. 10 x 0,5 cm<\/p>\n<h4>Anv\u00e4ndarinstruktioner<\/h4>\n<p>Graviditetstestet \u00e4r till f\u00f6r anv\u00e4ndning av f\u00e4rska urinprover<\/p>\n<p>G\u00f6r s\u00e5 h\u00e4r: <img loading=\"lazy\" decoding=\"async\" class=\"size-full wp-image-54543 alignleft\" src=\"https:\/\/medtest.stagingservers.net\/wp-content\/uploads\/2018\/11\/Pregnancy-test-strip-product-multiple.jpg\" alt=\"\" width=\"261\" height=\"261\" srcset=\"https:\/\/medtest.stagingservers.net\/wp-content\/uploads\/2018\/11\/Pregnancy-test-strip-product-multiple.jpg 261w, https:\/\/medtest.stagingservers.net\/wp-content\/uploads\/2018\/11\/Pregnancy-test-strip-product-multiple-200x200.jpg 200w, https:\/\/medtest.stagingservers.net\/wp-content\/uploads\/2018\/11\/Pregnancy-test-strip-product-multiple-150x150.jpg 150w, https:\/\/medtest.stagingservers.net\/wp-content\/uploads\/2018\/11\/Pregnancy-test-strip-product-multiple-100x100.jpg 100w\" sizes=\"auto, (max-width: 261px) 100vw, 261px\" \/><\/p>\n<ol>\n<li>\u00d6ppna foliep\u00e5sen och ta ut produkten.<\/li>\n<li>Doppa stickans \u00e4nde i en beh\u00e5llare med urin i 3 sekunder.<\/li>\n<li>Doppa inte stickan f\u00f6rbi markeringslinjen (MAX).<\/li>\n<li>Inom 30 sekunder f\u00e5r du ett provsvar.<\/li>\n<li>Kasta stickan i soptunnan efter anv\u00e4ndning.<\/li>\n<\/ol>\n<h4>Tolkning av resultat<\/h4>\n<p><strong><img loading=\"lazy\" decoding=\"async\" class=\"size-full wp-image-71830 alignleft\" src=\"https:\/\/medtest.stagingservers.net\/wp-content\/uploads\/2019\/08\/Ska-rmavbild-2018-03-13-kl.-23.39.28.png\" alt=\"\" width=\"400\" height=\"232\" \/>Negativ<\/strong>: Om endast en linje visas i kontrollomr\u00e5det kan du anta att du inte \u00e4r gravid.<\/p>\n<p><strong>Positiv<\/strong>: Om tv\u00e5 linjer visas b\u00e5de i kontrollomr\u00e5det och testomr\u00e5det, kan du anta att du \u00e4r gravid.<\/p>\n<p><strong>Ogiltigt<\/strong>: Om det inte finns n\u00e5got tydligt rosa-lila f\u00e4rgband synligt b\u00e5de i omr\u00e5det TEST och CONTROL \u00e4r testet ogiltigt. Det rekommenderas att testet i detta fall upprepas.<\/p>\n<p><strong>F\u00f6rvaring<\/strong> F\u00f6rvara testet i den slutna f\u00f6rpackningen antingen vid rumstemperatur eller kyld (2-30 \u00b0 C). Produkten \u00e4r stabil t.o.m. utg\u00e5ngsdatum som anges p\u00e5 f\u00f6rpackningen och skall f\u00f6rbli i den f\u00f6rseglade p\u00e5sen fram till anv\u00e4ndning. F\u00e5r ej frysas.<\/p>\n<p>&nbsp;<\/p>\n<h4>PRESTANDA EGENSKAPER<\/h4>\n<p>K\u00c4NSLIGHET: Testet visar positiva resultat med prover som inneh\u00e5ller hCG vid halter av 25 mIU \/ ml eller h\u00f6gre.<\/p>\n<p>NOGGRANNHET: J\u00e4mf\u00f6relsestudier p\u00e5 testet med en lagligt marknadsf\u00f6rd enhet utf\u00f6rdes internt och i ett kliniskt referenslaboratorium. Positiva och negativa resultat j\u00e4mf\u00f6rdes och korrelationen var \uff1e99%.<\/p>\n<p>&nbsp;<\/p>\n<h5>FR\u00c5GA: Hur fungerar graviditetstestet?<\/h5>\n<p>SVAR: Hos en kvinna som inte \u00e4r gravid finns hCG normalt i urin vid mycket l\u00e5ga niv\u00e5er (vanligtvis 5 mIU \/ ml). N\u00e4r du \u00e4r gravid producerar kroppen mycket mer av detta hormon. Vid tidpunkten f\u00f6r den f\u00f6rsta missade mensen kan hormonniv\u00e5n detekteras med detta test. V\u00e5rt test uppt\u00e4cker hCG i urin vid en niv\u00e5 av 25 mIU \/ ml. &#8221;Missade mensen&#8221; avser dagen efter din f\u00f6rv\u00e4ntade menstruation.<\/p>\n<h5>FR\u00c5GA: Vad g\u00f6r jag om mitt test \u00e4r positivt (graviditet)?<\/h5>\n<p>SVAR: Ett positivt testresultat visar att hCG har uppt\u00e4ckts i urinen i en niv\u00e5 \u00f6ver 25 mIU \/ ml och att du \u00e4r gravid. Du b\u00f6r prata med l\u00e4kare som kan ber\u00e4tta f\u00f6r dig vilka steg du ska vidta.<\/p>\n<h5>FR\u00c5GA: Vad g\u00f6r jag om mitt test \u00e4r negativt (inte gravid)?<\/h5>\n<p>SVAR: Du kanske inte \u00e4r gravid eller niv\u00e5n av hCG kanske \u00e4nnu inte \u00e4r tillr\u00e4ckligt h\u00f6g f\u00f6r att uppt\u00e4ckas eller s\u00e5 kan du ha felber\u00e4knat dagen d\u00e5 din mens f\u00f6rfallit. Om du testades tidigt, testa igen inom 48 timmar med ett nytt test. Om din mens \u00e4r f\u00f6rsenad, testa igen efter 72 timmar med ett nytt graviditetstest. Om detta test visar negativt och din mens fortfarande \u00e4r utebliven, b\u00f6r du kontakta din l\u00e4kare.<\/p>\n<h5>FR\u00c5GA: Vad g\u00f6r jag om mitt test \u00e4r ogiltigt?<\/h5>\n<p>SVAR: Om inga linjer visas n\u00e5gonstans i resultatf\u00f6nstret eller om bara testraden visas i kvadratf\u00f6nstret tyder detta p\u00e5 att testet inte fungerar och \u00e4r s\u00e5ledes ogiltigt. Orsaken \u00e4r troligtvis att den absorberande spetsen inte \u00e4r v\u00e5t nog. Upprepa testet med ett nytt graviditetstest och s\u00e4kerst\u00e4ll att den absorberande spetsen v\u00e4tats ordentligt (minst 10 sekunder i urinstr\u00e5le, minst 20 sekunder i urinkopp).<\/p>\n<p>&nbsp;<\/p>\n<p>\u00d6ka chansen att bli gravid -best\u00e4ll ett <a href=\"https:\/\/medtest.stagingservers.net\/produkt\/agglossningstest-sticka-2\/\">\u00e4gglossningstest<\/a>.<\/p>\n","protected":false},"excerpt":{"rendered":"<p>Ett billigt och s\u00e4kert CE m\u00e4rkt graviditetstest med snabbt svar om du \u00e4r gravid. Samla upp urin i en beh\u00e5llare. Doppa d\u00e4refter stickan och l\u00e4s av svaret efter 30 sekunder I LAGER 1-2 DAGAR.<\/p>\n","protected":false},"featured_media":55236,"comment_status":"closed","ping_status":"closed","template":"","meta":{"_acf_changed":false,"footnotes":""},"product_brand":[],"product_cat":[743],"product_tag":[],"class_list":{"0":"post-54611","1":"product","2":"type-product","3":"status-publish","4":"has-post-thumbnail","6":"product_cat-graviditetstest","8":"first","9":"outofstock","10":"taxable","11":"shipping-taxable","12":"purchasable","13":"product-type-variable"},"acf":[],"yoast_head":"<title>Graviditetstest STICKA - CE m\u00e4rkta tester Medtest<\/title>\n<meta name=\"description\" content=\"Graviditetstest STICKA K\u00f6p ett graviditetestest och ta reda p\u00e5 om du \u00e4r gravid. Order skickas samma dag. Best\u00e4ll idag - f\u00e5 svar imorgon - Medtest\" \/>\n<meta name=\"robots\" content=\"noindex, follow, max-snippet:-1, max-image-preview:large, max-video-preview:-1\" \/>\n<meta property=\"og:locale\" content=\"sv_SE\" \/>\n<meta property=\"og:type\" content=\"article\" \/>\n<meta property=\"og:title\" content=\"Graviditetstest STICKA - CE m\u00e4rkta tester Medtest\" \/>\n<meta property=\"og:description\" content=\"Graviditetstest STICKA K\u00f6p ett graviditetestest och ta reda p\u00e5 om du \u00e4r gravid. Order skickas samma dag. Best\u00e4ll idag - f\u00e5 svar imorgon - Medtest\" \/>\n<meta property=\"og:url\" content=\"https:\/\/medtest.stagingservers.net\/sv\/produkt\/graviditetstest-sticka-5-pack\/\" \/>\n<meta property=\"og:site_name\" content=\"Medtest\" \/>\n<meta property=\"article:publisher\" content=\"https:\/\/www.facebook.com\/Medtest-1440779469392476\/\" \/>\n<meta property=\"article:modified_time\" content=\"2021-04-14T07:31:58+00:00\" \/>\n<meta property=\"og:image\" content=\"https:\/\/medtest.stagingservers.net\/wp-content\/uploads\/2018\/12\/Gravtest-sticka-B.png\" \/>\n\t<meta property=\"og:image:width\" content=\"596\" \/>\n\t<meta property=\"og:image:height\" content=\"460\" \/>\n\t<meta property=\"og:image:type\" content=\"image\/png\" \/>\n<meta name=\"twitter:card\" content=\"summary_large_image\" \/>\n<script type=\"application\/ld+json\" class=\"yoast-schema-graph\">{\"@context\":\"https:\\\/\\\/schema.org\",\"@graph\":[{\"@type\":\"WebPage\",\"@id\":\"https:\\\/\\\/medtest.stagingservers.net\\\/sv\\\/produkt\\\/graviditetstest-sticka-5-pack\\\/\",\"url\":\"https:\\\/\\\/medtest.stagingservers.net\\\/sv\\\/produkt\\\/graviditetstest-sticka-5-pack\\\/\",\"name\":\"Graviditetstest STICKA - CE m\u00e4rkta tester Medtest\",\"isPartOf\":{\"@id\":\"https:\\\/\\\/medtest.stagingservers.net\\\/sv\\\/#website\"},\"primaryImageOfPage\":{\"@id\":\"https:\\\/\\\/medtest.stagingservers.net\\\/sv\\\/produkt\\\/graviditetstest-sticka-5-pack\\\/#primaryimage\"},\"image\":{\"@id\":\"https:\\\/\\\/medtest.stagingservers.net\\\/sv\\\/produkt\\\/graviditetstest-sticka-5-pack\\\/#primaryimage\"},\"thumbnailUrl\":\"https:\\\/\\\/medtest.stagingservers.net\\\/wp-content\\\/uploads\\\/2018\\\/12\\\/Gravtest-sticka-B.png\",\"datePublished\":\"2018-12-03T12:59:33+00:00\",\"dateModified\":\"2021-04-14T07:31:58+00:00\",\"description\":\"Graviditetstest STICKA K\u00f6p ett graviditetestest och ta reda p\u00e5 om du \u00e4r gravid. Order skickas samma dag. Best\u00e4ll idag - f\u00e5 svar imorgon - Medtest\",\"breadcrumb\":{\"@id\":\"https:\\\/\\\/medtest.stagingservers.net\\\/sv\\\/produkt\\\/graviditetstest-sticka-5-pack\\\/#breadcrumb\"},\"inLanguage\":\"sv-SE\",\"potentialAction\":[{\"@type\":\"ReadAction\",\"target\":[\"https:\\\/\\\/medtest.stagingservers.net\\\/sv\\\/produkt\\\/graviditetstest-sticka-5-pack\\\/\"]}]},{\"@type\":\"ImageObject\",\"inLanguage\":\"sv-SE\",\"@id\":\"https:\\\/\\\/medtest.stagingservers.net\\\/sv\\\/produkt\\\/graviditetstest-sticka-5-pack\\\/#primaryimage\",\"url\":\"https:\\\/\\\/medtest.stagingservers.net\\\/wp-content\\\/uploads\\\/2018\\\/12\\\/Gravtest-sticka-B.png\",\"contentUrl\":\"https:\\\/\\\/medtest.stagingservers.net\\\/wp-content\\\/uploads\\\/2018\\\/12\\\/Gravtest-sticka-B.png\",\"width\":596,\"height\":460},{\"@type\":\"BreadcrumbList\",\"@id\":\"https:\\\/\\\/medtest.stagingservers.net\\\/sv\\\/produkt\\\/graviditetstest-sticka-5-pack\\\/#breadcrumb\",\"itemListElement\":[{\"@type\":\"ListItem\",\"position\":1,\"name\":\"Home\",\"item\":\"https:\\\/\\\/medtest.stagingservers.net\\\/sv\\\/\"},{\"@type\":\"ListItem\",\"position\":2,\"name\":\"Shop\",\"item\":\"https:\\\/\\\/medtest.stagingservers.net\\\/home-shop\\\/\"},{\"@type\":\"ListItem\",\"position\":3,\"name\":\"Graviditetstest STICKA\"}]},{\"@type\":\"WebSite\",\"@id\":\"https:\\\/\\\/medtest.stagingservers.net\\\/sv\\\/#website\",\"url\":\"https:\\\/\\\/medtest.stagingservers.net\\\/sv\\\/\",\"name\":\"Medtest\",\"description\":\"\",\"publisher\":{\"@id\":\"https:\\\/\\\/medtest.stagingservers.net\\\/sv\\\/#organization\"},\"potentialAction\":[{\"@type\":\"SearchAction\",\"target\":{\"@type\":\"EntryPoint\",\"urlTemplate\":\"https:\\\/\\\/medtest.stagingservers.net\\\/sv\\\/?s={search_term_string}\"},\"query-input\":{\"@type\":\"PropertyValueSpecification\",\"valueRequired\":true,\"valueName\":\"search_term_string\"}}],\"inLanguage\":\"sv-SE\"},{\"@type\":\"Organization\",\"@id\":\"https:\\\/\\\/medtest.stagingservers.net\\\/sv\\\/#organization\",\"name\":\"Medtest\",\"url\":\"https:\\\/\\\/medtest.stagingservers.net\\\/sv\\\/\",\"logo\":{\"@type\":\"ImageObject\",\"inLanguage\":\"sv-SE\",\"@id\":\"https:\\\/\\\/medtest.stagingservers.net\\\/sv\\\/#\\\/schema\\\/logo\\\/image\\\/\",\"url\":\"https:\\\/\\\/medtest.stagingservers.net\\\/wp-content\\\/uploads\\\/2018\\\/11\\\/Original.png\",\"contentUrl\":\"https:\\\/\\\/medtest.stagingservers.net\\\/wp-content\\\/uploads\\\/2018\\\/11\\\/Original.png\",\"width\":1024,\"height\":1024,\"caption\":\"Medtest\"},\"image\":{\"@id\":\"https:\\\/\\\/medtest.stagingservers.net\\\/sv\\\/#\\\/schema\\\/logo\\\/image\\\/\"},\"sameAs\":[\"https:\\\/\\\/www.facebook.com\\\/Medtest-1440779469392476\\\/\"]}]}<\/script>","yoast_head_json":{"title":"Graviditetstest STICKA - CE m\u00e4rkta tester Medtest","description":"Graviditetstest STICKA K\u00f6p ett graviditetestest och ta reda p\u00e5 om du \u00e4r gravid. Order skickas samma dag. Best\u00e4ll idag - f\u00e5 svar imorgon - Medtest","robots":{"index":"noindex","follow":"follow","max-snippet":"max-snippet:-1","max-image-preview":"max-image-preview:large","max-video-preview":"max-video-preview:-1"},"og_locale":"sv_SE","og_type":"article","og_title":"Graviditetstest STICKA - CE m\u00e4rkta tester Medtest","og_description":"Graviditetstest STICKA K\u00f6p ett graviditetestest och ta reda p\u00e5 om du \u00e4r gravid. Order skickas samma dag. Best\u00e4ll idag - f\u00e5 svar imorgon - Medtest","og_url":"https:\/\/medtest.stagingservers.net\/sv\/produkt\/graviditetstest-sticka-5-pack\/","og_site_name":"Medtest","article_publisher":"https:\/\/www.facebook.com\/Medtest-1440779469392476\/","article_modified_time":"2021-04-14T07:31:58+00:00","og_image":[{"width":596,"height":460,"url":"https:\/\/medtest.stagingservers.net\/wp-content\/uploads\/2018\/12\/Gravtest-sticka-B.png","type":"image\/png"}],"twitter_card":"summary_large_image","schema":{"@context":"https:\/\/schema.org","@graph":[{"@type":"WebPage","@id":"https:\/\/medtest.stagingservers.net\/sv\/produkt\/graviditetstest-sticka-5-pack\/","url":"https:\/\/medtest.stagingservers.net\/sv\/produkt\/graviditetstest-sticka-5-pack\/","name":"Graviditetstest STICKA - CE m\u00e4rkta tester Medtest","isPartOf":{"@id":"https:\/\/medtest.stagingservers.net\/sv\/#website"},"primaryImageOfPage":{"@id":"https:\/\/medtest.stagingservers.net\/sv\/produkt\/graviditetstest-sticka-5-pack\/#primaryimage"},"image":{"@id":"https:\/\/medtest.stagingservers.net\/sv\/produkt\/graviditetstest-sticka-5-pack\/#primaryimage"},"thumbnailUrl":"https:\/\/medtest.stagingservers.net\/wp-content\/uploads\/2018\/12\/Gravtest-sticka-B.png","datePublished":"2018-12-03T12:59:33+00:00","dateModified":"2021-04-14T07:31:58+00:00","description":"Graviditetstest STICKA K\u00f6p ett graviditetestest och ta reda p\u00e5 om du \u00e4r gravid. Order skickas samma dag. Best\u00e4ll idag - f\u00e5 svar imorgon - Medtest","breadcrumb":{"@id":"https:\/\/medtest.stagingservers.net\/sv\/produkt\/graviditetstest-sticka-5-pack\/#breadcrumb"},"inLanguage":"sv-SE","potentialAction":[{"@type":"ReadAction","target":["https:\/\/medtest.stagingservers.net\/sv\/produkt\/graviditetstest-sticka-5-pack\/"]}]},{"@type":"ImageObject","inLanguage":"sv-SE","@id":"https:\/\/medtest.stagingservers.net\/sv\/produkt\/graviditetstest-sticka-5-pack\/#primaryimage","url":"https:\/\/medtest.stagingservers.net\/wp-content\/uploads\/2018\/12\/Gravtest-sticka-B.png","contentUrl":"https:\/\/medtest.stagingservers.net\/wp-content\/uploads\/2018\/12\/Gravtest-sticka-B.png","width":596,"height":460},{"@type":"BreadcrumbList","@id":"https:\/\/medtest.stagingservers.net\/sv\/produkt\/graviditetstest-sticka-5-pack\/#breadcrumb","itemListElement":[{"@type":"ListItem","position":1,"name":"Home","item":"https:\/\/medtest.stagingservers.net\/sv\/"},{"@type":"ListItem","position":2,"name":"Shop","item":"https:\/\/medtest.stagingservers.net\/home-shop\/"},{"@type":"ListItem","position":3,"name":"Graviditetstest STICKA"}]},{"@type":"WebSite","@id":"https:\/\/medtest.stagingservers.net\/sv\/#website","url":"https:\/\/medtest.stagingservers.net\/sv\/","name":"Medtest","description":"","publisher":{"@id":"https:\/\/medtest.stagingservers.net\/sv\/#organization"},"potentialAction":[{"@type":"SearchAction","target":{"@type":"EntryPoint","urlTemplate":"https:\/\/medtest.stagingservers.net\/sv\/?s={search_term_string}"},"query-input":{"@type":"PropertyValueSpecification","valueRequired":true,"valueName":"search_term_string"}}],"inLanguage":"sv-SE"},{"@type":"Organization","@id":"https:\/\/medtest.stagingservers.net\/sv\/#organization","name":"Medtest","url":"https:\/\/medtest.stagingservers.net\/sv\/","logo":{"@type":"ImageObject","inLanguage":"sv-SE","@id":"https:\/\/medtest.stagingservers.net\/sv\/#\/schema\/logo\/image\/","url":"https:\/\/medtest.stagingservers.net\/wp-content\/uploads\/2018\/11\/Original.png","contentUrl":"https:\/\/medtest.stagingservers.net\/wp-content\/uploads\/2018\/11\/Original.png","width":1024,"height":1024,"caption":"Medtest"},"image":{"@id":"https:\/\/medtest.stagingservers.net\/sv\/#\/schema\/logo\/image\/"},"sameAs":["https:\/\/www.facebook.com\/Medtest-1440779469392476\/"]}]}},"_links":{"self":[{"href":"https:\/\/medtest.stagingservers.net\/sv\/wp-json\/wp\/v2\/product\/54611","targetHints":{"allow":["GET"]}}],"collection":[{"href":"https:\/\/medtest.stagingservers.net\/sv\/wp-json\/wp\/v2\/product"}],"about":[{"href":"https:\/\/medtest.stagingservers.net\/sv\/wp-json\/wp\/v2\/types\/product"}],"replies":[{"embeddable":true,"href":"https:\/\/medtest.stagingservers.net\/sv\/wp-json\/wp\/v2\/comments?post=54611"}],"version-history":[{"count":1,"href":"https:\/\/medtest.stagingservers.net\/sv\/wp-json\/wp\/v2\/product\/54611\/revisions"}],"predecessor-version":[{"id":92613,"href":"https:\/\/medtest.stagingservers.net\/sv\/wp-json\/wp\/v2\/product\/54611\/revisions\/92613"}],"wp:featuredmedia":[{"embeddable":true,"href":"https:\/\/medtest.stagingservers.net\/sv\/wp-json\/wp\/v2\/media\/55236"}],"wp:attachment":[{"href":"https:\/\/medtest.stagingservers.net\/sv\/wp-json\/wp\/v2\/media?parent=54611"}],"wp:term":[{"taxonomy":"product_brand","embeddable":true,"href":"https:\/\/medtest.stagingservers.net\/sv\/wp-json\/wp\/v2\/product_brand?post=54611"},{"taxonomy":"product_cat","embeddable":true,"href":"https:\/\/medtest.stagingservers.net\/sv\/wp-json\/wp\/v2\/product_cat?post=54611"},{"taxonomy":"product_tag","embeddable":true,"href":"https:\/\/medtest.stagingservers.net\/sv\/wp-json\/wp\/v2\/product_tag?post=54611"}],"curies":[{"name":"wp","href":"https:\/\/api.w.org\/{rel}","templated":true}]}}