{"id":54617,"date":"2018-12-04T07:44:16","date_gmt":"2018-12-04T07:44:16","guid":{"rendered":"http:\/\/104.248.87.71\/?post_type=product&#038;p=54617"},"modified":"2021-04-06T13:06:37","modified_gmt":"2021-04-06T11:06:37","slug":"kombopaket-klamydia-gonorre-syfilis-test-2","status":"publish","type":"product","link":"https:\/\/medtest.stagingservers.net\/sv\/produkt\/kombopaket-klamydia-gonorre-syfilis-test-2\/","title":{"rendered":"Klamydia, Gonorr\u00e9, Syfilis test"},"content":{"rendered":"<h2>Kombopaket: Klamydia, Gonorre, Syfilistest<\/h2>\n<p>Klamydia snabbtest f\u00f6r att kvalitativt detektera klamydia-antigenet lokaliserat vid livmoderhalsen (kvinnligt) eller urinr\u00f6ret (manligt), vilket ger resultat efter 5- 10 minuter. Testet anv\u00e4nder en antikropp som \u00e4r specifikt f\u00f6r Klamydia (chlamydia trachomatis). Specificitet: 97.17%,. Sensitivitet: 2&#215;1000 IFU\/ml<\/p>\n<p>Gonorr\u00e9 snabbtest f\u00f6r att kvalitativt detektera gonorr\u00e9-antigenet lokaliserat vid livmoderhalsen (kvinnligt) eller urinr\u00f6ret (manligt), vilket ger resultat efter 5- 10 minuter. Testet anv\u00e4nder en antikropp som \u00e4r specifikt f\u00f6r gonorr\u00e9 (neisseria gonorrhoeae). Specificitet: 99,10%. Sensitivitet: 5&#215;10000 IFU\/ml<\/p>\n<p>Syfilis snabbtest f\u00f6r att kvalitativt detektera syilis-antigenet i blodet, vilket ger dig svar efter 10 minuter. Testet anv\u00e4nder en antikropp som \u00e4r specifikt f\u00f6r syfilis (treponema pallidum). Specificitet: 98,5%. Sensitivitet: 98,6%.<\/p>\n<p>Bruksanvisning p\u00e5 svenska medf\u00f6ljer. Testerna \u00e4r CE godk\u00e4nda och f\u00f6r professionellt bruk.<\/p>\n<p><strong>I LAGER 1-2 DAGAR.<\/strong><\/p>\n","protected":false},"excerpt":{"rendered":"<p>Kombopaket: Klamydia, Gonorre, Syfilistest<\/p>\n<p>Klamydia snabbtest f\u00f6r att kvalitativt detektera klamydia-antigenet lokaliserat vid livmoderhalsen (kvinnligt) eller urinr\u00f6ret (manligt), vilket ger resultat efter 5- 10 minuter. Testet anv\u00e4nder en antikropp som \u00e4r specifikt f\u00f6r Klamydia (chlamydia trachomatis). Specificitet: 97.17%,. Sensitivitet: 2&#215;1000 IFU\/ml<\/p>\n<p>Gonorr\u00e9 snabbtest f\u00f6r att kvalitativt detektera gonorr\u00e9-antigenet lokaliserat vid livmoderhalsen (kvinnligt) eller urinr\u00f6ret (manligt), vilket ger resultat efter 5- 10 minuter. Testet anv\u00e4nder en antikropp som \u00e4r specifikt f\u00f6r gonorr\u00e9 (neisseria gonorrhoeae). Specificitet: 99,10%. Sensitivitet: 5&#215;10000 IFU\/ml<\/p>\n<p>Syfilis snabbtest f\u00f6r att kvalitativt detektera syilis-antigenet i blodet, vilket ger dig svar efter 10 minuter. Testet anv\u00e4nder en antikropp som \u00e4r specifikt f\u00f6r syfilis (treponema pallidum). Specificitet: 98,5%. Sensitivitet: 98,6%.<br \/>\nBruksanvisning p\u00e5 svenska medf\u00f6ljer.<\/p>\n","protected":false},"featured_media":77771,"comment_status":"closed","ping_status":"closed","template":"","meta":{"_acf_changed":false,"footnotes":""},"product_brand":[],"product_cat":[732,731,727,735],"product_tag":[],"class_list":{"0":"post-54617","1":"product","2":"type-product","3":"status-publish","4":"has-post-thumbnail","6":"product_cat-gonorre","7":"product_cat-klamydia","8":"product_cat-paket-erbjudande","9":"product_cat-syfilis","11":"first","12":"instock","13":"taxable","14":"shipping-taxable","15":"purchasable","16":"product-type-simple"},"acf":[],"yoast_head":"<title>Klamydia, Gonorr\u00e9, Syfilis test - Medtest<\/title>\n<meta name=\"description\" content=\"Klamydia, Gonorr\u00e9, Syfilis test - Medtest\" \/>\n<meta name=\"robots\" content=\"noindex, follow, max-snippet:-1, max-image-preview:large, max-video-preview:-1\" \/>\n<meta property=\"og:locale\" content=\"sv_SE\" \/>\n<meta property=\"og:type\" content=\"article\" \/>\n<meta property=\"og:title\" content=\"Klamydia, Gonorr\u00e9, Syfilis test - Medtest\" \/>\n<meta property=\"og:description\" content=\"Klamydia, Gonorr\u00e9, Syfilis test - Medtest\" \/>\n<meta property=\"og:url\" content=\"https:\/\/medtest.stagingservers.net\/sv\/produkt\/kombopaket-klamydia-gonorre-syfilis-test-2\/\" \/>\n<meta property=\"og:site_name\" content=\"Medtest\" \/>\n<meta property=\"article:publisher\" content=\"https:\/\/www.facebook.com\/Medtest-1440779469392476\/\" \/>\n<meta property=\"article:modified_time\" content=\"2021-04-06T11:06:37+00:00\" \/>\n<meta property=\"og:image\" content=\"https:\/\/medtest.stagingservers.net\/wp-content\/uploads\/2018\/12\/Kombopaket-e1575461203527.png\" \/>\n\t<meta property=\"og:image:width\" content=\"1200\" \/>\n\t<meta property=\"og:image:height\" content=\"910\" \/>\n\t<meta property=\"og:image:type\" content=\"image\/png\" \/>\n<meta name=\"twitter:card\" content=\"summary_large_image\" \/>\n<script type=\"application\/ld+json\" class=\"yoast-schema-graph\">{\"@context\":\"https:\\\/\\\/schema.org\",\"@graph\":[{\"@type\":\"WebPage\",\"@id\":\"https:\\\/\\\/medtest.stagingservers.net\\\/sv\\\/produkt\\\/kombopaket-klamydia-gonorre-syfilis-test-2\\\/\",\"url\":\"https:\\\/\\\/medtest.stagingservers.net\\\/sv\\\/produkt\\\/kombopaket-klamydia-gonorre-syfilis-test-2\\\/\",\"name\":\"Klamydia, Gonorr\u00e9, Syfilis test - Medtest\",\"isPartOf\":{\"@id\":\"https:\\\/\\\/medtest.stagingservers.net\\\/sv\\\/#website\"},\"primaryImageOfPage\":{\"@id\":\"https:\\\/\\\/medtest.stagingservers.net\\\/sv\\\/produkt\\\/kombopaket-klamydia-gonorre-syfilis-test-2\\\/#primaryimage\"},\"image\":{\"@id\":\"https:\\\/\\\/medtest.stagingservers.net\\\/sv\\\/produkt\\\/kombopaket-klamydia-gonorre-syfilis-test-2\\\/#primaryimage\"},\"thumbnailUrl\":\"https:\\\/\\\/medtest.stagingservers.net\\\/wp-content\\\/uploads\\\/2018\\\/12\\\/Kombopaket-e1575461203527.png\",\"datePublished\":\"2018-12-04T07:44:16+00:00\",\"dateModified\":\"2021-04-06T11:06:37+00:00\",\"description\":\"Klamydia, Gonorr\u00e9, Syfilis test - Medtest\",\"breadcrumb\":{\"@id\":\"https:\\\/\\\/medtest.stagingservers.net\\\/sv\\\/produkt\\\/kombopaket-klamydia-gonorre-syfilis-test-2\\\/#breadcrumb\"},\"inLanguage\":\"sv-SE\",\"potentialAction\":[{\"@type\":\"ReadAction\",\"target\":[\"https:\\\/\\\/medtest.stagingservers.net\\\/sv\\\/produkt\\\/kombopaket-klamydia-gonorre-syfilis-test-2\\\/\"]}]},{\"@type\":\"ImageObject\",\"inLanguage\":\"sv-SE\",\"@id\":\"https:\\\/\\\/medtest.stagingservers.net\\\/sv\\\/produkt\\\/kombopaket-klamydia-gonorre-syfilis-test-2\\\/#primaryimage\",\"url\":\"https:\\\/\\\/medtest.stagingservers.net\\\/wp-content\\\/uploads\\\/2018\\\/12\\\/Kombopaket-e1575461203527.png\",\"contentUrl\":\"https:\\\/\\\/medtest.stagingservers.net\\\/wp-content\\\/uploads\\\/2018\\\/12\\\/Kombopaket-e1575461203527.png\",\"width\":1200,\"height\":910,\"caption\":\"Klamydia, Gonorr\u00e9 Syfilis test\"},{\"@type\":\"BreadcrumbList\",\"@id\":\"https:\\\/\\\/medtest.stagingservers.net\\\/sv\\\/produkt\\\/kombopaket-klamydia-gonorre-syfilis-test-2\\\/#breadcrumb\",\"itemListElement\":[{\"@type\":\"ListItem\",\"position\":1,\"name\":\"Home\",\"item\":\"https:\\\/\\\/medtest.stagingservers.net\\\/sv\\\/\"},{\"@type\":\"ListItem\",\"position\":2,\"name\":\"Shop\",\"item\":\"https:\\\/\\\/medtest.stagingservers.net\\\/home-shop\\\/\"},{\"@type\":\"ListItem\",\"position\":3,\"name\":\"Klamydia, Gonorr\u00e9, Syfilis test\"}]},{\"@type\":\"WebSite\",\"@id\":\"https:\\\/\\\/medtest.stagingservers.net\\\/sv\\\/#website\",\"url\":\"https:\\\/\\\/medtest.stagingservers.net\\\/sv\\\/\",\"name\":\"Medtest\",\"description\":\"\",\"publisher\":{\"@id\":\"https:\\\/\\\/medtest.stagingservers.net\\\/sv\\\/#organization\"},\"potentialAction\":[{\"@type\":\"SearchAction\",\"target\":{\"@type\":\"EntryPoint\",\"urlTemplate\":\"https:\\\/\\\/medtest.stagingservers.net\\\/sv\\\/?s={search_term_string}\"},\"query-input\":{\"@type\":\"PropertyValueSpecification\",\"valueRequired\":true,\"valueName\":\"search_term_string\"}}],\"inLanguage\":\"sv-SE\"},{\"@type\":\"Organization\",\"@id\":\"https:\\\/\\\/medtest.stagingservers.net\\\/sv\\\/#organization\",\"name\":\"Medtest\",\"url\":\"https:\\\/\\\/medtest.stagingservers.net\\\/sv\\\/\",\"logo\":{\"@type\":\"ImageObject\",\"inLanguage\":\"sv-SE\",\"@id\":\"https:\\\/\\\/medtest.stagingservers.net\\\/sv\\\/#\\\/schema\\\/logo\\\/image\\\/\",\"url\":\"https:\\\/\\\/medtest.stagingservers.net\\\/wp-content\\\/uploads\\\/2018\\\/11\\\/Original.png\",\"contentUrl\":\"https:\\\/\\\/medtest.stagingservers.net\\\/wp-content\\\/uploads\\\/2018\\\/11\\\/Original.png\",\"width\":1024,\"height\":1024,\"caption\":\"Medtest\"},\"image\":{\"@id\":\"https:\\\/\\\/medtest.stagingservers.net\\\/sv\\\/#\\\/schema\\\/logo\\\/image\\\/\"},\"sameAs\":[\"https:\\\/\\\/www.facebook.com\\\/Medtest-1440779469392476\\\/\"]}]}<\/script>","yoast_head_json":{"title":"Klamydia, Gonorr\u00e9, Syfilis test - Medtest","description":"Klamydia, Gonorr\u00e9, Syfilis test - Medtest","robots":{"index":"noindex","follow":"follow","max-snippet":"max-snippet:-1","max-image-preview":"max-image-preview:large","max-video-preview":"max-video-preview:-1"},"og_locale":"sv_SE","og_type":"article","og_title":"Klamydia, Gonorr\u00e9, Syfilis test - Medtest","og_description":"Klamydia, Gonorr\u00e9, Syfilis test - Medtest","og_url":"https:\/\/medtest.stagingservers.net\/sv\/produkt\/kombopaket-klamydia-gonorre-syfilis-test-2\/","og_site_name":"Medtest","article_publisher":"https:\/\/www.facebook.com\/Medtest-1440779469392476\/","article_modified_time":"2021-04-06T11:06:37+00:00","og_image":[{"width":1200,"height":910,"url":"https:\/\/medtest.stagingservers.net\/wp-content\/uploads\/2018\/12\/Kombopaket-e1575461203527.png","type":"image\/png"}],"twitter_card":"summary_large_image","schema":{"@context":"https:\/\/schema.org","@graph":[{"@type":"WebPage","@id":"https:\/\/medtest.stagingservers.net\/sv\/produkt\/kombopaket-klamydia-gonorre-syfilis-test-2\/","url":"https:\/\/medtest.stagingservers.net\/sv\/produkt\/kombopaket-klamydia-gonorre-syfilis-test-2\/","name":"Klamydia, Gonorr\u00e9, Syfilis test - Medtest","isPartOf":{"@id":"https:\/\/medtest.stagingservers.net\/sv\/#website"},"primaryImageOfPage":{"@id":"https:\/\/medtest.stagingservers.net\/sv\/produkt\/kombopaket-klamydia-gonorre-syfilis-test-2\/#primaryimage"},"image":{"@id":"https:\/\/medtest.stagingservers.net\/sv\/produkt\/kombopaket-klamydia-gonorre-syfilis-test-2\/#primaryimage"},"thumbnailUrl":"https:\/\/medtest.stagingservers.net\/wp-content\/uploads\/2018\/12\/Kombopaket-e1575461203527.png","datePublished":"2018-12-04T07:44:16+00:00","dateModified":"2021-04-06T11:06:37+00:00","description":"Klamydia, Gonorr\u00e9, Syfilis test - Medtest","breadcrumb":{"@id":"https:\/\/medtest.stagingservers.net\/sv\/produkt\/kombopaket-klamydia-gonorre-syfilis-test-2\/#breadcrumb"},"inLanguage":"sv-SE","potentialAction":[{"@type":"ReadAction","target":["https:\/\/medtest.stagingservers.net\/sv\/produkt\/kombopaket-klamydia-gonorre-syfilis-test-2\/"]}]},{"@type":"ImageObject","inLanguage":"sv-SE","@id":"https:\/\/medtest.stagingservers.net\/sv\/produkt\/kombopaket-klamydia-gonorre-syfilis-test-2\/#primaryimage","url":"https:\/\/medtest.stagingservers.net\/wp-content\/uploads\/2018\/12\/Kombopaket-e1575461203527.png","contentUrl":"https:\/\/medtest.stagingservers.net\/wp-content\/uploads\/2018\/12\/Kombopaket-e1575461203527.png","width":1200,"height":910,"caption":"Klamydia, Gonorr\u00e9 Syfilis test"},{"@type":"BreadcrumbList","@id":"https:\/\/medtest.stagingservers.net\/sv\/produkt\/kombopaket-klamydia-gonorre-syfilis-test-2\/#breadcrumb","itemListElement":[{"@type":"ListItem","position":1,"name":"Home","item":"https:\/\/medtest.stagingservers.net\/sv\/"},{"@type":"ListItem","position":2,"name":"Shop","item":"https:\/\/medtest.stagingservers.net\/home-shop\/"},{"@type":"ListItem","position":3,"name":"Klamydia, Gonorr\u00e9, Syfilis test"}]},{"@type":"WebSite","@id":"https:\/\/medtest.stagingservers.net\/sv\/#website","url":"https:\/\/medtest.stagingservers.net\/sv\/","name":"Medtest","description":"","publisher":{"@id":"https:\/\/medtest.stagingservers.net\/sv\/#organization"},"potentialAction":[{"@type":"SearchAction","target":{"@type":"EntryPoint","urlTemplate":"https:\/\/medtest.stagingservers.net\/sv\/?s={search_term_string}"},"query-input":{"@type":"PropertyValueSpecification","valueRequired":true,"valueName":"search_term_string"}}],"inLanguage":"sv-SE"},{"@type":"Organization","@id":"https:\/\/medtest.stagingservers.net\/sv\/#organization","name":"Medtest","url":"https:\/\/medtest.stagingservers.net\/sv\/","logo":{"@type":"ImageObject","inLanguage":"sv-SE","@id":"https:\/\/medtest.stagingservers.net\/sv\/#\/schema\/logo\/image\/","url":"https:\/\/medtest.stagingservers.net\/wp-content\/uploads\/2018\/11\/Original.png","contentUrl":"https:\/\/medtest.stagingservers.net\/wp-content\/uploads\/2018\/11\/Original.png","width":1024,"height":1024,"caption":"Medtest"},"image":{"@id":"https:\/\/medtest.stagingservers.net\/sv\/#\/schema\/logo\/image\/"},"sameAs":["https:\/\/www.facebook.com\/Medtest-1440779469392476\/"]}]}},"_links":{"self":[{"href":"https:\/\/medtest.stagingservers.net\/sv\/wp-json\/wp\/v2\/product\/54617","targetHints":{"allow":["GET"]}}],"collection":[{"href":"https:\/\/medtest.stagingservers.net\/sv\/wp-json\/wp\/v2\/product"}],"about":[{"href":"https:\/\/medtest.stagingservers.net\/sv\/wp-json\/wp\/v2\/types\/product"}],"replies":[{"embeddable":true,"href":"https:\/\/medtest.stagingservers.net\/sv\/wp-json\/wp\/v2\/comments?post=54617"}],"version-history":[{"count":1,"href":"https:\/\/medtest.stagingservers.net\/sv\/wp-json\/wp\/v2\/product\/54617\/revisions"}],"predecessor-version":[{"id":86428,"href":"https:\/\/medtest.stagingservers.net\/sv\/wp-json\/wp\/v2\/product\/54617\/revisions\/86428"}],"wp:featuredmedia":[{"embeddable":true,"href":"https:\/\/medtest.stagingservers.net\/sv\/wp-json\/wp\/v2\/media\/77771"}],"wp:attachment":[{"href":"https:\/\/medtest.stagingservers.net\/sv\/wp-json\/wp\/v2\/media?parent=54617"}],"wp:term":[{"taxonomy":"product_brand","embeddable":true,"href":"https:\/\/medtest.stagingservers.net\/sv\/wp-json\/wp\/v2\/product_brand?post=54617"},{"taxonomy":"product_cat","embeddable":true,"href":"https:\/\/medtest.stagingservers.net\/sv\/wp-json\/wp\/v2\/product_cat?post=54617"},{"taxonomy":"product_tag","embeddable":true,"href":"https:\/\/medtest.stagingservers.net\/sv\/wp-json\/wp\/v2\/product_tag?post=54617"}],"curies":[{"name":"wp","href":"https:\/\/api.w.org\/{rel}","templated":true}]}}