{"id":54803,"date":"2019-02-13T10:12:04","date_gmt":"2019-02-13T10:12:04","guid":{"rendered":"http:\/\/104.248.87.71\/?post_type=product&#038;p=54803"},"modified":"2020-05-16T17:40:33","modified_gmt":"2020-05-16T15:40:33","slug":"jarnbristtest","status":"publish","type":"product","link":"https:\/\/medtest.stagingservers.net\/sv\/produkt\/jarnbristtest\/","title":{"rendered":"J\u00e4rnbristtest"},"content":{"rendered":"<h2>J\u00e4rnbristtest<\/h2>\n<h5>Svar inom 5 minuter<\/h5>\n<p>V\u00e5rt J\u00e4rnbristtest \u00e4r ett CE godk\u00e4nt test som m\u00e4ter niv\u00e5n av proteinet <em>ferritin<\/em>\u00a0i blodet, som \u00e4r direkt proportionerligt mot dina j\u00e4rnniv\u00e5er, och \u00e4r mycket s\u00e4kert. Det \u00e4r genom detta protein som kroppen kan lagra j\u00e4rn d\u00e5 ferritin binder till sig j\u00e4rnet. Genom att unders\u00f6ka ferritinv\u00e4rdet i blodet kan man ta reda p\u00e5 hur kroppens j\u00e4rndep\u00e5er ser ut. Testet g\u00f6rs genom ett stick i fingertoppen och tar bara n\u00e5gra minuter. Du f\u00e5r besked direkt p\u00e5 huruvida dina j\u00e4rnniv\u00e5er \u00e4r normala eller f\u00f6r l\u00e5ga. J\u00e4rnbristtestet g\u00f6r du sj\u00e4lv och resultatet ser du direkt.<\/p>\n<h5>Vad beror j\u00e4rnbrist p\u00e5?<\/h5>\n<p>J\u00e4rnbrist kan bero p\u00e5 m\u00e5nga saker, s\u00e5som kraftig menstruation, mags\u00e5r, tarmsjukdomar eller andra tillst\u00e5nd s\u00e5 som pubertet och graviditet. Vidare om du har f\u00f6rlorat mycket blod vid en olycka kan det ocks\u00e5 ge dig brist p\u00e5 j\u00e4rn. I regel \u00e4r j\u00e4rnbristen inte livshotande, men den f\u00f6rs\u00e4mrar din livskvalitet. Vid puberteten uppst\u00e5r en hastigare tillv\u00e4xttakt, samtidigt som kosten ibland kan vara ensidig och n\u00e4ringsfattig. F\u00f6r unga kvinnor inneb\u00e4r ocks\u00e5 menstruation en ytterligare riskfaktor. Det finns evidens f\u00f6r att barn i skol\u00e5ldern med j\u00e4rnbrist kan uppn\u00e5 f\u00f6rb\u00e4ttrad kognitiv f\u00f6rm\u00e5ga om de behandlas med j\u00e4rntillskott. Livsmedelsverket rekommenderar 9 mg\/dag f\u00f6r m\u00e4n och 15 mg\/dag f\u00f6r menstruerande kvinnor, motsvarande ca 0,1\u20130,3 mg\/kg. J\u00e4rnbrist \u00e4r enkelt att \u00e5tg\u00e4rda n\u00e4r den v\u00e4l \u00e4r konstaterad. I m\u00e5nga fall r\u00e4cker det med ett extra tillskott av j\u00e4rn under en kortare eller l\u00e4ngre tid. Rekommenderar dock efter poitivt testsvar r\u00e5dfr\u00e5ga l\u00e4kare alt. barnmorska om eventuellt extra j\u00e4rntill\u00e4gg. Men om det finns en bakomliggande sjukdom kr\u00e4vs det en annan behandling. V\u00e5rt j\u00e4rnbristtest markerar positivt n\u00e4r j\u00e4rnniv\u00e5n \u00e4r under 30 ng\/mL.<\/p>\n<h5>S\u00e5 h\u00e4r g\u00f6r du<\/h5>\n<p><img loading=\"lazy\" decoding=\"async\" class=\"alignnone size-full wp-image-55553\" src=\"\/wp-content\/uploads\/2019\/03\/PSA-procedur.png\" alt=\"PSA procedur\" width=\"1455\" height=\"467\" srcset=\"https:\/\/medtest.stagingservers.net\/wp-content\/uploads\/2019\/03\/PSA-procedur.png 1455w, https:\/\/medtest.stagingservers.net\/wp-content\/uploads\/2019\/03\/PSA-procedur-720x231.png 720w, https:\/\/medtest.stagingservers.net\/wp-content\/uploads\/2019\/03\/PSA-procedur-1200x385.png 1200w, https:\/\/medtest.stagingservers.net\/wp-content\/uploads\/2019\/03\/PSA-procedur-768x246.png 768w, https:\/\/medtest.stagingservers.net\/wp-content\/uploads\/2019\/03\/PSA-procedur-416x134.png 416w, https:\/\/medtest.stagingservers.net\/wp-content\/uploads\/2019\/03\/PSA-procedur-300x96.png 300w, https:\/\/medtest.stagingservers.net\/wp-content\/uploads\/2019\/03\/PSA-procedur-1024x329.png 1024w\" sizes=\"auto, (max-width: 1455px) 100vw, 1455px\" \/><\/p>\n<ol>\n<li><span class=\"mobile-undersized-upper\">Reng\u00f6r ditt finger med alkohol reng\u00f6ringsservetten.<\/span><\/li>\n<li><span class=\"mobile-undersized-upper\">Stick dig i fingertoppen med lancetten<\/span><\/li>\n<li><span class=\"mobile-undersized-upper\">Sug upp 2-3 droppar blod med pipetten.<\/span><\/li>\n<li><span class=\"mobile-undersized-upper\">Droppa 1-2 droppar blod i testkasettens brunn (S).<\/span><\/li>\n<li><span class=\"mobile-undersized-upper\">Droppa d\u00e4refter 1 droppe buffert.<\/span><\/li>\n<li><span class=\"mobile-undersized-upper\">V\u00e4nta 5 minuter f\u00f6r att avl\u00e4sa resultatet.<\/span><\/li>\n<\/ol>\n<p><a href=\"https:\/\/medtest.stagingservers.net\/kontakta-oss\/\">Kontakta oss<\/a>\u00a0om du har n\u00e5gra fr\u00e5gor.<\/p>\n","protected":false},"excerpt":{"rendered":"<p>J\u00e4rnbristtestet \u00e4r ett CE godk\u00e4nt test som m\u00e4ter niv\u00e5n av proteinet ferritin i blodet, som \u00e4r direkt proportionerligt mot dina j\u00e4rnniv\u00e5er, och \u00e4r mycket s\u00e4kert. Det \u00e4r genom detta protein som kroppen kan lagra j\u00e4rn d\u00e5 ferritin binder till sig j\u00e4rnet. Genom att unders\u00f6ka ferritinv\u00e4rdet i blodet kan man ta reda p\u00e5 hur kroppens j\u00e4rndep\u00e5er ser ut.<\/p>\n<p>Testet g\u00f6rs genom ett stick i fingertoppen och tar bara n\u00e5gra minuter. Du f\u00e5r besked direkt p\u00e5 huruvida dina j\u00e4rnniv\u00e5er \u00e4r normala eller f\u00f6r l\u00e5ga. J\u00e4rnbristtestet g\u00f6r du sj\u00e4lv och resultatet ser du direkt.<\/p>\n","protected":false},"featured_media":54873,"comment_status":"closed","ping_status":"closed","template":"","meta":{"_acf_changed":false,"footnotes":""},"product_brand":[],"product_cat":[749,727],"product_tag":[],"class_list":{"0":"post-54803","1":"product","2":"type-product","3":"status-publish","4":"has-post-thumbnail","6":"product_cat-jarnbrist-ferritin","7":"product_cat-paket-erbjudande","9":"first","10":"instock","11":"taxable","12":"shipping-taxable","13":"purchasable","14":"product-type-simple"},"acf":[],"yoast_head":"<title>J\u00e4rnbristtest - K\u00e4nner du dig tr\u00f6tt? J\u00e4rnbristtest f\u00f6r hemmabruk- Medtest<\/title>\n<meta name=\"description\" content=\"J\u00e4rnbristtest - Medtest Snabba leveranser f\u00f6r hemtester. Gravid, ton\u00e5ring eller bara allm\u00e4nt tr\u00f6tt? Testa dig f\u00f6r j\u00e4rnbrist med ett snabbt hemtest.\" \/>\n<meta name=\"robots\" content=\"noindex, follow, max-snippet:-1, max-image-preview:large, max-video-preview:-1\" \/>\n<meta property=\"og:locale\" content=\"sv_SE\" \/>\n<meta property=\"og:type\" content=\"article\" \/>\n<meta property=\"og:title\" content=\"J\u00e4rnbristtest - K\u00e4nner du dig tr\u00f6tt? J\u00e4rnbristtest f\u00f6r hemmabruk- Medtest\" \/>\n<meta property=\"og:description\" content=\"J\u00e4rnbristtest - Medtest Snabba leveranser f\u00f6r hemtester. Gravid, ton\u00e5ring eller bara allm\u00e4nt tr\u00f6tt? Testa dig f\u00f6r j\u00e4rnbrist med ett snabbt hemtest.\" \/>\n<meta property=\"og:url\" content=\"https:\/\/medtest.stagingservers.net\/sv\/produkt\/jarnbristtest\/\" \/>\n<meta property=\"og:site_name\" content=\"Medtest\" \/>\n<meta property=\"article:publisher\" content=\"https:\/\/www.facebook.com\/Medtest-1440779469392476\/\" \/>\n<meta property=\"article:modified_time\" content=\"2020-05-16T15:40:33+00:00\" \/>\n<meta property=\"og:image\" content=\"https:\/\/medtest.stagingservers.net\/wp-content\/uploads\/2019\/02\/Ferritin-j\u00e4rnbrist-SE.jpg\" \/>\n\t<meta property=\"og:image:width\" content=\"2100\" \/>\n\t<meta property=\"og:image:height\" content=\"1400\" \/>\n\t<meta property=\"og:image:type\" content=\"image\/jpeg\" \/>\n<meta name=\"twitter:card\" content=\"summary_large_image\" \/>\n<script type=\"application\/ld+json\" class=\"yoast-schema-graph\">{\"@context\":\"https:\\\/\\\/schema.org\",\"@graph\":[{\"@type\":\"WebPage\",\"@id\":\"https:\\\/\\\/medtest.stagingservers.net\\\/sv\\\/produkt\\\/jarnbristtest\\\/\",\"url\":\"https:\\\/\\\/medtest.stagingservers.net\\\/sv\\\/produkt\\\/jarnbristtest\\\/\",\"name\":\"J\u00e4rnbristtest - K\u00e4nner du dig tr\u00f6tt? J\u00e4rnbristtest f\u00f6r hemmabruk- Medtest\",\"isPartOf\":{\"@id\":\"https:\\\/\\\/medtest.stagingservers.net\\\/sv\\\/#website\"},\"primaryImageOfPage\":{\"@id\":\"https:\\\/\\\/medtest.stagingservers.net\\\/sv\\\/produkt\\\/jarnbristtest\\\/#primaryimage\"},\"image\":{\"@id\":\"https:\\\/\\\/medtest.stagingservers.net\\\/sv\\\/produkt\\\/jarnbristtest\\\/#primaryimage\"},\"thumbnailUrl\":\"https:\\\/\\\/medtest.stagingservers.net\\\/wp-content\\\/uploads\\\/2019\\\/02\\\/Ferritin-j\u00e4rnbrist-SE.jpg\",\"datePublished\":\"2019-02-13T10:12:04+00:00\",\"dateModified\":\"2020-05-16T15:40:33+00:00\",\"description\":\"J\u00e4rnbristtest - Medtest Snabba leveranser f\u00f6r hemtester. Gravid, ton\u00e5ring eller bara allm\u00e4nt tr\u00f6tt? Testa dig f\u00f6r j\u00e4rnbrist med ett snabbt hemtest.\",\"breadcrumb\":{\"@id\":\"https:\\\/\\\/medtest.stagingservers.net\\\/sv\\\/produkt\\\/jarnbristtest\\\/#breadcrumb\"},\"inLanguage\":\"sv-SE\",\"potentialAction\":[{\"@type\":\"ReadAction\",\"target\":[\"https:\\\/\\\/medtest.stagingservers.net\\\/sv\\\/produkt\\\/jarnbristtest\\\/\"]}]},{\"@type\":\"ImageObject\",\"inLanguage\":\"sv-SE\",\"@id\":\"https:\\\/\\\/medtest.stagingservers.net\\\/sv\\\/produkt\\\/jarnbristtest\\\/#primaryimage\",\"url\":\"https:\\\/\\\/medtest.stagingservers.net\\\/wp-content\\\/uploads\\\/2019\\\/02\\\/Ferritin-j\u00e4rnbrist-SE.jpg\",\"contentUrl\":\"https:\\\/\\\/medtest.stagingservers.net\\\/wp-content\\\/uploads\\\/2019\\\/02\\\/Ferritin-j\u00e4rnbrist-SE.jpg\",\"width\":2100,\"height\":1400},{\"@type\":\"BreadcrumbList\",\"@id\":\"https:\\\/\\\/medtest.stagingservers.net\\\/sv\\\/produkt\\\/jarnbristtest\\\/#breadcrumb\",\"itemListElement\":[{\"@type\":\"ListItem\",\"position\":1,\"name\":\"Home\",\"item\":\"https:\\\/\\\/medtest.stagingservers.net\\\/sv\\\/\"},{\"@type\":\"ListItem\",\"position\":2,\"name\":\"Shop\",\"item\":\"https:\\\/\\\/medtest.stagingservers.net\\\/home-shop\\\/\"},{\"@type\":\"ListItem\",\"position\":3,\"name\":\"J\u00e4rnbristtest\"}]},{\"@type\":\"WebSite\",\"@id\":\"https:\\\/\\\/medtest.stagingservers.net\\\/sv\\\/#website\",\"url\":\"https:\\\/\\\/medtest.stagingservers.net\\\/sv\\\/\",\"name\":\"Medtest\",\"description\":\"\",\"publisher\":{\"@id\":\"https:\\\/\\\/medtest.stagingservers.net\\\/sv\\\/#organization\"},\"potentialAction\":[{\"@type\":\"SearchAction\",\"target\":{\"@type\":\"EntryPoint\",\"urlTemplate\":\"https:\\\/\\\/medtest.stagingservers.net\\\/sv\\\/?s={search_term_string}\"},\"query-input\":{\"@type\":\"PropertyValueSpecification\",\"valueRequired\":true,\"valueName\":\"search_term_string\"}}],\"inLanguage\":\"sv-SE\"},{\"@type\":\"Organization\",\"@id\":\"https:\\\/\\\/medtest.stagingservers.net\\\/sv\\\/#organization\",\"name\":\"Medtest\",\"url\":\"https:\\\/\\\/medtest.stagingservers.net\\\/sv\\\/\",\"logo\":{\"@type\":\"ImageObject\",\"inLanguage\":\"sv-SE\",\"@id\":\"https:\\\/\\\/medtest.stagingservers.net\\\/sv\\\/#\\\/schema\\\/logo\\\/image\\\/\",\"url\":\"https:\\\/\\\/medtest.stagingservers.net\\\/wp-content\\\/uploads\\\/2018\\\/11\\\/Original.png\",\"contentUrl\":\"https:\\\/\\\/medtest.stagingservers.net\\\/wp-content\\\/uploads\\\/2018\\\/11\\\/Original.png\",\"width\":1024,\"height\":1024,\"caption\":\"Medtest\"},\"image\":{\"@id\":\"https:\\\/\\\/medtest.stagingservers.net\\\/sv\\\/#\\\/schema\\\/logo\\\/image\\\/\"},\"sameAs\":[\"https:\\\/\\\/www.facebook.com\\\/Medtest-1440779469392476\\\/\"]}]}<\/script>","yoast_head_json":{"title":"J\u00e4rnbristtest - K\u00e4nner du dig tr\u00f6tt? J\u00e4rnbristtest f\u00f6r hemmabruk- Medtest","description":"J\u00e4rnbristtest - Medtest Snabba leveranser f\u00f6r hemtester. Gravid, ton\u00e5ring eller bara allm\u00e4nt tr\u00f6tt? Testa dig f\u00f6r j\u00e4rnbrist med ett snabbt hemtest.","robots":{"index":"noindex","follow":"follow","max-snippet":"max-snippet:-1","max-image-preview":"max-image-preview:large","max-video-preview":"max-video-preview:-1"},"og_locale":"sv_SE","og_type":"article","og_title":"J\u00e4rnbristtest - K\u00e4nner du dig tr\u00f6tt? J\u00e4rnbristtest f\u00f6r hemmabruk- Medtest","og_description":"J\u00e4rnbristtest - Medtest Snabba leveranser f\u00f6r hemtester. Gravid, ton\u00e5ring eller bara allm\u00e4nt tr\u00f6tt? Testa dig f\u00f6r j\u00e4rnbrist med ett snabbt hemtest.","og_url":"https:\/\/medtest.stagingservers.net\/sv\/produkt\/jarnbristtest\/","og_site_name":"Medtest","article_publisher":"https:\/\/www.facebook.com\/Medtest-1440779469392476\/","article_modified_time":"2020-05-16T15:40:33+00:00","og_image":[{"width":2100,"height":1400,"url":"https:\/\/medtest.stagingservers.net\/wp-content\/uploads\/2019\/02\/Ferritin-j\u00e4rnbrist-SE.jpg","type":"image\/jpeg"}],"twitter_card":"summary_large_image","schema":{"@context":"https:\/\/schema.org","@graph":[{"@type":"WebPage","@id":"https:\/\/medtest.stagingservers.net\/sv\/produkt\/jarnbristtest\/","url":"https:\/\/medtest.stagingservers.net\/sv\/produkt\/jarnbristtest\/","name":"J\u00e4rnbristtest - K\u00e4nner du dig tr\u00f6tt? J\u00e4rnbristtest f\u00f6r hemmabruk- Medtest","isPartOf":{"@id":"https:\/\/medtest.stagingservers.net\/sv\/#website"},"primaryImageOfPage":{"@id":"https:\/\/medtest.stagingservers.net\/sv\/produkt\/jarnbristtest\/#primaryimage"},"image":{"@id":"https:\/\/medtest.stagingservers.net\/sv\/produkt\/jarnbristtest\/#primaryimage"},"thumbnailUrl":"https:\/\/medtest.stagingservers.net\/wp-content\/uploads\/2019\/02\/Ferritin-j\u00e4rnbrist-SE.jpg","datePublished":"2019-02-13T10:12:04+00:00","dateModified":"2020-05-16T15:40:33+00:00","description":"J\u00e4rnbristtest - Medtest Snabba leveranser f\u00f6r hemtester. Gravid, ton\u00e5ring eller bara allm\u00e4nt tr\u00f6tt? Testa dig f\u00f6r j\u00e4rnbrist med ett snabbt hemtest.","breadcrumb":{"@id":"https:\/\/medtest.stagingservers.net\/sv\/produkt\/jarnbristtest\/#breadcrumb"},"inLanguage":"sv-SE","potentialAction":[{"@type":"ReadAction","target":["https:\/\/medtest.stagingservers.net\/sv\/produkt\/jarnbristtest\/"]}]},{"@type":"ImageObject","inLanguage":"sv-SE","@id":"https:\/\/medtest.stagingservers.net\/sv\/produkt\/jarnbristtest\/#primaryimage","url":"https:\/\/medtest.stagingservers.net\/wp-content\/uploads\/2019\/02\/Ferritin-j\u00e4rnbrist-SE.jpg","contentUrl":"https:\/\/medtest.stagingservers.net\/wp-content\/uploads\/2019\/02\/Ferritin-j\u00e4rnbrist-SE.jpg","width":2100,"height":1400},{"@type":"BreadcrumbList","@id":"https:\/\/medtest.stagingservers.net\/sv\/produkt\/jarnbristtest\/#breadcrumb","itemListElement":[{"@type":"ListItem","position":1,"name":"Home","item":"https:\/\/medtest.stagingservers.net\/sv\/"},{"@type":"ListItem","position":2,"name":"Shop","item":"https:\/\/medtest.stagingservers.net\/home-shop\/"},{"@type":"ListItem","position":3,"name":"J\u00e4rnbristtest"}]},{"@type":"WebSite","@id":"https:\/\/medtest.stagingservers.net\/sv\/#website","url":"https:\/\/medtest.stagingservers.net\/sv\/","name":"Medtest","description":"","publisher":{"@id":"https:\/\/medtest.stagingservers.net\/sv\/#organization"},"potentialAction":[{"@type":"SearchAction","target":{"@type":"EntryPoint","urlTemplate":"https:\/\/medtest.stagingservers.net\/sv\/?s={search_term_string}"},"query-input":{"@type":"PropertyValueSpecification","valueRequired":true,"valueName":"search_term_string"}}],"inLanguage":"sv-SE"},{"@type":"Organization","@id":"https:\/\/medtest.stagingservers.net\/sv\/#organization","name":"Medtest","url":"https:\/\/medtest.stagingservers.net\/sv\/","logo":{"@type":"ImageObject","inLanguage":"sv-SE","@id":"https:\/\/medtest.stagingservers.net\/sv\/#\/schema\/logo\/image\/","url":"https:\/\/medtest.stagingservers.net\/wp-content\/uploads\/2018\/11\/Original.png","contentUrl":"https:\/\/medtest.stagingservers.net\/wp-content\/uploads\/2018\/11\/Original.png","width":1024,"height":1024,"caption":"Medtest"},"image":{"@id":"https:\/\/medtest.stagingservers.net\/sv\/#\/schema\/logo\/image\/"},"sameAs":["https:\/\/www.facebook.com\/Medtest-1440779469392476\/"]}]}},"_links":{"self":[{"href":"https:\/\/medtest.stagingservers.net\/sv\/wp-json\/wp\/v2\/product\/54803","targetHints":{"allow":["GET"]}}],"collection":[{"href":"https:\/\/medtest.stagingservers.net\/sv\/wp-json\/wp\/v2\/product"}],"about":[{"href":"https:\/\/medtest.stagingservers.net\/sv\/wp-json\/wp\/v2\/types\/product"}],"replies":[{"embeddable":true,"href":"https:\/\/medtest.stagingservers.net\/sv\/wp-json\/wp\/v2\/comments?post=54803"}],"version-history":[{"count":0,"href":"https:\/\/medtest.stagingservers.net\/sv\/wp-json\/wp\/v2\/product\/54803\/revisions"}],"wp:featuredmedia":[{"embeddable":true,"href":"https:\/\/medtest.stagingservers.net\/sv\/wp-json\/wp\/v2\/media\/54873"}],"wp:attachment":[{"href":"https:\/\/medtest.stagingservers.net\/sv\/wp-json\/wp\/v2\/media?parent=54803"}],"wp:term":[{"taxonomy":"product_brand","embeddable":true,"href":"https:\/\/medtest.stagingservers.net\/sv\/wp-json\/wp\/v2\/product_brand?post=54803"},{"taxonomy":"product_cat","embeddable":true,"href":"https:\/\/medtest.stagingservers.net\/sv\/wp-json\/wp\/v2\/product_cat?post=54803"},{"taxonomy":"product_tag","embeddable":true,"href":"https:\/\/medtest.stagingservers.net\/sv\/wp-json\/wp\/v2\/product_tag?post=54803"}],"curies":[{"name":"wp","href":"https:\/\/api.w.org\/{rel}","templated":true}]}}