{"id":54813,"date":"2019-02-13T12:31:40","date_gmt":"2019-02-13T12:31:40","guid":{"rendered":"http:\/\/104.248.87.71\/?post_type=product&#038;p=54813"},"modified":"2021-02-17T19:16:46","modified_gmt":"2021-02-17T17:16:46","slug":"skoldkorteltest","status":"publish","type":"product","link":"https:\/\/medtest.stagingservers.net\/sv\/produkt\/skoldkorteltest\/","title":{"rendered":"Sk\u00f6ldk\u00f6rteltest"},"content":{"rendered":"<h2>Sk\u00f6ldk\u00f6rteltest<\/h2>\n<h5>Svar inom 15 minuter<\/h5>\n<p>Upplever du symtom som tr\u00f6tthet, nedst\u00e4mdhet och energil\u00f6shet, oro, inre stress och allm\u00e4n sjukdomsk\u00e4nsla? D\u00e5 kan detta bero p\u00e5 sk\u00f6ldk\u00f6rteln. Med v\u00e5rt sk\u00f6ldk\u00f6rteltest kan du f\u00e5 reda p\u00e5 hur du m\u00e5r. Sk\u00f6ldk\u00f6rteln sitter under struphuvudet p\u00e5 framsidan av halsen, och har en stor p\u00e5verkan p\u00e5 v\u00e5rt v\u00e4lm\u00e5ende och p\u00e5 v\u00e5r fysiska f\u00f6rm\u00e5ga, d\u00e5 sk\u00f6ldk\u00f6rteln styr \u00e4mnesoms\u00e4ttningen i kroppen. D\u00e4rf\u00f6r spelar den en viktig roll f\u00f6r att vi ska m\u00e5 bra. V\u00e5rt test kan ge dig svar p\u00e5 varf\u00f6r du m\u00e5r som du g\u00f6r.<\/p>\n<p>Om din sk\u00f6ldk\u00f6rtel \u00e4r underaktiv s\u00e5 p\u00e5verkar det niv\u00e5n av Tyreoideastimulerande Hormon (TSH) i ditt blod. Denna hormonniv\u00e5 kan du m\u00e4ta sj\u00e4lv med v\u00e5rt sk\u00f6ldk\u00f6rteltest som g\u00f6rs genom ett enkelt och sm\u00e4rtfritt stick i fingret. Testet tar bara 10-15 minuter och ger dig ett snabbt och enkelt besked om din sk\u00f6ldk\u00f6rtels tillst\u00e5nd. V\u00e5rt sk\u00f6ldk\u00f6rteltest markerar positivt n\u00e4r TSH-niv\u00e5n \u00e4r h\u00f6gre \u00e4n 5 \u03bcIU\/mL. Sk\u00f6ldk\u00f6rteltestet fr\u00e5n oss \u00e4r mycket s\u00e4kert och \u00e4r CE-m\u00e4rkt. Dessutom har testet en tillf\u00f6rlitlighet p\u00e5 95,5%.<\/p>\n<h5>Varf\u00f6r ska du testa dig?<\/h5>\n<p>Det kan vara sv\u00e5rt att uppt\u00e4cka en sk\u00f6ldk\u00f6rtelsjukdom enbart utifr\u00e5n dess symptom d\u00e5 de vanligaste symptomen \u00e4r v\u00e4ldigt allm\u00e4nna. Men med ett sk\u00f6ldk\u00f6rteltest f\u00e5r du ett klart besked p\u00e5 om din viktpendling\/tr\u00f6tthet\/h\u00e5gl\u00f6shet\/yrsel beror p\u00e5 en rubbning av sk\u00f6ldk\u00f6rteln eller ej. Som ett resultat inneb\u00e4r det att du l\u00e4ttare kan s\u00f6ka v\u00e5rd och f\u00e5 r\u00e4tt behandling, Detta \u00e4r med andra ord viktigt d\u00e5 n\u00e5gra sk\u00f6ldk\u00f6rtelsjukdomar kan ge allvarliga komplikationer.<\/p>\n<h5>S\u00e5 h\u00e4r g\u00f6r du<\/h5>\n<p><img loading=\"lazy\" decoding=\"async\" class=\"alignnone size-full wp-image-55553\" src=\"\/wp-content\/uploads\/2019\/03\/PSA-procedur.png\" alt=\"PSA procedur\" width=\"1455\" height=\"467\" srcset=\"https:\/\/medtest.stagingservers.net\/wp-content\/uploads\/2019\/03\/PSA-procedur.png 1455w, https:\/\/medtest.stagingservers.net\/wp-content\/uploads\/2019\/03\/PSA-procedur-720x231.png 720w, https:\/\/medtest.stagingservers.net\/wp-content\/uploads\/2019\/03\/PSA-procedur-1200x385.png 1200w, https:\/\/medtest.stagingservers.net\/wp-content\/uploads\/2019\/03\/PSA-procedur-768x246.png 768w, https:\/\/medtest.stagingservers.net\/wp-content\/uploads\/2019\/03\/PSA-procedur-416x134.png 416w, https:\/\/medtest.stagingservers.net\/wp-content\/uploads\/2019\/03\/PSA-procedur-300x96.png 300w, https:\/\/medtest.stagingservers.net\/wp-content\/uploads\/2019\/03\/PSA-procedur-1024x329.png 1024w\" sizes=\"auto, (max-width: 1455px) 100vw, 1455px\" \/><\/p>\n<ol>\n<li>Reng\u00f6r ditt finger med alkohol reng\u00f6ringsservetten.<\/li>\n<li>Stick dig sedan i fingertoppen med lansetten<\/li>\n<li>Sug d\u00e4refter upp 2-3 droppar blod med pipetten.<\/li>\n<li>Droppa 1-2 droppar blod i testkasettens brunn (S).<\/li>\n<li>Droppa d\u00e4refter 1 droppe buffert.<\/li>\n<li>V\u00e4nta 5 minuter f\u00f6r att avl\u00e4sa resultatet.<\/li>\n<\/ol>\n<h5>Resultat<\/h5>\n<p><img loading=\"lazy\" decoding=\"async\" class=\"alignnone wp-image-54831\" src=\"https:\/\/medtest.stagingservers.net\/wp-content\/uploads\/2019\/02\/Test-resultat.png\" alt=\"\" width=\"231\" height=\"162\" srcset=\"https:\/\/medtest.stagingservers.net\/wp-content\/uploads\/2019\/02\/Test-resultat.png 912w, https:\/\/medtest.stagingservers.net\/wp-content\/uploads\/2019\/02\/Test-resultat-600x420.png 600w, https:\/\/medtest.stagingservers.net\/wp-content\/uploads\/2019\/02\/Test-resultat-200x140.png 200w, https:\/\/medtest.stagingservers.net\/wp-content\/uploads\/2019\/02\/Test-resultat-720x504.png 720w, https:\/\/medtest.stagingservers.net\/wp-content\/uploads\/2019\/02\/Test-resultat-768x538.png 768w, https:\/\/medtest.stagingservers.net\/wp-content\/uploads\/2019\/02\/Test-resultat-416x291.png 416w, https:\/\/medtest.stagingservers.net\/wp-content\/uploads\/2019\/02\/Test-resultat-300x210.png 300w\" sizes=\"auto, (max-width: 231px) 100vw, 231px\" \/><\/p>\n<p>Visas linjer vid C och T \u00e4r resultatet positivt. Visas linje vid endast C \u00e4r resultat negativt. Medan kontrollinjen (C) fungerar som en kvalitetskontroll som s\u00e4kerst\u00e4ller att testkasetten \u00e4r OK.<\/p>\n<p>C = Control (Kontroll) T = Test S = Sample (Prov)<br \/>\nBruksanvisning p\u00e5 svenska medf\u00f6ljer. <a href=\"https:\/\/medtest.stagingservers.net\/kontakta-oss\/\">Kontakta oss<\/a> om du har n\u00e5gra fr\u00e5gor.<\/p>\n","protected":false},"excerpt":{"rendered":"<p>V\u00e5rt test kan ge dig svar p\u00e5 varf\u00f6r du m\u00e5r som du g\u00f6r. Om din sk\u00f6ldk\u00f6rtel \u00e4r underaktiv s\u00e5 p\u00e5verkar det niv\u00e5n av Tyreoideastimulerande Hormon (TSH) i ditt blod. Denna hormonniv\u00e5 kan du m\u00e4ta sj\u00e4lv med v\u00e5rt sk\u00f6ldk\u00f6rteltest som g\u00f6rs genom ett enkelt och sm\u00e4rtfritt stick i fingret. Testet tar bara 10-15 minuter och ger dig ett snabbt och enkelt besked om din sk\u00f6ldk\u00f6rtels tillst\u00e5nd<\/p>\n","protected":false},"featured_media":54872,"comment_status":"closed","ping_status":"closed","template":"","meta":{"_acf_changed":false,"footnotes":""},"product_brand":[],"product_cat":[744,727,745],"product_tag":[],"class_list":{"0":"post-54813","1":"product","2":"type-product","3":"status-publish","4":"has-post-thumbnail","6":"product_cat-halsotester","7":"product_cat-paket-erbjudande","8":"product_cat-skoldkorteltest","10":"first","11":"instock","12":"taxable","13":"shipping-taxable","14":"purchasable","15":"product-type-simple"},"acf":[],"yoast_head":"<title>Sk\u00f6ldk\u00f6rteltest - Medtest Hemtester - Best\u00e4ll idag f\u00e5 svar imorgon<\/title>\n<meta name=\"description\" content=\"Sk\u00f6ldk\u00f6rteltest - Medtest Testa sj\u00e4lv med v\u00e5rt sk\u00f6ldk\u00f6rteltest som g\u00f6rs genom ett enkelt och sm\u00e4rtfritt stick i fingret.\" \/>\n<meta name=\"robots\" content=\"noindex, follow, max-snippet:-1, max-image-preview:large, max-video-preview:-1\" \/>\n<meta property=\"og:locale\" content=\"sv_SE\" \/>\n<meta property=\"og:type\" content=\"article\" \/>\n<meta property=\"og:title\" content=\"Sk\u00f6ldk\u00f6rteltest - Medtest Hemtester - Best\u00e4ll idag f\u00e5 svar imorgon\" \/>\n<meta property=\"og:description\" content=\"Sk\u00f6ldk\u00f6rteltest - Medtest Testa sj\u00e4lv med v\u00e5rt sk\u00f6ldk\u00f6rteltest som g\u00f6rs genom ett enkelt och sm\u00e4rtfritt stick i fingret.\" \/>\n<meta property=\"og:url\" content=\"https:\/\/medtest.stagingservers.net\/sv\/produkt\/skoldkorteltest\/\" \/>\n<meta property=\"og:site_name\" content=\"Medtest\" \/>\n<meta property=\"article:publisher\" content=\"https:\/\/www.facebook.com\/Medtest-1440779469392476\/\" \/>\n<meta property=\"article:modified_time\" content=\"2021-02-17T17:16:46+00:00\" \/>\n<meta property=\"og:image\" content=\"https:\/\/medtest.stagingservers.net\/wp-content\/uploads\/2019\/02\/Sk\u00f6ldk-TSH-SE.jpg\" \/>\n\t<meta property=\"og:image:width\" content=\"2100\" \/>\n\t<meta property=\"og:image:height\" content=\"1400\" \/>\n\t<meta property=\"og:image:type\" content=\"image\/jpeg\" \/>\n<meta name=\"twitter:card\" content=\"summary_large_image\" \/>\n<script type=\"application\/ld+json\" class=\"yoast-schema-graph\">{\"@context\":\"https:\\\/\\\/schema.org\",\"@graph\":[{\"@type\":\"WebPage\",\"@id\":\"https:\\\/\\\/medtest.stagingservers.net\\\/sv\\\/produkt\\\/skoldkorteltest\\\/\",\"url\":\"https:\\\/\\\/medtest.stagingservers.net\\\/sv\\\/produkt\\\/skoldkorteltest\\\/\",\"name\":\"Sk\u00f6ldk\u00f6rteltest - Medtest Hemtester - Best\u00e4ll idag f\u00e5 svar imorgon\",\"isPartOf\":{\"@id\":\"https:\\\/\\\/medtest.stagingservers.net\\\/sv\\\/#website\"},\"primaryImageOfPage\":{\"@id\":\"https:\\\/\\\/medtest.stagingservers.net\\\/sv\\\/produkt\\\/skoldkorteltest\\\/#primaryimage\"},\"image\":{\"@id\":\"https:\\\/\\\/medtest.stagingservers.net\\\/sv\\\/produkt\\\/skoldkorteltest\\\/#primaryimage\"},\"thumbnailUrl\":\"https:\\\/\\\/medtest.stagingservers.net\\\/wp-content\\\/uploads\\\/2019\\\/02\\\/Sk\u00f6ldk-TSH-SE.jpg\",\"datePublished\":\"2019-02-13T12:31:40+00:00\",\"dateModified\":\"2021-02-17T17:16:46+00:00\",\"description\":\"Sk\u00f6ldk\u00f6rteltest - Medtest Testa sj\u00e4lv med v\u00e5rt sk\u00f6ldk\u00f6rteltest som g\u00f6rs genom ett enkelt och sm\u00e4rtfritt stick i fingret.\",\"breadcrumb\":{\"@id\":\"https:\\\/\\\/medtest.stagingservers.net\\\/sv\\\/produkt\\\/skoldkorteltest\\\/#breadcrumb\"},\"inLanguage\":\"sv-SE\",\"potentialAction\":[{\"@type\":\"ReadAction\",\"target\":[\"https:\\\/\\\/medtest.stagingservers.net\\\/sv\\\/produkt\\\/skoldkorteltest\\\/\"]}]},{\"@type\":\"ImageObject\",\"inLanguage\":\"sv-SE\",\"@id\":\"https:\\\/\\\/medtest.stagingservers.net\\\/sv\\\/produkt\\\/skoldkorteltest\\\/#primaryimage\",\"url\":\"https:\\\/\\\/medtest.stagingservers.net\\\/wp-content\\\/uploads\\\/2019\\\/02\\\/Sk\u00f6ldk-TSH-SE.jpg\",\"contentUrl\":\"https:\\\/\\\/medtest.stagingservers.net\\\/wp-content\\\/uploads\\\/2019\\\/02\\\/Sk\u00f6ldk-TSH-SE.jpg\",\"width\":2100,\"height\":1400,\"caption\":\"Sk\u00f6ldk\u00f6rteltest\"},{\"@type\":\"BreadcrumbList\",\"@id\":\"https:\\\/\\\/medtest.stagingservers.net\\\/sv\\\/produkt\\\/skoldkorteltest\\\/#breadcrumb\",\"itemListElement\":[{\"@type\":\"ListItem\",\"position\":1,\"name\":\"Home\",\"item\":\"https:\\\/\\\/medtest.stagingservers.net\\\/sv\\\/\"},{\"@type\":\"ListItem\",\"position\":2,\"name\":\"Shop\",\"item\":\"https:\\\/\\\/medtest.stagingservers.net\\\/home-shop\\\/\"},{\"@type\":\"ListItem\",\"position\":3,\"name\":\"Sk\u00f6ldk\u00f6rteltest\"}]},{\"@type\":\"WebSite\",\"@id\":\"https:\\\/\\\/medtest.stagingservers.net\\\/sv\\\/#website\",\"url\":\"https:\\\/\\\/medtest.stagingservers.net\\\/sv\\\/\",\"name\":\"Medtest\",\"description\":\"\",\"publisher\":{\"@id\":\"https:\\\/\\\/medtest.stagingservers.net\\\/sv\\\/#organization\"},\"potentialAction\":[{\"@type\":\"SearchAction\",\"target\":{\"@type\":\"EntryPoint\",\"urlTemplate\":\"https:\\\/\\\/medtest.stagingservers.net\\\/sv\\\/?s={search_term_string}\"},\"query-input\":{\"@type\":\"PropertyValueSpecification\",\"valueRequired\":true,\"valueName\":\"search_term_string\"}}],\"inLanguage\":\"sv-SE\"},{\"@type\":\"Organization\",\"@id\":\"https:\\\/\\\/medtest.stagingservers.net\\\/sv\\\/#organization\",\"name\":\"Medtest\",\"url\":\"https:\\\/\\\/medtest.stagingservers.net\\\/sv\\\/\",\"logo\":{\"@type\":\"ImageObject\",\"inLanguage\":\"sv-SE\",\"@id\":\"https:\\\/\\\/medtest.stagingservers.net\\\/sv\\\/#\\\/schema\\\/logo\\\/image\\\/\",\"url\":\"https:\\\/\\\/medtest.stagingservers.net\\\/wp-content\\\/uploads\\\/2018\\\/11\\\/Original.png\",\"contentUrl\":\"https:\\\/\\\/medtest.stagingservers.net\\\/wp-content\\\/uploads\\\/2018\\\/11\\\/Original.png\",\"width\":1024,\"height\":1024,\"caption\":\"Medtest\"},\"image\":{\"@id\":\"https:\\\/\\\/medtest.stagingservers.net\\\/sv\\\/#\\\/schema\\\/logo\\\/image\\\/\"},\"sameAs\":[\"https:\\\/\\\/www.facebook.com\\\/Medtest-1440779469392476\\\/\"]}]}<\/script>","yoast_head_json":{"title":"Sk\u00f6ldk\u00f6rteltest - Medtest Hemtester - Best\u00e4ll idag f\u00e5 svar imorgon","description":"Sk\u00f6ldk\u00f6rteltest - Medtest Testa sj\u00e4lv med v\u00e5rt sk\u00f6ldk\u00f6rteltest som g\u00f6rs genom ett enkelt och sm\u00e4rtfritt stick i fingret.","robots":{"index":"noindex","follow":"follow","max-snippet":"max-snippet:-1","max-image-preview":"max-image-preview:large","max-video-preview":"max-video-preview:-1"},"og_locale":"sv_SE","og_type":"article","og_title":"Sk\u00f6ldk\u00f6rteltest - Medtest Hemtester - Best\u00e4ll idag f\u00e5 svar imorgon","og_description":"Sk\u00f6ldk\u00f6rteltest - Medtest Testa sj\u00e4lv med v\u00e5rt sk\u00f6ldk\u00f6rteltest som g\u00f6rs genom ett enkelt och sm\u00e4rtfritt stick i fingret.","og_url":"https:\/\/medtest.stagingservers.net\/sv\/produkt\/skoldkorteltest\/","og_site_name":"Medtest","article_publisher":"https:\/\/www.facebook.com\/Medtest-1440779469392476\/","article_modified_time":"2021-02-17T17:16:46+00:00","og_image":[{"width":2100,"height":1400,"url":"https:\/\/medtest.stagingservers.net\/wp-content\/uploads\/2019\/02\/Sk\u00f6ldk-TSH-SE.jpg","type":"image\/jpeg"}],"twitter_card":"summary_large_image","schema":{"@context":"https:\/\/schema.org","@graph":[{"@type":"WebPage","@id":"https:\/\/medtest.stagingservers.net\/sv\/produkt\/skoldkorteltest\/","url":"https:\/\/medtest.stagingservers.net\/sv\/produkt\/skoldkorteltest\/","name":"Sk\u00f6ldk\u00f6rteltest - Medtest Hemtester - Best\u00e4ll idag f\u00e5 svar imorgon","isPartOf":{"@id":"https:\/\/medtest.stagingservers.net\/sv\/#website"},"primaryImageOfPage":{"@id":"https:\/\/medtest.stagingservers.net\/sv\/produkt\/skoldkorteltest\/#primaryimage"},"image":{"@id":"https:\/\/medtest.stagingservers.net\/sv\/produkt\/skoldkorteltest\/#primaryimage"},"thumbnailUrl":"https:\/\/medtest.stagingservers.net\/wp-content\/uploads\/2019\/02\/Sk\u00f6ldk-TSH-SE.jpg","datePublished":"2019-02-13T12:31:40+00:00","dateModified":"2021-02-17T17:16:46+00:00","description":"Sk\u00f6ldk\u00f6rteltest - Medtest Testa sj\u00e4lv med v\u00e5rt sk\u00f6ldk\u00f6rteltest som g\u00f6rs genom ett enkelt och sm\u00e4rtfritt stick i fingret.","breadcrumb":{"@id":"https:\/\/medtest.stagingservers.net\/sv\/produkt\/skoldkorteltest\/#breadcrumb"},"inLanguage":"sv-SE","potentialAction":[{"@type":"ReadAction","target":["https:\/\/medtest.stagingservers.net\/sv\/produkt\/skoldkorteltest\/"]}]},{"@type":"ImageObject","inLanguage":"sv-SE","@id":"https:\/\/medtest.stagingservers.net\/sv\/produkt\/skoldkorteltest\/#primaryimage","url":"https:\/\/medtest.stagingservers.net\/wp-content\/uploads\/2019\/02\/Sk\u00f6ldk-TSH-SE.jpg","contentUrl":"https:\/\/medtest.stagingservers.net\/wp-content\/uploads\/2019\/02\/Sk\u00f6ldk-TSH-SE.jpg","width":2100,"height":1400,"caption":"Sk\u00f6ldk\u00f6rteltest"},{"@type":"BreadcrumbList","@id":"https:\/\/medtest.stagingservers.net\/sv\/produkt\/skoldkorteltest\/#breadcrumb","itemListElement":[{"@type":"ListItem","position":1,"name":"Home","item":"https:\/\/medtest.stagingservers.net\/sv\/"},{"@type":"ListItem","position":2,"name":"Shop","item":"https:\/\/medtest.stagingservers.net\/home-shop\/"},{"@type":"ListItem","position":3,"name":"Sk\u00f6ldk\u00f6rteltest"}]},{"@type":"WebSite","@id":"https:\/\/medtest.stagingservers.net\/sv\/#website","url":"https:\/\/medtest.stagingservers.net\/sv\/","name":"Medtest","description":"","publisher":{"@id":"https:\/\/medtest.stagingservers.net\/sv\/#organization"},"potentialAction":[{"@type":"SearchAction","target":{"@type":"EntryPoint","urlTemplate":"https:\/\/medtest.stagingservers.net\/sv\/?s={search_term_string}"},"query-input":{"@type":"PropertyValueSpecification","valueRequired":true,"valueName":"search_term_string"}}],"inLanguage":"sv-SE"},{"@type":"Organization","@id":"https:\/\/medtest.stagingservers.net\/sv\/#organization","name":"Medtest","url":"https:\/\/medtest.stagingservers.net\/sv\/","logo":{"@type":"ImageObject","inLanguage":"sv-SE","@id":"https:\/\/medtest.stagingservers.net\/sv\/#\/schema\/logo\/image\/","url":"https:\/\/medtest.stagingservers.net\/wp-content\/uploads\/2018\/11\/Original.png","contentUrl":"https:\/\/medtest.stagingservers.net\/wp-content\/uploads\/2018\/11\/Original.png","width":1024,"height":1024,"caption":"Medtest"},"image":{"@id":"https:\/\/medtest.stagingservers.net\/sv\/#\/schema\/logo\/image\/"},"sameAs":["https:\/\/www.facebook.com\/Medtest-1440779469392476\/"]}]}},"_links":{"self":[{"href":"https:\/\/medtest.stagingservers.net\/sv\/wp-json\/wp\/v2\/product\/54813","targetHints":{"allow":["GET"]}}],"collection":[{"href":"https:\/\/medtest.stagingservers.net\/sv\/wp-json\/wp\/v2\/product"}],"about":[{"href":"https:\/\/medtest.stagingservers.net\/sv\/wp-json\/wp\/v2\/types\/product"}],"replies":[{"embeddable":true,"href":"https:\/\/medtest.stagingservers.net\/sv\/wp-json\/wp\/v2\/comments?post=54813"}],"version-history":[{"count":2,"href":"https:\/\/medtest.stagingservers.net\/sv\/wp-json\/wp\/v2\/product\/54813\/revisions"}],"predecessor-version":[{"id":90586,"href":"https:\/\/medtest.stagingservers.net\/sv\/wp-json\/wp\/v2\/product\/54813\/revisions\/90586"}],"wp:featuredmedia":[{"embeddable":true,"href":"https:\/\/medtest.stagingservers.net\/sv\/wp-json\/wp\/v2\/media\/54872"}],"wp:attachment":[{"href":"https:\/\/medtest.stagingservers.net\/sv\/wp-json\/wp\/v2\/media?parent=54813"}],"wp:term":[{"taxonomy":"product_brand","embeddable":true,"href":"https:\/\/medtest.stagingservers.net\/sv\/wp-json\/wp\/v2\/product_brand?post=54813"},{"taxonomy":"product_cat","embeddable":true,"href":"https:\/\/medtest.stagingservers.net\/sv\/wp-json\/wp\/v2\/product_cat?post=54813"},{"taxonomy":"product_tag","embeddable":true,"href":"https:\/\/medtest.stagingservers.net\/sv\/wp-json\/wp\/v2\/product_tag?post=54813"}],"curies":[{"name":"wp","href":"https:\/\/api.w.org\/{rel}","templated":true}]}}