{"id":54816,"date":"2019-02-13T12:49:15","date_gmt":"2019-02-13T10:49:15","guid":{"rendered":"http:\/\/104.248.87.71\/?post_type=product&#038;p=54816"},"modified":"2019-11-12T14:42:04","modified_gmt":"2019-11-12T12:42:04","slug":"klimakterietest","status":"publish","type":"product","link":"https:\/\/medtest.stagingservers.net\/sv\/produkt\/klimakterietest\/","title":{"rendered":"Klimakterietest"},"content":{"rendered":"<h2 style=\"text-align: center;\">Klimakterietest<\/h2>\n<h5>Hemtest med svar inom 5 minuter<\/h5>\n<p>Med Klimakterietest fr\u00e5n Medtest tar du p\u00e5 egen hand ett urinprov (kiss p\u00e5 sticka) som snabbt och s\u00e4kert visar om du n\u00e5tt klimakteriets sista fas, postmenopaus, eller inte. Vid ca 45 \u00e5rs \u00e5lder n\u00e4rmar sig de flesta kvinnor den fas i livet som kallas klimakteriet eller \u00f6verg\u00e5ngs\u00e5ldern. Vanliga symtom \u00e4r d\u00e5 hum\u00f6rsv\u00e4ngningar, v\u00e4rmevallningar, svettningar, s\u00f6mnsv\u00e5righeter, sk\u00f6ra slemhinnor i underlivet och urintr\u00e4ngningar. Detta beror p\u00e5 att k\u00f6nshormonet \u00f6strogen i kroppen minskar gradvis. Klimakteritest fr\u00e5n oss \u00e4r mycket s\u00e4kert och \u00e4r dessutom CE-m\u00e4rkt. Testet m\u00e4ter Follikelstimulerande hormon (FSH) i urin i koncentrationer fr\u00e5n 25 mIU\/ml eller h\u00f6gre. Dessutom har testet en tillf\u00f6rlitlighet 92,8%. Svensk bipacksedel medf\u00f6ljer i f\u00f6rpackningen.<\/p>\n<h5>Varf\u00f6r ska du testa dig?<\/h5>\n<p>Oregelbunden mens \u00e4r vanligt n\u00e4r man n\u00e4rmar sig menopause och det kan vara sv\u00e5rt att veta om man n\u00e5tt klimakteriet eller fortfarande \u00e4r fertil. Testet verifierar f\u00f6rh\u00f6jd halt av hormonet FSH, vilket \u00f6kar i kroppen med menopaus och sedan \u00e4r f\u00f6rh\u00f6jd under tre till fem \u00e5r. Genom att testa sig f\u00e5r du svar p\u00e5 om du befinner dig i postmenopause. Testet riktar sig s\u00e5ledes \u00e4ven till dig som vill veta om du passerat klimakteriet och d\u00e4rmed undvika on\u00f6dig medicinering (b\u00f6r ske i samr\u00e5d med l\u00e4kare).<\/p>\n<h5>S\u00e5 h\u00e4r g\u00f6r du<\/h5>\n<ol>\n<li>\u00a0S\u00e4nk ner teststickan i en kopp med urin under 10-15 sekunder.<\/li>\n<li>Placera d\u00e4refter teststickan p\u00e5 en icke-absorberande plan yta. L\u00e4s sedan av resultatet efter 3 minuter. Tolka inte resultatet efter 10 minuter.<\/li>\n<\/ol>\n<p>Instruktioner p\u00e5 svenska medf\u00f6ljer <a href=\"https:\/\/medtest.stagingservers.net\/alla-produkter\/\">alla v\u00e5ra produkter<\/a>.<\/p>\n<h3>Vanliga fr\u00e5gor<\/h3>\n<p><strong>Varf\u00f6r ska jag anv\u00e4nda ett sj\u00e4lvtest? <\/strong>Det finns m\u00e5nga svar p\u00e5 den fr\u00e5gan. De flesta av v\u00e5ra kunder upplever att v\u00e5ra tester har resulterat i att de \u00e4ntligen f\u00e5tt hj\u00e4lp av prim\u00e4rv\u00e5rd, n\u00e4r ett test indikerar f\u00f6r att n\u00e5got inte st\u00e5r r\u00e4tt till s\u00e5 upplever m\u00e5nga att de enklare f\u00e5r den hj\u00e4lp de faktiskt har r\u00e4tt till. Fota d\u00e4rf\u00f6r alltid resultatet om det \u00e4r positivt och ta med till l\u00e4kare. <strong>Hur garanterar ni s\u00e4kerhet\/tillf\u00f6rlitlighet? <\/strong>Genom att f\u00f6lja direktiven f\u00f6r CE-m\u00e4rkning. Detta betyder bl.a att vi har tillsett att manualer etc \u00e4r enkla att f\u00f6rst\u00e5 \u2013 \u00e4ven f\u00f6r de som inte har medicinsk utbildning.<\/p>\n","protected":false},"excerpt":{"rendered":"<p>Med Klimakterietest fr\u00e5n Medtest tar du p\u00e5 egen hand ett urinprov (kiss p\u00e5 sticka) som snabbt och s\u00e4kert visar om du n\u00e5tt klimakteriets sista fas, postmenopaus, eller inte.<\/p>\n<p>Vid ca 45 \u00e5rs \u00e5lder n\u00e4rmar sig de flesta kvinnor den fas i livet som kallas klimakteriet eller \u00f6verg\u00e5ngs\u00e5ldern. Vanliga symtom \u00e4r hum\u00f6rsv\u00e4ngningar, v\u00e4rmevallningar, svettningar, s\u00f6mnsv\u00e5righeter, sk\u00f6ra slemhinnor i underlivet och urintr\u00e4ngningar. Detta beror p\u00e5 att k\u00f6nshormonet \u00f6strogen i kroppen minskar gradvis. Till sist upph\u00f6r mensen helt \u2013 vilket kallas menopaus \u2013 och chanserna att bli gravid f\u00f6rsvinner helt. Klimakteriefasen efter menopause kallas postmenopaus.<\/p>\n<p>Klimakteritest fr\u00e5n oss \u00e4r mycket s\u00e4kert och \u00e4r CE-m\u00e4rkt.<\/p>\n","protected":false},"featured_media":70850,"comment_status":"closed","ping_status":"closed","template":"","meta":{"_acf_changed":false,"footnotes":""},"product_brand":[],"product_cat":[747],"product_tag":[],"class_list":{"0":"post-54816","1":"product","2":"type-product","3":"status-publish","4":"has-post-thumbnail","6":"product_cat-klimakterietest","8":"first","9":"instock","10":"taxable","11":"shipping-taxable","12":"purchasable","13":"product-type-simple"},"acf":[],"yoast_head":"<title>Klimakterietest - Hemtest som m\u00e4ter halten FSH i urinen. Medtest<\/title>\n<meta name=\"description\" content=\"Klimakterietest som s\u00e4kert visar om du n\u00e5tt klimakteriets sista fas, postmenopaus, eller inte. En sticka f\u00f6rs ner i en kopp med urin.\" \/>\n<meta name=\"robots\" content=\"noindex, follow, max-snippet:-1, max-image-preview:large, max-video-preview:-1\" \/>\n<meta property=\"og:locale\" content=\"sv_SE\" \/>\n<meta property=\"og:type\" content=\"article\" \/>\n<meta property=\"og:title\" content=\"Klimakterietest - Hemtest som m\u00e4ter halten FSH i urinen. Medtest\" \/>\n<meta property=\"og:description\" content=\"Klimakterietest som s\u00e4kert visar om du n\u00e5tt klimakteriets sista fas, postmenopaus, eller inte. En sticka f\u00f6rs ner i en kopp med urin.\" \/>\n<meta property=\"og:url\" content=\"https:\/\/medtest.stagingservers.net\/sv\/produkt\/klimakterietest\/\" \/>\n<meta property=\"og:site_name\" content=\"Medtest\" \/>\n<meta property=\"article:publisher\" content=\"https:\/\/www.facebook.com\/Medtest-1440779469392476\/\" \/>\n<meta property=\"article:modified_time\" content=\"2019-11-12T12:42:04+00:00\" \/>\n<meta property=\"og:image\" content=\"https:\/\/medtest.stagingservers.net\/wp-content\/uploads\/2019\/02\/Klimakterie-FSH-SE-1.jpg\" \/>\n\t<meta property=\"og:image:width\" content=\"2100\" \/>\n\t<meta property=\"og:image:height\" content=\"1400\" \/>\n\t<meta property=\"og:image:type\" content=\"image\/jpeg\" \/>\n<meta name=\"twitter:card\" content=\"summary_large_image\" \/>\n<script type=\"application\/ld+json\" class=\"yoast-schema-graph\">{\"@context\":\"https:\\\/\\\/schema.org\",\"@graph\":[{\"@type\":\"WebPage\",\"@id\":\"https:\\\/\\\/medtest.stagingservers.net\\\/sv\\\/produkt\\\/klimakterietest\\\/\",\"url\":\"https:\\\/\\\/medtest.stagingservers.net\\\/sv\\\/produkt\\\/klimakterietest\\\/\",\"name\":\"Klimakterietest - Hemtest som m\u00e4ter halten FSH i urinen. Medtest\",\"isPartOf\":{\"@id\":\"https:\\\/\\\/medtest.stagingservers.net\\\/sv\\\/#website\"},\"primaryImageOfPage\":{\"@id\":\"https:\\\/\\\/medtest.stagingservers.net\\\/sv\\\/produkt\\\/klimakterietest\\\/#primaryimage\"},\"image\":{\"@id\":\"https:\\\/\\\/medtest.stagingservers.net\\\/sv\\\/produkt\\\/klimakterietest\\\/#primaryimage\"},\"thumbnailUrl\":\"https:\\\/\\\/medtest.stagingservers.net\\\/wp-content\\\/uploads\\\/2019\\\/02\\\/Klimakterie-FSH-SE-1.jpg\",\"datePublished\":\"2019-02-13T10:49:15+00:00\",\"dateModified\":\"2019-11-12T12:42:04+00:00\",\"description\":\"Klimakterietest som s\u00e4kert visar om du n\u00e5tt klimakteriets sista fas, postmenopaus, eller inte. En sticka f\u00f6rs ner i en kopp med urin.\",\"breadcrumb\":{\"@id\":\"https:\\\/\\\/medtest.stagingservers.net\\\/sv\\\/produkt\\\/klimakterietest\\\/#breadcrumb\"},\"inLanguage\":\"sv-SE\",\"potentialAction\":[{\"@type\":\"ReadAction\",\"target\":[\"https:\\\/\\\/medtest.stagingservers.net\\\/sv\\\/produkt\\\/klimakterietest\\\/\"]}]},{\"@type\":\"ImageObject\",\"inLanguage\":\"sv-SE\",\"@id\":\"https:\\\/\\\/medtest.stagingservers.net\\\/sv\\\/produkt\\\/klimakterietest\\\/#primaryimage\",\"url\":\"https:\\\/\\\/medtest.stagingservers.net\\\/wp-content\\\/uploads\\\/2019\\\/02\\\/Klimakterie-FSH-SE-1.jpg\",\"contentUrl\":\"https:\\\/\\\/medtest.stagingservers.net\\\/wp-content\\\/uploads\\\/2019\\\/02\\\/Klimakterie-FSH-SE-1.jpg\",\"width\":2100,\"height\":1400,\"caption\":\"Klimakterietest\"},{\"@type\":\"BreadcrumbList\",\"@id\":\"https:\\\/\\\/medtest.stagingservers.net\\\/sv\\\/produkt\\\/klimakterietest\\\/#breadcrumb\",\"itemListElement\":[{\"@type\":\"ListItem\",\"position\":1,\"name\":\"Home\",\"item\":\"https:\\\/\\\/medtest.stagingservers.net\\\/sv\\\/\"},{\"@type\":\"ListItem\",\"position\":2,\"name\":\"Shop\",\"item\":\"https:\\\/\\\/medtest.stagingservers.net\\\/home-shop\\\/\"},{\"@type\":\"ListItem\",\"position\":3,\"name\":\"Klimakterietest\"}]},{\"@type\":\"WebSite\",\"@id\":\"https:\\\/\\\/medtest.stagingservers.net\\\/sv\\\/#website\",\"url\":\"https:\\\/\\\/medtest.stagingservers.net\\\/sv\\\/\",\"name\":\"Medtest\",\"description\":\"\",\"publisher\":{\"@id\":\"https:\\\/\\\/medtest.stagingservers.net\\\/sv\\\/#organization\"},\"potentialAction\":[{\"@type\":\"SearchAction\",\"target\":{\"@type\":\"EntryPoint\",\"urlTemplate\":\"https:\\\/\\\/medtest.stagingservers.net\\\/sv\\\/?s={search_term_string}\"},\"query-input\":{\"@type\":\"PropertyValueSpecification\",\"valueRequired\":true,\"valueName\":\"search_term_string\"}}],\"inLanguage\":\"sv-SE\"},{\"@type\":\"Organization\",\"@id\":\"https:\\\/\\\/medtest.stagingservers.net\\\/sv\\\/#organization\",\"name\":\"Medtest\",\"url\":\"https:\\\/\\\/medtest.stagingservers.net\\\/sv\\\/\",\"logo\":{\"@type\":\"ImageObject\",\"inLanguage\":\"sv-SE\",\"@id\":\"https:\\\/\\\/medtest.stagingservers.net\\\/sv\\\/#\\\/schema\\\/logo\\\/image\\\/\",\"url\":\"https:\\\/\\\/medtest.stagingservers.net\\\/wp-content\\\/uploads\\\/2018\\\/11\\\/Original.png\",\"contentUrl\":\"https:\\\/\\\/medtest.stagingservers.net\\\/wp-content\\\/uploads\\\/2018\\\/11\\\/Original.png\",\"width\":1024,\"height\":1024,\"caption\":\"Medtest\"},\"image\":{\"@id\":\"https:\\\/\\\/medtest.stagingservers.net\\\/sv\\\/#\\\/schema\\\/logo\\\/image\\\/\"},\"sameAs\":[\"https:\\\/\\\/www.facebook.com\\\/Medtest-1440779469392476\\\/\"]}]}<\/script>","yoast_head_json":{"title":"Klimakterietest - Hemtest som m\u00e4ter halten FSH i urinen. Medtest","description":"Klimakterietest som s\u00e4kert visar om du n\u00e5tt klimakteriets sista fas, postmenopaus, eller inte. En sticka f\u00f6rs ner i en kopp med urin.","robots":{"index":"noindex","follow":"follow","max-snippet":"max-snippet:-1","max-image-preview":"max-image-preview:large","max-video-preview":"max-video-preview:-1"},"og_locale":"sv_SE","og_type":"article","og_title":"Klimakterietest - Hemtest som m\u00e4ter halten FSH i urinen. Medtest","og_description":"Klimakterietest som s\u00e4kert visar om du n\u00e5tt klimakteriets sista fas, postmenopaus, eller inte. En sticka f\u00f6rs ner i en kopp med urin.","og_url":"https:\/\/medtest.stagingservers.net\/sv\/produkt\/klimakterietest\/","og_site_name":"Medtest","article_publisher":"https:\/\/www.facebook.com\/Medtest-1440779469392476\/","article_modified_time":"2019-11-12T12:42:04+00:00","og_image":[{"width":2100,"height":1400,"url":"https:\/\/medtest.stagingservers.net\/wp-content\/uploads\/2019\/02\/Klimakterie-FSH-SE-1.jpg","type":"image\/jpeg"}],"twitter_card":"summary_large_image","schema":{"@context":"https:\/\/schema.org","@graph":[{"@type":"WebPage","@id":"https:\/\/medtest.stagingservers.net\/sv\/produkt\/klimakterietest\/","url":"https:\/\/medtest.stagingservers.net\/sv\/produkt\/klimakterietest\/","name":"Klimakterietest - Hemtest som m\u00e4ter halten FSH i urinen. Medtest","isPartOf":{"@id":"https:\/\/medtest.stagingservers.net\/sv\/#website"},"primaryImageOfPage":{"@id":"https:\/\/medtest.stagingservers.net\/sv\/produkt\/klimakterietest\/#primaryimage"},"image":{"@id":"https:\/\/medtest.stagingservers.net\/sv\/produkt\/klimakterietest\/#primaryimage"},"thumbnailUrl":"https:\/\/medtest.stagingservers.net\/wp-content\/uploads\/2019\/02\/Klimakterie-FSH-SE-1.jpg","datePublished":"2019-02-13T10:49:15+00:00","dateModified":"2019-11-12T12:42:04+00:00","description":"Klimakterietest som s\u00e4kert visar om du n\u00e5tt klimakteriets sista fas, postmenopaus, eller inte. En sticka f\u00f6rs ner i en kopp med urin.","breadcrumb":{"@id":"https:\/\/medtest.stagingservers.net\/sv\/produkt\/klimakterietest\/#breadcrumb"},"inLanguage":"sv-SE","potentialAction":[{"@type":"ReadAction","target":["https:\/\/medtest.stagingservers.net\/sv\/produkt\/klimakterietest\/"]}]},{"@type":"ImageObject","inLanguage":"sv-SE","@id":"https:\/\/medtest.stagingservers.net\/sv\/produkt\/klimakterietest\/#primaryimage","url":"https:\/\/medtest.stagingservers.net\/wp-content\/uploads\/2019\/02\/Klimakterie-FSH-SE-1.jpg","contentUrl":"https:\/\/medtest.stagingservers.net\/wp-content\/uploads\/2019\/02\/Klimakterie-FSH-SE-1.jpg","width":2100,"height":1400,"caption":"Klimakterietest"},{"@type":"BreadcrumbList","@id":"https:\/\/medtest.stagingservers.net\/sv\/produkt\/klimakterietest\/#breadcrumb","itemListElement":[{"@type":"ListItem","position":1,"name":"Home","item":"https:\/\/medtest.stagingservers.net\/sv\/"},{"@type":"ListItem","position":2,"name":"Shop","item":"https:\/\/medtest.stagingservers.net\/home-shop\/"},{"@type":"ListItem","position":3,"name":"Klimakterietest"}]},{"@type":"WebSite","@id":"https:\/\/medtest.stagingservers.net\/sv\/#website","url":"https:\/\/medtest.stagingservers.net\/sv\/","name":"Medtest","description":"","publisher":{"@id":"https:\/\/medtest.stagingservers.net\/sv\/#organization"},"potentialAction":[{"@type":"SearchAction","target":{"@type":"EntryPoint","urlTemplate":"https:\/\/medtest.stagingservers.net\/sv\/?s={search_term_string}"},"query-input":{"@type":"PropertyValueSpecification","valueRequired":true,"valueName":"search_term_string"}}],"inLanguage":"sv-SE"},{"@type":"Organization","@id":"https:\/\/medtest.stagingservers.net\/sv\/#organization","name":"Medtest","url":"https:\/\/medtest.stagingservers.net\/sv\/","logo":{"@type":"ImageObject","inLanguage":"sv-SE","@id":"https:\/\/medtest.stagingservers.net\/sv\/#\/schema\/logo\/image\/","url":"https:\/\/medtest.stagingservers.net\/wp-content\/uploads\/2018\/11\/Original.png","contentUrl":"https:\/\/medtest.stagingservers.net\/wp-content\/uploads\/2018\/11\/Original.png","width":1024,"height":1024,"caption":"Medtest"},"image":{"@id":"https:\/\/medtest.stagingservers.net\/sv\/#\/schema\/logo\/image\/"},"sameAs":["https:\/\/www.facebook.com\/Medtest-1440779469392476\/"]}]}},"_links":{"self":[{"href":"https:\/\/medtest.stagingservers.net\/sv\/wp-json\/wp\/v2\/product\/54816","targetHints":{"allow":["GET"]}}],"collection":[{"href":"https:\/\/medtest.stagingservers.net\/sv\/wp-json\/wp\/v2\/product"}],"about":[{"href":"https:\/\/medtest.stagingservers.net\/sv\/wp-json\/wp\/v2\/types\/product"}],"replies":[{"embeddable":true,"href":"https:\/\/medtest.stagingservers.net\/sv\/wp-json\/wp\/v2\/comments?post=54816"}],"version-history":[{"count":0,"href":"https:\/\/medtest.stagingservers.net\/sv\/wp-json\/wp\/v2\/product\/54816\/revisions"}],"wp:featuredmedia":[{"embeddable":true,"href":"https:\/\/medtest.stagingservers.net\/sv\/wp-json\/wp\/v2\/media\/70850"}],"wp:attachment":[{"href":"https:\/\/medtest.stagingservers.net\/sv\/wp-json\/wp\/v2\/media?parent=54816"}],"wp:term":[{"taxonomy":"product_brand","embeddable":true,"href":"https:\/\/medtest.stagingservers.net\/sv\/wp-json\/wp\/v2\/product_brand?post=54816"},{"taxonomy":"product_cat","embeddable":true,"href":"https:\/\/medtest.stagingservers.net\/sv\/wp-json\/wp\/v2\/product_cat?post=54816"},{"taxonomy":"product_tag","embeddable":true,"href":"https:\/\/medtest.stagingservers.net\/sv\/wp-json\/wp\/v2\/product_tag?post=54816"}],"curies":[{"name":"wp","href":"https:\/\/api.w.org\/{rel}","templated":true}]}}