{"id":54823,"date":"2019-02-19T10:04:57","date_gmt":"2019-02-19T10:04:57","guid":{"rendered":"http:\/\/104.248.87.71\/?post_type=product&#038;p=54823"},"modified":"2020-08-20T07:57:58","modified_gmt":"2020-08-20T05:57:58","slug":"blod-i-avforingen","status":"publish","type":"product","link":"https:\/\/medtest.stagingservers.net\/sv\/produkt\/blod-i-avforingen\/","title":{"rendered":"Blod i avf\u00f6ringen"},"content":{"rendered":"<h2 style=\"text-align: left;\">Blod i avf\u00f6ringen<\/h2>\n<p>V\u00e5rat FOB tarmtest \u00e4r ett CE-m\u00e4rkt snabbtest f\u00f6r uppt\u00e4ckt av dolt blod i avf\u00f6ring\u00a0som ger en tidig varning.<\/p>\n<p>M\u00e5nga sjukdomar kan orsaka dolt blod i avf\u00f6ring, k\u00e4nt som Fecal Occult Blood (FOB). I tidiga skeden kan gastrointestinala problem som tarmcancer, s\u00e5r, polyper, kolit, divertikulit och sprickor inte visa n\u00e5gra synliga symptom, utan bara blod. V\u00e5rat test \u00e4r ett snabbt test f\u00f6r att kvalitativt uppt\u00e4cka l\u00e5ga niv\u00e5er av blod i avf\u00f6ringen. Testet anv\u00e4nder en dubbel antikroppsanalys f\u00f6r att selektivt uppt\u00e4cka blod vid 50 ng\/ml eller h\u00f6gre eller 6 ug\/g avf\u00f6ring. Dessutom, till skillnad fr\u00e5n andra analyser, vilken kost du \u00e4ter p\u00e5verkar inte noggrannheten av testet.<\/p>\n<h5>G\u00f6r s\u00e5 h\u00e4r:<\/h5>\n<p>1. Samla avf\u00f6ringsprov i avf\u00f6ringsf\u00e5ngaren. Anv\u00e4nd avf\u00f6ringsf\u00e5ngaren i alla typer av toaletter f\u00f6r att undvika f\u00f6rorening av provet.<\/p>\n<p>2. Skruva av locket p\u00e5 provuppsamlingsr\u00f6ret och slumpm\u00e4ssigt stick provuppsamlingsapplikatorn i avf\u00f6ringsprovet p\u00e5 minst 3 olika platser. Skopa inte avf\u00f6ringsprovet. Skruva fast och dra \u00e5t locket p\u00e5 provuppsamlingsr\u00f6ret och skaka provuppsamlingsr\u00f6ret kraftigt f\u00f6r att blanda provet och extraktionsbufferten.<\/p>\n<p>3. Ta ut testkassetten fr\u00e5n foliep\u00e5sen och anv\u00e4nd den s\u00e5 snart som m\u00f6jligt. B\u00e4st resultat erh\u00e5ller du om du utf\u00f6r testet omedelbart efter \u00f6ppnandet av foliep\u00e5sen.<\/p>\n<p>4. H\u00e5ll provuppsamlingsr\u00f6ret uppr\u00e4tt och \u00f6ppna locket p\u00e5 provuppsamlingsr\u00f6ret. V\u00e4nd r\u00f6ret upp och ned och \u00f6verf\u00f6r 2 hela droppar till testkassetten (S) och starta sedan timern. Se illustration nedan.<\/p>\n<p>5. L\u00e4s resultat efter 5 minuter. L\u00e4s inte resultat efter 10 minuter.<\/p>\n<p><img loading=\"lazy\" decoding=\"async\" class=\"alignnone size-full wp-image-54830\" src=\"https:\/\/medtest.stagingservers.net\/wp-content\/uploads\/2019\/02\/FOB.png\" alt=\"\" width=\"1198\" height=\"341\" srcset=\"https:\/\/medtest.stagingservers.net\/wp-content\/uploads\/2019\/02\/FOB.png 1198w, https:\/\/medtest.stagingservers.net\/wp-content\/uploads\/2019\/02\/FOB-600x171.png 600w, https:\/\/medtest.stagingservers.net\/wp-content\/uploads\/2019\/02\/FOB-200x57.png 200w, https:\/\/medtest.stagingservers.net\/wp-content\/uploads\/2019\/02\/FOB-720x205.png 720w, https:\/\/medtest.stagingservers.net\/wp-content\/uploads\/2019\/02\/FOB-768x219.png 768w, https:\/\/medtest.stagingservers.net\/wp-content\/uploads\/2019\/02\/FOB-1024x291.png 1024w, https:\/\/medtest.stagingservers.net\/wp-content\/uploads\/2019\/02\/FOB-416x118.png 416w, https:\/\/medtest.stagingservers.net\/wp-content\/uploads\/2019\/02\/FOB-300x85.png 300w\" sizes=\"auto, (max-width: 1198px) 100vw, 1198px\" \/><\/p>\n<h5>Resultat<\/h5>\n<p><img loading=\"lazy\" decoding=\"async\" class=\"alignnone wp-image-54831\" src=\"https:\/\/medtest.stagingservers.net\/wp-content\/uploads\/2019\/02\/Test-resultat.png\" alt=\"\" width=\"231\" height=\"162\" srcset=\"https:\/\/medtest.stagingservers.net\/wp-content\/uploads\/2019\/02\/Test-resultat.png 912w, https:\/\/medtest.stagingservers.net\/wp-content\/uploads\/2019\/02\/Test-resultat-600x420.png 600w, https:\/\/medtest.stagingservers.net\/wp-content\/uploads\/2019\/02\/Test-resultat-200x140.png 200w, https:\/\/medtest.stagingservers.net\/wp-content\/uploads\/2019\/02\/Test-resultat-720x504.png 720w, https:\/\/medtest.stagingservers.net\/wp-content\/uploads\/2019\/02\/Test-resultat-768x538.png 768w, https:\/\/medtest.stagingservers.net\/wp-content\/uploads\/2019\/02\/Test-resultat-416x291.png 416w, https:\/\/medtest.stagingservers.net\/wp-content\/uploads\/2019\/02\/Test-resultat-300x210.png 300w\" sizes=\"auto, (max-width: 231px) 100vw, 231px\" \/><\/p>\n<div class=\"row\">\n<div class=\"extra\">\n<div class=\"component\">\n<div class=\"self mobile-leaf text textnormal mobile-undersized-upper\">\n<p>N\u00e4r du ser linjerna C och T \u00e4r det ett positivt resultat. Vidare, ser du en linje endast vid C \u00e4r resultat negativt. Kontrollinjen (C) fungerar som en kvalitetskontroll som s\u00e4kerst\u00e4ller att kassetten \u00e4r OK.<\/p>\n<\/div>\n<\/div>\n<\/div>\n<\/div>\n<div class=\"row\">\n<div class=\"extra\">\n<div class=\"component\">\n<div class=\"self mobile-leaf text textnormal mobile-undersized-upper\">\n<p>C = Control (Kontroll)<\/p>\n<p>T = Test<\/p>\n<p>S = Sample (Prov)<\/p>\n<\/div>\n<\/div>\n<\/div>\n<\/div>\n<p>Bruksanvisning p\u00e5 svenska medf\u00f6ljer.<\/p>\n","protected":false},"excerpt":{"rendered":"<p>M\u00e5nga sjukdomar kan orsaka dolt blod i avf\u00f6ring, k\u00e4nt som Fecal Occult Blood (FOB). I tidiga skeden kan gastrointestinala problem som tarmcancer, s\u00e5r, polyper, kolit, divertikulit och sprickor inte visa n\u00e5gra synliga symptom, utan bara blod. V\u00e5rat test \u00e4r ett snabbt test f\u00f6r att kvalitativt uppt\u00e4cka l\u00e5ga niv\u00e5er av blod i avf\u00f6ringen. Testet anv\u00e4nder en dubbel antikroppsanalys f\u00f6r att selektivt uppt\u00e4cka blod vid 50 ng\/ml eller h\u00f6gre eller 6 ug\/g avf\u00f6ring. Dessutom, till skillnad fr\u00e5n andra analyser, p\u00e5verkas noggrannheten av testet inte av vilken kost man \u00e4tit.<\/p>\n","protected":false},"featured_media":54868,"comment_status":"closed","ping_status":"closed","template":"","meta":{"_acf_changed":false,"footnotes":""},"product_brand":[],"product_cat":[748],"product_tag":[],"class_list":{"0":"post-54823","1":"product","2":"type-product","3":"status-publish","4":"has-post-thumbnail","6":"product_cat-blod-i-avforingen","8":"first","9":"instock","10":"taxable","11":"shipping-taxable","12":"purchasable","13":"product-type-simple"},"acf":[],"yoast_head":"<title>Blod i avf\u00f6ringen - Medtest<\/title>\n<meta name=\"description\" content=\"Blod i avf\u00f6ringen - Medtest\" \/>\n<meta name=\"robots\" content=\"noindex, follow, max-snippet:-1, max-image-preview:large, max-video-preview:-1\" \/>\n<meta property=\"og:locale\" content=\"sv_SE\" \/>\n<meta property=\"og:type\" content=\"article\" \/>\n<meta property=\"og:title\" content=\"Blod i avf\u00f6ringen - Medtest\" \/>\n<meta property=\"og:description\" content=\"Blod i avf\u00f6ringen - Medtest\" \/>\n<meta property=\"og:url\" content=\"https:\/\/medtest.stagingservers.net\/sv\/produkt\/blod-i-avforingen\/\" \/>\n<meta property=\"og:site_name\" content=\"Medtest\" \/>\n<meta property=\"article:publisher\" content=\"https:\/\/www.facebook.com\/Medtest-1440779469392476\/\" \/>\n<meta property=\"article:modified_time\" content=\"2020-08-20T05:57:58+00:00\" \/>\n<meta property=\"og:image\" content=\"https:\/\/medtest.stagingservers.net\/wp-content\/uploads\/2019\/02\/FOb-SE.jpg\" \/>\n\t<meta property=\"og:image:width\" content=\"2100\" \/>\n\t<meta property=\"og:image:height\" content=\"1400\" \/>\n\t<meta property=\"og:image:type\" content=\"image\/jpeg\" \/>\n<meta name=\"twitter:card\" content=\"summary_large_image\" \/>\n<script type=\"application\/ld+json\" class=\"yoast-schema-graph\">{\"@context\":\"https:\\\/\\\/schema.org\",\"@graph\":[{\"@type\":\"WebPage\",\"@id\":\"https:\\\/\\\/medtest.stagingservers.net\\\/sv\\\/produkt\\\/blod-i-avforingen\\\/\",\"url\":\"https:\\\/\\\/medtest.stagingservers.net\\\/sv\\\/produkt\\\/blod-i-avforingen\\\/\",\"name\":\"Blod i avf\u00f6ringen - Medtest\",\"isPartOf\":{\"@id\":\"https:\\\/\\\/medtest.stagingservers.net\\\/sv\\\/#website\"},\"primaryImageOfPage\":{\"@id\":\"https:\\\/\\\/medtest.stagingservers.net\\\/sv\\\/produkt\\\/blod-i-avforingen\\\/#primaryimage\"},\"image\":{\"@id\":\"https:\\\/\\\/medtest.stagingservers.net\\\/sv\\\/produkt\\\/blod-i-avforingen\\\/#primaryimage\"},\"thumbnailUrl\":\"https:\\\/\\\/medtest.stagingservers.net\\\/wp-content\\\/uploads\\\/2019\\\/02\\\/FOb-SE.jpg\",\"datePublished\":\"2019-02-19T10:04:57+00:00\",\"dateModified\":\"2020-08-20T05:57:58+00:00\",\"description\":\"Blod i avf\u00f6ringen - Medtest\",\"breadcrumb\":{\"@id\":\"https:\\\/\\\/medtest.stagingservers.net\\\/sv\\\/produkt\\\/blod-i-avforingen\\\/#breadcrumb\"},\"inLanguage\":\"sv-SE\",\"potentialAction\":[{\"@type\":\"ReadAction\",\"target\":[\"https:\\\/\\\/medtest.stagingservers.net\\\/sv\\\/produkt\\\/blod-i-avforingen\\\/\"]}]},{\"@type\":\"ImageObject\",\"inLanguage\":\"sv-SE\",\"@id\":\"https:\\\/\\\/medtest.stagingservers.net\\\/sv\\\/produkt\\\/blod-i-avforingen\\\/#primaryimage\",\"url\":\"https:\\\/\\\/medtest.stagingservers.net\\\/wp-content\\\/uploads\\\/2019\\\/02\\\/FOb-SE.jpg\",\"contentUrl\":\"https:\\\/\\\/medtest.stagingservers.net\\\/wp-content\\\/uploads\\\/2019\\\/02\\\/FOb-SE.jpg\",\"width\":2100,\"height\":1400,\"caption\":\"Blod i avf\u00f6ringen\"},{\"@type\":\"BreadcrumbList\",\"@id\":\"https:\\\/\\\/medtest.stagingservers.net\\\/sv\\\/produkt\\\/blod-i-avforingen\\\/#breadcrumb\",\"itemListElement\":[{\"@type\":\"ListItem\",\"position\":1,\"name\":\"Home\",\"item\":\"https:\\\/\\\/medtest.stagingservers.net\\\/sv\\\/\"},{\"@type\":\"ListItem\",\"position\":2,\"name\":\"Shop\",\"item\":\"https:\\\/\\\/medtest.stagingservers.net\\\/home-shop\\\/\"},{\"@type\":\"ListItem\",\"position\":3,\"name\":\"Blod i avf\u00f6ringen\"}]},{\"@type\":\"WebSite\",\"@id\":\"https:\\\/\\\/medtest.stagingservers.net\\\/sv\\\/#website\",\"url\":\"https:\\\/\\\/medtest.stagingservers.net\\\/sv\\\/\",\"name\":\"Medtest\",\"description\":\"\",\"publisher\":{\"@id\":\"https:\\\/\\\/medtest.stagingservers.net\\\/sv\\\/#organization\"},\"potentialAction\":[{\"@type\":\"SearchAction\",\"target\":{\"@type\":\"EntryPoint\",\"urlTemplate\":\"https:\\\/\\\/medtest.stagingservers.net\\\/sv\\\/?s={search_term_string}\"},\"query-input\":{\"@type\":\"PropertyValueSpecification\",\"valueRequired\":true,\"valueName\":\"search_term_string\"}}],\"inLanguage\":\"sv-SE\"},{\"@type\":\"Organization\",\"@id\":\"https:\\\/\\\/medtest.stagingservers.net\\\/sv\\\/#organization\",\"name\":\"Medtest\",\"url\":\"https:\\\/\\\/medtest.stagingservers.net\\\/sv\\\/\",\"logo\":{\"@type\":\"ImageObject\",\"inLanguage\":\"sv-SE\",\"@id\":\"https:\\\/\\\/medtest.stagingservers.net\\\/sv\\\/#\\\/schema\\\/logo\\\/image\\\/\",\"url\":\"https:\\\/\\\/medtest.stagingservers.net\\\/wp-content\\\/uploads\\\/2018\\\/11\\\/Original.png\",\"contentUrl\":\"https:\\\/\\\/medtest.stagingservers.net\\\/wp-content\\\/uploads\\\/2018\\\/11\\\/Original.png\",\"width\":1024,\"height\":1024,\"caption\":\"Medtest\"},\"image\":{\"@id\":\"https:\\\/\\\/medtest.stagingservers.net\\\/sv\\\/#\\\/schema\\\/logo\\\/image\\\/\"},\"sameAs\":[\"https:\\\/\\\/www.facebook.com\\\/Medtest-1440779469392476\\\/\"]}]}<\/script>","yoast_head_json":{"title":"Blod i avf\u00f6ringen - Medtest","description":"Blod i avf\u00f6ringen - Medtest","robots":{"index":"noindex","follow":"follow","max-snippet":"max-snippet:-1","max-image-preview":"max-image-preview:large","max-video-preview":"max-video-preview:-1"},"og_locale":"sv_SE","og_type":"article","og_title":"Blod i avf\u00f6ringen - Medtest","og_description":"Blod i avf\u00f6ringen - Medtest","og_url":"https:\/\/medtest.stagingservers.net\/sv\/produkt\/blod-i-avforingen\/","og_site_name":"Medtest","article_publisher":"https:\/\/www.facebook.com\/Medtest-1440779469392476\/","article_modified_time":"2020-08-20T05:57:58+00:00","og_image":[{"width":2100,"height":1400,"url":"https:\/\/medtest.stagingservers.net\/wp-content\/uploads\/2019\/02\/FOb-SE.jpg","type":"image\/jpeg"}],"twitter_card":"summary_large_image","schema":{"@context":"https:\/\/schema.org","@graph":[{"@type":"WebPage","@id":"https:\/\/medtest.stagingservers.net\/sv\/produkt\/blod-i-avforingen\/","url":"https:\/\/medtest.stagingservers.net\/sv\/produkt\/blod-i-avforingen\/","name":"Blod i avf\u00f6ringen - Medtest","isPartOf":{"@id":"https:\/\/medtest.stagingservers.net\/sv\/#website"},"primaryImageOfPage":{"@id":"https:\/\/medtest.stagingservers.net\/sv\/produkt\/blod-i-avforingen\/#primaryimage"},"image":{"@id":"https:\/\/medtest.stagingservers.net\/sv\/produkt\/blod-i-avforingen\/#primaryimage"},"thumbnailUrl":"https:\/\/medtest.stagingservers.net\/wp-content\/uploads\/2019\/02\/FOb-SE.jpg","datePublished":"2019-02-19T10:04:57+00:00","dateModified":"2020-08-20T05:57:58+00:00","description":"Blod i avf\u00f6ringen - Medtest","breadcrumb":{"@id":"https:\/\/medtest.stagingservers.net\/sv\/produkt\/blod-i-avforingen\/#breadcrumb"},"inLanguage":"sv-SE","potentialAction":[{"@type":"ReadAction","target":["https:\/\/medtest.stagingservers.net\/sv\/produkt\/blod-i-avforingen\/"]}]},{"@type":"ImageObject","inLanguage":"sv-SE","@id":"https:\/\/medtest.stagingservers.net\/sv\/produkt\/blod-i-avforingen\/#primaryimage","url":"https:\/\/medtest.stagingservers.net\/wp-content\/uploads\/2019\/02\/FOb-SE.jpg","contentUrl":"https:\/\/medtest.stagingservers.net\/wp-content\/uploads\/2019\/02\/FOb-SE.jpg","width":2100,"height":1400,"caption":"Blod i avf\u00f6ringen"},{"@type":"BreadcrumbList","@id":"https:\/\/medtest.stagingservers.net\/sv\/produkt\/blod-i-avforingen\/#breadcrumb","itemListElement":[{"@type":"ListItem","position":1,"name":"Home","item":"https:\/\/medtest.stagingservers.net\/sv\/"},{"@type":"ListItem","position":2,"name":"Shop","item":"https:\/\/medtest.stagingservers.net\/home-shop\/"},{"@type":"ListItem","position":3,"name":"Blod i avf\u00f6ringen"}]},{"@type":"WebSite","@id":"https:\/\/medtest.stagingservers.net\/sv\/#website","url":"https:\/\/medtest.stagingservers.net\/sv\/","name":"Medtest","description":"","publisher":{"@id":"https:\/\/medtest.stagingservers.net\/sv\/#organization"},"potentialAction":[{"@type":"SearchAction","target":{"@type":"EntryPoint","urlTemplate":"https:\/\/medtest.stagingservers.net\/sv\/?s={search_term_string}"},"query-input":{"@type":"PropertyValueSpecification","valueRequired":true,"valueName":"search_term_string"}}],"inLanguage":"sv-SE"},{"@type":"Organization","@id":"https:\/\/medtest.stagingservers.net\/sv\/#organization","name":"Medtest","url":"https:\/\/medtest.stagingservers.net\/sv\/","logo":{"@type":"ImageObject","inLanguage":"sv-SE","@id":"https:\/\/medtest.stagingservers.net\/sv\/#\/schema\/logo\/image\/","url":"https:\/\/medtest.stagingservers.net\/wp-content\/uploads\/2018\/11\/Original.png","contentUrl":"https:\/\/medtest.stagingservers.net\/wp-content\/uploads\/2018\/11\/Original.png","width":1024,"height":1024,"caption":"Medtest"},"image":{"@id":"https:\/\/medtest.stagingservers.net\/sv\/#\/schema\/logo\/image\/"},"sameAs":["https:\/\/www.facebook.com\/Medtest-1440779469392476\/"]}]}},"_links":{"self":[{"href":"https:\/\/medtest.stagingservers.net\/sv\/wp-json\/wp\/v2\/product\/54823","targetHints":{"allow":["GET"]}}],"collection":[{"href":"https:\/\/medtest.stagingservers.net\/sv\/wp-json\/wp\/v2\/product"}],"about":[{"href":"https:\/\/medtest.stagingservers.net\/sv\/wp-json\/wp\/v2\/types\/product"}],"replies":[{"embeddable":true,"href":"https:\/\/medtest.stagingservers.net\/sv\/wp-json\/wp\/v2\/comments?post=54823"}],"version-history":[{"count":0,"href":"https:\/\/medtest.stagingservers.net\/sv\/wp-json\/wp\/v2\/product\/54823\/revisions"}],"wp:featuredmedia":[{"embeddable":true,"href":"https:\/\/medtest.stagingservers.net\/sv\/wp-json\/wp\/v2\/media\/54868"}],"wp:attachment":[{"href":"https:\/\/medtest.stagingservers.net\/sv\/wp-json\/wp\/v2\/media?parent=54823"}],"wp:term":[{"taxonomy":"product_brand","embeddable":true,"href":"https:\/\/medtest.stagingservers.net\/sv\/wp-json\/wp\/v2\/product_brand?post=54823"},{"taxonomy":"product_cat","embeddable":true,"href":"https:\/\/medtest.stagingservers.net\/sv\/wp-json\/wp\/v2\/product_cat?post=54823"},{"taxonomy":"product_tag","embeddable":true,"href":"https:\/\/medtest.stagingservers.net\/sv\/wp-json\/wp\/v2\/product_tag?post=54823"}],"curies":[{"name":"wp","href":"https:\/\/api.w.org\/{rel}","templated":true}]}}