{"id":54832,"date":"2019-02-26T12:37:15","date_gmt":"2019-02-26T12:37:15","guid":{"rendered":"http:\/\/104.248.87.71\/?post_type=product&#038;p=54832"},"modified":"2021-03-05T14:02:21","modified_gmt":"2021-03-05T12:02:21","slug":"magsarstest","status":"publish","type":"product","link":"https:\/\/medtest.stagingservers.net\/sv\/produkt\/magsarstest\/","title":{"rendered":"Mags\u00e5rstest"},"content":{"rendered":"<h2>Mags\u00e5rstest<\/h2>\n<p>V\u00e5rat Mags\u00e5rstest \u00e4r ett CE-m\u00e4rkt snabbtest f\u00f6r uppt\u00e4ckt av H.Pylori i avf\u00f6ring.<\/p>\n<p>Sm\u00e4rta och obehag i \u00f6vre delen av buken \u00e4r ett relativt vanligt bekymmer. Vidare, var fj\u00e4rde person drabbas n\u00e5gon g\u00e5ng i livet av s\u00e5dana besv\u00e4r. D\u00e5 \u00e4r en vanlig f\u00f6rklaring till detta Mags\u00e5r. Dessutom har det\u00a0 visat sig att den vanligaste orsaken till mags\u00e5r \u00e4r n\u00e4rvaron av bakterien Helicobacter pylori. Uppt\u00e4ck snabbt och enkelt bakterien H. Pylori. I 90% av fallen \u00e4r denna bakterie orsak till problem vid magbesv\u00e4r.<\/p>\n<p>Ett enkelt mags\u00e5rstest kan hj\u00e4lpa dig att lindra din oro eller s\u00e5 ger det dig en anledning att exempelvis s\u00f6ka hj\u00e4lp hos din l\u00e4kare. Ett positivt test (du b\u00e4r p\u00e5 H. pylori) inneb\u00e4r att du l\u00e4ttare kan s\u00f6ka v\u00e5rd och f\u00e5 r\u00e4tt behandling, vilket \u00e4r viktigt d\u00e5 denna typen av mags\u00e5r kan leda till allvarliga sjukdomar som exempelvis cancer.<\/p>\n<p>Testet uppt\u00e4cker specifika antigener i avf\u00f6ring f\u00f6r att fastst\u00e4lla n\u00e4rvaron av bakterien H.Pylori. Specificitet 93%, sensitivitet 96,8%.<\/p>\n<h5>G\u00f6r s\u00e5 h\u00e4r:<\/h5>\n<p>1. Anv\u00e4nd avf\u00f6ringsf\u00e5ngaren i alla typer av toaletter f\u00f6r att undvika f\u00f6rorening av provet. Samla d\u00e4refter avf\u00f6ringsprov i avf\u00f6ringsf\u00e5ngaren.<\/p>\n<p>2. Skruva av locket p\u00e5 provuppsamlingsr\u00f6ret och slumpm\u00e4ssigt stick provuppsamlingsapplikatorn i avf\u00f6ringsprovet p\u00e5 minst 3 olika platser. T\u00e4nk p\u00e5 att inte skopa inte avf\u00f6ringsprovet. Skruva d\u00e4refter fast locket och dra \u00e5t korken p\u00e5 provuppsamlingsr\u00f6ret. Skaka sedan provuppsamlingsr\u00f6ret kraftigt f\u00f6r att blanda provet och extraktionsbufferten.<\/p>\n<p>3. Ta ut testkassetten fr\u00e5n foliep\u00e5sen och anv\u00e4nd den s\u00e5 snart som m\u00f6jligt. Se till att anv\u00e4nda testkassetten omedelbart efter \u00f6ppnandet av foliep\u00e5sen, d\u00e5 uppn\u00e5s b\u00e4st resultat.<\/p>\n<p>4. H\u00e5ll provuppsamlingsr\u00f6ret uppr\u00e4tt och \u00f6ppna locket p\u00e5 provuppsamlingsr\u00f6ret. V\u00e4nd d\u00e4refter r\u00f6ret upp och ned och \u00f6verf\u00f6r 2 hela droppar till testkassetten (S) och starta sedan timern. Se illustration nedan.<\/p>\n<p>5. L\u00e4s resultat efter 10 minuter. L\u00e4s inte resultat efter 20 minuter.<\/p>\n<p><img loading=\"lazy\" decoding=\"async\" class=\"alignnone size-full wp-image-54830\" src=\"https:\/\/medtest.stagingservers.net\/wp-content\/uploads\/2019\/02\/FOB.png\" alt=\"\" width=\"1198\" height=\"341\" srcset=\"https:\/\/medtest.stagingservers.net\/wp-content\/uploads\/2019\/02\/FOB.png 1198w, https:\/\/medtest.stagingservers.net\/wp-content\/uploads\/2019\/02\/FOB-600x171.png 600w, https:\/\/medtest.stagingservers.net\/wp-content\/uploads\/2019\/02\/FOB-200x57.png 200w, https:\/\/medtest.stagingservers.net\/wp-content\/uploads\/2019\/02\/FOB-720x205.png 720w, https:\/\/medtest.stagingservers.net\/wp-content\/uploads\/2019\/02\/FOB-768x219.png 768w, https:\/\/medtest.stagingservers.net\/wp-content\/uploads\/2019\/02\/FOB-1024x291.png 1024w, https:\/\/medtest.stagingservers.net\/wp-content\/uploads\/2019\/02\/FOB-416x118.png 416w, https:\/\/medtest.stagingservers.net\/wp-content\/uploads\/2019\/02\/FOB-300x85.png 300w\" sizes=\"auto, (max-width: 1198px) 100vw, 1198px\" \/><\/p>\n<h5>Resultat<\/h5>\n<p><img loading=\"lazy\" decoding=\"async\" class=\"alignnone wp-image-54831\" src=\"https:\/\/medtest.stagingservers.net\/wp-content\/uploads\/2019\/02\/Test-resultat.png\" alt=\"\" width=\"231\" height=\"162\" srcset=\"https:\/\/medtest.stagingservers.net\/wp-content\/uploads\/2019\/02\/Test-resultat.png 912w, https:\/\/medtest.stagingservers.net\/wp-content\/uploads\/2019\/02\/Test-resultat-600x420.png 600w, https:\/\/medtest.stagingservers.net\/wp-content\/uploads\/2019\/02\/Test-resultat-200x140.png 200w, https:\/\/medtest.stagingservers.net\/wp-content\/uploads\/2019\/02\/Test-resultat-720x504.png 720w, https:\/\/medtest.stagingservers.net\/wp-content\/uploads\/2019\/02\/Test-resultat-768x538.png 768w, https:\/\/medtest.stagingservers.net\/wp-content\/uploads\/2019\/02\/Test-resultat-416x291.png 416w, https:\/\/medtest.stagingservers.net\/wp-content\/uploads\/2019\/02\/Test-resultat-300x210.png 300w\" sizes=\"auto, (max-width: 231px) 100vw, 231px\" \/><\/p>\n<p>Resultatet \u00e4r positivt n\u00e4r linjerna vid C och T finns. Resultatet \u00e4r negativt n\u00e4r ingen linje finns vid T.\u00a0 Orsaken till att kontrollinjen (C) existerar \u00e4r att den fungerar som en kvalitetskontroll som s\u00e4kerst\u00e4ller att kassetten \u00e4r OK och att membranet har v\u00e4tts.<\/p>\n<p>C = Control (Kontroll)<br \/>\nT = Test<br \/>\nS = Sample (Prov)<\/p>\n<p>Bruksanvisning p\u00e5 svenska medf\u00f6ljer.<\/p>\n<p>Har du fr\u00e5gor om mags\u00e5rstestet kan du<a href=\"https:\/\/medtest.stagingservers.net\/kontakta-oss\/\"> kontakta oss h\u00e4r<\/a>. Eftersom vi vill h\u00e5lla en h\u00f6g kundn\u00f6jdhet, svarar vi inom 24 timmar p\u00e5 eventuella fr\u00e5gor.<\/p>\n","protected":false},"excerpt":{"rendered":"<ul>\n<li>Testa hemma<\/li>\n<li>Svar p\u00e5 10 minuter<\/li>\n<li>Skickas samma dag<\/li>\n<li>Diskret leverans<\/li>\n<li>Direkt i brevl\u00e5dan<\/li>\n<li>CE-m\u00e4rkt produk<\/li>\n<\/ul>\n","protected":false},"featured_media":70335,"comment_status":"closed","ping_status":"closed","template":"","meta":{"_acf_changed":false,"footnotes":""},"product_brand":[],"product_cat":[746],"product_tag":[],"class_list":{"0":"post-54832","1":"product","2":"type-product","3":"status-publish","4":"has-post-thumbnail","6":"product_cat-magsar","8":"first","9":"instock","10":"taxable","11":"shipping-taxable","12":"purchasable","13":"product-type-simple"},"acf":[],"yoast_head":"<title>Mags\u00e5rstest - Best\u00e4ll idag f\u00e5 svar imorgon - Medtest<\/title>\n<meta name=\"description\" content=\"Mags\u00e5rstest - Medtest Mags\u00e5rstest som m\u00e4ter H. pylori i avf\u00f6ringsprov. Billigt och s\u00e4kert hemtest med h\u00f6g precision. Best\u00e4ll idag och f\u00e5 svar imorgon.\" \/>\n<meta name=\"robots\" content=\"noindex, follow, max-snippet:-1, max-image-preview:large, max-video-preview:-1\" \/>\n<meta property=\"og:locale\" content=\"sv_SE\" \/>\n<meta property=\"og:type\" content=\"article\" \/>\n<meta property=\"og:title\" content=\"Mags\u00e5rstest - Best\u00e4ll idag f\u00e5 svar imorgon - Medtest\" \/>\n<meta property=\"og:description\" content=\"Mags\u00e5rstest - Medtest Mags\u00e5rstest som m\u00e4ter H. pylori i avf\u00f6ringsprov. Billigt och s\u00e4kert hemtest med h\u00f6g precision. Best\u00e4ll idag och f\u00e5 svar imorgon.\" \/>\n<meta property=\"og:url\" content=\"https:\/\/medtest.stagingservers.net\/sv\/produkt\/magsarstest\/\" \/>\n<meta property=\"og:site_name\" content=\"Medtest\" \/>\n<meta property=\"article:publisher\" content=\"https:\/\/www.facebook.com\/Medtest-1440779469392476\/\" \/>\n<meta property=\"article:modified_time\" content=\"2021-03-05T12:02:21+00:00\" \/>\n<meta property=\"og:image\" content=\"https:\/\/medtest.stagingservers.net\/wp-content\/uploads\/2019\/02\/H.Pylori-SE-1.jpg\" \/>\n\t<meta property=\"og:image:width\" content=\"2100\" \/>\n\t<meta property=\"og:image:height\" content=\"1400\" \/>\n\t<meta property=\"og:image:type\" content=\"image\/jpeg\" \/>\n<meta name=\"twitter:card\" content=\"summary_large_image\" \/>\n<script type=\"application\/ld+json\" class=\"yoast-schema-graph\">{\"@context\":\"https:\\\/\\\/schema.org\",\"@graph\":[{\"@type\":\"WebPage\",\"@id\":\"https:\\\/\\\/medtest.stagingservers.net\\\/sv\\\/produkt\\\/magsarstest\\\/\",\"url\":\"https:\\\/\\\/medtest.stagingservers.net\\\/sv\\\/produkt\\\/magsarstest\\\/\",\"name\":\"Mags\u00e5rstest - Best\u00e4ll idag f\u00e5 svar imorgon - Medtest\",\"isPartOf\":{\"@id\":\"https:\\\/\\\/medtest.stagingservers.net\\\/sv\\\/#website\"},\"primaryImageOfPage\":{\"@id\":\"https:\\\/\\\/medtest.stagingservers.net\\\/sv\\\/produkt\\\/magsarstest\\\/#primaryimage\"},\"image\":{\"@id\":\"https:\\\/\\\/medtest.stagingservers.net\\\/sv\\\/produkt\\\/magsarstest\\\/#primaryimage\"},\"thumbnailUrl\":\"https:\\\/\\\/medtest.stagingservers.net\\\/wp-content\\\/uploads\\\/2019\\\/02\\\/H.Pylori-SE-1.jpg\",\"datePublished\":\"2019-02-26T12:37:15+00:00\",\"dateModified\":\"2021-03-05T12:02:21+00:00\",\"description\":\"Mags\u00e5rstest - Medtest Mags\u00e5rstest som m\u00e4ter H. pylori i avf\u00f6ringsprov. Billigt och s\u00e4kert hemtest med h\u00f6g precision. Best\u00e4ll idag och f\u00e5 svar imorgon.\",\"breadcrumb\":{\"@id\":\"https:\\\/\\\/medtest.stagingservers.net\\\/sv\\\/produkt\\\/magsarstest\\\/#breadcrumb\"},\"inLanguage\":\"sv-SE\",\"potentialAction\":[{\"@type\":\"ReadAction\",\"target\":[\"https:\\\/\\\/medtest.stagingservers.net\\\/sv\\\/produkt\\\/magsarstest\\\/\"]}]},{\"@type\":\"ImageObject\",\"inLanguage\":\"sv-SE\",\"@id\":\"https:\\\/\\\/medtest.stagingservers.net\\\/sv\\\/produkt\\\/magsarstest\\\/#primaryimage\",\"url\":\"https:\\\/\\\/medtest.stagingservers.net\\\/wp-content\\\/uploads\\\/2019\\\/02\\\/H.Pylori-SE-1.jpg\",\"contentUrl\":\"https:\\\/\\\/medtest.stagingservers.net\\\/wp-content\\\/uploads\\\/2019\\\/02\\\/H.Pylori-SE-1.jpg\",\"width\":2100,\"height\":1400},{\"@type\":\"BreadcrumbList\",\"@id\":\"https:\\\/\\\/medtest.stagingservers.net\\\/sv\\\/produkt\\\/magsarstest\\\/#breadcrumb\",\"itemListElement\":[{\"@type\":\"ListItem\",\"position\":1,\"name\":\"Home\",\"item\":\"https:\\\/\\\/medtest.stagingservers.net\\\/sv\\\/\"},{\"@type\":\"ListItem\",\"position\":2,\"name\":\"Shop\",\"item\":\"https:\\\/\\\/medtest.stagingservers.net\\\/home-shop\\\/\"},{\"@type\":\"ListItem\",\"position\":3,\"name\":\"Mags\u00e5rstest\"}]},{\"@type\":\"WebSite\",\"@id\":\"https:\\\/\\\/medtest.stagingservers.net\\\/sv\\\/#website\",\"url\":\"https:\\\/\\\/medtest.stagingservers.net\\\/sv\\\/\",\"name\":\"Medtest\",\"description\":\"\",\"publisher\":{\"@id\":\"https:\\\/\\\/medtest.stagingservers.net\\\/sv\\\/#organization\"},\"potentialAction\":[{\"@type\":\"SearchAction\",\"target\":{\"@type\":\"EntryPoint\",\"urlTemplate\":\"https:\\\/\\\/medtest.stagingservers.net\\\/sv\\\/?s={search_term_string}\"},\"query-input\":{\"@type\":\"PropertyValueSpecification\",\"valueRequired\":true,\"valueName\":\"search_term_string\"}}],\"inLanguage\":\"sv-SE\"},{\"@type\":\"Organization\",\"@id\":\"https:\\\/\\\/medtest.stagingservers.net\\\/sv\\\/#organization\",\"name\":\"Medtest\",\"url\":\"https:\\\/\\\/medtest.stagingservers.net\\\/sv\\\/\",\"logo\":{\"@type\":\"ImageObject\",\"inLanguage\":\"sv-SE\",\"@id\":\"https:\\\/\\\/medtest.stagingservers.net\\\/sv\\\/#\\\/schema\\\/logo\\\/image\\\/\",\"url\":\"https:\\\/\\\/medtest.stagingservers.net\\\/wp-content\\\/uploads\\\/2018\\\/11\\\/Original.png\",\"contentUrl\":\"https:\\\/\\\/medtest.stagingservers.net\\\/wp-content\\\/uploads\\\/2018\\\/11\\\/Original.png\",\"width\":1024,\"height\":1024,\"caption\":\"Medtest\"},\"image\":{\"@id\":\"https:\\\/\\\/medtest.stagingservers.net\\\/sv\\\/#\\\/schema\\\/logo\\\/image\\\/\"},\"sameAs\":[\"https:\\\/\\\/www.facebook.com\\\/Medtest-1440779469392476\\\/\"]}]}<\/script>","yoast_head_json":{"title":"Mags\u00e5rstest - Best\u00e4ll idag f\u00e5 svar imorgon - Medtest","description":"Mags\u00e5rstest - Medtest Mags\u00e5rstest som m\u00e4ter H. pylori i avf\u00f6ringsprov. Billigt och s\u00e4kert hemtest med h\u00f6g precision. Best\u00e4ll idag och f\u00e5 svar imorgon.","robots":{"index":"noindex","follow":"follow","max-snippet":"max-snippet:-1","max-image-preview":"max-image-preview:large","max-video-preview":"max-video-preview:-1"},"og_locale":"sv_SE","og_type":"article","og_title":"Mags\u00e5rstest - Best\u00e4ll idag f\u00e5 svar imorgon - Medtest","og_description":"Mags\u00e5rstest - Medtest Mags\u00e5rstest som m\u00e4ter H. pylori i avf\u00f6ringsprov. Billigt och s\u00e4kert hemtest med h\u00f6g precision. Best\u00e4ll idag och f\u00e5 svar imorgon.","og_url":"https:\/\/medtest.stagingservers.net\/sv\/produkt\/magsarstest\/","og_site_name":"Medtest","article_publisher":"https:\/\/www.facebook.com\/Medtest-1440779469392476\/","article_modified_time":"2021-03-05T12:02:21+00:00","og_image":[{"width":2100,"height":1400,"url":"https:\/\/medtest.stagingservers.net\/wp-content\/uploads\/2019\/02\/H.Pylori-SE-1.jpg","type":"image\/jpeg"}],"twitter_card":"summary_large_image","schema":{"@context":"https:\/\/schema.org","@graph":[{"@type":"WebPage","@id":"https:\/\/medtest.stagingservers.net\/sv\/produkt\/magsarstest\/","url":"https:\/\/medtest.stagingservers.net\/sv\/produkt\/magsarstest\/","name":"Mags\u00e5rstest - Best\u00e4ll idag f\u00e5 svar imorgon - Medtest","isPartOf":{"@id":"https:\/\/medtest.stagingservers.net\/sv\/#website"},"primaryImageOfPage":{"@id":"https:\/\/medtest.stagingservers.net\/sv\/produkt\/magsarstest\/#primaryimage"},"image":{"@id":"https:\/\/medtest.stagingservers.net\/sv\/produkt\/magsarstest\/#primaryimage"},"thumbnailUrl":"https:\/\/medtest.stagingservers.net\/wp-content\/uploads\/2019\/02\/H.Pylori-SE-1.jpg","datePublished":"2019-02-26T12:37:15+00:00","dateModified":"2021-03-05T12:02:21+00:00","description":"Mags\u00e5rstest - Medtest Mags\u00e5rstest som m\u00e4ter H. pylori i avf\u00f6ringsprov. Billigt och s\u00e4kert hemtest med h\u00f6g precision. Best\u00e4ll idag och f\u00e5 svar imorgon.","breadcrumb":{"@id":"https:\/\/medtest.stagingservers.net\/sv\/produkt\/magsarstest\/#breadcrumb"},"inLanguage":"sv-SE","potentialAction":[{"@type":"ReadAction","target":["https:\/\/medtest.stagingservers.net\/sv\/produkt\/magsarstest\/"]}]},{"@type":"ImageObject","inLanguage":"sv-SE","@id":"https:\/\/medtest.stagingservers.net\/sv\/produkt\/magsarstest\/#primaryimage","url":"https:\/\/medtest.stagingservers.net\/wp-content\/uploads\/2019\/02\/H.Pylori-SE-1.jpg","contentUrl":"https:\/\/medtest.stagingservers.net\/wp-content\/uploads\/2019\/02\/H.Pylori-SE-1.jpg","width":2100,"height":1400},{"@type":"BreadcrumbList","@id":"https:\/\/medtest.stagingservers.net\/sv\/produkt\/magsarstest\/#breadcrumb","itemListElement":[{"@type":"ListItem","position":1,"name":"Home","item":"https:\/\/medtest.stagingservers.net\/sv\/"},{"@type":"ListItem","position":2,"name":"Shop","item":"https:\/\/medtest.stagingservers.net\/home-shop\/"},{"@type":"ListItem","position":3,"name":"Mags\u00e5rstest"}]},{"@type":"WebSite","@id":"https:\/\/medtest.stagingservers.net\/sv\/#website","url":"https:\/\/medtest.stagingservers.net\/sv\/","name":"Medtest","description":"","publisher":{"@id":"https:\/\/medtest.stagingservers.net\/sv\/#organization"},"potentialAction":[{"@type":"SearchAction","target":{"@type":"EntryPoint","urlTemplate":"https:\/\/medtest.stagingservers.net\/sv\/?s={search_term_string}"},"query-input":{"@type":"PropertyValueSpecification","valueRequired":true,"valueName":"search_term_string"}}],"inLanguage":"sv-SE"},{"@type":"Organization","@id":"https:\/\/medtest.stagingservers.net\/sv\/#organization","name":"Medtest","url":"https:\/\/medtest.stagingservers.net\/sv\/","logo":{"@type":"ImageObject","inLanguage":"sv-SE","@id":"https:\/\/medtest.stagingservers.net\/sv\/#\/schema\/logo\/image\/","url":"https:\/\/medtest.stagingservers.net\/wp-content\/uploads\/2018\/11\/Original.png","contentUrl":"https:\/\/medtest.stagingservers.net\/wp-content\/uploads\/2018\/11\/Original.png","width":1024,"height":1024,"caption":"Medtest"},"image":{"@id":"https:\/\/medtest.stagingservers.net\/sv\/#\/schema\/logo\/image\/"},"sameAs":["https:\/\/www.facebook.com\/Medtest-1440779469392476\/"]}]}},"_links":{"self":[{"href":"https:\/\/medtest.stagingservers.net\/sv\/wp-json\/wp\/v2\/product\/54832","targetHints":{"allow":["GET"]}}],"collection":[{"href":"https:\/\/medtest.stagingservers.net\/sv\/wp-json\/wp\/v2\/product"}],"about":[{"href":"https:\/\/medtest.stagingservers.net\/sv\/wp-json\/wp\/v2\/types\/product"}],"replies":[{"embeddable":true,"href":"https:\/\/medtest.stagingservers.net\/sv\/wp-json\/wp\/v2\/comments?post=54832"}],"version-history":[{"count":3,"href":"https:\/\/medtest.stagingservers.net\/sv\/wp-json\/wp\/v2\/product\/54832\/revisions"}],"predecessor-version":[{"id":91212,"href":"https:\/\/medtest.stagingservers.net\/sv\/wp-json\/wp\/v2\/product\/54832\/revisions\/91212"}],"wp:featuredmedia":[{"embeddable":true,"href":"https:\/\/medtest.stagingservers.net\/sv\/wp-json\/wp\/v2\/media\/70335"}],"wp:attachment":[{"href":"https:\/\/medtest.stagingservers.net\/sv\/wp-json\/wp\/v2\/media?parent=54832"}],"wp:term":[{"taxonomy":"product_brand","embeddable":true,"href":"https:\/\/medtest.stagingservers.net\/sv\/wp-json\/wp\/v2\/product_brand?post=54832"},{"taxonomy":"product_cat","embeddable":true,"href":"https:\/\/medtest.stagingservers.net\/sv\/wp-json\/wp\/v2\/product_cat?post=54832"},{"taxonomy":"product_tag","embeddable":true,"href":"https:\/\/medtest.stagingservers.net\/sv\/wp-json\/wp\/v2\/product_tag?post=54832"}],"curies":[{"name":"wp","href":"https:\/\/api.w.org\/{rel}","templated":true}]}}