{"id":54839,"date":"2019-03-03T15:11:55","date_gmt":"2019-03-03T15:11:55","guid":{"rendered":"http:\/\/104.248.87.71\/?post_type=product&#038;p=54839"},"modified":"2020-05-16T17:44:07","modified_gmt":"2020-05-16T15:44:07","slug":"diabetestest","status":"publish","type":"product","link":"https:\/\/medtest.stagingservers.net\/sv\/produkt\/diabetestest\/","title":{"rendered":"Diabetestest"},"content":{"rendered":"<h1>Diabetestest<\/h1>\n<p>V\u00e5rt diabetestest \u00e4r avsett att anv\u00e4ndas f\u00f6r att kontrollera glukos- och ketonniv\u00e5er i urinprover som hj\u00e4lp vid diagnostisering av diabetes.<\/p>\n<p>Testet ger resultat genom den visuella j\u00e4mf\u00f6relsen med ett f\u00e4rgschema som skrivs ut p\u00e5 produkten. Vidare, varje f\u00e4rg betecknar ett antal koncentrationer av glukos och ketoner (se l\u00e4ngst ner).<\/p>\n<p>Kissar du mer \u00e4n vanligt? Eller kanske k\u00e4nner du t\u00f6rst som inte ger med sig n\u00e4r du dricker? Dessa symptomen \u00e4r m\u00e5nga och ofta ganska diffusa, samtidigt \u00e4r diabetes en av v\u00e5ra vanligaste folkh\u00e4lsosjukdomar.<\/p>\n<h4>Vad \u00e4r diabetes?<\/h4>\n<p>Diabetes orsakar h\u00f6gt blodsocker (glukos) i blodet vilket man kallar f\u00f6r hyperglykemi (h\u00f6gt blodsocker). N\u00e4r denna balans inte fungerar uppst\u00e5r ofta olika symptom. V\u00e5rt diabetestest kan enkelt och snabbt uppt\u00e4cka dessa obalanser.<\/p>\n<p>Det kan vara sv\u00e5rt att uppt\u00e4cka diabetes enbart utifr\u00e5n dess symptom d\u00e5 de vanligaste symptomen \u00e4r v\u00e4ldigt allm\u00e4nna. Ett enkelt diabetestest kan hj\u00e4lpa dig att lindra din oro eller s\u00e5 ger det dig en anledning att s\u00f6ka hj\u00e4lp hos din l\u00e4kare. Skulle testet visa positivt (du har troligtvis diabetes) inneb\u00e4r detta att du l\u00e4ttare kan s\u00f6ka v\u00e5rd och f\u00e5 r\u00e4tt behandling, vilket \u00e4r viktigt d\u00e5 diabetes kan ge allvarliga komplikationer.<\/p>\n<p>Diabetestestet inneh\u00e5ller: 2 f\u00f6rseglade aluminiump\u00e5sar inneh\u00e5llande 1 teststicka vardera och bruksanvisning.<\/p>\n<p>Testet \u00e4r tillverkat i Europa och \u00e4r mycket s\u00e4kert. Dessutom \u00e4r produkten CE-m\u00e4rkt.<\/p>\n<div>\n<h4><strong><span class=\"mobile-undersized-upper\">S\u00e5 h\u00e4r fungerar sj\u00e4lvtestet<\/span><\/strong><\/h4>\n<\/div>\n<ol start=\"1\">\n<li class=\"mobile-undersized-upper\" data-index=\"479\" data-length=\"49\"><span class=\"mobile-undersized-upper\">\u00d6ppna folief\u00f6rpackningen och ta ut teststickan.<\/span><\/li>\n<li class=\"mobile-undersized-upper\" data-index=\"528\" data-length=\"49\"><span class=\"mobile-undersized-upper\">Urinera i en kopp\/b\u00e4gare och doppa d\u00e4refter teststickan i urinen.<\/span><\/li>\n<li class=\"mobile-undersized-upper\" data-index=\"577\" data-length=\"39\"><span class=\"mobile-undersized-upper\">L\u00e4ser av svaret efter cirka 1 minut.<\/span><\/li>\n<\/ol>\n<p><img loading=\"lazy\" decoding=\"async\" class=\"alignnone wp-image-54841\" src=\"https:\/\/medtest.stagingservers.net\/wp-content\/uploads\/2019\/03\/Diabetes-Resultat.png\" alt=\"\" width=\"541\" height=\"219\" srcset=\"https:\/\/medtest.stagingservers.net\/wp-content\/uploads\/2019\/03\/Diabetes-Resultat.png 859w, https:\/\/medtest.stagingservers.net\/wp-content\/uploads\/2019\/03\/Diabetes-Resultat-600x243.png 600w, https:\/\/medtest.stagingservers.net\/wp-content\/uploads\/2019\/03\/Diabetes-Resultat-200x81.png 200w, https:\/\/medtest.stagingservers.net\/wp-content\/uploads\/2019\/03\/Diabetes-Resultat-720x292.png 720w, https:\/\/medtest.stagingservers.net\/wp-content\/uploads\/2019\/03\/Diabetes-Resultat-768x311.png 768w, https:\/\/medtest.stagingservers.net\/wp-content\/uploads\/2019\/03\/Diabetes-Resultat-416x169.png 416w, https:\/\/medtest.stagingservers.net\/wp-content\/uploads\/2019\/03\/Diabetes-Resultat-300x122.png 300w\" sizes=\"auto, (max-width: 541px) 100vw, 541px\" \/><\/p>\n<p>Bruksanvisning p\u00e5 svenska medf\u00f6ljer f\u00f6rpackningen.<\/p>\n<p><a href=\"https:\/\/medtest.stagingservers.net\/kontakta-oss\/\">Kontakta oss<\/a> om du har n\u00e5gra fr\u00e5gor. Vi svarar inom 24 timmar.<\/p>\n","protected":false},"excerpt":{"rendered":"<p>Diabetestestet inneh\u00e5ller 2 st teststickor, individuellt f\u00f6rseglade i en plastf\u00f6rpackning, och \u00e4r avsett att anv\u00e4ndas f\u00f6r att kontrollera glukos- och ketonniv\u00e5er i urinprover som hj\u00e4lp vid diagnostisering av diabetes. Testet ger resultat genom den visuella j\u00e4mf\u00f6relsen med ett f\u00e4rgschema som \u00e4r utskriven p\u00e5 f\u00f6rpackningen. Varje f\u00e4rg betecknar ett antal koncentrationer av glukos och ketoner.<\/p>\n","protected":false},"featured_media":54866,"comment_status":"closed","ping_status":"closed","template":"","meta":{"_acf_changed":false,"footnotes":""},"product_brand":[],"product_cat":[750,744,727],"product_tag":[],"class_list":{"0":"post-54839","1":"product","2":"type-product","3":"status-publish","4":"has-post-thumbnail","6":"product_cat-diabetes","7":"product_cat-halsotester","8":"product_cat-paket-erbjudande","10":"first","11":"instock","12":"taxable","13":"shipping-taxable","14":"purchasable","15":"product-type-simple"},"acf":[],"yoast_head":"<title>Diabetestest - Hemtest f\u00f6r att kontrollera glukos och ketoner -Medtest<\/title>\n<meta name=\"description\" content=\"Diabetestest - Medtest Diabetestest f\u00f6r att kontrollera glukos och keton-niv\u00e5er i urinen. Tv\u00e5 teststickor per f\u00f6rpackning. Pris 139 kr. CE m\u00e4rkt.\" \/>\n<meta name=\"robots\" content=\"noindex, follow, max-snippet:-1, max-image-preview:large, max-video-preview:-1\" \/>\n<meta property=\"og:locale\" content=\"sv_SE\" \/>\n<meta property=\"og:type\" content=\"article\" \/>\n<meta property=\"og:title\" content=\"Diabetestest - Hemtest f\u00f6r att kontrollera glukos och ketoner -Medtest\" \/>\n<meta property=\"og:description\" content=\"Diabetestest - Medtest Diabetestest f\u00f6r att kontrollera glukos och keton-niv\u00e5er i urinen. Tv\u00e5 teststickor per f\u00f6rpackning. Pris 139 kr. CE m\u00e4rkt.\" \/>\n<meta property=\"og:url\" content=\"https:\/\/medtest.stagingservers.net\/sv\/produkt\/diabetestest\/\" \/>\n<meta property=\"og:site_name\" content=\"Medtest\" \/>\n<meta property=\"article:publisher\" content=\"https:\/\/www.facebook.com\/Medtest-1440779469392476\/\" \/>\n<meta property=\"article:modified_time\" content=\"2020-05-16T15:44:07+00:00\" \/>\n<meta property=\"og:image\" content=\"https:\/\/medtest.stagingservers.net\/wp-content\/uploads\/2019\/03\/Diabetes-SE.jpg\" \/>\n\t<meta property=\"og:image:width\" content=\"2400\" \/>\n\t<meta property=\"og:image:height\" content=\"1600\" \/>\n\t<meta property=\"og:image:type\" content=\"image\/jpeg\" \/>\n<meta name=\"twitter:card\" content=\"summary_large_image\" \/>\n<script type=\"application\/ld+json\" class=\"yoast-schema-graph\">{\"@context\":\"https:\\\/\\\/schema.org\",\"@graph\":[{\"@type\":\"WebPage\",\"@id\":\"https:\\\/\\\/medtest.stagingservers.net\\\/sv\\\/produkt\\\/diabetestest\\\/\",\"url\":\"https:\\\/\\\/medtest.stagingservers.net\\\/sv\\\/produkt\\\/diabetestest\\\/\",\"name\":\"Diabetestest - Hemtest f\u00f6r att kontrollera glukos och ketoner -Medtest\",\"isPartOf\":{\"@id\":\"https:\\\/\\\/medtest.stagingservers.net\\\/sv\\\/#website\"},\"primaryImageOfPage\":{\"@id\":\"https:\\\/\\\/medtest.stagingservers.net\\\/sv\\\/produkt\\\/diabetestest\\\/#primaryimage\"},\"image\":{\"@id\":\"https:\\\/\\\/medtest.stagingservers.net\\\/sv\\\/produkt\\\/diabetestest\\\/#primaryimage\"},\"thumbnailUrl\":\"https:\\\/\\\/medtest.stagingservers.net\\\/wp-content\\\/uploads\\\/2019\\\/03\\\/Diabetes-SE.jpg\",\"datePublished\":\"2019-03-03T15:11:55+00:00\",\"dateModified\":\"2020-05-16T15:44:07+00:00\",\"description\":\"Diabetestest - Medtest Diabetestest f\u00f6r att kontrollera glukos och keton-niv\u00e5er i urinen. Tv\u00e5 teststickor per f\u00f6rpackning. Pris 139 kr. CE m\u00e4rkt.\",\"breadcrumb\":{\"@id\":\"https:\\\/\\\/medtest.stagingservers.net\\\/sv\\\/produkt\\\/diabetestest\\\/#breadcrumb\"},\"inLanguage\":\"sv-SE\",\"potentialAction\":[{\"@type\":\"ReadAction\",\"target\":[\"https:\\\/\\\/medtest.stagingservers.net\\\/sv\\\/produkt\\\/diabetestest\\\/\"]}]},{\"@type\":\"ImageObject\",\"inLanguage\":\"sv-SE\",\"@id\":\"https:\\\/\\\/medtest.stagingservers.net\\\/sv\\\/produkt\\\/diabetestest\\\/#primaryimage\",\"url\":\"https:\\\/\\\/medtest.stagingservers.net\\\/wp-content\\\/uploads\\\/2019\\\/03\\\/Diabetes-SE.jpg\",\"contentUrl\":\"https:\\\/\\\/medtest.stagingservers.net\\\/wp-content\\\/uploads\\\/2019\\\/03\\\/Diabetes-SE.jpg\",\"width\":2400,\"height\":1600,\"caption\":\"Diabetestest\"},{\"@type\":\"BreadcrumbList\",\"@id\":\"https:\\\/\\\/medtest.stagingservers.net\\\/sv\\\/produkt\\\/diabetestest\\\/#breadcrumb\",\"itemListElement\":[{\"@type\":\"ListItem\",\"position\":1,\"name\":\"Home\",\"item\":\"https:\\\/\\\/medtest.stagingservers.net\\\/sv\\\/\"},{\"@type\":\"ListItem\",\"position\":2,\"name\":\"Shop\",\"item\":\"https:\\\/\\\/medtest.stagingservers.net\\\/home-shop\\\/\"},{\"@type\":\"ListItem\",\"position\":3,\"name\":\"Diabetestest\"}]},{\"@type\":\"WebSite\",\"@id\":\"https:\\\/\\\/medtest.stagingservers.net\\\/sv\\\/#website\",\"url\":\"https:\\\/\\\/medtest.stagingservers.net\\\/sv\\\/\",\"name\":\"Medtest\",\"description\":\"\",\"publisher\":{\"@id\":\"https:\\\/\\\/medtest.stagingservers.net\\\/sv\\\/#organization\"},\"potentialAction\":[{\"@type\":\"SearchAction\",\"target\":{\"@type\":\"EntryPoint\",\"urlTemplate\":\"https:\\\/\\\/medtest.stagingservers.net\\\/sv\\\/?s={search_term_string}\"},\"query-input\":{\"@type\":\"PropertyValueSpecification\",\"valueRequired\":true,\"valueName\":\"search_term_string\"}}],\"inLanguage\":\"sv-SE\"},{\"@type\":\"Organization\",\"@id\":\"https:\\\/\\\/medtest.stagingservers.net\\\/sv\\\/#organization\",\"name\":\"Medtest\",\"url\":\"https:\\\/\\\/medtest.stagingservers.net\\\/sv\\\/\",\"logo\":{\"@type\":\"ImageObject\",\"inLanguage\":\"sv-SE\",\"@id\":\"https:\\\/\\\/medtest.stagingservers.net\\\/sv\\\/#\\\/schema\\\/logo\\\/image\\\/\",\"url\":\"https:\\\/\\\/medtest.stagingservers.net\\\/wp-content\\\/uploads\\\/2018\\\/11\\\/Original.png\",\"contentUrl\":\"https:\\\/\\\/medtest.stagingservers.net\\\/wp-content\\\/uploads\\\/2018\\\/11\\\/Original.png\",\"width\":1024,\"height\":1024,\"caption\":\"Medtest\"},\"image\":{\"@id\":\"https:\\\/\\\/medtest.stagingservers.net\\\/sv\\\/#\\\/schema\\\/logo\\\/image\\\/\"},\"sameAs\":[\"https:\\\/\\\/www.facebook.com\\\/Medtest-1440779469392476\\\/\"]}]}<\/script>","yoast_head_json":{"title":"Diabetestest - Hemtest f\u00f6r att kontrollera glukos och ketoner -Medtest","description":"Diabetestest - Medtest Diabetestest f\u00f6r att kontrollera glukos och keton-niv\u00e5er i urinen. Tv\u00e5 teststickor per f\u00f6rpackning. Pris 139 kr. CE m\u00e4rkt.","robots":{"index":"noindex","follow":"follow","max-snippet":"max-snippet:-1","max-image-preview":"max-image-preview:large","max-video-preview":"max-video-preview:-1"},"og_locale":"sv_SE","og_type":"article","og_title":"Diabetestest - Hemtest f\u00f6r att kontrollera glukos och ketoner -Medtest","og_description":"Diabetestest - Medtest Diabetestest f\u00f6r att kontrollera glukos och keton-niv\u00e5er i urinen. Tv\u00e5 teststickor per f\u00f6rpackning. Pris 139 kr. CE m\u00e4rkt.","og_url":"https:\/\/medtest.stagingservers.net\/sv\/produkt\/diabetestest\/","og_site_name":"Medtest","article_publisher":"https:\/\/www.facebook.com\/Medtest-1440779469392476\/","article_modified_time":"2020-05-16T15:44:07+00:00","og_image":[{"width":2400,"height":1600,"url":"https:\/\/medtest.stagingservers.net\/wp-content\/uploads\/2019\/03\/Diabetes-SE.jpg","type":"image\/jpeg"}],"twitter_card":"summary_large_image","schema":{"@context":"https:\/\/schema.org","@graph":[{"@type":"WebPage","@id":"https:\/\/medtest.stagingservers.net\/sv\/produkt\/diabetestest\/","url":"https:\/\/medtest.stagingservers.net\/sv\/produkt\/diabetestest\/","name":"Diabetestest - Hemtest f\u00f6r att kontrollera glukos och ketoner -Medtest","isPartOf":{"@id":"https:\/\/medtest.stagingservers.net\/sv\/#website"},"primaryImageOfPage":{"@id":"https:\/\/medtest.stagingservers.net\/sv\/produkt\/diabetestest\/#primaryimage"},"image":{"@id":"https:\/\/medtest.stagingservers.net\/sv\/produkt\/diabetestest\/#primaryimage"},"thumbnailUrl":"https:\/\/medtest.stagingservers.net\/wp-content\/uploads\/2019\/03\/Diabetes-SE.jpg","datePublished":"2019-03-03T15:11:55+00:00","dateModified":"2020-05-16T15:44:07+00:00","description":"Diabetestest - Medtest Diabetestest f\u00f6r att kontrollera glukos och keton-niv\u00e5er i urinen. Tv\u00e5 teststickor per f\u00f6rpackning. Pris 139 kr. CE m\u00e4rkt.","breadcrumb":{"@id":"https:\/\/medtest.stagingservers.net\/sv\/produkt\/diabetestest\/#breadcrumb"},"inLanguage":"sv-SE","potentialAction":[{"@type":"ReadAction","target":["https:\/\/medtest.stagingservers.net\/sv\/produkt\/diabetestest\/"]}]},{"@type":"ImageObject","inLanguage":"sv-SE","@id":"https:\/\/medtest.stagingservers.net\/sv\/produkt\/diabetestest\/#primaryimage","url":"https:\/\/medtest.stagingservers.net\/wp-content\/uploads\/2019\/03\/Diabetes-SE.jpg","contentUrl":"https:\/\/medtest.stagingservers.net\/wp-content\/uploads\/2019\/03\/Diabetes-SE.jpg","width":2400,"height":1600,"caption":"Diabetestest"},{"@type":"BreadcrumbList","@id":"https:\/\/medtest.stagingservers.net\/sv\/produkt\/diabetestest\/#breadcrumb","itemListElement":[{"@type":"ListItem","position":1,"name":"Home","item":"https:\/\/medtest.stagingservers.net\/sv\/"},{"@type":"ListItem","position":2,"name":"Shop","item":"https:\/\/medtest.stagingservers.net\/home-shop\/"},{"@type":"ListItem","position":3,"name":"Diabetestest"}]},{"@type":"WebSite","@id":"https:\/\/medtest.stagingservers.net\/sv\/#website","url":"https:\/\/medtest.stagingservers.net\/sv\/","name":"Medtest","description":"","publisher":{"@id":"https:\/\/medtest.stagingservers.net\/sv\/#organization"},"potentialAction":[{"@type":"SearchAction","target":{"@type":"EntryPoint","urlTemplate":"https:\/\/medtest.stagingservers.net\/sv\/?s={search_term_string}"},"query-input":{"@type":"PropertyValueSpecification","valueRequired":true,"valueName":"search_term_string"}}],"inLanguage":"sv-SE"},{"@type":"Organization","@id":"https:\/\/medtest.stagingservers.net\/sv\/#organization","name":"Medtest","url":"https:\/\/medtest.stagingservers.net\/sv\/","logo":{"@type":"ImageObject","inLanguage":"sv-SE","@id":"https:\/\/medtest.stagingservers.net\/sv\/#\/schema\/logo\/image\/","url":"https:\/\/medtest.stagingservers.net\/wp-content\/uploads\/2018\/11\/Original.png","contentUrl":"https:\/\/medtest.stagingservers.net\/wp-content\/uploads\/2018\/11\/Original.png","width":1024,"height":1024,"caption":"Medtest"},"image":{"@id":"https:\/\/medtest.stagingservers.net\/sv\/#\/schema\/logo\/image\/"},"sameAs":["https:\/\/www.facebook.com\/Medtest-1440779469392476\/"]}]}},"_links":{"self":[{"href":"https:\/\/medtest.stagingservers.net\/sv\/wp-json\/wp\/v2\/product\/54839","targetHints":{"allow":["GET"]}}],"collection":[{"href":"https:\/\/medtest.stagingservers.net\/sv\/wp-json\/wp\/v2\/product"}],"about":[{"href":"https:\/\/medtest.stagingservers.net\/sv\/wp-json\/wp\/v2\/types\/product"}],"replies":[{"embeddable":true,"href":"https:\/\/medtest.stagingservers.net\/sv\/wp-json\/wp\/v2\/comments?post=54839"}],"version-history":[{"count":0,"href":"https:\/\/medtest.stagingservers.net\/sv\/wp-json\/wp\/v2\/product\/54839\/revisions"}],"wp:featuredmedia":[{"embeddable":true,"href":"https:\/\/medtest.stagingservers.net\/sv\/wp-json\/wp\/v2\/media\/54866"}],"wp:attachment":[{"href":"https:\/\/medtest.stagingservers.net\/sv\/wp-json\/wp\/v2\/media?parent=54839"}],"wp:term":[{"taxonomy":"product_brand","embeddable":true,"href":"https:\/\/medtest.stagingservers.net\/sv\/wp-json\/wp\/v2\/product_brand?post=54839"},{"taxonomy":"product_cat","embeddable":true,"href":"https:\/\/medtest.stagingservers.net\/sv\/wp-json\/wp\/v2\/product_cat?post=54839"},{"taxonomy":"product_tag","embeddable":true,"href":"https:\/\/medtest.stagingservers.net\/sv\/wp-json\/wp\/v2\/product_tag?post=54839"}],"curies":[{"name":"wp","href":"https:\/\/api.w.org\/{rel}","templated":true}]}}