{"id":54845,"date":"2019-03-03T16:05:28","date_gmt":"2019-03-03T16:05:28","guid":{"rendered":"http:\/\/104.248.87.71\/?post_type=product&#038;p=54845"},"modified":"2020-05-16T17:43:14","modified_gmt":"2020-05-16T15:43:14","slug":"njurtest","status":"publish","type":"product","link":"https:\/\/medtest.stagingservers.net\/sv\/produkt\/njurtest\/","title":{"rendered":"Njurtest"},"content":{"rendered":"<h2>Njurtest<\/h2>\n<p>Testet anv\u00e4nder du f\u00f6r att kontrollera <strong>Kreatinin, Protein och Specifik Gravitet<\/strong> i urinprover som ett hj\u00e4lpmedel vid diagnos av njursjukdomar. Testet ger resultat genom visuell j\u00e4mf\u00f6relse med ett f\u00e4rgschema som skrivits ut p\u00e5 f\u00f6rpackningen (se l\u00e4ngs ner).<\/p>\n<h5>Kreatinin<\/h5>\n<p>Kreatinin \u00e4r en kemisk avfallsprodukt i blodet som passerar genom njurarna som filtreras och elimineras i urinen. Detta kemiska avfall \u00e4r en biprodukt av normal muskelfunktion. Ju mer muskler en person har desto mer kreatinin producerar de. Niv\u00e5erna av kreatinin i blodet \u00e5terspeglar b\u00e5de m\u00e4ngden muskler som en person har och deras njurfunktion. De flesta m\u00e4n med normal njurfunktion har ungef\u00e4r 0,6 till 1,2 milligram \/ deciliter (mg \/ dL) kreatinin.\u00a0De flesta kvinnor med normal njurfunktion har mellan 0,5 och 1,1 mg \/ dl kreatinin.\u00a0Kvinnor brukar ha l\u00e4gre kreatininniv\u00e5er \u00e4n m\u00e4n eftersom kvinnor i genomsnitt har mindre muskler \u00e4n m\u00e4n.<\/p>\n<h5>Protein<\/h5>\n<p>Normalt sett ska ditt urin i princip inte inneh\u00e5lla n\u00e5got protein. Om du har protein i urinen kan det finnas ett problem med dina njurars filtreringsf\u00f6rm\u00e5ga.<\/p>\n<h5>Specifikt gravitet<\/h5>\n<p>Njurarna rensar ut o\u00f6nskade \u00e4mnen fr\u00e5n kroppen som exempelvis toxiner och metaboliska slaggprodukter. Njurens roll \u00e4r att avl\u00e4gsna dessa substanser via urinen utan att f\u00f6rlora f\u00f6r mycket v\u00e4tska. Koncentrationen av de uts\u00f6ndrade molekylerna best\u00e4mmer urinens\u00a0specifika gravitation. Vuxna har i allm\u00e4nhet en specifik gravitet p\u00e5 cirka 1 000 till 1030.\u00a0\u00d6kningar i specifik gravitation, dvs \u00f6kad koncentration av l\u00f6sta \u00e4mnen i urinen, kan vara f\u00f6rknippad med njursvikt eller nedsatt blodfl\u00f6de till njurarna.<\/p>\n<h5><strong>S\u00e5 h\u00e4r fungerar sj\u00e4lvtestet<\/strong><\/h5>\n<ol start=\"1\">\n<li>\u00d6ppna folief\u00f6rpackningen och ta ut teststickan.<\/li>\n<li><span class=\"mobile-undersized-upper\">Urinera i en kopp\/b\u00e4gare och doppa teststickan.<\/span><\/li>\n<li><span class=\"mobile-undersized-upper\">L\u00e4ser av svaret efter cirka 1 minut.<\/span><\/li>\n<\/ol>\n<p><img loading=\"lazy\" decoding=\"async\" class=\"alignnone size-full wp-image-54846\" src=\"https:\/\/medtest.stagingservers.net\/wp-content\/uploads\/2019\/03\/Njur-resultat.png\" alt=\"\" width=\"1098\" height=\"306\" srcset=\"https:\/\/medtest.stagingservers.net\/wp-content\/uploads\/2019\/03\/Njur-resultat.png 1098w, https:\/\/medtest.stagingservers.net\/wp-content\/uploads\/2019\/03\/Njur-resultat-600x167.png 600w, https:\/\/medtest.stagingservers.net\/wp-content\/uploads\/2019\/03\/Njur-resultat-200x56.png 200w, https:\/\/medtest.stagingservers.net\/wp-content\/uploads\/2019\/03\/Njur-resultat-720x201.png 720w, https:\/\/medtest.stagingservers.net\/wp-content\/uploads\/2019\/03\/Njur-resultat-768x214.png 768w, https:\/\/medtest.stagingservers.net\/wp-content\/uploads\/2019\/03\/Njur-resultat-1024x285.png 1024w, https:\/\/medtest.stagingservers.net\/wp-content\/uploads\/2019\/03\/Njur-resultat-416x116.png 416w, https:\/\/medtest.stagingservers.net\/wp-content\/uploads\/2019\/03\/Njur-resultat-300x84.png 300w\" sizes=\"auto, (max-width: 1098px) 100vw, 1098px\" \/> Utf\u00f6randebeskrivning p\u00e5 svenska medf\u00f6ljer produkten.<\/p>\n","protected":false},"excerpt":{"rendered":"<p>Testa din njurfunktion.<br \/>\nNjurtestet inneh\u00e5ller 2 st teststickor, individuellt f\u00f6rseglade i en plastf\u00f6rpackning, och \u00e4r avsett att anv\u00e4ndas f\u00f6r att kontrollera Kreatinin, Protein och Specifik Gravitet i urinprover som ett hj\u00e4lpmedel vid diagnos av njursjukdomar. Testet ger resultat genom visuell j\u00e4mf\u00f6relse med ett f\u00e4rgschema som skrivits ut p\u00e5 f\u00f6rpackningen (se l\u00e4ngs ner).<\/p>\n","protected":false},"featured_media":54865,"comment_status":"closed","ping_status":"closed","template":"","meta":{"_acf_changed":false,"footnotes":""},"product_brand":[],"product_cat":[752],"product_tag":[],"class_list":{"0":"post-54845","1":"product","2":"type-product","3":"status-publish","4":"has-post-thumbnail","6":"product_cat-njurfunktion","8":"first","9":"instock","10":"taxable","11":"shipping-taxable","12":"purchasable","13":"product-type-simple"},"acf":[],"yoast_head":"<title>Njurtest - Medtest<\/title>\n<meta name=\"description\" content=\"Njurtest - Medtest\" \/>\n<meta name=\"robots\" content=\"noindex, follow, max-snippet:-1, max-image-preview:large, max-video-preview:-1\" \/>\n<meta property=\"og:locale\" content=\"sv_SE\" \/>\n<meta property=\"og:type\" content=\"article\" \/>\n<meta property=\"og:title\" content=\"Njurtest - Medtest\" \/>\n<meta property=\"og:description\" content=\"Njurtest - Medtest\" \/>\n<meta property=\"og:url\" content=\"https:\/\/medtest.stagingservers.net\/sv\/produkt\/njurtest\/\" \/>\n<meta property=\"og:site_name\" content=\"Medtest\" \/>\n<meta property=\"article:publisher\" content=\"https:\/\/www.facebook.com\/Medtest-1440779469392476\/\" \/>\n<meta property=\"article:modified_time\" content=\"2020-05-16T15:43:14+00:00\" \/>\n<meta property=\"og:image\" content=\"https:\/\/medtest.stagingservers.net\/wp-content\/uploads\/2019\/03\/Njurtest-SE.jpg\" \/>\n\t<meta property=\"og:image:width\" content=\"2400\" \/>\n\t<meta property=\"og:image:height\" content=\"1600\" \/>\n\t<meta property=\"og:image:type\" content=\"image\/jpeg\" \/>\n<meta name=\"twitter:card\" content=\"summary_large_image\" \/>\n<script type=\"application\/ld+json\" class=\"yoast-schema-graph\">{\"@context\":\"https:\\\/\\\/schema.org\",\"@graph\":[{\"@type\":\"WebPage\",\"@id\":\"https:\\\/\\\/medtest.stagingservers.net\\\/sv\\\/produkt\\\/njurtest\\\/\",\"url\":\"https:\\\/\\\/medtest.stagingservers.net\\\/sv\\\/produkt\\\/njurtest\\\/\",\"name\":\"Njurtest - Medtest\",\"isPartOf\":{\"@id\":\"https:\\\/\\\/medtest.stagingservers.net\\\/sv\\\/#website\"},\"primaryImageOfPage\":{\"@id\":\"https:\\\/\\\/medtest.stagingservers.net\\\/sv\\\/produkt\\\/njurtest\\\/#primaryimage\"},\"image\":{\"@id\":\"https:\\\/\\\/medtest.stagingservers.net\\\/sv\\\/produkt\\\/njurtest\\\/#primaryimage\"},\"thumbnailUrl\":\"https:\\\/\\\/medtest.stagingservers.net\\\/wp-content\\\/uploads\\\/2019\\\/03\\\/Njurtest-SE.jpg\",\"datePublished\":\"2019-03-03T16:05:28+00:00\",\"dateModified\":\"2020-05-16T15:43:14+00:00\",\"description\":\"Njurtest - Medtest\",\"breadcrumb\":{\"@id\":\"https:\\\/\\\/medtest.stagingservers.net\\\/sv\\\/produkt\\\/njurtest\\\/#breadcrumb\"},\"inLanguage\":\"sv-SE\",\"potentialAction\":[{\"@type\":\"ReadAction\",\"target\":[\"https:\\\/\\\/medtest.stagingservers.net\\\/sv\\\/produkt\\\/njurtest\\\/\"]}]},{\"@type\":\"ImageObject\",\"inLanguage\":\"sv-SE\",\"@id\":\"https:\\\/\\\/medtest.stagingservers.net\\\/sv\\\/produkt\\\/njurtest\\\/#primaryimage\",\"url\":\"https:\\\/\\\/medtest.stagingservers.net\\\/wp-content\\\/uploads\\\/2019\\\/03\\\/Njurtest-SE.jpg\",\"contentUrl\":\"https:\\\/\\\/medtest.stagingservers.net\\\/wp-content\\\/uploads\\\/2019\\\/03\\\/Njurtest-SE.jpg\",\"width\":2400,\"height\":1600},{\"@type\":\"BreadcrumbList\",\"@id\":\"https:\\\/\\\/medtest.stagingservers.net\\\/sv\\\/produkt\\\/njurtest\\\/#breadcrumb\",\"itemListElement\":[{\"@type\":\"ListItem\",\"position\":1,\"name\":\"Home\",\"item\":\"https:\\\/\\\/medtest.stagingservers.net\\\/sv\\\/\"},{\"@type\":\"ListItem\",\"position\":2,\"name\":\"Shop\",\"item\":\"https:\\\/\\\/medtest.stagingservers.net\\\/home-shop\\\/\"},{\"@type\":\"ListItem\",\"position\":3,\"name\":\"Njurtest\"}]},{\"@type\":\"WebSite\",\"@id\":\"https:\\\/\\\/medtest.stagingservers.net\\\/sv\\\/#website\",\"url\":\"https:\\\/\\\/medtest.stagingservers.net\\\/sv\\\/\",\"name\":\"Medtest\",\"description\":\"\",\"publisher\":{\"@id\":\"https:\\\/\\\/medtest.stagingservers.net\\\/sv\\\/#organization\"},\"potentialAction\":[{\"@type\":\"SearchAction\",\"target\":{\"@type\":\"EntryPoint\",\"urlTemplate\":\"https:\\\/\\\/medtest.stagingservers.net\\\/sv\\\/?s={search_term_string}\"},\"query-input\":{\"@type\":\"PropertyValueSpecification\",\"valueRequired\":true,\"valueName\":\"search_term_string\"}}],\"inLanguage\":\"sv-SE\"},{\"@type\":\"Organization\",\"@id\":\"https:\\\/\\\/medtest.stagingservers.net\\\/sv\\\/#organization\",\"name\":\"Medtest\",\"url\":\"https:\\\/\\\/medtest.stagingservers.net\\\/sv\\\/\",\"logo\":{\"@type\":\"ImageObject\",\"inLanguage\":\"sv-SE\",\"@id\":\"https:\\\/\\\/medtest.stagingservers.net\\\/sv\\\/#\\\/schema\\\/logo\\\/image\\\/\",\"url\":\"https:\\\/\\\/medtest.stagingservers.net\\\/wp-content\\\/uploads\\\/2018\\\/11\\\/Original.png\",\"contentUrl\":\"https:\\\/\\\/medtest.stagingservers.net\\\/wp-content\\\/uploads\\\/2018\\\/11\\\/Original.png\",\"width\":1024,\"height\":1024,\"caption\":\"Medtest\"},\"image\":{\"@id\":\"https:\\\/\\\/medtest.stagingservers.net\\\/sv\\\/#\\\/schema\\\/logo\\\/image\\\/\"},\"sameAs\":[\"https:\\\/\\\/www.facebook.com\\\/Medtest-1440779469392476\\\/\"]}]}<\/script>","yoast_head_json":{"title":"Njurtest - Medtest","description":"Njurtest - Medtest","robots":{"index":"noindex","follow":"follow","max-snippet":"max-snippet:-1","max-image-preview":"max-image-preview:large","max-video-preview":"max-video-preview:-1"},"og_locale":"sv_SE","og_type":"article","og_title":"Njurtest - Medtest","og_description":"Njurtest - Medtest","og_url":"https:\/\/medtest.stagingservers.net\/sv\/produkt\/njurtest\/","og_site_name":"Medtest","article_publisher":"https:\/\/www.facebook.com\/Medtest-1440779469392476\/","article_modified_time":"2020-05-16T15:43:14+00:00","og_image":[{"width":2400,"height":1600,"url":"https:\/\/medtest.stagingservers.net\/wp-content\/uploads\/2019\/03\/Njurtest-SE.jpg","type":"image\/jpeg"}],"twitter_card":"summary_large_image","schema":{"@context":"https:\/\/schema.org","@graph":[{"@type":"WebPage","@id":"https:\/\/medtest.stagingservers.net\/sv\/produkt\/njurtest\/","url":"https:\/\/medtest.stagingservers.net\/sv\/produkt\/njurtest\/","name":"Njurtest - Medtest","isPartOf":{"@id":"https:\/\/medtest.stagingservers.net\/sv\/#website"},"primaryImageOfPage":{"@id":"https:\/\/medtest.stagingservers.net\/sv\/produkt\/njurtest\/#primaryimage"},"image":{"@id":"https:\/\/medtest.stagingservers.net\/sv\/produkt\/njurtest\/#primaryimage"},"thumbnailUrl":"https:\/\/medtest.stagingservers.net\/wp-content\/uploads\/2019\/03\/Njurtest-SE.jpg","datePublished":"2019-03-03T16:05:28+00:00","dateModified":"2020-05-16T15:43:14+00:00","description":"Njurtest - Medtest","breadcrumb":{"@id":"https:\/\/medtest.stagingservers.net\/sv\/produkt\/njurtest\/#breadcrumb"},"inLanguage":"sv-SE","potentialAction":[{"@type":"ReadAction","target":["https:\/\/medtest.stagingservers.net\/sv\/produkt\/njurtest\/"]}]},{"@type":"ImageObject","inLanguage":"sv-SE","@id":"https:\/\/medtest.stagingservers.net\/sv\/produkt\/njurtest\/#primaryimage","url":"https:\/\/medtest.stagingservers.net\/wp-content\/uploads\/2019\/03\/Njurtest-SE.jpg","contentUrl":"https:\/\/medtest.stagingservers.net\/wp-content\/uploads\/2019\/03\/Njurtest-SE.jpg","width":2400,"height":1600},{"@type":"BreadcrumbList","@id":"https:\/\/medtest.stagingservers.net\/sv\/produkt\/njurtest\/#breadcrumb","itemListElement":[{"@type":"ListItem","position":1,"name":"Home","item":"https:\/\/medtest.stagingservers.net\/sv\/"},{"@type":"ListItem","position":2,"name":"Shop","item":"https:\/\/medtest.stagingservers.net\/home-shop\/"},{"@type":"ListItem","position":3,"name":"Njurtest"}]},{"@type":"WebSite","@id":"https:\/\/medtest.stagingservers.net\/sv\/#website","url":"https:\/\/medtest.stagingservers.net\/sv\/","name":"Medtest","description":"","publisher":{"@id":"https:\/\/medtest.stagingservers.net\/sv\/#organization"},"potentialAction":[{"@type":"SearchAction","target":{"@type":"EntryPoint","urlTemplate":"https:\/\/medtest.stagingservers.net\/sv\/?s={search_term_string}"},"query-input":{"@type":"PropertyValueSpecification","valueRequired":true,"valueName":"search_term_string"}}],"inLanguage":"sv-SE"},{"@type":"Organization","@id":"https:\/\/medtest.stagingservers.net\/sv\/#organization","name":"Medtest","url":"https:\/\/medtest.stagingservers.net\/sv\/","logo":{"@type":"ImageObject","inLanguage":"sv-SE","@id":"https:\/\/medtest.stagingservers.net\/sv\/#\/schema\/logo\/image\/","url":"https:\/\/medtest.stagingservers.net\/wp-content\/uploads\/2018\/11\/Original.png","contentUrl":"https:\/\/medtest.stagingservers.net\/wp-content\/uploads\/2018\/11\/Original.png","width":1024,"height":1024,"caption":"Medtest"},"image":{"@id":"https:\/\/medtest.stagingservers.net\/sv\/#\/schema\/logo\/image\/"},"sameAs":["https:\/\/www.facebook.com\/Medtest-1440779469392476\/"]}]}},"_links":{"self":[{"href":"https:\/\/medtest.stagingservers.net\/sv\/wp-json\/wp\/v2\/product\/54845","targetHints":{"allow":["GET"]}}],"collection":[{"href":"https:\/\/medtest.stagingservers.net\/sv\/wp-json\/wp\/v2\/product"}],"about":[{"href":"https:\/\/medtest.stagingservers.net\/sv\/wp-json\/wp\/v2\/types\/product"}],"replies":[{"embeddable":true,"href":"https:\/\/medtest.stagingservers.net\/sv\/wp-json\/wp\/v2\/comments?post=54845"}],"version-history":[{"count":0,"href":"https:\/\/medtest.stagingservers.net\/sv\/wp-json\/wp\/v2\/product\/54845\/revisions"}],"wp:featuredmedia":[{"embeddable":true,"href":"https:\/\/medtest.stagingservers.net\/sv\/wp-json\/wp\/v2\/media\/54865"}],"wp:attachment":[{"href":"https:\/\/medtest.stagingservers.net\/sv\/wp-json\/wp\/v2\/media?parent=54845"}],"wp:term":[{"taxonomy":"product_brand","embeddable":true,"href":"https:\/\/medtest.stagingservers.net\/sv\/wp-json\/wp\/v2\/product_brand?post=54845"},{"taxonomy":"product_cat","embeddable":true,"href":"https:\/\/medtest.stagingservers.net\/sv\/wp-json\/wp\/v2\/product_cat?post=54845"},{"taxonomy":"product_tag","embeddable":true,"href":"https:\/\/medtest.stagingservers.net\/sv\/wp-json\/wp\/v2\/product_tag?post=54845"}],"curies":[{"name":"wp","href":"https:\/\/api.w.org\/{rel}","templated":true}]}}