{"id":54848,"date":"2019-03-03T19:13:50","date_gmt":"2019-03-03T19:13:50","guid":{"rendered":"http:\/\/104.248.87.71\/?post_type=product&#038;p=54848"},"modified":"2020-05-16T17:42:23","modified_gmt":"2020-05-16T15:42:23","slug":"lever-test","status":"publish","type":"product","link":"https:\/\/medtest.stagingservers.net\/sv\/produkt\/lever-test\/","title":{"rendered":"Levertest"},"content":{"rendered":"<h2>Levertest<\/h2>\n<p>V\u00e5rat leverest anv\u00e4nder du f\u00f6r att kontrollera bilirubin och urobilinogen i urinprover som ett hj\u00e4lpmedel vid diagnos av lever- och gallbl\u00e5sproblem. Testet ger resultat genom den visuella j\u00e4mf\u00f6relsen med ett f\u00e4rgschema som finns utskrivet ut p\u00e5 f\u00f6rpackningen.<\/p>\n<h5>Varf\u00f6r beh\u00f6ver man analysera Bilirubin?<\/h5>\n<p>Vid misstanke om leversjukdom b\u00f6r du f\u00e5 bilirubinniv\u00e5erna i blodet analyserade, likas\u00e5 g\u00e4ller vid misst\u00e4nkt sjukdom i gallv\u00e4garna. \u00c4ven vid misstanke om en \u00f6kad nedbrytning av r\u00f6da blodkroppar i blodet kontrollerar man bilirubinv\u00e4rdet. Ett kliniskt tecken p\u00e5 att bilirubinniv\u00e5erna \u00e4r f\u00f6rh\u00f6jda i kroppen \u00e4r f\u00f6rekomsten av gulsot, vilket inneb\u00e4r att huden p\u00e5 kroppen och \u00f6gonvitorna antar en gulaktig ton.<\/p>\n<h5>Ett f\u00f6rh\u00f6jt Bilirubin v\u00e4rde \u2013 vad inneb\u00e4r det?<\/h5>\n<p>Ett f\u00f6rh\u00f6jt v\u00e4rde kan ha ett flertal olika orsaker. Det ses ofta i samband med leversjukdom, t.ex. till f\u00f6ljd av l\u00e5ngvarigt h\u00f6gt alkoholintag eller vid infektion i leverv\u00e4vnaden (<a href=\"https:\/\/medtest.stagingservers.net\/?attachment_id=56002\">hepatit B<\/a>, <a href=\"https:\/\/medtest.stagingservers.net\/product\/hepatit-c\/\">hepatit C<\/a> och vid p\u00e5ssjuka). Bilirubin kan ocks\u00e5 stiga vid sjukdomar som orsakar hinder i gallv\u00e4garna, gallstenar eller tum\u00f6rer orsakar ofta detta. Vissa typer av \u00e4rftliga enzymbrister kan ocks\u00e5 orsaka en bilirubinstegring. Likas\u00e5 ses ofta f\u00f6rh\u00f6jda bilirubinniv\u00e5er hos personer som \u00e4r sv\u00e5rt sjuka av olika anledningar som inte beh\u00f6ver ha direkt med levern att g\u00f6ra, exempelvis vid tum\u00f6rsjukdomar, sv\u00e5ra infektioner och sv\u00e5r hj\u00e4rtsvikt.<\/p>\n<p>Ett f\u00f6rh\u00f6jt bilirubinv\u00e4rde kan ocks\u00e5 f\u00f6rekomma vid hemolys. Det inneb\u00e4r att de r\u00f6da blodkropparna bryts ned med en snabbare hastighet \u00e4n normalt. M\u00e5nga olika l\u00e4kemedel, t.ex. \u00f6strogener, androgena anabola steroider, vissa blodtrycksmediciner och antibiotika, antiepileptika, antidepressiva och analgetika, kan ibland ocks\u00e5 p\u00e5verka levern och ge en stegring av blirubinniv\u00e5erna i blodet.<\/p>\n<div>\n<h5><strong><span class=\"mobile-undersized-upper\">S\u00e5 h\u00e4r fungerar sj\u00e4lvtestet<\/span><\/strong><\/h5>\n<\/div>\n<ol start=\"1\">\n<li class=\"mobile-undersized-upper\" data-index=\"479\" data-length=\"49\"><span class=\"mobile-undersized-upper\">\u00d6ppna folief\u00f6rpackningen och ta ut teststickan.<\/span><\/li>\n<li class=\"mobile-undersized-upper\" data-index=\"528\" data-length=\"49\"><span class=\"mobile-undersized-upper\">Urinera i en kopp\/b\u00e4gare och doppa teststickan.<\/span><\/li>\n<li class=\"mobile-undersized-upper\" data-index=\"577\" data-length=\"39\"><span class=\"mobile-undersized-upper\">L\u00e4ser av svaret efter cirka 1 minut. L\u00e4ser resultaten genom att j\u00e4mf\u00f6ra f\u00e4rgerna p\u00e5 reaktionen p\u00e5 remsan till de i diagrammet. Under j\u00e4mf\u00f6relse beh\u00e5ll remsan i ett horisontellt l\u00e4ge f\u00f6r att undvika m\u00f6jlig blandning av f\u00e4rger mellan de tv\u00e5 reaktionsomr\u00e5dena p\u00e5 remsan<\/span><\/li>\n<\/ol>\n<p><img loading=\"lazy\" decoding=\"async\" class=\"alignnone wp-image-54850\" src=\"https:\/\/medtest.stagingservers.net\/wp-content\/uploads\/2019\/03\/Lever-resultat.png\" alt=\"\" width=\"825\" height=\"172\" srcset=\"https:\/\/medtest.stagingservers.net\/wp-content\/uploads\/2019\/03\/Lever-resultat.png 1086w, https:\/\/medtest.stagingservers.net\/wp-content\/uploads\/2019\/03\/Lever-resultat-600x125.png 600w, https:\/\/medtest.stagingservers.net\/wp-content\/uploads\/2019\/03\/Lever-resultat-200x42.png 200w, https:\/\/medtest.stagingservers.net\/wp-content\/uploads\/2019\/03\/Lever-resultat-720x150.png 720w, https:\/\/medtest.stagingservers.net\/wp-content\/uploads\/2019\/03\/Lever-resultat-768x160.png 768w, https:\/\/medtest.stagingservers.net\/wp-content\/uploads\/2019\/03\/Lever-resultat-1024x213.png 1024w, https:\/\/medtest.stagingservers.net\/wp-content\/uploads\/2019\/03\/Lever-resultat-416x87.png 416w, https:\/\/medtest.stagingservers.net\/wp-content\/uploads\/2019\/03\/Lever-resultat-300x62.png 300w\" sizes=\"auto, (max-width: 825px) 100vw, 825px\" \/><\/p>\n","protected":false},"excerpt":{"rendered":"<p>Testa din leverfunktion.<br \/>\nTestet \u00e4r avsett att anv\u00e4ndas f\u00f6r att kontrollera bilirubin och urobilinogen i urinprover som ett hj\u00e4lpmedel vid diagnos av lever- och gallbl\u00e5sproblem. Testet ger resultat genom den visuella j\u00e4mf\u00f6relsen med ett f\u00e4rgschema som finns utskrivet ut p\u00e5 f\u00f6rpackningen.<\/p>\n","protected":false},"featured_media":54864,"comment_status":"closed","ping_status":"closed","template":"","meta":{"_acf_changed":false,"footnotes":""},"product_brand":[],"product_cat":[751],"product_tag":[],"class_list":{"0":"post-54848","1":"product","2":"type-product","3":"status-publish","4":"has-post-thumbnail","6":"product_cat-leverfunktion","8":"first","9":"instock","10":"taxable","11":"shipping-taxable","12":"purchasable","13":"product-type-simple"},"acf":[],"yoast_head":"<title>Levertest - Kontrollera din leverefunktion med ett hemtest- Medtest<\/title>\n<meta name=\"description\" content=\"Levertest - Testa din leverfunktion med ett levertest. F\u00f6r m\u00e4n och kvinor. Skickas samma dag direkt hem i brevl\u00e5danMedtest\" \/>\n<meta name=\"robots\" content=\"noindex, follow, max-snippet:-1, max-image-preview:large, max-video-preview:-1\" \/>\n<meta property=\"og:locale\" content=\"sv_SE\" \/>\n<meta property=\"og:type\" content=\"article\" \/>\n<meta property=\"og:title\" content=\"Levertest - Kontrollera din leverefunktion med ett hemtest- Medtest\" \/>\n<meta property=\"og:description\" content=\"Levertest - Testa din leverfunktion med ett levertest. F\u00f6r m\u00e4n och kvinor. Skickas samma dag direkt hem i brevl\u00e5danMedtest\" \/>\n<meta property=\"og:url\" content=\"https:\/\/medtest.stagingservers.net\/sv\/produkt\/lever-test\/\" \/>\n<meta property=\"og:site_name\" content=\"Medtest\" \/>\n<meta property=\"article:publisher\" content=\"https:\/\/www.facebook.com\/Medtest-1440779469392476\/\" \/>\n<meta property=\"article:modified_time\" content=\"2020-05-16T15:42:23+00:00\" \/>\n<meta property=\"og:image\" content=\"https:\/\/medtest.stagingservers.net\/wp-content\/uploads\/2019\/03\/Levertest-SE.jpg\" \/>\n\t<meta property=\"og:image:width\" content=\"2400\" \/>\n\t<meta property=\"og:image:height\" content=\"1600\" \/>\n\t<meta property=\"og:image:type\" content=\"image\/jpeg\" \/>\n<meta name=\"twitter:card\" content=\"summary_large_image\" \/>\n<script type=\"application\/ld+json\" class=\"yoast-schema-graph\">{\"@context\":\"https:\\\/\\\/schema.org\",\"@graph\":[{\"@type\":\"WebPage\",\"@id\":\"https:\\\/\\\/medtest.stagingservers.net\\\/sv\\\/produkt\\\/lever-test\\\/\",\"url\":\"https:\\\/\\\/medtest.stagingservers.net\\\/sv\\\/produkt\\\/lever-test\\\/\",\"name\":\"Levertest - Kontrollera din leverefunktion med ett hemtest- Medtest\",\"isPartOf\":{\"@id\":\"https:\\\/\\\/medtest.stagingservers.net\\\/sv\\\/#website\"},\"primaryImageOfPage\":{\"@id\":\"https:\\\/\\\/medtest.stagingservers.net\\\/sv\\\/produkt\\\/lever-test\\\/#primaryimage\"},\"image\":{\"@id\":\"https:\\\/\\\/medtest.stagingservers.net\\\/sv\\\/produkt\\\/lever-test\\\/#primaryimage\"},\"thumbnailUrl\":\"https:\\\/\\\/medtest.stagingservers.net\\\/wp-content\\\/uploads\\\/2019\\\/03\\\/Levertest-SE.jpg\",\"datePublished\":\"2019-03-03T19:13:50+00:00\",\"dateModified\":\"2020-05-16T15:42:23+00:00\",\"description\":\"Levertest - Testa din leverfunktion med ett levertest. F\u00f6r m\u00e4n och kvinor. Skickas samma dag direkt hem i brevl\u00e5danMedtest\",\"breadcrumb\":{\"@id\":\"https:\\\/\\\/medtest.stagingservers.net\\\/sv\\\/produkt\\\/lever-test\\\/#breadcrumb\"},\"inLanguage\":\"sv-SE\",\"potentialAction\":[{\"@type\":\"ReadAction\",\"target\":[\"https:\\\/\\\/medtest.stagingservers.net\\\/sv\\\/produkt\\\/lever-test\\\/\"]}]},{\"@type\":\"ImageObject\",\"inLanguage\":\"sv-SE\",\"@id\":\"https:\\\/\\\/medtest.stagingservers.net\\\/sv\\\/produkt\\\/lever-test\\\/#primaryimage\",\"url\":\"https:\\\/\\\/medtest.stagingservers.net\\\/wp-content\\\/uploads\\\/2019\\\/03\\\/Levertest-SE.jpg\",\"contentUrl\":\"https:\\\/\\\/medtest.stagingservers.net\\\/wp-content\\\/uploads\\\/2019\\\/03\\\/Levertest-SE.jpg\",\"width\":2400,\"height\":1600},{\"@type\":\"BreadcrumbList\",\"@id\":\"https:\\\/\\\/medtest.stagingservers.net\\\/sv\\\/produkt\\\/lever-test\\\/#breadcrumb\",\"itemListElement\":[{\"@type\":\"ListItem\",\"position\":1,\"name\":\"Home\",\"item\":\"https:\\\/\\\/medtest.stagingservers.net\\\/sv\\\/\"},{\"@type\":\"ListItem\",\"position\":2,\"name\":\"Shop\",\"item\":\"https:\\\/\\\/medtest.stagingservers.net\\\/home-shop\\\/\"},{\"@type\":\"ListItem\",\"position\":3,\"name\":\"Levertest\"}]},{\"@type\":\"WebSite\",\"@id\":\"https:\\\/\\\/medtest.stagingservers.net\\\/sv\\\/#website\",\"url\":\"https:\\\/\\\/medtest.stagingservers.net\\\/sv\\\/\",\"name\":\"Medtest\",\"description\":\"\",\"publisher\":{\"@id\":\"https:\\\/\\\/medtest.stagingservers.net\\\/sv\\\/#organization\"},\"potentialAction\":[{\"@type\":\"SearchAction\",\"target\":{\"@type\":\"EntryPoint\",\"urlTemplate\":\"https:\\\/\\\/medtest.stagingservers.net\\\/sv\\\/?s={search_term_string}\"},\"query-input\":{\"@type\":\"PropertyValueSpecification\",\"valueRequired\":true,\"valueName\":\"search_term_string\"}}],\"inLanguage\":\"sv-SE\"},{\"@type\":\"Organization\",\"@id\":\"https:\\\/\\\/medtest.stagingservers.net\\\/sv\\\/#organization\",\"name\":\"Medtest\",\"url\":\"https:\\\/\\\/medtest.stagingservers.net\\\/sv\\\/\",\"logo\":{\"@type\":\"ImageObject\",\"inLanguage\":\"sv-SE\",\"@id\":\"https:\\\/\\\/medtest.stagingservers.net\\\/sv\\\/#\\\/schema\\\/logo\\\/image\\\/\",\"url\":\"https:\\\/\\\/medtest.stagingservers.net\\\/wp-content\\\/uploads\\\/2018\\\/11\\\/Original.png\",\"contentUrl\":\"https:\\\/\\\/medtest.stagingservers.net\\\/wp-content\\\/uploads\\\/2018\\\/11\\\/Original.png\",\"width\":1024,\"height\":1024,\"caption\":\"Medtest\"},\"image\":{\"@id\":\"https:\\\/\\\/medtest.stagingservers.net\\\/sv\\\/#\\\/schema\\\/logo\\\/image\\\/\"},\"sameAs\":[\"https:\\\/\\\/www.facebook.com\\\/Medtest-1440779469392476\\\/\"]}]}<\/script>","yoast_head_json":{"title":"Levertest - Kontrollera din leverefunktion med ett hemtest- Medtest","description":"Levertest - Testa din leverfunktion med ett levertest. F\u00f6r m\u00e4n och kvinor. Skickas samma dag direkt hem i brevl\u00e5danMedtest","robots":{"index":"noindex","follow":"follow","max-snippet":"max-snippet:-1","max-image-preview":"max-image-preview:large","max-video-preview":"max-video-preview:-1"},"og_locale":"sv_SE","og_type":"article","og_title":"Levertest - Kontrollera din leverefunktion med ett hemtest- Medtest","og_description":"Levertest - Testa din leverfunktion med ett levertest. F\u00f6r m\u00e4n och kvinor. Skickas samma dag direkt hem i brevl\u00e5danMedtest","og_url":"https:\/\/medtest.stagingservers.net\/sv\/produkt\/lever-test\/","og_site_name":"Medtest","article_publisher":"https:\/\/www.facebook.com\/Medtest-1440779469392476\/","article_modified_time":"2020-05-16T15:42:23+00:00","og_image":[{"width":2400,"height":1600,"url":"https:\/\/medtest.stagingservers.net\/wp-content\/uploads\/2019\/03\/Levertest-SE.jpg","type":"image\/jpeg"}],"twitter_card":"summary_large_image","schema":{"@context":"https:\/\/schema.org","@graph":[{"@type":"WebPage","@id":"https:\/\/medtest.stagingservers.net\/sv\/produkt\/lever-test\/","url":"https:\/\/medtest.stagingservers.net\/sv\/produkt\/lever-test\/","name":"Levertest - Kontrollera din leverefunktion med ett hemtest- Medtest","isPartOf":{"@id":"https:\/\/medtest.stagingservers.net\/sv\/#website"},"primaryImageOfPage":{"@id":"https:\/\/medtest.stagingservers.net\/sv\/produkt\/lever-test\/#primaryimage"},"image":{"@id":"https:\/\/medtest.stagingservers.net\/sv\/produkt\/lever-test\/#primaryimage"},"thumbnailUrl":"https:\/\/medtest.stagingservers.net\/wp-content\/uploads\/2019\/03\/Levertest-SE.jpg","datePublished":"2019-03-03T19:13:50+00:00","dateModified":"2020-05-16T15:42:23+00:00","description":"Levertest - Testa din leverfunktion med ett levertest. F\u00f6r m\u00e4n och kvinor. Skickas samma dag direkt hem i brevl\u00e5danMedtest","breadcrumb":{"@id":"https:\/\/medtest.stagingservers.net\/sv\/produkt\/lever-test\/#breadcrumb"},"inLanguage":"sv-SE","potentialAction":[{"@type":"ReadAction","target":["https:\/\/medtest.stagingservers.net\/sv\/produkt\/lever-test\/"]}]},{"@type":"ImageObject","inLanguage":"sv-SE","@id":"https:\/\/medtest.stagingservers.net\/sv\/produkt\/lever-test\/#primaryimage","url":"https:\/\/medtest.stagingservers.net\/wp-content\/uploads\/2019\/03\/Levertest-SE.jpg","contentUrl":"https:\/\/medtest.stagingservers.net\/wp-content\/uploads\/2019\/03\/Levertest-SE.jpg","width":2400,"height":1600},{"@type":"BreadcrumbList","@id":"https:\/\/medtest.stagingservers.net\/sv\/produkt\/lever-test\/#breadcrumb","itemListElement":[{"@type":"ListItem","position":1,"name":"Home","item":"https:\/\/medtest.stagingservers.net\/sv\/"},{"@type":"ListItem","position":2,"name":"Shop","item":"https:\/\/medtest.stagingservers.net\/home-shop\/"},{"@type":"ListItem","position":3,"name":"Levertest"}]},{"@type":"WebSite","@id":"https:\/\/medtest.stagingservers.net\/sv\/#website","url":"https:\/\/medtest.stagingservers.net\/sv\/","name":"Medtest","description":"","publisher":{"@id":"https:\/\/medtest.stagingservers.net\/sv\/#organization"},"potentialAction":[{"@type":"SearchAction","target":{"@type":"EntryPoint","urlTemplate":"https:\/\/medtest.stagingservers.net\/sv\/?s={search_term_string}"},"query-input":{"@type":"PropertyValueSpecification","valueRequired":true,"valueName":"search_term_string"}}],"inLanguage":"sv-SE"},{"@type":"Organization","@id":"https:\/\/medtest.stagingservers.net\/sv\/#organization","name":"Medtest","url":"https:\/\/medtest.stagingservers.net\/sv\/","logo":{"@type":"ImageObject","inLanguage":"sv-SE","@id":"https:\/\/medtest.stagingservers.net\/sv\/#\/schema\/logo\/image\/","url":"https:\/\/medtest.stagingservers.net\/wp-content\/uploads\/2018\/11\/Original.png","contentUrl":"https:\/\/medtest.stagingservers.net\/wp-content\/uploads\/2018\/11\/Original.png","width":1024,"height":1024,"caption":"Medtest"},"image":{"@id":"https:\/\/medtest.stagingservers.net\/sv\/#\/schema\/logo\/image\/"},"sameAs":["https:\/\/www.facebook.com\/Medtest-1440779469392476\/"]}]}},"_links":{"self":[{"href":"https:\/\/medtest.stagingservers.net\/sv\/wp-json\/wp\/v2\/product\/54848","targetHints":{"allow":["GET"]}}],"collection":[{"href":"https:\/\/medtest.stagingservers.net\/sv\/wp-json\/wp\/v2\/product"}],"about":[{"href":"https:\/\/medtest.stagingservers.net\/sv\/wp-json\/wp\/v2\/types\/product"}],"replies":[{"embeddable":true,"href":"https:\/\/medtest.stagingservers.net\/sv\/wp-json\/wp\/v2\/comments?post=54848"}],"version-history":[{"count":0,"href":"https:\/\/medtest.stagingservers.net\/sv\/wp-json\/wp\/v2\/product\/54848\/revisions"}],"wp:featuredmedia":[{"embeddable":true,"href":"https:\/\/medtest.stagingservers.net\/sv\/wp-json\/wp\/v2\/media\/54864"}],"wp:attachment":[{"href":"https:\/\/medtest.stagingservers.net\/sv\/wp-json\/wp\/v2\/media?parent=54848"}],"wp:term":[{"taxonomy":"product_brand","embeddable":true,"href":"https:\/\/medtest.stagingservers.net\/sv\/wp-json\/wp\/v2\/product_brand?post=54848"},{"taxonomy":"product_cat","embeddable":true,"href":"https:\/\/medtest.stagingservers.net\/sv\/wp-json\/wp\/v2\/product_cat?post=54848"},{"taxonomy":"product_tag","embeddable":true,"href":"https:\/\/medtest.stagingservers.net\/sv\/wp-json\/wp\/v2\/product_tag?post=54848"}],"curies":[{"name":"wp","href":"https:\/\/api.w.org\/{rel}","templated":true}]}}