{"id":54856,"date":"2019-03-03T21:14:42","date_gmt":"2019-03-03T21:14:42","guid":{"rendered":"http:\/\/104.248.87.71\/?post_type=product&#038;p=54856"},"modified":"2019-09-16T15:57:47","modified_gmt":"2019-09-16T13:57:47","slug":"diabetes-njure-lever-test","status":"publish","type":"product","link":"https:\/\/medtest.stagingservers.net\/sv\/produkt\/diabetes-njure-lever-test\/","title":{"rendered":"Diabetes, Njure &#038; Lever test"},"content":{"rendered":"<h2>Diabetes, Njurfunktion &amp; Leverfunktion test. Total 6 st teststickor.<\/h2>\n<h5>Diabetes test<\/h5>\n<p>Testet \u00e4r avsett att anv\u00e4ndas f\u00f6r att kontrollera glukos- och ketonniv\u00e5er i urinprover som hj\u00e4lp vid diagnostisering av diabetes. Testet ger resultat genom den visuella j\u00e4mf\u00f6relsen med ett f\u00e4rgschema som skrivs ut p\u00e5 produkten. Varje f\u00e4rg betecknar ett antal koncentrationer av glukos och ketoner (se l\u00e4ngst ner). Kissar du mer \u00e4n vanligt, kanske k\u00e4nner du t\u00f6rst som inte ger med sig n\u00e4r du dricker? Symptomen \u00e4r m\u00e5nga och ofta ganska diffusa, samtidigt \u00e4r diabetes en av v\u00e5ra vanligaste folkh\u00e4lsosjukdomar. Diabetes orsakar h\u00f6gt blodsocker (glukos) i blodet. Det tillst\u00e5ndet kallas f\u00f6r hyperglykemi (h\u00f6gt blodsocker). N\u00e4r denna balans inte fungerar uppst\u00e5r ofta symptom. V\u00e5rt enkla hemmatest kan enkelt och snabbt uppt\u00e4cka dessa obalanser. Det kan vara sv\u00e5rt att uppt\u00e4cka diabetes enbart utifr\u00e5n dess symptom d\u00e5 de vanligaste symptomen \u00e4r v\u00e4ldigt allm\u00e4nna. Ett enkelt test kan hj\u00e4lpa dig att lindra din oro eller s\u00e5 ger det dig en anledning att s\u00f6ka hj\u00e4lp hos din l\u00e4kare. Ett positivt test (du har troligtvis diabetes) inneb\u00e4r att du l\u00e4ttare kan s\u00f6ka v\u00e5rd och f\u00e5 r\u00e4tt behandling, vilket \u00e4r viktigt d\u00e5 diabetes kan ge allvarliga komplikationer. Inneh\u00e5ll: 2 f\u00f6rseglade aluminiump\u00e5sar inneh\u00e5llande 1 teststicka vardera och bruksanvisning. Diabetestestet \u00e4r tillverkat i Europa och \u00e4r mycket s\u00e4kert. Dessutom \u00e4r produkten CE-m\u00e4rkt.<\/p>\n<h5>Njurfunktion test<\/h5>\n<p>Testet kontrollerar <strong>Kreatinin, Protein och Specifik Gravitet<\/strong>\u00a0i urinprover som ett hj\u00e4lpmedel vid diagnos av njursjukdomar. Testet ger resultat genom visuell j\u00e4mf\u00f6relse med ett f\u00e4rgschema som skrivits ut p\u00e5 f\u00f6rpackningen (se l\u00e4ngs ner).<\/p>\n<h5>Kreatinin<\/h5>\n<p>Kreatinin \u00e4r en kemisk avfallsprodukt i blodet som passerar genom njurarna vilka som filtrerar och eliminerar kreatinin i urinen. Detta kemiska avfall \u00e4r en biprodukt av normal muskelfunktion. Ju mer muskler en person har desto mer kreatinin producerar de. Niv\u00e5erna av kreatinin i blodet \u00e5terspeglar b\u00e5de m\u00e4ngden muskler som en person har och deras njurfunktion. De flesta m\u00e4n med normal njurfunktion har ungef\u00e4r 0,6 till 1,2 milligram \/ deciliter (mg \/ dL) kreatinin.\u00a0De flesta kvinnor med normal njurfunktion har mellan 0,5 och 1,1 mg \/ dl kreatinin.\u00a0Kvinnor brukar ha l\u00e4gre kreatininniv\u00e5er \u00e4n m\u00e4n eftersom kvinnor i genomsnitt har mindre muskler \u00e4n m\u00e4n.<\/p>\n<h5>Protein<\/h5>\n<p>Normalt sett ska ditt urin i princip inte inneh\u00e5lla n\u00e5got protein. Om du har protein i urinen kan det finnas ett problem med dina njurars filtreringsf\u00f6rm\u00e5ga.<\/p>\n<h5>Specifikt gravitet<\/h5>\n<p>Njurarna rensar ut o\u00f6nskade \u00e4mnen fr\u00e5n kroppen som exempelvis toxiner och metaboliska slaggprodukter. Njurens roll \u00e4r att avl\u00e4gsna dessa substanser via urinen utan att f\u00f6rlora f\u00f6r mycket v\u00e4tska. Koncentrationen av de uts\u00f6ndrade molekylerna best\u00e4mmer urinens\u00a0specifika gravitation. Vuxna har i allm\u00e4nhet en specifik gravitet p\u00e5 cirka 1 000 till 1030.\u00a0\u00d6kningar i specifik gravitation, dvs \u00f6kad koncentration av l\u00f6sta \u00e4mnen i urinen, kan vara f\u00f6rknippad med njursvikt eller nedsatt blodfl\u00f6de till njurarna.<\/p>\n<h5>Leverfunktion test<\/h5>\n<p>Testet anv\u00e4nder man f\u00f6r att kontrollera bilirubin och urobilinogen i urinprover som ett hj\u00e4lpmedel vid diagnos av lever- och gallbl\u00e5sproblem. Testet ger resultat genom den visuella j\u00e4mf\u00f6relsen med ett f\u00e4rgschema som finns utskrivet ut p\u00e5 f\u00f6rpackningen.<\/p>\n<h5>Varf\u00f6r beh\u00f6ver man analysera Bilirubin?<\/h5>\n<p>Vid misstanke om leversjukdom b\u00f6r bilirubinniv\u00e5erna i blodet analyseras, likas\u00e5 g\u00e4ller vid misst\u00e4nkt sjukdom i gallv\u00e4garna. \u00c4ven vid misstanke om en \u00f6kad nedbrytning av r\u00f6da blodkroppar i blodet kontrollerar man bilirubinv\u00e4rdet. Ett kliniskt tecken p\u00e5 att bilirubinniv\u00e5erna \u00e4r f\u00f6rh\u00f6jda i kroppen \u00e4r f\u00f6rekomsten av gulsot, vilket inneb\u00e4r att huden p\u00e5 kroppen och \u00f6gonvitorna antar en gulaktig ton.<\/p>\n<h5>Ett f\u00f6rh\u00f6jt Bilirubin v\u00e4rde \u2013 vad inneb\u00e4r det?<\/h5>\n<p>Ett f\u00f6rh\u00f6jt v\u00e4rde kan ha ett flertal olika orsaker. Det ses ofta i samband med leversjukdom, t.ex. till f\u00f6ljd av l\u00e5ngvarigt h\u00f6gt alkoholintag eller vid infektion i leverv\u00e4vnaden (ofta hepatit A och vid p\u00e5ssjuka). Bilirubin kan ocks\u00e5 stiga vid sjukdomar som orsakar hinder i gallv\u00e4garna. Gallstenar och tum\u00f6rer kan orsaka detta. Vissa typer av \u00e4rftliga enzymbrister kan ocks\u00e5 orsaka en bilirubinstegring. Likas\u00e5 ses ofta f\u00f6rh\u00f6jda bilirubinniv\u00e5er hos personer som \u00e4r sv\u00e5rt sjuka av olika anledningar som inte beh\u00f6ver ha direkt med levern att g\u00f6ra, exempelvis vid tum\u00f6rsjukdomar, sv\u00e5ra infektioner och sv\u00e5r hj\u00e4rtsvikt. Ett f\u00f6rh\u00f6jt bilirubinv\u00e4rde kan ocks\u00e5 f\u00f6rekomma vid hemolys, vilket inneb\u00e4r att de r\u00f6da blodkropparna bryts ned med en snabbare hastighet \u00e4n normalt. M\u00e5nga olika l\u00e4kemedel, t.ex. \u00f6strogener, androgena anabola steroider, vissa blodtrycksmediciner och antibiotika, antiepileptika, antidepressiva och analgetika, kan ibland ocks\u00e5 p\u00e5verka levern och ge en stegring av blirubinniv\u00e5erna i blodet.<\/p>\n<h5><strong>S\u00e5 h\u00e4r fungerar sj\u00e4lvtesterna<\/strong><\/h5>\n<ol start=\"1\">\n<li class=\"mobile-undersized-upper\" data-index=\"479\" data-length=\"49\"><span class=\"mobile-undersized-upper\">\u00d6ppna folief\u00f6rpackningen och ta ut teststickan.<\/span><\/li>\n<li class=\"mobile-undersized-upper\" data-index=\"528\" data-length=\"49\"><span class=\"mobile-undersized-upper\">Urinera i en kopp\/b\u00e4gare och doppa teststickan.<\/span><\/li>\n<li class=\"mobile-undersized-upper\" data-index=\"577\" data-length=\"39\"><span class=\"mobile-undersized-upper\">L\u00e4ser av svaret efter cirka 1 minut. L\u00e4ser resultaten genom att j\u00e4mf\u00f6ra f\u00e4rgerna p\u00e5 reaktionen p\u00e5 remsan till de i diagrammet. Under j\u00e4mf\u00f6relse beh\u00e5ll remsan i ett horisontellt l\u00e4ge f\u00f6r att undvika m\u00f6jlig blandning av f\u00e4rger mellan de tv\u00e5 reaktionsomr\u00e5dena p\u00e5 remsan<\/span><\/li>\n<\/ol>\n","protected":false},"excerpt":{"rendered":"<p>Testa din njurfunktion, leverfunktion och om du har diabetes.<br \/>\nVarje test inneh\u00e5ller 2 st teststickor vilket inneb\u00e4r att totalt 6 st teststickor individuellt f\u00f6rseglade i en plastf\u00f6rpackning medf\u00f6ljer. stickan doppas i urin ett par sekunder vartefter den visuella j\u00e4mf\u00f6relsen med ett f\u00e4rgschema som finns utskrivet ut p\u00e5 f\u00f6rpackningen g\u00f6rs. Svensk beskrivning medf\u00f6ljer.<\/p>\n","protected":false},"featured_media":55156,"comment_status":"closed","ping_status":"closed","template":"","meta":{"_acf_changed":false,"footnotes":""},"product_brand":[],"product_cat":[750,751,752,727],"product_tag":[],"class_list":{"0":"post-54856","1":"product","2":"type-product","3":"status-publish","4":"has-post-thumbnail","6":"product_cat-diabetes","7":"product_cat-leverfunktion","8":"product_cat-njurfunktion","9":"product_cat-paket-erbjudande","11":"first","12":"instock","13":"taxable","14":"shipping-taxable","15":"purchasable","16":"product-type-simple"},"acf":[],"yoast_head":"<title>Diabetes, Njure &amp; Lever test - Medtest<\/title>\n<meta name=\"description\" content=\"Diabetes, Njure &amp; Lever test - Medtest\" \/>\n<meta name=\"robots\" content=\"noindex, follow, max-snippet:-1, max-image-preview:large, max-video-preview:-1\" \/>\n<meta property=\"og:locale\" content=\"sv_SE\" \/>\n<meta property=\"og:type\" content=\"article\" \/>\n<meta property=\"og:title\" content=\"Diabetes, Njure &amp; Lever test - Medtest\" \/>\n<meta property=\"og:description\" content=\"Diabetes, Njure &amp; Lever test - Medtest\" \/>\n<meta property=\"og:url\" content=\"https:\/\/medtest.stagingservers.net\/sv\/produkt\/diabetes-njure-lever-test\/\" \/>\n<meta property=\"og:site_name\" content=\"Medtest\" \/>\n<meta property=\"article:publisher\" content=\"https:\/\/www.facebook.com\/Medtest-1440779469392476\/\" \/>\n<meta property=\"article:modified_time\" content=\"2019-09-16T13:57:47+00:00\" \/>\n<meta property=\"og:image\" content=\"https:\/\/medtest.stagingservers.net\/wp-content\/uploads\/2019\/03\/Trio-SV-HS.png\" \/>\n\t<meta property=\"og:image:width\" content=\"773\" \/>\n\t<meta property=\"og:image:height\" content=\"484\" \/>\n\t<meta property=\"og:image:type\" content=\"image\/png\" \/>\n<meta name=\"twitter:card\" content=\"summary_large_image\" \/>\n<script type=\"application\/ld+json\" class=\"yoast-schema-graph\">{\"@context\":\"https:\\\/\\\/schema.org\",\"@graph\":[{\"@type\":\"WebPage\",\"@id\":\"https:\\\/\\\/medtest.stagingservers.net\\\/sv\\\/produkt\\\/diabetes-njure-lever-test\\\/\",\"url\":\"https:\\\/\\\/medtest.stagingservers.net\\\/sv\\\/produkt\\\/diabetes-njure-lever-test\\\/\",\"name\":\"Diabetes, Njure & Lever test - Medtest\",\"isPartOf\":{\"@id\":\"https:\\\/\\\/medtest.stagingservers.net\\\/sv\\\/#website\"},\"primaryImageOfPage\":{\"@id\":\"https:\\\/\\\/medtest.stagingservers.net\\\/sv\\\/produkt\\\/diabetes-njure-lever-test\\\/#primaryimage\"},\"image\":{\"@id\":\"https:\\\/\\\/medtest.stagingservers.net\\\/sv\\\/produkt\\\/diabetes-njure-lever-test\\\/#primaryimage\"},\"thumbnailUrl\":\"https:\\\/\\\/medtest.stagingservers.net\\\/wp-content\\\/uploads\\\/2019\\\/03\\\/Trio-SV-HS.png\",\"datePublished\":\"2019-03-03T21:14:42+00:00\",\"dateModified\":\"2019-09-16T13:57:47+00:00\",\"description\":\"Diabetes, Njure & Lever test - Medtest\",\"breadcrumb\":{\"@id\":\"https:\\\/\\\/medtest.stagingservers.net\\\/sv\\\/produkt\\\/diabetes-njure-lever-test\\\/#breadcrumb\"},\"inLanguage\":\"sv-SE\",\"potentialAction\":[{\"@type\":\"ReadAction\",\"target\":[\"https:\\\/\\\/medtest.stagingservers.net\\\/sv\\\/produkt\\\/diabetes-njure-lever-test\\\/\"]}]},{\"@type\":\"ImageObject\",\"inLanguage\":\"sv-SE\",\"@id\":\"https:\\\/\\\/medtest.stagingservers.net\\\/sv\\\/produkt\\\/diabetes-njure-lever-test\\\/#primaryimage\",\"url\":\"https:\\\/\\\/medtest.stagingservers.net\\\/wp-content\\\/uploads\\\/2019\\\/03\\\/Trio-SV-HS.png\",\"contentUrl\":\"https:\\\/\\\/medtest.stagingservers.net\\\/wp-content\\\/uploads\\\/2019\\\/03\\\/Trio-SV-HS.png\",\"width\":773,\"height\":484},{\"@type\":\"BreadcrumbList\",\"@id\":\"https:\\\/\\\/medtest.stagingservers.net\\\/sv\\\/produkt\\\/diabetes-njure-lever-test\\\/#breadcrumb\",\"itemListElement\":[{\"@type\":\"ListItem\",\"position\":1,\"name\":\"Home\",\"item\":\"https:\\\/\\\/medtest.stagingservers.net\\\/sv\\\/\"},{\"@type\":\"ListItem\",\"position\":2,\"name\":\"Shop\",\"item\":\"https:\\\/\\\/medtest.stagingservers.net\\\/home-shop\\\/\"},{\"@type\":\"ListItem\",\"position\":3,\"name\":\"Diabetes, Njure &#038; Lever test\"}]},{\"@type\":\"WebSite\",\"@id\":\"https:\\\/\\\/medtest.stagingservers.net\\\/sv\\\/#website\",\"url\":\"https:\\\/\\\/medtest.stagingservers.net\\\/sv\\\/\",\"name\":\"Medtest\",\"description\":\"\",\"publisher\":{\"@id\":\"https:\\\/\\\/medtest.stagingservers.net\\\/sv\\\/#organization\"},\"potentialAction\":[{\"@type\":\"SearchAction\",\"target\":{\"@type\":\"EntryPoint\",\"urlTemplate\":\"https:\\\/\\\/medtest.stagingservers.net\\\/sv\\\/?s={search_term_string}\"},\"query-input\":{\"@type\":\"PropertyValueSpecification\",\"valueRequired\":true,\"valueName\":\"search_term_string\"}}],\"inLanguage\":\"sv-SE\"},{\"@type\":\"Organization\",\"@id\":\"https:\\\/\\\/medtest.stagingservers.net\\\/sv\\\/#organization\",\"name\":\"Medtest\",\"url\":\"https:\\\/\\\/medtest.stagingservers.net\\\/sv\\\/\",\"logo\":{\"@type\":\"ImageObject\",\"inLanguage\":\"sv-SE\",\"@id\":\"https:\\\/\\\/medtest.stagingservers.net\\\/sv\\\/#\\\/schema\\\/logo\\\/image\\\/\",\"url\":\"https:\\\/\\\/medtest.stagingservers.net\\\/wp-content\\\/uploads\\\/2018\\\/11\\\/Original.png\",\"contentUrl\":\"https:\\\/\\\/medtest.stagingservers.net\\\/wp-content\\\/uploads\\\/2018\\\/11\\\/Original.png\",\"width\":1024,\"height\":1024,\"caption\":\"Medtest\"},\"image\":{\"@id\":\"https:\\\/\\\/medtest.stagingservers.net\\\/sv\\\/#\\\/schema\\\/logo\\\/image\\\/\"},\"sameAs\":[\"https:\\\/\\\/www.facebook.com\\\/Medtest-1440779469392476\\\/\"]}]}<\/script>","yoast_head_json":{"title":"Diabetes, Njure & Lever test - Medtest","description":"Diabetes, Njure & Lever test - Medtest","robots":{"index":"noindex","follow":"follow","max-snippet":"max-snippet:-1","max-image-preview":"max-image-preview:large","max-video-preview":"max-video-preview:-1"},"og_locale":"sv_SE","og_type":"article","og_title":"Diabetes, Njure & Lever test - Medtest","og_description":"Diabetes, Njure & Lever test - Medtest","og_url":"https:\/\/medtest.stagingservers.net\/sv\/produkt\/diabetes-njure-lever-test\/","og_site_name":"Medtest","article_publisher":"https:\/\/www.facebook.com\/Medtest-1440779469392476\/","article_modified_time":"2019-09-16T13:57:47+00:00","og_image":[{"width":773,"height":484,"url":"https:\/\/medtest.stagingservers.net\/wp-content\/uploads\/2019\/03\/Trio-SV-HS.png","type":"image\/png"}],"twitter_card":"summary_large_image","schema":{"@context":"https:\/\/schema.org","@graph":[{"@type":"WebPage","@id":"https:\/\/medtest.stagingservers.net\/sv\/produkt\/diabetes-njure-lever-test\/","url":"https:\/\/medtest.stagingservers.net\/sv\/produkt\/diabetes-njure-lever-test\/","name":"Diabetes, Njure & Lever test - Medtest","isPartOf":{"@id":"https:\/\/medtest.stagingservers.net\/sv\/#website"},"primaryImageOfPage":{"@id":"https:\/\/medtest.stagingservers.net\/sv\/produkt\/diabetes-njure-lever-test\/#primaryimage"},"image":{"@id":"https:\/\/medtest.stagingservers.net\/sv\/produkt\/diabetes-njure-lever-test\/#primaryimage"},"thumbnailUrl":"https:\/\/medtest.stagingservers.net\/wp-content\/uploads\/2019\/03\/Trio-SV-HS.png","datePublished":"2019-03-03T21:14:42+00:00","dateModified":"2019-09-16T13:57:47+00:00","description":"Diabetes, Njure & Lever test - Medtest","breadcrumb":{"@id":"https:\/\/medtest.stagingservers.net\/sv\/produkt\/diabetes-njure-lever-test\/#breadcrumb"},"inLanguage":"sv-SE","potentialAction":[{"@type":"ReadAction","target":["https:\/\/medtest.stagingservers.net\/sv\/produkt\/diabetes-njure-lever-test\/"]}]},{"@type":"ImageObject","inLanguage":"sv-SE","@id":"https:\/\/medtest.stagingservers.net\/sv\/produkt\/diabetes-njure-lever-test\/#primaryimage","url":"https:\/\/medtest.stagingservers.net\/wp-content\/uploads\/2019\/03\/Trio-SV-HS.png","contentUrl":"https:\/\/medtest.stagingservers.net\/wp-content\/uploads\/2019\/03\/Trio-SV-HS.png","width":773,"height":484},{"@type":"BreadcrumbList","@id":"https:\/\/medtest.stagingservers.net\/sv\/produkt\/diabetes-njure-lever-test\/#breadcrumb","itemListElement":[{"@type":"ListItem","position":1,"name":"Home","item":"https:\/\/medtest.stagingservers.net\/sv\/"},{"@type":"ListItem","position":2,"name":"Shop","item":"https:\/\/medtest.stagingservers.net\/home-shop\/"},{"@type":"ListItem","position":3,"name":"Diabetes, Njure &#038; Lever test"}]},{"@type":"WebSite","@id":"https:\/\/medtest.stagingservers.net\/sv\/#website","url":"https:\/\/medtest.stagingservers.net\/sv\/","name":"Medtest","description":"","publisher":{"@id":"https:\/\/medtest.stagingservers.net\/sv\/#organization"},"potentialAction":[{"@type":"SearchAction","target":{"@type":"EntryPoint","urlTemplate":"https:\/\/medtest.stagingservers.net\/sv\/?s={search_term_string}"},"query-input":{"@type":"PropertyValueSpecification","valueRequired":true,"valueName":"search_term_string"}}],"inLanguage":"sv-SE"},{"@type":"Organization","@id":"https:\/\/medtest.stagingservers.net\/sv\/#organization","name":"Medtest","url":"https:\/\/medtest.stagingservers.net\/sv\/","logo":{"@type":"ImageObject","inLanguage":"sv-SE","@id":"https:\/\/medtest.stagingservers.net\/sv\/#\/schema\/logo\/image\/","url":"https:\/\/medtest.stagingservers.net\/wp-content\/uploads\/2018\/11\/Original.png","contentUrl":"https:\/\/medtest.stagingservers.net\/wp-content\/uploads\/2018\/11\/Original.png","width":1024,"height":1024,"caption":"Medtest"},"image":{"@id":"https:\/\/medtest.stagingservers.net\/sv\/#\/schema\/logo\/image\/"},"sameAs":["https:\/\/www.facebook.com\/Medtest-1440779469392476\/"]}]}},"_links":{"self":[{"href":"https:\/\/medtest.stagingservers.net\/sv\/wp-json\/wp\/v2\/product\/54856","targetHints":{"allow":["GET"]}}],"collection":[{"href":"https:\/\/medtest.stagingservers.net\/sv\/wp-json\/wp\/v2\/product"}],"about":[{"href":"https:\/\/medtest.stagingservers.net\/sv\/wp-json\/wp\/v2\/types\/product"}],"replies":[{"embeddable":true,"href":"https:\/\/medtest.stagingservers.net\/sv\/wp-json\/wp\/v2\/comments?post=54856"}],"version-history":[{"count":0,"href":"https:\/\/medtest.stagingservers.net\/sv\/wp-json\/wp\/v2\/product\/54856\/revisions"}],"wp:featuredmedia":[{"embeddable":true,"href":"https:\/\/medtest.stagingservers.net\/sv\/wp-json\/wp\/v2\/media\/55156"}],"wp:attachment":[{"href":"https:\/\/medtest.stagingservers.net\/sv\/wp-json\/wp\/v2\/media?parent=54856"}],"wp:term":[{"taxonomy":"product_brand","embeddable":true,"href":"https:\/\/medtest.stagingservers.net\/sv\/wp-json\/wp\/v2\/product_brand?post=54856"},{"taxonomy":"product_cat","embeddable":true,"href":"https:\/\/medtest.stagingservers.net\/sv\/wp-json\/wp\/v2\/product_cat?post=54856"},{"taxonomy":"product_tag","embeddable":true,"href":"https:\/\/medtest.stagingservers.net\/sv\/wp-json\/wp\/v2\/product_tag?post=54856"}],"curies":[{"name":"wp","href":"https:\/\/api.w.org\/{rel}","templated":true}]}}