{"id":55415,"date":"2019-03-30T13:23:04","date_gmt":"2019-03-30T13:23:04","guid":{"rendered":"http:\/\/104.248.87.71\/?post_type=product&#038;p=55415"},"modified":"2020-05-29T15:29:13","modified_gmt":"2020-05-29T13:29:13","slug":"jarnskoldkorteltest","status":"publish","type":"product","link":"https:\/\/medtest.stagingservers.net\/sv\/produkt\/jarnskoldkorteltest\/","title":{"rendered":"J\u00e4rn &#038; Sk\u00f6ldk\u00f6rteltest"},"content":{"rendered":"<h2>J\u00e4rnbrist &amp; Sk\u00f6ldk\u00f6rteltest<\/h2>\n<h4>V\u00e5rt mest popul\u00e4ra paket d\u00e5 m\u00e5nga lider av symptom som oro, tr\u00f6tthet och allm\u00e4n sjukdomsk\u00e4nsla. Med detta paket f\u00e5r du klara besked.<\/h4>\n<h3>Sk\u00f6ldk\u00f6rteltest<\/h3>\n<p>Upplever du symtom som tr\u00f6tthet, nedst\u00e4mdhet och energil\u00f6shet, oro, inre stress och allm\u00e4n sjukdomsk\u00e4nsla? D\u00e5 kan detta bero p\u00e5 sk\u00f6ldk\u00f6rteln. Med v\u00e5rt sk\u00f6ldk\u00f6rteltest kan du f\u00e5 reda p\u00e5 hur du m\u00e5r. Sk\u00f6ldk\u00f6rteln sitter under struphuvudet p\u00e5 framsidan av halsen, och har en stor p\u00e5verkan p\u00e5 v\u00e5rt v\u00e4lm\u00e5ende och p\u00e5 v\u00e5r fysiska f\u00f6rm\u00e5ga, d\u00e5 sk\u00f6ldk\u00f6rteln styr \u00e4mnesoms\u00e4ttningen i kroppen. D\u00e4rf\u00f6r spelar den en viktig roll f\u00f6r att vi ska m\u00e5 bra.<\/p>\n<p>V\u00e5rt test kan ge dig svar p\u00e5 varf\u00f6r du m\u00e5r som du g\u00f6r. Om din sk\u00f6ldk\u00f6rtel \u00e4r underaktiv s\u00e5 p\u00e5verkar det niv\u00e5n av Tyreoideastimulerande Hormon (TSH) i ditt blod. Denna hormonniv\u00e5 kan du m\u00e4ta sj\u00e4lv med v\u00e5rt sk\u00f6ldk\u00f6rteltest som g\u00f6rs genom ett enkelt och sm\u00e4rtfritt stick i fingret. Testet tar bara 10-15 minuter och ger dig ett snabbt och enkelt besked om din sk\u00f6ldk\u00f6rtels tillst\u00e5nd. V\u00e5rt sk\u00f6ldk\u00f6rteltest markerar positivt n\u00e4r TSH-niv\u00e5n \u00e4r h\u00f6gre \u00e4n 5 \u03bcIU\/mL.<\/p>\n<p>Sk\u00f6ldk\u00f6rteltestet fr\u00e5n oss \u00e4r mycket s\u00e4kert och \u00e4r CE-m\u00e4rkt. Dessutom har testet en tillf\u00f6rlitlighet p\u00e5 95,5%.<\/p>\n<h5>Varf\u00f6r ska du testa dig?<\/h5>\n<p>Det kan vara sv\u00e5rt att uppt\u00e4cka en sk\u00f6ldk\u00f6rtelsjukdom enbart utifr\u00e5n dess symptom d\u00e5 de vanligaste symptomen \u00e4r v\u00e4ldigt allm\u00e4nna. Men med ett sk\u00f6ldk\u00f6rteltest f\u00e5r du ett klart besked p\u00e5 om din viktpendling\/tr\u00f6tthet\/h\u00e5gl\u00f6shet\/yrsel beror p\u00e5 en rubbning av sk\u00f6ldk\u00f6rteln eller ej. Som ett resultat inneb\u00e4r det att du l\u00e4ttare kan s\u00f6ka v\u00e5rd och f\u00e5 r\u00e4tt behandling, Detta \u00e4r med andra ord viktigt d\u00e5 n\u00e5gra sk\u00f6ldk\u00f6rtelsjukdomar kan ge allvarliga komplikationer.<\/p>\n<h3>J\u00e4rnbristtest<\/h3>\n<p>V\u00e5rt J\u00e4rnbristtest \u00e4r ett CE godk\u00e4nt test som m\u00e4ter niv\u00e5n av proteinet\u00a0<em>ferritin<\/em>\u00a0i blodet, som \u00e4r direkt proportionerligt mot dina j\u00e4rnniv\u00e5er, och \u00e4r mycket s\u00e4kert. Det \u00e4r genom detta protein som kroppen kan lagra j\u00e4rn d\u00e5 ferritin binder till sig j\u00e4rnet. Genom att unders\u00f6ka ferritinv\u00e4rdet i blodet kan man ta reda p\u00e5 hur kroppens j\u00e4rndep\u00e5er ser ut.<\/p>\n<p>Testet g\u00f6rs genom ett stick i fingertoppen och tar bara n\u00e5gra minuter. Du f\u00e5r besked direkt p\u00e5 huruvida dina j\u00e4rnniv\u00e5er \u00e4r normala eller f\u00f6r l\u00e5ga. J\u00e4rnbristtestet g\u00f6r du sj\u00e4lv och resultatet ser du direkt.<\/p>\n<h5>Vad beror j\u00e4rnbrist p\u00e5?<\/h5>\n<p>J\u00e4rnbrist kan bero p\u00e5 m\u00e5nga saker, s\u00e5som kraftig menstruation, mags\u00e5r, tarmsjukdomar eller andra tillst\u00e5nd s\u00e5 som pubertet och graviditet. Vidare om du har f\u00f6rlorat mycket blod vid en olycka kan det ocks\u00e5 ge dig brist p\u00e5 j\u00e4rn. I regel \u00e4r j\u00e4rnbristen inte livshotande, men den f\u00f6rs\u00e4mrar din livskvalitet.<\/p>\n<p>Vid puberteten uppst\u00e5r en hastigare tillv\u00e4xttakt, samtidigt som kosten ibland kan vara ensidig och n\u00e4ringsfattig. F\u00f6r unga kvinnor inneb\u00e4r ocks\u00e5 menstruation en ytterligare riskfaktor. Det finns evidens f\u00f6r att barn i skol\u00e5ldern med j\u00e4rnbrist kan uppn\u00e5 f\u00f6rb\u00e4ttrad kognitiv f\u00f6rm\u00e5ga om de behandlas med j\u00e4rntillskott. Livsmedelsverket rekommenderar 9 mg\/dag f\u00f6r m\u00e4n och 15 mg\/dag f\u00f6r menstruerande kvinnor, motsvarande ca 0,1\u20130,3 mg\/kg.<\/p>\n<p>J\u00e4rnbrist \u00e4r enkelt att \u00e5tg\u00e4rda n\u00e4r den v\u00e4l \u00e4r konstaterad. I m\u00e5nga fall r\u00e4cker det med ett extra tillskott av j\u00e4rn under en kortare eller l\u00e4ngre tid. Rekommenderar dock efter poitivt testsvar r\u00e5dfr\u00e5ga l\u00e4kare alt. barnmorska om eventuellt extra j\u00e4rntill\u00e4gg. Men om det finns en bakomliggande sjukdom kr\u00e4vs det en annan behandling. V\u00e5rt j\u00e4rnbristtest markerar positivt n\u00e4r j\u00e4rnniv\u00e5n \u00e4r under 30 ng\/mL.<\/p>\n<h5>Beskrivning Sk\u00f6ldk\u00f6rtel och j\u00e4rnbrist:<\/h5>\n<p><img loading=\"lazy\" decoding=\"async\" class=\"alignnone size-full wp-image-55553\" src=\"\/wp-content\/uploads\/2019\/03\/PSA-procedur.png\" alt=\"PSA procedur\" width=\"1455\" height=\"467\" srcset=\"https:\/\/medtest.stagingservers.net\/wp-content\/uploads\/2019\/03\/PSA-procedur.png 1455w, https:\/\/medtest.stagingservers.net\/wp-content\/uploads\/2019\/03\/PSA-procedur-720x231.png 720w, https:\/\/medtest.stagingservers.net\/wp-content\/uploads\/2019\/03\/PSA-procedur-1200x385.png 1200w, https:\/\/medtest.stagingservers.net\/wp-content\/uploads\/2019\/03\/PSA-procedur-768x246.png 768w, https:\/\/medtest.stagingservers.net\/wp-content\/uploads\/2019\/03\/PSA-procedur-416x134.png 416w, https:\/\/medtest.stagingservers.net\/wp-content\/uploads\/2019\/03\/PSA-procedur-300x96.png 300w, https:\/\/medtest.stagingservers.net\/wp-content\/uploads\/2019\/03\/PSA-procedur-1024x329.png 1024w\" sizes=\"auto, (max-width: 1455px) 100vw, 1455px\" \/><\/p>\n<ol>\n<li><span class=\"mobile-undersized-upper\">Reng\u00f6r ditt finger med alkohol reng\u00f6ringsservetten.<\/span><\/li>\n<li><span class=\"mobile-undersized-upper\">Stick dig sedan i fingertoppen med lancetten<\/span><\/li>\n<li><span class=\"mobile-undersized-upper\">Sug d\u00e4refter upp 2-3 droppar blod med pipetten.<\/span><\/li>\n<li><span class=\"mobile-undersized-upper\">Droppa 1-2 droppar blod i testkasettens brunn (S).<\/span><\/li>\n<li><span class=\"mobile-undersized-upper\">Droppa d\u00e4refter 1 droppe buffert.<\/span><\/li>\n<li><span class=\"mobile-undersized-upper\">V\u00e4nta 5 minuter f\u00f6r att avl\u00e4sa resultatet<\/span><\/li>\n<\/ol>\n<p>&nbsp;<\/p>\n<h5>Resultat<\/h5>\n<p><img loading=\"lazy\" decoding=\"async\" class=\"alignnone wp-image-55186\" src=\"https:\/\/medtest.stagingservers.net\/wp-content\/uploads\/2019\/02\/Test-resultat-300x210.png\" alt=\"\" width=\"231\" height=\"162\" srcset=\"https:\/\/medtest.stagingservers.net\/wp-content\/uploads\/2019\/02\/Test-resultat-300x210.png 300w, https:\/\/medtest.stagingservers.net\/wp-content\/uploads\/2019\/02\/Test-resultat-720x504.png 720w, https:\/\/medtest.stagingservers.net\/wp-content\/uploads\/2019\/02\/Test-resultat-768x538.png 768w, https:\/\/medtest.stagingservers.net\/wp-content\/uploads\/2019\/02\/Test-resultat-416x291.png 416w, https:\/\/medtest.stagingservers.net\/wp-content\/uploads\/2019\/02\/Test-resultat.png 912w\" sizes=\"auto, (max-width: 231px) 100vw, 231px\" \/><\/p>\n<div class=\"row\">\n<div class=\"extra\">\n<div class=\"component\">\n<div class=\"self mobile-leaf text textnormal mobile-undersized-upper\">\n<p>Visas linjer vid C och T \u00e4r resultatet positivt. Visas linje vid endast C \u00e4r resultat negativt. Kontrollinjen (C) fungerar som en kvalitetskontroll som s\u00e4kerst\u00e4ller att kassetten \u00e4r OK.<\/p>\n<p>C = Control (Kontroll)<\/p>\n<p>T = Test<\/p>\n<\/div>\n<\/div>\n<\/div>\n<\/div>\n<div class=\"row\">\n<div class=\"extra\">\n<div class=\"component\">\n<div class=\"self mobile-leaf text textnormal mobile-undersized-upper\">\n<p>S = Sample (Prov)<\/p>\n<p>&nbsp;<\/p>\n<\/div>\n<\/div>\n<\/div>\n<\/div>\n<p>Bruksanvisning p\u00e5 svenska medf\u00f6ljer. <a href=\"https:\/\/medtest.stagingservers.net\/kontakta-oss\/\">Kontakta oss<\/a>\u00a0om du har n\u00e5gra fr\u00e5gor.<\/p>\n","protected":false},"excerpt":{"rendered":"<p>Testa din h\u00e4lsa med n\u00e5gra enkla hemtest. Du f\u00e5r svar direkt p\u00e5 hur det st\u00e5r till med din h\u00e4lsa. CE m\u00e4rkta produkter.<\/p>\n","protected":false},"featured_media":83371,"comment_status":"closed","ping_status":"closed","template":"","meta":{"_acf_changed":false,"footnotes":""},"product_brand":[],"product_cat":[749,727,745],"product_tag":[],"class_list":{"0":"post-55415","1":"product","2":"type-product","3":"status-publish","4":"has-post-thumbnail","6":"product_cat-jarnbrist-ferritin","7":"product_cat-paket-erbjudande","8":"product_cat-skoldkorteltest","10":"first","11":"instock","12":"taxable","13":"shipping-taxable","14":"purchasable","15":"product-type-simple"},"acf":[],"yoast_head":"<title>J\u00e4rn &amp; Sk\u00f6ldk\u00f6rteltest - H\u00e4lsotestet - billigast i Sverige - Medtest<\/title>\n<meta name=\"description\" content=\"J\u00e4rn &amp; Sk\u00f6ldk\u00f6rteltest - Ta reda p\u00e5 hur det st\u00e5r till med din h\u00e4lsa. Best\u00e4ll v\u00e5rt h\u00e4lsopaket och f\u00e5 svar direktMedtest\" \/>\n<meta name=\"robots\" content=\"noindex, follow, max-snippet:-1, max-image-preview:large, max-video-preview:-1\" \/>\n<meta property=\"og:locale\" content=\"sv_SE\" \/>\n<meta property=\"og:type\" content=\"article\" \/>\n<meta property=\"og:title\" content=\"J\u00e4rn &amp; Sk\u00f6ldk\u00f6rteltest - H\u00e4lsotestet - billigast i Sverige - Medtest\" \/>\n<meta property=\"og:description\" content=\"J\u00e4rn &amp; Sk\u00f6ldk\u00f6rteltest - Ta reda p\u00e5 hur det st\u00e5r till med din h\u00e4lsa. Best\u00e4ll v\u00e5rt h\u00e4lsopaket och f\u00e5 svar direktMedtest\" \/>\n<meta property=\"og:url\" content=\"https:\/\/medtest.stagingservers.net\/sv\/produkt\/jarnskoldkorteltest\/\" \/>\n<meta property=\"og:site_name\" content=\"Medtest\" \/>\n<meta property=\"article:publisher\" content=\"https:\/\/www.facebook.com\/Medtest-1440779469392476\/\" \/>\n<meta property=\"article:modified_time\" content=\"2020-05-29T13:29:13+00:00\" \/>\n<meta property=\"og:image\" content=\"https:\/\/medtest.stagingservers.net\/wp-content\/uploads\/2019\/03\/Sk-ldk-rtel-J-rnbrist-1.png\" \/>\n\t<meta property=\"og:image:width\" content=\"1247\" \/>\n\t<meta property=\"og:image:height\" content=\"659\" \/>\n\t<meta property=\"og:image:type\" content=\"image\/png\" \/>\n<meta name=\"twitter:card\" content=\"summary_large_image\" \/>\n<script type=\"application\/ld+json\" class=\"yoast-schema-graph\">{\"@context\":\"https:\\\/\\\/schema.org\",\"@graph\":[{\"@type\":\"WebPage\",\"@id\":\"https:\\\/\\\/medtest.stagingservers.net\\\/sv\\\/produkt\\\/jarnskoldkorteltest\\\/\",\"url\":\"https:\\\/\\\/medtest.stagingservers.net\\\/sv\\\/produkt\\\/jarnskoldkorteltest\\\/\",\"name\":\"J\u00e4rn & Sk\u00f6ldk\u00f6rteltest - H\u00e4lsotestet - billigast i Sverige - Medtest\",\"isPartOf\":{\"@id\":\"https:\\\/\\\/medtest.stagingservers.net\\\/sv\\\/#website\"},\"primaryImageOfPage\":{\"@id\":\"https:\\\/\\\/medtest.stagingservers.net\\\/sv\\\/produkt\\\/jarnskoldkorteltest\\\/#primaryimage\"},\"image\":{\"@id\":\"https:\\\/\\\/medtest.stagingservers.net\\\/sv\\\/produkt\\\/jarnskoldkorteltest\\\/#primaryimage\"},\"thumbnailUrl\":\"https:\\\/\\\/medtest.stagingservers.net\\\/wp-content\\\/uploads\\\/2019\\\/03\\\/Sk-ldk-rtel-J-rnbrist-1.png\",\"datePublished\":\"2019-03-30T13:23:04+00:00\",\"dateModified\":\"2020-05-29T13:29:13+00:00\",\"description\":\"J\u00e4rn & Sk\u00f6ldk\u00f6rteltest - Ta reda p\u00e5 hur det st\u00e5r till med din h\u00e4lsa. Best\u00e4ll v\u00e5rt h\u00e4lsopaket och f\u00e5 svar direktMedtest\",\"breadcrumb\":{\"@id\":\"https:\\\/\\\/medtest.stagingservers.net\\\/sv\\\/produkt\\\/jarnskoldkorteltest\\\/#breadcrumb\"},\"inLanguage\":\"sv-SE\",\"potentialAction\":[{\"@type\":\"ReadAction\",\"target\":[\"https:\\\/\\\/medtest.stagingservers.net\\\/sv\\\/produkt\\\/jarnskoldkorteltest\\\/\"]}]},{\"@type\":\"ImageObject\",\"inLanguage\":\"sv-SE\",\"@id\":\"https:\\\/\\\/medtest.stagingservers.net\\\/sv\\\/produkt\\\/jarnskoldkorteltest\\\/#primaryimage\",\"url\":\"https:\\\/\\\/medtest.stagingservers.net\\\/wp-content\\\/uploads\\\/2019\\\/03\\\/Sk-ldk-rtel-J-rnbrist-1.png\",\"contentUrl\":\"https:\\\/\\\/medtest.stagingservers.net\\\/wp-content\\\/uploads\\\/2019\\\/03\\\/Sk-ldk-rtel-J-rnbrist-1.png\",\"width\":1247,\"height\":659,\"caption\":\"Test f\u00f6r j\u00e4rnbrist och sk\u00f6ldk\u00f6rtel.\"},{\"@type\":\"BreadcrumbList\",\"@id\":\"https:\\\/\\\/medtest.stagingservers.net\\\/sv\\\/produkt\\\/jarnskoldkorteltest\\\/#breadcrumb\",\"itemListElement\":[{\"@type\":\"ListItem\",\"position\":1,\"name\":\"Home\",\"item\":\"https:\\\/\\\/medtest.stagingservers.net\\\/sv\\\/\"},{\"@type\":\"ListItem\",\"position\":2,\"name\":\"Shop\",\"item\":\"https:\\\/\\\/medtest.stagingservers.net\\\/home-shop\\\/\"},{\"@type\":\"ListItem\",\"position\":3,\"name\":\"J\u00e4rn &#038; Sk\u00f6ldk\u00f6rteltest\"}]},{\"@type\":\"WebSite\",\"@id\":\"https:\\\/\\\/medtest.stagingservers.net\\\/sv\\\/#website\",\"url\":\"https:\\\/\\\/medtest.stagingservers.net\\\/sv\\\/\",\"name\":\"Medtest\",\"description\":\"\",\"publisher\":{\"@id\":\"https:\\\/\\\/medtest.stagingservers.net\\\/sv\\\/#organization\"},\"potentialAction\":[{\"@type\":\"SearchAction\",\"target\":{\"@type\":\"EntryPoint\",\"urlTemplate\":\"https:\\\/\\\/medtest.stagingservers.net\\\/sv\\\/?s={search_term_string}\"},\"query-input\":{\"@type\":\"PropertyValueSpecification\",\"valueRequired\":true,\"valueName\":\"search_term_string\"}}],\"inLanguage\":\"sv-SE\"},{\"@type\":\"Organization\",\"@id\":\"https:\\\/\\\/medtest.stagingservers.net\\\/sv\\\/#organization\",\"name\":\"Medtest\",\"url\":\"https:\\\/\\\/medtest.stagingservers.net\\\/sv\\\/\",\"logo\":{\"@type\":\"ImageObject\",\"inLanguage\":\"sv-SE\",\"@id\":\"https:\\\/\\\/medtest.stagingservers.net\\\/sv\\\/#\\\/schema\\\/logo\\\/image\\\/\",\"url\":\"https:\\\/\\\/medtest.stagingservers.net\\\/wp-content\\\/uploads\\\/2018\\\/11\\\/Original.png\",\"contentUrl\":\"https:\\\/\\\/medtest.stagingservers.net\\\/wp-content\\\/uploads\\\/2018\\\/11\\\/Original.png\",\"width\":1024,\"height\":1024,\"caption\":\"Medtest\"},\"image\":{\"@id\":\"https:\\\/\\\/medtest.stagingservers.net\\\/sv\\\/#\\\/schema\\\/logo\\\/image\\\/\"},\"sameAs\":[\"https:\\\/\\\/www.facebook.com\\\/Medtest-1440779469392476\\\/\"]}]}<\/script>","yoast_head_json":{"title":"J\u00e4rn & Sk\u00f6ldk\u00f6rteltest - H\u00e4lsotestet - billigast i Sverige - Medtest","description":"J\u00e4rn & Sk\u00f6ldk\u00f6rteltest - Ta reda p\u00e5 hur det st\u00e5r till med din h\u00e4lsa. Best\u00e4ll v\u00e5rt h\u00e4lsopaket och f\u00e5 svar direktMedtest","robots":{"index":"noindex","follow":"follow","max-snippet":"max-snippet:-1","max-image-preview":"max-image-preview:large","max-video-preview":"max-video-preview:-1"},"og_locale":"sv_SE","og_type":"article","og_title":"J\u00e4rn & Sk\u00f6ldk\u00f6rteltest - H\u00e4lsotestet - billigast i Sverige - Medtest","og_description":"J\u00e4rn & Sk\u00f6ldk\u00f6rteltest - Ta reda p\u00e5 hur det st\u00e5r till med din h\u00e4lsa. Best\u00e4ll v\u00e5rt h\u00e4lsopaket och f\u00e5 svar direktMedtest","og_url":"https:\/\/medtest.stagingservers.net\/sv\/produkt\/jarnskoldkorteltest\/","og_site_name":"Medtest","article_publisher":"https:\/\/www.facebook.com\/Medtest-1440779469392476\/","article_modified_time":"2020-05-29T13:29:13+00:00","og_image":[{"width":1247,"height":659,"url":"https:\/\/medtest.stagingservers.net\/wp-content\/uploads\/2019\/03\/Sk-ldk-rtel-J-rnbrist-1.png","type":"image\/png"}],"twitter_card":"summary_large_image","schema":{"@context":"https:\/\/schema.org","@graph":[{"@type":"WebPage","@id":"https:\/\/medtest.stagingservers.net\/sv\/produkt\/jarnskoldkorteltest\/","url":"https:\/\/medtest.stagingservers.net\/sv\/produkt\/jarnskoldkorteltest\/","name":"J\u00e4rn & Sk\u00f6ldk\u00f6rteltest - H\u00e4lsotestet - billigast i Sverige - Medtest","isPartOf":{"@id":"https:\/\/medtest.stagingservers.net\/sv\/#website"},"primaryImageOfPage":{"@id":"https:\/\/medtest.stagingservers.net\/sv\/produkt\/jarnskoldkorteltest\/#primaryimage"},"image":{"@id":"https:\/\/medtest.stagingservers.net\/sv\/produkt\/jarnskoldkorteltest\/#primaryimage"},"thumbnailUrl":"https:\/\/medtest.stagingservers.net\/wp-content\/uploads\/2019\/03\/Sk-ldk-rtel-J-rnbrist-1.png","datePublished":"2019-03-30T13:23:04+00:00","dateModified":"2020-05-29T13:29:13+00:00","description":"J\u00e4rn & Sk\u00f6ldk\u00f6rteltest - Ta reda p\u00e5 hur det st\u00e5r till med din h\u00e4lsa. Best\u00e4ll v\u00e5rt h\u00e4lsopaket och f\u00e5 svar direktMedtest","breadcrumb":{"@id":"https:\/\/medtest.stagingservers.net\/sv\/produkt\/jarnskoldkorteltest\/#breadcrumb"},"inLanguage":"sv-SE","potentialAction":[{"@type":"ReadAction","target":["https:\/\/medtest.stagingservers.net\/sv\/produkt\/jarnskoldkorteltest\/"]}]},{"@type":"ImageObject","inLanguage":"sv-SE","@id":"https:\/\/medtest.stagingservers.net\/sv\/produkt\/jarnskoldkorteltest\/#primaryimage","url":"https:\/\/medtest.stagingservers.net\/wp-content\/uploads\/2019\/03\/Sk-ldk-rtel-J-rnbrist-1.png","contentUrl":"https:\/\/medtest.stagingservers.net\/wp-content\/uploads\/2019\/03\/Sk-ldk-rtel-J-rnbrist-1.png","width":1247,"height":659,"caption":"Test f\u00f6r j\u00e4rnbrist och sk\u00f6ldk\u00f6rtel."},{"@type":"BreadcrumbList","@id":"https:\/\/medtest.stagingservers.net\/sv\/produkt\/jarnskoldkorteltest\/#breadcrumb","itemListElement":[{"@type":"ListItem","position":1,"name":"Home","item":"https:\/\/medtest.stagingservers.net\/sv\/"},{"@type":"ListItem","position":2,"name":"Shop","item":"https:\/\/medtest.stagingservers.net\/home-shop\/"},{"@type":"ListItem","position":3,"name":"J\u00e4rn &#038; Sk\u00f6ldk\u00f6rteltest"}]},{"@type":"WebSite","@id":"https:\/\/medtest.stagingservers.net\/sv\/#website","url":"https:\/\/medtest.stagingservers.net\/sv\/","name":"Medtest","description":"","publisher":{"@id":"https:\/\/medtest.stagingservers.net\/sv\/#organization"},"potentialAction":[{"@type":"SearchAction","target":{"@type":"EntryPoint","urlTemplate":"https:\/\/medtest.stagingservers.net\/sv\/?s={search_term_string}"},"query-input":{"@type":"PropertyValueSpecification","valueRequired":true,"valueName":"search_term_string"}}],"inLanguage":"sv-SE"},{"@type":"Organization","@id":"https:\/\/medtest.stagingservers.net\/sv\/#organization","name":"Medtest","url":"https:\/\/medtest.stagingservers.net\/sv\/","logo":{"@type":"ImageObject","inLanguage":"sv-SE","@id":"https:\/\/medtest.stagingservers.net\/sv\/#\/schema\/logo\/image\/","url":"https:\/\/medtest.stagingservers.net\/wp-content\/uploads\/2018\/11\/Original.png","contentUrl":"https:\/\/medtest.stagingservers.net\/wp-content\/uploads\/2018\/11\/Original.png","width":1024,"height":1024,"caption":"Medtest"},"image":{"@id":"https:\/\/medtest.stagingservers.net\/sv\/#\/schema\/logo\/image\/"},"sameAs":["https:\/\/www.facebook.com\/Medtest-1440779469392476\/"]}]}},"_links":{"self":[{"href":"https:\/\/medtest.stagingservers.net\/sv\/wp-json\/wp\/v2\/product\/55415","targetHints":{"allow":["GET"]}}],"collection":[{"href":"https:\/\/medtest.stagingservers.net\/sv\/wp-json\/wp\/v2\/product"}],"about":[{"href":"https:\/\/medtest.stagingservers.net\/sv\/wp-json\/wp\/v2\/types\/product"}],"replies":[{"embeddable":true,"href":"https:\/\/medtest.stagingservers.net\/sv\/wp-json\/wp\/v2\/comments?post=55415"}],"version-history":[{"count":0,"href":"https:\/\/medtest.stagingservers.net\/sv\/wp-json\/wp\/v2\/product\/55415\/revisions"}],"wp:featuredmedia":[{"embeddable":true,"href":"https:\/\/medtest.stagingservers.net\/sv\/wp-json\/wp\/v2\/media\/83371"}],"wp:attachment":[{"href":"https:\/\/medtest.stagingservers.net\/sv\/wp-json\/wp\/v2\/media?parent=55415"}],"wp:term":[{"taxonomy":"product_brand","embeddable":true,"href":"https:\/\/medtest.stagingservers.net\/sv\/wp-json\/wp\/v2\/product_brand?post=55415"},{"taxonomy":"product_cat","embeddable":true,"href":"https:\/\/medtest.stagingservers.net\/sv\/wp-json\/wp\/v2\/product_cat?post=55415"},{"taxonomy":"product_tag","embeddable":true,"href":"https:\/\/medtest.stagingservers.net\/sv\/wp-json\/wp\/v2\/product_tag?post=55415"}],"curies":[{"name":"wp","href":"https:\/\/api.w.org\/{rel}","templated":true}]}}