{"id":55420,"date":"2019-03-30T13:40:36","date_gmt":"2019-03-30T13:40:36","guid":{"rendered":"http:\/\/104.248.87.71\/?post_type=product&#038;p=55420"},"modified":"2020-08-19T17:05:28","modified_gmt":"2020-08-19T15:05:28","slug":"mage-tarmpaketet","status":"publish","type":"product","link":"https:\/\/medtest.stagingservers.net\/sv\/produkt\/mage-tarmpaketet\/","title":{"rendered":"Mage &#038; Tarmpaketet"},"content":{"rendered":"<h2>Test f\u00f6r blod i avf\u00f6ringen &amp; Mags\u00e5r<\/h2>\n<h5>Mags\u00e5rstest<\/h5>\n<p>V\u00e5rat test f\u00f6r Mags\u00e5r \u00e4r ett CE-m\u00e4rkt snabbtest f\u00f6r uppt\u00e4ckt av H.Pylori i avf\u00f6ring.<\/p>\n<p>Sm\u00e4rta och obehag i \u00f6vre delen av buken \u00e4r ett relativt vanligt bekymmer. Var fj\u00e4rde person drabbas n\u00e5gon g\u00e5ng i livet av s\u00e5dana besv\u00e4r. En vanlig f\u00f6rklaring till detta \u00e4r Mags\u00e5r.\u00a0Den vanligaste orsaken till mags\u00e5r \u00e4r bakterien Helicobacter pylori. Ca 90% av de som har mags\u00e5r b\u00e4r p\u00e5 just bakterien Helicobacter pylori. V\u00e5rt enkla hemmatest kan enkelt och snabbt uppt\u00e4cka denna bakterie.<\/p>\n<p>Ett enkelt hemtest kan hj\u00e4lpa dig att lindra din oro eller s\u00e5 ger det dig en anledning att s\u00f6ka hj\u00e4lp hos din l\u00e4kare. Ett positivt test (du b\u00e4r p\u00e5 H. pylori) inneb\u00e4r att du l\u00e4ttare kan s\u00f6ka v\u00e5rd och f\u00e5 r\u00e4tt behandling, vilket \u00e4r viktigt d\u00e5 denna typen av mags\u00e5r kan leda till allvarliga sjukdomar som exempelvis cancer.<\/p>\n<p>Testet uppt\u00e4cker specifika antigener i avf\u00f6ring f\u00f6r att fastst\u00e4lla n\u00e4rvaron av bakterien.<\/p>\n<p>&nbsp;<\/p>\n<h5>Test f\u00f6r dolt blod i avf\u00f6ringen\u00a0 (FOB)<\/h5>\n<p>V\u00e5rat FOB tarmtest \u00e4r ett CE-m\u00e4rkt snabbtest f\u00f6r uppt\u00e4ckt av dolt blod i avf\u00f6ring\u00a0som ger en tidig varning.<\/p>\n<p>M\u00e5nga sjukdomar kan orsaka dolt blod i avf\u00f6ring, k\u00e4nt som Fecal Occult Blood (FOB). I tidiga skeden kan gastrointestinala problem som tarmcancer, s\u00e5r, polyper, kolit, divertikulit och sprickor inte visa n\u00e5gra synliga symptom, utan bara blod. V\u00e5rat test \u00e4r ett snabbt test f\u00f6r att kvalitativt uppt\u00e4cka l\u00e5ga niv\u00e5er av blod i avf\u00f6ringen. Testet anv\u00e4nder en dubbel antikroppsanalys f\u00f6r att selektivt uppt\u00e4cka blod vid 50 ng\/ml eller h\u00f6gre eller 6 ug\/g avf\u00f6ring. Dessutom, till skillnad fr\u00e5n andra analyser, vilken kost du \u00e4ter p\u00e5verkar inte noggrannheten av testet.<\/p>\n<h5>Anv\u00e4ndarbeskrivning f\u00f6r mags\u00e5r och dolt blod i avf\u00f6ringen:<\/h5>\n<p>1. Samla avf\u00f6ringsprov i avf\u00f6ringsf\u00e5ngaren. Anv\u00e4nd avf\u00f6ringsf\u00e5ngaren i alla typer av toaletter f\u00f6r att undvika f\u00f6rorening av provet.<\/p>\n<p>2. Skruva av locket p\u00e5 provuppsamlingsr\u00f6ret och slumpm\u00e4ssigt stick provuppsamlingsapplikatorn i avf\u00f6ringsprovet p\u00e5 minst 3 olika platser. Skopa inte avf\u00f6ringsprovet. Skruva fast och dra \u00e5t locket p\u00e5 provuppsamlingsr\u00f6ret och skaka provuppsamlingsr\u00f6ret kraftigt f\u00f6r att blanda provet och extraktionsbufferten.<\/p>\n<p>3. Ta ut testkassetten fr\u00e5n foliep\u00e5sen och anv\u00e4nd den s\u00e5 snart som m\u00f6jligt. B\u00e4st resultat erh\u00e5lls om testet utf\u00f6rs omedelbart efter \u00f6ppnandet av foliep\u00e5sen.<\/p>\n<p>4. H\u00e5ll provuppsamlingsr\u00f6ret uppr\u00e4tt och \u00f6ppna locket p\u00e5 provuppsamlingsr\u00f6ret. V\u00e4nd r\u00f6ret upp och ned och \u00f6verf\u00f6r 2 hela droppar till testkassetten (S) och starta sedan timern. Se illustration nedan.<\/p>\n<p>5. L\u00e4s resultat efter 5 minuter. L\u00e4s inte resultat efter 10 minuter.<\/p>\n<p><img loading=\"lazy\" decoding=\"async\" class=\"alignnone size-full wp-image-55185\" src=\"https:\/\/medtest.stagingservers.net\/wp-content\/uploads\/2019\/02\/FOB.png\" alt=\"\" width=\"1198\" height=\"341\" srcset=\"https:\/\/medtest.stagingservers.net\/wp-content\/uploads\/2019\/02\/FOB.png 1198w, https:\/\/medtest.stagingservers.net\/wp-content\/uploads\/2019\/02\/FOB-600x171.png 600w, https:\/\/medtest.stagingservers.net\/wp-content\/uploads\/2019\/02\/FOB-200x57.png 200w, https:\/\/medtest.stagingservers.net\/wp-content\/uploads\/2019\/02\/FOB-720x205.png 720w, https:\/\/medtest.stagingservers.net\/wp-content\/uploads\/2019\/02\/FOB-768x219.png 768w, https:\/\/medtest.stagingservers.net\/wp-content\/uploads\/2019\/02\/FOB-1024x291.png 1024w, https:\/\/medtest.stagingservers.net\/wp-content\/uploads\/2019\/02\/FOB-416x118.png 416w, https:\/\/medtest.stagingservers.net\/wp-content\/uploads\/2019\/02\/FOB-300x85.png 300w\" sizes=\"auto, (max-width: 1198px) 100vw, 1198px\" \/><\/p>\n<h5>Resultat<\/h5>\n<p><img loading=\"lazy\" decoding=\"async\" class=\"alignnone wp-image-55186\" src=\"https:\/\/medtest.stagingservers.net\/wp-content\/uploads\/2019\/02\/Test-resultat-300x210.png\" alt=\"\" width=\"231\" height=\"162\" srcset=\"https:\/\/medtest.stagingservers.net\/wp-content\/uploads\/2019\/02\/Test-resultat-300x210.png 300w, https:\/\/medtest.stagingservers.net\/wp-content\/uploads\/2019\/02\/Test-resultat-720x504.png 720w, https:\/\/medtest.stagingservers.net\/wp-content\/uploads\/2019\/02\/Test-resultat-768x538.png 768w, https:\/\/medtest.stagingservers.net\/wp-content\/uploads\/2019\/02\/Test-resultat-416x291.png 416w, https:\/\/medtest.stagingservers.net\/wp-content\/uploads\/2019\/02\/Test-resultat.png 912w\" sizes=\"auto, (max-width: 231px) 100vw, 231px\" \/><\/p>\n<p>N\u00e4r du ser linjerna C och T \u00e4r det ett positivt resultat. Vidare, ser du linje endast vid C \u00e4r resultat negativt. Kontrollinjen (C) fungerar som en kvalitetskontroll som s\u00e4kerst\u00e4ller att kassetten \u00e4r OK.<\/p>\n<p>C = Control (Kontroll)<br \/>\nT = Test<br \/>\nS = Sample (Prov)<\/p>\n<p>Bruksanvisning p\u00e5 svenska medf\u00f6ljer.<\/p>\n","protected":false},"excerpt":{"rendered":"<p>Hemtest f\u00f6r blod i avf\u00f6ringen &amp; Mags\u00e5r. V\u00e5ra hemtester f\u00f6r blod i avf\u00f6ringen (FOB) och Mags\u00e5r (H.Pylori) \u00e4r CE-m\u00e4rkta sj\u00e4lvtester som du utf\u00f6r d\u00e4r hemma.<\/p>\n<p>Sm\u00e4rta och obehag i \u00f6vre delen av buken \u00e4r ett relativt vanligt bekymmer. Var fj\u00e4rde person drabbas n\u00e5gon g\u00e5ng i livet av s\u00e5dana besv\u00e4r. En vanlig f\u00f6rklaring till detta \u00e4r Mags\u00e5r. Den vanligaste orsaken till mags\u00e5r \u00e4r bakterien Helicobacter pylori. Ca 90% av de som har mags\u00e5r b\u00e4r p\u00e5 just bakterien Helicobacter pylori. V\u00e5rt enkla hemmatest kan enkelt och snabbt uppt\u00e4cka denna bakterie.<\/p>\n<p>M\u00e5nga sjukdomar kan orsaka dolt blod i avf\u00f6ring, k\u00e4nt som Fecal Occult Blood (FOB). I tidiga skeden kan gastrointestinala problem som tarmcancer, s\u00e5r, polyper, kolit, divertikulit och sprickor inte visa n\u00e5gra synliga symptom, utan bara blod. V\u00e5rat test \u00e4r ett snabbt test f\u00f6r att kvalitativt uppt\u00e4cka l\u00e5ga niv\u00e5er av blod i avf\u00f6ringen.<\/p>\n","protected":false},"featured_media":55421,"comment_status":"closed","ping_status":"closed","template":"","meta":{"_acf_changed":false,"footnotes":""},"product_brand":[],"product_cat":[748,746,727],"product_tag":[],"class_list":{"0":"post-55420","1":"product","2":"type-product","3":"status-publish","4":"has-post-thumbnail","6":"product_cat-blod-i-avforingen","7":"product_cat-magsar","8":"product_cat-paket-erbjudande","10":"first","11":"instock","12":"taxable","13":"shipping-taxable","14":"purchasable","15":"product-type-simple"},"acf":[],"yoast_head":"<title>Mage &amp; Tarmpaketet - Medtest<\/title>\n<meta name=\"description\" content=\"Mage &amp; Tarmpaketet - Medtest\" \/>\n<meta name=\"robots\" content=\"noindex, follow, max-snippet:-1, max-image-preview:large, max-video-preview:-1\" \/>\n<meta property=\"og:locale\" content=\"sv_SE\" \/>\n<meta property=\"og:type\" content=\"article\" \/>\n<meta property=\"og:title\" content=\"Mage &amp; Tarmpaketet - Medtest\" \/>\n<meta property=\"og:description\" content=\"Mage &amp; Tarmpaketet - Medtest\" \/>\n<meta property=\"og:url\" content=\"https:\/\/medtest.stagingservers.net\/sv\/produkt\/mage-tarmpaketet\/\" \/>\n<meta property=\"og:site_name\" content=\"Medtest\" \/>\n<meta property=\"article:publisher\" content=\"https:\/\/www.facebook.com\/Medtest-1440779469392476\/\" \/>\n<meta property=\"article:modified_time\" content=\"2020-08-19T15:05:28+00:00\" \/>\n<meta property=\"og:image\" content=\"https:\/\/medtest.stagingservers.net\/wp-content\/uploads\/2019\/03\/Mag-Tarm-paket-.png\" \/>\n\t<meta property=\"og:image:width\" content=\"863\" \/>\n\t<meta property=\"og:image:height\" content=\"515\" \/>\n\t<meta property=\"og:image:type\" content=\"image\/png\" \/>\n<meta name=\"twitter:card\" content=\"summary_large_image\" \/>\n<script type=\"application\/ld+json\" class=\"yoast-schema-graph\">{\"@context\":\"https:\\\/\\\/schema.org\",\"@graph\":[{\"@type\":\"WebPage\",\"@id\":\"https:\\\/\\\/medtest.stagingservers.net\\\/sv\\\/produkt\\\/mage-tarmpaketet\\\/\",\"url\":\"https:\\\/\\\/medtest.stagingservers.net\\\/sv\\\/produkt\\\/mage-tarmpaketet\\\/\",\"name\":\"Mage & Tarmpaketet - Medtest\",\"isPartOf\":{\"@id\":\"https:\\\/\\\/medtest.stagingservers.net\\\/sv\\\/#website\"},\"primaryImageOfPage\":{\"@id\":\"https:\\\/\\\/medtest.stagingservers.net\\\/sv\\\/produkt\\\/mage-tarmpaketet\\\/#primaryimage\"},\"image\":{\"@id\":\"https:\\\/\\\/medtest.stagingservers.net\\\/sv\\\/produkt\\\/mage-tarmpaketet\\\/#primaryimage\"},\"thumbnailUrl\":\"https:\\\/\\\/medtest.stagingservers.net\\\/wp-content\\\/uploads\\\/2019\\\/03\\\/Mag-Tarm-paket-.png\",\"datePublished\":\"2019-03-30T13:40:36+00:00\",\"dateModified\":\"2020-08-19T15:05:28+00:00\",\"description\":\"Mage & Tarmpaketet - Medtest\",\"breadcrumb\":{\"@id\":\"https:\\\/\\\/medtest.stagingservers.net\\\/sv\\\/produkt\\\/mage-tarmpaketet\\\/#breadcrumb\"},\"inLanguage\":\"sv-SE\",\"potentialAction\":[{\"@type\":\"ReadAction\",\"target\":[\"https:\\\/\\\/medtest.stagingservers.net\\\/sv\\\/produkt\\\/mage-tarmpaketet\\\/\"]}]},{\"@type\":\"ImageObject\",\"inLanguage\":\"sv-SE\",\"@id\":\"https:\\\/\\\/medtest.stagingservers.net\\\/sv\\\/produkt\\\/mage-tarmpaketet\\\/#primaryimage\",\"url\":\"https:\\\/\\\/medtest.stagingservers.net\\\/wp-content\\\/uploads\\\/2019\\\/03\\\/Mag-Tarm-paket-.png\",\"contentUrl\":\"https:\\\/\\\/medtest.stagingservers.net\\\/wp-content\\\/uploads\\\/2019\\\/03\\\/Mag-Tarm-paket-.png\",\"width\":863,\"height\":515},{\"@type\":\"BreadcrumbList\",\"@id\":\"https:\\\/\\\/medtest.stagingservers.net\\\/sv\\\/produkt\\\/mage-tarmpaketet\\\/#breadcrumb\",\"itemListElement\":[{\"@type\":\"ListItem\",\"position\":1,\"name\":\"Home\",\"item\":\"https:\\\/\\\/medtest.stagingservers.net\\\/sv\\\/\"},{\"@type\":\"ListItem\",\"position\":2,\"name\":\"Shop\",\"item\":\"https:\\\/\\\/medtest.stagingservers.net\\\/home-shop\\\/\"},{\"@type\":\"ListItem\",\"position\":3,\"name\":\"Mage &#038; Tarmpaketet\"}]},{\"@type\":\"WebSite\",\"@id\":\"https:\\\/\\\/medtest.stagingservers.net\\\/sv\\\/#website\",\"url\":\"https:\\\/\\\/medtest.stagingservers.net\\\/sv\\\/\",\"name\":\"Medtest\",\"description\":\"\",\"publisher\":{\"@id\":\"https:\\\/\\\/medtest.stagingservers.net\\\/sv\\\/#organization\"},\"potentialAction\":[{\"@type\":\"SearchAction\",\"target\":{\"@type\":\"EntryPoint\",\"urlTemplate\":\"https:\\\/\\\/medtest.stagingservers.net\\\/sv\\\/?s={search_term_string}\"},\"query-input\":{\"@type\":\"PropertyValueSpecification\",\"valueRequired\":true,\"valueName\":\"search_term_string\"}}],\"inLanguage\":\"sv-SE\"},{\"@type\":\"Organization\",\"@id\":\"https:\\\/\\\/medtest.stagingservers.net\\\/sv\\\/#organization\",\"name\":\"Medtest\",\"url\":\"https:\\\/\\\/medtest.stagingservers.net\\\/sv\\\/\",\"logo\":{\"@type\":\"ImageObject\",\"inLanguage\":\"sv-SE\",\"@id\":\"https:\\\/\\\/medtest.stagingservers.net\\\/sv\\\/#\\\/schema\\\/logo\\\/image\\\/\",\"url\":\"https:\\\/\\\/medtest.stagingservers.net\\\/wp-content\\\/uploads\\\/2018\\\/11\\\/Original.png\",\"contentUrl\":\"https:\\\/\\\/medtest.stagingservers.net\\\/wp-content\\\/uploads\\\/2018\\\/11\\\/Original.png\",\"width\":1024,\"height\":1024,\"caption\":\"Medtest\"},\"image\":{\"@id\":\"https:\\\/\\\/medtest.stagingservers.net\\\/sv\\\/#\\\/schema\\\/logo\\\/image\\\/\"},\"sameAs\":[\"https:\\\/\\\/www.facebook.com\\\/Medtest-1440779469392476\\\/\"]}]}<\/script>","yoast_head_json":{"title":"Mage & Tarmpaketet - Medtest","description":"Mage & Tarmpaketet - Medtest","robots":{"index":"noindex","follow":"follow","max-snippet":"max-snippet:-1","max-image-preview":"max-image-preview:large","max-video-preview":"max-video-preview:-1"},"og_locale":"sv_SE","og_type":"article","og_title":"Mage & Tarmpaketet - Medtest","og_description":"Mage & Tarmpaketet - Medtest","og_url":"https:\/\/medtest.stagingservers.net\/sv\/produkt\/mage-tarmpaketet\/","og_site_name":"Medtest","article_publisher":"https:\/\/www.facebook.com\/Medtest-1440779469392476\/","article_modified_time":"2020-08-19T15:05:28+00:00","og_image":[{"width":863,"height":515,"url":"https:\/\/medtest.stagingservers.net\/wp-content\/uploads\/2019\/03\/Mag-Tarm-paket-.png","type":"image\/png"}],"twitter_card":"summary_large_image","schema":{"@context":"https:\/\/schema.org","@graph":[{"@type":"WebPage","@id":"https:\/\/medtest.stagingservers.net\/sv\/produkt\/mage-tarmpaketet\/","url":"https:\/\/medtest.stagingservers.net\/sv\/produkt\/mage-tarmpaketet\/","name":"Mage & Tarmpaketet - Medtest","isPartOf":{"@id":"https:\/\/medtest.stagingservers.net\/sv\/#website"},"primaryImageOfPage":{"@id":"https:\/\/medtest.stagingservers.net\/sv\/produkt\/mage-tarmpaketet\/#primaryimage"},"image":{"@id":"https:\/\/medtest.stagingservers.net\/sv\/produkt\/mage-tarmpaketet\/#primaryimage"},"thumbnailUrl":"https:\/\/medtest.stagingservers.net\/wp-content\/uploads\/2019\/03\/Mag-Tarm-paket-.png","datePublished":"2019-03-30T13:40:36+00:00","dateModified":"2020-08-19T15:05:28+00:00","description":"Mage & Tarmpaketet - Medtest","breadcrumb":{"@id":"https:\/\/medtest.stagingservers.net\/sv\/produkt\/mage-tarmpaketet\/#breadcrumb"},"inLanguage":"sv-SE","potentialAction":[{"@type":"ReadAction","target":["https:\/\/medtest.stagingservers.net\/sv\/produkt\/mage-tarmpaketet\/"]}]},{"@type":"ImageObject","inLanguage":"sv-SE","@id":"https:\/\/medtest.stagingservers.net\/sv\/produkt\/mage-tarmpaketet\/#primaryimage","url":"https:\/\/medtest.stagingservers.net\/wp-content\/uploads\/2019\/03\/Mag-Tarm-paket-.png","contentUrl":"https:\/\/medtest.stagingservers.net\/wp-content\/uploads\/2019\/03\/Mag-Tarm-paket-.png","width":863,"height":515},{"@type":"BreadcrumbList","@id":"https:\/\/medtest.stagingservers.net\/sv\/produkt\/mage-tarmpaketet\/#breadcrumb","itemListElement":[{"@type":"ListItem","position":1,"name":"Home","item":"https:\/\/medtest.stagingservers.net\/sv\/"},{"@type":"ListItem","position":2,"name":"Shop","item":"https:\/\/medtest.stagingservers.net\/home-shop\/"},{"@type":"ListItem","position":3,"name":"Mage &#038; Tarmpaketet"}]},{"@type":"WebSite","@id":"https:\/\/medtest.stagingservers.net\/sv\/#website","url":"https:\/\/medtest.stagingservers.net\/sv\/","name":"Medtest","description":"","publisher":{"@id":"https:\/\/medtest.stagingservers.net\/sv\/#organization"},"potentialAction":[{"@type":"SearchAction","target":{"@type":"EntryPoint","urlTemplate":"https:\/\/medtest.stagingservers.net\/sv\/?s={search_term_string}"},"query-input":{"@type":"PropertyValueSpecification","valueRequired":true,"valueName":"search_term_string"}}],"inLanguage":"sv-SE"},{"@type":"Organization","@id":"https:\/\/medtest.stagingservers.net\/sv\/#organization","name":"Medtest","url":"https:\/\/medtest.stagingservers.net\/sv\/","logo":{"@type":"ImageObject","inLanguage":"sv-SE","@id":"https:\/\/medtest.stagingservers.net\/sv\/#\/schema\/logo\/image\/","url":"https:\/\/medtest.stagingservers.net\/wp-content\/uploads\/2018\/11\/Original.png","contentUrl":"https:\/\/medtest.stagingservers.net\/wp-content\/uploads\/2018\/11\/Original.png","width":1024,"height":1024,"caption":"Medtest"},"image":{"@id":"https:\/\/medtest.stagingservers.net\/sv\/#\/schema\/logo\/image\/"},"sameAs":["https:\/\/www.facebook.com\/Medtest-1440779469392476\/"]}]}},"_links":{"self":[{"href":"https:\/\/medtest.stagingservers.net\/sv\/wp-json\/wp\/v2\/product\/55420","targetHints":{"allow":["GET"]}}],"collection":[{"href":"https:\/\/medtest.stagingservers.net\/sv\/wp-json\/wp\/v2\/product"}],"about":[{"href":"https:\/\/medtest.stagingservers.net\/sv\/wp-json\/wp\/v2\/types\/product"}],"replies":[{"embeddable":true,"href":"https:\/\/medtest.stagingservers.net\/sv\/wp-json\/wp\/v2\/comments?post=55420"}],"version-history":[{"count":0,"href":"https:\/\/medtest.stagingservers.net\/sv\/wp-json\/wp\/v2\/product\/55420\/revisions"}],"wp:featuredmedia":[{"embeddable":true,"href":"https:\/\/medtest.stagingservers.net\/sv\/wp-json\/wp\/v2\/media\/55421"}],"wp:attachment":[{"href":"https:\/\/medtest.stagingservers.net\/sv\/wp-json\/wp\/v2\/media?parent=55420"}],"wp:term":[{"taxonomy":"product_brand","embeddable":true,"href":"https:\/\/medtest.stagingservers.net\/sv\/wp-json\/wp\/v2\/product_brand?post=55420"},{"taxonomy":"product_cat","embeddable":true,"href":"https:\/\/medtest.stagingservers.net\/sv\/wp-json\/wp\/v2\/product_cat?post=55420"},{"taxonomy":"product_tag","embeddable":true,"href":"https:\/\/medtest.stagingservers.net\/sv\/wp-json\/wp\/v2\/product_tag?post=55420"}],"curies":[{"name":"wp","href":"https:\/\/api.w.org\/{rel}","templated":true}]}}