{"id":55951,"date":"2019-04-23T07:17:56","date_gmt":"2019-05-03T12:50:43","guid":{"rendered":"http:\/\/104.248.87.71\/?post_type=product&#038;p=55951"},"modified":"2021-01-13T11:05:54","modified_gmt":"2021-01-13T09:05:54","slug":"oronproppar-formgjutna","status":"publish","type":"product","link":"https:\/\/medtest.stagingservers.net\/sv\/produkt\/oronproppar-formgjutna\/","title":{"rendered":"Formgjutna \u00f6ronproppar"},"content":{"rendered":"<h2>Formgjutna \u00f6ronproppar<\/h2>\n<p>Forma dina personliga \u00f6ronproppar till dina egna \u00f6ron p\u00e5 ett enkelt, snabbt och smidigt s\u00e4tt. \u00d6ronpropparna skyddar mot b\u00e5de ljudv\u00e5gor och v\u00e4ta. Eftersom pluggarna beh\u00e5ller sin form kan de anv\u00e4ndas flera g\u00e5nger. Man kan tv\u00e4tta \u00f6ronpropparna i diskmaskinen. De f\u00f6rhindrar att vatten kommer in i \u00f6rat n\u00e4r man simmar. De st\u00e4nger ocks\u00e5 ute ljudet n\u00e4r du flyger eller sover. De kan ocks\u00e5 \u00e5teranv\u00e4ndas under l\u00e5ng tid, 10 \u00e5r \u00e4r inte en ovanlig h\u00e5llbarhet. Men framf\u00f6r allt \u00e4r de bekv\u00e4ma att anv\u00e4nda eftersom de har gjutits i ditt \u00f6ra.<img loading=\"lazy\" decoding=\"async\" class=\"size-full wp-image-55803 aligncenter\" src=\"https:\/\/medtest.stagingservers.net\/wp-content\/uploads\/2019\/03\/F\u00f6rdelar.png\" alt=\"\" width=\"673\" height=\"174\" srcset=\"https:\/\/medtest.stagingservers.net\/wp-content\/uploads\/2019\/03\/F\u00f6rdelar.png 673w, https:\/\/medtest.stagingservers.net\/wp-content\/uploads\/2019\/03\/F\u00f6rdelar-300x78.png 300w, https:\/\/medtest.stagingservers.net\/wp-content\/uploads\/2019\/03\/F\u00f6rdelar-416x108.png 416w\" sizes=\"auto, (max-width: 673px) 100vw, 673px\" \/><\/p>\n<h4>F\u00f6rdelar med v\u00e5ra unika \u00f6ronproppar:<\/h4>\n<ul>\n<li>Formade efter dina egna \u00f6ron<\/li>\n<li>Formbest\u00e4ndiga<\/li>\n<li>Ljudisolering 24 dB<\/li>\n<li>Vattenskyddar<\/li>\n<li>Kompressionsdeformation &lt;1%<\/li>\n<li>Komfortabla<\/li>\n<li>\u00c5teranv\u00e4ndbara<\/li>\n<li>Ej giftiga<\/li>\n<li>Skickas idag<\/li>\n<li>100% n\u00f6jd kund garanti<\/li>\n<\/ul>\n<h4>S\u00e5 h\u00e4r g\u00f6r du<\/h4>\n<ol>\n<li>Tv\u00e4tta h\u00e4nderna och dela upp massan i 4 st lika stora delar. Blanda en del bl\u00e5 silikon med en del vit silikon tills ingen vit silikon l\u00e4ngre \u00e4r synlig, ca 1 min.<\/li>\n<li>St\u00e4ll dig vid en spegel och forma en boll. F\u00f6r in bollen i \u00f6ronkanalen. Detta steg b\u00f6r max ta\u00a0 10 sekunder.<\/li>\n<li>Forma din \u00f6ronpropp och avl\u00e4gsna eventuellt \u00f6verskott. Forma igen med fingrarna. V\u00e4nta 5 min.<\/li>\n<li>Ta ut \u00f6ronproppen genom att trycka p\u00e5 baksidan av \u00f6rat. Upprepa steg 1-4 f\u00f6r \u00f6ronpropp nr 2.<\/li>\n<\/ol>\n<p><img loading=\"lazy\" decoding=\"async\" class=\"alignnone wp-image-55804 size-full\" src=\"\/wp-content\/uploads\/2019\/03\/Beskrivning-svenska-2.png\" alt=\"\" width=\"831\" height=\"581\" srcset=\"https:\/\/medtest.stagingservers.net\/wp-content\/uploads\/2019\/03\/Beskrivning-svenska-2.png 831w, https:\/\/medtest.stagingservers.net\/wp-content\/uploads\/2019\/03\/Beskrivning-svenska-2-720x503.png 720w, https:\/\/medtest.stagingservers.net\/wp-content\/uploads\/2019\/03\/Beskrivning-svenska-2-768x537.png 768w, https:\/\/medtest.stagingservers.net\/wp-content\/uploads\/2019\/03\/Beskrivning-svenska-2-416x291.png 416w, https:\/\/medtest.stagingservers.net\/wp-content\/uploads\/2019\/03\/Beskrivning-svenska-2-300x210.png 300w\" sizes=\"auto, (max-width: 831px) 100vw, 831px\" \/><\/p>\n<h4>Materialet<\/h4>\n<p>Massan best\u00e5r av polyvinylsiloxaner (PVS) som har l\u00e5g molekylvikt. PVS inneh\u00e5ller silangrupper som knyts samman f\u00f6r att bilda ett n\u00e4tverk av kedjor som ger materialet en unik karakt\u00e4r. Det p\u00e5minner om &#8221;gummi&#8221;. PVS \u00e4r en elastomer som f\u00f6rblir i ett stabilt tillst\u00e5nd, \u00e4ven efter att massan har stelnat. S\u00e5 n\u00e4r \u00f6ronpropparna \u00e4r klara och massan har stelnat, sker detta med ett noggrant slutresultat. PVS \u00e4r ett s\u00e4kert material och inte k\u00e4nsligt f\u00f6r patienter. Det har anv\u00e4nts i kliniska sammanhang i \u00f6ver 30 \u00e5r.<\/p>\n<p><img loading=\"lazy\" decoding=\"async\" class=\"wp-image-55805 size-full aligncenter\" src=\"\/wp-content\/uploads\/2019\/03\/Duschning-3.png\" alt=\"\" width=\"1020\" height=\"493\" \/><\/p>\n<p>&nbsp;<\/p>\n<p>Om du har n\u00e5gra fr\u00e5gor om v\u00e5ra \u00f6ronproppar, v\u00e4nligen kontakta oss <a href=\"\/kontakta-oss\/\">h\u00e4r<\/a>. Vi f\u00f6rs\u00f6ker h\u00e5lla s\u00e5 bra service som m\u00f6jligt, d\u00e4rf\u00f6r str\u00e4var vi efter att svara p\u00e5 alla fr\u00e5gor inom 24 timmar.<\/p>\n","protected":false},"excerpt":{"rendered":"<p>Forma och gjut dina personliga \u00f6ronproppar d\u00e4r hemma p\u00e5 5 minuter. \u00d6ronpropparna skyddar mot b\u00e5de ljudv\u00e5gor och v\u00e4ta och de beh\u00e5ller sin form i \u00f6ver 10 \u00e5r. V\u00e4ldigt sk\u00f6nt h\u00f6rselskydd. Best\u00e4ll hem ett par idag.<\/p>\n","protected":false},"featured_media":56133,"comment_status":"closed","ping_status":"closed","template":"","meta":{"_acf_changed":false,"footnotes":""},"product_brand":[],"product_cat":[726],"product_tag":[],"class_list":{"0":"post-55951","1":"product","2":"type-product","3":"status-publish","4":"has-post-thumbnail","6":"product_cat-formgjutna-oronproppar","8":"first","9":"instock","10":"taxable","11":"shipping-taxable","12":"purchasable","13":"product-type-variable"},"acf":[],"yoast_head":"<title>\u00d6ronproppar - Forma dina personliga \u00f6ronproppar - Medtest<\/title>\n<meta name=\"description\" content=\"\u00d6ronproppar - Forma dina personliga \u00f6ronproppar- Skr\u00e4ddarsy dina \u00f6ronproppar till dina egna \u00f6ron. Vattenisolerande och formbest\u00e4ndiga.\" \/>\n<meta name=\"robots\" content=\"noindex, follow, max-snippet:-1, max-image-preview:large, max-video-preview:-1\" \/>\n<meta property=\"og:locale\" content=\"sv_SE\" \/>\n<meta property=\"og:type\" content=\"article\" \/>\n<meta property=\"og:title\" content=\"\u00d6ronproppar - Forma dina personliga \u00f6ronproppar - Medtest\" \/>\n<meta property=\"og:description\" content=\"\u00d6ronproppar - Forma dina personliga \u00f6ronproppar- Skr\u00e4ddarsy dina \u00f6ronproppar till dina egna \u00f6ron. Vattenisolerande och formbest\u00e4ndiga.\" \/>\n<meta property=\"og:url\" content=\"https:\/\/medtest.stagingservers.net\/sv\/produkt\/oronproppar-formgjutna\/\" \/>\n<meta property=\"og:site_name\" content=\"Medtest\" \/>\n<meta property=\"article:publisher\" content=\"https:\/\/www.facebook.com\/Medtest-1440779469392476\/\" \/>\n<meta property=\"article:modified_time\" content=\"2021-01-13T09:05:54+00:00\" \/>\n<meta property=\"og:image\" content=\"https:\/\/medtest.stagingservers.net\/wp-content\/uploads\/2019\/05\/Ear-plug-HS.jpeg\" \/>\n\t<meta property=\"og:image:width\" content=\"2100\" \/>\n\t<meta property=\"og:image:height\" content=\"1400\" \/>\n\t<meta property=\"og:image:type\" content=\"image\/jpeg\" \/>\n<meta name=\"twitter:card\" content=\"summary_large_image\" \/>\n<script type=\"application\/ld+json\" class=\"yoast-schema-graph\">{\"@context\":\"https:\\\/\\\/schema.org\",\"@graph\":[{\"@type\":\"WebPage\",\"@id\":\"https:\\\/\\\/medtest.stagingservers.net\\\/sv\\\/produkt\\\/oronproppar-formgjutna\\\/\",\"url\":\"https:\\\/\\\/medtest.stagingservers.net\\\/sv\\\/produkt\\\/oronproppar-formgjutna\\\/\",\"name\":\"\u00d6ronproppar - Forma dina personliga \u00f6ronproppar - Medtest\",\"isPartOf\":{\"@id\":\"https:\\\/\\\/medtest.stagingservers.net\\\/sv\\\/#website\"},\"primaryImageOfPage\":{\"@id\":\"https:\\\/\\\/medtest.stagingservers.net\\\/sv\\\/produkt\\\/oronproppar-formgjutna\\\/#primaryimage\"},\"image\":{\"@id\":\"https:\\\/\\\/medtest.stagingservers.net\\\/sv\\\/produkt\\\/oronproppar-formgjutna\\\/#primaryimage\"},\"thumbnailUrl\":\"https:\\\/\\\/medtest.stagingservers.net\\\/wp-content\\\/uploads\\\/2019\\\/05\\\/Ear-plug-HS.jpeg\",\"datePublished\":\"2019-05-03T12:50:43+00:00\",\"dateModified\":\"2021-01-13T09:05:54+00:00\",\"description\":\"\u00d6ronproppar - Forma dina personliga \u00f6ronproppar- Skr\u00e4ddarsy dina \u00f6ronproppar till dina egna \u00f6ron. Vattenisolerande och formbest\u00e4ndiga.\",\"breadcrumb\":{\"@id\":\"https:\\\/\\\/medtest.stagingservers.net\\\/sv\\\/produkt\\\/oronproppar-formgjutna\\\/#breadcrumb\"},\"inLanguage\":\"sv-SE\",\"potentialAction\":[{\"@type\":\"ReadAction\",\"target\":[\"https:\\\/\\\/medtest.stagingservers.net\\\/sv\\\/produkt\\\/oronproppar-formgjutna\\\/\"]}]},{\"@type\":\"ImageObject\",\"inLanguage\":\"sv-SE\",\"@id\":\"https:\\\/\\\/medtest.stagingservers.net\\\/sv\\\/produkt\\\/oronproppar-formgjutna\\\/#primaryimage\",\"url\":\"https:\\\/\\\/medtest.stagingservers.net\\\/wp-content\\\/uploads\\\/2019\\\/05\\\/Ear-plug-HS.jpeg\",\"contentUrl\":\"https:\\\/\\\/medtest.stagingservers.net\\\/wp-content\\\/uploads\\\/2019\\\/05\\\/Ear-plug-HS.jpeg\",\"width\":2100,\"height\":1400,\"caption\":\"Formgjut dina egna \u00f6ronproppar\"},{\"@type\":\"BreadcrumbList\",\"@id\":\"https:\\\/\\\/medtest.stagingservers.net\\\/sv\\\/produkt\\\/oronproppar-formgjutna\\\/#breadcrumb\",\"itemListElement\":[{\"@type\":\"ListItem\",\"position\":1,\"name\":\"Home\",\"item\":\"https:\\\/\\\/medtest.stagingservers.net\\\/sv\\\/\"},{\"@type\":\"ListItem\",\"position\":2,\"name\":\"Shop\",\"item\":\"https:\\\/\\\/medtest.stagingservers.net\\\/home-shop\\\/\"},{\"@type\":\"ListItem\",\"position\":3,\"name\":\"Formgjutna \u00f6ronproppar\"}]},{\"@type\":\"WebSite\",\"@id\":\"https:\\\/\\\/medtest.stagingservers.net\\\/sv\\\/#website\",\"url\":\"https:\\\/\\\/medtest.stagingservers.net\\\/sv\\\/\",\"name\":\"Medtest\",\"description\":\"\",\"publisher\":{\"@id\":\"https:\\\/\\\/medtest.stagingservers.net\\\/sv\\\/#organization\"},\"potentialAction\":[{\"@type\":\"SearchAction\",\"target\":{\"@type\":\"EntryPoint\",\"urlTemplate\":\"https:\\\/\\\/medtest.stagingservers.net\\\/sv\\\/?s={search_term_string}\"},\"query-input\":{\"@type\":\"PropertyValueSpecification\",\"valueRequired\":true,\"valueName\":\"search_term_string\"}}],\"inLanguage\":\"sv-SE\"},{\"@type\":\"Organization\",\"@id\":\"https:\\\/\\\/medtest.stagingservers.net\\\/sv\\\/#organization\",\"name\":\"Medtest\",\"url\":\"https:\\\/\\\/medtest.stagingservers.net\\\/sv\\\/\",\"logo\":{\"@type\":\"ImageObject\",\"inLanguage\":\"sv-SE\",\"@id\":\"https:\\\/\\\/medtest.stagingservers.net\\\/sv\\\/#\\\/schema\\\/logo\\\/image\\\/\",\"url\":\"https:\\\/\\\/medtest.stagingservers.net\\\/wp-content\\\/uploads\\\/2018\\\/11\\\/Original.png\",\"contentUrl\":\"https:\\\/\\\/medtest.stagingservers.net\\\/wp-content\\\/uploads\\\/2018\\\/11\\\/Original.png\",\"width\":1024,\"height\":1024,\"caption\":\"Medtest\"},\"image\":{\"@id\":\"https:\\\/\\\/medtest.stagingservers.net\\\/sv\\\/#\\\/schema\\\/logo\\\/image\\\/\"},\"sameAs\":[\"https:\\\/\\\/www.facebook.com\\\/Medtest-1440779469392476\\\/\"]}]}<\/script>","yoast_head_json":{"title":"\u00d6ronproppar - Forma dina personliga \u00f6ronproppar - Medtest","description":"\u00d6ronproppar - Forma dina personliga \u00f6ronproppar- Skr\u00e4ddarsy dina \u00f6ronproppar till dina egna \u00f6ron. Vattenisolerande och formbest\u00e4ndiga.","robots":{"index":"noindex","follow":"follow","max-snippet":"max-snippet:-1","max-image-preview":"max-image-preview:large","max-video-preview":"max-video-preview:-1"},"og_locale":"sv_SE","og_type":"article","og_title":"\u00d6ronproppar - Forma dina personliga \u00f6ronproppar - Medtest","og_description":"\u00d6ronproppar - Forma dina personliga \u00f6ronproppar- Skr\u00e4ddarsy dina \u00f6ronproppar till dina egna \u00f6ron. Vattenisolerande och formbest\u00e4ndiga.","og_url":"https:\/\/medtest.stagingservers.net\/sv\/produkt\/oronproppar-formgjutna\/","og_site_name":"Medtest","article_publisher":"https:\/\/www.facebook.com\/Medtest-1440779469392476\/","article_modified_time":"2021-01-13T09:05:54+00:00","og_image":[{"width":2100,"height":1400,"url":"https:\/\/medtest.stagingservers.net\/wp-content\/uploads\/2019\/05\/Ear-plug-HS.jpeg","type":"image\/jpeg"}],"twitter_card":"summary_large_image","schema":{"@context":"https:\/\/schema.org","@graph":[{"@type":"WebPage","@id":"https:\/\/medtest.stagingservers.net\/sv\/produkt\/oronproppar-formgjutna\/","url":"https:\/\/medtest.stagingservers.net\/sv\/produkt\/oronproppar-formgjutna\/","name":"\u00d6ronproppar - Forma dina personliga \u00f6ronproppar - Medtest","isPartOf":{"@id":"https:\/\/medtest.stagingservers.net\/sv\/#website"},"primaryImageOfPage":{"@id":"https:\/\/medtest.stagingservers.net\/sv\/produkt\/oronproppar-formgjutna\/#primaryimage"},"image":{"@id":"https:\/\/medtest.stagingservers.net\/sv\/produkt\/oronproppar-formgjutna\/#primaryimage"},"thumbnailUrl":"https:\/\/medtest.stagingservers.net\/wp-content\/uploads\/2019\/05\/Ear-plug-HS.jpeg","datePublished":"2019-05-03T12:50:43+00:00","dateModified":"2021-01-13T09:05:54+00:00","description":"\u00d6ronproppar - Forma dina personliga \u00f6ronproppar- Skr\u00e4ddarsy dina \u00f6ronproppar till dina egna \u00f6ron. Vattenisolerande och formbest\u00e4ndiga.","breadcrumb":{"@id":"https:\/\/medtest.stagingservers.net\/sv\/produkt\/oronproppar-formgjutna\/#breadcrumb"},"inLanguage":"sv-SE","potentialAction":[{"@type":"ReadAction","target":["https:\/\/medtest.stagingservers.net\/sv\/produkt\/oronproppar-formgjutna\/"]}]},{"@type":"ImageObject","inLanguage":"sv-SE","@id":"https:\/\/medtest.stagingservers.net\/sv\/produkt\/oronproppar-formgjutna\/#primaryimage","url":"https:\/\/medtest.stagingservers.net\/wp-content\/uploads\/2019\/05\/Ear-plug-HS.jpeg","contentUrl":"https:\/\/medtest.stagingservers.net\/wp-content\/uploads\/2019\/05\/Ear-plug-HS.jpeg","width":2100,"height":1400,"caption":"Formgjut dina egna \u00f6ronproppar"},{"@type":"BreadcrumbList","@id":"https:\/\/medtest.stagingservers.net\/sv\/produkt\/oronproppar-formgjutna\/#breadcrumb","itemListElement":[{"@type":"ListItem","position":1,"name":"Home","item":"https:\/\/medtest.stagingservers.net\/sv\/"},{"@type":"ListItem","position":2,"name":"Shop","item":"https:\/\/medtest.stagingservers.net\/home-shop\/"},{"@type":"ListItem","position":3,"name":"Formgjutna \u00f6ronproppar"}]},{"@type":"WebSite","@id":"https:\/\/medtest.stagingservers.net\/sv\/#website","url":"https:\/\/medtest.stagingservers.net\/sv\/","name":"Medtest","description":"","publisher":{"@id":"https:\/\/medtest.stagingservers.net\/sv\/#organization"},"potentialAction":[{"@type":"SearchAction","target":{"@type":"EntryPoint","urlTemplate":"https:\/\/medtest.stagingservers.net\/sv\/?s={search_term_string}"},"query-input":{"@type":"PropertyValueSpecification","valueRequired":true,"valueName":"search_term_string"}}],"inLanguage":"sv-SE"},{"@type":"Organization","@id":"https:\/\/medtest.stagingservers.net\/sv\/#organization","name":"Medtest","url":"https:\/\/medtest.stagingservers.net\/sv\/","logo":{"@type":"ImageObject","inLanguage":"sv-SE","@id":"https:\/\/medtest.stagingservers.net\/sv\/#\/schema\/logo\/image\/","url":"https:\/\/medtest.stagingservers.net\/wp-content\/uploads\/2018\/11\/Original.png","contentUrl":"https:\/\/medtest.stagingservers.net\/wp-content\/uploads\/2018\/11\/Original.png","width":1024,"height":1024,"caption":"Medtest"},"image":{"@id":"https:\/\/medtest.stagingservers.net\/sv\/#\/schema\/logo\/image\/"},"sameAs":["https:\/\/www.facebook.com\/Medtest-1440779469392476\/"]}]}},"_links":{"self":[{"href":"https:\/\/medtest.stagingservers.net\/sv\/wp-json\/wp\/v2\/product\/55951","targetHints":{"allow":["GET"]}}],"collection":[{"href":"https:\/\/medtest.stagingservers.net\/sv\/wp-json\/wp\/v2\/product"}],"about":[{"href":"https:\/\/medtest.stagingservers.net\/sv\/wp-json\/wp\/v2\/types\/product"}],"replies":[{"embeddable":true,"href":"https:\/\/medtest.stagingservers.net\/sv\/wp-json\/wp\/v2\/comments?post=55951"}],"version-history":[{"count":1,"href":"https:\/\/medtest.stagingservers.net\/sv\/wp-json\/wp\/v2\/product\/55951\/revisions"}],"predecessor-version":[{"id":89265,"href":"https:\/\/medtest.stagingservers.net\/sv\/wp-json\/wp\/v2\/product\/55951\/revisions\/89265"}],"wp:featuredmedia":[{"embeddable":true,"href":"https:\/\/medtest.stagingservers.net\/sv\/wp-json\/wp\/v2\/media\/56133"}],"wp:attachment":[{"href":"https:\/\/medtest.stagingservers.net\/sv\/wp-json\/wp\/v2\/media?parent=55951"}],"wp:term":[{"taxonomy":"product_brand","embeddable":true,"href":"https:\/\/medtest.stagingservers.net\/sv\/wp-json\/wp\/v2\/product_brand?post=55951"},{"taxonomy":"product_cat","embeddable":true,"href":"https:\/\/medtest.stagingservers.net\/sv\/wp-json\/wp\/v2\/product_cat?post=55951"},{"taxonomy":"product_tag","embeddable":true,"href":"https:\/\/medtest.stagingservers.net\/sv\/wp-json\/wp\/v2\/product_tag?post=55951"}],"curies":[{"name":"wp","href":"https:\/\/api.w.org\/{rel}","templated":true}]}}