{"id":56006,"date":"2019-05-07T08:37:50","date_gmt":"2019-05-07T08:37:50","guid":{"rendered":"http:\/\/104.248.87.71\/?post_type=product&#038;p=56006"},"modified":"2021-04-08T18:38:56","modified_gmt":"2021-04-08T16:38:56","slug":"hepatit-c","status":"publish","type":"product","link":"https:\/\/medtest.stagingservers.net\/sv\/produkt\/hepatit-c\/","title":{"rendered":"Hepatit C"},"content":{"rendered":"<h2>Hepatit C test<\/h2>\n<p>Hepatit C (HCV) \u00e4r en leverinflammation som orsakas av ett virus. Sjukdomen \u00f6verf\u00f6rs framf\u00f6r allt genom blod. Det vanligaste s\u00e4ttet att f\u00e5 infektionen \u00e4r om du tar narkotika med sprutor som \u00e4ven anv\u00e4nds av andra. Men du kan \u00e4ven bli smittad om du har haft oskyddat sex. Infektionen finns ofta kvar hela livet, men med l\u00e4kemedel finns m\u00f6jligheten att bli helt frisk. Det kan vara bra att k\u00e4nna till att det \u00e4ven finns andra hepatit virus. De vanligaste \u00e4r hepatit A, hepatit B och hepatit C.<\/p>\n<p>Hepatit A sprids via mat och dryck.<\/p>\n<p>Hepatit B &amp; C sprids genom blod och oskyddat sex. Exempelvis vid:<\/p>\n<ul>\n<li>Delning av n\u00e5lar<\/li>\n<li>Mottagande av infekterade blodprodukter<\/li>\n<li>Oskyddat sex<\/li>\n<li>Perinatal smitta fr\u00e5n mor till barn.<\/li>\n<\/ul>\n<p><a href=\"https:\/\/medtest.stagingservers.net\/product\/hepatit-b-hepatit-c-levertest\/\">K\u00f6p v\u00e5rt paket inneh\u00e5llande Hepatit B, Hepatit C och Levertest f\u00f6r 369 kr<\/a><\/p>\n<h4 style=\"text-align: left;\"><strong>Om Hepatit C testet<\/strong><\/h4>\n<p style=\"text-align: left;\">Testet m\u00e4ter kroppens producerade antikroppar mot HCV i blodet med en specificitet och k\u00e4nslighet p\u00e5 hela 99,9%. Testet \u00e4r CE godk\u00e4nt och avsett f\u00f6r professionellt bruk endast.<\/p>\n<h4 style=\"text-align: left;\"><strong>N\u00e4r ska man testa sig?<\/strong><\/h4>\n<p style=\"text-align: left;\">Regelbunden testning \u00e4r viktig f\u00f6r alla som \u00e4r sexuellt aktiva, oavsett \u00e5lder, sexualitet eller f\u00f6rh\u00e5llande status. Det \u00e4r alltid bra att testa dig om du har haft oskyddat sex. Fr\u00e5n det att du har blivit smittad med hepatit C-viruset tar det vanligtvis ungef\u00e4r \u00e5tta veckor till det att du f\u00e5r sjukdomen, men tiden kan variera fr\u00e5n tv\u00e5 veckor upp till ett halv\u00e5r.<\/p>\n<h4>Symptom<\/h4>\n<p style=\"text-align: left;\">De flesta som f\u00e5r akut hepatit C f\u00e5r inga symtom och m\u00e4rker inte att de har f\u00e5tt infektionen. Sjukdomen delas in i akut och kronisk hepatit C. Den f\u00f6rsta fasen av infektionen kallas akut HCV. Tre av fyra av de som smittas f\u00e5r sedan kronisk HCV. D\u00e5 finns viruset kvar i kroppen i mer \u00e4n sex m\u00e5nader, ofta hela livet. Med detta test g\u00e5r det att kontrollera om infektionen har f\u00f6rsvunnit eller om den verkar g\u00e5 \u00f6ver i kronisk hepatit.<\/p>\n<p style=\"text-align: left;\">Om du har f\u00f6ljande symptom kan du ha f\u00e5tt hepatit C:<\/p>\n<ul>\n<li>Kisset blir m\u00f6rkt<\/li>\n<li>Avf\u00f6ringen blir ljus<\/li>\n<li>Huden och \u00f6gonvitorna gulf\u00e4rgas (&#8221;gulsot&#8221;)<\/li>\n<\/ul>\n<h4><strong>Hur blir jag av med hepatit C?<\/strong><\/h4>\n<p>Du kan leva n\u00e4stan som vanligt om du har kronisk HCV, men t\u00e4nk p\u00e5 att du kan smitta andra. Du kan g\u00e5 l\u00e4nge med viruset i kroppen utan att direkt k\u00e4nna det. Men sjukdomen orsakar \u00e4nd\u00e5 en inflammation i levern som l\u00e5ngsamt kan bli skadad. Det kan leda till levercirros efter 20-30 \u00e5r. Du kan \u00e4ven kontrollera din leverfunktion genom att best\u00e4lla v\u00e5rat <a href=\"https:\/\/medtest.stagingservers.net\/product\/lever-test\/\">levertest<\/a>.<\/p>\n<h5><\/h5>\n<div>\n<h4><strong><span class=\"mobile-undersized-upper\">Anv\u00e4ndarinstruktioner<\/span><\/strong><\/h4>\n<h5><strong><span class=\"mobile-undersized-upper\">G\u00f6r s\u00e5 h\u00e4r:<\/span><\/strong><\/h5>\n<\/div>\n<ol start=\"1\">\n<li class=\"mobile-undersized-upper\" data-index=\"34\" data-length=\"52\"><span class=\"mobile-undersized-upper\">Reng\u00f6r ditt finger med alkohol reng\u00f6ringsservetten.<\/span><\/li>\n<li class=\"mobile-undersized-upper\" data-index=\"86\" data-length=\"96\"><span class=\"mobile-undersized-upper\">Ta bort den runda skyddshatten p\u00e5 n\u00e5len och stick dig i fingertoppen och pressa fram lite blod.<\/span><\/li>\n<li class=\"mobile-undersized-upper\" data-index=\"182\" data-length=\"157\"><span class=\"mobile-undersized-upper\">Sug upp 2-3 droppar blod med pipetten genom att f\u00f6ra pipettspetsen till blodytan. Kapill\u00e4rkrafter kommer g\u00f6ra att blodet sugs upp i pipetten med automatik. <\/span><\/li>\n<li class=\"mobile-undersized-upper\" data-index=\"339\" data-length=\"48\"><span class=\"mobile-undersized-upper\">Droppa 2 droppar blod i testkasettens brunn (S).<\/span><\/li>\n<li class=\"mobile-undersized-upper\" data-index=\"387\" data-length=\"35\"><span class=\"mobile-undersized-upper\">Droppa d\u00e4refter 1 droppe buffert.<\/span><\/li>\n<li class=\"mobile-undersized-upper\" data-index=\"422\" data-length=\"102\"><span class=\"mobile-undersized-upper\">V\u00e4nta 10 minuter f\u00f6r att avl\u00e4sa resultatet. V\u00e4nta aldrig l\u00e4ngre \u00e4n 20 minuter f\u00f6r att avl\u00e4sa svaret.<\/span><\/li>\n<\/ol>\n<p><img loading=\"lazy\" decoding=\"async\" class=\"alignnone size-full wp-image-55553\" src=\"\/wp-content\/uploads\/2019\/03\/PSA-procedur.png\" alt=\"PSA procedur\" width=\"1455\" height=\"467\" srcset=\"https:\/\/medtest.stagingservers.net\/wp-content\/uploads\/2019\/03\/PSA-procedur.png 1455w, https:\/\/medtest.stagingservers.net\/wp-content\/uploads\/2019\/03\/PSA-procedur-720x231.png 720w, https:\/\/medtest.stagingservers.net\/wp-content\/uploads\/2019\/03\/PSA-procedur-1200x385.png 1200w, https:\/\/medtest.stagingservers.net\/wp-content\/uploads\/2019\/03\/PSA-procedur-768x246.png 768w, https:\/\/medtest.stagingservers.net\/wp-content\/uploads\/2019\/03\/PSA-procedur-416x134.png 416w, https:\/\/medtest.stagingservers.net\/wp-content\/uploads\/2019\/03\/PSA-procedur-300x96.png 300w, https:\/\/medtest.stagingservers.net\/wp-content\/uploads\/2019\/03\/PSA-procedur-1024x329.png 1024w\" sizes=\"auto, (max-width: 1455px) 100vw, 1455px\" \/><\/p>\n<h4><strong>Resultat<\/strong><\/h4>\n<p><img loading=\"lazy\" decoding=\"async\" class=\"alignnone wp-image-55978 size-full\" src=\"https:\/\/medtest.stagingservers.net\/wp-content\/uploads\/2019\/05\/Test-resultat.png\" alt=\"\" width=\"351\" height=\"246\" srcset=\"https:\/\/medtest.stagingservers.net\/wp-content\/uploads\/2019\/05\/Test-resultat.png 351w, https:\/\/medtest.stagingservers.net\/wp-content\/uploads\/2019\/05\/Test-resultat-300x210.png 300w\" sizes=\"auto, (max-width: 351px) 100vw, 351px\" \/><\/p>\n<p>&nbsp;<\/p>\n<p>&nbsp;<\/p>\n<p>Om du har fr\u00e5gor kan du <a href=\"https:\/\/medtest.stagingservers.net\/kontakta-oss\/\">kontakta oss h\u00e4r<\/a>.<\/p>\n","protected":false},"excerpt":{"rendered":"<p>Sj\u00e4lvtest f\u00f6r hepatit C. Hepatit C (HCV) \u00e4r en leverinflammation som orsakas av ett virus. Sjukdomen \u00f6verf\u00f6rs framf\u00f6r allt genom blod. Det vanligaste s\u00e4ttet att f\u00e5 infektionen \u00e4r om du tar narkotika med sprutor som \u00e4ven anv\u00e4nds av andra. Men du kan \u00e4ven bli smittad om du har haft oskyddat sex. Infektionen finns ofta kvar hela livet, men med l\u00e4kemedel finns m\u00f6jligheten att bli helt frisk. Det kan vara bra att k\u00e4nna till att det \u00e4ven finns andra hepatit virus. De vanligaste \u00e4r hepatit A, hepatit B och hepatit C.<\/p>\n","protected":false},"featured_media":56338,"comment_status":"closed","ping_status":"closed","template":"","meta":{"_acf_changed":false,"footnotes":""},"product_brand":[],"product_cat":[730],"product_tag":[],"class_list":{"0":"post-56006","1":"product","2":"type-product","3":"status-publish","4":"has-post-thumbnail","6":"product_cat-hepatit-c","8":"first","9":"instock","10":"taxable","11":"shipping-taxable","12":"purchasable","13":"product-type-simple"},"acf":[],"yoast_head":"<title>Hepatit C - Hepatit C test f\u00f6r m\u00e4n och kvinnor- Svar p\u00e5 10 min - Medtest<\/title>\n<meta name=\"description\" content=\"Hepatit C - Hepatit C hemtest f\u00f6r m\u00e4n och kvinnor. Skickas samma dag i diskret f\u00f6rpackning. Direkt hem i brevl\u00e5dan - Medtest\" \/>\n<meta name=\"robots\" content=\"noindex, follow, max-snippet:-1, max-image-preview:large, max-video-preview:-1\" \/>\n<meta property=\"og:locale\" content=\"sv_SE\" \/>\n<meta property=\"og:type\" content=\"article\" \/>\n<meta property=\"og:title\" content=\"Hepatit C - Hepatit C test f\u00f6r m\u00e4n och kvinnor- Svar p\u00e5 10 min - Medtest\" \/>\n<meta property=\"og:description\" content=\"Hepatit C - Hepatit C hemtest f\u00f6r m\u00e4n och kvinnor. Skickas samma dag i diskret f\u00f6rpackning. Direkt hem i brevl\u00e5dan - Medtest\" \/>\n<meta property=\"og:url\" content=\"https:\/\/medtest.stagingservers.net\/sv\/produkt\/hepatit-c\/\" \/>\n<meta property=\"og:site_name\" content=\"Medtest\" \/>\n<meta property=\"article:publisher\" content=\"https:\/\/www.facebook.com\/Medtest-1440779469392476\/\" \/>\n<meta property=\"article:modified_time\" content=\"2021-04-08T16:38:56+00:00\" \/>\n<meta property=\"og:image\" content=\"https:\/\/medtest.stagingservers.net\/wp-content\/uploads\/2019\/05\/HEP-C-EJ-CE-1.png\" \/>\n\t<meta property=\"og:image:width\" content=\"2100\" \/>\n\t<meta property=\"og:image:height\" content=\"1400\" \/>\n\t<meta property=\"og:image:type\" content=\"image\/png\" \/>\n<meta name=\"twitter:card\" content=\"summary_large_image\" \/>\n<script type=\"application\/ld+json\" class=\"yoast-schema-graph\">{\"@context\":\"https:\\\/\\\/schema.org\",\"@graph\":[{\"@type\":\"WebPage\",\"@id\":\"https:\\\/\\\/medtest.stagingservers.net\\\/sv\\\/produkt\\\/hepatit-c\\\/\",\"url\":\"https:\\\/\\\/medtest.stagingservers.net\\\/sv\\\/produkt\\\/hepatit-c\\\/\",\"name\":\"Hepatit C - Hepatit C test f\u00f6r m\u00e4n och kvinnor- Svar p\u00e5 10 min - Medtest\",\"isPartOf\":{\"@id\":\"https:\\\/\\\/medtest.stagingservers.net\\\/sv\\\/#website\"},\"primaryImageOfPage\":{\"@id\":\"https:\\\/\\\/medtest.stagingservers.net\\\/sv\\\/produkt\\\/hepatit-c\\\/#primaryimage\"},\"image\":{\"@id\":\"https:\\\/\\\/medtest.stagingservers.net\\\/sv\\\/produkt\\\/hepatit-c\\\/#primaryimage\"},\"thumbnailUrl\":\"https:\\\/\\\/medtest.stagingservers.net\\\/wp-content\\\/uploads\\\/2019\\\/05\\\/HEP-C-EJ-CE-1.png\",\"datePublished\":\"2019-05-07T08:37:50+00:00\",\"dateModified\":\"2021-04-08T16:38:56+00:00\",\"description\":\"Hepatit C - Hepatit C hemtest f\u00f6r m\u00e4n och kvinnor. Skickas samma dag i diskret f\u00f6rpackning. Direkt hem i brevl\u00e5dan - Medtest\",\"breadcrumb\":{\"@id\":\"https:\\\/\\\/medtest.stagingservers.net\\\/sv\\\/produkt\\\/hepatit-c\\\/#breadcrumb\"},\"inLanguage\":\"sv-SE\",\"potentialAction\":[{\"@type\":\"ReadAction\",\"target\":[\"https:\\\/\\\/medtest.stagingservers.net\\\/sv\\\/produkt\\\/hepatit-c\\\/\"]}]},{\"@type\":\"ImageObject\",\"inLanguage\":\"sv-SE\",\"@id\":\"https:\\\/\\\/medtest.stagingservers.net\\\/sv\\\/produkt\\\/hepatit-c\\\/#primaryimage\",\"url\":\"https:\\\/\\\/medtest.stagingservers.net\\\/wp-content\\\/uploads\\\/2019\\\/05\\\/HEP-C-EJ-CE-1.png\",\"contentUrl\":\"https:\\\/\\\/medtest.stagingservers.net\\\/wp-content\\\/uploads\\\/2019\\\/05\\\/HEP-C-EJ-CE-1.png\",\"width\":2100,\"height\":1400,\"caption\":\"Hemtest f\u00f6r hepatit C\"},{\"@type\":\"BreadcrumbList\",\"@id\":\"https:\\\/\\\/medtest.stagingservers.net\\\/sv\\\/produkt\\\/hepatit-c\\\/#breadcrumb\",\"itemListElement\":[{\"@type\":\"ListItem\",\"position\":1,\"name\":\"Home\",\"item\":\"https:\\\/\\\/medtest.stagingservers.net\\\/sv\\\/\"},{\"@type\":\"ListItem\",\"position\":2,\"name\":\"Shop\",\"item\":\"https:\\\/\\\/medtest.stagingservers.net\\\/home-shop\\\/\"},{\"@type\":\"ListItem\",\"position\":3,\"name\":\"Hepatit C\"}]},{\"@type\":\"WebSite\",\"@id\":\"https:\\\/\\\/medtest.stagingservers.net\\\/sv\\\/#website\",\"url\":\"https:\\\/\\\/medtest.stagingservers.net\\\/sv\\\/\",\"name\":\"Medtest\",\"description\":\"\",\"publisher\":{\"@id\":\"https:\\\/\\\/medtest.stagingservers.net\\\/sv\\\/#organization\"},\"potentialAction\":[{\"@type\":\"SearchAction\",\"target\":{\"@type\":\"EntryPoint\",\"urlTemplate\":\"https:\\\/\\\/medtest.stagingservers.net\\\/sv\\\/?s={search_term_string}\"},\"query-input\":{\"@type\":\"PropertyValueSpecification\",\"valueRequired\":true,\"valueName\":\"search_term_string\"}}],\"inLanguage\":\"sv-SE\"},{\"@type\":\"Organization\",\"@id\":\"https:\\\/\\\/medtest.stagingservers.net\\\/sv\\\/#organization\",\"name\":\"Medtest\",\"url\":\"https:\\\/\\\/medtest.stagingservers.net\\\/sv\\\/\",\"logo\":{\"@type\":\"ImageObject\",\"inLanguage\":\"sv-SE\",\"@id\":\"https:\\\/\\\/medtest.stagingservers.net\\\/sv\\\/#\\\/schema\\\/logo\\\/image\\\/\",\"url\":\"https:\\\/\\\/medtest.stagingservers.net\\\/wp-content\\\/uploads\\\/2018\\\/11\\\/Original.png\",\"contentUrl\":\"https:\\\/\\\/medtest.stagingservers.net\\\/wp-content\\\/uploads\\\/2018\\\/11\\\/Original.png\",\"width\":1024,\"height\":1024,\"caption\":\"Medtest\"},\"image\":{\"@id\":\"https:\\\/\\\/medtest.stagingservers.net\\\/sv\\\/#\\\/schema\\\/logo\\\/image\\\/\"},\"sameAs\":[\"https:\\\/\\\/www.facebook.com\\\/Medtest-1440779469392476\\\/\"]}]}<\/script>","yoast_head_json":{"title":"Hepatit C - Hepatit C test f\u00f6r m\u00e4n och kvinnor- Svar p\u00e5 10 min - Medtest","description":"Hepatit C - Hepatit C hemtest f\u00f6r m\u00e4n och kvinnor. Skickas samma dag i diskret f\u00f6rpackning. Direkt hem i brevl\u00e5dan - Medtest","robots":{"index":"noindex","follow":"follow","max-snippet":"max-snippet:-1","max-image-preview":"max-image-preview:large","max-video-preview":"max-video-preview:-1"},"og_locale":"sv_SE","og_type":"article","og_title":"Hepatit C - Hepatit C test f\u00f6r m\u00e4n och kvinnor- Svar p\u00e5 10 min - Medtest","og_description":"Hepatit C - Hepatit C hemtest f\u00f6r m\u00e4n och kvinnor. Skickas samma dag i diskret f\u00f6rpackning. Direkt hem i brevl\u00e5dan - Medtest","og_url":"https:\/\/medtest.stagingservers.net\/sv\/produkt\/hepatit-c\/","og_site_name":"Medtest","article_publisher":"https:\/\/www.facebook.com\/Medtest-1440779469392476\/","article_modified_time":"2021-04-08T16:38:56+00:00","og_image":[{"width":2100,"height":1400,"url":"https:\/\/medtest.stagingservers.net\/wp-content\/uploads\/2019\/05\/HEP-C-EJ-CE-1.png","type":"image\/png"}],"twitter_card":"summary_large_image","schema":{"@context":"https:\/\/schema.org","@graph":[{"@type":"WebPage","@id":"https:\/\/medtest.stagingservers.net\/sv\/produkt\/hepatit-c\/","url":"https:\/\/medtest.stagingservers.net\/sv\/produkt\/hepatit-c\/","name":"Hepatit C - Hepatit C test f\u00f6r m\u00e4n och kvinnor- Svar p\u00e5 10 min - Medtest","isPartOf":{"@id":"https:\/\/medtest.stagingservers.net\/sv\/#website"},"primaryImageOfPage":{"@id":"https:\/\/medtest.stagingservers.net\/sv\/produkt\/hepatit-c\/#primaryimage"},"image":{"@id":"https:\/\/medtest.stagingservers.net\/sv\/produkt\/hepatit-c\/#primaryimage"},"thumbnailUrl":"https:\/\/medtest.stagingservers.net\/wp-content\/uploads\/2019\/05\/HEP-C-EJ-CE-1.png","datePublished":"2019-05-07T08:37:50+00:00","dateModified":"2021-04-08T16:38:56+00:00","description":"Hepatit C - Hepatit C hemtest f\u00f6r m\u00e4n och kvinnor. Skickas samma dag i diskret f\u00f6rpackning. Direkt hem i brevl\u00e5dan - Medtest","breadcrumb":{"@id":"https:\/\/medtest.stagingservers.net\/sv\/produkt\/hepatit-c\/#breadcrumb"},"inLanguage":"sv-SE","potentialAction":[{"@type":"ReadAction","target":["https:\/\/medtest.stagingservers.net\/sv\/produkt\/hepatit-c\/"]}]},{"@type":"ImageObject","inLanguage":"sv-SE","@id":"https:\/\/medtest.stagingservers.net\/sv\/produkt\/hepatit-c\/#primaryimage","url":"https:\/\/medtest.stagingservers.net\/wp-content\/uploads\/2019\/05\/HEP-C-EJ-CE-1.png","contentUrl":"https:\/\/medtest.stagingservers.net\/wp-content\/uploads\/2019\/05\/HEP-C-EJ-CE-1.png","width":2100,"height":1400,"caption":"Hemtest f\u00f6r hepatit C"},{"@type":"BreadcrumbList","@id":"https:\/\/medtest.stagingservers.net\/sv\/produkt\/hepatit-c\/#breadcrumb","itemListElement":[{"@type":"ListItem","position":1,"name":"Home","item":"https:\/\/medtest.stagingservers.net\/sv\/"},{"@type":"ListItem","position":2,"name":"Shop","item":"https:\/\/medtest.stagingservers.net\/home-shop\/"},{"@type":"ListItem","position":3,"name":"Hepatit C"}]},{"@type":"WebSite","@id":"https:\/\/medtest.stagingservers.net\/sv\/#website","url":"https:\/\/medtest.stagingservers.net\/sv\/","name":"Medtest","description":"","publisher":{"@id":"https:\/\/medtest.stagingservers.net\/sv\/#organization"},"potentialAction":[{"@type":"SearchAction","target":{"@type":"EntryPoint","urlTemplate":"https:\/\/medtest.stagingservers.net\/sv\/?s={search_term_string}"},"query-input":{"@type":"PropertyValueSpecification","valueRequired":true,"valueName":"search_term_string"}}],"inLanguage":"sv-SE"},{"@type":"Organization","@id":"https:\/\/medtest.stagingservers.net\/sv\/#organization","name":"Medtest","url":"https:\/\/medtest.stagingservers.net\/sv\/","logo":{"@type":"ImageObject","inLanguage":"sv-SE","@id":"https:\/\/medtest.stagingservers.net\/sv\/#\/schema\/logo\/image\/","url":"https:\/\/medtest.stagingservers.net\/wp-content\/uploads\/2018\/11\/Original.png","contentUrl":"https:\/\/medtest.stagingservers.net\/wp-content\/uploads\/2018\/11\/Original.png","width":1024,"height":1024,"caption":"Medtest"},"image":{"@id":"https:\/\/medtest.stagingservers.net\/sv\/#\/schema\/logo\/image\/"},"sameAs":["https:\/\/www.facebook.com\/Medtest-1440779469392476\/"]}]}},"_links":{"self":[{"href":"https:\/\/medtest.stagingservers.net\/sv\/wp-json\/wp\/v2\/product\/56006","targetHints":{"allow":["GET"]}}],"collection":[{"href":"https:\/\/medtest.stagingservers.net\/sv\/wp-json\/wp\/v2\/product"}],"about":[{"href":"https:\/\/medtest.stagingservers.net\/sv\/wp-json\/wp\/v2\/types\/product"}],"replies":[{"embeddable":true,"href":"https:\/\/medtest.stagingservers.net\/sv\/wp-json\/wp\/v2\/comments?post=56006"}],"version-history":[{"count":3,"href":"https:\/\/medtest.stagingservers.net\/sv\/wp-json\/wp\/v2\/product\/56006\/revisions"}],"predecessor-version":[{"id":92418,"href":"https:\/\/medtest.stagingservers.net\/sv\/wp-json\/wp\/v2\/product\/56006\/revisions\/92418"}],"wp:featuredmedia":[{"embeddable":true,"href":"https:\/\/medtest.stagingservers.net\/sv\/wp-json\/wp\/v2\/media\/56338"}],"wp:attachment":[{"href":"https:\/\/medtest.stagingservers.net\/sv\/wp-json\/wp\/v2\/media?parent=56006"}],"wp:term":[{"taxonomy":"product_brand","embeddable":true,"href":"https:\/\/medtest.stagingservers.net\/sv\/wp-json\/wp\/v2\/product_brand?post=56006"},{"taxonomy":"product_cat","embeddable":true,"href":"https:\/\/medtest.stagingservers.net\/sv\/wp-json\/wp\/v2\/product_cat?post=56006"},{"taxonomy":"product_tag","embeddable":true,"href":"https:\/\/medtest.stagingservers.net\/sv\/wp-json\/wp\/v2\/product_tag?post=56006"}],"curies":[{"name":"wp","href":"https:\/\/api.w.org\/{rel}","templated":true}]}}