{"id":67739,"date":"2019-06-27T10:15:09","date_gmt":"2019-06-27T10:15:09","guid":{"rendered":"https:\/\/medtest.stagingservers.net\/?post_type=product&#038;p=67739"},"modified":"2021-03-27T15:38:39","modified_gmt":"2021-03-27T13:38:39","slug":"klamydiatest","status":"publish","type":"product","link":"https:\/\/medtest.stagingservers.net\/sv\/produkt\/klamydiatest\/","title":{"rendered":"Klamydiatest"},"content":{"rendered":"<h2>Klamydiatest<\/h2>\n<p>V\u00e5rat klamydiatest \u00e4r ett snabbt test f\u00f6r att kvalitativt detektera klamydia-antigenet lokaliserat vid livmoderhalsen (kvinnligt) eller urinr\u00f6ret (manligt), vilket ger resultat efter 5- 10 minuter. Testet anv\u00e4nder en antikropp som \u00e4r specifikt f\u00f6r klamydia (klamydia trachomatis).\u00a0Noggrannheten \u00e4r 97,2% och dess prestanda har utv\u00e4rderats i klinisk pr\u00f6vning.\u00a0Denna produkt \u00e4r CE m\u00e4rkt f\u00f6r anv\u00e4ndning professionellt av v\u00e5rdpersonal. Den \u00e4r inte avsedd eller testad f\u00f6r hemmabruk.<\/p>\n<h4>S\u00e5 fungerar testet<\/h4>\n<p>En antikropp, specifik f\u00f6r klamydia \u00e4r belagd p\u00e5 membranet i testkasetten. N\u00e4r provl\u00f6sningen droppats p\u00e5 testkasetten, migrerar provet upp\u00e5t i membranet, som d\u00e5 reagerar med klamydia-antikroppen, vilket genererar en f\u00e4rgad linje i testlinjeomr\u00e5det. N\u00e4rvaron av den f\u00e4rgade linjen i testlinjeomr\u00e5det indikerar ett positivt resultat, medan dess fr\u00e5nvaro indikerar ett negativt resultat.<\/p>\n<h4>Fakta om Klamydia<\/h4>\n<p>Klamydia \u00e4r en av de allra vanligaste och snabbast spridande k\u00f6nssjukdomar bland ungdomar och m\u00e5nga \u00e4r drabbade utan att veta om det. Utan behandling kan klamydia leda till sterilitet hos b\u00e5de m\u00e4n och kvinnor. D\u00e4rf\u00f6r \u00e4r det viktigt att testa sig om man haft oskyddat sex. 2015 rapporterades 36000 klamydiafall i Sverige.<\/p>\n<h4>Hur blir man smittad?<\/h4>\n<p>Genom samlag utan kondom d\u00e5 slemhinnorna kommer i kontakt med varandra. Det g\u00e4ller \u00e4ven vid anala samlag och oralsex. Klamydia smittar inte genom handslag, bastub\u00e4nk, kl\u00e4der, handdukar eller toaletter. Vid f\u00f6rlossning kan barnet \u00e4ven smittas av mamman om hon har klamydia med komplikationer som f\u00f6ljd.<\/p>\n<h4>Symptom<\/h4>\n<p>De flesta, b\u00e5de m\u00e4n och kvinnor, som \u00e4r infekterad med klamydia har inga symtom men kan \u00e4nd\u00e5 f\u00f6ra smittan vidare. Symtom, om de finns, kommer en till tre veckor efter smittan. Det vanligaste symtomet hos b\u00e5de m\u00e4n och kvinnor \u00e4r att det svider n\u00e4r man kissar. Flytningar fr\u00e5n urinr\u00f6ret, v\u00e4rk eller svullnad i pungen, bl\u00f6dningar (hos kvinnor), sm\u00e4rta i nedre delen av magen samt ont vid samlag \u00e4r andra symptom.<\/p>\n<h4>Anm\u00e4lningsplikt<\/h4>\n<p>Klamydia \u00e4r en av de k\u00f6nssjukdomar som \u00e4r anm\u00e4lningspliktig enligt Smittskyddslagen.<\/p>\n<h5><\/h5>\n<h5><strong>Ett klamydiatest med en h\u00f6g klinisk noggrannhet<\/strong><\/h5>\n<p>Detekteringsv\u00e4rdet f\u00f6r klamydia trachomatis b\u00f6r vara h\u00f6gre \u00e4n 2&#215;103 IFU \/ ml. Noggrannheten \u00e4r 97,2 % under f\u00f6ruts\u00e4ttning att testet genomf\u00f6rs enligt bruksanvisning.<\/p>\n<h5><strong>Anv\u00e4ndarinstruktioner<\/strong><\/h5>\n<h6><strong>Kissa inte p\u00e5 minst en timme f\u00f6re att v\u00e5rt klamydiatest utf\u00f6rs!<\/strong><\/h6>\n<p>1.<strong> A) VAGINA (KVINNA<\/strong>). F\u00f6r in provpinnen i vaginans kanal tills det mesta av spetsen inte l\u00e4ngre \u00e4r synlig. Vrid runt toppen 360 grader i en riktning (medurs eller moturs), och l\u00e5t st\u00e5 i 15 sekunder. Dra tillbaka pinnen ur vaginan. F\u00f6rs\u00f6k undvika kontaminering fr\u00e5n vaginala celler eller utanp\u00e5 liggande slem\/sekret. 1.<\/p>\n<p><strong>1. B) <\/strong><strong>URINR\u00d6R (Man)<\/strong><strong>. <\/strong>F\u00f6r in provpinnen i urinr\u00f6rets kanal ca 2-4 cm. Vrid runt pinnen 360 grader i en riktning (medurs eller moturs), l\u00e5t st\u00e5 i 15 sekunder och dra sedan tillbaka pinnen ut ur urinr\u00f6ret.<\/p>\n<ol start=\"2\">\n<li>S\u00e4tt provpinnen i provr\u00f6ret och tills\u00e4tt 5 droppar reagens A. Kl\u00e4m p\u00e5 toppen genom att trycka p\u00e5 utsidan av provr\u00f6ret i r\u00f6rets botten och rotera i vattnet 15 g\u00e5nger. L\u00e5t st\u00e5 i 2 minuter.<\/li>\n<li>Tills\u00e4tt 4 droppar av reagens B till provr\u00f6ret. L\u00f6sningen blir grumlig. Rotera i vattnet 15 g\u00e5nger tills l\u00f6sningen \u00e4ndrar sig till en klar f\u00e4rg med en liten gr\u00f6n eller bl\u00e5 nyans. Om vattnet \u00e4r blodigt blir f\u00e4rgen gul eller brun. L\u00e5t st\u00e5 i 1 minut.<\/li>\n<li>Lyft provpinnen och pressa ut v\u00e4tska i provr\u00f6ret. Kasta pinnen. Ha s\u00e5 mycket v\u00e4tska i r\u00f6ret som m\u00f6jligt.<\/li>\n<li>Montera droppmunstycket p\u00e5 provr\u00f6ret.<\/li>\n<li>Kl\u00e4m ut <u>3 fulla droppar<\/u> av den extraherade l\u00f6sning till provbrunnen (S) p\u00e5 testkassetten och l\u00e4s av svar efter 5-10 min.<\/li>\n<\/ol>\n<p><img loading=\"lazy\" decoding=\"async\" class=\"alignnone wp-image-55354\" src=\"\/wp-content\/uploads\/2018\/11\/Klam-gon-Bild.png\" alt=\"\" width=\"957\" height=\"434\" \/><\/p>\n<h5><strong>Tolkning av resultat<\/strong><\/h5>\n<p><img loading=\"lazy\" decoding=\"async\" class=\"size-full wp-image-54477 alignnone\" src=\"\/wp-content\/uploads\/2018\/11\/Test-resultat.png\" alt=\"\" width=\"351\" height=\"246\" srcset=\"https:\/\/medtest.stagingservers.net\/wp-content\/uploads\/2018\/11\/Test-resultat.png 351w, https:\/\/medtest.stagingservers.net\/wp-content\/uploads\/2018\/11\/Test-resultat-200x140.png 200w, https:\/\/medtest.stagingservers.net\/wp-content\/uploads\/2018\/11\/Test-resultat-300x210.png 300w\" sizes=\"auto, (max-width: 351px) 100vw, 351px\" \/><\/p>\n<ul>\n<li><strong>Positivt<\/strong>: Om tv\u00e5 f\u00e4rjade (rosa-lila) linjer visas b\u00e5de i kontrollomr\u00e5det och testomr\u00e5det, kan du anta att du har klamydia<\/li>\n<li><strong>Negativt<\/strong>: Om endast en f\u00e4rjad (rosa-lila) linje visas i kontrollomr\u00e5det kan du anta att du inte har Klamydia.<\/li>\n<li><strong>Ogiltigt<\/strong>: Om det inte finns n\u00e5got tydligt rosa-lila f\u00e4rgband synligt b\u00e5de i omr\u00e5det TEST och CONTROL \u00e4r testet ogiltigt och det rekommenderas att klamydiatestet i detta fall upprepas.<\/li>\n<\/ul>\n<h5>F\u00f6rvaring och anv\u00e4ndning<\/h5>\n<p>F\u00f6rvara testet i den slutna f\u00f6rpackningen antingen vid rumstemperatur eller kyld (2-30 \u00b0 C). Klamydiatest-kassetten \u00e4r stabil t.o.m. utg\u00e5ngsdatum som anges p\u00e5 f\u00f6rpackningen. Provanordningen skall f\u00f6rbli i den f\u00f6rseglade p\u00e5sen fram till anv\u00e4ndning och f\u00e5r ej frysas. Testet \u00e4r CE m\u00e4rkt och avsett f\u00f6r professionellt bruk.<\/p>\n<p>&nbsp;<\/p>\n","protected":false},"excerpt":{"rendered":"<p>Klamydiatest som kvalitativt detekterar Klamydia antigenet som ligger i livmoderhalsen (kvinna) eller urinr\u00f6ret (man), vilket ger resultat efter 5-10 minuter. Testet anv\u00e4nder en antikropp som \u00e4r specifik f\u00f6r Klamydia. CE godk\u00e4nd.<\/p>\n","protected":false},"featured_media":77753,"comment_status":"closed","ping_status":"closed","template":"","meta":{"_acf_changed":false,"footnotes":""},"product_brand":[],"product_cat":[731],"product_tag":[],"class_list":{"0":"post-67739","1":"product","2":"type-product","3":"status-publish","4":"has-post-thumbnail","6":"product_cat-klamydia","8":"first","9":"instock","10":"taxable","11":"shipping-taxable","12":"purchasable","13":"product-type-variable","14":"has-default-attributes"},"acf":[],"yoast_head":"<title>Klamydiatest - Medtest - Klamydia snabbtest med svar inom 10 minuter<\/title>\n<meta name=\"description\" content=\"Medtest Klamydiatest - Klamydiatest som detekterar bakterien Chlamydia Trachomatis. Test som ger resultat inom 10 minuter.\" \/>\n<meta name=\"robots\" content=\"noindex, follow, max-snippet:-1, max-image-preview:large, max-video-preview:-1\" \/>\n<meta property=\"og:locale\" content=\"sv_SE\" \/>\n<meta property=\"og:type\" content=\"article\" \/>\n<meta property=\"og:title\" content=\"Klamydiatest - Medtest - Klamydia snabbtest med svar inom 10 minuter\" \/>\n<meta property=\"og:description\" content=\"Medtest Klamydiatest - Klamydiatest som detekterar bakterien Chlamydia Trachomatis. Test som ger resultat inom 10 minuter.\" \/>\n<meta property=\"og:url\" content=\"https:\/\/medtest.stagingservers.net\/sv\/produkt\/klamydiatest\/\" \/>\n<meta property=\"og:site_name\" content=\"Medtest\" \/>\n<meta property=\"article:publisher\" content=\"https:\/\/www.facebook.com\/Medtest-1440779469392476\/\" \/>\n<meta property=\"article:modified_time\" content=\"2021-03-27T13:38:39+00:00\" \/>\n<meta property=\"og:image\" content=\"https:\/\/medtest.stagingservers.net\/wp-content\/uploads\/2019\/06\/Klam-Gon.png\" \/>\n\t<meta property=\"og:image:width\" content=\"1200\" \/>\n\t<meta property=\"og:image:height\" content=\"897\" \/>\n\t<meta property=\"og:image:type\" content=\"image\/png\" \/>\n<meta name=\"twitter:card\" content=\"summary_large_image\" \/>\n<script type=\"application\/ld+json\" class=\"yoast-schema-graph\">{\"@context\":\"https:\\\/\\\/schema.org\",\"@graph\":[{\"@type\":\"WebPage\",\"@id\":\"https:\\\/\\\/medtest.stagingservers.net\\\/sv\\\/produkt\\\/klamydiatest\\\/\",\"url\":\"https:\\\/\\\/medtest.stagingservers.net\\\/sv\\\/produkt\\\/klamydiatest\\\/\",\"name\":\"Klamydiatest - Medtest - Klamydia snabbtest med svar inom 10 minuter\",\"isPartOf\":{\"@id\":\"https:\\\/\\\/medtest.stagingservers.net\\\/sv\\\/#website\"},\"primaryImageOfPage\":{\"@id\":\"https:\\\/\\\/medtest.stagingservers.net\\\/sv\\\/produkt\\\/klamydiatest\\\/#primaryimage\"},\"image\":{\"@id\":\"https:\\\/\\\/medtest.stagingservers.net\\\/sv\\\/produkt\\\/klamydiatest\\\/#primaryimage\"},\"thumbnailUrl\":\"https:\\\/\\\/medtest.stagingservers.net\\\/wp-content\\\/uploads\\\/2019\\\/06\\\/Klam-Gon.png\",\"datePublished\":\"2019-06-27T10:15:09+00:00\",\"dateModified\":\"2021-03-27T13:38:39+00:00\",\"description\":\"Medtest Klamydiatest - Klamydiatest som detekterar bakterien Chlamydia Trachomatis. Test som ger resultat inom 10 minuter.\",\"breadcrumb\":{\"@id\":\"https:\\\/\\\/medtest.stagingservers.net\\\/sv\\\/produkt\\\/klamydiatest\\\/#breadcrumb\"},\"inLanguage\":\"sv-SE\",\"potentialAction\":[{\"@type\":\"ReadAction\",\"target\":[\"https:\\\/\\\/medtest.stagingservers.net\\\/sv\\\/produkt\\\/klamydiatest\\\/\"]}]},{\"@type\":\"ImageObject\",\"inLanguage\":\"sv-SE\",\"@id\":\"https:\\\/\\\/medtest.stagingservers.net\\\/sv\\\/produkt\\\/klamydiatest\\\/#primaryimage\",\"url\":\"https:\\\/\\\/medtest.stagingservers.net\\\/wp-content\\\/uploads\\\/2019\\\/06\\\/Klam-Gon.png\",\"contentUrl\":\"https:\\\/\\\/medtest.stagingservers.net\\\/wp-content\\\/uploads\\\/2019\\\/06\\\/Klam-Gon.png\",\"width\":1200,\"height\":897},{\"@type\":\"BreadcrumbList\",\"@id\":\"https:\\\/\\\/medtest.stagingservers.net\\\/sv\\\/produkt\\\/klamydiatest\\\/#breadcrumb\",\"itemListElement\":[{\"@type\":\"ListItem\",\"position\":1,\"name\":\"Home\",\"item\":\"https:\\\/\\\/medtest.stagingservers.net\\\/sv\\\/\"},{\"@type\":\"ListItem\",\"position\":2,\"name\":\"Shop\",\"item\":\"https:\\\/\\\/medtest.stagingservers.net\\\/home-shop\\\/\"},{\"@type\":\"ListItem\",\"position\":3,\"name\":\"Klamydiatest\"}]},{\"@type\":\"WebSite\",\"@id\":\"https:\\\/\\\/medtest.stagingservers.net\\\/sv\\\/#website\",\"url\":\"https:\\\/\\\/medtest.stagingservers.net\\\/sv\\\/\",\"name\":\"Medtest\",\"description\":\"\",\"publisher\":{\"@id\":\"https:\\\/\\\/medtest.stagingservers.net\\\/sv\\\/#organization\"},\"potentialAction\":[{\"@type\":\"SearchAction\",\"target\":{\"@type\":\"EntryPoint\",\"urlTemplate\":\"https:\\\/\\\/medtest.stagingservers.net\\\/sv\\\/?s={search_term_string}\"},\"query-input\":{\"@type\":\"PropertyValueSpecification\",\"valueRequired\":true,\"valueName\":\"search_term_string\"}}],\"inLanguage\":\"sv-SE\"},{\"@type\":\"Organization\",\"@id\":\"https:\\\/\\\/medtest.stagingservers.net\\\/sv\\\/#organization\",\"name\":\"Medtest\",\"url\":\"https:\\\/\\\/medtest.stagingservers.net\\\/sv\\\/\",\"logo\":{\"@type\":\"ImageObject\",\"inLanguage\":\"sv-SE\",\"@id\":\"https:\\\/\\\/medtest.stagingservers.net\\\/sv\\\/#\\\/schema\\\/logo\\\/image\\\/\",\"url\":\"https:\\\/\\\/medtest.stagingservers.net\\\/wp-content\\\/uploads\\\/2018\\\/11\\\/Original.png\",\"contentUrl\":\"https:\\\/\\\/medtest.stagingservers.net\\\/wp-content\\\/uploads\\\/2018\\\/11\\\/Original.png\",\"width\":1024,\"height\":1024,\"caption\":\"Medtest\"},\"image\":{\"@id\":\"https:\\\/\\\/medtest.stagingservers.net\\\/sv\\\/#\\\/schema\\\/logo\\\/image\\\/\"},\"sameAs\":[\"https:\\\/\\\/www.facebook.com\\\/Medtest-1440779469392476\\\/\"]}]}<\/script>","yoast_head_json":{"title":"Klamydiatest - Medtest - Klamydia snabbtest med svar inom 10 minuter","description":"Medtest Klamydiatest - Klamydiatest som detekterar bakterien Chlamydia Trachomatis. Test som ger resultat inom 10 minuter.","robots":{"index":"noindex","follow":"follow","max-snippet":"max-snippet:-1","max-image-preview":"max-image-preview:large","max-video-preview":"max-video-preview:-1"},"og_locale":"sv_SE","og_type":"article","og_title":"Klamydiatest - Medtest - Klamydia snabbtest med svar inom 10 minuter","og_description":"Medtest Klamydiatest - Klamydiatest som detekterar bakterien Chlamydia Trachomatis. Test som ger resultat inom 10 minuter.","og_url":"https:\/\/medtest.stagingservers.net\/sv\/produkt\/klamydiatest\/","og_site_name":"Medtest","article_publisher":"https:\/\/www.facebook.com\/Medtest-1440779469392476\/","article_modified_time":"2021-03-27T13:38:39+00:00","og_image":[{"width":1200,"height":897,"url":"https:\/\/medtest.stagingservers.net\/wp-content\/uploads\/2019\/06\/Klam-Gon.png","type":"image\/png"}],"twitter_card":"summary_large_image","schema":{"@context":"https:\/\/schema.org","@graph":[{"@type":"WebPage","@id":"https:\/\/medtest.stagingservers.net\/sv\/produkt\/klamydiatest\/","url":"https:\/\/medtest.stagingservers.net\/sv\/produkt\/klamydiatest\/","name":"Klamydiatest - Medtest - Klamydia snabbtest med svar inom 10 minuter","isPartOf":{"@id":"https:\/\/medtest.stagingservers.net\/sv\/#website"},"primaryImageOfPage":{"@id":"https:\/\/medtest.stagingservers.net\/sv\/produkt\/klamydiatest\/#primaryimage"},"image":{"@id":"https:\/\/medtest.stagingservers.net\/sv\/produkt\/klamydiatest\/#primaryimage"},"thumbnailUrl":"https:\/\/medtest.stagingservers.net\/wp-content\/uploads\/2019\/06\/Klam-Gon.png","datePublished":"2019-06-27T10:15:09+00:00","dateModified":"2021-03-27T13:38:39+00:00","description":"Medtest Klamydiatest - Klamydiatest som detekterar bakterien Chlamydia Trachomatis. Test som ger resultat inom 10 minuter.","breadcrumb":{"@id":"https:\/\/medtest.stagingservers.net\/sv\/produkt\/klamydiatest\/#breadcrumb"},"inLanguage":"sv-SE","potentialAction":[{"@type":"ReadAction","target":["https:\/\/medtest.stagingservers.net\/sv\/produkt\/klamydiatest\/"]}]},{"@type":"ImageObject","inLanguage":"sv-SE","@id":"https:\/\/medtest.stagingservers.net\/sv\/produkt\/klamydiatest\/#primaryimage","url":"https:\/\/medtest.stagingservers.net\/wp-content\/uploads\/2019\/06\/Klam-Gon.png","contentUrl":"https:\/\/medtest.stagingservers.net\/wp-content\/uploads\/2019\/06\/Klam-Gon.png","width":1200,"height":897},{"@type":"BreadcrumbList","@id":"https:\/\/medtest.stagingservers.net\/sv\/produkt\/klamydiatest\/#breadcrumb","itemListElement":[{"@type":"ListItem","position":1,"name":"Home","item":"https:\/\/medtest.stagingservers.net\/sv\/"},{"@type":"ListItem","position":2,"name":"Shop","item":"https:\/\/medtest.stagingservers.net\/home-shop\/"},{"@type":"ListItem","position":3,"name":"Klamydiatest"}]},{"@type":"WebSite","@id":"https:\/\/medtest.stagingservers.net\/sv\/#website","url":"https:\/\/medtest.stagingservers.net\/sv\/","name":"Medtest","description":"","publisher":{"@id":"https:\/\/medtest.stagingservers.net\/sv\/#organization"},"potentialAction":[{"@type":"SearchAction","target":{"@type":"EntryPoint","urlTemplate":"https:\/\/medtest.stagingservers.net\/sv\/?s={search_term_string}"},"query-input":{"@type":"PropertyValueSpecification","valueRequired":true,"valueName":"search_term_string"}}],"inLanguage":"sv-SE"},{"@type":"Organization","@id":"https:\/\/medtest.stagingservers.net\/sv\/#organization","name":"Medtest","url":"https:\/\/medtest.stagingservers.net\/sv\/","logo":{"@type":"ImageObject","inLanguage":"sv-SE","@id":"https:\/\/medtest.stagingservers.net\/sv\/#\/schema\/logo\/image\/","url":"https:\/\/medtest.stagingservers.net\/wp-content\/uploads\/2018\/11\/Original.png","contentUrl":"https:\/\/medtest.stagingservers.net\/wp-content\/uploads\/2018\/11\/Original.png","width":1024,"height":1024,"caption":"Medtest"},"image":{"@id":"https:\/\/medtest.stagingservers.net\/sv\/#\/schema\/logo\/image\/"},"sameAs":["https:\/\/www.facebook.com\/Medtest-1440779469392476\/"]}]}},"_links":{"self":[{"href":"https:\/\/medtest.stagingservers.net\/sv\/wp-json\/wp\/v2\/product\/67739","targetHints":{"allow":["GET"]}}],"collection":[{"href":"https:\/\/medtest.stagingservers.net\/sv\/wp-json\/wp\/v2\/product"}],"about":[{"href":"https:\/\/medtest.stagingservers.net\/sv\/wp-json\/wp\/v2\/types\/product"}],"replies":[{"embeddable":true,"href":"https:\/\/medtest.stagingservers.net\/sv\/wp-json\/wp\/v2\/comments?post=67739"}],"version-history":[{"count":3,"href":"https:\/\/medtest.stagingservers.net\/sv\/wp-json\/wp\/v2\/product\/67739\/revisions"}],"predecessor-version":[{"id":91956,"href":"https:\/\/medtest.stagingservers.net\/sv\/wp-json\/wp\/v2\/product\/67739\/revisions\/91956"}],"wp:featuredmedia":[{"embeddable":true,"href":"https:\/\/medtest.stagingservers.net\/sv\/wp-json\/wp\/v2\/media\/77753"}],"wp:attachment":[{"href":"https:\/\/medtest.stagingservers.net\/sv\/wp-json\/wp\/v2\/media?parent=67739"}],"wp:term":[{"taxonomy":"product_brand","embeddable":true,"href":"https:\/\/medtest.stagingservers.net\/sv\/wp-json\/wp\/v2\/product_brand?post=67739"},{"taxonomy":"product_cat","embeddable":true,"href":"https:\/\/medtest.stagingservers.net\/sv\/wp-json\/wp\/v2\/product_cat?post=67739"},{"taxonomy":"product_tag","embeddable":true,"href":"https:\/\/medtest.stagingservers.net\/sv\/wp-json\/wp\/v2\/product_tag?post=67739"}],"curies":[{"name":"wp","href":"https:\/\/api.w.org\/{rel}","templated":true}]}}