{"id":85157,"date":"2020-09-01T11:48:39","date_gmt":"2020-09-01T09:48:39","guid":{"rendered":"https:\/\/medtest.stagingservers.net\/?post_type=product&#038;p=85157"},"modified":"2020-10-31T15:24:46","modified_gmt":"2020-10-31T13:24:46","slug":"spermatest","status":"publish","type":"product","link":"https:\/\/medtest.stagingservers.net\/sv\/produkt\/spermatest\/","title":{"rendered":"Spermatest 2 st"},"content":{"rendered":"<h1 style=\"text-align: left;\"><strong>Spermatest 2 st<\/strong><\/h1>\n<p>Detta spermatest \u00e4r ett enkelt screeningtest som l\u00e4tt kan utf\u00f6ras i hemmet. Utf\u00f6rlig bruksanvisning p\u00e5 svenska medf\u00f6ljer. Inneh\u00e5ller 2 st kompletta test.<\/p>\n<p>Man r\u00e4knar med att cirka 20 % av alla m\u00e4n har l\u00e5g kvalitet p\u00e5 s\u00e4den. Ta reda p\u00e5 om l\u00e5g spermiekoncentration \u00e4r anledningen till att det inte blir n\u00e5gon graviditet f\u00f6r just dig. Testa dig med hj\u00e4lp av v\u00e5rt professionella spermatest.<\/p>\n<p>Spermatestet visar om mannen har en tillr\u00e4cklig m\u00e4ngd spermier per ml s\u00e4d. I huvudsak inneb\u00e4r detta att testet kommer att avg\u00f6ra om antalet spermier \u00e4r p\u00e5 en l\u00e4mplig niv\u00e5 f\u00f6r befruktning via samlag. Ett positivt resultat indikerar normal s\u00e4dkvalitet; ett negativt resultatet indikerar nedsatt s\u00e4dkvalitet.<\/p>\n<h2>F\u00f6rdelar med ett spermatest<\/h2>\n<p>Det finns m\u00e5nga viktiga f\u00f6rdelar med v\u00e5rt spermatest. En av de fr\u00e4msta \u00e4r att man med detta test snabbt kan f\u00e5 svar p\u00e5 om problemet ligger hos mannen varp\u00e5 man kan undvika andra on\u00f6diga tester. Andra viktiga f\u00f6rdelar med detta spermatest f\u00f6r hemmabruk \u00e4r:<\/p>\n<ul>\n<li>Det \u00e4r v\u00e4ldigt enkelt att utf\u00f6ra testet<\/li>\n<li>Du f\u00e5r svar snabbt<\/li>\n<li>Levereras i en diskret f\u00f6rpackning, 100% anonymt<\/li>\n<li>Testsvaret \u00e4r mycket korrekt och en god indikation om mannens f\u00f6rm\u00e5ga att g\u00f6ra en kvinna gravid<\/li>\n<\/ul>\n<p>Ist\u00e4llet f\u00f6r att boka tid p\u00e5 fertilitetsklinik med l\u00e5nga v\u00e4ntetider s\u00e5 testa sj\u00e4lv hemma. Du f\u00e5r d\u00e5 reda p\u00e5 om s\u00e4den h\u00e5ller den kvalitet som kr\u00e4vs f\u00f6r att det ska bli barn. Testet \u00e4r enkelt att utf\u00f6ra och tar cirka 15 minuter. Det ger svar p\u00e5 om mannens s\u00e4descellkoncentration ligger under, eller \u00f6ver, WHOs gr\u00e4ns p\u00e5 15 miljoner celler per milliliter. Testet har en noggrannhet p\u00e5 99.1%<\/p>\n<p>Spermakoncentrationen kan variera mellan de olika testtillf\u00e4llena. D\u00e4rf\u00f6r inneh\u00e5ller testet TV\u00c5 KOMPLETTA HEMMATEST f\u00f6r att h\u00f6gsta m\u00f6jliga tillf\u00f6rlitliga testresultat ska uppn\u00e5s.<\/p>\n<h2>Testets inneh\u00e5ll<\/h2>\n<ul>\n<li>Uppsamlingskoppar<\/li>\n<li>Fertilitets kassetter<\/li>\n<li>V\u00e4tska A &amp; B<\/li>\n<li>Pipetter<\/li>\n<li>Bruksanvisning<\/li>\n<\/ul>\n<p>&nbsp;<\/p>\n<p>Spermatestet finns p\u00e5 lager och om du best\u00e4ller f\u00f6re kl 15:00 s\u00e5 skickas det iv\u00e4g samma dag. Leveranstiden \u00e4r endast 1-2 dagar.<\/p>\n<p>Vill du komplettera med fertilitetstest f\u00f6r henne har vi \u00e4ven <a href=\"https:\/\/medtest.stagingservers.net\/produkt\/agglossningstest-sticka-2\/\">\u00e4gglossningstest<\/a> och<a href=\"https:\/\/medtest.stagingservers.net\/produkt\/graviditetstest-sticka-5-pack\/\"> graviditetstest<\/a>.<\/p>\n","protected":false},"excerpt":{"rendered":"<ul>\n<li>Testa dig hemma helt anonymt<\/li>\n<li>M\u00e4ter spermakoncentration<\/li>\n<li>Visar om koncentrationen \u00e4r under 5 miljoner eller under\/\u00f6ver 15 miljoner\/ml<\/li>\n<li>Svar inom 15 minuter<\/li>\n<li>Testet har en noggrannhet p\u00e5 99.1%<\/li>\n<li>Enkel bruksanvisning p\u00e5 svenska och engelska<\/li>\n<li>Diskret leverans<\/li>\n<li>CE m\u00e4rkt produkt f\u00f6r hemmabruk<\/li>\n<\/ul>\n","protected":false},"featured_media":85377,"comment_status":"closed","ping_status":"closed","template":"","meta":{"_acf_changed":false,"footnotes":""},"product_brand":[],"product_cat":[1018],"product_tag":[],"class_list":{"0":"post-85157","1":"product","2":"type-product","3":"status-publish","4":"has-post-thumbnail","6":"product_cat-spermatest","8":"first","9":"instock","10":"taxable","11":"shipping-taxable","12":"purchasable","13":"product-type-simple"},"acf":[],"yoast_head":"<title>Spermatest 2 st - Ta reda p\u00e5 hur fertil du \u00e4r - M\u00e4t antalet spermier - Medtest<\/title>\n<meta name=\"description\" content=\"Spermatest 2 st - 50 % av alla problem med fertilitet beror p\u00e5 mannen. Med v\u00e5rt spermatest kan du m\u00e4ta din spermiekoncentration hemma i lugn och ro. 100% anonymt\" \/>\n<meta name=\"robots\" content=\"noindex, follow, max-snippet:-1, max-image-preview:large, max-video-preview:-1\" \/>\n<meta property=\"og:locale\" content=\"sv_SE\" \/>\n<meta property=\"og:type\" content=\"article\" \/>\n<meta property=\"og:title\" content=\"Spermatest 2 st - Ta reda p\u00e5 hur fertil du \u00e4r - M\u00e4t antalet spermier - Medtest\" \/>\n<meta property=\"og:description\" content=\"Spermatest 2 st - 50 % av alla problem med fertilitet beror p\u00e5 mannen. Med v\u00e5rt spermatest kan du m\u00e4ta din spermiekoncentration hemma i lugn och ro. 100% anonymt\" \/>\n<meta property=\"og:url\" content=\"https:\/\/medtest.stagingservers.net\/sv\/produkt\/spermatest\/\" \/>\n<meta property=\"og:site_name\" content=\"Medtest\" \/>\n<meta property=\"article:publisher\" content=\"https:\/\/www.facebook.com\/Medtest-1440779469392476\/\" \/>\n<meta property=\"article:modified_time\" content=\"2020-10-31T13:24:46+00:00\" \/>\n<meta property=\"og:image\" content=\"https:\/\/medtest.stagingservers.net\/wp-content\/uploads\/2020\/09\/Sperm-Bild.png\" \/>\n\t<meta property=\"og:image:width\" content=\"1006\" \/>\n\t<meta property=\"og:image:height\" content=\"1000\" \/>\n\t<meta property=\"og:image:type\" content=\"image\/png\" \/>\n<meta name=\"twitter:card\" content=\"summary_large_image\" \/>\n<script type=\"application\/ld+json\" class=\"yoast-schema-graph\">{\"@context\":\"https:\\\/\\\/schema.org\",\"@graph\":[{\"@type\":\"WebPage\",\"@id\":\"https:\\\/\\\/medtest.stagingservers.net\\\/sv\\\/produkt\\\/spermatest\\\/\",\"url\":\"https:\\\/\\\/medtest.stagingservers.net\\\/sv\\\/produkt\\\/spermatest\\\/\",\"name\":\"Spermatest 2 st - Ta reda p\u00e5 hur fertil du \u00e4r - M\u00e4t antalet spermier - Medtest\",\"isPartOf\":{\"@id\":\"https:\\\/\\\/medtest.stagingservers.net\\\/sv\\\/#website\"},\"primaryImageOfPage\":{\"@id\":\"https:\\\/\\\/medtest.stagingservers.net\\\/sv\\\/produkt\\\/spermatest\\\/#primaryimage\"},\"image\":{\"@id\":\"https:\\\/\\\/medtest.stagingservers.net\\\/sv\\\/produkt\\\/spermatest\\\/#primaryimage\"},\"thumbnailUrl\":\"https:\\\/\\\/medtest.stagingservers.net\\\/wp-content\\\/uploads\\\/2020\\\/09\\\/Sperm-Bild.png\",\"datePublished\":\"2020-09-01T09:48:39+00:00\",\"dateModified\":\"2020-10-31T13:24:46+00:00\",\"description\":\"Spermatest 2 st - 50 % av alla problem med fertilitet beror p\u00e5 mannen. Med v\u00e5rt spermatest kan du m\u00e4ta din spermiekoncentration hemma i lugn och ro. 100% anonymt\",\"breadcrumb\":{\"@id\":\"https:\\\/\\\/medtest.stagingservers.net\\\/sv\\\/produkt\\\/spermatest\\\/#breadcrumb\"},\"inLanguage\":\"sv-SE\",\"potentialAction\":[{\"@type\":\"ReadAction\",\"target\":[\"https:\\\/\\\/medtest.stagingservers.net\\\/sv\\\/produkt\\\/spermatest\\\/\"]}]},{\"@type\":\"ImageObject\",\"inLanguage\":\"sv-SE\",\"@id\":\"https:\\\/\\\/medtest.stagingservers.net\\\/sv\\\/produkt\\\/spermatest\\\/#primaryimage\",\"url\":\"https:\\\/\\\/medtest.stagingservers.net\\\/wp-content\\\/uploads\\\/2020\\\/09\\\/Sperm-Bild.png\",\"contentUrl\":\"https:\\\/\\\/medtest.stagingservers.net\\\/wp-content\\\/uploads\\\/2020\\\/09\\\/Sperm-Bild.png\",\"width\":1006,\"height\":1000,\"caption\":\"Spermatest.\"},{\"@type\":\"BreadcrumbList\",\"@id\":\"https:\\\/\\\/medtest.stagingservers.net\\\/sv\\\/produkt\\\/spermatest\\\/#breadcrumb\",\"itemListElement\":[{\"@type\":\"ListItem\",\"position\":1,\"name\":\"Home\",\"item\":\"https:\\\/\\\/medtest.stagingservers.net\\\/sv\\\/\"},{\"@type\":\"ListItem\",\"position\":2,\"name\":\"Shop\",\"item\":\"https:\\\/\\\/medtest.stagingservers.net\\\/home-shop\\\/\"},{\"@type\":\"ListItem\",\"position\":3,\"name\":\"Spermatest 2 st\"}]},{\"@type\":\"WebSite\",\"@id\":\"https:\\\/\\\/medtest.stagingservers.net\\\/sv\\\/#website\",\"url\":\"https:\\\/\\\/medtest.stagingservers.net\\\/sv\\\/\",\"name\":\"Medtest\",\"description\":\"\",\"publisher\":{\"@id\":\"https:\\\/\\\/medtest.stagingservers.net\\\/sv\\\/#organization\"},\"potentialAction\":[{\"@type\":\"SearchAction\",\"target\":{\"@type\":\"EntryPoint\",\"urlTemplate\":\"https:\\\/\\\/medtest.stagingservers.net\\\/sv\\\/?s={search_term_string}\"},\"query-input\":{\"@type\":\"PropertyValueSpecification\",\"valueRequired\":true,\"valueName\":\"search_term_string\"}}],\"inLanguage\":\"sv-SE\"},{\"@type\":\"Organization\",\"@id\":\"https:\\\/\\\/medtest.stagingservers.net\\\/sv\\\/#organization\",\"name\":\"Medtest\",\"url\":\"https:\\\/\\\/medtest.stagingservers.net\\\/sv\\\/\",\"logo\":{\"@type\":\"ImageObject\",\"inLanguage\":\"sv-SE\",\"@id\":\"https:\\\/\\\/medtest.stagingservers.net\\\/sv\\\/#\\\/schema\\\/logo\\\/image\\\/\",\"url\":\"https:\\\/\\\/medtest.stagingservers.net\\\/wp-content\\\/uploads\\\/2018\\\/11\\\/Original.png\",\"contentUrl\":\"https:\\\/\\\/medtest.stagingservers.net\\\/wp-content\\\/uploads\\\/2018\\\/11\\\/Original.png\",\"width\":1024,\"height\":1024,\"caption\":\"Medtest\"},\"image\":{\"@id\":\"https:\\\/\\\/medtest.stagingservers.net\\\/sv\\\/#\\\/schema\\\/logo\\\/image\\\/\"},\"sameAs\":[\"https:\\\/\\\/www.facebook.com\\\/Medtest-1440779469392476\\\/\"]}]}<\/script>","yoast_head_json":{"title":"Spermatest 2 st - Ta reda p\u00e5 hur fertil du \u00e4r - M\u00e4t antalet spermier - Medtest","description":"Spermatest 2 st - 50 % av alla problem med fertilitet beror p\u00e5 mannen. Med v\u00e5rt spermatest kan du m\u00e4ta din spermiekoncentration hemma i lugn och ro. 100% anonymt","robots":{"index":"noindex","follow":"follow","max-snippet":"max-snippet:-1","max-image-preview":"max-image-preview:large","max-video-preview":"max-video-preview:-1"},"og_locale":"sv_SE","og_type":"article","og_title":"Spermatest 2 st - Ta reda p\u00e5 hur fertil du \u00e4r - M\u00e4t antalet spermier - Medtest","og_description":"Spermatest 2 st - 50 % av alla problem med fertilitet beror p\u00e5 mannen. Med v\u00e5rt spermatest kan du m\u00e4ta din spermiekoncentration hemma i lugn och ro. 100% anonymt","og_url":"https:\/\/medtest.stagingservers.net\/sv\/produkt\/spermatest\/","og_site_name":"Medtest","article_publisher":"https:\/\/www.facebook.com\/Medtest-1440779469392476\/","article_modified_time":"2020-10-31T13:24:46+00:00","og_image":[{"width":1006,"height":1000,"url":"https:\/\/medtest.stagingservers.net\/wp-content\/uploads\/2020\/09\/Sperm-Bild.png","type":"image\/png"}],"twitter_card":"summary_large_image","schema":{"@context":"https:\/\/schema.org","@graph":[{"@type":"WebPage","@id":"https:\/\/medtest.stagingservers.net\/sv\/produkt\/spermatest\/","url":"https:\/\/medtest.stagingservers.net\/sv\/produkt\/spermatest\/","name":"Spermatest 2 st - Ta reda p\u00e5 hur fertil du \u00e4r - M\u00e4t antalet spermier - Medtest","isPartOf":{"@id":"https:\/\/medtest.stagingservers.net\/sv\/#website"},"primaryImageOfPage":{"@id":"https:\/\/medtest.stagingservers.net\/sv\/produkt\/spermatest\/#primaryimage"},"image":{"@id":"https:\/\/medtest.stagingservers.net\/sv\/produkt\/spermatest\/#primaryimage"},"thumbnailUrl":"https:\/\/medtest.stagingservers.net\/wp-content\/uploads\/2020\/09\/Sperm-Bild.png","datePublished":"2020-09-01T09:48:39+00:00","dateModified":"2020-10-31T13:24:46+00:00","description":"Spermatest 2 st - 50 % av alla problem med fertilitet beror p\u00e5 mannen. Med v\u00e5rt spermatest kan du m\u00e4ta din spermiekoncentration hemma i lugn och ro. 100% anonymt","breadcrumb":{"@id":"https:\/\/medtest.stagingservers.net\/sv\/produkt\/spermatest\/#breadcrumb"},"inLanguage":"sv-SE","potentialAction":[{"@type":"ReadAction","target":["https:\/\/medtest.stagingservers.net\/sv\/produkt\/spermatest\/"]}]},{"@type":"ImageObject","inLanguage":"sv-SE","@id":"https:\/\/medtest.stagingservers.net\/sv\/produkt\/spermatest\/#primaryimage","url":"https:\/\/medtest.stagingservers.net\/wp-content\/uploads\/2020\/09\/Sperm-Bild.png","contentUrl":"https:\/\/medtest.stagingservers.net\/wp-content\/uploads\/2020\/09\/Sperm-Bild.png","width":1006,"height":1000,"caption":"Spermatest."},{"@type":"BreadcrumbList","@id":"https:\/\/medtest.stagingservers.net\/sv\/produkt\/spermatest\/#breadcrumb","itemListElement":[{"@type":"ListItem","position":1,"name":"Home","item":"https:\/\/medtest.stagingservers.net\/sv\/"},{"@type":"ListItem","position":2,"name":"Shop","item":"https:\/\/medtest.stagingservers.net\/home-shop\/"},{"@type":"ListItem","position":3,"name":"Spermatest 2 st"}]},{"@type":"WebSite","@id":"https:\/\/medtest.stagingservers.net\/sv\/#website","url":"https:\/\/medtest.stagingservers.net\/sv\/","name":"Medtest","description":"","publisher":{"@id":"https:\/\/medtest.stagingservers.net\/sv\/#organization"},"potentialAction":[{"@type":"SearchAction","target":{"@type":"EntryPoint","urlTemplate":"https:\/\/medtest.stagingservers.net\/sv\/?s={search_term_string}"},"query-input":{"@type":"PropertyValueSpecification","valueRequired":true,"valueName":"search_term_string"}}],"inLanguage":"sv-SE"},{"@type":"Organization","@id":"https:\/\/medtest.stagingservers.net\/sv\/#organization","name":"Medtest","url":"https:\/\/medtest.stagingservers.net\/sv\/","logo":{"@type":"ImageObject","inLanguage":"sv-SE","@id":"https:\/\/medtest.stagingservers.net\/sv\/#\/schema\/logo\/image\/","url":"https:\/\/medtest.stagingservers.net\/wp-content\/uploads\/2018\/11\/Original.png","contentUrl":"https:\/\/medtest.stagingservers.net\/wp-content\/uploads\/2018\/11\/Original.png","width":1024,"height":1024,"caption":"Medtest"},"image":{"@id":"https:\/\/medtest.stagingservers.net\/sv\/#\/schema\/logo\/image\/"},"sameAs":["https:\/\/www.facebook.com\/Medtest-1440779469392476\/"]}]}},"_links":{"self":[{"href":"https:\/\/medtest.stagingservers.net\/sv\/wp-json\/wp\/v2\/product\/85157","targetHints":{"allow":["GET"]}}],"collection":[{"href":"https:\/\/medtest.stagingservers.net\/sv\/wp-json\/wp\/v2\/product"}],"about":[{"href":"https:\/\/medtest.stagingservers.net\/sv\/wp-json\/wp\/v2\/types\/product"}],"replies":[{"embeddable":true,"href":"https:\/\/medtest.stagingservers.net\/sv\/wp-json\/wp\/v2\/comments?post=85157"}],"version-history":[{"count":5,"href":"https:\/\/medtest.stagingservers.net\/sv\/wp-json\/wp\/v2\/product\/85157\/revisions"}],"predecessor-version":[{"id":87046,"href":"https:\/\/medtest.stagingservers.net\/sv\/wp-json\/wp\/v2\/product\/85157\/revisions\/87046"}],"wp:featuredmedia":[{"embeddable":true,"href":"https:\/\/medtest.stagingservers.net\/sv\/wp-json\/wp\/v2\/media\/85377"}],"wp:attachment":[{"href":"https:\/\/medtest.stagingservers.net\/sv\/wp-json\/wp\/v2\/media?parent=85157"}],"wp:term":[{"taxonomy":"product_brand","embeddable":true,"href":"https:\/\/medtest.stagingservers.net\/sv\/wp-json\/wp\/v2\/product_brand?post=85157"},{"taxonomy":"product_cat","embeddable":true,"href":"https:\/\/medtest.stagingservers.net\/sv\/wp-json\/wp\/v2\/product_cat?post=85157"},{"taxonomy":"product_tag","embeddable":true,"href":"https:\/\/medtest.stagingservers.net\/sv\/wp-json\/wp\/v2\/product_tag?post=85157"}],"curies":[{"name":"wp","href":"https:\/\/api.w.org\/{rel}","templated":true}]}}