{"id":86963,"date":"2020-10-30T12:36:49","date_gmt":"2020-10-30T10:36:49","guid":{"rendered":"https:\/\/medtest.stagingservers.net\/?post_type=product&#038;p=86963"},"modified":"2020-11-03T12:24:41","modified_gmt":"2020-11-03T10:24:41","slug":"tandsmycke-swarovski-aqua-marine","status":"publish","type":"product","link":"https:\/\/medtest.stagingservers.net\/sv\/produkt\/tandsmycke-swarovski-aqua-marine\/","title":{"rendered":"Tandsmycke-Swarovski-Aqua Marine"},"content":{"rendered":"<h1>Tandsmycke Swarovski kristall &#8211; Aqua Marine<\/h1>\n<p>Tandsmycke fr\u00e5n Swarovski \u00e4r sm\u00e5 kristaller (1,8 mm i diameter) som f\u00e4sts p\u00e5 tanden. Swarovski \u00e4r ber\u00f6mda f\u00f6r att kunna slipa glas s\u00e5 precist att kristallerna gnistrar som diamanter. Du best\u00e4mmer exakt var du vill ha dessa kristaller p\u00e5 tanden.<\/p>\n<p>Innan tandl\u00e4karen f\u00e4ster Swarovski kristallen p\u00e5 tanden poleras tandytan l\u00e4tt. Sedan l\u00e4ggs ett genomskinligt lim p\u00e5 tandytan som f\u00e4ster kristallen p\u00e5 tanden. Tandemaljen skadas inte med denna metod och du kommer inte att k\u00e4nna n\u00e5gon sm\u00e4rta. Vill du efter ett tag ta bort kristallen g\u00e5r det att g\u00f6ra utan problem.<\/p>\n<p>Ett tandsmycke \u00e4r med andra ord en enkel v\u00e4g till ett personligare och mer gnistrande leende.\u00a0 Du tar med smycket till din tandl\u00e4kare och ber dem f\u00e4sta det p\u00e5 den tand du \u00f6nskar.<\/p>\n<p>Ett tandsmycke kr\u00e4ver ingen speciell omv\u00e5rdnad och varken mer eller mindre tandv\u00e5rd \u00e4n\u00a0dina vanliga rutiner. Kristallen sitter vanligen fram tills dess att\u00a0du \u00f6nskar ta bort det, av en eller annan anledning och i samband med borttagandet beh\u00f6ver du aldrig vara orolig f\u00f6r att smycket ska l\u00e4mna sp\u00e5r p\u00e5 tandemaljen. Tv\u00e4rtom kommer tanden d\u00e5 att se precis som innan kristallen klistrades p\u00e5.<\/p>\n<ul>\n<li>De f\u00e4sts s\u00e4kert till din tand av en tandl\u00e4kare som anv\u00e4nder tandkomposit i en kontrollerad milj\u00f6 utan kontaminering.<\/li>\n<li>De skadar inte t\u00e4nderna.<\/li>\n<li>Vi anv\u00e4nder bara produkter som \u00e4r s\u00e4kra f\u00f6r dig och din mun.<\/li>\n<li>De kan h\u00e5lla s\u00e5 l\u00e4nge som en normal tandfyllning skulle g\u00f6ra.<\/li>\n<li>F\u00e4rg: Aqua Marine<\/li>\n<\/ul>\n<p><span id=\"ctl01_UC1002_customFields_ctl00_lbtillverkare\" class=\"customFieldLabel\">Kristallen tillverkas i Tyskland och h\u00e5ller h\u00f6gsta kvalitet. <\/span><\/p>\n<p><span id=\"ctl01_UC1002_customFields_ctl00_lbtillverkare\" class=\"customFieldLabel\">Tillverkare: <\/span><span id=\"ctl01_UC1002_customFields_ctl00_tillverkare\" class=\"customField\">Saremco AG<\/span><\/p>\n<p>Diameter\u00a0 \u00f8 1,8 mm<\/p>\n<p><em>Om du bor i Malm\u00f6 kontaktar du oss p\u00e5 order@medtest.shop f\u00f6r att boka in tid hos en tandl\u00e4kare. Vi har avtal med tv\u00e5 kliniker i Malm\u00f6 och kan p\u00e5 s\u00e5 vis erbjuda tj\u00e4nsten till en l\u00e5g kostnad. Tandl\u00e4karkliniken kontaktar d\u00e4refter dig f\u00f6r att boka en l\u00e4mplig tid. Tandl\u00e4karkostnad: 499 kr.<\/em><\/p>\n","protected":false},"excerpt":{"rendered":"<ul>\n<li>Swarowski tandsmycke 1,8 mm<\/li>\n<li>CE m\u00e4rkt<\/li>\n<li>Tillvekad i Tyskland<\/li>\n<li>Snabb leverans<\/li>\n<li>I lager<\/li>\n<\/ul>\n","protected":false},"featured_media":86967,"comment_status":"closed","ping_status":"closed","template":"","meta":{"_acf_changed":false,"footnotes":""},"product_brand":[],"product_cat":[1016],"product_tag":[],"class_list":{"0":"post-86963","1":"product","2":"type-product","3":"status-publish","4":"has-post-thumbnail","6":"product_cat-tandsmycke","8":"first","9":"instock","10":"taxable","11":"shipping-taxable","12":"purchasable","13":"product-type-simple"},"acf":[],"yoast_head":"<title>Tandsmycke-Swarovski-Aqua Marine - H\u00f6g kvalitet och snabb leverans -<\/title>\n<meta name=\"description\" content=\"Tandsmycke-Swarovski-Aqua Marine - Skapa ett personligt leende med en Swarovski kristall och le med extra glitter och glans. Skickas smma dag\" \/>\n<meta name=\"robots\" content=\"noindex, follow, max-snippet:-1, max-image-preview:large, max-video-preview:-1\" \/>\n<meta property=\"og:locale\" content=\"sv_SE\" \/>\n<meta property=\"og:type\" content=\"article\" \/>\n<meta property=\"og:title\" content=\"Tandsmycke-Swarovski-Aqua Marine - H\u00f6g kvalitet och snabb leverans -\" \/>\n<meta property=\"og:description\" content=\"Tandsmycke-Swarovski-Aqua Marine - Skapa ett personligt leende med en Swarovski kristall och le med extra glitter och glans. Skickas smma dag\" \/>\n<meta property=\"og:url\" content=\"https:\/\/medtest.stagingservers.net\/sv\/produkt\/tandsmycke-swarovski-aqua-marine\/\" \/>\n<meta property=\"og:site_name\" content=\"Medtest\" \/>\n<meta property=\"article:publisher\" content=\"https:\/\/www.facebook.com\/Medtest-1440779469392476\/\" \/>\n<meta property=\"article:modified_time\" content=\"2020-11-03T10:24:41+00:00\" \/>\n<meta property=\"og:image\" content=\"https:\/\/medtest.stagingservers.net\/wp-content\/uploads\/2020\/10\/Aquamarine.png\" \/>\n\t<meta property=\"og:image:width\" content=\"898\" \/>\n\t<meta property=\"og:image:height\" content=\"803\" \/>\n\t<meta property=\"og:image:type\" content=\"image\/png\" \/>\n<meta name=\"twitter:card\" content=\"summary_large_image\" \/>\n<script type=\"application\/ld+json\" class=\"yoast-schema-graph\">{\"@context\":\"https:\\\/\\\/schema.org\",\"@graph\":[{\"@type\":\"WebPage\",\"@id\":\"https:\\\/\\\/medtest.stagingservers.net\\\/sv\\\/produkt\\\/tandsmycke-swarovski-aqua-marine\\\/\",\"url\":\"https:\\\/\\\/medtest.stagingservers.net\\\/sv\\\/produkt\\\/tandsmycke-swarovski-aqua-marine\\\/\",\"name\":\"Tandsmycke-Swarovski-Aqua Marine - H\u00f6g kvalitet och snabb leverans -\",\"isPartOf\":{\"@id\":\"https:\\\/\\\/medtest.stagingservers.net\\\/sv\\\/#website\"},\"primaryImageOfPage\":{\"@id\":\"https:\\\/\\\/medtest.stagingservers.net\\\/sv\\\/produkt\\\/tandsmycke-swarovski-aqua-marine\\\/#primaryimage\"},\"image\":{\"@id\":\"https:\\\/\\\/medtest.stagingservers.net\\\/sv\\\/produkt\\\/tandsmycke-swarovski-aqua-marine\\\/#primaryimage\"},\"thumbnailUrl\":\"https:\\\/\\\/medtest.stagingservers.net\\\/wp-content\\\/uploads\\\/2020\\\/10\\\/Aquamarine.png\",\"datePublished\":\"2020-10-30T10:36:49+00:00\",\"dateModified\":\"2020-11-03T10:24:41+00:00\",\"description\":\"Tandsmycke-Swarovski-Aqua Marine - Skapa ett personligt leende med en Swarovski kristall och le med extra glitter och glans. Skickas smma dag\",\"breadcrumb\":{\"@id\":\"https:\\\/\\\/medtest.stagingservers.net\\\/sv\\\/produkt\\\/tandsmycke-swarovski-aqua-marine\\\/#breadcrumb\"},\"inLanguage\":\"sv-SE\",\"potentialAction\":[{\"@type\":\"ReadAction\",\"target\":[\"https:\\\/\\\/medtest.stagingservers.net\\\/sv\\\/produkt\\\/tandsmycke-swarovski-aqua-marine\\\/\"]}]},{\"@type\":\"ImageObject\",\"inLanguage\":\"sv-SE\",\"@id\":\"https:\\\/\\\/medtest.stagingservers.net\\\/sv\\\/produkt\\\/tandsmycke-swarovski-aqua-marine\\\/#primaryimage\",\"url\":\"https:\\\/\\\/medtest.stagingservers.net\\\/wp-content\\\/uploads\\\/2020\\\/10\\\/Aquamarine.png\",\"contentUrl\":\"https:\\\/\\\/medtest.stagingservers.net\\\/wp-content\\\/uploads\\\/2020\\\/10\\\/Aquamarine.png\",\"width\":898,\"height\":803,\"caption\":\"Swarovski aqua marine\"},{\"@type\":\"BreadcrumbList\",\"@id\":\"https:\\\/\\\/medtest.stagingservers.net\\\/sv\\\/produkt\\\/tandsmycke-swarovski-aqua-marine\\\/#breadcrumb\",\"itemListElement\":[{\"@type\":\"ListItem\",\"position\":1,\"name\":\"Home\",\"item\":\"https:\\\/\\\/medtest.stagingservers.net\\\/sv\\\/\"},{\"@type\":\"ListItem\",\"position\":2,\"name\":\"Shop\",\"item\":\"https:\\\/\\\/medtest.stagingservers.net\\\/home-shop\\\/\"},{\"@type\":\"ListItem\",\"position\":3,\"name\":\"Tandsmycke-Swarovski-Aqua Marine\"}]},{\"@type\":\"WebSite\",\"@id\":\"https:\\\/\\\/medtest.stagingservers.net\\\/sv\\\/#website\",\"url\":\"https:\\\/\\\/medtest.stagingservers.net\\\/sv\\\/\",\"name\":\"Medtest\",\"description\":\"\",\"publisher\":{\"@id\":\"https:\\\/\\\/medtest.stagingservers.net\\\/sv\\\/#organization\"},\"potentialAction\":[{\"@type\":\"SearchAction\",\"target\":{\"@type\":\"EntryPoint\",\"urlTemplate\":\"https:\\\/\\\/medtest.stagingservers.net\\\/sv\\\/?s={search_term_string}\"},\"query-input\":{\"@type\":\"PropertyValueSpecification\",\"valueRequired\":true,\"valueName\":\"search_term_string\"}}],\"inLanguage\":\"sv-SE\"},{\"@type\":\"Organization\",\"@id\":\"https:\\\/\\\/medtest.stagingservers.net\\\/sv\\\/#organization\",\"name\":\"Medtest\",\"url\":\"https:\\\/\\\/medtest.stagingservers.net\\\/sv\\\/\",\"logo\":{\"@type\":\"ImageObject\",\"inLanguage\":\"sv-SE\",\"@id\":\"https:\\\/\\\/medtest.stagingservers.net\\\/sv\\\/#\\\/schema\\\/logo\\\/image\\\/\",\"url\":\"https:\\\/\\\/medtest.stagingservers.net\\\/wp-content\\\/uploads\\\/2018\\\/11\\\/Original.png\",\"contentUrl\":\"https:\\\/\\\/medtest.stagingservers.net\\\/wp-content\\\/uploads\\\/2018\\\/11\\\/Original.png\",\"width\":1024,\"height\":1024,\"caption\":\"Medtest\"},\"image\":{\"@id\":\"https:\\\/\\\/medtest.stagingservers.net\\\/sv\\\/#\\\/schema\\\/logo\\\/image\\\/\"},\"sameAs\":[\"https:\\\/\\\/www.facebook.com\\\/Medtest-1440779469392476\\\/\"]}]}<\/script>","yoast_head_json":{"title":"Tandsmycke-Swarovski-Aqua Marine - H\u00f6g kvalitet och snabb leverans -","description":"Tandsmycke-Swarovski-Aqua Marine - Skapa ett personligt leende med en Swarovski kristall och le med extra glitter och glans. Skickas smma dag","robots":{"index":"noindex","follow":"follow","max-snippet":"max-snippet:-1","max-image-preview":"max-image-preview:large","max-video-preview":"max-video-preview:-1"},"og_locale":"sv_SE","og_type":"article","og_title":"Tandsmycke-Swarovski-Aqua Marine - H\u00f6g kvalitet och snabb leverans -","og_description":"Tandsmycke-Swarovski-Aqua Marine - Skapa ett personligt leende med en Swarovski kristall och le med extra glitter och glans. Skickas smma dag","og_url":"https:\/\/medtest.stagingservers.net\/sv\/produkt\/tandsmycke-swarovski-aqua-marine\/","og_site_name":"Medtest","article_publisher":"https:\/\/www.facebook.com\/Medtest-1440779469392476\/","article_modified_time":"2020-11-03T10:24:41+00:00","og_image":[{"width":898,"height":803,"url":"https:\/\/medtest.stagingservers.net\/wp-content\/uploads\/2020\/10\/Aquamarine.png","type":"image\/png"}],"twitter_card":"summary_large_image","schema":{"@context":"https:\/\/schema.org","@graph":[{"@type":"WebPage","@id":"https:\/\/medtest.stagingservers.net\/sv\/produkt\/tandsmycke-swarovski-aqua-marine\/","url":"https:\/\/medtest.stagingservers.net\/sv\/produkt\/tandsmycke-swarovski-aqua-marine\/","name":"Tandsmycke-Swarovski-Aqua Marine - H\u00f6g kvalitet och snabb leverans -","isPartOf":{"@id":"https:\/\/medtest.stagingservers.net\/sv\/#website"},"primaryImageOfPage":{"@id":"https:\/\/medtest.stagingservers.net\/sv\/produkt\/tandsmycke-swarovski-aqua-marine\/#primaryimage"},"image":{"@id":"https:\/\/medtest.stagingservers.net\/sv\/produkt\/tandsmycke-swarovski-aqua-marine\/#primaryimage"},"thumbnailUrl":"https:\/\/medtest.stagingservers.net\/wp-content\/uploads\/2020\/10\/Aquamarine.png","datePublished":"2020-10-30T10:36:49+00:00","dateModified":"2020-11-03T10:24:41+00:00","description":"Tandsmycke-Swarovski-Aqua Marine - Skapa ett personligt leende med en Swarovski kristall och le med extra glitter och glans. Skickas smma dag","breadcrumb":{"@id":"https:\/\/medtest.stagingservers.net\/sv\/produkt\/tandsmycke-swarovski-aqua-marine\/#breadcrumb"},"inLanguage":"sv-SE","potentialAction":[{"@type":"ReadAction","target":["https:\/\/medtest.stagingservers.net\/sv\/produkt\/tandsmycke-swarovski-aqua-marine\/"]}]},{"@type":"ImageObject","inLanguage":"sv-SE","@id":"https:\/\/medtest.stagingservers.net\/sv\/produkt\/tandsmycke-swarovski-aqua-marine\/#primaryimage","url":"https:\/\/medtest.stagingservers.net\/wp-content\/uploads\/2020\/10\/Aquamarine.png","contentUrl":"https:\/\/medtest.stagingservers.net\/wp-content\/uploads\/2020\/10\/Aquamarine.png","width":898,"height":803,"caption":"Swarovski aqua marine"},{"@type":"BreadcrumbList","@id":"https:\/\/medtest.stagingservers.net\/sv\/produkt\/tandsmycke-swarovski-aqua-marine\/#breadcrumb","itemListElement":[{"@type":"ListItem","position":1,"name":"Home","item":"https:\/\/medtest.stagingservers.net\/sv\/"},{"@type":"ListItem","position":2,"name":"Shop","item":"https:\/\/medtest.stagingservers.net\/home-shop\/"},{"@type":"ListItem","position":3,"name":"Tandsmycke-Swarovski-Aqua Marine"}]},{"@type":"WebSite","@id":"https:\/\/medtest.stagingservers.net\/sv\/#website","url":"https:\/\/medtest.stagingservers.net\/sv\/","name":"Medtest","description":"","publisher":{"@id":"https:\/\/medtest.stagingservers.net\/sv\/#organization"},"potentialAction":[{"@type":"SearchAction","target":{"@type":"EntryPoint","urlTemplate":"https:\/\/medtest.stagingservers.net\/sv\/?s={search_term_string}"},"query-input":{"@type":"PropertyValueSpecification","valueRequired":true,"valueName":"search_term_string"}}],"inLanguage":"sv-SE"},{"@type":"Organization","@id":"https:\/\/medtest.stagingservers.net\/sv\/#organization","name":"Medtest","url":"https:\/\/medtest.stagingservers.net\/sv\/","logo":{"@type":"ImageObject","inLanguage":"sv-SE","@id":"https:\/\/medtest.stagingservers.net\/sv\/#\/schema\/logo\/image\/","url":"https:\/\/medtest.stagingservers.net\/wp-content\/uploads\/2018\/11\/Original.png","contentUrl":"https:\/\/medtest.stagingservers.net\/wp-content\/uploads\/2018\/11\/Original.png","width":1024,"height":1024,"caption":"Medtest"},"image":{"@id":"https:\/\/medtest.stagingservers.net\/sv\/#\/schema\/logo\/image\/"},"sameAs":["https:\/\/www.facebook.com\/Medtest-1440779469392476\/"]}]}},"_links":{"self":[{"href":"https:\/\/medtest.stagingservers.net\/sv\/wp-json\/wp\/v2\/product\/86963","targetHints":{"allow":["GET"]}}],"collection":[{"href":"https:\/\/medtest.stagingservers.net\/sv\/wp-json\/wp\/v2\/product"}],"about":[{"href":"https:\/\/medtest.stagingservers.net\/sv\/wp-json\/wp\/v2\/types\/product"}],"replies":[{"embeddable":true,"href":"https:\/\/medtest.stagingservers.net\/sv\/wp-json\/wp\/v2\/comments?post=86963"}],"version-history":[{"count":2,"href":"https:\/\/medtest.stagingservers.net\/sv\/wp-json\/wp\/v2\/product\/86963\/revisions"}],"predecessor-version":[{"id":87141,"href":"https:\/\/medtest.stagingservers.net\/sv\/wp-json\/wp\/v2\/product\/86963\/revisions\/87141"}],"wp:featuredmedia":[{"embeddable":true,"href":"https:\/\/medtest.stagingservers.net\/sv\/wp-json\/wp\/v2\/media\/86967"}],"wp:attachment":[{"href":"https:\/\/medtest.stagingservers.net\/sv\/wp-json\/wp\/v2\/media?parent=86963"}],"wp:term":[{"taxonomy":"product_brand","embeddable":true,"href":"https:\/\/medtest.stagingservers.net\/sv\/wp-json\/wp\/v2\/product_brand?post=86963"},{"taxonomy":"product_cat","embeddable":true,"href":"https:\/\/medtest.stagingservers.net\/sv\/wp-json\/wp\/v2\/product_cat?post=86963"},{"taxonomy":"product_tag","embeddable":true,"href":"https:\/\/medtest.stagingservers.net\/sv\/wp-json\/wp\/v2\/product_tag?post=86963"}],"curies":[{"name":"wp","href":"https:\/\/api.w.org\/{rel}","templated":true}]}}