{"id":90524,"date":"2021-02-17T15:21:24","date_gmt":"2021-02-17T13:21:24","guid":{"rendered":"https:\/\/medtest.stagingservers.net\/?post_type=product&#038;p=90524"},"modified":"2021-05-05T12:00:31","modified_gmt":"2021-05-05T10:00:31","slug":"d-vitamintest","status":"publish","type":"product","link":"https:\/\/medtest.stagingservers.net\/sv\/produkt\/d-vitamintest\/","title":{"rendered":"D-vitamintest sj\u00e4lvtest"},"content":{"rendered":"<h1>D-vitamintest<\/h1>\n<p>Har du D-vitamin brist?<\/p>\n<p>Med detta sj\u00e4lvtest f\u00e5r du reda p\u00e5 om du lider av vitamin-D brist.\u00a0 D-vitamintestet markerar om dina niv\u00e5er av D-vitamin understiger 10 eller 30 ng\/ml. Testet ger resultat i form av tre niv\u00e5er:<\/p>\n<ol>\n<li><strong>Bristf\u00e4lliga<\/strong> niv\u00e5er av D-vitamin (0-10 ng\/ml)<\/li>\n<li><strong>Otillr\u00e4ckliga<\/strong> niv\u00e5er av D-vitamin (10-30 ng\/ml)<\/li>\n<li><strong>Tillr\u00e4ckliga<\/strong> niv\u00e5er av D-vitamin (30-100 ng\/ml)<\/li>\n<\/ol>\n<h4>Utf\u00f6rande<\/h4>\n<p>Testet g\u00f6r du genom ett enkelt och snabbt stick i fingret, d\u00e4refter droppas blodet i en testkassett. Tills\u00e4tt den medf\u00f6ljande utsp\u00e4dningsv\u00e4tskan och resultatet visas p\u00e5 n\u00e5gra minuter. Enkelt och mycket tillf\u00f6rlitligt test och du f\u00e5r svar direkt p\u00e5 om du har brist p\u00e5 D-vitamin. Sj\u00e4lvtestet \u00e4r CE m\u00e4rkt och svensk bruksanvisning medf\u00f6ljer testkittet.<\/p>\n<ol>\n<li>Reng\u00f6r ditt finger med alkohol reng\u00f6ringsservetten.<\/li>\n<li>Stick dig sedan i fingertoppen med lansetten<\/li>\n<li>Sug d\u00e4refter upp 2-3 droppar blod med pipetten.<\/li>\n<li>Droppa 1-2 droppar blod i testkasettens brunn (S).<\/li>\n<li>Droppa d\u00e4refter 1 droppe buffert.<\/li>\n<li>V\u00e4nta 5 minuter f\u00f6r att avl\u00e4sa resultatet.<\/li>\n<\/ol>\n<p><img loading=\"lazy\" decoding=\"async\" class=\"alignnone size-medium wp-image-55553\" src=\"https:\/\/medtest.stagingservers.net\/wp-content\/uploads\/2019\/03\/PSA-procedur-720x231.png\" alt=\"PSA procedur\" width=\"720\" height=\"231\" srcset=\"https:\/\/medtest.stagingservers.net\/wp-content\/uploads\/2019\/03\/PSA-procedur-720x231.png 720w, https:\/\/medtest.stagingservers.net\/wp-content\/uploads\/2019\/03\/PSA-procedur-1200x385.png 1200w, https:\/\/medtest.stagingservers.net\/wp-content\/uploads\/2019\/03\/PSA-procedur-768x246.png 768w, https:\/\/medtest.stagingservers.net\/wp-content\/uploads\/2019\/03\/PSA-procedur-416x134.png 416w, https:\/\/medtest.stagingservers.net\/wp-content\/uploads\/2019\/03\/PSA-procedur-300x96.png 300w, https:\/\/medtest.stagingservers.net\/wp-content\/uploads\/2019\/03\/PSA-procedur-1024x329.png 1024w, https:\/\/medtest.stagingservers.net\/wp-content\/uploads\/2019\/03\/PSA-procedur.png 1455w\" sizes=\"auto, (max-width: 720px) 100vw, 720px\" \/><\/p>\n<p>&nbsp;<\/p>\n<h4>Hur fungerar v\u00e5rt D-vitamintest?<\/h4>\n<p>Testet analyserar 25-OH Vitamin D som \u00e4r den viktigaste lagringsformen av vitamin D i kroppen. D\u00e4rf\u00f6r kan den totala statusen f\u00f6r vitamin D best\u00e4mmas genom att<br \/>\ndetektera detta inneh\u00e5ll. Vid niv\u00e5er mindre \u00e4n 30 ng \/ ml indikeras D-vitaminbrist eller -otillr\u00e4ckligt. D-vitamintillskott kan rekommenderas i dessa fall.<\/p>\n<h4>Ska era sj\u00e4lvtester anv\u00e4ndas f\u00f6r att st\u00e4lla diagnos?<\/h4>\n<p>Nej. V\u00e5ra tester anv\u00e4nds inte f\u00f6r att st\u00e4lla diagnos, de anv\u00e4nds f\u00f6r att ge en indikation. Det \u00e4r alltid l\u00e4kare som st\u00e4ller diagnos, detta g\u00f6rs ofta efter diverse prover samt kliniska unders\u00f6kningar.<\/p>\n<h4>Varf\u00f6r ska jag testa f\u00f6r D-vitamin?<\/h4>\n<p>D-vitaminets koppling till bensk\u00f6rhet beror p\u00e5 att det beh\u00f6vs f\u00f6r att vi ska kunna ta upp kalcium i tarmen, vilket kanske inte \u00e4r n\u00e5got nytt f\u00f6r gemene man. Idag finns det ocks\u00e5 forskning som tyder p\u00e5 att D-vitaminbrist kan bidra till en m\u00e4ngd andra sjukdomar. Kopplingar har hittats till flera olika cancerformer, d\u00e4r de mest intressanta \u00e4r br\u00f6stcancer, prostatacancer, tjocktarmscancer och \u00e4ggstockscancer. Men det finns \u00e4ven resultat som tyder p\u00e5 kopplingar till bland annat diabetes, MS, och olika infektionssjukdomar.<\/p>\n","protected":false},"excerpt":{"rendered":"<p>Har du brist p\u00e5 D-vitamin?<\/p>\n<ul>\n<li>Testa hemma<\/li>\n<li>Svar p\u00e5 10 minuter<\/li>\n<li>Skickas samma dag<\/li>\n<li>Direkt i brevl\u00e5dan<\/li>\n<li>CE-m\u00e4rkt produkt<\/li>\n<\/ul>\n","protected":false},"featured_media":90551,"comment_status":"closed","ping_status":"closed","template":"","meta":{"_acf_changed":false,"footnotes":""},"product_brand":[],"product_cat":[1030],"product_tag":[],"class_list":{"0":"post-90524","1":"product","2":"type-product","3":"status-publish","4":"has-post-thumbnail","6":"product_cat-d-vitamin-test","8":"first","9":"instock","10":"taxable","11":"shipping-taxable","12":"purchasable","13":"product-type-simple"},"acf":[],"yoast_head":"<title>D-vitamintest sj\u00e4lvtest - Har du D-vitaminbrist? Best\u00e4ll sj\u00e4lvtest idag.<\/title>\n<meta name=\"description\" content=\"Har du brist p\u00e5 D-vitamin? Med ett enkelt stick i fingret f\u00e5r du svar med v\u00e5rt d-vitamintest Medtest - D-vitamintest sj\u00e4lvtest\" \/>\n<meta name=\"robots\" content=\"noindex, follow, max-snippet:-1, max-image-preview:large, max-video-preview:-1\" \/>\n<meta property=\"og:locale\" content=\"sv_SE\" \/>\n<meta property=\"og:type\" content=\"article\" \/>\n<meta property=\"og:title\" content=\"D-vitamintest sj\u00e4lvtest - Har du D-vitaminbrist? Best\u00e4ll sj\u00e4lvtest idag.\" \/>\n<meta property=\"og:description\" content=\"Har du brist p\u00e5 D-vitamin? Med ett enkelt stick i fingret f\u00e5r du svar med v\u00e5rt d-vitamintest Medtest - D-vitamintest sj\u00e4lvtest\" \/>\n<meta property=\"og:url\" content=\"https:\/\/medtest.stagingservers.net\/sv\/produkt\/d-vitamintest\/\" \/>\n<meta property=\"og:site_name\" content=\"Medtest\" \/>\n<meta property=\"article:publisher\" content=\"https:\/\/www.facebook.com\/Medtest-1440779469392476\/\" \/>\n<meta property=\"article:modified_time\" content=\"2021-05-05T10:00:31+00:00\" \/>\n<meta property=\"og:image\" content=\"https:\/\/medtest.stagingservers.net\/wp-content\/uploads\/2021\/02\/D-vitamin-SWE.jpg\" \/>\n\t<meta property=\"og:image:width\" content=\"766\" \/>\n\t<meta property=\"og:image:height\" content=\"542\" \/>\n\t<meta property=\"og:image:type\" content=\"image\/jpeg\" \/>\n<meta name=\"twitter:card\" content=\"summary_large_image\" \/>\n<script type=\"application\/ld+json\" class=\"yoast-schema-graph\">{\"@context\":\"https:\\\/\\\/schema.org\",\"@graph\":[{\"@type\":\"WebPage\",\"@id\":\"https:\\\/\\\/medtest.stagingservers.net\\\/sv\\\/produkt\\\/d-vitamintest\\\/\",\"url\":\"https:\\\/\\\/medtest.stagingservers.net\\\/sv\\\/produkt\\\/d-vitamintest\\\/\",\"name\":\"D-vitamintest sj\u00e4lvtest - Har du D-vitaminbrist? Best\u00e4ll sj\u00e4lvtest idag.\",\"isPartOf\":{\"@id\":\"https:\\\/\\\/medtest.stagingservers.net\\\/sv\\\/#website\"},\"primaryImageOfPage\":{\"@id\":\"https:\\\/\\\/medtest.stagingservers.net\\\/sv\\\/produkt\\\/d-vitamintest\\\/#primaryimage\"},\"image\":{\"@id\":\"https:\\\/\\\/medtest.stagingservers.net\\\/sv\\\/produkt\\\/d-vitamintest\\\/#primaryimage\"},\"thumbnailUrl\":\"https:\\\/\\\/medtest.stagingservers.net\\\/wp-content\\\/uploads\\\/2021\\\/02\\\/D-vitamin-SWE.jpg\",\"datePublished\":\"2021-02-17T13:21:24+00:00\",\"dateModified\":\"2021-05-05T10:00:31+00:00\",\"description\":\"Har du brist p\u00e5 D-vitamin? Med ett enkelt stick i fingret f\u00e5r du svar med v\u00e5rt d-vitamintest Medtest - D-vitamintest sj\u00e4lvtest\",\"breadcrumb\":{\"@id\":\"https:\\\/\\\/medtest.stagingservers.net\\\/sv\\\/produkt\\\/d-vitamintest\\\/#breadcrumb\"},\"inLanguage\":\"sv-SE\",\"potentialAction\":[{\"@type\":\"ReadAction\",\"target\":[\"https:\\\/\\\/medtest.stagingservers.net\\\/sv\\\/produkt\\\/d-vitamintest\\\/\"]}]},{\"@type\":\"ImageObject\",\"inLanguage\":\"sv-SE\",\"@id\":\"https:\\\/\\\/medtest.stagingservers.net\\\/sv\\\/produkt\\\/d-vitamintest\\\/#primaryimage\",\"url\":\"https:\\\/\\\/medtest.stagingservers.net\\\/wp-content\\\/uploads\\\/2021\\\/02\\\/D-vitamin-SWE.jpg\",\"contentUrl\":\"https:\\\/\\\/medtest.stagingservers.net\\\/wp-content\\\/uploads\\\/2021\\\/02\\\/D-vitamin-SWE.jpg\",\"width\":766,\"height\":542,\"caption\":\"d-vitamintest\"},{\"@type\":\"BreadcrumbList\",\"@id\":\"https:\\\/\\\/medtest.stagingservers.net\\\/sv\\\/produkt\\\/d-vitamintest\\\/#breadcrumb\",\"itemListElement\":[{\"@type\":\"ListItem\",\"position\":1,\"name\":\"Home\",\"item\":\"https:\\\/\\\/medtest.stagingservers.net\\\/sv\\\/\"},{\"@type\":\"ListItem\",\"position\":2,\"name\":\"Shop\",\"item\":\"https:\\\/\\\/medtest.stagingservers.net\\\/home-shop\\\/\"},{\"@type\":\"ListItem\",\"position\":3,\"name\":\"D-vitamintest sj\u00e4lvtest\"}]},{\"@type\":\"WebSite\",\"@id\":\"https:\\\/\\\/medtest.stagingservers.net\\\/sv\\\/#website\",\"url\":\"https:\\\/\\\/medtest.stagingservers.net\\\/sv\\\/\",\"name\":\"Medtest\",\"description\":\"\",\"publisher\":{\"@id\":\"https:\\\/\\\/medtest.stagingservers.net\\\/sv\\\/#organization\"},\"potentialAction\":[{\"@type\":\"SearchAction\",\"target\":{\"@type\":\"EntryPoint\",\"urlTemplate\":\"https:\\\/\\\/medtest.stagingservers.net\\\/sv\\\/?s={search_term_string}\"},\"query-input\":{\"@type\":\"PropertyValueSpecification\",\"valueRequired\":true,\"valueName\":\"search_term_string\"}}],\"inLanguage\":\"sv-SE\"},{\"@type\":\"Organization\",\"@id\":\"https:\\\/\\\/medtest.stagingservers.net\\\/sv\\\/#organization\",\"name\":\"Medtest\",\"url\":\"https:\\\/\\\/medtest.stagingservers.net\\\/sv\\\/\",\"logo\":{\"@type\":\"ImageObject\",\"inLanguage\":\"sv-SE\",\"@id\":\"https:\\\/\\\/medtest.stagingservers.net\\\/sv\\\/#\\\/schema\\\/logo\\\/image\\\/\",\"url\":\"https:\\\/\\\/medtest.stagingservers.net\\\/wp-content\\\/uploads\\\/2018\\\/11\\\/Original.png\",\"contentUrl\":\"https:\\\/\\\/medtest.stagingservers.net\\\/wp-content\\\/uploads\\\/2018\\\/11\\\/Original.png\",\"width\":1024,\"height\":1024,\"caption\":\"Medtest\"},\"image\":{\"@id\":\"https:\\\/\\\/medtest.stagingservers.net\\\/sv\\\/#\\\/schema\\\/logo\\\/image\\\/\"},\"sameAs\":[\"https:\\\/\\\/www.facebook.com\\\/Medtest-1440779469392476\\\/\"]}]}<\/script>","yoast_head_json":{"title":"D-vitamintest sj\u00e4lvtest - Har du D-vitaminbrist? Best\u00e4ll sj\u00e4lvtest idag.","description":"Har du brist p\u00e5 D-vitamin? Med ett enkelt stick i fingret f\u00e5r du svar med v\u00e5rt d-vitamintest Medtest - D-vitamintest sj\u00e4lvtest","robots":{"index":"noindex","follow":"follow","max-snippet":"max-snippet:-1","max-image-preview":"max-image-preview:large","max-video-preview":"max-video-preview:-1"},"og_locale":"sv_SE","og_type":"article","og_title":"D-vitamintest sj\u00e4lvtest - Har du D-vitaminbrist? Best\u00e4ll sj\u00e4lvtest idag.","og_description":"Har du brist p\u00e5 D-vitamin? Med ett enkelt stick i fingret f\u00e5r du svar med v\u00e5rt d-vitamintest Medtest - D-vitamintest sj\u00e4lvtest","og_url":"https:\/\/medtest.stagingservers.net\/sv\/produkt\/d-vitamintest\/","og_site_name":"Medtest","article_publisher":"https:\/\/www.facebook.com\/Medtest-1440779469392476\/","article_modified_time":"2021-05-05T10:00:31+00:00","og_image":[{"width":766,"height":542,"url":"https:\/\/medtest.stagingservers.net\/wp-content\/uploads\/2021\/02\/D-vitamin-SWE.jpg","type":"image\/jpeg"}],"twitter_card":"summary_large_image","schema":{"@context":"https:\/\/schema.org","@graph":[{"@type":"WebPage","@id":"https:\/\/medtest.stagingservers.net\/sv\/produkt\/d-vitamintest\/","url":"https:\/\/medtest.stagingservers.net\/sv\/produkt\/d-vitamintest\/","name":"D-vitamintest sj\u00e4lvtest - Har du D-vitaminbrist? Best\u00e4ll sj\u00e4lvtest idag.","isPartOf":{"@id":"https:\/\/medtest.stagingservers.net\/sv\/#website"},"primaryImageOfPage":{"@id":"https:\/\/medtest.stagingservers.net\/sv\/produkt\/d-vitamintest\/#primaryimage"},"image":{"@id":"https:\/\/medtest.stagingservers.net\/sv\/produkt\/d-vitamintest\/#primaryimage"},"thumbnailUrl":"https:\/\/medtest.stagingservers.net\/wp-content\/uploads\/2021\/02\/D-vitamin-SWE.jpg","datePublished":"2021-02-17T13:21:24+00:00","dateModified":"2021-05-05T10:00:31+00:00","description":"Har du brist p\u00e5 D-vitamin? Med ett enkelt stick i fingret f\u00e5r du svar med v\u00e5rt d-vitamintest Medtest - D-vitamintest sj\u00e4lvtest","breadcrumb":{"@id":"https:\/\/medtest.stagingservers.net\/sv\/produkt\/d-vitamintest\/#breadcrumb"},"inLanguage":"sv-SE","potentialAction":[{"@type":"ReadAction","target":["https:\/\/medtest.stagingservers.net\/sv\/produkt\/d-vitamintest\/"]}]},{"@type":"ImageObject","inLanguage":"sv-SE","@id":"https:\/\/medtest.stagingservers.net\/sv\/produkt\/d-vitamintest\/#primaryimage","url":"https:\/\/medtest.stagingservers.net\/wp-content\/uploads\/2021\/02\/D-vitamin-SWE.jpg","contentUrl":"https:\/\/medtest.stagingservers.net\/wp-content\/uploads\/2021\/02\/D-vitamin-SWE.jpg","width":766,"height":542,"caption":"d-vitamintest"},{"@type":"BreadcrumbList","@id":"https:\/\/medtest.stagingservers.net\/sv\/produkt\/d-vitamintest\/#breadcrumb","itemListElement":[{"@type":"ListItem","position":1,"name":"Home","item":"https:\/\/medtest.stagingservers.net\/sv\/"},{"@type":"ListItem","position":2,"name":"Shop","item":"https:\/\/medtest.stagingservers.net\/home-shop\/"},{"@type":"ListItem","position":3,"name":"D-vitamintest sj\u00e4lvtest"}]},{"@type":"WebSite","@id":"https:\/\/medtest.stagingservers.net\/sv\/#website","url":"https:\/\/medtest.stagingservers.net\/sv\/","name":"Medtest","description":"","publisher":{"@id":"https:\/\/medtest.stagingservers.net\/sv\/#organization"},"potentialAction":[{"@type":"SearchAction","target":{"@type":"EntryPoint","urlTemplate":"https:\/\/medtest.stagingservers.net\/sv\/?s={search_term_string}"},"query-input":{"@type":"PropertyValueSpecification","valueRequired":true,"valueName":"search_term_string"}}],"inLanguage":"sv-SE"},{"@type":"Organization","@id":"https:\/\/medtest.stagingservers.net\/sv\/#organization","name":"Medtest","url":"https:\/\/medtest.stagingservers.net\/sv\/","logo":{"@type":"ImageObject","inLanguage":"sv-SE","@id":"https:\/\/medtest.stagingservers.net\/sv\/#\/schema\/logo\/image\/","url":"https:\/\/medtest.stagingservers.net\/wp-content\/uploads\/2018\/11\/Original.png","contentUrl":"https:\/\/medtest.stagingservers.net\/wp-content\/uploads\/2018\/11\/Original.png","width":1024,"height":1024,"caption":"Medtest"},"image":{"@id":"https:\/\/medtest.stagingservers.net\/sv\/#\/schema\/logo\/image\/"},"sameAs":["https:\/\/www.facebook.com\/Medtest-1440779469392476\/"]}]}},"_links":{"self":[{"href":"https:\/\/medtest.stagingservers.net\/sv\/wp-json\/wp\/v2\/product\/90524","targetHints":{"allow":["GET"]}}],"collection":[{"href":"https:\/\/medtest.stagingservers.net\/sv\/wp-json\/wp\/v2\/product"}],"about":[{"href":"https:\/\/medtest.stagingservers.net\/sv\/wp-json\/wp\/v2\/types\/product"}],"replies":[{"embeddable":true,"href":"https:\/\/medtest.stagingservers.net\/sv\/wp-json\/wp\/v2\/comments?post=90524"}],"version-history":[{"count":12,"href":"https:\/\/medtest.stagingservers.net\/sv\/wp-json\/wp\/v2\/product\/90524\/revisions"}],"predecessor-version":[{"id":90829,"href":"https:\/\/medtest.stagingservers.net\/sv\/wp-json\/wp\/v2\/product\/90524\/revisions\/90829"}],"wp:featuredmedia":[{"embeddable":true,"href":"https:\/\/medtest.stagingservers.net\/sv\/wp-json\/wp\/v2\/media\/90551"}],"wp:attachment":[{"href":"https:\/\/medtest.stagingservers.net\/sv\/wp-json\/wp\/v2\/media?parent=90524"}],"wp:term":[{"taxonomy":"product_brand","embeddable":true,"href":"https:\/\/medtest.stagingservers.net\/sv\/wp-json\/wp\/v2\/product_brand?post=90524"},{"taxonomy":"product_cat","embeddable":true,"href":"https:\/\/medtest.stagingservers.net\/sv\/wp-json\/wp\/v2\/product_cat?post=90524"},{"taxonomy":"product_tag","embeddable":true,"href":"https:\/\/medtest.stagingservers.net\/sv\/wp-json\/wp\/v2\/product_tag?post=90524"}],"curies":[{"name":"wp","href":"https:\/\/api.w.org\/{rel}","templated":true}]}}